{"id":38993,"date":"2022-10-03T15:57:59","date_gmt":"2022-10-03T15:57:59","guid":{"rendered":"https:\/\/mavideniz.com.tr\/?page_id=38993"},"modified":"2022-10-03T15:58:03","modified_gmt":"2022-10-03T15:58:03","slug":"devenir-revendeur-ou-distributeur-mavi-deniz","status":"publish","type":"page","link":"https:\/\/mavideniz.com.tr\/fr\/a-propos-de-nous\/devenir-revendeur-ou-distributeur-mavi-deniz\/","title":{"rendered":"Devenir revendeur ou distributeur MAVI DENIZ"},"content":{"rendered":"<div id=\"mapsvg-23840\" data-id=\"23840\" class=\"mapsvg\" data-autoload=\"true\" data-load-db=\"true\" data-loading-text=\"Loading map...\" style=\"width: 100%; height: 0; padding-bottom: 48.25%\"><\/div>\n<p>En tant que CONCESSIONNAIRE ou DISTRIBUTEUR Mavi Deniz, vous placerez votre nom commercial \u00e0 c\u00f4t\u00e9 d&rsquo;un leader mondial. Mavi Deniz a constamment fait progresser la norme en mati\u00e8re de produits, de machines, d&rsquo;\u00e9quipement et de navires d&rsquo;intervention en cas de pollution.<\/p>\n<p>Depuis 1993, Mavi Deniz a travaill\u00e9 avec plus de 85 pays. Avec le soutien de nos partenaires et repr\u00e9sentants mondiaux.<\/p>\n<p>SI VOUS \u00caTES INT\u00c9RESS\u00c9 \u00c0 DEVENIR UN CONCESSIONNAIRE \/ DISTRIBUTEUR INTERNATIONAL MAVI DENIZ<\/p>\n<p><strong>Veuillez envoyer les informations \u00e0 : erdinc@mavideniz.com.tr pour toutes les demandes de revendeurs\/distributeurs ou remplir le formulaire<\/strong><\/p>\n<p><strong>Les coordonn\u00e9es doivent inclure :<\/strong><\/p>\n<ul>\n<li>Nom complet<\/li>\n<li>Nom de l&rsquo;entreprise<\/li>\n<li>Adresse physique ou adresse postale<\/li>\n<li>Num\u00e9ro de t\u00e9l\u00e9phone<\/li>\n<li>Adresse \u00e9lectronique<\/li>\n<li>Produits int\u00e9ress\u00e9s par la vente<\/li>\n<li>L&rsquo;endroit exact qui vous int\u00e9resse (y compris le nom du comt\u00e9).<\/li>\n<li>Parlez-nous de votre exp\u00e9rience et de vos comp\u00e9tences en affaires, et indiquez-nous si vous poss\u00e9dez et exploitez d\u00e9j\u00e0 une entreprise.<\/li>\n<\/ul>\n<p>Contactez-nous pour en savoir plus sur les op\u00e9rations dans le monde entier et discuter de l&rsquo;ad\u00e9quation de Mavideniz \u00e0 vos projets.<\/p>\n<form action=\"https:\/\/mavideniz.com.tr\/fr\/wp-json\/ws-form\/v1\/submit\" class=\"wsf-form wsf-form-canvas\" id=\"ws-form-1\" data-id=\"3\" method=\"POST\" data-instance-id=\"1\" data-wsf-style-id=\"1\"><\/form>\n","protected":false},"excerpt":{"rendered":"<p>En tant que CONCESSIONNAIRE ou DISTRIBUTEUR Mavi Deniz, vous placerez votre nom commercial \u00e0 c\u00f4t\u00e9 d&rsquo;un leader mondial. Mavi Deniz [&hellip;]<\/p>\n","protected":false},"author":1,"featured_media":0,"parent":38991,"menu_order":0,"comment_status":"closed","ping_status":"closed","template":"","meta":{"site-sidebar-layout":"default","site-content-layout":"","ast-site-content-layout":"default","site-content-style":"default","site-sidebar-style":"default","ast-global-header-display":"","ast-banner-title-visibility":"","ast-main-header-display":"","ast-hfb-above-header-display":"","ast-hfb-below-header-display":"","ast-hfb-mobile-header-display":"","site-post-title":"","ast-breadcrumbs-content":"","ast-featured-img":"","footer-sml-layout":"","ast-disable-related-posts":"","theme-transparent-header-meta":"","adv-header-id-meta":"","stick-header-meta":"","header-above-stick-meta":"","header-main-stick-meta":"","header-below-stick-meta":"","astra-migrate-meta-layouts":"default","ast-page-background-enabled":"default","ast-page-background-meta":{"desktop":{"background-color":"var(--ast-global-color-5)","background-image":"","background-repeat":"repeat","background-position":"center center","background-size":"auto","background-attachment":"scroll","background-type":"","background-media":"","overlay-type":"","overlay-color":"","overlay-opacity":"","overlay-gradient":""},"tablet":{"background-color":"","background-image":"","background-repeat":"repeat","background-position":"center center","background-size":"auto","background-attachment":"scroll","background-type":"","background-media":"","overlay-type":"","overlay-color":"","overlay-opacity":"","overlay-gradient":""},"mobile":{"background-color":"","background-image":"","background-repeat":"repeat","background-position":"center center","background-size":"auto","background-attachment":"scroll","background-type":"","background-media":"","overlay-type":"","overlay-color":"","overlay-opacity":"","overlay-gradient":""}},"ast-content-background-meta":{"desktop":{"background-color":"var(--ast-global-color-4)","background-image":"","background-repeat":"repeat","background-position":"center center","background-size":"auto","background-attachment":"scroll","background-type":"","background-media":"","overlay-type":"","overlay-color":"","overlay-opacity":"","overlay-gradient":""},"tablet":{"background-color":"var(--ast-global-color-4)","background-image":"","background-repeat":"repeat","background-position":"center center","background-size":"auto","background-attachment":"scroll","background-type":"","background-media":"","overlay-type":"","overlay-color":"","overlay-opacity":"","overlay-gradient":""},"mobile":{"background-color":"var(--ast-global-color-4)","background-image":"","background-repeat":"repeat","background-position":"center center","background-size":"auto","background-attachment":"scroll","background-type":"","background-media":"","overlay-type":"","overlay-color":"","overlay-opacity":"","overlay-gradient":""}},"footnotes":""},"class_list":["post-38993","page","type-page","status-publish","hentry"],"_links":{"self":[{"href":"https:\/\/mavideniz.com.tr\/fr\/wp-json\/wp\/v2\/pages\/38993","targetHints":{"allow":["GET"]}}],"collection":[{"href":"https:\/\/mavideniz.com.tr\/fr\/wp-json\/wp\/v2\/pages"}],"about":[{"href":"https:\/\/mavideniz.com.tr\/fr\/wp-json\/wp\/v2\/types\/page"}],"author":[{"embeddable":true,"href":"https:\/\/mavideniz.com.tr\/fr\/wp-json\/wp\/v2\/users\/1"}],"replies":[{"embeddable":true,"href":"https:\/\/mavideniz.com.tr\/fr\/wp-json\/wp\/v2\/comments?post=38993"}],"version-history":[{"count":0,"href":"https:\/\/mavideniz.com.tr\/fr\/wp-json\/wp\/v2\/pages\/38993\/revisions"}],"up":[{"embeddable":true,"href":"https:\/\/mavideniz.com.tr\/fr\/wp-json\/wp\/v2\/pages\/38991"}],"wp:attachment":[{"href":"https:\/\/mavideniz.com.tr\/fr\/wp-json\/wp\/v2\/media?parent=38993"}],"curies":[{"name":"wp","href":"https:\/\/api.w.org\/{rel}","templated":true}]}}