{"id":39000,"date":"2022-10-03T20:32:38","date_gmt":"2022-10-03T20:32:38","guid":{"rendered":"https:\/\/mavideniz.com.tr\/?page_id=39000"},"modified":"2022-10-03T20:32:42","modified_gmt":"2022-10-03T20:32:42","slug":"carrieres-chez-mavi-deniz","status":"publish","type":"page","link":"https:\/\/mavideniz.com.tr\/fr\/a-propos-de-nous\/carrieres-chez-mavi-deniz\/","title":{"rendered":"Carri\u00e8res chez MAVI DENIZ"},"content":{"rendered":"\n<p>C\u2019est votre chance, votre avenir, votre responsabilit\u00e9. C\u2019est \u00e0 vous de faire du monde un meilleur endroit o\u00f9 vivre et travailler. Nous vous aiderons \u00e0 le faire. Pr\u00eat ?<\/p>\n<p>Si vous \u00eates int\u00e9ress\u00e9 \u00e0 postuler pour MAVI DENIZ, soumettez votre CV d\u00e8s aujourd&rsquo;hui et augmentez vos chances de trouver votre emploi id\u00e9al.<\/p>\n<p>Nous communiquerons avec vous si votre candidature vous int\u00e9resse et si un poste appropri\u00e9 est disponible. Nous regrettons de ne pas pouvoir r\u00e9pondre individuellement \u00e0 chaque candidat.<\/p>\n<p>Veuillez soumettre votre CV \u00e0 <strong>careers@mavideniz.com.tr.<\/strong><\/p>\n","protected":false},"excerpt":{"rendered":"<p>C\u2019est votre chance, votre avenir, votre responsabilit\u00e9. C\u2019est \u00e0 vous de faire du monde un meilleur endroit o\u00f9 vivre et [&hellip;]<\/p>\n","protected":false},"author":1,"featured_media":0,"parent":38991,"menu_order":0,"comment_status":"closed","ping_status":"closed","template":"","meta":{"site-sidebar-layout":"default","site-content-layout":"","ast-site-content-layout":"default","site-content-style":"default","site-sidebar-style":"default","ast-global-header-display":"","ast-banner-title-visibility":"","ast-main-header-display":"","ast-hfb-above-header-display":"","ast-hfb-below-header-display":"","ast-hfb-mobile-header-display":"","site-post-title":"","ast-breadcrumbs-content":"","ast-featured-img":"","footer-sml-layout":"","ast-disable-related-posts":"","theme-transparent-header-meta":"","adv-header-id-meta":"","stick-header-meta":"","header-above-stick-meta":"","header-main-stick-meta":"","header-below-stick-meta":"","astra-migrate-meta-layouts":"default","ast-page-background-enabled":"default","ast-page-background-meta":{"desktop":{"background-color":"var(--ast-global-color-5)","background-image":"","background-repeat":"repeat","background-position":"center center","background-size":"auto","background-attachment":"scroll","background-type":"","background-media":"","overlay-type":"","overlay-color":"","overlay-opacity":"","overlay-gradient":""},"tablet":{"background-color":"","background-image":"","background-repeat":"repeat","background-position":"center center","background-size":"auto","background-attachment":"scroll","background-type":"","background-media":"","overlay-type":"","overlay-color":"","overlay-opacity":"","overlay-gradient":""},"mobile":{"background-color":"","background-image":"","background-repeat":"repeat","background-position":"center center","background-size":"auto","background-attachment":"scroll","background-type":"","background-media":"","overlay-type":"","overlay-color":"","overlay-opacity":"","overlay-gradient":""}},"ast-content-background-meta":{"desktop":{"background-color":"var(--ast-global-color-4)","background-image":"","background-repeat":"repeat","background-position":"center center","background-size":"auto","background-attachment":"scroll","background-type":"","background-media":"","overlay-type":"","overlay-color":"","overlay-opacity":"","overlay-gradient":""},"tablet":{"background-color":"var(--ast-global-color-4)","background-image":"","background-repeat":"repeat","background-position":"center center","background-size":"auto","background-attachment":"scroll","background-type":"","background-media":"","overlay-type":"","overlay-color":"","overlay-opacity":"","overlay-gradient":""},"mobile":{"background-color":"var(--ast-global-color-4)","background-image":"","background-repeat":"repeat","background-position":"center center","background-size":"auto","background-attachment":"scroll","background-type":"","background-media":"","overlay-type":"","overlay-color":"","overlay-opacity":"","overlay-gradient":""}},"footnotes":""},"class_list":["post-39000","page","type-page","status-publish","hentry"],"_links":{"self":[{"href":"https:\/\/mavideniz.com.tr\/fr\/wp-json\/wp\/v2\/pages\/39000","targetHints":{"allow":["GET"]}}],"collection":[{"href":"https:\/\/mavideniz.com.tr\/fr\/wp-json\/wp\/v2\/pages"}],"about":[{"href":"https:\/\/mavideniz.com.tr\/fr\/wp-json\/wp\/v2\/types\/page"}],"author":[{"embeddable":true,"href":"https:\/\/mavideniz.com.tr\/fr\/wp-json\/wp\/v2\/users\/1"}],"replies":[{"embeddable":true,"href":"https:\/\/mavideniz.com.tr\/fr\/wp-json\/wp\/v2\/comments?post=39000"}],"version-history":[{"count":0,"href":"https:\/\/mavideniz.com.tr\/fr\/wp-json\/wp\/v2\/pages\/39000\/revisions"}],"up":[{"embeddable":true,"href":"https:\/\/mavideniz.com.tr\/fr\/wp-json\/wp\/v2\/pages\/38991"}],"wp:attachment":[{"href":"https:\/\/mavideniz.com.tr\/fr\/wp-json\/wp\/v2\/media?parent=39000"}],"curies":[{"name":"wp","href":"https:\/\/api.w.org\/{rel}","templated":true}]}}