{"id":39004,"date":"2022-10-03T20:41:39","date_gmt":"2022-10-03T20:41:39","guid":{"rendered":"https:\/\/mavideniz.com.tr\/?page_id=39004"},"modified":"2022-10-03T20:41:43","modified_gmt":"2022-10-03T20:41:43","slug":"ingenierie","status":"publish","type":"page","link":"https:\/\/mavideniz.com.tr\/fr\/a-propos-de-nous\/ingenierie\/","title":{"rendered":"Ing\u00e9nierie"},"content":{"rendered":"\n<p><strong>Technologie<\/strong><\/p>\n<p>La technologie croissante et la concurrence f\u00e9roce exigent une recherche et un d\u00e9veloppement concentr\u00e9s et continus en vue de technologies et de produits strat\u00e9giques futurs. Mavi Deniz a anticip\u00e9 l&rsquo;avantage concurrentiel de l&rsquo;internalisation et du d\u00e9veloppement des meilleures technologies et a commenc\u00e9 ses activit\u00e9s de R&amp;D en 1990.<\/p>\n<p>Mavi Deniz A.S. a d\u00e9cid\u00e9 de prendre des mesures d\u00e9lib\u00e9r\u00e9es pour cr\u00e9er des produits et de la technologie. Conform\u00e9ment \u00e0 cet objectif, Mavi Deniz a augment\u00e9 sa force d&rsquo;ing\u00e9nierie, investi dans ses ressources humaines, \u00e9tabli des collaborations et utilis\u00e9 ses capacit\u00e9s de laboratoire pour obtenir des r\u00e9sultats rapides. Ces investissements comprennent la conception et la production de produits et la mise \u00e0 profit des possibilit\u00e9s offertes par le march\u00e9 en expansion.<\/p>\n<p>Les efforts actuels de R-D portent directement sur le d\u00e9veloppement de produits, et leurs extrants sont des produits commerciaux qui procurent un avantage concurrentiel.<\/p>\n<p>Mavi Deniz R&amp;D, qui travaille aux normes mondiales pour la technologie et le d\u00e9veloppement de produits, se concentre sur les produits qui :<\/p>\n<ul>\n<li>sont respectueux de l&rsquo;environnement (r\u00e9cup\u00e9ration, recyclage, r\u00e9utilisation et faible consommation d&rsquo;\u00e9nergie et d&rsquo;eau),<\/li>\n<li>Assurer le confort et la satisfaction du client (intelligent, silencieux, pratique),<\/li>\n<li>Ils sont abordables et conformes aux normes de l&rsquo;avenir.<\/li>\n<li>La Direction R&amp;D r\u00e9alise les activit\u00e9s de R&amp;D de Mavi Deniz au si\u00e8ge de l&rsquo;entreprise et par le Product Development Management dans les usines.<\/li>\n<\/ul>\n<p>Pour mener ses activit\u00e9s de R&amp;D, Mavi Deniz collabore avec des universit\u00e9s, des fournisseurs, des organismes de recherche et des instituts locaux et internationaux. Il participe aussi r\u00e9guli\u00e8rement \u00e0 des salons de l&rsquo;\u00e9lectrom\u00e9nager et des salons professionnels et pr\u00e9sente des documents lors de conf\u00e9rences, de s\u00e9minaires et de r\u00e9unions nationaux et internationaux.<\/p>\n<p><strong>R&amp;D<\/strong><\/p>\n<p>UN SP\u00c9CIALISTE DANS SON DOMAINE&#8230;<\/p>\n<p>La recherche et le d\u00e9veloppement de Mavi Deniz s&rsquo;\u00e9tendent \u00e0 de nombreux domaines tr\u00e8s diff\u00e9rents. Nos scientifiques et ing\u00e9nieurs analysent de nouveaux mat\u00e9riaux et d\u00e9veloppent des techniques et de nouveaux \u00e9quipements analytiques pour la nature et la future usine num\u00e9rique. Toutes les innovations m\u00e8nent \u00e0 de nouvelles applications et aident nos clients \u00e0 mettre sur le march\u00e9 des produits plus efficaces, \u00e0 ouvrir davantage de secteurs d&rsquo;activit\u00e9 ou \u00e0 r\u00e9duire les co\u00fbts.<\/p>\n<p>CONCEPTION ET PROTOTYPE<\/p>\n<p>Les conditions de concurrence r\u00e9pondent \u00e0 la n\u00e9cessit\u00e9 d&rsquo;un lifting et de la fabrication de nouvelles pi\u00e8ces pour le secteur des \u00e9quipements de lutte contre la pollution.<\/p>\n<p><strong>Prix<\/strong><\/p>\n<p>En plus d&rsquo;investir dans la technologie et de devenir l&rsquo;entreprise la plus connue en Turquie, Mavi Deniz a \u00e9galement \u00e9t\u00e9 r\u00e9compens\u00e9 pour ses produits et les informations qu&rsquo;il pr\u00e9sente sur diff\u00e9rentes plates-formes. Les prix re\u00e7us jusqu&rsquo;\u00e0 pr\u00e9sent se sont r\u00e9v\u00e9l\u00e9s un niveau de succ\u00e8s \u00e9lev\u00e9 qu&rsquo;il est difficile d&rsquo;atteindre.<\/p>\n<ul>\n<li>Chambre de commerce d&rsquo;Istanbul, Technology Development Top Ten Company, 2005<\/li>\n<li>Prix de recherche et d\u00e9veloppement TUBITAK, 2005.<\/li>\n<li>Prix de recherche et d\u00e9veloppement TUBITAK, 2006.<\/li>\n<li>Prix de recherche et d\u00e9veloppement TTGV, 2006.<\/li>\n<\/ul>\n","protected":false},"excerpt":{"rendered":"<p>Technologie La technologie croissante et la concurrence f\u00e9roce exigent une recherche et un d\u00e9veloppement concentr\u00e9s et continus en vue de [&hellip;]<\/p>\n","protected":false},"author":1,"featured_media":0,"parent":38991,"menu_order":0,"comment_status":"closed","ping_status":"closed","template":"","meta":{"site-sidebar-layout":"default","site-content-layout":"","ast-site-content-layout":"default","site-content-style":"default","site-sidebar-style":"default","ast-global-header-display":"","ast-banner-title-visibility":"","ast-main-header-display":"","ast-hfb-above-header-display":"","ast-hfb-below-header-display":"","ast-hfb-mobile-header-display":"","site-post-title":"","ast-breadcrumbs-content":"","ast-featured-img":"","footer-sml-layout":"","ast-disable-related-posts":"","theme-transparent-header-meta":"","adv-header-id-meta":"","stick-header-meta":"","header-above-stick-meta":"","header-main-stick-meta":"","header-below-stick-meta":"","astra-migrate-meta-layouts":"default","ast-page-background-enabled":"default","ast-page-background-meta":{"desktop":{"background-color":"var(--ast-global-color-5)","background-image":"","background-repeat":"repeat","background-position":"center center","background-size":"auto","background-attachment":"scroll","background-type":"","background-media":"","overlay-type":"","overlay-color":"","overlay-opacity":"","overlay-gradient":""},"tablet":{"background-color":"","background-image":"","background-repeat":"repeat","background-position":"center center","background-size":"auto","background-attachment":"scroll","background-type":"","background-media":"","overlay-type":"","overlay-color":"","overlay-opacity":"","overlay-gradient":""},"mobile":{"background-color":"","background-image":"","background-repeat":"repeat","background-position":"center center","background-size":"auto","background-attachment":"scroll","background-type":"","background-media":"","overlay-type":"","overlay-color":"","overlay-opacity":"","overlay-gradient":""}},"ast-content-background-meta":{"desktop":{"background-color":"var(--ast-global-color-4)","background-image":"","background-repeat":"repeat","background-position":"center center","background-size":"auto","background-attachment":"scroll","background-type":"","background-media":"","overlay-type":"","overlay-color":"","overlay-opacity":"","overlay-gradient":""},"tablet":{"background-color":"var(--ast-global-color-4)","background-image":"","background-repeat":"repeat","background-position":"center center","background-size":"auto","background-attachment":"scroll","background-type":"","background-media":"","overlay-type":"","overlay-color":"","overlay-opacity":"","overlay-gradient":""},"mobile":{"background-color":"var(--ast-global-color-4)","background-image":"","background-repeat":"repeat","background-position":"center center","background-size":"auto","background-attachment":"scroll","background-type":"","background-media":"","overlay-type":"","overlay-color":"","overlay-opacity":"","overlay-gradient":""}},"footnotes":""},"class_list":["post-39004","page","type-page","status-publish","hentry"],"_links":{"self":[{"href":"https:\/\/mavideniz.com.tr\/fr\/wp-json\/wp\/v2\/pages\/39004","targetHints":{"allow":["GET"]}}],"collection":[{"href":"https:\/\/mavideniz.com.tr\/fr\/wp-json\/wp\/v2\/pages"}],"about":[{"href":"https:\/\/mavideniz.com.tr\/fr\/wp-json\/wp\/v2\/types\/page"}],"author":[{"embeddable":true,"href":"https:\/\/mavideniz.com.tr\/fr\/wp-json\/wp\/v2\/users\/1"}],"replies":[{"embeddable":true,"href":"https:\/\/mavideniz.com.tr\/fr\/wp-json\/wp\/v2\/comments?post=39004"}],"version-history":[{"count":0,"href":"https:\/\/mavideniz.com.tr\/fr\/wp-json\/wp\/v2\/pages\/39004\/revisions"}],"up":[{"embeddable":true,"href":"https:\/\/mavideniz.com.tr\/fr\/wp-json\/wp\/v2\/pages\/38991"}],"wp:attachment":[{"href":"https:\/\/mavideniz.com.tr\/fr\/wp-json\/wp\/v2\/media?parent=39004"}],"curies":[{"name":"wp","href":"https:\/\/api.w.org\/{rel}","templated":true}]}}