{"id":39106,"date":"2022-10-04T05:50:02","date_gmt":"2022-10-04T05:50:02","guid":{"rendered":"https:\/\/mavideniz.com.tr\/?page_id=39106"},"modified":"2022-10-04T05:50:06","modified_gmt":"2022-10-04T05:50:06","slug":"la-promesse-de-nos-politiques","status":"publish","type":"page","link":"https:\/\/mavideniz.com.tr\/fr\/a-propos-de-nous\/la-promesse-de-nos-politiques\/","title":{"rendered":"LA PROMESSE DE NOS POLITIQUES"},"content":{"rendered":"\n<p><strong>politique en mati\u00e8re de sant\u00e9, de s\u00e9curit\u00e9 et d&rsquo;environnement<\/strong><\/p>\n<p>En tant que Mavi Deniz et ses employ\u00e9s, nous voyons la \u00ab HSE \u00bb comme quelque chose confi\u00e9 aux g\u00e9n\u00e9rations futures. Nous pr\u00e9tendons prot\u00e9ger l&rsquo;environnement et les ressources naturelles avec une compr\u00e9hension de la philosophie de la Qualit\u00e9 Totale, qui constitue la base de notre gestion.<\/p>\n<p><strong>MAVI DENIZ HSE se concentre sur les domaines suivants ;<\/strong><\/p>\n<ul>\n<li>Gestion int\u00e9gr\u00e9e des risques de SHE, y compris les risques atypiques associ\u00e9s aux op\u00e9rations \u00e0 l&rsquo;\u00e9tranger ;<\/li>\n<li>Leadership et responsabilisation de HSE dans chaque secteur d&rsquo;activit\u00e9 ;<\/li>\n<li>Communication et diffusion de la culture HSE.<\/li>\n<\/ul>\n<p><strong>Politique De Qualit\u00e9<\/strong><\/p>\n<p>Pour continuer \u00e0 \u00eatre la meilleure entreprise du secteur de l&rsquo;environnement, nous rechercherons le meilleur en tout avec nos employ\u00e9s, fournisseurs, actionnaires et clients.<\/p>\n<p><strong>Pour cette raison, la politique qualit\u00e9 de MAVI DENIZ est bas\u00e9e sur :<\/strong><\/p>\n<ul>\n<li>Conform\u00e9ment \u00e0 la vision de Mavi Deniz pour l&rsquo;avenir, nous d\u00e9veloppons et fabriquons des produits abordables, faciles \u00e0 utiliser, fiables et respectueux de l&rsquo;environnement pour les consommateurs en cas de d\u00e9versement et fournissons un service apr\u00e8s-vente en mettant en oeuvre des technologies de pointe pour r\u00e9pondre aux besoins de nos clients au-del\u00e0 de leurs attentes.<\/li>\n<li>Fournir des services d&rsquo;intervention d&rsquo;urgence dans les plus brefs d\u00e9lais et avec des co\u00fbts optimaux, r\u00e9pondre aux attentes de nos clients de mani\u00e8re globale, et am\u00e9liorer les produits et services d&rsquo;intervention contre la pollution rendus \u00e0 nos clients au niveau de qualit\u00e9 sup\u00e9rieur.<\/li>\n<li>Suivez de pr\u00e8s les innovations technologiques pour acqu\u00e9rir l&rsquo;expertise n\u00e9cessaire \u00e0 la conception et au d\u00e9veloppement de solutions.<\/li>\n<li>Concevoir et produire des syst\u00e8mes coh\u00e9rents avec des crit\u00e8res de haute fiabilit\u00e9 et fournir des services d&rsquo;intervention en cas de d\u00e9versement avec une haute technologie financi\u00e8re et productive li\u00e9e au fonctionnement des plans inclus dans notre p\u00e9rim\u00e8tre de travail.<\/li>\n<li>Notre structure est adapt\u00e9e au d\u00e9veloppement continu dans des conditions de concurrence sans cesse croissantes. Le d\u00e9veloppement de projets id\u00e9aux pour les derni\u00e8res technologies est \u00e9conomique et r\u00e9pond aux codes de pratique, sp\u00e9cifications et normes applicables, ainsi qu&rsquo;aux exigences des clients.<\/li>\n<li>Nous assurons la participation, la satisfaction et le perfectionnement de nos employ\u00e9s par des activit\u00e9s de formation continue, qui sont nos ressources les plus essentielles.<\/li>\n<li>Am\u00e9liorer la qualit\u00e9 de travail de nos employ\u00e9s, de nos partenaires de solutions et de nos fournisseurs en les encourageant et en les soutenant, am\u00e9liorant ainsi la qualit\u00e9 de la soci\u00e9t\u00e9.<\/li>\n<li>Nous passons en revue notre syst\u00e8me de gestion et nos processus de travail, en commen\u00e7ant par les fournisseurs et en terminant par les clients. Nous d\u00e9finissons des approches proactives pour am\u00e9liorer les performances et cr\u00e9er des valeurs dans tous les domaines d&rsquo;activit\u00e9.<\/li>\n<li>Bas\u00e9 sur les principes de la philosophie de la qualit\u00e9 totale et motiv\u00e9 par le travail d&rsquo;\u00e9quipe, nous travaillons dur pour atteindre les objectifs institutionnels et d\u00e9partementaux et maintenir le progr\u00e8s et la croissance continus dans les march\u00e9s cibles.<\/li>\n<\/ul>\n<p>Nous documentons, certifions et am\u00e9liorons en permanence notre syst\u00e8me de gestion de la qualit\u00e9 afin de nous conformer aux exigences de la norme ISO 9001.<\/p>\n<p>MAVI DENIZ a \u00e9t\u00e9 agr\u00e9\u00e9 pour son syst\u00e8me int\u00e9gr\u00e9 de management de la qualit\u00e9 et de l&rsquo;environnement. Il rend Mavi Deniz unique et, dans le monde, l&rsquo;une des rares entreprises de son secteur \u00e0 obtenir l&rsquo;approbation pour un syst\u00e8me embarqu\u00e9.<\/p>\n<p>Toutes les activit\u00e9s de l&rsquo;entreprise sont certifi\u00e9es selon la norme ISO 9001:2008 et le syst\u00e8me de management environnemental selon la norme ISO 14001:2004. L&rsquo;\u00e9quipement d&rsquo;intervention en cas de d\u00e9versement d&rsquo;hydrocarbures et les dragueurs sont fabriqu\u00e9s en Turquie. Nous sommes fiers de notre qualit\u00e9 et de nos normes, et l&rsquo;usine de production a le certificat de qualit\u00e9 ISO 9001 et le certificat environnemental ISO 14001 reconnus \u00e0 l&rsquo;\u00e9chelle internationale.<\/p>\n<p>En outre, les autorit\u00e9s nationales et internationales comp\u00e9tentes et les soci\u00e9t\u00e9s de classification agr\u00e9ent tous les produits et machines antipollution fournis par MAVI DENIZ.<\/p>\n<p>Nos partenaires nous accr\u00e9ditent et proposent d\u00e9sormais des formations de niveau MCA et IMO et des cours s\u00e9lectionn\u00e9s, souvent personnalis\u00e9s en fonction des exigences de nos clients. Nous fournissons le meilleur \u00e9quipement possible d&rsquo;intervention en cas de d\u00e9versement d&rsquo;hydrocarbures adapt\u00e9 aux plans d&rsquo;urgence, \u00e0 la demande locale et aux incidents environnementaux potentiels.<\/p>\n<p>MAVI DENIZ a autoris\u00e9 la collecte des d\u00e9chets des navires en ce qui concerne les certificats de r\u00e9ception de d\u00e9chets liquides et solides MARPOL par le minist\u00e8re turc de l&rsquo;environnement.<\/p>\n<p>Mavi Deniz fournit des services aux installations c\u00f4ti\u00e8res telles que les chantiers navals, les ports et les raffineries. Notre flotte importante et notre personnel\/\u00e9quipe d&rsquo;experts sp\u00e9cialis\u00e9s dans leurs domaines, \u00abPrincipes de r\u00e9ponse d&rsquo;urgence et d&rsquo;indemnisation pour les dommages dans la pollution du milieu marin par les hydrocarbures et autres substances nocives\u00bb certificats par le minist\u00e8re turc de la mer.<\/p>\n<p><strong>\u00c0 cet \u00e9gard, Mavi Deniz :<\/strong><\/p>\n<ul>\n<li>Par le concept de d\u00e9veloppement durable, et apr\u00e8s \u00e9valuation technique, \u00e9conomique et commerciale, pour prot\u00e9ger nos ressources naturelles et utiliser l&rsquo;\u00e9nergie et les mati\u00e8res premi\u00e8res de la mani\u00e8re la plus efficace et productive et appliquer la technologie pour r\u00e9duire le minimum de d\u00e9chets rejet\u00e9s dans l&rsquo;environnement.<\/li>\n<li>\u00c9laborer des syst\u00e8mes qui pr\u00e9viendront la pollution avant qu&rsquo;elle ne se forme \u00e0 sa source.<\/li>\n<li>Agir conform\u00e9ment aux r\u00e8gles et r\u00e8glements juridiques des syst\u00e8mes nationaux et internationaux de protection de l&rsquo;environnement.<\/li>\n<li>Choisissez le mat\u00e9riau et la technologie pour minimiser les influences environnementales n\u00e9gatives au moment de la production et de l&rsquo;utilisation, \u00e0 partir de l&rsquo;\u00e9tape de planification.<\/li>\n<li>D\u00e9velopper une infrastructure qui contr\u00f4le, surveille et d\u00e9finit continuellement les param\u00e8tres environnementaux afin d&rsquo;\u00e9liminer le risque \u00e9cologique.<\/li>\n<li>Nous renfor\u00e7ons la sensibilit\u00e9 environnementale en formant et en contr\u00f4lant nos employ\u00e9s et sous-traitants au sein du corps de Mavi Deniz.<\/li>\n<li>Nous r\u00e9duisons la quantit\u00e9 de d\u00e9chets et soutenons les activit\u00e9s de valorisation et de recyclage.<\/li>\n<li>Pr\u00e9venir la pollution en d\u00e9ployant les technologies nouvelles ou am\u00e9lior\u00e9es appropri\u00e9es dans notre processus de production dans nos produits.<\/li>\n<li>D\u00e9velopper des produits innovants qui ont moins d&rsquo;impact environnemental, consomment moins de carburant, sont moins bruyants et sont plus recyclables.<\/li>\n<li>\u00c0 la lumi\u00e8re des objectifs environnementaux identifi\u00e9s, nous devons appliquer un syst\u00e8me de management environnemental conforme \u00e0 la norme ISO 14001<\/li>\n<li>Normes de gestion environnementale et \u00e9laborer et assurer la continuit\u00e9 de toutes nos activit\u00e9s environnementales dans le cadre.<\/li>\n<\/ul>\n<p><strong>Optimisation continue des avantages pour nos clients<\/strong><\/p>\n<ul>\n<li>Processus De Certification En Cours<\/li>\n<li>Contr\u00f4les De Qualit\u00e9 Pendant La Production<\/li>\n<li>Proc\u00e9dures Normalis\u00e9es Relatives Aux Mati\u00e8res Grasses<\/li>\n<li>Fermer le dialogue avec nos fournisseurs<\/li>\n<\/ul>\n<p><strong>Mavi Deniz r\u00e9alise des oeuvres qui sont conformes aux normes des grandes soci\u00e9t\u00e9s de classification, telles que :<\/strong><\/p>\n<ul>\n<li>BUREAU AM\u00c9RICAIN DE LA MARINE MARCHANDE<\/li>\n<li>REGISTRE MARITIME DU LLOYD<\/li>\n<li>BUREAU VERITAS<\/li>\n<li>DET NORSKE VERITAS<\/li>\n<li>GERMANISHER LLOYD<\/li>\n<li>NIPPON KAIJI KYOKAI<\/li>\n<li>REGISTRE MARITIME RUSSE<\/li>\n<li>RINA<\/li>\n<\/ul>\n","protected":false},"excerpt":{"rendered":"<p>politique en mati\u00e8re de sant\u00e9, de s\u00e9curit\u00e9 et d&rsquo;environnement En tant que Mavi Deniz et ses employ\u00e9s, nous voyons la [&hellip;]<\/p>\n","protected":false},"author":1,"featured_media":0,"parent":38991,"menu_order":0,"comment_status":"closed","ping_status":"closed","template":"","meta":{"site-sidebar-layout":"default","site-content-layout":"","ast-site-content-layout":"default","site-content-style":"default","site-sidebar-style":"default","ast-global-header-display":"","ast-banner-title-visibility":"","ast-main-header-display":"","ast-hfb-above-header-display":"","ast-hfb-below-header-display":"","ast-hfb-mobile-header-display":"","site-post-title":"","ast-breadcrumbs-content":"","ast-featured-img":"","footer-sml-layout":"","ast-disable-related-posts":"","theme-transparent-header-meta":"","adv-header-id-meta":"","stick-header-meta":"","header-above-stick-meta":"","header-main-stick-meta":"","header-below-stick-meta":"","astra-migrate-meta-layouts":"default","ast-page-background-enabled":"default","ast-page-background-meta":{"desktop":{"background-color":"var(--ast-global-color-5)","background-image":"","background-repeat":"repeat","background-position":"center center","background-size":"auto","background-attachment":"scroll","background-type":"","background-media":"","overlay-type":"","overlay-color":"","overlay-opacity":"","overlay-gradient":""},"tablet":{"background-color":"","background-image":"","background-repeat":"repeat","background-position":"center center","background-size":"auto","background-attachment":"scroll","background-type":"","background-media":"","overlay-type":"","overlay-color":"","overlay-opacity":"","overlay-gradient":""},"mobile":{"background-color":"","background-image":"","background-repeat":"repeat","background-position":"center center","background-size":"auto","background-attachment":"scroll","background-type":"","background-media":"","overlay-type":"","overlay-color":"","overlay-opacity":"","overlay-gradient":""}},"ast-content-background-meta":{"desktop":{"background-color":"var(--ast-global-color-4)","background-image":"","background-repeat":"repeat","background-position":"center center","background-size":"auto","background-attachment":"scroll","background-type":"","background-media":"","overlay-type":"","overlay-color":"","overlay-opacity":"","overlay-gradient":""},"tablet":{"background-color":"var(--ast-global-color-4)","background-image":"","background-repeat":"repeat","background-position":"center center","background-size":"auto","background-attachment":"scroll","background-type":"","background-media":"","overlay-type":"","overlay-color":"","overlay-opacity":"","overlay-gradient":""},"mobile":{"background-color":"var(--ast-global-color-4)","background-image":"","background-repeat":"repeat","background-position":"center center","background-size":"auto","background-attachment":"scroll","background-type":"","background-media":"","overlay-type":"","overlay-color":"","overlay-opacity":"","overlay-gradient":""}},"footnotes":""},"class_list":["post-39106","page","type-page","status-publish","hentry"],"_links":{"self":[{"href":"https:\/\/mavideniz.com.tr\/fr\/wp-json\/wp\/v2\/pages\/39106","targetHints":{"allow":["GET"]}}],"collection":[{"href":"https:\/\/mavideniz.com.tr\/fr\/wp-json\/wp\/v2\/pages"}],"about":[{"href":"https:\/\/mavideniz.com.tr\/fr\/wp-json\/wp\/v2\/types\/page"}],"author":[{"embeddable":true,"href":"https:\/\/mavideniz.com.tr\/fr\/wp-json\/wp\/v2\/users\/1"}],"replies":[{"embeddable":true,"href":"https:\/\/mavideniz.com.tr\/fr\/wp-json\/wp\/v2\/comments?post=39106"}],"version-history":[{"count":0,"href":"https:\/\/mavideniz.com.tr\/fr\/wp-json\/wp\/v2\/pages\/39106\/revisions"}],"up":[{"embeddable":true,"href":"https:\/\/mavideniz.com.tr\/fr\/wp-json\/wp\/v2\/pages\/38991"}],"wp:attachment":[{"href":"https:\/\/mavideniz.com.tr\/fr\/wp-json\/wp\/v2\/media?parent=39106"}],"curies":[{"name":"wp","href":"https:\/\/api.w.org\/{rel}","templated":true}]}}