{"id":39110,"date":"2022-10-04T05:52:18","date_gmt":"2022-10-04T05:52:18","guid":{"rendered":"https:\/\/mavideniz.com.tr\/?page_id=39110"},"modified":"2022-10-04T05:52:22","modified_gmt":"2022-10-04T05:52:22","slug":"production-durable-services","status":"publish","type":"page","link":"https:\/\/mavideniz.com.tr\/fr\/a-propos-de-nous\/production-durable-services\/","title":{"rendered":"Production Durable + Services"},"content":{"rendered":"\n<p>Les produits et services durables g\u00e9n\u00e8rent des avantages sociaux ou environnementaux mesurables, ainsi que des rendements financiers, cr\u00e9ant une valeur \u00e0 long terme pour les actionnaires et la soci\u00e9t\u00e9. Avec toute notre cha\u00eene de valeur et de contribuer \u00e0 une \u00e9conomie circulaire. Nos solutions innovantes nous permettent de concevoir et de fabriquer des produits plus s\u00fbrs et plus durables, de r\u00e9duire les d\u00e9chets, de minimiser les risques environnementaux, d&rsquo;am\u00e9liorer la sant\u00e9 et la s\u00e9curit\u00e9 et de d\u00e9montrer la tra\u00e7abilit\u00e9 et la durabilit\u00e9 \u00e0 travers les cha\u00eenes d&rsquo;approvisionnement.<\/p>\n<p>Mavi Deniz fabrique des produits puissants, des machines, des installations, des \u00e9quipements et des navires. En utilisant des processus logistiques innovants, des technologies de fabrication modernes et des syst\u00e8mes de production efficaces, les employ\u00e9s qualifi\u00e9s \u00e9tablissent des normes uniformes dans le processus de fabrication avec les normes de qualit\u00e9, d&rsquo;efficacit\u00e9 et de durabilit\u00e9 environnementale les plus \u00e9lev\u00e9es.<\/p>\n","protected":false},"excerpt":{"rendered":"<p>Les produits et services durables g\u00e9n\u00e8rent des avantages sociaux ou environnementaux mesurables, ainsi que des rendements financiers, cr\u00e9ant une valeur [&hellip;]<\/p>\n","protected":false},"author":1,"featured_media":0,"parent":38991,"menu_order":0,"comment_status":"closed","ping_status":"closed","template":"","meta":{"site-sidebar-layout":"default","site-content-layout":"","ast-site-content-layout":"default","site-content-style":"default","site-sidebar-style":"default","ast-global-header-display":"","ast-banner-title-visibility":"","ast-main-header-display":"","ast-hfb-above-header-display":"","ast-hfb-below-header-display":"","ast-hfb-mobile-header-display":"","site-post-title":"","ast-breadcrumbs-content":"","ast-featured-img":"","footer-sml-layout":"","ast-disable-related-posts":"","theme-transparent-header-meta":"","adv-header-id-meta":"","stick-header-meta":"","header-above-stick-meta":"","header-main-stick-meta":"","header-below-stick-meta":"","astra-migrate-meta-layouts":"default","ast-page-background-enabled":"default","ast-page-background-meta":{"desktop":{"background-color":"var(--ast-global-color-5)","background-image":"","background-repeat":"repeat","background-position":"center center","background-size":"auto","background-attachment":"scroll","background-type":"","background-media":"","overlay-type":"","overlay-color":"","overlay-opacity":"","overlay-gradient":""},"tablet":{"background-color":"","background-image":"","background-repeat":"repeat","background-position":"center center","background-size":"auto","background-attachment":"scroll","background-type":"","background-media":"","overlay-type":"","overlay-color":"","overlay-opacity":"","overlay-gradient":""},"mobile":{"background-color":"","background-image":"","background-repeat":"repeat","background-position":"center center","background-size":"auto","background-attachment":"scroll","background-type":"","background-media":"","overlay-type":"","overlay-color":"","overlay-opacity":"","overlay-gradient":""}},"ast-content-background-meta":{"desktop":{"background-color":"var(--ast-global-color-4)","background-image":"","background-repeat":"repeat","background-position":"center center","background-size":"auto","background-attachment":"scroll","background-type":"","background-media":"","overlay-type":"","overlay-color":"","overlay-opacity":"","overlay-gradient":""},"tablet":{"background-color":"var(--ast-global-color-4)","background-image":"","background-repeat":"repeat","background-position":"center center","background-size":"auto","background-attachment":"scroll","background-type":"","background-media":"","overlay-type":"","overlay-color":"","overlay-opacity":"","overlay-gradient":""},"mobile":{"background-color":"var(--ast-global-color-4)","background-image":"","background-repeat":"repeat","background-position":"center center","background-size":"auto","background-attachment":"scroll","background-type":"","background-media":"","overlay-type":"","overlay-color":"","overlay-opacity":"","overlay-gradient":""}},"footnotes":""},"class_list":["post-39110","page","type-page","status-publish","hentry"],"_links":{"self":[{"href":"https:\/\/mavideniz.com.tr\/fr\/wp-json\/wp\/v2\/pages\/39110","targetHints":{"allow":["GET"]}}],"collection":[{"href":"https:\/\/mavideniz.com.tr\/fr\/wp-json\/wp\/v2\/pages"}],"about":[{"href":"https:\/\/mavideniz.com.tr\/fr\/wp-json\/wp\/v2\/types\/page"}],"author":[{"embeddable":true,"href":"https:\/\/mavideniz.com.tr\/fr\/wp-json\/wp\/v2\/users\/1"}],"replies":[{"embeddable":true,"href":"https:\/\/mavideniz.com.tr\/fr\/wp-json\/wp\/v2\/comments?post=39110"}],"version-history":[{"count":0,"href":"https:\/\/mavideniz.com.tr\/fr\/wp-json\/wp\/v2\/pages\/39110\/revisions"}],"up":[{"embeddable":true,"href":"https:\/\/mavideniz.com.tr\/fr\/wp-json\/wp\/v2\/pages\/38991"}],"wp:attachment":[{"href":"https:\/\/mavideniz.com.tr\/fr\/wp-json\/wp\/v2\/media?parent=39110"}],"curies":[{"name":"wp","href":"https:\/\/api.w.org\/{rel}","templated":true}]}}