{"id":39119,"date":"2022-10-04T06:04:35","date_gmt":"2022-10-04T06:04:35","guid":{"rendered":"https:\/\/mavideniz.com.tr\/?page_id=39119"},"modified":"2022-10-04T06:04:38","modified_gmt":"2022-10-04T06:04:38","slug":"reference-mondiale","status":"publish","type":"page","link":"https:\/\/mavideniz.com.tr\/fr\/a-propos-de-nous\/reference-mondiale\/","title":{"rendered":"R\u00e9f\u00e9rence mondiale"},"content":{"rendered":"<h1>VOUS \u00caTES L\u00c0.<\/h1>\n<h1>NOUS SOMMES PARTOUT.<\/h1>\n<h2>Mavi Deniz fabrique et fournit des \u00e9quipements, des produits, des navires et des services \u00e0 plus de 55 pays dans le monde entier.<\/h2>\n<div id=\"mapsvg-23840\" data-id=\"23840\" class=\"mapsvg\" data-autoload=\"true\" data-load-db=\"true\" data-loading-text=\"Loading map...\" style=\"width: 100%; height: 0; padding-bottom: 48.25%\"><\/div>\n<p>MAVI DENIZ Environmental Protection Services Co., notre mission est de prot\u00e9ger et de pr\u00e9server les \u00e9cosyst\u00e8mes de nos milieux aquatiques, mers, oc\u00e9ans, rivi\u00e8res, lacs, barrages, lagunes, ruisseaux et plages \u00e0 l&rsquo;\u00e9chelle mondiale.<\/p>\n<p>Bas\u00e9e \u00e0 Istanbul, en Turquie, MAVI DENIZ Corporation est une soci\u00e9t\u00e9 de gestion agressive et priv\u00e9e. Dans les premi\u00e8res ann\u00e9es, l&rsquo;activit\u00e9 principale consistait en la construction et la r\u00e9paration navales sous le groupe BASARAN, un chantier naval situ\u00e9 \u00e0 Pendik, Istanbul, Turquie. MAVI DENIZ est le leader mondial sur le march\u00e9 de la construction de navires de r\u00e9cup\u00e9ration de p\u00e9trole. Dans le chantier naval, nous construisons \u00e9galement des dragues suceuses \u00e0 couteaux et des dragues polyvalentes pour le march\u00e9 du dragage dans le monde.<\/p>\n<p>Gr\u00e2ce \u00e0 cette coop\u00e9ration b\u00e9n\u00e9fique, l&rsquo;entreprise a acquis une exp\u00e9rience et une compr\u00e9hension pr\u00e9cieuses des forces et des limites du march\u00e9 existant de la r\u00e9cup\u00e9ration et de la r\u00e9action du p\u00e9trole.<\/p>\n","protected":false},"excerpt":{"rendered":"<p>VOUS \u00caTES L\u00c0. NOUS SOMMES PARTOUT. Mavi Deniz fabrique et fournit des \u00e9quipements, des produits, des navires et des services [&hellip;]<\/p>\n","protected":false},"author":1,"featured_media":0,"parent":38991,"menu_order":0,"comment_status":"closed","ping_status":"closed","template":"","meta":{"site-sidebar-layout":"default","site-content-layout":"","ast-site-content-layout":"default","site-content-style":"default","site-sidebar-style":"default","ast-global-header-display":"","ast-banner-title-visibility":"","ast-main-header-display":"","ast-hfb-above-header-display":"","ast-hfb-below-header-display":"","ast-hfb-mobile-header-display":"","site-post-title":"","ast-breadcrumbs-content":"","ast-featured-img":"","footer-sml-layout":"","ast-disable-related-posts":"","theme-transparent-header-meta":"","adv-header-id-meta":"","stick-header-meta":"","header-above-stick-meta":"","header-main-stick-meta":"","header-below-stick-meta":"","astra-migrate-meta-layouts":"default","ast-page-background-enabled":"default","ast-page-background-meta":{"desktop":{"background-color":"var(--ast-global-color-5)","background-image":"","background-repeat":"repeat","background-position":"center center","background-size":"auto","background-attachment":"scroll","background-type":"","background-media":"","overlay-type":"","overlay-color":"","overlay-opacity":"","overlay-gradient":""},"tablet":{"background-color":"","background-image":"","background-repeat":"repeat","background-position":"center center","background-size":"auto","background-attachment":"scroll","background-type":"","background-media":"","overlay-type":"","overlay-color":"","overlay-opacity":"","overlay-gradient":""},"mobile":{"background-color":"","background-image":"","background-repeat":"repeat","background-position":"center center","background-size":"auto","background-attachment":"scroll","background-type":"","background-media":"","overlay-type":"","overlay-color":"","overlay-opacity":"","overlay-gradient":""}},"ast-content-background-meta":{"desktop":{"background-color":"var(--ast-global-color-4)","background-image":"","background-repeat":"repeat","background-position":"center center","background-size":"auto","background-attachment":"scroll","background-type":"","background-media":"","overlay-type":"","overlay-color":"","overlay-opacity":"","overlay-gradient":""},"tablet":{"background-color":"var(--ast-global-color-4)","background-image":"","background-repeat":"repeat","background-position":"center center","background-size":"auto","background-attachment":"scroll","background-type":"","background-media":"","overlay-type":"","overlay-color":"","overlay-opacity":"","overlay-gradient":""},"mobile":{"background-color":"var(--ast-global-color-4)","background-image":"","background-repeat":"repeat","background-position":"center center","background-size":"auto","background-attachment":"scroll","background-type":"","background-media":"","overlay-type":"","overlay-color":"","overlay-opacity":"","overlay-gradient":""}},"footnotes":""},"class_list":["post-39119","page","type-page","status-publish","hentry"],"_links":{"self":[{"href":"https:\/\/mavideniz.com.tr\/fr\/wp-json\/wp\/v2\/pages\/39119","targetHints":{"allow":["GET"]}}],"collection":[{"href":"https:\/\/mavideniz.com.tr\/fr\/wp-json\/wp\/v2\/pages"}],"about":[{"href":"https:\/\/mavideniz.com.tr\/fr\/wp-json\/wp\/v2\/types\/page"}],"author":[{"embeddable":true,"href":"https:\/\/mavideniz.com.tr\/fr\/wp-json\/wp\/v2\/users\/1"}],"replies":[{"embeddable":true,"href":"https:\/\/mavideniz.com.tr\/fr\/wp-json\/wp\/v2\/comments?post=39119"}],"version-history":[{"count":0,"href":"https:\/\/mavideniz.com.tr\/fr\/wp-json\/wp\/v2\/pages\/39119\/revisions"}],"up":[{"embeddable":true,"href":"https:\/\/mavideniz.com.tr\/fr\/wp-json\/wp\/v2\/pages\/38991"}],"wp:attachment":[{"href":"https:\/\/mavideniz.com.tr\/fr\/wp-json\/wp\/v2\/media?parent=39119"}],"curies":[{"name":"wp","href":"https:\/\/api.w.org\/{rel}","templated":true}]}}