{"id":39450,"date":"2022-10-08T16:22:47","date_gmt":"2022-10-08T16:22:47","guid":{"rendered":"https:\/\/mavideniz.com.tr\/?page_id=39450"},"modified":"2024-03-06T17:25:05","modified_gmt":"2024-03-06T17:25:05","slug":"rampe-absorbante-_-petrole-chimique-universel","status":"publish","type":"page","link":"https:\/\/mavideniz.com.tr\/fr\/produits-industriels\/absorbants-kit-dintervention-en-cas-de-deversement\/rampe-absorbante-_-petrole-chimique-universel\/","title":{"rendered":"Rampe absorbante _ P\u00e9trole &#8211; Chimique &#8211; Universel"},"content":{"rendered":"\n<p>Notre rampe absorbante est con\u00e7ue pour utiliser des produits chimiques, de l&rsquo;huile seulement et universelle. Absorbent Boom est le moyen le plus rapide de nettoyer un d\u00e9versement. Absorbent Boom est disponible dans une gamme de diff\u00e9rents poids et mat\u00e9riaux. La rampe absorbant l&rsquo;huile, la rampe absorbante universelle et le mat\u00e9riau de rampe absorbant les produits chimiques assurent une action capillaire rapide et une excellente capacit\u00e9 d&rsquo;absorption et de r\u00e9tention.<\/p>\n<p>La rampe d&rsquo;absorption d&rsquo;huile de Mavi Deniz est un moyen rentable de r\u00e9cup\u00e9rer les d\u00e9versements de p\u00e9trole et de produits chimiques de petite et moyenne taille dans les cours d&rsquo;eau, les lagunes, les \u00e9tangs de peuplement, les ports, les rivi\u00e8res ou la protection des rives. La rampe d&rsquo;absorption d&rsquo;huile est rapidement d\u00e9ploy\u00e9e et remorqu\u00e9e, et diff\u00e9rentes tailles sont disponibles pour diverses applications marines et industrielles.<\/p>\n<p>La rampe d&rsquo;absorption d&rsquo;huile comprend des clips pour former une barri\u00e8re de n&rsquo;importe quelle longueur. A chaque extr\u00e9mit\u00e9, des connecteurs permettent la liaison de plusieurs rampes pour assurer une cha\u00eene continue de protection, permettant le confinement et l&rsquo;absorption d&rsquo;un d\u00e9versement. Cette rampe d&rsquo;absorption d&rsquo;huile peut \u00eatre laiss\u00e9e d\u00e9ploy\u00e9e ind\u00e9finiment et ne permet pas \u00e0 l&rsquo;huile de passer \u00e0 l&rsquo;ext\u00e9rieur de la zone \u00e9tendue.<\/p>\n<p>La rampe d&rsquo;absorption d&rsquo;huile peut \u00eatre utilis\u00e9e entre deux petits bateaux avec une forme U ou J, et les d\u00e9chets p\u00e9troliers sur la surface de la mer peuvent \u00eatre facilement collect\u00e9s et absorb\u00e9s.<\/p>\n<p>La rampe d&rsquo;absorption d&rsquo;huile est con\u00e7ue pour adsorber les liquides \u00e0 base de p\u00e9trole et l&rsquo;eau repouss\u00e9e. La rampe d&rsquo;absorption d&rsquo;huile est recommand\u00e9e en utilisant peu d&rsquo;eau, les d\u00e9versements d&rsquo;huile et l&rsquo;utilisation en usine. D&rsquo;excellents pipelines, chantiers navals, ponts de bateaux et de yachts, usines, usines industrielles, quais de chargement, ateliers de machines et d&rsquo;entretien, services d&rsquo;incendie, intervention municipale en cas de d\u00e9versement, ou n&rsquo;importe o\u00f9 des d\u00e9versements liquides, chimiques ou p\u00e9troliers se produisent. La rampe d&rsquo;absorption d&rsquo;huile est toujours facilement plac\u00e9e et r\u00e9cup\u00e9r\u00e9e. Disponible en bleu ou blanc pour les huiles lourdes et l\u00e9g\u00e8res.<\/p>\n<p>Universal Absorbent Boom est con\u00e7u pour nettoyer les huiles, les liquides de refroidissement, les solvants et les fluides \u00e0 base d&rsquo;eau n&rsquo;importe o\u00f9 dans votre installation. Autour des machines, sous les tuyaux ou les raccords qui fuient, dans les zones de circulation d\u00e9sordonn\u00e9es, pour les projets d&rsquo;entretien g\u00e9n\u00e9ral, vous \u00eates le premier choix pour le contr\u00f4le des d\u00e9versements \u00e0 l&rsquo;int\u00e9rieur. De plus, Universal Absorbent Boom gris masque les projections et les taches &#8211; vous aidant \u00e0 r\u00e9sister \u00e0 l&rsquo;envie de ramasser l&rsquo;absorbant avant qu&rsquo;il ne soit compl\u00e8tement satur\u00e9. Disponible en gris pour les huiles lourdes et l\u00e9g\u00e8res.<\/p>\n<p>Chemical Absorbent Boom a fait une base de polypropyl\u00e8ne Meltblown tr\u00e8s absorbant. Chemical Absorbent Boom est disponible en diff\u00e9rents formats, est l\u00e9ger et nominalement sans poussi\u00e8re. La rampe d&rsquo;absorption chimique a une capacit\u00e9 d&rsquo;absorption \u00e9lev\u00e9e, ce qui r\u00e9duit au minimum la quantit\u00e9 de d\u00e9chets \u00e0 \u00e9liminer. La rampe d&rsquo;absorption chimique est adapt\u00e9e pour adsorber une large gamme de liquides, y compris des acides sp\u00e9cifiques, des bases, des r\u00e9frig\u00e9rants, des fluides \u00e0 base de p\u00e9trole, des produits chimiques non agressifs et des solutions aqueuses. Disponible en couleur jaune pour poids lourds et l\u00e9gers Produits chimiques.<\/p>\n<h4><strong>Caract\u00e9ristiques<\/strong><\/h4>\n<ul>\n<li>Les rampes d&rsquo;absorption d&rsquo;huile sont des particules non d\u00e9versantes et ne peuvent pas s&rsquo;\u00e9chapper et contaminer l&rsquo;eau et l&rsquo;\u00e9quipement.<\/li>\n<li>Les rampes absorbantes ont une dur\u00e9e de vie ext\u00e9rieure plus longue : une exposition plus longue \u00e0 l&rsquo;eau et \u00e0 l&rsquo;huile.<\/li>\n<li>Les rampes d&rsquo;absorption d&rsquo;huile peuvent absorber jusqu&rsquo;\u00e0 25 fois leur poids : nettoyage \u00e9conomique des d\u00e9versements.<\/li>\n<li>Hydrophobe Repousse l&rsquo;eau pour n&rsquo;absorber s\u00e9lectivement que les fluides \u00e0 base de p\u00e9trole.<\/li>\n<li>Les rampes absorbant l&rsquo;huile sont faciles \u00e0 appliquer et \u00e0 enlever : l\u00e9g\u00e8res. Facile \u00e0 manipuler.<\/li>\n<li>R\u00e9tention sup\u00e9rieure : Les liquides sont maintenus serr\u00e9s afin d&rsquo;\u00e9viter la r\u00e9currence du d\u00e9versement.<\/li>\n<li>Flotter ind\u00e9finiment : Rester flottant avant et apr\u00e8s la saturation.<\/li>\n<\/ul>\n<div class=\"wptm_table tablesorter-bootstrap \" data-id=\"2\" data-hightlight=\"0\"><div class=\"wptm_buttons buttons_wptmTbl2\"><\/div><div class=\"wptmresponsive dataTables-wptmtable wptmtable \" id=\"wptmtable2\" data-tableid=\"wptmTbl2\"><table data-count-header=\"1\"  data-format-decimal_count=\"0\" data-format-decimal_symbol=\".\" data-format-symbol_position=\"0\" data-format-thousand_symbol=\",\"  data-format-currency_symbol=\"$\"  data-name-style=\"2_1759658194.css\" data-format=\"YYYY-MM-DD\" id=\"wptmTbl2\" data-id=\"2\" data-responsive=\"false\" data-hideCols=\"false\"  data-type=\"html\" data-paging=\"false\" data-searching=\"true\"  data-ordering=\"false\" data-table-breakpoint=\"980\" data-scroll-x=\"true\" data-scroll-collapse=\"true\" data-align=\"center\" data-range=\"[]\" data-hideColumn=\"[0,0,0,0,0,0]\"  data-colwidths=\"[190,190,190,190,190,190]\"  data-colwidths_desktop=[]  data-colwidths_tablet=[]  data-colwidths_mobile=[]  class=\"wptm_main_table  disablePager hideScrollHeader\"><colgroup><col data-dtr=\"0\" data-dtc=\"0\" class=\"dtc0\"><col data-dtr=\"0\" data-dtc=\"1\" class=\"dtc1\"><col data-dtr=\"0\" data-dtc=\"2\" class=\"dtc2\"><col data-dtr=\"0\" data-dtc=\"3\" class=\"dtc3\"><col data-dtr=\"0\" data-dtc=\"4\" class=\"dtc4\"><col data-dtr=\"0\" data-dtc=\"5\" class=\"dtc5\"><\/colgroup><thead><tr class=\"wptm-header-cells-index\"><th rowspan=\"1\" colspan=\"1\" data-dtr=\"0\" data-dtc=\"0\" class=\"dtr0 dtc0\"><\/th><th rowspan=\"1\" colspan=\"1\" data-dtr=\"0\" data-dtc=\"1\" class=\"dtr0 dtc1\"><\/th><th rowspan=\"1\" colspan=\"1\" data-dtr=\"0\" data-dtc=\"2\" class=\"dtr0 dtc2\"><\/th><th rowspan=\"1\" colspan=\"1\" data-dtr=\"0\" data-dtc=\"3\" class=\"dtr0 dtc3\"><\/th><th rowspan=\"1\" colspan=\"1\" data-dtr=\"0\" data-dtc=\"4\" class=\"dtr0 dtc4\"><\/th><th rowspan=\"1\" colspan=\"1\" data-dtr=\"0\" data-dtc=\"5\" class=\"dtr0 dtc5\"><\/th><\/tr><tr class=\" row0\"><th   data-priority=\"0\" class=\"dtr0 dtc0\"><\/th><th   data-priority=\"0\" class=\"dtr0 dtc1\">Mavi Boom 30<\/th><th   data-priority=\"0\" class=\"dtr0 dtc2\">Mavi Boom 116<\/th><th   data-priority=\"0\" class=\"dtr0 dtc3\">Mavi Boom 280<\/th><th   data-priority=\"0\" class=\"dtr0 dtc4\">Mavi Boom 63<\/th><th   data-priority=\"0\" class=\"dtr0 dtc5\">Mavi Boom 260<\/th><\/thead><tbody><tr class=\" row1\"><td    class=\"dtr1 dtc0\">Absorption Capacity<\/td><td    class=\"dtr1 dtc1\">Up to 30 L\/Boom<\/td><td    class=\"dtr1 dtc2\">Up to 116 L\/Boom<\/td><td    class=\"dtr1 dtc3\">Up to 280 L\/Boom<\/td><td    class=\"dtr1 dtc4\">Up to 63 L\/Boom<\/td><td    class=\"dtr1 dtc5\">Up to 260 L\/Boom<\/td><\/tr><tr class=\" row2\"><td    class=\"dtr2 dtc0\">Quantity in Pack<\/td><td    class=\"dtr2 dtc1\">5<\/td><td    class=\"dtr2 dtc2\">5<\/td><td    class=\"dtr2 dtc3\">5<\/td><td    class=\"dtr2 dtc4\">5<\/td><td    class=\"dtr2 dtc5\">5<\/td><\/tr><tr class=\" row3\"><td    class=\"dtr3 dtc0\">Dimension<\/td><td    class=\"dtr3 dtc1\">10 cm diameter x 3 m<\/td><td    class=\"dtr3 dtc2\">10 cm diameter x 12,5m<\/td><td    class=\"dtr3 dtc3\">10 cm diameter x 25 m<\/td><td    class=\"dtr3 dtc4\">20 cm diameter x 3 m<\/td><td    class=\"dtr3 dtc5\">20 cm diameter x 12.5 m<\/td><\/tr><tr class=\" row4\"><td    class=\"dtr4 dtc0\">Colour + Type<\/td><td  colspan=\"5\"   class=\"dtr4 dtc1\">White = Oil Only | Blue = Oil Only | Grey = Universal | Yellow = Chemical<\/td><td  style=\"display: none\"   class=\"dtr4 dtc2\"><\/td><td  style=\"display: none\"   class=\"dtr4 dtc3\"><\/td><td  style=\"display: none\"   class=\"dtr4 dtc4\"><\/td><td  style=\"display: none\"   class=\"dtr4 dtc5\"><\/td><\/tr><\/tbody><tfoot><tr><td class=\"dtr4 dtc0\" style=\"height: 0;\"><\/td><td class=\"dtr4 dtc1\" style=\"height: 0;\"><\/td><td class=\"dtr4 dtc2\" style=\"height: 0;\"><\/td><td class=\"dtr4 dtc3\" style=\"height: 0;\"><\/td><td class=\"dtr4 dtc4\" style=\"height: 0;\"><\/td><td class=\"dtr4 dtc5\" style=\"height: 0;\"><\/td><\/tr><\/tfoot><\/table><\/div><style>#wptmtable2 .dataTables_wrapper > .dataTables_scroll {max-height:500px;overflow: auto;}<\/style><script>window.wptm_ajaxurl = 'https:\/\/mavideniz.com.tr\/wp-admin\/admin-ajax.php?juwpfisadmin=false&action=Wptm&'; window.wptm_front = 'https:\/\/mavideniz.com.tr\/wp-content\/plugins\/wp-table-manager\/app\/site\/assets\/'; window.wptm_style = 'https:\/\/mavideniz.com.tr\/wp-content\/uploads\/wptm\/';<\/script><\/div><style><\/style>\n","protected":false},"excerpt":{"rendered":"<p>Notre rampe absorbante est con\u00e7ue pour utiliser des produits chimiques, de l&rsquo;huile seulement et universelle. Absorbent Boom est le moyen [&hellip;]<\/p>\n","protected":false},"author":1,"featured_media":0,"parent":39446,"menu_order":0,"comment_status":"closed","ping_status":"closed","template":"","meta":{"site-sidebar-layout":"default","site-content-layout":"","ast-site-content-layout":"default","site-content-style":"default","site-sidebar-style":"default","ast-global-header-display":"","ast-banner-title-visibility":"","ast-main-header-display":"","ast-hfb-above-header-display":"","ast-hfb-below-header-display":"","ast-hfb-mobile-header-display":"","site-post-title":"","ast-breadcrumbs-content":"","ast-featured-img":"","footer-sml-layout":"","ast-disable-related-posts":"","theme-transparent-header-meta":"","adv-header-id-meta":"","stick-header-meta":"","header-above-stick-meta":"","header-main-stick-meta":"","header-below-stick-meta":"","astra-migrate-meta-layouts":"default","ast-page-background-enabled":"default","ast-page-background-meta":{"desktop":{"background-color":"var(--ast-global-color-5)","background-image":"","background-repeat":"repeat","background-position":"center center","background-size":"auto","background-attachment":"scroll","background-type":"","background-media":"","overlay-type":"","overlay-color":"","overlay-opacity":"","overlay-gradient":""},"tablet":{"background-color":"","background-image":"","background-repeat":"repeat","background-position":"center center","background-size":"auto","background-attachment":"scroll","background-type":"","background-media":"","overlay-type":"","overlay-color":"","overlay-opacity":"","overlay-gradient":""},"mobile":{"background-color":"","background-image":"","background-repeat":"repeat","background-position":"center center","background-size":"auto","background-attachment":"scroll","background-type":"","background-media":"","overlay-type":"","overlay-color":"","overlay-opacity":"","overlay-gradient":""}},"ast-content-background-meta":{"desktop":{"background-color":"var(--ast-global-color-4)","background-image":"","background-repeat":"repeat","background-position":"center center","background-size":"auto","background-attachment":"scroll","background-type":"","background-media":"","overlay-type":"","overlay-color":"","overlay-opacity":"","overlay-gradient":""},"tablet":{"background-color":"var(--ast-global-color-4)","background-image":"","background-repeat":"repeat","background-position":"center center","background-size":"auto","background-attachment":"scroll","background-type":"","background-media":"","overlay-type":"","overlay-color":"","overlay-opacity":"","overlay-gradient":""},"mobile":{"background-color":"var(--ast-global-color-4)","background-image":"","background-repeat":"repeat","background-position":"center center","background-size":"auto","background-attachment":"scroll","background-type":"","background-media":"","overlay-type":"","overlay-color":"","overlay-opacity":"","overlay-gradient":""}},"footnotes":""},"class_list":["post-39450","page","type-page","status-publish","hentry"],"_links":{"self":[{"href":"https:\/\/mavideniz.com.tr\/fr\/wp-json\/wp\/v2\/pages\/39450","targetHints":{"allow":["GET"]}}],"collection":[{"href":"https:\/\/mavideniz.com.tr\/fr\/wp-json\/wp\/v2\/pages"}],"about":[{"href":"https:\/\/mavideniz.com.tr\/fr\/wp-json\/wp\/v2\/types\/page"}],"author":[{"embeddable":true,"href":"https:\/\/mavideniz.com.tr\/fr\/wp-json\/wp\/v2\/users\/1"}],"replies":[{"embeddable":true,"href":"https:\/\/mavideniz.com.tr\/fr\/wp-json\/wp\/v2\/comments?post=39450"}],"version-history":[{"count":0,"href":"https:\/\/mavideniz.com.tr\/fr\/wp-json\/wp\/v2\/pages\/39450\/revisions"}],"up":[{"embeddable":true,"href":"https:\/\/mavideniz.com.tr\/fr\/wp-json\/wp\/v2\/pages\/39446"}],"wp:attachment":[{"href":"https:\/\/mavideniz.com.tr\/fr\/wp-json\/wp\/v2\/media?parent=39450"}],"curies":[{"name":"wp","href":"https:\/\/api.w.org\/{rel}","templated":true}]}}