{"id":39454,"date":"2022-10-08T16:38:50","date_gmt":"2022-10-08T16:38:50","guid":{"rendered":"https:\/\/mavideniz.com.tr\/?page_id=39454"},"modified":"2022-10-08T16:38:54","modified_gmt":"2022-10-08T16:38:54","slug":"granule-absorbant-_-huile-chimique-universel","status":"publish","type":"page","link":"https:\/\/mavideniz.com.tr\/fr\/produits-industriels\/absorbants-kit-dintervention-en-cas-de-deversement\/granule-absorbant-_-huile-chimique-universel\/","title":{"rendered":"Granule Absorbant _ Huile + Chimique + Universel"},"content":{"rendered":"\n<p>Biogranular est une huile absorbante Granules, un sorbant d&rsquo;huile fabriqu\u00e9 \u00e0 partir de sorbants granulaires de haute qualit\u00e9 \u00e0 base de l\u00e9gumes. Le proc\u00e9d\u00e9 de fabrication permet d&rsquo;obtenir un produit qui devient \u00e0 la fois ol\u00e9ophile ( hydrocarbures absorbants ) et hydrophobe ( hydrofuge ). Les granul\u00e9s absorbant l&rsquo;huile absorbent rapidement les hydrocarbures au contact gr\u00e2ce \u00e0 leur effet de m\u00e8che et encapsulent l&rsquo;huile au contact. Absorbe l&rsquo;huile mais pas l&rsquo;eau de sorte qu&rsquo;il peut utiliser sur l&rsquo;eau ou les surfaces s\u00e8ches. Ce qui rend les granul\u00e9s absorbant l&rsquo;huile id\u00e9al pour le nettoyage des hydrocarbures sur les eaux libres et les applications terrestres. Les granul\u00e9s absorbant l&rsquo;huile sont des produits l\u00e9gers et non biod\u00e9gradables qui absorbent ou encapsulent les hydrocarbures au contact plut\u00f4t que d&rsquo;absorber l&rsquo;huile par la tension superficielle.<\/p>\n<p><strong>Caract\u00e9ristiques<\/strong><\/p>\n<ul>\n<li>Les granules absorbant l&rsquo;huile peuvent absorber jusqu&rsquo;\u00e0 8-12 fois son poids, absorption rentable des liquides.<\/li>\n<li>Hydrophobe, Repousse l&rsquo;eau pour n&rsquo;absorber s\u00e9lectivement que le p\u00e9trole et les autres fluides apparent\u00e9s.<\/li>\n<li>Les granules absorbant l&rsquo;huile de flottaison peuvent flotter sur l&rsquo;eau pendant au moins 51 jours.<\/li>\n<li>Absorbant organique, 100% naturel, non toxique et biod\u00e9gradable<\/li>\n<li>Biod\u00e9gradation, Am\u00e9liore la biod\u00e9gradation de certains hydrocarbures en sous-produits inoffensifs.<\/li>\n<li>Les granules absorbant l&rsquo;huile sont \u00e9conomiques, g\u00e9n\u00e8rent des volumes de d\u00e9chets beaucoup plus faibles que les produits concurrents.<\/li>\n<li>Les granul\u00e9s absorbant l&rsquo;huile sont faciles \u00e0 utiliser, sans formation ni \u00e9quipement sp\u00e9cialis\u00e9 ; ouvrez et appliquez.<\/li>\n<li>Polyvalent, appliqu\u00e9 sur n&rsquo;importe quel type de surface, terre ou eau, absorbe la plus grande vari\u00e9t\u00e9 de liquides que les absorbants traditionnels.<\/li>\n<li>Inflammabilit\u00e9, Ne s&rsquo;enflamme pas instantan\u00e9ment lorsqu&rsquo;il est expos\u00e9 \u00e0 la chaleur ou \u00e0 la flamme ; il est difficile d&rsquo;\u00e9tablir une combustion lente.<\/li>\n<li>Les granules absorbant l&rsquo;huile sont non-lixiviants ; maintenez sur le liquide absorb\u00e9 moins de salet\u00e9 \u00e9gouttant dans le nettoyage.<\/li>\n<li>Suppresseur de vapeur, R\u00e9duit les vapeurs inflammables de 90%.<\/li>\n<li>Vitesse d&rsquo;aspiration rapide, r\u00e9duisant les temps d&rsquo;arr\u00eat pour le nettoyage.<\/li>\n<li>Faible abrasion, ne contient pas de silice.<\/li>\n<li>Faible Teneur En Cendres, Ne Laisse Que 2 % De R\u00e9sidus De Cendres Lorsqu&rsquo;Incin\u00e9r\u00e9.<\/li>\n<li>R\u00e9tention sup\u00e9rieure, les liquides sont maintenus fermement pour emp\u00eacher la r\u00e9currence du d\u00e9versement.<\/li>\n<li>Produit universel test\u00e9 sur 160 polluants (tous types d&rsquo;hydrocarbures, peintures, herbicides, pesticides, acides, sang, graisses animales)<\/li>\n<\/ul>\n<div class=\"wptm_table tablesorter-bootstrap \" data-id=\"131\" data-hightlight=\"0\"><div class=\"wptm_buttons buttons_wptmTbl131\"><\/div><div class=\"wptmresponsive dataTables-wptmtable wptmtable \" id=\"wptmtable131\" data-tableid=\"wptmTbl131\"><table data-count-header=\"1\"  data-format-decimal_count=\"0\" data-format-decimal_symbol=\".\" data-format-symbol_position=\"0\" data-format-thousand_symbol=\",\"  data-format-currency_symbol=\"$\"  data-name-style=\"131_1759657863.css\" data-format=\"YYYY-MM-DD\" id=\"wptmTbl131\" data-id=\"131\" data-responsive=\"false\" data-hideCols=\"false\"  data-type=\"html\" data-paging=\"false\" data-searching=\"true\"  data-ordering=\"false\" data-table-breakpoint=\"980\" data-scroll-x=\"true\" data-scroll-collapse=\"true\" data-align=\"center\" data-range=\"[]\" data-hideColumn=\"[0,0,0,0,0]\"  data-colwidths=\"[228,228,228,228,228]\"  data-colwidths_desktop=[]  data-colwidths_tablet=[]  data-colwidths_mobile=[]  class=\"wptm_main_table  disablePager hideScrollHeader\"><colgroup><col data-dtr=\"0\" data-dtc=\"0\" class=\"dtc0\"><col data-dtr=\"0\" data-dtc=\"1\" class=\"dtc1\"><col data-dtr=\"0\" data-dtc=\"2\" class=\"dtc2\"><col data-dtr=\"0\" data-dtc=\"3\" class=\"dtc3\"><col data-dtr=\"0\" data-dtc=\"4\" class=\"dtc4\"><\/colgroup><thead><tr class=\"wptm-header-cells-index\"><th rowspan=\"1\" colspan=\"1\" data-dtr=\"0\" data-dtc=\"0\" class=\"dtr0 dtc0\"><\/th><th rowspan=\"1\" colspan=\"1\" data-dtr=\"0\" data-dtc=\"1\" class=\"dtr0 dtc1\"><\/th><th rowspan=\"1\" colspan=\"1\" data-dtr=\"0\" data-dtc=\"2\" class=\"dtr0 dtc2\"><\/th><th rowspan=\"1\" colspan=\"1\" data-dtr=\"0\" data-dtc=\"3\" class=\"dtr0 dtc3\"><\/th><th rowspan=\"1\" colspan=\"1\" data-dtr=\"0\" data-dtc=\"4\" class=\"dtr0 dtc4\"><\/th><\/tr><tr class=\" row0\"><th   data-priority=\"0\" class=\"dtr0 dtc0\"><\/th><th   data-priority=\"0\" class=\"dtr0 dtc1\">Mavi Granule 10<\/th><th   data-priority=\"0\" class=\"dtr0 dtc2\">Mavi Granule 20<\/th><th   data-priority=\"0\" class=\"dtr0 dtc3\">Mavi Granule 30<\/th><th   data-priority=\"0\" class=\"dtr0 dtc4\">Mavi Granule 200<\/th><\/thead><tbody><tr class=\" row1\"><td    class=\"dtr1 dtc0\">Volume<\/td><td    class=\"dtr1 dtc1\">10 Litre<\/td><td    class=\"dtr1 dtc2\">20 Litre<\/td><td    class=\"dtr1 dtc3\">30 Litre<\/td><td    class=\"dtr1 dtc4\">200 Litre<\/td><\/tr><\/tbody><tfoot><tr><td class=\"dtr1 dtc0\" style=\"height: 0;\"><\/td><td class=\"dtr1 dtc1\" style=\"height: 0;\"><\/td><td class=\"dtr1 dtc2\" style=\"height: 0;\"><\/td><td class=\"dtr1 dtc3\" style=\"height: 0;\"><\/td><td class=\"dtr1 dtc4\" style=\"height: 0;\"><\/td><\/tr><\/tfoot><\/table><\/div><style>#wptmtable131 .dataTables_wrapper > .dataTables_scroll {max-height:500px;overflow: auto;}<\/style><script>window.wptm_ajaxurl = 'https:\/\/mavideniz.com.tr\/wp-admin\/admin-ajax.php?juwpfisadmin=false&action=Wptm&'; window.wptm_front = 'https:\/\/mavideniz.com.tr\/wp-content\/plugins\/wp-table-manager\/app\/site\/assets\/'; window.wptm_style = 'https:\/\/mavideniz.com.tr\/wp-content\/uploads\/wptm\/';<\/script><\/div><style><\/style>\n","protected":false},"excerpt":{"rendered":"<p>Biogranular est une huile absorbante Granules, un sorbant d&rsquo;huile fabriqu\u00e9 \u00e0 partir de sorbants granulaires de haute qualit\u00e9 \u00e0 base [&hellip;]<\/p>\n","protected":false},"author":1,"featured_media":0,"parent":39446,"menu_order":0,"comment_status":"closed","ping_status":"closed","template":"","meta":{"site-sidebar-layout":"default","site-content-layout":"","ast-site-content-layout":"default","site-content-style":"default","site-sidebar-style":"default","ast-global-header-display":"","ast-banner-title-visibility":"","ast-main-header-display":"","ast-hfb-above-header-display":"","ast-hfb-below-header-display":"","ast-hfb-mobile-header-display":"","site-post-title":"","ast-breadcrumbs-content":"","ast-featured-img":"","footer-sml-layout":"","ast-disable-related-posts":"","theme-transparent-header-meta":"","adv-header-id-meta":"","stick-header-meta":"","header-above-stick-meta":"","header-main-stick-meta":"","header-below-stick-meta":"","astra-migrate-meta-layouts":"default","ast-page-background-enabled":"default","ast-page-background-meta":{"desktop":{"background-color":"var(--ast-global-color-5)","background-image":"","background-repeat":"repeat","background-position":"center center","background-size":"auto","background-attachment":"scroll","background-type":"","background-media":"","overlay-type":"","overlay-color":"","overlay-opacity":"","overlay-gradient":""},"tablet":{"background-color":"","background-image":"","background-repeat":"repeat","background-position":"center center","background-size":"auto","background-attachment":"scroll","background-type":"","background-media":"","overlay-type":"","overlay-color":"","overlay-opacity":"","overlay-gradient":""},"mobile":{"background-color":"","background-image":"","background-repeat":"repeat","background-position":"center center","background-size":"auto","background-attachment":"scroll","background-type":"","background-media":"","overlay-type":"","overlay-color":"","overlay-opacity":"","overlay-gradient":""}},"ast-content-background-meta":{"desktop":{"background-color":"var(--ast-global-color-4)","background-image":"","background-repeat":"repeat","background-position":"center center","background-size":"auto","background-attachment":"scroll","background-type":"","background-media":"","overlay-type":"","overlay-color":"","overlay-opacity":"","overlay-gradient":""},"tablet":{"background-color":"var(--ast-global-color-4)","background-image":"","background-repeat":"repeat","background-position":"center center","background-size":"auto","background-attachment":"scroll","background-type":"","background-media":"","overlay-type":"","overlay-color":"","overlay-opacity":"","overlay-gradient":""},"mobile":{"background-color":"var(--ast-global-color-4)","background-image":"","background-repeat":"repeat","background-position":"center center","background-size":"auto","background-attachment":"scroll","background-type":"","background-media":"","overlay-type":"","overlay-color":"","overlay-opacity":"","overlay-gradient":""}},"footnotes":""},"class_list":["post-39454","page","type-page","status-publish","hentry"],"_links":{"self":[{"href":"https:\/\/mavideniz.com.tr\/fr\/wp-json\/wp\/v2\/pages\/39454","targetHints":{"allow":["GET"]}}],"collection":[{"href":"https:\/\/mavideniz.com.tr\/fr\/wp-json\/wp\/v2\/pages"}],"about":[{"href":"https:\/\/mavideniz.com.tr\/fr\/wp-json\/wp\/v2\/types\/page"}],"author":[{"embeddable":true,"href":"https:\/\/mavideniz.com.tr\/fr\/wp-json\/wp\/v2\/users\/1"}],"replies":[{"embeddable":true,"href":"https:\/\/mavideniz.com.tr\/fr\/wp-json\/wp\/v2\/comments?post=39454"}],"version-history":[{"count":0,"href":"https:\/\/mavideniz.com.tr\/fr\/wp-json\/wp\/v2\/pages\/39454\/revisions"}],"up":[{"embeddable":true,"href":"https:\/\/mavideniz.com.tr\/fr\/wp-json\/wp\/v2\/pages\/39446"}],"wp:attachment":[{"href":"https:\/\/mavideniz.com.tr\/fr\/wp-json\/wp\/v2\/media?parent=39454"}],"curies":[{"name":"wp","href":"https:\/\/api.w.org\/{rel}","templated":true}]}}