{"id":39474,"date":"2022-10-08T16:44:56","date_gmt":"2022-10-08T16:44:56","guid":{"rendered":"https:\/\/mavideniz.com.tr\/?page_id=39474"},"modified":"2024-03-06T17:23:36","modified_gmt":"2024-03-06T17:23:36","slug":"tampon-absorbant-_-huile-chimique-universel","status":"publish","type":"page","link":"https:\/\/mavideniz.com.tr\/fr\/produits-industriels\/absorbants-kit-dintervention-en-cas-de-deversement\/tampon-absorbant-_-huile-chimique-universel\/","title":{"rendered":"Tampon Absorbant _ Huile &#8211; Chimique &#8211; Universel"},"content":{"rendered":"\n<p>Notre coussin absorbant est con\u00e7u pour absorber les produits chimiques, le p\u00e9trole et les d\u00e9versements universels. Le tampon absorbant est le moyen le plus rapide de nettoyer un d\u00e9versement. Le coussin absorbant est disponible dans une gamme de poids et de mat\u00e9riaux diff\u00e9rents. Le coussin absorbant l&rsquo;huile, le coussin absorbant universel et le mat\u00e9riau du coussin absorbant les produits chimiques assurent une action capillaire rapide et une excellente capacit\u00e9 d&rsquo;absorption et de r\u00e9tention.<\/p>\n<p>Le tampon absorbant l&rsquo;huile est con\u00e7u pour adsorber les liquides \u00e0 base de p\u00e9trole et l&rsquo;eau repouss\u00e9e. Il est recommand\u00e9 d&rsquo;utiliser un tampon absorbant l&rsquo;huile en cas de d\u00e9versement mineur d&rsquo;huile sur l&rsquo;eau et en milieu de travail. Excellent pour les pipelines, les chantiers navals, les navires, les ponts de yachts, les usines, les usines industrielles, les quais de chargement, les ateliers de machines et d&rsquo;entretien, les services d&rsquo;incendie, l&rsquo;intervention municipale en cas de d\u00e9versement, ou partout o\u00f9 des d\u00e9versements liquides, chimiques ou p\u00e9troliers se produisent. Le tampon absorbant l&rsquo;huile est toujours facilement plac\u00e9 et r\u00e9cup\u00e9r\u00e9. Disponible en bleu ou blanc pour les huiles lourdes et l\u00e9g\u00e8res.<\/p>\n<p>Universal Absorbent Pad est con\u00e7u pour absorber les huiles de nettoyage, les liquides de refroidissement, les solvants et les fluides \u00e0 base d&rsquo;eau n&rsquo;importe o\u00f9 dans votre installation. Autour des machines, sous les tuyaux ou les raccords qui fuient, dans les zones de circulation d\u00e9sordonn\u00e9es, pour les projets d&rsquo;entretien g\u00e9n\u00e9ral, vous \u00eates le premier choix pour le contr\u00f4le des d\u00e9versements \u00e0 l&rsquo;int\u00e9rieur. De plus, les masques gris d&rsquo;Universal Absorbent Pad vous aident \u00e0 r\u00e9sister \u00e0 l&rsquo;envie de prendre l&rsquo;absorbant avant qu&rsquo;il ne soit compl\u00e8tement satur\u00e9. Disponible en gris pour les huiles lourdes et l\u00e9g\u00e8res.<\/p>\n<p>Le coussin absorbant chimique a fait une base de polypropyl\u00e8ne fondu-souffl\u00e9 hautement absorbant. Le coussin absorbant chimique est disponible dans de nombreux formats, l\u00e9ger et nominalement sans poussi\u00e8re. Le tampon absorbant les produits chimiques a une capacit\u00e9 d&rsquo;absorption \u00e9lev\u00e9e, ce qui r\u00e9duit au minimum la quantit\u00e9 de d\u00e9chets \u00e0 \u00e9liminer. Le tampon absorbant les produits chimiques est appropri\u00e9 pour adsorber une large gamme de liquides, y compris des acides sp\u00e9cifiques, des bases, des r\u00e9frig\u00e9rants, des fluides \u00e0 base de p\u00e9trole, des produits chimiques non agressifs et des solutions aqueuses. Disponible en couleur jaune pour poids lourds et l\u00e9gers Produits chimiques.<\/p>\n<h4><strong>Caract\u00e9ristiques<\/strong><\/h4>\n<ul>\n<li>Hydrophobe<\/li>\n<li>Anti-statique<\/li>\n<li>Solution \u00e9conomique pour nettoyer les d\u00e9versements, les fuites et les gouttes d&rsquo;eau<\/li>\n<li>Absorbent Pad a le pouvoir d&rsquo;absorption, Absorbe jusqu&rsquo;\u00e0 25 fois son poids dans l&rsquo;huile et d&rsquo;autres liquides connexes.<\/li>\n<li>Hydrophobe, Repousse l&rsquo;eau pour n&rsquo;absorber s\u00e9lectivement que le p\u00e9trole et les autres fluides apparent\u00e9s.<\/li>\n<li>Sans peluche, aucune contamination des pi\u00e8ces vitales de la machine<\/li>\n<li>Les coussinets absorbants sont \u00e0 vitesse de captage rapide, ce qui r\u00e9duit les temps d&rsquo;arr\u00eat pour le nettoyage.<\/li>\n<li>R\u00e9tention sup\u00e9rieure, les liquides sont maintenus fermement pour emp\u00eacher la r\u00e9currence d&rsquo;un d\u00e9versement.<\/li>\n<li>Les tampons absorbants sont \u00e0 faible teneur en cendres, incin\u00e9rables, ce qui minimise votre flux de d\u00e9chets.<\/li>\n<\/ul>\n<div class=\"wptm_table tablesorter-bootstrap \" data-id=\"1\" data-hightlight=\"0\"><div class=\"wptm_buttons buttons_wptmTbl1\"><\/div><div class=\"wptmresponsive dataTables-wptmtable wptmtable \" id=\"wptmtable1\" data-tableid=\"wptmTbl1\"><table data-count-header=\"1\"  data-format-decimal_count=\"0\" data-format-decimal_symbol=\".\" data-format-symbol_position=\"0\" data-format-thousand_symbol=\",\"  data-format-currency_symbol=\"$\"  data-name-style=\"1_1759658211.css\" data-format=\"YYYY-MM-DD\" id=\"wptmTbl1\" data-id=\"1\" data-responsive=\"false\" data-hideCols=\"false\"  data-type=\"html\" data-paging=\"false\" data-searching=\"true\"  data-ordering=\"false\" data-table-breakpoint=\"980\" data-scroll-x=\"true\" data-scroll-collapse=\"true\" data-align=\"center\" data-range=\"[]\" data-hideColumn=\"[0,0,0,0,0,0,0]\"  data-colwidths=\"[162,162,162,162,162,162,162]\"  data-colwidths_desktop=[]  data-colwidths_tablet=[]  data-colwidths_mobile=[]  class=\"wptm_main_table  disablePager hideScrollHeader\"><colgroup><col data-dtr=\"0\" data-dtc=\"0\" class=\"dtc0\"><col data-dtr=\"0\" data-dtc=\"1\" class=\"dtc1\"><col data-dtr=\"0\" data-dtc=\"2\" class=\"dtc2\"><col data-dtr=\"0\" data-dtc=\"3\" class=\"dtc3\"><col data-dtr=\"0\" data-dtc=\"4\" class=\"dtc4\"><col data-dtr=\"0\" data-dtc=\"5\" class=\"dtc5\"><col data-dtr=\"0\" data-dtc=\"6\" class=\"dtc6\"><\/colgroup><thead><tr class=\"wptm-header-cells-index\"><th rowspan=\"1\" colspan=\"1\" data-dtr=\"0\" data-dtc=\"0\" class=\"dtr0 dtc0\"><\/th><th rowspan=\"1\" colspan=\"1\" data-dtr=\"0\" data-dtc=\"1\" class=\"dtr0 dtc1\"><\/th><th rowspan=\"1\" colspan=\"1\" data-dtr=\"0\" data-dtc=\"2\" class=\"dtr0 dtc2\"><\/th><th rowspan=\"1\" colspan=\"1\" data-dtr=\"0\" data-dtc=\"3\" class=\"dtr0 dtc3\"><\/th><th rowspan=\"1\" colspan=\"1\" data-dtr=\"0\" data-dtc=\"4\" class=\"dtr0 dtc4\"><\/th><th rowspan=\"1\" colspan=\"1\" data-dtr=\"0\" data-dtc=\"5\" class=\"dtr0 dtc5\"><\/th><th rowspan=\"1\" colspan=\"1\" data-dtr=\"0\" data-dtc=\"6\" class=\"dtr0 dtc6\"><\/th><\/tr><tr class=\" row0\"><th   data-priority=\"0\" class=\"dtr0 dtc0\"><\/th><th   data-priority=\"0\" class=\"dtr0 dtc1\">Mavi Pad 80<\/th><th   data-priority=\"0\" class=\"dtr0 dtc2\">Mavi Pad 120<\/th><th   data-priority=\"0\" class=\"dtr0 dtc3\">Mavi Pad 150<\/th><th   data-priority=\"0\" class=\"dtr0 dtc4\">Mavi Pad 200<\/th><th   data-priority=\"0\" class=\"dtr0 dtc5\">Mavi Pad 250<\/th><th   data-priority=\"0\" class=\"dtr0 dtc6\">Mavi Pad 300<\/th><\/thead><tbody><tr class=\" row1\"><td    class=\"dtr1 dtc0\">Weight<\/td><td    class=\"dtr1 dtc1\">80 g<\/td><td    class=\"dtr1 dtc2\">120 g<\/td><td    class=\"dtr1 dtc3\">150 g<\/td><td    class=\"dtr1 dtc4\">200 g<\/td><td    class=\"dtr1 dtc5\">250 g<\/td><td    class=\"dtr1 dtc6\">300 g<\/td><\/tr><tr class=\" row2\"><td    class=\"dtr2 dtc0\">Technology<\/td><td    class=\"dtr2 dtc1\">Meltblown<\/td><td    class=\"dtr2 dtc2\">Meltblown<\/td><td    class=\"dtr2 dtc3\">Meltblown<\/td><td    class=\"dtr2 dtc4\">Meltblown<\/td><td    class=\"dtr2 dtc5\">Meltblown<\/td><td    class=\"dtr2 dtc6\">Meltblown<\/td><\/tr><tr class=\" row3\"><td    class=\"dtr3 dtc0\">Capacity<\/td><td  colspan=\"6\"   class=\"dtr3 dtc1\">Up to 15 times its own weight<\/td><td  style=\"display: none\"   class=\"dtr3 dtc2\"><\/td><td  style=\"display: none\"   class=\"dtr3 dtc3\"><\/td><td  style=\"display: none\"   class=\"dtr3 dtc4\"><\/td><td  style=\"display: none\"   class=\"dtr3 dtc5\"><\/td><td  style=\"display: none\"   class=\"dtr3 dtc6\"><\/td><\/tr><tr class=\" row4\"><td    class=\"dtr4 dtc0\">Quantity in Pack<\/td><td    class=\"dtr4 dtc1\">100 pcs<\/td><td    class=\"dtr4 dtc2\">100 pcs<\/td><td    class=\"dtr4 dtc3\">100 pcs<\/td><td    class=\"dtr4 dtc4\">100 pcs<\/td><td    class=\"dtr4 dtc5\">100 pcs<\/td><td    class=\"dtr4 dtc6\">100 pcs<\/td><\/tr><tr class=\" row5\"><td    class=\"dtr5 dtc0\">Size<\/td><td    class=\"dtr5 dtc1\">40 x 50<\/td><td    class=\"dtr5 dtc2\">40 x 50<\/td><td    class=\"dtr5 dtc3\">40 x 50<\/td><td    class=\"dtr5 dtc4\">40 x 50<\/td><td    class=\"dtr5 dtc5\">40 x 50<\/td><td    class=\"dtr5 dtc6\">40 x 50<\/td><\/tr><tr class=\" row6\"><td    class=\"dtr6 dtc0\">Colour + Type<\/td><td  colspan=\"6\"   class=\"dtr6 dtc1\">White = Oil Only | Blue = Oil Only | Grey = Universal | Yellow = Chemical<\/td><td  style=\"display: none\"   class=\"dtr6 dtc2\"><\/td><td  style=\"display: none\"   class=\"dtr6 dtc3\"><\/td><td  style=\"display: none\"   class=\"dtr6 dtc4\"><\/td><td  style=\"display: none\"   class=\"dtr6 dtc5\"><\/td><td  style=\"display: none\"   class=\"dtr6 dtc6\"><\/td><\/tr><\/tbody><tfoot><tr><td class=\"dtr6 dtc0\" style=\"height: 0;\"><\/td><td class=\"dtr6 dtc1\" style=\"height: 0;\"><\/td><td class=\"dtr6 dtc2\" style=\"height: 0;\"><\/td><td class=\"dtr6 dtc3\" style=\"height: 0;\"><\/td><td class=\"dtr6 dtc4\" style=\"height: 0;\"><\/td><td class=\"dtr6 dtc5\" style=\"height: 0;\"><\/td><td class=\"dtr6 dtc6\" style=\"height: 0;\"><\/td><\/tr><\/tfoot><\/table><\/div><style>#wptmtable1 .dataTables_wrapper > .dataTables_scroll {max-height:500px;overflow: auto;}<\/style><script>window.wptm_ajaxurl = 'https:\/\/mavideniz.com.tr\/wp-admin\/admin-ajax.php?juwpfisadmin=false&action=Wptm&'; window.wptm_front = 'https:\/\/mavideniz.com.tr\/wp-content\/plugins\/wp-table-manager\/app\/site\/assets\/'; window.wptm_style = 'https:\/\/mavideniz.com.tr\/wp-content\/uploads\/wptm\/';<\/script><\/div><style><\/style>\n","protected":false},"excerpt":{"rendered":"<p>Notre coussin absorbant est con\u00e7u pour absorber les produits chimiques, le p\u00e9trole et les d\u00e9versements universels. Le tampon absorbant est [&hellip;]<\/p>\n","protected":false},"author":1,"featured_media":0,"parent":39446,"menu_order":0,"comment_status":"closed","ping_status":"closed","template":"","meta":{"site-sidebar-layout":"default","site-content-layout":"","ast-site-content-layout":"default","site-content-style":"default","site-sidebar-style":"default","ast-global-header-display":"","ast-banner-title-visibility":"","ast-main-header-display":"","ast-hfb-above-header-display":"","ast-hfb-below-header-display":"","ast-hfb-mobile-header-display":"","site-post-title":"","ast-breadcrumbs-content":"","ast-featured-img":"","footer-sml-layout":"","ast-disable-related-posts":"","theme-transparent-header-meta":"","adv-header-id-meta":"","stick-header-meta":"","header-above-stick-meta":"","header-main-stick-meta":"","header-below-stick-meta":"","astra-migrate-meta-layouts":"default","ast-page-background-enabled":"default","ast-page-background-meta":{"desktop":{"background-color":"var(--ast-global-color-5)","background-image":"","background-repeat":"repeat","background-position":"center center","background-size":"auto","background-attachment":"scroll","background-type":"","background-media":"","overlay-type":"","overlay-color":"","overlay-opacity":"","overlay-gradient":""},"tablet":{"background-color":"","background-image":"","background-repeat":"repeat","background-position":"center center","background-size":"auto","background-attachment":"scroll","background-type":"","background-media":"","overlay-type":"","overlay-color":"","overlay-opacity":"","overlay-gradient":""},"mobile":{"background-color":"","background-image":"","background-repeat":"repeat","background-position":"center center","background-size":"auto","background-attachment":"scroll","background-type":"","background-media":"","overlay-type":"","overlay-color":"","overlay-opacity":"","overlay-gradient":""}},"ast-content-background-meta":{"desktop":{"background-color":"var(--ast-global-color-4)","background-image":"","background-repeat":"repeat","background-position":"center center","background-size":"auto","background-attachment":"scroll","background-type":"","background-media":"","overlay-type":"","overlay-color":"","overlay-opacity":"","overlay-gradient":""},"tablet":{"background-color":"var(--ast-global-color-4)","background-image":"","background-repeat":"repeat","background-position":"center center","background-size":"auto","background-attachment":"scroll","background-type":"","background-media":"","overlay-type":"","overlay-color":"","overlay-opacity":"","overlay-gradient":""},"mobile":{"background-color":"var(--ast-global-color-4)","background-image":"","background-repeat":"repeat","background-position":"center center","background-size":"auto","background-attachment":"scroll","background-type":"","background-media":"","overlay-type":"","overlay-color":"","overlay-opacity":"","overlay-gradient":""}},"footnotes":""},"class_list":["post-39474","page","type-page","status-publish","hentry"],"_links":{"self":[{"href":"https:\/\/mavideniz.com.tr\/fr\/wp-json\/wp\/v2\/pages\/39474","targetHints":{"allow":["GET"]}}],"collection":[{"href":"https:\/\/mavideniz.com.tr\/fr\/wp-json\/wp\/v2\/pages"}],"about":[{"href":"https:\/\/mavideniz.com.tr\/fr\/wp-json\/wp\/v2\/types\/page"}],"author":[{"embeddable":true,"href":"https:\/\/mavideniz.com.tr\/fr\/wp-json\/wp\/v2\/users\/1"}],"replies":[{"embeddable":true,"href":"https:\/\/mavideniz.com.tr\/fr\/wp-json\/wp\/v2\/comments?post=39474"}],"version-history":[{"count":0,"href":"https:\/\/mavideniz.com.tr\/fr\/wp-json\/wp\/v2\/pages\/39474\/revisions"}],"up":[{"embeddable":true,"href":"https:\/\/mavideniz.com.tr\/fr\/wp-json\/wp\/v2\/pages\/39446"}],"wp:attachment":[{"href":"https:\/\/mavideniz.com.tr\/fr\/wp-json\/wp\/v2\/media?parent=39474"}],"curies":[{"name":"wp","href":"https:\/\/api.w.org\/{rel}","templated":true}]}}