{"id":39479,"date":"2022-10-08T16:47:53","date_gmt":"2022-10-08T16:47:53","guid":{"rendered":"https:\/\/mavideniz.com.tr\/?page_id=39479"},"modified":"2025-08-30T21:33:09","modified_gmt":"2025-08-30T21:33:09","slug":"oreiller-absorbant-_-petrole-chimique-universel","status":"publish","type":"page","link":"https:\/\/mavideniz.com.tr\/fr\/produits-industriels\/absorbants-kit-dintervention-en-cas-de-deversement\/oreiller-absorbant-_-petrole-chimique-universel\/","title":{"rendered":"Oreiller Absorbant _ P\u00e9trole &#8211; Chimique &#8211; Universel"},"content":{"rendered":"\n<p>Coussin absorbant a une absorption plus rapide que les chaussettes en raison d&rsquo;une surface plus grande. Particuli\u00e8rement adapt\u00e9 pour les bassins de capture d&rsquo;eau, les puisards, ou en combinaison avec des estacades. Absorber de grandes quantit\u00e9s de liquides p\u00e9troliers dans des espaces confin\u00e9s tels que les drains, les puisards, les foss\u00e9s, les exutoires, les puits et les machines qui fuient. Arr\u00eate les fuites. Utilisation pratique \u00e0 l&rsquo;int\u00e9rieur \/ ext\u00e9rieur. L&rsquo;Oreiller absorbant peut \u00eatre utilis\u00e9 pour nettoyer le liquide d\u00e9vers\u00e9 entour\u00e9 par des estacades.<\/p>\n<p>L&rsquo;Oreiller Absorbant de Mavi Deniz peut \u00eatre utilis\u00e9 pour les produits chimiques, l&rsquo;huile seulement et universel. L&rsquo;Oreiller absorbant est le moyen le plus rapide de nettoyer un d\u00e9versement. Le coussin absorbant est disponible dans une gamme de poids et de mat\u00e9riaux diff\u00e9rents. L&rsquo;oreiller absorbant l&rsquo;huile, l&rsquo;oreiller absorbant universel et le mat\u00e9riau d&rsquo;oreiller absorbant les produits chimiques procurent une action capillaire rapide et une excellente capacit\u00e9 d&rsquo;absorption et de r\u00e9tention.<\/p>\n<p>Oreiller absorbant l&rsquo;huile est con\u00e7u pour adsorber les liquides \u00e0 base de p\u00e9trole et l&rsquo;eau repouss\u00e9e. L&rsquo;oreiller absorbant l&rsquo;huile est recommand\u00e9 en cas de d\u00e9versements mineurs d&rsquo;huile sur l&rsquo;eau et en usine. Excellent pour les pipelines, les chantiers navals, les navires, les ponts de yachts, les usines, les usines industrielles, les quais de chargement, les ateliers de machines et d&rsquo;entretien, les services d&rsquo;incendie, l&rsquo;intervention municipale en cas de d\u00e9versement, ou partout o\u00f9 des d\u00e9versements liquides, chimiques ou p\u00e9troliers se produisent. Oreiller absorbant l&rsquo;huile est toujours facilement plac\u00e9 et r\u00e9cup\u00e9r\u00e9. Disponible en bleu ou blanc pour les huiles lourdes et l\u00e9g\u00e8res.<\/p>\n<p>L&rsquo;oreiller absorbant universel est con\u00e7u pour absorber les huiles de nettoyage, les liquides de refroidissement, les solvants et les fluides \u00e0 base d&rsquo;eau partout dans votre installation. Autour des machines, sous les tuyaux ou les raccords qui fuient, dans les zones de circulation d\u00e9sordonn\u00e9es, pour les projets d&rsquo;entretien g\u00e9n\u00e9ral, vous \u00eates le premier choix pour le contr\u00f4le des d\u00e9versements \u00e0 l&rsquo;int\u00e9rieur. De plus, les masques gris d&rsquo;Universal Absorbent Pillow vous aident \u00e0 r\u00e9sister \u00e0 l&rsquo;envie de prendre l&rsquo;absorbant avant qu&rsquo;il ne soit compl\u00e8tement satur\u00e9. Disponible en gris pour les huiles lourdes et l\u00e9g\u00e8res.<\/p>\n<p>Oreiller absorbant chimique fait une base de polypropyl\u00e8ne hautement absorbant fondu-souffl\u00e9. Oreiller absorbant chimique est disponible en diff\u00e9rents formats, l\u00e9ger et nominalement sans poussi\u00e8re. L&rsquo;oreiller absorbant les produits chimiques a une capacit\u00e9 d&rsquo;absorption \u00e9lev\u00e9e, ce qui minimise la quantit\u00e9 de d\u00e9chets \u00e0 \u00e9liminer. L&rsquo;oreiller absorbant les produits chimiques est appropri\u00e9 pour adsorber une large gamme de liquides, y compris des acides sp\u00e9cifiques, des bases, des r\u00e9frig\u00e9rants, des fluides \u00e0 base de p\u00e9trole, des produits chimiques non agressifs et des solutions aqueuses. Disponible en couleur jaune pour poids lourds et l\u00e9gers Produits chimiques.<\/p>\n<h4><strong>Caract\u00e9ristiques<\/strong><\/h4>\n<ul>\n<li>Oreiller absorbant a le pouvoir d&rsquo;absorption, absorbe jusqu&rsquo;\u00e0 25 fois son poids dans l&rsquo;huile et d&rsquo;autres liquides connexes.<\/li>\n<li>Hydrophobe, Repousse l&rsquo;eau pour n&rsquo;absorber s\u00e9lectivement que le p\u00e9trole ou d&rsquo;autres fluides apparent\u00e9s.<\/li>\n<li>Oreiller absorbant est l\u00e9ger, facile \u00e0 d\u00e9ployer et \u00e0 manipuler.<\/li>\n<li>Vitesse d&rsquo;aspiration rapide, r\u00e9duisant les temps d&rsquo;arr\u00eat pour le nettoyage.<\/li>\n<li>Oreiller absorbant est r\u00e9tention sup\u00e9rieure. Les liquides sont maintenus serr\u00e9s pour \u00e9viter la r\u00e9currence d&rsquo;un d\u00e9versement.<\/li>\n<li>Faible teneur en cendres, incin\u00e9rable, minimisant votre flux de d\u00e9chets<\/li>\n<\/ul>\n<div class=\"wptm_table tablesorter-bootstrap \" data-id=\"181\" data-hightlight=\"0\"><div class=\"wptm_buttons buttons_wptmTbl181\"><\/div><div class=\"wptmresponsive dataTables-wptmtable wptmtable \" id=\"wptmtable181\" data-tableid=\"wptmTbl181\"><table data-count-header=\"1\"  data-format-decimal_count=\"0\" data-format-decimal_symbol=\".\" data-format-symbol_position=\"0\" data-format-thousand_symbol=\",\"  data-format-currency_symbol=\"$\"  data-name-style=\"181_1759658202.css\" data-format=\"YYYY-MM-DD\" id=\"wptmTbl181\" data-id=\"181\" data-responsive=\"false\" data-hideCols=\"false\"  data-type=\"html\" data-paging=\"false\" data-searching=\"true\"  data-ordering=\"false\" data-table-breakpoint=\"980\" data-scroll-x=\"true\" data-scroll-collapse=\"true\" data-align=\"center\" data-range=\"[]\" data-hideColumn=\"[0,0,0,0]\"  data-colwidths=\"[285,285,285,285]\"  data-colwidths_desktop=[]  data-colwidths_tablet=[]  data-colwidths_mobile=[]  class=\"wptm_main_table  disablePager hideScrollHeader\"><colgroup><col data-dtr=\"0\" data-dtc=\"0\" class=\"dtc0\"><col data-dtr=\"0\" data-dtc=\"1\" class=\"dtc1\"><col data-dtr=\"0\" data-dtc=\"2\" class=\"dtc2\"><col data-dtr=\"0\" data-dtc=\"3\" class=\"dtc3\"><\/colgroup><thead><tr class=\"wptm-header-cells-index\"><th rowspan=\"1\" colspan=\"1\" data-dtr=\"0\" data-dtc=\"0\" class=\"dtr0 dtc0\"><\/th><th rowspan=\"1\" colspan=\"1\" data-dtr=\"0\" data-dtc=\"1\" class=\"dtr0 dtc1\"><\/th><th rowspan=\"1\" colspan=\"1\" data-dtr=\"0\" data-dtc=\"2\" class=\"dtr0 dtc2\"><\/th><th rowspan=\"1\" colspan=\"1\" data-dtr=\"0\" data-dtc=\"3\" class=\"dtr0 dtc3\"><\/th><\/tr><tr class=\" row0\"><th   data-priority=\"0\" class=\"dtr0 dtc0\"><\/th><th   data-priority=\"0\" class=\"dtr0 dtc1\">Mavi Pillow 2<\/th><th   data-priority=\"0\" class=\"dtr0 dtc2\">Mavi Pillow 6,5<\/th><th   data-priority=\"0\" class=\"dtr0 dtc3\">Mavi Pllow 13<\/th><\/thead><tbody><tr class=\" row1\"><td    class=\"dtr1 dtc0\">Absorption Capacity<\/td><td    class=\"dtr1 dtc1\">2 lt<\/td><td    class=\"dtr1 dtc2\">6,5 lt<\/td><td    class=\"dtr1 dtc3\">9 lt<\/td><\/tr><tr class=\" row2\"><td    class=\"dtr2 dtc0\">Quantity in Pack<\/td><td    class=\"dtr2 dtc1\">15 pcs<\/td><td    class=\"dtr2 dtc2\">10 pcs<\/td><td    class=\"dtr2 dtc3\">10 pcs<\/td><\/tr><tr class=\" row3\"><td    class=\"dtr3 dtc0\">Size<\/td><td    class=\"dtr3 dtc1\">17 x 38 cm<\/td><td    class=\"dtr3 dtc2\">30 x 50<\/td><td    class=\"dtr3 dtc3\">40x50<\/td><\/tr><tr class=\" row4\"><td    class=\"dtr4 dtc0\">Colour + Type<\/td><td  colspan=\"3\"   class=\"dtr4 dtc1\">White = Oil Only | Blue = Oil Only | Grey = Universal | Yellow = Chemical<\/td><td  style=\"display: none\"   class=\"dtr4 dtc2\"><\/td><td  style=\"display: none\"   class=\"dtr4 dtc3\"><\/td><\/tr><\/tbody><tfoot><tr><td class=\"dtr4 dtc0\" style=\"height: 0;\"><\/td><td class=\"dtr4 dtc1\" style=\"height: 0;\"><\/td><td class=\"dtr4 dtc2\" style=\"height: 0;\"><\/td><td class=\"dtr4 dtc3\" style=\"height: 0;\"><\/td><\/tr><\/tfoot><\/table><\/div><style>#wptmtable181 .dataTables_wrapper > .dataTables_scroll {max-height:500px;overflow: auto;}<\/style><script>window.wptm_ajaxurl = 'https:\/\/mavideniz.com.tr\/wp-admin\/admin-ajax.php?juwpfisadmin=false&action=Wptm&'; window.wptm_front = 'https:\/\/mavideniz.com.tr\/wp-content\/plugins\/wp-table-manager\/app\/site\/assets\/'; window.wptm_style = 'https:\/\/mavideniz.com.tr\/wp-content\/uploads\/wptm\/';<\/script><\/div><style><\/style>\n","protected":false},"excerpt":{"rendered":"<p>Coussin absorbant a une absorption plus rapide que les chaussettes en raison d&rsquo;une surface plus grande. Particuli\u00e8rement adapt\u00e9 pour les [&hellip;]<\/p>\n","protected":false},"author":1,"featured_media":0,"parent":39446,"menu_order":0,"comment_status":"closed","ping_status":"closed","template":"","meta":{"site-sidebar-layout":"default","site-content-layout":"","ast-site-content-layout":"default","site-content-style":"default","site-sidebar-style":"default","ast-global-header-display":"","ast-banner-title-visibility":"","ast-main-header-display":"","ast-hfb-above-header-display":"","ast-hfb-below-header-display":"","ast-hfb-mobile-header-display":"","site-post-title":"","ast-breadcrumbs-content":"","ast-featured-img":"","footer-sml-layout":"","ast-disable-related-posts":"","theme-transparent-header-meta":"","adv-header-id-meta":"","stick-header-meta":"","header-above-stick-meta":"","header-main-stick-meta":"","header-below-stick-meta":"","astra-migrate-meta-layouts":"default","ast-page-background-enabled":"default","ast-page-background-meta":{"desktop":{"background-color":"var(--ast-global-color-5)","background-image":"","background-repeat":"repeat","background-position":"center center","background-size":"auto","background-attachment":"scroll","background-type":"","background-media":"","overlay-type":"","overlay-color":"","overlay-opacity":"","overlay-gradient":""},"tablet":{"background-color":"","background-image":"","background-repeat":"repeat","background-position":"center center","background-size":"auto","background-attachment":"scroll","background-type":"","background-media":"","overlay-type":"","overlay-color":"","overlay-opacity":"","overlay-gradient":""},"mobile":{"background-color":"","background-image":"","background-repeat":"repeat","background-position":"center center","background-size":"auto","background-attachment":"scroll","background-type":"","background-media":"","overlay-type":"","overlay-color":"","overlay-opacity":"","overlay-gradient":""}},"ast-content-background-meta":{"desktop":{"background-color":"var(--ast-global-color-4)","background-image":"","background-repeat":"repeat","background-position":"center center","background-size":"auto","background-attachment":"scroll","background-type":"","background-media":"","overlay-type":"","overlay-color":"","overlay-opacity":"","overlay-gradient":""},"tablet":{"background-color":"var(--ast-global-color-4)","background-image":"","background-repeat":"repeat","background-position":"center center","background-size":"auto","background-attachment":"scroll","background-type":"","background-media":"","overlay-type":"","overlay-color":"","overlay-opacity":"","overlay-gradient":""},"mobile":{"background-color":"var(--ast-global-color-4)","background-image":"","background-repeat":"repeat","background-position":"center center","background-size":"auto","background-attachment":"scroll","background-type":"","background-media":"","overlay-type":"","overlay-color":"","overlay-opacity":"","overlay-gradient":""}},"footnotes":""},"class_list":["post-39479","page","type-page","status-publish","hentry"],"_links":{"self":[{"href":"https:\/\/mavideniz.com.tr\/fr\/wp-json\/wp\/v2\/pages\/39479","targetHints":{"allow":["GET"]}}],"collection":[{"href":"https:\/\/mavideniz.com.tr\/fr\/wp-json\/wp\/v2\/pages"}],"about":[{"href":"https:\/\/mavideniz.com.tr\/fr\/wp-json\/wp\/v2\/types\/page"}],"author":[{"embeddable":true,"href":"https:\/\/mavideniz.com.tr\/fr\/wp-json\/wp\/v2\/users\/1"}],"replies":[{"embeddable":true,"href":"https:\/\/mavideniz.com.tr\/fr\/wp-json\/wp\/v2\/comments?post=39479"}],"version-history":[{"count":0,"href":"https:\/\/mavideniz.com.tr\/fr\/wp-json\/wp\/v2\/pages\/39479\/revisions"}],"up":[{"embeddable":true,"href":"https:\/\/mavideniz.com.tr\/fr\/wp-json\/wp\/v2\/pages\/39446"}],"wp:attachment":[{"href":"https:\/\/mavideniz.com.tr\/fr\/wp-json\/wp\/v2\/media?parent=39479"}],"curies":[{"name":"wp","href":"https:\/\/api.w.org\/{rel}","templated":true}]}}