{"id":39487,"date":"2022-10-08T16:56:35","date_gmt":"2022-10-08T16:56:35","guid":{"rendered":"https:\/\/mavideniz.com.tr\/?page_id=39487"},"modified":"2022-10-08T16:56:39","modified_gmt":"2022-10-08T16:56:39","slug":"chaussette-absorbante-_-huile-chimique-universel","status":"publish","type":"page","link":"https:\/\/mavideniz.com.tr\/fr\/produits-industriels\/absorbants-kit-dintervention-en-cas-de-deversement\/chaussette-absorbante-_-huile-chimique-universel\/","title":{"rendered":"Chaussette Absorbante _ Huile &#8211; Chimique &#8211; Universel"},"content":{"rendered":"\n<p>Chaussette absorbante principalement pour l&rsquo;industrie, l&rsquo;utilisation des terres dans les usines, les terminaux, les a\u00e9roports, ou l&rsquo;utilisation marine dans les rivi\u00e8res, les plages, etc. La chaussette absorbante est un format de sorbant en forme de tube, id\u00e9al pour former une barri\u00e8re autour du liquide renvers\u00e9 pour l&#8217;emp\u00eacher de se propager. La chaussette absorbante est douce et flexible, facilement plac\u00e9e autour de la machinerie ou des coins qui s&rsquo;\u00e9gouttent pour absorber et contenir le fluide. La chaussette absorbante est con\u00e7ue principalement pour entourer les machines ou l\u00e0 o\u00f9 des fuites se produisent.<\/p>\n<p>Notre chaussette absorbante est con\u00e7ue pour \u00eatre utilis\u00e9e pour les produits chimiques, l&rsquo;huile uniquement et universelle. La chaussette absorbante est le moyen le plus rapide de nettoyer un d\u00e9versement. Chaussette absorbante est disponible dans une gamme de diff\u00e9rents poids et mat\u00e9riaux. La chaussette absorbant l&rsquo;huile, la chaussette absorbante universelle et le mat\u00e9riau de chaussette absorbant chimique offrent une action capillaire rapide et une excellente capacit\u00e9 d&rsquo;absorption et de r\u00e9tention.<\/p>\n<p>Chaussette absorbant l&rsquo;huile est con\u00e7u pour adsorber les liquides \u00e0 base de p\u00e9trole et l&rsquo;eau repouss\u00e9e. Chaussette absorbant l&rsquo;huile recommand\u00e9e en cas de d\u00e9versements mineurs d&rsquo;huile sur l&rsquo;eau et en milieu de travail. Excellent pour les pipelines, les chantiers navals, les navires, les ponts de yachts, les usines, les usines industrielles, les quais de chargement, les ateliers de machines et d&rsquo;entretien, les services d&rsquo;incendie, l&rsquo;intervention municipale en cas de d\u00e9versement, ou partout o\u00f9 des d\u00e9versements liquides, chimiques ou p\u00e9troliers se produisent. Chaussette absorbant l&rsquo;huile est toujours facilement plac\u00e9 et r\u00e9cup\u00e9r\u00e9. Disponible en bleu ou blanc pour les huiles lourdes et l\u00e9g\u00e8res.<\/p>\n<p>Les conceptions de chaussettes absorbantes universelles absorbent pour nettoyer les huiles, les liquides de refroidissement, les solvants et les fluides \u00e0 base d&rsquo;eau n&rsquo;importe o\u00f9 dans votre installation. Autour des machines, sous les tuyaux ou les raccords qui fuient, dans les zones de circulation d\u00e9sordonn\u00e9es, pour les projets d&rsquo;entretien g\u00e9n\u00e9ral, vous \u00eates le premier choix pour le contr\u00f4le des d\u00e9versements \u00e0 l&rsquo;int\u00e9rieur. De plus, Universal Absorbent Sock gris masque les projections et les taches &#8211; vous aidant \u00e0 r\u00e9sister \u00e0 l&rsquo;envie de ramasser l&rsquo;absorbant avant qu&rsquo;il ne soit compl\u00e8tement satur\u00e9. Disponible en gris pour les huiles lourdes et l\u00e9g\u00e8res.<\/p>\n<p>Chaussette absorbante chimique faite d&rsquo;une base de polypropyl\u00e8ne fondu-souffl\u00e9 tr\u00e8s absorbant. Chaussette absorbant chimique est disponible dans de nombreux formats, l\u00e9ger et nominalement sans poussi\u00e8re. Chaussette absorbante chimique a une capacit\u00e9 d&rsquo;absorption \u00e9lev\u00e9e, ce qui minimise la quantit\u00e9 de d\u00e9chets \u00e0 \u00e9liminer. Le Sock chimique absorbant est adapt\u00e9 pour adsorber une large gamme de liquides, y compris des acides sp\u00e9cifiques, des bases, des r\u00e9frig\u00e9rants, des fluides \u00e0 base de p\u00e9trole, des produits chimiques non agressifs et des solutions aqueuses. Disponible en couleur jaune pour poids lourds et l\u00e9gers Produits chimiques.<\/p>\n<h4><strong>Caract\u00e9ristiques<\/strong><\/h4>\n<ul>\n<li>Chaussette absorbante a le pouvoir d&rsquo;absorption, absorbe jusqu&rsquo;\u00e0 25 fois son poids dans l&rsquo;huile et d&rsquo;autres liquides connexes.<\/li>\n<li>Les chaussettes absorbantes sont \u00e9conomiques, et Sock est id\u00e9al pour les programmes d&rsquo;entretien de routine.<\/li>\n<li>Les chaussettes absorbantes sont durables ; la peau en polypropyl\u00e8ne am\u00e9liore la r\u00e9sistance et r\u00e9duit la poussi\u00e8re.<\/li>\n<li>Les chaussettes absorbantes sont moulables, et les chaussettes se conforment aux bases de la machine pour attraper les fuites.<\/li>\n<li>Pas de nettoyage d\u00e9sordonn\u00e9 ; ramassez l&rsquo;ancien et posez-en un neuf<\/li>\n<li>Faible teneur en cendres, les chaussettes incin\u00e9rables sont id\u00e9ales pour le m\u00e9lange de carburant<\/li>\n<\/ul>\n<div class=\"wptm_table tablesorter-bootstrap \" data-id=\"5\" data-hightlight=\"0\"><div class=\"wptm_buttons buttons_wptmTbl5\"><\/div><div class=\"wptmresponsive dataTables-wptmtable wptmtable \" id=\"wptmtable5\" data-tableid=\"wptmTbl5\"><table data-count-header=\"1\"  data-format-decimal_count=\"0\" data-format-decimal_symbol=\".\" data-format-symbol_position=\"0\" data-format-thousand_symbol=\",\"  data-format-currency_symbol=\"$\"  data-name-style=\"5_1759657805.css\" data-format=\"YYYY-MM-DD\" id=\"wptmTbl5\" data-id=\"5\" data-responsive=\"false\" data-hideCols=\"false\"  data-type=\"html\" data-paging=\"false\" data-searching=\"true\"  data-ordering=\"false\" data-table-breakpoint=\"980\" data-scroll-x=\"true\" data-scroll-collapse=\"true\" data-align=\"center\" data-range=\"[]\" data-hideColumn=\"[0,0,0,0,0]\"  data-colwidths=\"[228,228,228,228,228]\"  data-colwidths_desktop=[]  data-colwidths_tablet=[]  data-colwidths_mobile=[]  class=\"wptm_main_table  disablePager hideScrollHeader\"><colgroup><col data-dtr=\"0\" data-dtc=\"0\" class=\"dtc0\"><col data-dtr=\"0\" data-dtc=\"1\" class=\"dtc1\"><col data-dtr=\"0\" data-dtc=\"2\" class=\"dtc2\"><col data-dtr=\"0\" data-dtc=\"3\" class=\"dtc3\"><col data-dtr=\"0\" data-dtc=\"4\" class=\"dtc4\"><\/colgroup><thead><tr class=\"wptm-header-cells-index\"><th rowspan=\"1\" colspan=\"1\" data-dtr=\"0\" data-dtc=\"0\" class=\"dtr0 dtc0\"><\/th><th rowspan=\"1\" colspan=\"1\" data-dtr=\"0\" data-dtc=\"1\" class=\"dtr0 dtc1\"><\/th><th rowspan=\"1\" colspan=\"1\" data-dtr=\"0\" data-dtc=\"2\" class=\"dtr0 dtc2\"><\/th><th rowspan=\"1\" colspan=\"1\" data-dtr=\"0\" data-dtc=\"3\" class=\"dtr0 dtc3\"><\/th><th rowspan=\"1\" colspan=\"1\" data-dtr=\"0\" data-dtc=\"4\" class=\"dtr0 dtc4\"><\/th><\/tr><tr class=\" row0\"><th   data-priority=\"0\" class=\"dtr0 dtc0\"><\/th><th   data-priority=\"0\" class=\"dtr0 dtc1\">Mavi Sock 50<\/th><th   data-priority=\"0\" class=\"dtr0 dtc2\">Mavi Sock 100<\/th><th   data-priority=\"0\" class=\"dtr0 dtc3\">Mavi Sock 200<\/th><th   data-priority=\"0\" class=\"dtr0 dtc4\">Mavi Sock 300<\/th><\/thead><tbody><tr class=\" row1\"><td    class=\"dtr1 dtc0\">Absorption Capacity<\/td><td    class=\"dtr1 dtc1\">2,75 L\/Sock<\/td><td    class=\"dtr1 dtc2\">5,5 L\/Sock<\/td><td    class=\"dtr1 dtc3\">11 L\/Sock<\/td><td    class=\"dtr1 dtc4\">22 L\/Sock<\/td><\/tr><tr class=\" row2\"><td    class=\"dtr2 dtc0\">Quantity in Pack<\/td><td    class=\"dtr2 dtc1\">16<\/td><td    class=\"dtr2 dtc2\">16<\/td><td    class=\"dtr2 dtc3\">16<\/td><td    class=\"dtr2 dtc4\">16<\/td><\/tr><tr class=\" row3\"><td    class=\"dtr3 dtc0\">Dimension<\/td><td    class=\"dtr3 dtc1\">8 x 50 cm<\/td><td    class=\"dtr3 dtc2\">8 x 100 cm<\/td><td    class=\"dtr3 dtc3\">8 x 200 cm<\/td><td    class=\"dtr3 dtc4\">8 x 300 cm<\/td><\/tr><tr class=\" row4\"><td    class=\"dtr4 dtc0\">Colour + Type<\/td><td  colspan=\"4\"   class=\"dtr4 dtc1\">White = Oil Only | Blue = Oil Only | Grey = Universal | Yellow = Chemical<\/td><td  style=\"display: none\"   class=\"dtr4 dtc2\"><\/td><td  style=\"display: none\"   class=\"dtr4 dtc3\"><\/td><td  style=\"display: none\"   class=\"dtr4 dtc4\"><\/td><\/tr><\/tbody><tfoot><tr><td class=\"dtr4 dtc0\" style=\"height: 0;\"><\/td><td class=\"dtr4 dtc1\" style=\"height: 0;\"><\/td><td class=\"dtr4 dtc2\" style=\"height: 0;\"><\/td><td class=\"dtr4 dtc3\" style=\"height: 0;\"><\/td><td class=\"dtr4 dtc4\" style=\"height: 0;\"><\/td><\/tr><\/tfoot><\/table><\/div><style>#wptmtable5 .dataTables_wrapper > .dataTables_scroll {max-height:500px;overflow: auto;}<\/style><script>window.wptm_ajaxurl = 'https:\/\/mavideniz.com.tr\/wp-admin\/admin-ajax.php?juwpfisadmin=false&action=Wptm&'; window.wptm_front = 'https:\/\/mavideniz.com.tr\/wp-content\/plugins\/wp-table-manager\/app\/site\/assets\/'; window.wptm_style = 'https:\/\/mavideniz.com.tr\/wp-content\/uploads\/wptm\/';<\/script><\/div><style><\/style>\n","protected":false},"excerpt":{"rendered":"<p>Chaussette absorbante principalement pour l&rsquo;industrie, l&rsquo;utilisation des terres dans les usines, les terminaux, les a\u00e9roports, ou l&rsquo;utilisation marine dans les [&hellip;]<\/p>\n","protected":false},"author":1,"featured_media":0,"parent":39446,"menu_order":0,"comment_status":"closed","ping_status":"closed","template":"","meta":{"site-sidebar-layout":"default","site-content-layout":"","ast-site-content-layout":"default","site-content-style":"default","site-sidebar-style":"default","ast-global-header-display":"","ast-banner-title-visibility":"","ast-main-header-display":"","ast-hfb-above-header-display":"","ast-hfb-below-header-display":"","ast-hfb-mobile-header-display":"","site-post-title":"","ast-breadcrumbs-content":"","ast-featured-img":"","footer-sml-layout":"","ast-disable-related-posts":"","theme-transparent-header-meta":"","adv-header-id-meta":"","stick-header-meta":"","header-above-stick-meta":"","header-main-stick-meta":"","header-below-stick-meta":"","astra-migrate-meta-layouts":"default","ast-page-background-enabled":"default","ast-page-background-meta":{"desktop":{"background-color":"var(--ast-global-color-5)","background-image":"","background-repeat":"repeat","background-position":"center center","background-size":"auto","background-attachment":"scroll","background-type":"","background-media":"","overlay-type":"","overlay-color":"","overlay-opacity":"","overlay-gradient":""},"tablet":{"background-color":"","background-image":"","background-repeat":"repeat","background-position":"center center","background-size":"auto","background-attachment":"scroll","background-type":"","background-media":"","overlay-type":"","overlay-color":"","overlay-opacity":"","overlay-gradient":""},"mobile":{"background-color":"","background-image":"","background-repeat":"repeat","background-position":"center center","background-size":"auto","background-attachment":"scroll","background-type":"","background-media":"","overlay-type":"","overlay-color":"","overlay-opacity":"","overlay-gradient":""}},"ast-content-background-meta":{"desktop":{"background-color":"var(--ast-global-color-4)","background-image":"","background-repeat":"repeat","background-position":"center center","background-size":"auto","background-attachment":"scroll","background-type":"","background-media":"","overlay-type":"","overlay-color":"","overlay-opacity":"","overlay-gradient":""},"tablet":{"background-color":"var(--ast-global-color-4)","background-image":"","background-repeat":"repeat","background-position":"center center","background-size":"auto","background-attachment":"scroll","background-type":"","background-media":"","overlay-type":"","overlay-color":"","overlay-opacity":"","overlay-gradient":""},"mobile":{"background-color":"var(--ast-global-color-4)","background-image":"","background-repeat":"repeat","background-position":"center center","background-size":"auto","background-attachment":"scroll","background-type":"","background-media":"","overlay-type":"","overlay-color":"","overlay-opacity":"","overlay-gradient":""}},"footnotes":""},"class_list":["post-39487","page","type-page","status-publish","hentry"],"_links":{"self":[{"href":"https:\/\/mavideniz.com.tr\/fr\/wp-json\/wp\/v2\/pages\/39487","targetHints":{"allow":["GET"]}}],"collection":[{"href":"https:\/\/mavideniz.com.tr\/fr\/wp-json\/wp\/v2\/pages"}],"about":[{"href":"https:\/\/mavideniz.com.tr\/fr\/wp-json\/wp\/v2\/types\/page"}],"author":[{"embeddable":true,"href":"https:\/\/mavideniz.com.tr\/fr\/wp-json\/wp\/v2\/users\/1"}],"replies":[{"embeddable":true,"href":"https:\/\/mavideniz.com.tr\/fr\/wp-json\/wp\/v2\/comments?post=39487"}],"version-history":[{"count":0,"href":"https:\/\/mavideniz.com.tr\/fr\/wp-json\/wp\/v2\/pages\/39487\/revisions"}],"up":[{"embeddable":true,"href":"https:\/\/mavideniz.com.tr\/fr\/wp-json\/wp\/v2\/pages\/39446"}],"wp:attachment":[{"href":"https:\/\/mavideniz.com.tr\/fr\/wp-json\/wp\/v2\/media?parent=39487"}],"curies":[{"name":"wp","href":"https:\/\/api.w.org\/{rel}","templated":true}]}}