{"id":39496,"date":"2022-10-08T17:11:01","date_gmt":"2022-10-08T17:11:01","guid":{"rendered":"https:\/\/mavideniz.com.tr\/?page_id=39496"},"modified":"2022-10-08T17:11:05","modified_gmt":"2022-10-08T17:11:05","slug":"trousse-dintervention-en-cas-de-deversement-industriel","status":"publish","type":"page","link":"https:\/\/mavideniz.com.tr\/fr\/produits-industriels\/absorbants-kit-dintervention-en-cas-de-deversement\/trousse-dintervention-en-cas-de-deversement-dhydrocarbures\/trousse-dintervention-en-cas-de-deversement-industriel\/","title":{"rendered":"Trousse d&rsquo;intervention en cas de d\u00e9versement industriel"},"content":{"rendered":"\n<p>Le kit d&rsquo;intervention en cas de d\u00e9versement combine des coussinets, des chaussettes, des rouleaux, des oreillers, des estacades et des sacs de protection contre les risques de d\u00e9versement. Conception de la trousse d&rsquo;intervention en cas de d\u00e9versement pour les interventions portables d&rsquo;urgence et non urgentes en cas de d\u00e9versement de produits chimiques ou p\u00e9troliers. \u00c0 utiliser dans les bases militaires, maritimes, ports, chantiers navals, v\u00e9hicules, a\u00e9roports, marinas, entrep\u00f4ts, travaux d&rsquo;ing\u00e9nierie, voies navigables int\u00e9rieures, industrie, pipelines, etc.<\/p>\n<p>Un kit de d\u00e9versement de v\u00e9hicule, un kit de d\u00e9versement d&rsquo;huile, un kit de d\u00e9versement chimique, un kit de d\u00e9versement industriel entretenu et d\u00e9ploy\u00e9 de mani\u00e8re ad\u00e9quate peut prot\u00e9ger nos ressources naturelles et nos kits de d\u00e9versement avec diff\u00e9rentes capacit\u00e9s d&rsquo;absorption, adapt\u00e9s aux applications de gamme compl\u00e8te, la solution parfaite pour les grands et petits ateliers et les zones de parvis.<\/p>\n<p>Le kit d&rsquo;intervention en cas de d\u00e9versement peut g\u00e9rer des d\u00e9versements de 10 \u00e0 1000 litres. Disponible en blanc = Huile | Bleu = Huile | Gris = Universel | Jaune = Versions chimiques<\/p>\n<p><strong>Trousse d&rsquo;intervention en cas de d\u00e9versement Fourni dans :<\/strong><\/p>\n<ul>\n<li>R\u00e9cipient en plastique durable ou durable avant \u00e0 quatre roues Drop<\/li>\n<li>Bac en polypropyl\u00e8ne \u00e0 deux roues.<\/li>\n<li>Sac En Vinyle<\/li>\n<li>Sac \u00e0 agrafe<\/li>\n<\/ul>\n<div class=\"wptm_table tablesorter-bootstrap \" data-id=\"98\" data-hightlight=\"0\"><div class=\"wptm_buttons buttons_wptmTbl98\"><\/div><div class=\"wptmresponsive dataTables-wptmtable wptmtable \" id=\"wptmtable98\" data-tableid=\"wptmTbl98\"><table data-count-header=\"13\"  data-format-decimal_count=\"0\" data-format-decimal_symbol=\".\" data-format-symbol_position=\"0\" data-format-thousand_symbol=\",\"  data-format-currency_symbol=\"$\"  data-name-style=\"98_1759658154.css\" data-format=\"YYYY-MM-DD\" id=\"wptmTbl98\" data-id=\"98\" data-responsive=\"false\" data-hideCols=\"false\"  data-type=\"html\" data-paging=\"false\" data-searching=\"true\"  data-ordering=\"false\" data-table-breakpoint=\"980\" data-scroll-x=\"true\" data-scroll-collapse=\"true\" data-align=\"center\" data-range=\"[]\" data-hideColumn=\"[0,0,0,0,0,0,0,0,0]\"  data-colwidths=\"[179,94,119,212,117,102,118,95,101]\"  data-colwidths_desktop=[]  data-colwidths_tablet=[]  data-colwidths_mobile=[]  class=\"wptm_main_table  disablePager hideScrollHeader\"><colgroup><col data-dtr=\"0\" data-dtc=\"0\" class=\"dtc0\"><col data-dtr=\"0\" data-dtc=\"1\" class=\"dtc1\"><col data-dtr=\"0\" data-dtc=\"2\" class=\"dtc2\"><col data-dtr=\"0\" data-dtc=\"3\" class=\"dtc3\"><col data-dtr=\"0\" data-dtc=\"4\" class=\"dtc4\"><col data-dtr=\"0\" data-dtc=\"5\" class=\"dtc5\"><col data-dtr=\"0\" data-dtc=\"6\" class=\"dtc6\"><col data-dtr=\"0\" data-dtc=\"7\" class=\"dtc7\"><col data-dtr=\"0\" data-dtc=\"8\" class=\"dtc8\"><\/colgroup><thead><tr class=\"wptm-header-cells-index\"><th rowspan=\"1\" colspan=\"1\" data-dtr=\"0\" data-dtc=\"0\" class=\"dtr0 dtc0\"><\/th><th rowspan=\"1\" colspan=\"1\" data-dtr=\"0\" data-dtc=\"1\" class=\"dtr0 dtc1\"><\/th><th rowspan=\"1\" colspan=\"1\" data-dtr=\"0\" data-dtc=\"2\" class=\"dtr0 dtc2\"><\/th><th rowspan=\"1\" colspan=\"1\" data-dtr=\"0\" data-dtc=\"3\" class=\"dtr0 dtc3\"><\/th><th rowspan=\"1\" colspan=\"1\" data-dtr=\"0\" data-dtc=\"4\" class=\"dtr0 dtc4\"><\/th><th rowspan=\"1\" colspan=\"1\" data-dtr=\"0\" data-dtc=\"5\" class=\"dtr0 dtc5\"><\/th><th rowspan=\"1\" colspan=\"1\" data-dtr=\"0\" data-dtc=\"6\" class=\"dtr0 dtc6\"><\/th><th rowspan=\"1\" colspan=\"1\" data-dtr=\"0\" data-dtc=\"7\" class=\"dtr0 dtc7\"><\/th><th rowspan=\"1\" colspan=\"1\" data-dtr=\"0\" data-dtc=\"8\" class=\"dtr0 dtc8\"><\/th><\/tr><tr class=\" row0\"><th   data-priority=\"0\" class=\"dtr0 dtc0\"><\/th><th   data-priority=\"0\" class=\"dtr0 dtc1\">Size (cm)<\/th><th   data-priority=\"0\" class=\"dtr0 dtc2\">Absorbent Pad<\/th><th   data-priority=\"0\" class=\"dtr0 dtc3\">Absorbent Sock<\/th><th   data-priority=\"0\" class=\"dtr0 dtc4\">Absorbent Pillow<\/th><th   data-priority=\"0\" class=\"dtr0 dtc5\">Absorbent Roll<\/th><th   data-priority=\"0\" class=\"dtr0 dtc6\">Absorbent Boom<\/th><th   data-priority=\"0\" class=\"dtr0 dtc7\">Glove Google<\/th><th   data-priority=\"0\" class=\"dtr0 dtc8\">Disposal Bag<\/th><\/tr><tr class=\" row1\"><th   data-priority=\"0\" class=\"dtr1 dtc0\">Vinyl Bag 35<\/th><th   data-priority=\"0\" class=\"dtr1 dtc1\">42 x 49 x 21<\/th><th   data-priority=\"0\" class=\"dtr1 dtc2\">10 pcs , 40 x 50 cm<\/th><th   data-priority=\"0\" class=\"dtr1 dtc3\">4 pcs, \u00d8 8 x 122 cm<\/th><th   data-priority=\"0\" class=\"dtr1 dtc4\">1 x pillow<\/th><th   data-priority=\"0\" class=\"dtr1 dtc5\"><\/th><th   data-priority=\"0\" class=\"dtr1 dtc6\"><\/th><th   data-priority=\"0\" class=\"dtr1 dtc7\">1 Pair<\/th><th   data-priority=\"0\" class=\"dtr1 dtc8\">5 x bag<\/th><\/tr><tr class=\" row2\"><th   data-priority=\"0\" class=\"dtr2 dtc0\">Vinyl Bag 50<\/th><th   data-priority=\"0\" class=\"dtr2 dtc1\">42 x 59 x 42<\/th><th   data-priority=\"0\" class=\"dtr2 dtc2\">20 pcs , 40 x 50 cm<\/th><th   data-priority=\"0\" class=\"dtr2 dtc3\">4 pcs, \u00d8 8 x 122 cm<\/th><th   data-priority=\"0\" class=\"dtr2 dtc4\">1 x pillow<\/th><th   data-priority=\"0\" class=\"dtr2 dtc5\"><\/th><th   data-priority=\"0\" class=\"dtr2 dtc6\"><\/th><th   data-priority=\"0\" class=\"dtr2 dtc7\">1 Pair<\/th><th   data-priority=\"0\" class=\"dtr2 dtc8\">5 x bag<\/th><\/tr><tr class=\" row3\"><th   data-priority=\"0\" class=\"dtr3 dtc0\">Vinyl Bag 100<\/th><th   data-priority=\"0\" class=\"dtr3 dtc1\">42 x 69 x 42<\/th><th   data-priority=\"0\" class=\"dtr3 dtc2\">50 pcs , 40 x 50 cm<\/th><th   data-priority=\"0\" class=\"dtr3 dtc3\">4 pcs, \u00d8 8 x 122 cm<\/th><th   data-priority=\"0\" class=\"dtr3 dtc4\"> 3 x pillows<\/th><th   data-priority=\"0\" class=\"dtr3 dtc5\"><\/th><th   data-priority=\"0\" class=\"dtr3 dtc6\"><\/th><th   data-priority=\"0\" class=\"dtr3 dtc7\">1 Pair<\/th><th   data-priority=\"0\" class=\"dtr3 dtc8\">5 x bag<\/th><\/tr><tr class=\" row4\"><th   data-priority=\"0\" class=\"dtr4 dtc0\">Two-Wheeled Container 120<\/th><th   data-priority=\"0\" class=\"dtr4 dtc1\">55 x 48 x 94<\/th><th   data-priority=\"0\" class=\"dtr4 dtc2\">50 pcs , 40 x 50 cm<\/th><th   data-priority=\"0\" class=\"dtr4 dtc3\">4 pcs, \u00d8 8 x 122 cm + 1 x \u00d8 8 x 3m<\/th><th   data-priority=\"0\" class=\"dtr4 dtc4\">3 x pillows<\/th><th   data-priority=\"0\" class=\"dtr4 dtc5\"><\/th><th   data-priority=\"0\" class=\"dtr4 dtc6\"><\/th><th   data-priority=\"0\" class=\"dtr4 dtc7\">1 Pair<\/th><th   data-priority=\"0\" class=\"dtr4 dtc8\">10 x Bags<\/th><\/tr><tr class=\" row5\"><th   data-priority=\"0\" class=\"dtr5 dtc0\">Open Head Spill Drum 213<\/th><th   data-priority=\"0\" class=\"dtr5 dtc1\">\u00d8 61 x 88<\/th><th   data-priority=\"0\" class=\"dtr5 dtc2\">100 pcs , 40 x 50 cm<\/th><th   data-priority=\"0\" class=\"dtr5 dtc3\">5 pcs, \u00d8 8 x 122 cm + 2 x \u00d8 8 x 3m<\/th><th   data-priority=\"0\" class=\"dtr5 dtc4\">4 x pillows<\/th><th   data-priority=\"0\" class=\"dtr5 dtc5\"><\/th><th   data-priority=\"0\" class=\"dtr5 dtc6\"><\/th><th   data-priority=\"0\" class=\"dtr5 dtc7\">2 Pair<\/th><th   data-priority=\"0\" class=\"dtr5 dtc8\">10 x Bags<\/th><\/tr><tr class=\" row6\"><th   data-priority=\"0\" class=\"dtr6 dtc0\">Two-Wheeled Container 240<\/th><th   data-priority=\"0\" class=\"dtr6 dtc1\">55 x 74 x 110<\/th><th   data-priority=\"0\" class=\"dtr6 dtc2\">100 pcs , 40 x 50 cm<\/th><th   data-priority=\"0\" class=\"dtr6 dtc3\">5 pcs, \u00d8 8 x 122 cm + 2 x \u00d8 8 x 3m<\/th><th   data-priority=\"0\" class=\"dtr6 dtc4\">5 x pillows<\/th><th   data-priority=\"0\" class=\"dtr6 dtc5\"><\/th><th   data-priority=\"0\" class=\"dtr6 dtc6\"><\/th><th   data-priority=\"0\" class=\"dtr6 dtc7\">2 Pair<\/th><th   data-priority=\"0\" class=\"dtr6 dtc8\">10 x Bags<\/th><\/tr><tr class=\" row7\"><th   data-priority=\"0\" class=\"dtr7 dtc0\">Four-Wheeled Container 400<\/th><th   data-priority=\"0\" class=\"dtr7 dtc1\">74 x 98 x 110<\/th><th   data-priority=\"0\" class=\"dtr7 dtc2\">200 pcs , 40 x 50 cm<\/th><th   data-priority=\"0\" class=\"dtr7 dtc3\">5 pcs, \u00d8 8 x 122 cm + 2 x \u00d8 8 x 3m<\/th><th   data-priority=\"0\" class=\"dtr7 dtc4\">10 x pillows<\/th><th   data-priority=\"0\" class=\"dtr7 dtc5\"><\/th><th   data-priority=\"0\" class=\"dtr7 dtc6\"><\/th><th   data-priority=\"0\" class=\"dtr7 dtc7\">2 Pair<\/th><th   data-priority=\"0\" class=\"dtr7 dtc8\">20 x Bags<\/th><\/tr><tr class=\" row8\"><th   data-priority=\"0\" class=\"dtr8 dtc0\">Four-Wheeled Container 600<\/th><th   data-priority=\"0\" class=\"dtr8 dtc1\">78 x 136 x 110<\/th><th   data-priority=\"0\" class=\"dtr8 dtc2\">400 pcs , 40 x 50 cm<\/th><th   data-priority=\"0\" class=\"dtr8 dtc3\">7 pcs, \u00d8 8 x 122 cm + 3 x \u00d8 8 x 3m<\/th><th   data-priority=\"0\" class=\"dtr8 dtc4\">10 x pillows<\/th><th   data-priority=\"0\" class=\"dtr8 dtc5\"><\/th><th   data-priority=\"0\" class=\"dtr8 dtc6\"><\/th><th   data-priority=\"0\" class=\"dtr8 dtc7\">2 Pair<\/th><th   data-priority=\"0\" class=\"dtr8 dtc8\">30 x Bags<\/th><\/tr><tr class=\" row9\"><th   data-priority=\"0\" class=\"dtr9 dtc0\">Four-Wheeled Container 1000<\/th><th   data-priority=\"0\" class=\"dtr9 dtc1\">100 x 137 x 135<\/th><th   data-priority=\"0\" class=\"dtr9 dtc2\">600 pcs , 40 x 50 cm<\/th><th   data-priority=\"0\" class=\"dtr9 dtc3\">10 pcs, \u00d8 8 x 122 cm + 6 x \u00d8 8 x 3m<\/th><th   data-priority=\"0\" class=\"dtr9 dtc4\">15 x pillows<\/th><th   data-priority=\"0\" class=\"dtr9 dtc5\">2 x rolls<\/th><th   data-priority=\"0\" class=\"dtr9 dtc6\">\u00d8 8 x 3oo cm<\/th><th   data-priority=\"0\" class=\"dtr9 dtc7\">2 Pair<\/th><th   data-priority=\"0\" class=\"dtr9 dtc8\">50 x Bags<\/th><\/tr><tr class=\" row10\"><th   data-priority=\"0\" class=\"dtr10 dtc0\">Spill Type<\/th><th  colspan=\"8\"  data-priority=\"0\" class=\"dtr10 dtc1\">Oil, Maintance, or Hazardous Liquid<\/th><\/tr><tr class=\" row11\"><th   data-priority=\"0\" class=\"dtr11 dtc0\">Colour + Type<\/th><th  colspan=\"8\"  data-priority=\"0\" class=\"dtr11 dtc1\">(Pad - Sock - Boom - Pillow) White = Oil | Blue = Oil | Grey = Maintenance | Yellow = Chemical<\/th><\/tr><tr class=\" row12\"><th   data-priority=\"0\" class=\"dtr12 dtc0\">Optional<\/th><th  colspan=\"8\"  data-priority=\"0\" class=\"dtr12 dtc1\">Hazard Tape - Floor Sign - Granule - Dispersant<\/th><\/thead><\/tbody><tfoot><tr><td class=\"dtr12 dtc0\" style=\"height: 0;\"><\/td><td class=\"dtr12 dtc1\" style=\"height: 0;\"><\/td><td class=\"dtr12 dtc2\" style=\"height: 0;\"><\/td><td class=\"dtr12 dtc3\" style=\"height: 0;\"><\/td><td class=\"dtr12 dtc4\" style=\"height: 0;\"><\/td><td class=\"dtr12 dtc5\" style=\"height: 0;\"><\/td><td class=\"dtr12 dtc6\" style=\"height: 0;\"><\/td><td class=\"dtr12 dtc7\" style=\"height: 0;\"><\/td><td class=\"dtr12 dtc8\" style=\"height: 0;\"><\/td><\/tr><\/tfoot><\/table><\/div><style>#wptmtable98 .dataTables_wrapper > .dataTables_scroll {max-height:600px;overflow: auto;}<\/style><script>window.wptm_ajaxurl = 'https:\/\/mavideniz.com.tr\/wp-admin\/admin-ajax.php?juwpfisadmin=false&action=Wptm&'; window.wptm_front = 'https:\/\/mavideniz.com.tr\/wp-content\/plugins\/wp-table-manager\/app\/site\/assets\/'; window.wptm_style = 'https:\/\/mavideniz.com.tr\/wp-content\/uploads\/wptm\/';<\/script><\/div><style><\/style>\n","protected":false},"excerpt":{"rendered":"<p>Le kit d&rsquo;intervention en cas de d\u00e9versement combine des coussinets, des chaussettes, des rouleaux, des oreillers, des estacades et des [&hellip;]<\/p>\n","protected":false},"author":1,"featured_media":0,"parent":39491,"menu_order":0,"comment_status":"closed","ping_status":"closed","template":"","meta":{"site-sidebar-layout":"default","site-content-layout":"","ast-site-content-layout":"default","site-content-style":"default","site-sidebar-style":"default","ast-global-header-display":"","ast-banner-title-visibility":"","ast-main-header-display":"","ast-hfb-above-header-display":"","ast-hfb-below-header-display":"","ast-hfb-mobile-header-display":"","site-post-title":"","ast-breadcrumbs-content":"","ast-featured-img":"","footer-sml-layout":"","ast-disable-related-posts":"","theme-transparent-header-meta":"","adv-header-id-meta":"","stick-header-meta":"","header-above-stick-meta":"","header-main-stick-meta":"","header-below-stick-meta":"","astra-migrate-meta-layouts":"default","ast-page-background-enabled":"default","ast-page-background-meta":{"desktop":{"background-color":"var(--ast-global-color-5)","background-image":"","background-repeat":"repeat","background-position":"center center","background-size":"auto","background-attachment":"scroll","background-type":"","background-media":"","overlay-type":"","overlay-color":"","overlay-opacity":"","overlay-gradient":""},"tablet":{"background-color":"","background-image":"","background-repeat":"repeat","background-position":"center center","background-size":"auto","background-attachment":"scroll","background-type":"","background-media":"","overlay-type":"","overlay-color":"","overlay-opacity":"","overlay-gradient":""},"mobile":{"background-color":"","background-image":"","background-repeat":"repeat","background-position":"center center","background-size":"auto","background-attachment":"scroll","background-type":"","background-media":"","overlay-type":"","overlay-color":"","overlay-opacity":"","overlay-gradient":""}},"ast-content-background-meta":{"desktop":{"background-color":"var(--ast-global-color-4)","background-image":"","background-repeat":"repeat","background-position":"center center","background-size":"auto","background-attachment":"scroll","background-type":"","background-media":"","overlay-type":"","overlay-color":"","overlay-opacity":"","overlay-gradient":""},"tablet":{"background-color":"var(--ast-global-color-4)","background-image":"","background-repeat":"repeat","background-position":"center center","background-size":"auto","background-attachment":"scroll","background-type":"","background-media":"","overlay-type":"","overlay-color":"","overlay-opacity":"","overlay-gradient":""},"mobile":{"background-color":"var(--ast-global-color-4)","background-image":"","background-repeat":"repeat","background-position":"center center","background-size":"auto","background-attachment":"scroll","background-type":"","background-media":"","overlay-type":"","overlay-color":"","overlay-opacity":"","overlay-gradient":""}},"footnotes":""},"class_list":["post-39496","page","type-page","status-publish","hentry"],"_links":{"self":[{"href":"https:\/\/mavideniz.com.tr\/fr\/wp-json\/wp\/v2\/pages\/39496","targetHints":{"allow":["GET"]}}],"collection":[{"href":"https:\/\/mavideniz.com.tr\/fr\/wp-json\/wp\/v2\/pages"}],"about":[{"href":"https:\/\/mavideniz.com.tr\/fr\/wp-json\/wp\/v2\/types\/page"}],"author":[{"embeddable":true,"href":"https:\/\/mavideniz.com.tr\/fr\/wp-json\/wp\/v2\/users\/1"}],"replies":[{"embeddable":true,"href":"https:\/\/mavideniz.com.tr\/fr\/wp-json\/wp\/v2\/comments?post=39496"}],"version-history":[{"count":0,"href":"https:\/\/mavideniz.com.tr\/fr\/wp-json\/wp\/v2\/pages\/39496\/revisions"}],"up":[{"embeddable":true,"href":"https:\/\/mavideniz.com.tr\/fr\/wp-json\/wp\/v2\/pages\/39491"}],"wp:attachment":[{"href":"https:\/\/mavideniz.com.tr\/fr\/wp-json\/wp\/v2\/media?parent=39496"}],"curies":[{"name":"wp","href":"https:\/\/api.w.org\/{rel}","templated":true}]}}