{"id":39501,"date":"2022-10-08T17:16:40","date_gmt":"2022-10-08T17:16:40","guid":{"rendered":"https:\/\/mavideniz.com.tr\/?page_id=39501"},"modified":"2022-10-08T17:16:43","modified_gmt":"2022-10-08T17:16:43","slug":"kit-de-deversement-marin-_-kit-de-deversement-dhuile-kit-de-deversement-de-produits-chimiques","status":"publish","type":"page","link":"https:\/\/mavideniz.com.tr\/fr\/produits-industriels\/absorbants-kit-dintervention-en-cas-de-deversement\/trousse-dintervention-en-cas-de-deversement-dhydrocarbures\/kit-de-deversement-marin-_-kit-de-deversement-dhuile-kit-de-deversement-de-produits-chimiques\/","title":{"rendered":"Kit De D\u00e9versement Marin _ Kit de d\u00e9versement d&rsquo;huile + Kit de d\u00e9versement de produits chimiques"},"content":{"rendered":"\n<p>Un kit de d\u00e9versement marin correctement stock\u00e9, entretenu et d\u00e9ploy\u00e9 peut prot\u00e9ger nos ressources naturelles et les d\u00e9versements de p\u00e9trole et de produits chimiques avec diff\u00e9rentes capacit\u00e9s d&rsquo;absorption, adapt\u00e9 \u00e0 une large gamme d&rsquo;applications marines. Trousse de d\u00e9versement d&rsquo;huile + Trousse de d\u00e9versement chimique con\u00e7ue pour l&rsquo;intervention d&rsquo;urgence et non-urgence en cas de d\u00e9versement d&rsquo;huile\/produit chimique.<\/p>\n<p>La pollution aigu\u00eb de la mer, de l&rsquo;eau et de l&rsquo;eau potable exige une r\u00e9ponse efficace et rapide. Le kit de d\u00e9versement d&rsquo;huile est la meilleure fa\u00e7on de r\u00e9pondre \u00e0 la mer ou aux ponts de navire.<\/p>\n<p>Trousse de d\u00e9versement en mer &#8211; Selon la r\u00e9solution de l&rsquo;O.I.M. et la Oil Pollution Act (O.P.A.) de 1990, il s&rsquo;agit de trousses de d\u00e9versement sp\u00e9cialement con\u00e7ues pour les navires de haute mer afin de r\u00e9cup\u00e9rer jusqu&rsquo;\u00e0 20 000 litres de p\u00e9trole ou de produits chimiques flottants \u00e0 usage unique.<\/p>\n<p>Le kit de d\u00e9versement d&rsquo;hydrocarbures + le kit de d\u00e9versement de produits chimiques comprend des \u00e9quipements \u00e9prouv\u00e9s formul\u00e9s avec l&rsquo;aide des principaux armateurs\/op\u00e9rateurs. Le contenu couvre toutes les zones requises, telles que les absorbeurs d&rsquo;huile, les outils \u00e0 main, les conteneurs, les pompes, etc.<\/p>\n<p><strong>Le 1 baril (159 lt) Marine Spill Kit Contenu<\/strong><\/p>\n<ul>\n<li>Dimension : 70 x 70 x 70 cm (L x H x P)<\/li>\n<li>Un r\u00e9cipient de couleur vive<\/li>\n<li>200 pcs pads 40 cm x 50 cm &#8211; Huile uniquement<\/li>\n<li>Cinq sacs \u00e0 ordures en plastique<\/li>\n<li>Six paires de gants de kit de d\u00e9versement<\/li>\n<li>Six paires de chaussures de s\u00e9curit\u00e9<\/li>\n<li>Six combinaisons de protection jetables<\/li>\n<li>Un tambour d&rsquo;O.S.D. Chemicals<\/li>\n<li>Pompe de pulv\u00e9risation \u00e0 une main<\/li>\n<li>Un sac de kit de d\u00e9versement d&rsquo;huile &#8211; 1.000 litres<\/li>\n<\/ul>\n<p><strong>Le kit de d\u00e9versement marin de 7 barils (1100 lt)<\/strong><\/p>\n<ul>\n<li>Dimension : 114 x 82 x 70 cm (L x H x P)<\/li>\n<li>Un r\u00e9cipient de couleur vive<\/li>\n<li>200 pcs pads 40 cm x 50 cm &#8211; Huile uniquement<\/li>\n<li>Huit morceaux de rampes de sorbant 13 cm x 3 m<\/li>\n<li>Dix sacs \u00e0 ordures en plastique<\/li>\n<li>Six paires de gants de kit de d\u00e9versement<\/li>\n<li>Six paires de chaussures de s\u00e9curit\u00e9<\/li>\n<li>Six combinaisons de protection jetables<\/li>\n<li>Un tambour d&rsquo;O.S.D. Chemicals<\/li>\n<li>Pompe de pulv\u00e9risation \u00e0 une main<\/li>\n<li>Une paire de pelles<\/li>\n<li>Une paire de godet<\/li>\n<li>Un sac de kit de d\u00e9versement d&rsquo;huile &#8211; 1.000 litres<\/li>\n<\/ul>\n<p><strong>Le kit de d\u00e9versement marin de 12 barils (1900 lt)<\/strong><\/p>\n<ul>\n<li>Dimension : 114 x 82 x 70 cm (L x H x P)<\/li>\n<li>Un r\u00e9cipient de couleur vive<\/li>\n<li>200 pcs pads 40 cm x 50 cm &#8211; Huile uniquement<\/li>\n<li>100 pcs pads 40 cm x 50 cm &#8211; Universelle uniquement<\/li>\n<li>Huit morceaux de rampes de sorbant 13 cm x 3 m<\/li>\n<li>Dix sacs \u00e0 ordures en plastique<\/li>\n<li>Six paires de gants de kit de d\u00e9versement<\/li>\n<li>Six paires de chaussures de s\u00e9curit\u00e9<\/li>\n<li>Six combinaisons de protection jetables<\/li>\n<li>Un tambour de O.S.D. Chemicals &amp; Hand Cleaner<\/li>\n<li>Pompe de pulv\u00e9risation \u00e0 une main<\/li>\n<li>Une paire de pelles<\/li>\n<li>Une paire de godet<\/li>\n<li>Deux sacs de kit de d\u00e9versement d&rsquo;huile &#8211; 1.000 litres<\/li>\n<\/ul>\n<p>[wpfd_category id=\u00a0\u00bb9155&Prime;]<\/p>\n","protected":false},"excerpt":{"rendered":"<p>Un kit de d\u00e9versement marin correctement stock\u00e9, entretenu et d\u00e9ploy\u00e9 peut prot\u00e9ger nos ressources naturelles et les d\u00e9versements de p\u00e9trole [&hellip;]<\/p>\n","protected":false},"author":1,"featured_media":0,"parent":39491,"menu_order":0,"comment_status":"closed","ping_status":"closed","template":"","meta":{"site-sidebar-layout":"default","site-content-layout":"","ast-site-content-layout":"default","site-content-style":"default","site-sidebar-style":"default","ast-global-header-display":"","ast-banner-title-visibility":"","ast-main-header-display":"","ast-hfb-above-header-display":"","ast-hfb-below-header-display":"","ast-hfb-mobile-header-display":"","site-post-title":"","ast-breadcrumbs-content":"","ast-featured-img":"","footer-sml-layout":"","ast-disable-related-posts":"","theme-transparent-header-meta":"","adv-header-id-meta":"","stick-header-meta":"","header-above-stick-meta":"","header-main-stick-meta":"","header-below-stick-meta":"","astra-migrate-meta-layouts":"default","ast-page-background-enabled":"default","ast-page-background-meta":{"desktop":{"background-color":"var(--ast-global-color-5)","background-image":"","background-repeat":"repeat","background-position":"center center","background-size":"auto","background-attachment":"scroll","background-type":"","background-media":"","overlay-type":"","overlay-color":"","overlay-opacity":"","overlay-gradient":""},"tablet":{"background-color":"","background-image":"","background-repeat":"repeat","background-position":"center center","background-size":"auto","background-attachment":"scroll","background-type":"","background-media":"","overlay-type":"","overlay-color":"","overlay-opacity":"","overlay-gradient":""},"mobile":{"background-color":"","background-image":"","background-repeat":"repeat","background-position":"center center","background-size":"auto","background-attachment":"scroll","background-type":"","background-media":"","overlay-type":"","overlay-color":"","overlay-opacity":"","overlay-gradient":""}},"ast-content-background-meta":{"desktop":{"background-color":"var(--ast-global-color-4)","background-image":"","background-repeat":"repeat","background-position":"center center","background-size":"auto","background-attachment":"scroll","background-type":"","background-media":"","overlay-type":"","overlay-color":"","overlay-opacity":"","overlay-gradient":""},"tablet":{"background-color":"var(--ast-global-color-4)","background-image":"","background-repeat":"repeat","background-position":"center center","background-size":"auto","background-attachment":"scroll","background-type":"","background-media":"","overlay-type":"","overlay-color":"","overlay-opacity":"","overlay-gradient":""},"mobile":{"background-color":"var(--ast-global-color-4)","background-image":"","background-repeat":"repeat","background-position":"center center","background-size":"auto","background-attachment":"scroll","background-type":"","background-media":"","overlay-type":"","overlay-color":"","overlay-opacity":"","overlay-gradient":""}},"footnotes":""},"class_list":["post-39501","page","type-page","status-publish","hentry"],"_links":{"self":[{"href":"https:\/\/mavideniz.com.tr\/fr\/wp-json\/wp\/v2\/pages\/39501","targetHints":{"allow":["GET"]}}],"collection":[{"href":"https:\/\/mavideniz.com.tr\/fr\/wp-json\/wp\/v2\/pages"}],"about":[{"href":"https:\/\/mavideniz.com.tr\/fr\/wp-json\/wp\/v2\/types\/page"}],"author":[{"embeddable":true,"href":"https:\/\/mavideniz.com.tr\/fr\/wp-json\/wp\/v2\/users\/1"}],"replies":[{"embeddable":true,"href":"https:\/\/mavideniz.com.tr\/fr\/wp-json\/wp\/v2\/comments?post=39501"}],"version-history":[{"count":0,"href":"https:\/\/mavideniz.com.tr\/fr\/wp-json\/wp\/v2\/pages\/39501\/revisions"}],"up":[{"embeddable":true,"href":"https:\/\/mavideniz.com.tr\/fr\/wp-json\/wp\/v2\/pages\/39491"}],"wp:attachment":[{"href":"https:\/\/mavideniz.com.tr\/fr\/wp-json\/wp\/v2\/media?parent=39501"}],"curies":[{"name":"wp","href":"https:\/\/api.w.org\/{rel}","templated":true}]}}