{"id":39511,"date":"2022-10-08T18:06:43","date_gmt":"2022-10-08T18:06:43","guid":{"rendered":"https:\/\/mavideniz.com.tr\/?page_id=39511"},"modified":"2022-10-08T18:10:27","modified_gmt":"2022-10-08T18:10:27","slug":"nettoyeur-de-plage-machine-automotrice","status":"publish","type":"page","link":"https:\/\/mavideniz.com.tr\/fr\/produits-industriels\/nettoyeur-de-plage-machine-de-nettoyage-de-plage\/nettoyeur-de-plage-machine-automotrice\/","title":{"rendered":"Nettoyeur De Plage &#8211; Machine Automotrice"},"content":{"rendered":"\n<p>La machine de nettoyage de plage automotrice de Mavideniz, Beach Cleaner, est rentable avec des r\u00e9sultats de nettoyage exacts pour les grandes, moyennes, petites et exclusives plages. Notre machine de nettoyage de plage automotrice ; nettoyeur de plage peut utiliser toutes sortes de sable pour nettoyer. La machine de nettoyage de plage de Mavideniz peut rapidement collecter des d\u00e9chets, des m\u00e9gots de cigarettes, des algues sur l&rsquo;eau ou la plage, des pierres et des d\u00e9versements d&rsquo;huile sur la c\u00f4te sans laisser de ruines, tout cela en une seule op\u00e9ration.<\/p>\n<p><strong>Caract\u00e9ristiques<\/strong><\/p>\n<ul>\n<li>Op\u00e9ration d&rsquo;une personne<\/li>\n<li>Pas besoin de tracteur<\/li>\n<li>Criblage \u00e0 deux courroies<\/li>\n<li>Diff\u00e9rents types de finisseurs<\/li>\n<li>R\u00e9servoirs \u00e0 bord ou \u00e0 l&rsquo;arri\u00e8re<\/li>\n<li>Diff\u00e9rents types de bandes de criblage<\/li>\n<li>Diff\u00e9rents types de dents de printemps<\/li>\n<li>Faible maintenance<\/li>\n<li>D\u00e9chargement Facile<\/li>\n<\/ul>\n<p><strong>Facultatif<\/strong><\/p>\n<ul>\n<li>\u00c9tat De L&rsquo;Air<\/li>\n<li>Cam\u00e9ra<\/li>\n<li>Pi\u00e8ces D\u00e9tach\u00e9es<\/li>\n<li>Dents De Printemps<\/li>\n<li>Maillage \u00e9cran ( Grossier | Amende | Inoxydable )<\/li>\n<li>Feu de travail<\/li>\n<li>Couvercle en PVC<\/li>\n<li>Couvercle pour tracteur<\/li>\n<\/ul>\n<div class=\"wptm_table tablesorter-bootstrap \" data-id=\"111\" data-hightlight=\"0\"><div class=\"wptm_buttons buttons_wptmTbl111\"><\/div><div class=\"wptmresponsive dataTables-wptmtable wptmtable \" id=\"wptmtable111\" data-tableid=\"wptmTbl111\"><table data-count-header=\"1\"  data-format-decimal_count=\"0\" data-format-decimal_symbol=\".\" data-format-symbol_position=\"0\" data-format-thousand_symbol=\",\"  data-format-currency_symbol=\"$\"  data-name-style=\"111_1759682371.css\" data-format=\"YYYY-MM-DD\" id=\"wptmTbl111\" data-id=\"111\" data-responsive=\"false\" data-hideCols=\"false\"  data-type=\"html\" data-paging=\"false\" data-searching=\"true\"  data-ordering=\"false\" data-table-breakpoint=\"980\" data-scroll-x=\"true\" data-scroll-collapse=\"true\" data-align=\"center\" data-range=\"[]\" data-hideColumn=\"[0,0,0,0]\"  data-colwidths=\"[285,285,285,285]\"  data-colwidths_desktop=[]  data-colwidths_tablet=[]  data-colwidths_mobile=[]  class=\"wptm_main_table  disablePager hideScrollHeader\"><colgroup><col data-dtr=\"0\" data-dtc=\"0\" class=\"dtc0\"><col data-dtr=\"0\" data-dtc=\"1\" class=\"dtc1\"><col data-dtr=\"0\" data-dtc=\"2\" class=\"dtc2\"><col data-dtr=\"0\" data-dtc=\"3\" class=\"dtc3\"><\/colgroup><thead><tr class=\"wptm-header-cells-index\"><th rowspan=\"1\" colspan=\"1\" data-dtr=\"0\" data-dtc=\"0\" class=\"dtr0 dtc0\"><\/th><th rowspan=\"1\" colspan=\"1\" data-dtr=\"0\" data-dtc=\"1\" class=\"dtr0 dtc1\"><\/th><th rowspan=\"1\" colspan=\"1\" data-dtr=\"0\" data-dtc=\"2\" class=\"dtr0 dtc2\"><\/th><th rowspan=\"1\" colspan=\"1\" data-dtr=\"0\" data-dtc=\"3\" class=\"dtr0 dtc3\"><\/th><\/tr><tr class=\" row0\"><th   data-priority=\"0\" class=\"dtr0 dtc0\"><\/th><th   data-priority=\"0\" class=\"dtr0 dtc1\">     Beach Cat XL<\/th><th   data-priority=\"0\" class=\"dtr0 dtc2\"> Beach Cat L<\/th><th   data-priority=\"0\" class=\"dtr0 dtc3\"> Beach Cat M<\/th><\/thead><tbody><tr class=\" row1\"><td    class=\"dtr1 dtc0\"> Lenght<\/td><td    class=\"dtr1 dtc1\">4,2 m<\/td><td    class=\"dtr1 dtc2\">4,2 m<\/td><td    class=\"dtr1 dtc3\">2.4 m<\/td><\/tr><tr class=\" row2\"><td    class=\"dtr2 dtc0\">Width<\/td><td    class=\"dtr2 dtc1\">2,5 m<\/td><td    class=\"dtr2 dtc2\">2,5 m<\/td><td    class=\"dtr2 dtc3\">1.1 m<\/td><\/tr><tr class=\" row3\"><td    class=\"dtr3 dtc0\">Working Width<\/td><td    class=\"dtr3 dtc1\">    1.5 m<\/td><td    class=\"dtr3 dtc2\">1.4 m<\/td><td    class=\"dtr3 dtc3\">1 m<\/td><\/tr><tr class=\" row4\"><td    class=\"dtr4 dtc0\">Height<\/td><td    class=\"dtr4 dtc1\">    2.5 m<\/td><td    class=\"dtr4 dtc2\">2.5 m<\/td><td    class=\"dtr4 dtc3\">1.4 m<\/td><\/tr><tr class=\" row5\"><td    class=\"dtr5 dtc0\">Discharge height<\/td><td    class=\"dtr5 dtc1\">1.6 m standard | 2.5 m optional<\/td><td    class=\"dtr5 dtc2\">1.6 m<\/td><td    class=\"dtr5 dtc3\">-<\/td><\/tr><tr class=\" row6\"><td    class=\"dtr6 dtc0\">Screen Depth<\/td><td    class=\"dtr6 dtc1\">Up to 15 cm<\/td><td    class=\"dtr6 dtc2\">Up to 15 cm<\/td><td    class=\"dtr6 dtc3\">Up to 10 cm<\/td><\/tr><tr class=\" row7\"><td    class=\"dtr7 dtc0\">Weight<\/td><td    class=\"dtr7 dtc1\">3500 kg<\/td><td    class=\"dtr7 dtc2\">2700 kg<\/td><td    class=\"dtr7 dtc3\">500 kg<\/td><\/tr><tr class=\" row8\"><td    class=\"dtr8 dtc0\">Waste Tank Capacity<\/td><td    class=\"dtr8 dtc1\">0,5 m3 standard | 1.2 m\u00b3 optional<\/td><td    class=\"dtr8 dtc2\">0.5 m3<\/td><td    class=\"dtr8 dtc3\">-<\/td><\/tr><tr class=\" row9\"><td    class=\"dtr9 dtc0\">Performance<\/td><td    class=\"dtr9 dtc1\">15.000 m2<\/td><td    class=\"dtr9 dtc2\">10.000 m2<\/td><td    class=\"dtr9 dtc3\">4.000 m2<\/td><\/tr><tr class=\" row10\"><td    class=\"dtr10 dtc0\">Speed<\/td><td    class=\"dtr10 dtc1\">15 km \/ hr<\/td><td    class=\"dtr10 dtc2\">15 km \/ hr<\/td><td    class=\"dtr10 dtc3\">8 km \/ hr<\/td><\/tr><tr class=\" row11\"><td    class=\"dtr11 dtc0\">Cabin<\/td><td    class=\"dtr11 dtc1\">Closed<\/td><td    class=\"dtr11 dtc2\">Open<\/td><td    class=\"dtr11 dtc3\">Open<\/td><\/tr><tr class=\" row12\"><td    class=\"dtr12 dtc0\">Air Conditioner<\/td><td    class=\"dtr12 dtc1\">Yes<\/td><td    class=\"dtr12 dtc2\">No<\/td><td    class=\"dtr12 dtc3\">No<\/td><\/tr><\/tbody><tfoot><tr><td class=\"dtr12 dtc0\" style=\"height: 0;\"><\/td><td class=\"dtr12 dtc1\" style=\"height: 0;\"><\/td><td class=\"dtr12 dtc2\" style=\"height: 0;\"><\/td><td class=\"dtr12 dtc3\" style=\"height: 0;\"><\/td><\/tr><\/tfoot><\/table><\/div><style>#wptmtable111 .dataTables_wrapper > .dataTables_scroll {max-height:500px;overflow: auto;}<\/style><script>window.wptm_ajaxurl = 'https:\/\/mavideniz.com.tr\/wp-admin\/admin-ajax.php?juwpfisadmin=false&action=Wptm&'; window.wptm_front = 'https:\/\/mavideniz.com.tr\/wp-content\/plugins\/wp-table-manager\/app\/site\/assets\/'; window.wptm_style = 'https:\/\/mavideniz.com.tr\/wp-content\/uploads\/wptm\/';<\/script><\/div><style><\/style>\n","protected":false},"excerpt":{"rendered":"<p>La machine de nettoyage de plage automotrice de Mavideniz, Beach Cleaner, est rentable avec des r\u00e9sultats de nettoyage exacts pour [&hellip;]<\/p>\n","protected":false},"author":1,"featured_media":0,"parent":39506,"menu_order":0,"comment_status":"closed","ping_status":"closed","template":"","meta":{"site-sidebar-layout":"default","site-content-layout":"","ast-site-content-layout":"default","site-content-style":"default","site-sidebar-style":"default","ast-global-header-display":"","ast-banner-title-visibility":"","ast-main-header-display":"","ast-hfb-above-header-display":"","ast-hfb-below-header-display":"","ast-hfb-mobile-header-display":"","site-post-title":"","ast-breadcrumbs-content":"","ast-featured-img":"","footer-sml-layout":"","ast-disable-related-posts":"","theme-transparent-header-meta":"","adv-header-id-meta":"","stick-header-meta":"","header-above-stick-meta":"","header-main-stick-meta":"","header-below-stick-meta":"","astra-migrate-meta-layouts":"default","ast-page-background-enabled":"default","ast-page-background-meta":{"desktop":{"background-color":"var(--ast-global-color-5)","background-image":"","background-repeat":"repeat","background-position":"center center","background-size":"auto","background-attachment":"scroll","background-type":"","background-media":"","overlay-type":"","overlay-color":"","overlay-opacity":"","overlay-gradient":""},"tablet":{"background-color":"","background-image":"","background-repeat":"repeat","background-position":"center center","background-size":"auto","background-attachment":"scroll","background-type":"","background-media":"","overlay-type":"","overlay-color":"","overlay-opacity":"","overlay-gradient":""},"mobile":{"background-color":"","background-image":"","background-repeat":"repeat","background-position":"center center","background-size":"auto","background-attachment":"scroll","background-type":"","background-media":"","overlay-type":"","overlay-color":"","overlay-opacity":"","overlay-gradient":""}},"ast-content-background-meta":{"desktop":{"background-color":"var(--ast-global-color-4)","background-image":"","background-repeat":"repeat","background-position":"center center","background-size":"auto","background-attachment":"scroll","background-type":"","background-media":"","overlay-type":"","overlay-color":"","overlay-opacity":"","overlay-gradient":""},"tablet":{"background-color":"var(--ast-global-color-4)","background-image":"","background-repeat":"repeat","background-position":"center center","background-size":"auto","background-attachment":"scroll","background-type":"","background-media":"","overlay-type":"","overlay-color":"","overlay-opacity":"","overlay-gradient":""},"mobile":{"background-color":"var(--ast-global-color-4)","background-image":"","background-repeat":"repeat","background-position":"center center","background-size":"auto","background-attachment":"scroll","background-type":"","background-media":"","overlay-type":"","overlay-color":"","overlay-opacity":"","overlay-gradient":""}},"footnotes":""},"class_list":["post-39511","page","type-page","status-publish","hentry"],"_links":{"self":[{"href":"https:\/\/mavideniz.com.tr\/fr\/wp-json\/wp\/v2\/pages\/39511","targetHints":{"allow":["GET"]}}],"collection":[{"href":"https:\/\/mavideniz.com.tr\/fr\/wp-json\/wp\/v2\/pages"}],"about":[{"href":"https:\/\/mavideniz.com.tr\/fr\/wp-json\/wp\/v2\/types\/page"}],"author":[{"embeddable":true,"href":"https:\/\/mavideniz.com.tr\/fr\/wp-json\/wp\/v2\/users\/1"}],"replies":[{"embeddable":true,"href":"https:\/\/mavideniz.com.tr\/fr\/wp-json\/wp\/v2\/comments?post=39511"}],"version-history":[{"count":0,"href":"https:\/\/mavideniz.com.tr\/fr\/wp-json\/wp\/v2\/pages\/39511\/revisions"}],"up":[{"embeddable":true,"href":"https:\/\/mavideniz.com.tr\/fr\/wp-json\/wp\/v2\/pages\/39506"}],"wp:attachment":[{"href":"https:\/\/mavideniz.com.tr\/fr\/wp-json\/wp\/v2\/media?parent=39511"}],"curies":[{"name":"wp","href":"https:\/\/api.w.org\/{rel}","templated":true}]}}