{"id":39517,"date":"2022-10-08T18:16:12","date_gmt":"2022-10-08T18:16:12","guid":{"rendered":"https:\/\/mavideniz.com.tr\/?page_id=39517"},"modified":"2022-10-08T18:16:16","modified_gmt":"2022-10-08T18:16:16","slug":"nettoyeur-de-plage-machine-tractee-par-tracteur","status":"publish","type":"page","link":"https:\/\/mavideniz.com.tr\/fr\/produits-industriels\/nettoyeur-de-plage-machine-de-nettoyage-de-plage\/nettoyeur-de-plage-machine-tractee-par-tracteur\/","title":{"rendered":"Nettoyeur De Plage &#8211; Machine Tract\u00e9e Par Tracteur"},"content":{"rendered":"\n<p>La machine de nettoyage de plage remorqu\u00e9e de tracteur de Mavi Deniz, Beach Cleaner, est rentable et active avec des r\u00e9sultats de nettoyage exacts pour les grandes, moyennes, petites et uniques plages. Notre tracteur remorqu\u00e9 machine de nettoyage de plage, nettoyeur de plage, peut \u00eatre utilis\u00e9 avec toutes sortes de sable pour nettoyer. La machine de nettoyage de plage de Mavi Deniz peut efficacement collecter les d\u00e9chets, les m\u00e9gots de cigarettes, les algues sur l&rsquo;eau ou la plage, les pierres et les d\u00e9versements d&rsquo;huile sur les plages sans laisser derri\u00e8re les ruines. Le tout en une seule op\u00e9ration.<\/p>\n<p><strong>Caract\u00e9ristiques<\/strong><\/p>\n<ul>\n<li>Op\u00e9ration d&rsquo;une personne<\/li>\n<li>Criblage \u00e0 deux courroies<\/li>\n<li>Diff\u00e9rents types de finisseurs<\/li>\n<li>R\u00e9servoirs \u00e0 bord ou \u00e0 l&rsquo;arri\u00e8re<\/li>\n<li>Diff\u00e9rents types de bandes de criblage<\/li>\n<li>Diff\u00e9rents types de dents de printemps<\/li>\n<li>Faible maintenance<\/li>\n<li>D\u00e9chargement Facile<\/li>\n<li>Cam\u00e9ra<\/li>\n<\/ul>\n<p><strong>Facultatif<\/strong><\/p>\n<ul>\n<li>Pi\u00e8ces D\u00e9tach\u00e9es<\/li>\n<li>Dents De Printemps<\/li>\n<li>Maillage \u00e9cran ( Grossier | Amende | Inoxydable )<\/li>\n<li>Feu de travail<\/li>\n<li>Couvercle en PVC<\/li>\n<li>Couvercle pour tracteur<\/li>\n<\/ul>\n<div class=\"wptm_table tablesorter-bootstrap \" data-id=\"112\" data-hightlight=\"0\"><div class=\"wptm_buttons buttons_wptmTbl112\"><\/div><div class=\"wptmresponsive dataTables-wptmtable wptmtable \" id=\"wptmtable112\" data-tableid=\"wptmTbl112\"><table data-count-header=\"1\"  data-format-decimal_count=\"0\" data-format-decimal_symbol=\".\" data-format-symbol_position=\"0\" data-format-thousand_symbol=\",\"  data-format-currency_symbol=\"$\"  data-name-style=\"112_1759682524.css\" data-format=\"YYYY-MM-DD\" id=\"wptmTbl112\" data-id=\"112\" data-responsive=\"false\" data-hideCols=\"false\"  data-type=\"html\" data-paging=\"false\" data-searching=\"true\"  data-ordering=\"false\" data-table-breakpoint=\"980\" data-scroll-x=\"true\" data-scroll-collapse=\"true\" data-align=\"center\" data-range=\"[]\" data-hideColumn=\"[0,0,0,0,0,0,0]\"  data-colwidths=\"[162,162,162,162,162,162,162]\"  data-colwidths_desktop=[]  data-colwidths_tablet=[]  data-colwidths_mobile=[]  class=\"wptm_main_table  disablePager hideScrollHeader\"><colgroup><col data-dtr=\"0\" data-dtc=\"0\" class=\"dtc0\"><col data-dtr=\"0\" data-dtc=\"1\" class=\"dtc1\"><col data-dtr=\"0\" data-dtc=\"2\" class=\"dtc2\"><col data-dtr=\"0\" data-dtc=\"3\" class=\"dtc3\"><col data-dtr=\"0\" data-dtc=\"4\" class=\"dtc4\"><col data-dtr=\"0\" data-dtc=\"5\" class=\"dtc5\"><col data-dtr=\"0\" data-dtc=\"6\" class=\"dtc6\"><\/colgroup><thead><tr class=\"wptm-header-cells-index\"><th rowspan=\"1\" colspan=\"1\" data-dtr=\"0\" data-dtc=\"0\" class=\"dtr0 dtc0\"><\/th><th rowspan=\"1\" colspan=\"1\" data-dtr=\"0\" data-dtc=\"1\" class=\"dtr0 dtc1\"><\/th><th rowspan=\"1\" colspan=\"1\" data-dtr=\"0\" data-dtc=\"2\" class=\"dtr0 dtc2\"><\/th><th rowspan=\"1\" colspan=\"1\" data-dtr=\"0\" data-dtc=\"3\" class=\"dtr0 dtc3\"><\/th><th rowspan=\"1\" colspan=\"1\" data-dtr=\"0\" data-dtc=\"4\" class=\"dtr0 dtc4\"><\/th><th rowspan=\"1\" colspan=\"1\" data-dtr=\"0\" data-dtc=\"5\" class=\"dtr0 dtc5\"><\/th><th rowspan=\"1\" colspan=\"1\" data-dtr=\"0\" data-dtc=\"6\" class=\"dtr0 dtc6\"><\/th><\/tr><tr class=\" row0\"><th   data-priority=\"0\" class=\"dtr0 dtc0\"><\/th><th   data-priority=\"0\" class=\"dtr0 dtc1\"> Beach XXL<\/th><th   data-priority=\"0\" class=\"dtr0 dtc2\"> Beach XL<\/th><th   data-priority=\"0\" class=\"dtr0 dtc3\"> Beach L<\/th><th   data-priority=\"0\" class=\"dtr0 dtc4\">Beach N<\/th><th   data-priority=\"0\" class=\"dtr0 dtc5\"> Beach M<\/th><th   data-priority=\"0\" class=\"dtr0 dtc6\"> Beach S<\/th><\/thead><tbody><tr class=\" row1\"><td    class=\"dtr1 dtc0\"> Lenght<\/td><td    class=\"dtr1 dtc1\">6.5 m<\/td><td    class=\"dtr1 dtc2\">5 m<\/td><td    class=\"dtr1 dtc3\">4.2 m<\/td><td    class=\"dtr1 dtc4\">4 m<\/td><td    class=\"dtr1 dtc5\">3.8 m<\/td><td    class=\"dtr1 dtc6\">3.6 m<\/td><\/tr><tr class=\" row2\"><td    class=\"dtr2 dtc0\">Width<\/td><td    class=\"dtr2 dtc1\">2.6 m<\/td><td    class=\"dtr2 dtc2\">2.5 m<\/td><td    class=\"dtr2 dtc3\">2.3 m<\/td><td    class=\"dtr2 dtc4\">2.2 m<\/td><td    class=\"dtr2 dtc5\">2 m<\/td><td    class=\"dtr2 dtc6\">1.8 m<\/td><\/tr><tr class=\" row3\"><td    class=\"dtr3 dtc0\">Height<\/td><td    class=\"dtr3 dtc1\">2.4 m<\/td><td    class=\"dtr3 dtc2\">2 m<\/td><td    class=\"dtr3 dtc3\">1.6 m<\/td><td    class=\"dtr3 dtc4\">1.5 m<\/td><td    class=\"dtr3 dtc5\">1.4 m<\/td><td    class=\"dtr3 dtc6\">1.3 m<\/td><\/tr><tr class=\" row4\"><td    class=\"dtr4 dtc0\">Working Width<\/td><td    class=\"dtr4 dtc1\">2.5 m<\/td><td    class=\"dtr4 dtc2\">2.3 m<\/td><td    class=\"dtr4 dtc3\">1.9 m<\/td><td    class=\"dtr4 dtc4\">1.75 m<\/td><td    class=\"dtr4 dtc5\">1.5 m<\/td><td    class=\"dtr4 dtc6\">1.3 m<\/td><\/tr><tr class=\" row5\"><td    class=\"dtr5 dtc0\">Discharge Height<\/td><td  colspan=\"6\"   class=\"dtr5 dtc1\">2.6 m (Optionnal) - 1.5 m (Standard)<\/td><td  style=\"display: none\"   class=\"dtr5 dtc2\"><\/td><td  style=\"display: none\"   class=\"dtr5 dtc3\"><\/td><td  style=\"display: none\"   class=\"dtr5 dtc4\"><\/td><td  style=\"display: none\"   class=\"dtr5 dtc5\"><\/td><td  style=\"display: none\"   class=\"dtr5 dtc6\"><\/td><\/tr><tr class=\" row6\"><td    class=\"dtr6 dtc0\">Weight<\/td><td    class=\"dtr6 dtc1\">4500 kg<\/td><td    class=\"dtr6 dtc2\">2500 kg<\/td><td    class=\"dtr6 dtc3\">1500 kg<\/td><td    class=\"dtr6 dtc4\">1250 kg<\/td><td    class=\"dtr6 dtc5\">1100 kg<\/td><td    class=\"dtr6 dtc6\">690 kg<\/td><\/tr><tr class=\" row7\"><td    class=\"dtr7 dtc0\">Rake Roller System<\/td><td  colspan=\"6\"   class=\"dtr7 dtc1\">Spring Tines (Optional) - 1.5 m (Standard)<\/td><td  style=\"display: none\"   class=\"dtr7 dtc2\"><\/td><td  style=\"display: none\"   class=\"dtr7 dtc3\"><\/td><td  style=\"display: none\"   class=\"dtr7 dtc4\"><\/td><td  style=\"display: none\"   class=\"dtr7 dtc5\"><\/td><td  style=\"display: none\"   class=\"dtr7 dtc6\"><\/td><\/tr><tr class=\" row8\"><td    class=\"dtr8 dtc0\">Screen Depth<\/td><td    class=\"dtr8 dtc1\">up to 30 cm<\/td><td    class=\"dtr8 dtc2\">up to 30 cm<\/td><td    class=\"dtr8 dtc3\">up to 25 cm<\/td><td    class=\"dtr8 dtc4\">up to 20 cm<\/td><td    class=\"dtr8 dtc5\">up to 15 cm<\/td><td    class=\"dtr8 dtc6\">up to 10 cm<\/td><\/tr><tr class=\" row9\"><td    class=\"dtr9 dtc0\">Waste Tank Capacity<\/td><td    class=\"dtr9 dtc1\">4.5 m3<\/td><td    class=\"dtr9 dtc2\">2.8 m3<\/td><td    class=\"dtr9 dtc3\">1.5 m3<\/td><td    class=\"dtr9 dtc4\">1.2 m3<\/td><td    class=\"dtr9 dtc5\">1 m\u00b3<\/td><td    class=\"dtr9 dtc6\">0.8 m\u00b3<\/td><\/tr><tr class=\" row10\"><td    class=\"dtr10 dtc0\">Performance<\/td><td    class=\"dtr10 dtc1\">30.000 m2<\/td><td    class=\"dtr10 dtc2\">30.000 m2<\/td><td    class=\"dtr10 dtc3\">15.000 m2<\/td><td    class=\"dtr10 dtc4\">10.000 m2<\/td><td    class=\"dtr10 dtc5\">8.000 m2<\/td><td    class=\"dtr10 dtc6\">4.000 m2<\/td><\/tr><tr class=\" row11\"><td    class=\"dtr11 dtc0\">PTO<\/td><td  colspan=\"6\"   class=\"dtr11 dtc1\">1000 rpm (Optional) - 540 rpm (Standard)<\/td><td  style=\"display: none\"   class=\"dtr11 dtc2\"><\/td><td  style=\"display: none\"   class=\"dtr11 dtc3\"><\/td><td  style=\"display: none\"   class=\"dtr11 dtc4\"><\/td><td  style=\"display: none\"   class=\"dtr11 dtc5\"><\/td><td  style=\"display: none\"   class=\"dtr11 dtc6\"><\/td><\/tr><tr class=\" row12\"><td    class=\"dtr12 dtc0\">Tractor Power<\/td><td    class=\"dtr12 dtc1\">4x4 - 120 hp<\/td><td    class=\"dtr12 dtc2\">4x4 - 100 hp<\/td><td    class=\"dtr12 dtc3\">4x4 - 60 hp<\/td><td    class=\"dtr12 dtc4\">4x4 - 80 hp<\/td><td    class=\"dtr12 dtc5\">4x4 - 60 hp<\/td><td    class=\"dtr12 dtc6\">4x4 - 50 hp<\/td><\/tr><\/tbody><tfoot><tr><td class=\"dtr12 dtc0\" style=\"height: 0;\"><\/td><td class=\"dtr12 dtc1\" style=\"height: 0;\"><\/td><td class=\"dtr12 dtc2\" style=\"height: 0;\"><\/td><td class=\"dtr12 dtc3\" style=\"height: 0;\"><\/td><td class=\"dtr12 dtc4\" style=\"height: 0;\"><\/td><td class=\"dtr12 dtc5\" style=\"height: 0;\"><\/td><td class=\"dtr12 dtc6\" style=\"height: 0;\"><\/td><\/tr><\/tfoot><\/table><\/div><style>#wptmtable112 .dataTables_wrapper > .dataTables_scroll {max-height:500px;overflow: auto;}<\/style><script>window.wptm_ajaxurl = 'https:\/\/mavideniz.com.tr\/wp-admin\/admin-ajax.php?juwpfisadmin=false&action=Wptm&'; window.wptm_front = 'https:\/\/mavideniz.com.tr\/wp-content\/plugins\/wp-table-manager\/app\/site\/assets\/'; window.wptm_style = 'https:\/\/mavideniz.com.tr\/wp-content\/uploads\/wptm\/';<\/script><\/div><style><\/style>\n","protected":false},"excerpt":{"rendered":"<p>La machine de nettoyage de plage remorqu\u00e9e de tracteur de Mavi Deniz, Beach Cleaner, est rentable et active avec des [&hellip;]<\/p>\n","protected":false},"author":1,"featured_media":0,"parent":39506,"menu_order":0,"comment_status":"closed","ping_status":"closed","template":"","meta":{"site-sidebar-layout":"default","site-content-layout":"","ast-site-content-layout":"default","site-content-style":"default","site-sidebar-style":"default","ast-global-header-display":"","ast-banner-title-visibility":"","ast-main-header-display":"","ast-hfb-above-header-display":"","ast-hfb-below-header-display":"","ast-hfb-mobile-header-display":"","site-post-title":"","ast-breadcrumbs-content":"","ast-featured-img":"","footer-sml-layout":"","ast-disable-related-posts":"","theme-transparent-header-meta":"","adv-header-id-meta":"","stick-header-meta":"","header-above-stick-meta":"","header-main-stick-meta":"","header-below-stick-meta":"","astra-migrate-meta-layouts":"default","ast-page-background-enabled":"default","ast-page-background-meta":{"desktop":{"background-color":"var(--ast-global-color-5)","background-image":"","background-repeat":"repeat","background-position":"center center","background-size":"auto","background-attachment":"scroll","background-type":"","background-media":"","overlay-type":"","overlay-color":"","overlay-opacity":"","overlay-gradient":""},"tablet":{"background-color":"","background-image":"","background-repeat":"repeat","background-position":"center center","background-size":"auto","background-attachment":"scroll","background-type":"","background-media":"","overlay-type":"","overlay-color":"","overlay-opacity":"","overlay-gradient":""},"mobile":{"background-color":"","background-image":"","background-repeat":"repeat","background-position":"center center","background-size":"auto","background-attachment":"scroll","background-type":"","background-media":"","overlay-type":"","overlay-color":"","overlay-opacity":"","overlay-gradient":""}},"ast-content-background-meta":{"desktop":{"background-color":"var(--ast-global-color-4)","background-image":"","background-repeat":"repeat","background-position":"center center","background-size":"auto","background-attachment":"scroll","background-type":"","background-media":"","overlay-type":"","overlay-color":"","overlay-opacity":"","overlay-gradient":""},"tablet":{"background-color":"var(--ast-global-color-4)","background-image":"","background-repeat":"repeat","background-position":"center center","background-size":"auto","background-attachment":"scroll","background-type":"","background-media":"","overlay-type":"","overlay-color":"","overlay-opacity":"","overlay-gradient":""},"mobile":{"background-color":"var(--ast-global-color-4)","background-image":"","background-repeat":"repeat","background-position":"center center","background-size":"auto","background-attachment":"scroll","background-type":"","background-media":"","overlay-type":"","overlay-color":"","overlay-opacity":"","overlay-gradient":""}},"footnotes":""},"class_list":["post-39517","page","type-page","status-publish","hentry"],"_links":{"self":[{"href":"https:\/\/mavideniz.com.tr\/fr\/wp-json\/wp\/v2\/pages\/39517","targetHints":{"allow":["GET"]}}],"collection":[{"href":"https:\/\/mavideniz.com.tr\/fr\/wp-json\/wp\/v2\/pages"}],"about":[{"href":"https:\/\/mavideniz.com.tr\/fr\/wp-json\/wp\/v2\/types\/page"}],"author":[{"embeddable":true,"href":"https:\/\/mavideniz.com.tr\/fr\/wp-json\/wp\/v2\/users\/1"}],"replies":[{"embeddable":true,"href":"https:\/\/mavideniz.com.tr\/fr\/wp-json\/wp\/v2\/comments?post=39517"}],"version-history":[{"count":0,"href":"https:\/\/mavideniz.com.tr\/fr\/wp-json\/wp\/v2\/pages\/39517\/revisions"}],"up":[{"embeddable":true,"href":"https:\/\/mavideniz.com.tr\/fr\/wp-json\/wp\/v2\/pages\/39506"}],"wp:attachment":[{"href":"https:\/\/mavideniz.com.tr\/fr\/wp-json\/wp\/v2\/media?parent=39517"}],"curies":[{"name":"wp","href":"https:\/\/api.w.org\/{rel}","templated":true}]}}