{"id":39521,"date":"2022-10-08T18:18:10","date_gmt":"2022-10-08T18:18:10","guid":{"rendered":"https:\/\/mavideniz.com.tr\/?page_id=39521"},"modified":"2022-10-08T18:18:14","modified_gmt":"2022-10-08T18:18:14","slug":"nettoyeur-de-plage-a-tamisage-de-sable","status":"publish","type":"page","link":"https:\/\/mavideniz.com.tr\/fr\/produits-industriels\/nettoyeur-de-plage-machine-de-nettoyage-de-plage\/nettoyeur-de-plage-a-tamisage-de-sable\/","title":{"rendered":"Nettoyeur de plage \u00e0 tamisage de sable"},"content":{"rendered":"\n<p>Sand Sifting Beach Cleaner con\u00e7oit sur sable sec et surfaces douces. Le sable et les d\u00e9chets sont collect\u00e9s par l&rsquo;interm\u00e9diaire de la lame de ramassage du nettoyeur sur une bande de tamisage vibrante, qui laisse le sable derri\u00e8re, et les d\u00e9chets sont collect\u00e9s dans un bac de collecte qui est souvent situ\u00e9 \u00e0 l&rsquo;arri\u00e8re du nettoyeur. \u00c9tant donn\u00e9 que le sable et la liti\u00e8re se soul\u00e8vent sur le tapis de criblage, les tamiseurs doivent laisser le temps au sable de passer le crible et de retourner sur la plage.<\/p>\n<p>La taille des mat\u00e9riaux enlev\u00e9s est d\u00e9termin\u00e9e par les trous dans l&rsquo;\u00e9cran install\u00e9. Sand Sifting Beach Cleaner standard En utilisant des \u00e9crans 3\/8&Prime; (5mm) ou 3\/4&Prime; (20mm), les diff\u00e9rentes tailles d&rsquo;\u00e9crans possibles \u00e0 choisir pour s&rsquo;adapter aux conditions actuelles du sol.<\/p>\n<p>Sand Beach Cleaner est une excellente solution pour enlever les petits mat\u00e9riaux des petites et moyennes plages, tels que les coquillages, les pierres, les m\u00e9gots de cigarette, l&rsquo;herbe rampante, les excr\u00e9ments d&rsquo;animaux, le verre cass\u00e9, les brindilles, les bouchons de bouteilles et d&rsquo;autres d\u00e9tritus et de laisser un chemin de sable propre.<\/p>\n<div class=\"wptm_table tablesorter-bootstrap \" data-id=\"141\" data-hightlight=\"0\"><div class=\"wptm_buttons buttons_wptmTbl141\"><\/div><div class=\"wptmresponsive dataTables-wptmtable wptmtable \" id=\"wptmtable141\" data-tableid=\"wptmTbl141\"><table data-count-header=\"1\"  data-format-decimal_count=\"0\" data-format-decimal_symbol=\".\" data-format-symbol_position=\"0\" data-format-thousand_symbol=\",\"  data-format-currency_symbol=\"$\"  data-name-style=\"141_1759682450.css\" data-format=\"YYYY-MM-DD\" id=\"wptmTbl141\" data-id=\"141\" data-responsive=\"false\" data-hideCols=\"false\"  data-type=\"html\" data-paging=\"false\" data-searching=\"true\"  data-ordering=\"false\" data-table-breakpoint=\"980\" data-scroll-x=\"true\" data-scroll-collapse=\"true\" data-align=\"center\" data-range=\"[]\" data-hideColumn=\"[0,0]\"  data-colwidths=\"[540,540]\"  data-colwidths_desktop=[]  data-colwidths_tablet=[]  data-colwidths_mobile=[]  class=\"wptm_main_table  disablePager hideScrollHeader\"><colgroup><col data-dtr=\"0\" data-dtc=\"0\" class=\"dtc0\"><col data-dtr=\"0\" data-dtc=\"1\" class=\"dtc1\"><\/colgroup><thead><tr class=\"wptm-header-cells-index\"><th rowspan=\"1\" colspan=\"1\" data-dtr=\"0\" data-dtc=\"0\" class=\"dtr0 dtc0\"><\/th><th rowspan=\"1\" colspan=\"1\" data-dtr=\"0\" data-dtc=\"1\" class=\"dtr0 dtc1\"><\/th><\/tr><tr class=\" row0\"><th   data-priority=\"0\" class=\"dtr0 dtc0\"><\/th><th   data-priority=\"0\" class=\"dtr0 dtc1\">Mini Beach<\/th><\/thead><tbody><tr class=\" row1\"><td    class=\"dtr1 dtc0\">Lenght<\/td><td    class=\"dtr1 dtc1\">2.6 m<\/td><\/tr><tr class=\" row2\"><td    class=\"dtr2 dtc0\">Width<\/td><td    class=\"dtr2 dtc1\">0.9 m<\/td><\/tr><tr class=\" row3\"><td    class=\"dtr3 dtc0\">Working Width<\/td><td    class=\"dtr3 dtc1\">0.9 m<\/td><\/tr><tr class=\" row4\"><td    class=\"dtr4 dtc0\">Height<\/td><td    class=\"dtr4 dtc1\">1.1 m<\/td><\/tr><tr class=\" row5\"><td    class=\"dtr5 dtc0\">Discharge height<\/td><td    class=\"dtr5 dtc1\">-<\/td><\/tr><tr class=\" row6\"><td    class=\"dtr6 dtc0\">Screen Depth<\/td><td    class=\"dtr6 dtc1\">5 cm ( Standard ) - 12 cm ( Optional )<\/td><\/tr><tr class=\" row7\"><td    class=\"dtr7 dtc0\">Weight<\/td><td    class=\"dtr7 dtc1\">285 kg<\/td><\/tr><tr class=\" row8\"><td    class=\"dtr8 dtc0\">Waste Tank Capacity<\/td><td    class=\"dtr8 dtc1\">20 lt<\/td><\/tr><tr class=\" row9\"><td    class=\"dtr9 dtc0\">Performance<\/td><td    class=\"dtr9 dtc1\">4.200 - 1.400 m2<\/td><\/tr><tr class=\" row10\"><td    class=\"dtr10 dtc0\">Speed<\/td><td    class=\"dtr10 dtc1\">Walking Speed<\/td><\/tr><tr class=\" row11\"><td    class=\"dtr11 dtc0\">Cabin<\/td><td    class=\"dtr11 dtc1\">Open<\/td><\/tr><tr class=\" row12\"><td    class=\"dtr12 dtc0\">Air Conditioner<\/td><td    class=\"dtr12 dtc1\">No<\/td><\/tr><\/tbody><tfoot><tr><td class=\"dtr12 dtc0\" style=\"height: 0;\"><\/td><td class=\"dtr12 dtc1\" style=\"height: 0;\"><\/td><\/tr><\/tfoot><\/table><\/div><style>#wptmtable141 .dataTables_wrapper > .dataTables_scroll {max-height:500px;overflow: auto;}<\/style><script>window.wptm_ajaxurl = 'https:\/\/mavideniz.com.tr\/wp-admin\/admin-ajax.php?juwpfisadmin=false&action=Wptm&'; window.wptm_front = 'https:\/\/mavideniz.com.tr\/wp-content\/plugins\/wp-table-manager\/app\/site\/assets\/'; window.wptm_style = 'https:\/\/mavideniz.com.tr\/wp-content\/uploads\/wptm\/';<\/script><\/div><style><\/style>\n","protected":false},"excerpt":{"rendered":"<p>Sand Sifting Beach Cleaner con\u00e7oit sur sable sec et surfaces douces. Le sable et les d\u00e9chets sont collect\u00e9s par l&rsquo;interm\u00e9diaire [&hellip;]<\/p>\n","protected":false},"author":1,"featured_media":0,"parent":39506,"menu_order":0,"comment_status":"closed","ping_status":"closed","template":"","meta":{"site-sidebar-layout":"default","site-content-layout":"","ast-site-content-layout":"default","site-content-style":"default","site-sidebar-style":"default","ast-global-header-display":"","ast-banner-title-visibility":"","ast-main-header-display":"","ast-hfb-above-header-display":"","ast-hfb-below-header-display":"","ast-hfb-mobile-header-display":"","site-post-title":"","ast-breadcrumbs-content":"","ast-featured-img":"","footer-sml-layout":"","ast-disable-related-posts":"","theme-transparent-header-meta":"","adv-header-id-meta":"","stick-header-meta":"","header-above-stick-meta":"","header-main-stick-meta":"","header-below-stick-meta":"","astra-migrate-meta-layouts":"default","ast-page-background-enabled":"default","ast-page-background-meta":{"desktop":{"background-color":"var(--ast-global-color-5)","background-image":"","background-repeat":"repeat","background-position":"center center","background-size":"auto","background-attachment":"scroll","background-type":"","background-media":"","overlay-type":"","overlay-color":"","overlay-opacity":"","overlay-gradient":""},"tablet":{"background-color":"","background-image":"","background-repeat":"repeat","background-position":"center center","background-size":"auto","background-attachment":"scroll","background-type":"","background-media":"","overlay-type":"","overlay-color":"","overlay-opacity":"","overlay-gradient":""},"mobile":{"background-color":"","background-image":"","background-repeat":"repeat","background-position":"center center","background-size":"auto","background-attachment":"scroll","background-type":"","background-media":"","overlay-type":"","overlay-color":"","overlay-opacity":"","overlay-gradient":""}},"ast-content-background-meta":{"desktop":{"background-color":"var(--ast-global-color-4)","background-image":"","background-repeat":"repeat","background-position":"center center","background-size":"auto","background-attachment":"scroll","background-type":"","background-media":"","overlay-type":"","overlay-color":"","overlay-opacity":"","overlay-gradient":""},"tablet":{"background-color":"var(--ast-global-color-4)","background-image":"","background-repeat":"repeat","background-position":"center center","background-size":"auto","background-attachment":"scroll","background-type":"","background-media":"","overlay-type":"","overlay-color":"","overlay-opacity":"","overlay-gradient":""},"mobile":{"background-color":"var(--ast-global-color-4)","background-image":"","background-repeat":"repeat","background-position":"center center","background-size":"auto","background-attachment":"scroll","background-type":"","background-media":"","overlay-type":"","overlay-color":"","overlay-opacity":"","overlay-gradient":""}},"footnotes":""},"class_list":["post-39521","page","type-page","status-publish","hentry"],"_links":{"self":[{"href":"https:\/\/mavideniz.com.tr\/fr\/wp-json\/wp\/v2\/pages\/39521","targetHints":{"allow":["GET"]}}],"collection":[{"href":"https:\/\/mavideniz.com.tr\/fr\/wp-json\/wp\/v2\/pages"}],"about":[{"href":"https:\/\/mavideniz.com.tr\/fr\/wp-json\/wp\/v2\/types\/page"}],"author":[{"embeddable":true,"href":"https:\/\/mavideniz.com.tr\/fr\/wp-json\/wp\/v2\/users\/1"}],"replies":[{"embeddable":true,"href":"https:\/\/mavideniz.com.tr\/fr\/wp-json\/wp\/v2\/comments?post=39521"}],"version-history":[{"count":0,"href":"https:\/\/mavideniz.com.tr\/fr\/wp-json\/wp\/v2\/pages\/39521\/revisions"}],"up":[{"embeddable":true,"href":"https:\/\/mavideniz.com.tr\/fr\/wp-json\/wp\/v2\/pages\/39506"}],"wp:attachment":[{"href":"https:\/\/mavideniz.com.tr\/fr\/wp-json\/wp\/v2\/media?parent=39521"}],"curies":[{"name":"wp","href":"https:\/\/api.w.org\/{rel}","templated":true}]}}