{"id":39530,"date":"2022-10-08T18:53:05","date_gmt":"2022-10-08T18:53:05","guid":{"rendered":"https:\/\/mavideniz.com.tr\/?page_id=39530"},"modified":"2024-05-12T20:31:58","modified_gmt":"2024-05-12T20:31:58","slug":"sac-de-flottabilite-air-lift-bag","status":"publish","type":"page","link":"https:\/\/mavideniz.com.tr\/fr\/produits-industriels\/sac-de-flottabilite-sac-a-eau-de-test-de-charge\/sac-de-flottabilite-air-lift-bag\/","title":{"rendered":"Sac de flottabilit\u00e9"},"content":{"rendered":"\n<p><strong>Sac de flottabilit\u00e9 &#8211; Fond ferm\u00e9<\/strong><\/p>\n<p>Le sac de flottabilit\u00e9 robuste, Air Lift Bag, est utilis\u00e9 dans le monde entier pour soulever des objets coul\u00e9s, la r\u00e9cup\u00e9ration de navires, la stabilisation de la structure marine, le transport d&rsquo;\u00e9quipement sous-marin, le pipeline et l&rsquo;\u00e9quipement remorquant le sac de flottabilit\u00e9 d&rsquo;urgence de secours.<\/p>\n<p>Le mod\u00e8le de sac de levage <strong>totalement<\/strong> ferm\u00e9 est une unit\u00e9 de sac de flottabilit\u00e9 gonflable en forme de larme utilis\u00e9e pour supporter des charges sur la surface de l&rsquo;eau. Air Lift Bag est \u00e9quip\u00e9 d&rsquo;une soupape de d\u00e9charge\/d\u00e9charge active au centre de la plaque de levage sup\u00e9rieure. Cette soupape est charg\u00e9e par ressort avec une pression de ressort r\u00e9gl\u00e9e pour s&rsquo;ouvrir lorsqu&rsquo;elle est surpress\u00e9e automatiquement.<\/p>\n<p>Tous les sacs de levage jusqu&rsquo;\u00e0 10 tonnes sont fournis avec un connecteur filet\u00e9 et un capuchon \u00e9tanche \u00e0 l&rsquo;air. L&rsquo;utilisation de cette ferrure inf\u00e9rieure permet d&rsquo;enfermer ou d&rsquo;ouvrir le sac de levage.<\/p>\n<p><strong>Mod\u00e8le Les caract\u00e9ristiques du sac de levage ferm\u00e9 sont :<\/strong><\/p>\n<ul>\n<li>Grande capacit\u00e9 de levage dans un petit espace d&#8217;emballage.<\/li>\n<li>\u00c9quip\u00e9 d&rsquo;un point de fixation de ligne inverseur.<\/li>\n<li>Toutes les coutures sont soud\u00e9es par RF.<\/li>\n<li>Manille(s) \u00e0 vis et maillons principaux appropri\u00e9s pour un seul point de levage\/fixation.<\/li>\n<li>Orifice de remplissage NPT \u00bd\u00a0\u00bb ou 3\/4\u2033 avec vannes de gonflage disponibles.<\/li>\n<li>Manuel d&rsquo;utilisation avec certifications et journal de bord.<\/li>\n<li>La soupape de d\u00e9charge \u00e0 haut d\u00e9bit peut \u00eatre invers\u00e9e et r\u00e9gl\u00e9e en position de d\u00e9charge manuelle pour le style de sac de levage \u00e0 fond ouvert.<\/li>\n<li>Charge de classe \/ certificat de volume \/ v\u00e9rification de la capacit\u00e9 disponible.<\/li>\n<\/ul>\n<p><strong>La demande comprend, sans s&rsquo;y limiter :<\/strong><\/p>\n<ul>\n<li>Sauvetage en eau profonde et peu profonde<\/li>\n<li>Remorquage<\/li>\n<li>Plong\u00e9e R\u00e9cr\u00e9ative<\/li>\n<li>Sauvetage D&rsquo;Urgence<\/li>\n<li>Flottation G\u00e9n\u00e9rale<\/li>\n<li>syst\u00e8me statique d&rsquo;assistance \u00e0 la flottabilit\u00e9<\/li>\n<li>Flottation de tuyau ou de c\u00e2ble<\/li>\n<li>Construction Sous Eau<\/li>\n<\/ul>\n<div class=\"wptm_table tablesorter-bootstrap \" data-id=\"122\" data-hightlight=\"0\"><div class=\"wptm_buttons buttons_wptmTbl122\"><\/div><div class=\"wptmresponsive dataTables-wptmtable wptmtable \" id=\"wptmtable122\" data-tableid=\"wptmTbl122\"><table data-count-header=\"1\"  data-format-decimal_count=\"0\" data-format-decimal_symbol=\".\" data-format-symbol_position=\"0\" data-format-thousand_symbol=\",\"  data-format-currency_symbol=\"$\"  data-name-style=\"122_1759713270.css\" data-format=\"YYYY-MM-DD\" id=\"wptmTbl122\" data-id=\"122\" data-responsive=\"false\" data-hideCols=\"false\"  data-type=\"html\" data-paging=\"false\" data-searching=\"true\"  data-ordering=\"false\" data-table-breakpoint=\"980\" data-scroll-x=\"true\" data-scroll-collapse=\"true\" data-align=\"center\" data-range=\"[]\" data-hideColumn=\"[0,0,0,0,0]\"  data-colwidths=\"[228,228,228,228,228]\"  data-colwidths_desktop=[]  data-colwidths_tablet=[]  data-colwidths_mobile=[]  class=\"wptm_main_table  disablePager hideScrollHeader\"><colgroup><col data-dtr=\"0\" data-dtc=\"0\" class=\"dtc0\"><col data-dtr=\"0\" data-dtc=\"1\" class=\"dtc1\"><col data-dtr=\"0\" data-dtc=\"2\" class=\"dtc2\"><col data-dtr=\"0\" data-dtc=\"3\" class=\"dtc3\"><col data-dtr=\"0\" data-dtc=\"4\" class=\"dtc4\"><\/colgroup><thead><tr class=\"wptm-header-cells-index\"><th rowspan=\"1\" colspan=\"1\" data-dtr=\"0\" data-dtc=\"0\" class=\"dtr0 dtc0\"><\/th><th rowspan=\"1\" colspan=\"1\" data-dtr=\"0\" data-dtc=\"1\" class=\"dtr0 dtc1\"><\/th><th rowspan=\"1\" colspan=\"1\" data-dtr=\"0\" data-dtc=\"2\" class=\"dtr0 dtc2\"><\/th><th rowspan=\"1\" colspan=\"1\" data-dtr=\"0\" data-dtc=\"3\" class=\"dtr0 dtc3\"><\/th><th rowspan=\"1\" colspan=\"1\" data-dtr=\"0\" data-dtc=\"4\" class=\"dtr0 dtc4\"><\/th><\/tr><tr class=\" row0\"><th   data-priority=\"0\" class=\"dtr0 dtc0\"><\/th><th   data-priority=\"0\" class=\"dtr0 dtc1\">Capacity ( T )<\/th><th   data-priority=\"0\" class=\"dtr0 dtc2\">Diameter ( M )<\/th><th   data-priority=\"0\" class=\"dtr0 dtc3\">Lenght ( M )<\/th><th   data-priority=\"0\" class=\"dtr0 dtc4\">Weight ( KG )<\/th><\/thead><tbody><tr class=\" row1\"><td    class=\"dtr1 dtc0\">ALC 0.25<\/td><td    class=\"dtr1 dtc1\">0.25<\/td><td    class=\"dtr1 dtc2\">0.8<\/td><td    class=\"dtr1 dtc3\">1<\/td><td    class=\"dtr1 dtc4\">7<\/td><\/tr><tr class=\" row2\"><td    class=\"dtr2 dtc0\">ALC 0.5<\/td><td    class=\"dtr2 dtc1\">0.5<\/td><td    class=\"dtr2 dtc2\">1<\/td><td    class=\"dtr2 dtc3\">1.2<\/td><td    class=\"dtr2 dtc4\">10<\/td><\/tr><tr class=\" row3\"><td    class=\"dtr3 dtc0\">ALC 1<\/td><td    class=\"dtr3 dtc1\">1<\/td><td    class=\"dtr3 dtc2\">1<\/td><td    class=\"dtr3 dtc3\">1.8<\/td><td    class=\"dtr3 dtc4\">18<\/td><\/tr><tr class=\" row4\"><td    class=\"dtr4 dtc0\">ALC 2<\/td><td    class=\"dtr4 dtc1\">2<\/td><td    class=\"dtr4 dtc2\">1.3<\/td><td    class=\"dtr4 dtc3\">2.2<\/td><td    class=\"dtr4 dtc4\">28<\/td><\/tr><tr class=\" row5\"><td    class=\"dtr5 dtc0\">ALC 3<\/td><td    class=\"dtr5 dtc1\">3<\/td><td    class=\"dtr5 dtc2\">1.5<\/td><td    class=\"dtr5 dtc3\">2.5<\/td><td    class=\"dtr5 dtc4\">38<\/td><\/tr><tr class=\" row6\"><td    class=\"dtr6 dtc0\">ALC 5<\/td><td    class=\"dtr6 dtc1\">5<\/td><td    class=\"dtr6 dtc2\">1.5<\/td><td    class=\"dtr6 dtc3\">3.3<\/td><td    class=\"dtr6 dtc4\">53<\/td><\/tr><tr class=\" row7\"><td    class=\"dtr7 dtc0\">ALC 10<\/td><td    class=\"dtr7 dtc1\">10<\/td><td    class=\"dtr7 dtc2\">2<\/td><td    class=\"dtr7 dtc3\">3.8<\/td><td    class=\"dtr7 dtc4\">90<\/td><\/tr><tr class=\" row8\"><td    class=\"dtr8 dtc0\">ALC 15<\/td><td    class=\"dtr8 dtc1\">15<\/td><td    class=\"dtr8 dtc2\">2.2<\/td><td    class=\"dtr8 dtc3\">4.5<\/td><td    class=\"dtr8 dtc4\">120<\/td><\/tr><tr class=\" row9\"><td    class=\"dtr9 dtc0\">ALC 20<\/td><td    class=\"dtr9 dtc1\">20<\/td><td    class=\"dtr9 dtc2\">2.4<\/td><td    class=\"dtr9 dtc3\">5.5<\/td><td    class=\"dtr9 dtc4\">140<\/td><\/tr><tr class=\" row10\"><td    class=\"dtr10 dtc0\">ALC 25<\/td><td    class=\"dtr10 dtc1\">25<\/td><td    class=\"dtr10 dtc2\">3.5<\/td><td    class=\"dtr10 dtc3\">5.7<\/td><td    class=\"dtr10 dtc4\">190<\/td><\/tr><tr class=\" row11\"><td    class=\"dtr11 dtc0\">ALC 35<\/td><td    class=\"dtr11 dtc1\">35<\/td><td    class=\"dtr11 dtc2\">3<\/td><td    class=\"dtr11 dtc3\">6<\/td><td    class=\"dtr11 dtc4\">300<\/td><\/tr><tr class=\" row12\"><td    class=\"dtr12 dtc0\">ALC 50<\/td><td    class=\"dtr12 dtc1\">50<\/td><td    class=\"dtr12 dtc2\">3<\/td><td    class=\"dtr12 dtc3\">7.8<\/td><td    class=\"dtr12 dtc4\">350<\/td><\/tr><\/tbody><tfoot><tr><td class=\"dtr12 dtc0\" style=\"height: 0;\"><\/td><td class=\"dtr12 dtc1\" style=\"height: 0;\"><\/td><td class=\"dtr12 dtc2\" style=\"height: 0;\"><\/td><td class=\"dtr12 dtc3\" style=\"height: 0;\"><\/td><td class=\"dtr12 dtc4\" style=\"height: 0;\"><\/td><\/tr><\/tfoot><\/table><\/div><style>#wptmtable122 .dataTables_wrapper > .dataTables_scroll {max-height:500px;overflow: auto;}<\/style><script>window.wptm_ajaxurl = 'https:\/\/mavideniz.com.tr\/wp-admin\/admin-ajax.php?juwpfisadmin=false&action=Wptm&'; window.wptm_front = 'https:\/\/mavideniz.com.tr\/wp-content\/plugins\/wp-table-manager\/app\/site\/assets\/'; window.wptm_style = 'https:\/\/mavideniz.com.tr\/wp-content\/uploads\/wptm\/';<\/script><\/div><style><\/style>\n<p><strong>Flottabilit\u00e9 &#8211; Style Ponton<\/strong><\/p>\n<p>Le sac gonflable de type ponton est un sac de flottabilit\u00e9 cylindrique et ferm\u00e9 id\u00e9al pour la r\u00e9cup\u00e9ration en eau peu profonde, la r\u00e9duction du tirant d&rsquo;eau du navire ou le rel\u00e8vement d&rsquo;un objet plus pr\u00e8s de la surface. L&rsquo;airbag \u00e9l\u00e9vateur est inestimable dans les op\u00e9rations de c\u00e2bles et de pipelines et l\u00e0 o\u00f9 de longs remorquages sont pr\u00e9vus. Les sacs de flottabilit\u00e9 sont peu entretenus et faciles \u00e0 nettoyer. Toutes les coutures sont soud\u00e9es pour la r\u00e9sistance, la durabilit\u00e9 et l&rsquo;int\u00e9grit\u00e9 \u00e9tanche. Le harnais de sac de levage maintient le sac dans une position horizontale tout en assurant une stabilit\u00e9 maximale.<\/p>\n<p>Le sac de levage de style ponton, de style sac de levage totalement ferm\u00e9, est enti\u00e8rement \u00e9quip\u00e9, y compris le nombre appropri\u00e9 de soupapes de d\u00e9charge d&rsquo;air automatiques, un harnais de levage certifi\u00e9 avec des manilles, et les ports de remplissage.<\/p>\n<p><strong>Caract\u00e9ristiques du sac de levage Pontoon mod\u00e8le sont :<\/strong><\/p>\n<ul>\n<li>Fait de tissu de polyester enduit de PVC de haute t\u00e9nacit\u00e9.<\/li>\n<li>Grande capacit\u00e9 de levage dans un petit espace d&#8217;emballage.<\/li>\n<li>Toutes les coutures sont soud\u00e9es par RF.<\/li>\n<li>Forme polyvalente et stable.<\/li>\n<li>Orifice de remplissage NPT de 1\/2&Prime; ou 3\/4&Prime; avec vannes de gonflage disponibles.<\/li>\n<li>Manuel d&rsquo;utilisation avec certifications et journal de bord.<\/li>\n<li>Soupapes automatiques de d\u00e9charge d&rsquo;air \u00e0 haut d\u00e9bit.<\/li>\n<li>Tailles personnalis\u00e9es disponibles.<\/li>\n<\/ul>\n<p><strong>Les demandes comprennent, sans s&rsquo;y limiter<\/strong> :<\/p>\n<ul>\n<li>Sauvetage en eau profonde et peu profonde<\/li>\n<li>Remorquage<\/li>\n<li>Plong\u00e9e R\u00e9cr\u00e9ative<\/li>\n<li>Sauvetage D&rsquo;Urgence<\/li>\n<li>Flottation G\u00e9n\u00e9rale<\/li>\n<li>Aide \u00c0 La Flottabilit\u00e9 Statique<\/li>\n<li>Flottation de tuyau ou de c\u00e2ble<\/li>\n<li>Construction Sous Eau<\/li>\n<\/ul>\n<div class=\"wptm_table tablesorter-bootstrap \" data-id=\"123\" data-hightlight=\"0\"><div class=\"wptm_buttons buttons_wptmTbl123\"><\/div><div class=\"wptmresponsive dataTables-wptmtable wptmtable \" id=\"wptmtable123\" data-tableid=\"wptmTbl123\"><table data-count-header=\"1\"  data-format-decimal_count=\"0\" data-format-decimal_symbol=\".\" data-format-symbol_position=\"0\" data-format-thousand_symbol=\",\"  data-format-currency_symbol=\"$\"  data-name-style=\"123_1759713326.css\" data-format=\"YYYY-MM-DD\" id=\"wptmTbl123\" data-id=\"123\" data-responsive=\"false\" data-hideCols=\"false\"  data-type=\"html\" data-paging=\"false\" data-searching=\"true\"  data-ordering=\"false\" data-table-breakpoint=\"980\" data-scroll-x=\"true\" data-scroll-collapse=\"true\" data-align=\"center\" data-range=\"[]\" data-hideColumn=\"[0,0,0,0,0]\"  data-colwidths=\"[228,228,228,228,228]\"  data-colwidths_desktop=[]  data-colwidths_tablet=[]  data-colwidths_mobile=[]  class=\"wptm_main_table  disablePager hideScrollHeader\"><colgroup><col data-dtr=\"0\" data-dtc=\"0\" class=\"dtc0\"><col data-dtr=\"0\" data-dtc=\"1\" class=\"dtc1\"><col data-dtr=\"0\" data-dtc=\"2\" class=\"dtc2\"><col data-dtr=\"0\" data-dtc=\"3\" class=\"dtc3\"><col data-dtr=\"0\" data-dtc=\"4\" class=\"dtc4\"><\/colgroup><thead><tr class=\"wptm-header-cells-index\"><th rowspan=\"1\" colspan=\"1\" data-dtr=\"0\" data-dtc=\"0\" class=\"dtr0 dtc0\"><\/th><th rowspan=\"1\" colspan=\"1\" data-dtr=\"0\" data-dtc=\"1\" class=\"dtr0 dtc1\"><\/th><th rowspan=\"1\" colspan=\"1\" data-dtr=\"0\" data-dtc=\"2\" class=\"dtr0 dtc2\"><\/th><th rowspan=\"1\" colspan=\"1\" data-dtr=\"0\" data-dtc=\"3\" class=\"dtr0 dtc3\"><\/th><th rowspan=\"1\" colspan=\"1\" data-dtr=\"0\" data-dtc=\"4\" class=\"dtr0 dtc4\"><\/th><\/tr><tr class=\" row0\"><th   data-priority=\"0\" class=\"dtr0 dtc0\"><\/th><th   data-priority=\"0\" class=\"dtr0 dtc1\">Capacity ( T )<\/th><th   data-priority=\"0\" class=\"dtr0 dtc2\">Diameter ( M )<\/th><th   data-priority=\"0\" class=\"dtr0 dtc3\">Lenght ( M )<\/th><th   data-priority=\"0\" class=\"dtr0 dtc4\">Weight ( KG )<\/th><\/thead><tbody><tr class=\" row1\"><td    class=\"dtr1 dtc0\">ALB 0.25<\/td><td    class=\"dtr1 dtc1\">0.25<\/td><td    class=\"dtr1 dtc2\">1<\/td><td    class=\"dtr1 dtc3\">1.4<\/td><td    class=\"dtr1 dtc4\">5<\/td><\/tr><tr class=\" row2\"><td    class=\"dtr2 dtc0\">ALB 0.5<\/td><td    class=\"dtr2 dtc1\">0.5<\/td><td    class=\"dtr2 dtc2\">1.2<\/td><td    class=\"dtr2 dtc3\">1.8<\/td><td    class=\"dtr2 dtc4\">8<\/td><\/tr><tr class=\" row3\"><td    class=\"dtr3 dtc0\">ALB 1<\/td><td    class=\"dtr3 dtc1\">1<\/td><td    class=\"dtr3 dtc2\">1.5<\/td><td    class=\"dtr3 dtc3\">2<\/td><td    class=\"dtr3 dtc4\">12<\/td><\/tr><tr class=\" row4\"><td    class=\"dtr4 dtc0\">ALB 2<\/td><td    class=\"dtr4 dtc1\">2<\/td><td    class=\"dtr4 dtc2\">1.8<\/td><td    class=\"dtr4 dtc3\">2.5<\/td><td    class=\"dtr4 dtc4\">25<\/td><\/tr><tr class=\" row5\"><td    class=\"dtr5 dtc0\">ALB 3<\/td><td    class=\"dtr5 dtc1\">3<\/td><td    class=\"dtr5 dtc2\">2<\/td><td    class=\"dtr5 dtc3\">3.3<\/td><td    class=\"dtr5 dtc4\">35<\/td><\/tr><tr class=\" row6\"><td    class=\"dtr6 dtc0\">ALB 5<\/td><td    class=\"dtr6 dtc1\">5<\/td><td    class=\"dtr6 dtc2\">2<\/td><td    class=\"dtr6 dtc3\">3.8<\/td><td    class=\"dtr6 dtc4\">40<\/td><\/tr><tr class=\" row7\"><td    class=\"dtr7 dtc0\">ALB 10<\/td><td    class=\"dtr7 dtc1\">10<\/td><td    class=\"dtr7 dtc2\">2.4<\/td><td    class=\"dtr7 dtc3\">4.5<\/td><td    class=\"dtr7 dtc4\">75<\/td><\/tr><tr class=\" row8\"><td    class=\"dtr8 dtc0\">ALB 15<\/td><td    class=\"dtr8 dtc1\">15<\/td><td    class=\"dtr8 dtc2\">2.7<\/td><td    class=\"dtr8 dtc3\">5.4<\/td><td    class=\"dtr8 dtc4\">115<\/td><\/tr><tr class=\" row9\"><td    class=\"dtr9 dtc0\">ALB 20<\/td><td    class=\"dtr9 dtc1\">20<\/td><td    class=\"dtr9 dtc2\">3.2<\/td><td    class=\"dtr9 dtc3\">5.5<\/td><td    class=\"dtr9 dtc4\">120<\/td><\/tr><tr class=\" row10\"><td    class=\"dtr10 dtc0\">ALB 25<\/td><td    class=\"dtr10 dtc1\">25<\/td><td    class=\"dtr10 dtc2\">3.8<\/td><td    class=\"dtr10 dtc3\">6<\/td><td    class=\"dtr10 dtc4\">175<\/td><\/tr><tr class=\" row11\"><td    class=\"dtr11 dtc0\">ALB 35<\/td><td    class=\"dtr11 dtc1\">35<\/td><td    class=\"dtr11 dtc2\">4.2<\/td><td    class=\"dtr11 dtc3\">6.5<\/td><td    class=\"dtr11 dtc4\">220<\/td><\/tr><tr class=\" row12\"><td    class=\"dtr12 dtc0\">ALB 50<\/td><td    class=\"dtr12 dtc1\">50<\/td><td    class=\"dtr12 dtc2\">5<\/td><td    class=\"dtr12 dtc3\">7.5<\/td><td    class=\"dtr12 dtc4\">400<\/td><\/tr><\/tbody><tfoot><tr><td class=\"dtr12 dtc0\" style=\"height: 0;\"><\/td><td class=\"dtr12 dtc1\" style=\"height: 0;\"><\/td><td class=\"dtr12 dtc2\" style=\"height: 0;\"><\/td><td class=\"dtr12 dtc3\" style=\"height: 0;\"><\/td><td class=\"dtr12 dtc4\" style=\"height: 0;\"><\/td><\/tr><\/tfoot><\/table><\/div><style>#wptmtable123 .dataTables_wrapper > .dataTables_scroll {max-height:500px;overflow: auto;}<\/style><script>window.wptm_ajaxurl = 'https:\/\/mavideniz.com.tr\/wp-admin\/admin-ajax.php?juwpfisadmin=false&action=Wptm&'; window.wptm_front = 'https:\/\/mavideniz.com.tr\/wp-content\/plugins\/wp-table-manager\/app\/site\/assets\/'; window.wptm_style = 'https:\/\/mavideniz.com.tr\/wp-content\/uploads\/wptm\/';<\/script><\/div><style><\/style>\n","protected":false},"excerpt":{"rendered":"<p>Sac de flottabilit\u00e9 &#8211; Fond ferm\u00e9 Le sac de flottabilit\u00e9 robuste, Air Lift Bag, est utilis\u00e9 dans le monde entier [&hellip;]<\/p>\n","protected":false},"author":1,"featured_media":0,"parent":39525,"menu_order":0,"comment_status":"closed","ping_status":"closed","template":"","meta":{"site-sidebar-layout":"default","site-content-layout":"","ast-site-content-layout":"default","site-content-style":"default","site-sidebar-style":"default","ast-global-header-display":"","ast-banner-title-visibility":"","ast-main-header-display":"","ast-hfb-above-header-display":"","ast-hfb-below-header-display":"","ast-hfb-mobile-header-display":"","site-post-title":"","ast-breadcrumbs-content":"","ast-featured-img":"","footer-sml-layout":"","ast-disable-related-posts":"","theme-transparent-header-meta":"","adv-header-id-meta":"","stick-header-meta":"","header-above-stick-meta":"","header-main-stick-meta":"","header-below-stick-meta":"","astra-migrate-meta-layouts":"default","ast-page-background-enabled":"default","ast-page-background-meta":{"desktop":{"background-color":"var(--ast-global-color-5)","background-image":"","background-repeat":"repeat","background-position":"center center","background-size":"auto","background-attachment":"scroll","background-type":"","background-media":"","overlay-type":"","overlay-color":"","overlay-opacity":"","overlay-gradient":""},"tablet":{"background-color":"","background-image":"","background-repeat":"repeat","background-position":"center center","background-size":"auto","background-attachment":"scroll","background-type":"","background-media":"","overlay-type":"","overlay-color":"","overlay-opacity":"","overlay-gradient":""},"mobile":{"background-color":"","background-image":"","background-repeat":"repeat","background-position":"center center","background-size":"auto","background-attachment":"scroll","background-type":"","background-media":"","overlay-type":"","overlay-color":"","overlay-opacity":"","overlay-gradient":""}},"ast-content-background-meta":{"desktop":{"background-color":"var(--ast-global-color-4)","background-image":"","background-repeat":"repeat","background-position":"center center","background-size":"auto","background-attachment":"scroll","background-type":"","background-media":"","overlay-type":"","overlay-color":"","overlay-opacity":"","overlay-gradient":""},"tablet":{"background-color":"var(--ast-global-color-4)","background-image":"","background-repeat":"repeat","background-position":"center center","background-size":"auto","background-attachment":"scroll","background-type":"","background-media":"","overlay-type":"","overlay-color":"","overlay-opacity":"","overlay-gradient":""},"mobile":{"background-color":"var(--ast-global-color-4)","background-image":"","background-repeat":"repeat","background-position":"center center","background-size":"auto","background-attachment":"scroll","background-type":"","background-media":"","overlay-type":"","overlay-color":"","overlay-opacity":"","overlay-gradient":""}},"footnotes":""},"class_list":["post-39530","page","type-page","status-publish","hentry"],"_links":{"self":[{"href":"https:\/\/mavideniz.com.tr\/fr\/wp-json\/wp\/v2\/pages\/39530","targetHints":{"allow":["GET"]}}],"collection":[{"href":"https:\/\/mavideniz.com.tr\/fr\/wp-json\/wp\/v2\/pages"}],"about":[{"href":"https:\/\/mavideniz.com.tr\/fr\/wp-json\/wp\/v2\/types\/page"}],"author":[{"embeddable":true,"href":"https:\/\/mavideniz.com.tr\/fr\/wp-json\/wp\/v2\/users\/1"}],"replies":[{"embeddable":true,"href":"https:\/\/mavideniz.com.tr\/fr\/wp-json\/wp\/v2\/comments?post=39530"}],"version-history":[{"count":0,"href":"https:\/\/mavideniz.com.tr\/fr\/wp-json\/wp\/v2\/pages\/39530\/revisions"}],"up":[{"embeddable":true,"href":"https:\/\/mavideniz.com.tr\/fr\/wp-json\/wp\/v2\/pages\/39525"}],"wp:attachment":[{"href":"https:\/\/mavideniz.com.tr\/fr\/wp-json\/wp\/v2\/media?parent=39530"}],"curies":[{"name":"wp","href":"https:\/\/api.w.org\/{rel}","templated":true}]}}