{"id":39547,"date":"2022-10-08T20:02:15","date_gmt":"2022-10-08T20:02:15","guid":{"rendered":"https:\/\/mavideniz.com.tr\/?page_id=39547"},"modified":"2022-10-08T20:02:18","modified_gmt":"2022-10-08T20:02:18","slug":"bouee-cylindrique","status":"publish","type":"page","link":"https:\/\/mavideniz.com.tr\/fr\/produits-industriels\/bouee\/bouee-cylindrique\/","title":{"rendered":"Bou\u00e9e Cylindrique"},"content":{"rendered":"\n<p>La bou\u00e9e cylindrique est con\u00e7ue pour les applications d&rsquo;amarrage lourd, le marquage et les piscicultures. Ces bou\u00e9es cylindriques fabriqu\u00e9es \u00e0 partir d&rsquo;un noyau de mousse de poly\u00e9thyl\u00e8ne encapsul\u00e9 dans une peau ext\u00e9rieure de polyur\u00e9thane auto-color\u00e9e ; la mousse de polyur\u00e9thane assure que la bou\u00e9e n&rsquo;absorbera pas l&rsquo;eau lorsque la peau est perfor\u00e9e, augmentant la dur\u00e9e de vie du produit et r\u00e9duisant les co\u00fbts d&rsquo;entretien. Le mat\u00e9riau \u00e9lastique rend les bou\u00e9es auto-d\u00e9fensives avec une capacit\u00e9 d&rsquo;absorption d&rsquo;impact \u00e9lev\u00e9e. La bou\u00e9e cylindrique est r\u00e9sistante \u00e0 l&rsquo;abrasion et \u00e0 la d\u00e9gradation ultraviolette.<\/p>\n<p><strong>Nous fabriquons trois principaux types de bou\u00e9es cylindriques : <\/strong><\/p>\n<p>La bou\u00e9e cylindrique standard est dot\u00e9e d\u2019une chape\/oeillet amovible avec un \u00e9l\u00e9ment de tension central con\u00e7u pour s\u2019adapter \u00e0 la charge de travail s\u00e9curitaire du client.<\/p>\n<p>La bou\u00e9e cylindrique \u00e0 cha\u00eene traversante poss\u00e8de un tube central pour le passage de la cha\u00eene. Dispositif de verrouillage de cha\u00eene, \u00e0 une extr\u00e9mit\u00e9 ou aux deux, fixant la bou\u00e9e \u00e0 la cha\u00eene.<\/p>\n<p>Bou\u00e9e cylindrique de ramassage pour les t\u00e2ches de marquage et de ramassage.<\/p>\n<p><strong>Bou\u00e9e Cylindrique Normalis\u00e9e<\/strong><\/p>\n<div class=\"wptm_table tablesorter-bootstrap \" data-id=\"7\" data-hightlight=\"0\"><div class=\"wptm_buttons buttons_wptmTbl7\"><\/div><div class=\"wptmresponsive dataTables-wptmtable wptmtable \" id=\"wptmtable7\" data-tableid=\"wptmTbl7\"><table data-count-header=\"1\"  data-format-decimal_count=\"0\" data-format-decimal_symbol=\".\" data-format-symbol_position=\"0\" data-format-thousand_symbol=\",\"  data-format-currency_symbol=\"$\"  data-name-style=\"7_1759659775.css\" data-format=\"YYYY-MM-DD\" id=\"wptmTbl7\" data-id=\"7\" data-responsive=\"false\" data-hideCols=\"false\"  data-type=\"html\" data-paging=\"false\" data-searching=\"true\"  data-ordering=\"false\" data-table-breakpoint=\"980\" data-scroll-x=\"true\" data-scroll-collapse=\"true\" data-align=\"center\" data-range=\"[]\" data-hideColumn=\"[0,0,0,0,0,0]\"  data-colwidths=\"[190,190,190,190,190,190]\"  data-colwidths_desktop=[]  data-colwidths_tablet=[]  data-colwidths_mobile=[]  class=\"wptm_main_table  disablePager hideScrollHeader\"><colgroup><col data-dtr=\"0\" data-dtc=\"0\" class=\"dtc0\"><col data-dtr=\"0\" data-dtc=\"1\" class=\"dtc1\"><col data-dtr=\"0\" data-dtc=\"2\" class=\"dtc2\"><col data-dtr=\"0\" data-dtc=\"3\" class=\"dtc3\"><col data-dtr=\"0\" data-dtc=\"4\" class=\"dtc4\"><col data-dtr=\"0\" data-dtc=\"5\" class=\"dtc5\"><\/colgroup><thead><tr class=\"wptm-header-cells-index\"><th rowspan=\"1\" colspan=\"1\" data-dtr=\"0\" data-dtc=\"0\" class=\"dtr0 dtc0\"><\/th><th rowspan=\"1\" colspan=\"1\" data-dtr=\"0\" data-dtc=\"1\" class=\"dtr0 dtc1\"><\/th><th rowspan=\"1\" colspan=\"1\" data-dtr=\"0\" data-dtc=\"2\" class=\"dtr0 dtc2\"><\/th><th rowspan=\"1\" colspan=\"1\" data-dtr=\"0\" data-dtc=\"3\" class=\"dtr0 dtc3\"><\/th><th rowspan=\"1\" colspan=\"1\" data-dtr=\"0\" data-dtc=\"4\" class=\"dtr0 dtc4\"><\/th><th rowspan=\"1\" colspan=\"1\" data-dtr=\"0\" data-dtc=\"5\" class=\"dtr0 dtc5\"><\/th><\/tr><tr class=\" row0\"><th   data-priority=\"0\" class=\"dtr0 dtc0\"><\/th><th   data-priority=\"0\" class=\"dtr0 dtc1\">Buoyancy (kg)<\/th><th   data-priority=\"0\" class=\"dtr0 dtc2\">Length of Body (mm)<\/th><th   data-priority=\"0\" class=\"dtr0 dtc3\">Length Overall (mm)<\/th><th   data-priority=\"0\" class=\"dtr0 dtc4\">Diameter (mm)<\/th><th   data-priority=\"0\" class=\"dtr0 dtc5\">Weight (kg)<\/th><\/thead><tbody><tr class=\" row1\"><td    class=\"dtr1 dtc0\">CB 1000<\/td><td    class=\"dtr1 dtc1\">1000<\/td><td    class=\"dtr1 dtc2\">1550<\/td><td    class=\"dtr1 dtc3\">2200<\/td><td    class=\"dtr1 dtc4\">1080<\/td><td    class=\"dtr1 dtc5\">375<\/td><\/tr><tr class=\" row2\"><td    class=\"dtr2 dtc0\">CB 1250<\/td><td    class=\"dtr2 dtc1\">1250<\/td><td    class=\"dtr2 dtc2\">1550<\/td><td    class=\"dtr2 dtc3\">2200<\/td><td    class=\"dtr2 dtc4\">1160<\/td><td    class=\"dtr2 dtc5\">380<\/td><\/tr><tr class=\" row3\"><td    class=\"dtr3 dtc0\">CB 1500<\/td><td    class=\"dtr3 dtc1\">1500<\/td><td    class=\"dtr3 dtc2\">2000<\/td><td    class=\"dtr3 dtc3\">2600<\/td><td    class=\"dtr3 dtc4\">1130<\/td><td    class=\"dtr3 dtc5\">445<\/td><\/tr><tr class=\" row4\"><td    class=\"dtr4 dtc0\">CB 2000<\/td><td    class=\"dtr4 dtc1\">2000<\/td><td    class=\"dtr4 dtc2\">2000<\/td><td    class=\"dtr4 dtc3\">2600<\/td><td    class=\"dtr4 dtc4\">1290<\/td><td    class=\"dtr4 dtc5\">485<\/td><\/tr><tr class=\" row5\"><td    class=\"dtr5 dtc0\">CB 2500<\/td><td    class=\"dtr5 dtc1\">2500<\/td><td    class=\"dtr5 dtc2\">2000<\/td><td    class=\"dtr5 dtc3\">2600<\/td><td    class=\"dtr5 dtc4\">1400<\/td><td    class=\"dtr5 dtc5\">515<\/td><\/tr><tr class=\" row6\"><td    class=\"dtr6 dtc0\">CB 2900<\/td><td    class=\"dtr6 dtc1\">2900<\/td><td    class=\"dtr6 dtc2\">2000<\/td><td    class=\"dtr6 dtc3\">2600<\/td><td    class=\"dtr6 dtc4\">1510<\/td><td    class=\"dtr6 dtc5\">595<\/td><\/tr><tr class=\" row7\"><td    class=\"dtr7 dtc0\">CB 3500<\/td><td    class=\"dtr7 dtc1\">3500<\/td><td    class=\"dtr7 dtc2\">2000<\/td><td    class=\"dtr7 dtc3\">2600<\/td><td    class=\"dtr7 dtc4\">1630<\/td><td    class=\"dtr7 dtc5\">625<\/td><\/tr><tr class=\" row8\"><td    class=\"dtr8 dtc0\">CB 3900<\/td><td    class=\"dtr8 dtc1\">3900<\/td><td    class=\"dtr8 dtc2\">2000<\/td><td    class=\"dtr8 dtc3\">2600<\/td><td    class=\"dtr8 dtc4\">1700<\/td><td    class=\"dtr8 dtc5\">650<\/td><\/tr><tr class=\" row9\"><td    class=\"dtr9 dtc0\">Options<\/td><td  colspan=\"5\"   class=\"dtr9 dtc1\">Bail Eye - Clevis Eye - Swivel - Chain locking Plate - Single Locking Pin<\/td><td  style=\"display: none\"   class=\"dtr9 dtc2\"><\/td><td  style=\"display: none\"   class=\"dtr9 dtc3\"><\/td><td  style=\"display: none\"   class=\"dtr9 dtc4\"><\/td><td  style=\"display: none\"   class=\"dtr9 dtc5\"><\/td><\/tr><\/tbody><tfoot><tr><td class=\"dtr9 dtc0\" style=\"height: 0;\"><\/td><td class=\"dtr9 dtc1\" style=\"height: 0;\"><\/td><td class=\"dtr9 dtc2\" style=\"height: 0;\"><\/td><td class=\"dtr9 dtc3\" style=\"height: 0;\"><\/td><td class=\"dtr9 dtc4\" style=\"height: 0;\"><\/td><td class=\"dtr9 dtc5\" style=\"height: 0;\"><\/td><\/tr><\/tfoot><\/table><\/div><style>#wptmtable7 .dataTables_wrapper > .dataTables_scroll {max-height:500px;overflow: auto;}<\/style><script>window.wptm_ajaxurl = 'https:\/\/mavideniz.com.tr\/wp-admin\/admin-ajax.php?juwpfisadmin=false&action=Wptm&'; window.wptm_front = 'https:\/\/mavideniz.com.tr\/wp-content\/plugins\/wp-table-manager\/app\/site\/assets\/'; window.wptm_style = 'https:\/\/mavideniz.com.tr\/wp-content\/uploads\/wptm\/';<\/script><\/div><style><\/style>\n<p><strong>Cha\u00eene \u00e0 travers une bou\u00e9e cylindrique<\/strong><\/p>\n<div class=\"wptm_table tablesorter-bootstrap \" data-id=\"6\" data-hightlight=\"0\"><div class=\"wptm_buttons buttons_wptmTbl6\"><\/div><div class=\"wptmresponsive dataTables-wptmtable wptmtable \" id=\"wptmtable6\" data-tableid=\"wptmTbl6\"><table data-count-header=\"1\"  data-format-decimal_count=\"0\" data-format-decimal_symbol=\".\" data-format-symbol_position=\"0\" data-format-thousand_symbol=\",\"  data-format-currency_symbol=\"$\"  data-name-style=\"6_1759659756.css\" data-format=\"YYYY-MM-DD\" id=\"wptmTbl6\" data-id=\"6\" data-responsive=\"false\" data-hideCols=\"false\"  data-type=\"html\" data-paging=\"false\" data-searching=\"true\"  data-ordering=\"false\" data-table-breakpoint=\"980\" data-scroll-x=\"true\" data-scroll-collapse=\"true\" data-align=\"center\" data-range=\"[]\" data-hideColumn=\"[0,0,0,0,0,0]\"  data-colwidths=\"[190,190,190,190,190,190]\"  data-colwidths_desktop=[]  data-colwidths_tablet=[]  data-colwidths_mobile=[]  class=\"wptm_main_table  disablePager hideScrollHeader\"><colgroup><col data-dtr=\"0\" data-dtc=\"0\" class=\"dtc0\"><col data-dtr=\"0\" data-dtc=\"1\" class=\"dtc1\"><col data-dtr=\"0\" data-dtc=\"2\" class=\"dtc2\"><col data-dtr=\"0\" data-dtc=\"3\" class=\"dtc3\"><col data-dtr=\"0\" data-dtc=\"4\" class=\"dtc4\"><col data-dtr=\"0\" data-dtc=\"5\" class=\"dtc5\"><\/colgroup><thead><tr class=\"wptm-header-cells-index\"><th rowspan=\"1\" colspan=\"1\" data-dtr=\"0\" data-dtc=\"0\" class=\"dtr0 dtc0\"><\/th><th rowspan=\"1\" colspan=\"1\" data-dtr=\"0\" data-dtc=\"1\" class=\"dtr0 dtc1\"><\/th><th rowspan=\"1\" colspan=\"1\" data-dtr=\"0\" data-dtc=\"2\" class=\"dtr0 dtc2\"><\/th><th rowspan=\"1\" colspan=\"1\" data-dtr=\"0\" data-dtc=\"3\" class=\"dtr0 dtc3\"><\/th><th rowspan=\"1\" colspan=\"1\" data-dtr=\"0\" data-dtc=\"4\" class=\"dtr0 dtc4\"><\/th><th rowspan=\"1\" colspan=\"1\" data-dtr=\"0\" data-dtc=\"5\" class=\"dtr0 dtc5\"><\/th><\/tr><tr class=\" row0\"><th   data-priority=\"0\" class=\"dtr0 dtc0\"><\/th><th   data-priority=\"0\" class=\"dtr0 dtc1\">Buoyancy (kg)<\/th><th   data-priority=\"0\" class=\"dtr0 dtc2\">Length of Body (mm)<\/th><th   data-priority=\"0\" class=\"dtr0 dtc3\">Length Overall (mm)<\/th><th   data-priority=\"0\" class=\"dtr0 dtc4\">Diameter (mm)<\/th><th   data-priority=\"0\" class=\"dtr0 dtc5\">Weight (kg)<\/th><\/thead><tbody><tr class=\" row1\"><td    class=\"dtr1 dtc0\">CTCB 1500<\/td><td    class=\"dtr1 dtc1\">1500<\/td><td    class=\"dtr1 dtc2\">2000<\/td><td    class=\"dtr1 dtc3\">2600<\/td><td    class=\"dtr1 dtc4\">1200<\/td><td    class=\"dtr1 dtc5\">520<\/td><\/tr><tr class=\" row2\"><td    class=\"dtr2 dtc0\">CTCB 1750<\/td><td    class=\"dtr2 dtc1\">1750<\/td><td    class=\"dtr2 dtc2\">2000<\/td><td    class=\"dtr2 dtc3\">2600<\/td><td    class=\"dtr2 dtc4\">1260<\/td><td    class=\"dtr2 dtc5\">545<\/td><\/tr><tr class=\" row3\"><td    class=\"dtr3 dtc0\">CTCB 2000<\/td><td    class=\"dtr3 dtc1\">2000<\/td><td    class=\"dtr3 dtc2\">2000<\/td><td    class=\"dtr3 dtc3\">2600<\/td><td    class=\"dtr3 dtc4\">1400<\/td><td    class=\"dtr3 dtc5\">560<\/td><\/tr><tr class=\" row4\"><td    class=\"dtr4 dtc0\">CTCB 2250<\/td><td    class=\"dtr4 dtc1\">2250<\/td><td    class=\"dtr4 dtc2\">2000<\/td><td    class=\"dtr4 dtc3\">2600<\/td><td    class=\"dtr4 dtc4\">1450<\/td><td    class=\"dtr4 dtc5\">580<\/td><\/tr><tr class=\" row5\"><td    class=\"dtr5 dtc0\">CTCB 2500<\/td><td    class=\"dtr5 dtc1\">2500<\/td><td    class=\"dtr5 dtc2\">2000<\/td><td    class=\"dtr5 dtc3\">2600<\/td><td    class=\"dtr5 dtc4\">1500<\/td><td    class=\"dtr5 dtc5\">610<\/td><\/tr><tr class=\" row6\"><td    class=\"dtr6 dtc0\">CTCB 2750<\/td><td    class=\"dtr6 dtc1\">2750<\/td><td    class=\"dtr6 dtc2\">2000<\/td><td    class=\"dtr6 dtc3\">2600<\/td><td    class=\"dtr6 dtc4\">1560<\/td><td    class=\"dtr6 dtc5\">630<\/td><\/tr><tr class=\" row7\"><td    class=\"dtr7 dtc0\">CTCB 3000<\/td><td    class=\"dtr7 dtc1\">3000<\/td><td    class=\"dtr7 dtc2\">2000<\/td><td    class=\"dtr7 dtc3\">2600<\/td><td    class=\"dtr7 dtc4\">1680<\/td><td    class=\"dtr7 dtc5\">660<\/td><\/tr><tr class=\" row8\"><td    class=\"dtr8 dtc0\">CTCB 3500<\/td><td    class=\"dtr8 dtc1\">3500<\/td><td    class=\"dtr8 dtc2\">2000<\/td><td    class=\"dtr8 dtc3\">2600<\/td><td    class=\"dtr8 dtc4\">1900<\/td><td    class=\"dtr8 dtc5\">750<\/td><\/tr><tr class=\" row9\"><td    class=\"dtr9 dtc0\">Options<\/td><td  colspan=\"5\"   class=\"dtr9 dtc1\">Bail Eye - Clevis Eye - Swivel - Chain locking Plate - Single Locking Pin<\/td><td  style=\"display: none\"   class=\"dtr9 dtc2\"><\/td><td  style=\"display: none\"   class=\"dtr9 dtc3\"><\/td><td  style=\"display: none\"   class=\"dtr9 dtc4\"><\/td><td  style=\"display: none\"   class=\"dtr9 dtc5\"><\/td><\/tr><\/tbody><tfoot><tr><td class=\"dtr9 dtc0\" style=\"height: 0;\"><\/td><td class=\"dtr9 dtc1\" style=\"height: 0;\"><\/td><td class=\"dtr9 dtc2\" style=\"height: 0;\"><\/td><td class=\"dtr9 dtc3\" style=\"height: 0;\"><\/td><td class=\"dtr9 dtc4\" style=\"height: 0;\"><\/td><td class=\"dtr9 dtc5\" style=\"height: 0;\"><\/td><\/tr><\/tfoot><\/table><\/div><style>#wptmtable6 .dataTables_wrapper > .dataTables_scroll {max-height:500px;overflow: auto;}<\/style><script>window.wptm_ajaxurl = 'https:\/\/mavideniz.com.tr\/wp-admin\/admin-ajax.php?juwpfisadmin=false&action=Wptm&'; window.wptm_front = 'https:\/\/mavideniz.com.tr\/wp-content\/plugins\/wp-table-manager\/app\/site\/assets\/'; window.wptm_style = 'https:\/\/mavideniz.com.tr\/wp-content\/uploads\/wptm\/';<\/script><\/div><style><\/style>\n<p><strong>Bou\u00e9e Cylindrique De Pr\u00e9l\u00e8vement<\/strong><\/p>\n<div class=\"wptm_table tablesorter-bootstrap \" data-id=\"9\" data-hightlight=\"0\"><div class=\"wptm_buttons buttons_wptmTbl9\"><\/div><div class=\"wptmresponsive dataTables-wptmtable wptmtable \" id=\"wptmtable9\" data-tableid=\"wptmTbl9\"><table data-count-header=\"1\"  data-format-decimal_count=\"0\" data-format-decimal_symbol=\".\" data-format-symbol_position=\"0\" data-format-thousand_symbol=\",\"  data-format-currency_symbol=\"$\"  data-name-style=\"9_1759659800.css\" data-format=\"YYYY-MM-DD\" id=\"wptmTbl9\" data-id=\"9\" data-responsive=\"false\" data-hideCols=\"false\"  data-type=\"html\" data-paging=\"false\" data-searching=\"true\"  data-ordering=\"false\" data-table-breakpoint=\"980\" data-scroll-x=\"true\" data-scroll-collapse=\"true\" data-align=\"center\" data-range=\"[]\" data-hideColumn=\"[0,0,0,0,0,0]\"  data-colwidths=\"[190,190,190,190,190,190]\"  data-colwidths_desktop=[]  data-colwidths_tablet=[]  data-colwidths_mobile=[]  class=\"wptm_main_table  disablePager hideScrollHeader\"><colgroup><col data-dtr=\"0\" data-dtc=\"0\" class=\"dtc0\"><col data-dtr=\"0\" data-dtc=\"1\" class=\"dtc1\"><col data-dtr=\"0\" data-dtc=\"2\" class=\"dtc2\"><col data-dtr=\"0\" data-dtc=\"3\" class=\"dtc3\"><col data-dtr=\"0\" data-dtc=\"4\" class=\"dtc4\"><col data-dtr=\"0\" data-dtc=\"5\" class=\"dtc5\"><\/colgroup><thead><tr class=\"wptm-header-cells-index\"><th rowspan=\"1\" colspan=\"1\" data-dtr=\"0\" data-dtc=\"0\" class=\"dtr0 dtc0\"><\/th><th rowspan=\"1\" colspan=\"1\" data-dtr=\"0\" data-dtc=\"1\" class=\"dtr0 dtc1\"><\/th><th rowspan=\"1\" colspan=\"1\" data-dtr=\"0\" data-dtc=\"2\" class=\"dtr0 dtc2\"><\/th><th rowspan=\"1\" colspan=\"1\" data-dtr=\"0\" data-dtc=\"3\" class=\"dtr0 dtc3\"><\/th><th rowspan=\"1\" colspan=\"1\" data-dtr=\"0\" data-dtc=\"4\" class=\"dtr0 dtc4\"><\/th><th rowspan=\"1\" colspan=\"1\" data-dtr=\"0\" data-dtc=\"5\" class=\"dtr0 dtc5\"><\/th><\/tr><tr class=\" row0\"><th   data-priority=\"0\" class=\"dtr0 dtc0\"><\/th><th   data-priority=\"0\" class=\"dtr0 dtc1\">Buoyancy (kg)<\/th><th   data-priority=\"0\" class=\"dtr0 dtc2\">Length of Body (mm)<\/th><th   data-priority=\"0\" class=\"dtr0 dtc3\">Length Overall (mm)<\/th><th   data-priority=\"0\" class=\"dtr0 dtc4\">Diameter (mm)<\/th><th   data-priority=\"0\" class=\"dtr0 dtc5\">SWL (T)<\/th><\/thead><tbody><tr class=\" row1\"><td    class=\"dtr1 dtc0\">PUCB 90<\/td><td    class=\"dtr1 dtc1\">90<\/td><td    class=\"dtr1 dtc2\">660<\/td><td    class=\"dtr1 dtc3\">1000<\/td><td    class=\"dtr1 dtc4\">515<\/td><td    class=\"dtr1 dtc5\">1.2<\/td><\/tr><tr class=\" row2\"><td    class=\"dtr2 dtc0\">PUCB 225<\/td><td    class=\"dtr2 dtc1\">225<\/td><td    class=\"dtr2 dtc2\">910<\/td><td    class=\"dtr2 dtc3\">1570<\/td><td    class=\"dtr2 dtc4\">690<\/td><td    class=\"dtr2 dtc5\">15<\/td><\/tr><tr class=\" row3\"><td    class=\"dtr3 dtc0\">PUCB 400<\/td><td    class=\"dtr3 dtc1\">400<\/td><td    class=\"dtr3 dtc2\">910<\/td><td    class=\"dtr3 dtc3\">1570<\/td><td    class=\"dtr3 dtc4\">900<\/td><td    class=\"dtr3 dtc5\">15<\/td><\/tr><tr class=\" row4\"><td    class=\"dtr4 dtc0\">PUCB 800<\/td><td    class=\"dtr4 dtc1\">800<\/td><td    class=\"dtr4 dtc2\">910<\/td><td    class=\"dtr4 dtc3\">1570<\/td><td    class=\"dtr4 dtc4\">1150<\/td><td    class=\"dtr4 dtc5\">15<\/td><\/tr><tr class=\" row5\"><td    class=\"dtr5 dtc0\">Options<\/td><td  colspan=\"5\"   class=\"dtr5 dtc1\">Bail Eye - Clevis Eye - Swivel - Chain locking Plate - Single Locking Pin<\/td><td  style=\"display: none\"   class=\"dtr5 dtc2\"><\/td><td  style=\"display: none\"   class=\"dtr5 dtc3\"><\/td><td  style=\"display: none\"   class=\"dtr5 dtc4\"><\/td><td  style=\"display: none\"   class=\"dtr5 dtc5\"><\/td><\/tr><\/tbody><tfoot><tr><td class=\"dtr5 dtc0\" style=\"height: 0;\"><\/td><td class=\"dtr5 dtc1\" style=\"height: 0;\"><\/td><td class=\"dtr5 dtc2\" style=\"height: 0;\"><\/td><td class=\"dtr5 dtc3\" style=\"height: 0;\"><\/td><td class=\"dtr5 dtc4\" style=\"height: 0;\"><\/td><td class=\"dtr5 dtc5\" style=\"height: 0;\"><\/td><\/tr><\/tfoot><\/table><\/div><style>#wptmtable9 .dataTables_wrapper > .dataTables_scroll {max-height:500px;overflow: auto;}<\/style><script>window.wptm_ajaxurl = 'https:\/\/mavideniz.com.tr\/wp-admin\/admin-ajax.php?juwpfisadmin=false&action=Wptm&'; window.wptm_front = 'https:\/\/mavideniz.com.tr\/wp-content\/plugins\/wp-table-manager\/app\/site\/assets\/'; window.wptm_style = 'https:\/\/mavideniz.com.tr\/wp-content\/uploads\/wptm\/';<\/script><\/div><style><\/style>\n","protected":false},"excerpt":{"rendered":"<p>La bou\u00e9e cylindrique est con\u00e7ue pour les applications d&rsquo;amarrage lourd, le marquage et les piscicultures. Ces bou\u00e9es cylindriques fabriqu\u00e9es \u00e0 [&hellip;]<\/p>\n","protected":false},"author":1,"featured_media":0,"parent":39542,"menu_order":0,"comment_status":"closed","ping_status":"closed","template":"","meta":{"site-sidebar-layout":"default","site-content-layout":"","ast-site-content-layout":"default","site-content-style":"default","site-sidebar-style":"default","ast-global-header-display":"","ast-banner-title-visibility":"","ast-main-header-display":"","ast-hfb-above-header-display":"","ast-hfb-below-header-display":"","ast-hfb-mobile-header-display":"","site-post-title":"","ast-breadcrumbs-content":"","ast-featured-img":"","footer-sml-layout":"","ast-disable-related-posts":"","theme-transparent-header-meta":"","adv-header-id-meta":"","stick-header-meta":"","header-above-stick-meta":"","header-main-stick-meta":"","header-below-stick-meta":"","astra-migrate-meta-layouts":"default","ast-page-background-enabled":"default","ast-page-background-meta":{"desktop":{"background-color":"var(--ast-global-color-5)","background-image":"","background-repeat":"repeat","background-position":"center center","background-size":"auto","background-attachment":"scroll","background-type":"","background-media":"","overlay-type":"","overlay-color":"","overlay-opacity":"","overlay-gradient":""},"tablet":{"background-color":"","background-image":"","background-repeat":"repeat","background-position":"center center","background-size":"auto","background-attachment":"scroll","background-type":"","background-media":"","overlay-type":"","overlay-color":"","overlay-opacity":"","overlay-gradient":""},"mobile":{"background-color":"","background-image":"","background-repeat":"repeat","background-position":"center center","background-size":"auto","background-attachment":"scroll","background-type":"","background-media":"","overlay-type":"","overlay-color":"","overlay-opacity":"","overlay-gradient":""}},"ast-content-background-meta":{"desktop":{"background-color":"var(--ast-global-color-4)","background-image":"","background-repeat":"repeat","background-position":"center center","background-size":"auto","background-attachment":"scroll","background-type":"","background-media":"","overlay-type":"","overlay-color":"","overlay-opacity":"","overlay-gradient":""},"tablet":{"background-color":"var(--ast-global-color-4)","background-image":"","background-repeat":"repeat","background-position":"center center","background-size":"auto","background-attachment":"scroll","background-type":"","background-media":"","overlay-type":"","overlay-color":"","overlay-opacity":"","overlay-gradient":""},"mobile":{"background-color":"var(--ast-global-color-4)","background-image":"","background-repeat":"repeat","background-position":"center center","background-size":"auto","background-attachment":"scroll","background-type":"","background-media":"","overlay-type":"","overlay-color":"","overlay-opacity":"","overlay-gradient":""}},"footnotes":""},"class_list":["post-39547","page","type-page","status-publish","hentry"],"_links":{"self":[{"href":"https:\/\/mavideniz.com.tr\/fr\/wp-json\/wp\/v2\/pages\/39547","targetHints":{"allow":["GET"]}}],"collection":[{"href":"https:\/\/mavideniz.com.tr\/fr\/wp-json\/wp\/v2\/pages"}],"about":[{"href":"https:\/\/mavideniz.com.tr\/fr\/wp-json\/wp\/v2\/types\/page"}],"author":[{"embeddable":true,"href":"https:\/\/mavideniz.com.tr\/fr\/wp-json\/wp\/v2\/users\/1"}],"replies":[{"embeddable":true,"href":"https:\/\/mavideniz.com.tr\/fr\/wp-json\/wp\/v2\/comments?post=39547"}],"version-history":[{"count":0,"href":"https:\/\/mavideniz.com.tr\/fr\/wp-json\/wp\/v2\/pages\/39547\/revisions"}],"up":[{"embeddable":true,"href":"https:\/\/mavideniz.com.tr\/fr\/wp-json\/wp\/v2\/pages\/39542"}],"wp:attachment":[{"href":"https:\/\/mavideniz.com.tr\/fr\/wp-json\/wp\/v2\/media?parent=39547"}],"curies":[{"name":"wp","href":"https:\/\/api.w.org\/{rel}","templated":true}]}}