{"id":39552,"date":"2022-10-08T20:05:56","date_gmt":"2022-10-08T20:05:56","guid":{"rendered":"https:\/\/mavideniz.com.tr\/?page_id=39552"},"modified":"2022-10-08T20:06:00","modified_gmt":"2022-10-08T20:06:00","slug":"bouee-de-navigation-aism","status":"publish","type":"page","link":"https:\/\/mavideniz.com.tr\/fr\/produits-industriels\/bouee\/bouee-de-navigation-aism\/","title":{"rendered":"Bou\u00e9e de Navigation &#8211; AISM"},"content":{"rendered":"\n<p>L&rsquo;exploitation des syst\u00e8mes marins de Mavi Deniz fournit des<strong> bou\u00e9es de navigation en acier<\/strong> ou en <strong>mousse de poly\u00e9thyl\u00e8ne r\u00e9siliente<\/strong> dans un large \u00e9ventail de diam\u00e8tres et de flottabilit\u00e9 nette. Les corps de bou\u00e9es peuvent fournir seuls ou avec l&rsquo;ajout d&rsquo;\u00e9quipements de navigation, y compris, mais sans s&rsquo;y limiter, des balises, des batteries \u00e0 \u00e9nergie solaire ou \u00e0 pile s\u00e8che, des r\u00e9flecteurs radar \u2014 une gamme compl\u00e8te de bou\u00e9es conformes \u00e0 la norme IALA, \u00e0 faible entretien, robustes, d&rsquo;un diam\u00e8tre de 1,25 \u00e0 3,6 m et offrant une alternative r\u00e9aliste aux bou\u00e9es en acier traditionnelles. Ces bou\u00e9es modulaires sont plus l\u00e9g\u00e8res, faciles \u00e0 transporter, moins entretenues et d\u00e9ploy\u00e9es \u00e0 l&rsquo;aide de navires de soutien plus petits. Les sections de coque et la superstructure sont fabriqu\u00e9es \u00e0 partir de poly\u00e9thyl\u00e8ne vierge stable aux UV. La superstructure est fabriqu\u00e9e en utilisant une technique de construction unique, \u00ab double peau \u00bb, tandis que les sections de la coque sont remplies de mousse r\u00e9sistante \u00e0 l&rsquo;eau, ce qui emp\u00eache l&rsquo;enfoncement. Les sections de coque sont ajust\u00e9es autour d&rsquo;un noyau en acier HDG enti\u00e8rement int\u00e9gr\u00e9, incorporant des yeux d&rsquo;amarrage et de levage. La conception de base plate assure que les bou\u00e9es sont facilement stock\u00e9es verticalement et adaptables aux situations de \u00ab s\u00e9chage \u00bb. Les sections de coque r\u00e9sistent aux chocs et offrent une position d&rsquo;auto-d\u00e9fense limit\u00e9e.<\/p>\n<p>Notre nouvelle bou\u00e9e de navigation UHMWPE est \u00e9conomique, durable et respectueuse de l&rsquo;environnement. Le flotteur UHMWPE pourrait absorber la force de collision au maximum, ce qui aidera efficacement les bou\u00e9es \u00e0 rebondir sans d\u00e9formation. Le mat\u00e9riau UHMWPE est difficile \u00e0 d\u00e9chirer avec une r\u00e9silience et une r\u00e9sistance \u00e0 l&rsquo;\u00e9tirement remarquables. Le flotteur UHMWPE pourrait absorber la force de collision de mani\u00e8re maximale, aidant efficacement les bou\u00e9es \u00e0 rebondir sans d\u00e9formation. Une structure en acier unique est support\u00e9e \u00e0 l&rsquo;int\u00e9rieur de la bou\u00e9e, et de la mousse de polyur\u00e9thane haute densit\u00e9 est remplie avec un support solide aux flotteurs, ce qui permettra de maintenir la haute r\u00e9sistance de la bou\u00e9e et une excellente \u00e9tanch\u00e9it\u00e9. La superstructure est trait\u00e9e anti-corrosion, et sa dur\u00e9e de vie pourrait \u00eatre de plus de 20 ans ; Les yeux d&rsquo;amarrage et de levage sont sp\u00e9cialement con\u00e7us, et leur charge de rupture pourrait atteindre 60 tonnes. L&rsquo;Association internationale des autorit\u00e9s des phares a \u00e9t\u00e9 cr\u00e9\u00e9e pour unifier le syst\u00e8me mondial de balisage. Notre bou\u00e9e de navigation a \u00e9t\u00e9 d\u00e9velopp\u00e9e pour les syst\u00e8mes IALA. Les syst\u00e8mes IALA sont des bou\u00e9es, des eaux de surface lat\u00e9rales et cardinales, des dangers cach\u00e9s et des individus. Le syst\u00e8me de balisage IALA est divis\u00e9 en deux r\u00e9gions, A et B.<\/p>\n<p><strong>Caract\u00e9ristiques<\/strong><\/p>\n<ul>\n<li>La bou\u00e9e en plastique n&rsquo;a pas besoin de peinture pendant 10 ans.<\/li>\n<li>Le flotteur est auto-color\u00e9 et fabriqu\u00e9 avec des pigments \u00e9cologiques import\u00e9s d&rsquo;Europe sans polluer l&rsquo;environnement.<\/li>\n<li>Dix ans n&rsquo;ont pas besoin de peindre.<\/li>\n<li>Les lest \u00e0 l&rsquo;int\u00e9rieur du tuyau d&rsquo;\u00e9chappement ont \u00e9t\u00e9 trait\u00e9s anti-corrosion.<\/li>\n<li>stabilit\u00e9 aux UV<\/li>\n<li>Longue Dur\u00e9e De Vie<\/li>\n<li>Poids L\u00e9ger<\/li>\n<\/ul>\n<div class=\"wptm_table tablesorter-bootstrap \" data-id=\"8\" data-hightlight=\"0\"><div class=\"wptm_buttons buttons_wptmTbl8\"><\/div><div class=\"wptmresponsive dataTables-wptmtable wptmtable \" id=\"wptmtable8\" data-tableid=\"wptmTbl8\"><table data-count-header=\"1\"  data-format-decimal_count=\"0\" data-format-decimal_symbol=\".\" data-format-symbol_position=\"0\" data-format-thousand_symbol=\",\"  data-format-currency_symbol=\"$\"  data-name-style=\"8_1759659792.css\" data-format=\"YYYY-MM-DD\" id=\"wptmTbl8\" data-id=\"8\" data-responsive=\"false\" data-hideCols=\"false\"  data-type=\"html\" data-paging=\"false\" data-searching=\"true\"  data-ordering=\"false\" data-table-breakpoint=\"980\" data-scroll-x=\"true\" data-scroll-collapse=\"true\" data-align=\"center\" data-range=\"[]\" data-hideColumn=\"[0,0,0,0,0,0,0,0,0]\"  data-colwidths=\"[126,126,126,126,126,126,126,126,126]\"  data-colwidths_desktop=[]  data-colwidths_tablet=[]  data-colwidths_mobile=[]  class=\"wptm_main_table  disablePager hideScrollHeader\"><colgroup><col data-dtr=\"0\" data-dtc=\"0\" class=\"dtc0\"><col data-dtr=\"0\" data-dtc=\"1\" class=\"dtc1\"><col data-dtr=\"0\" data-dtc=\"2\" class=\"dtc2\"><col data-dtr=\"0\" data-dtc=\"3\" class=\"dtc3\"><col data-dtr=\"0\" data-dtc=\"4\" class=\"dtc4\"><col data-dtr=\"0\" data-dtc=\"5\" class=\"dtc5\"><col data-dtr=\"0\" data-dtc=\"6\" class=\"dtc6\"><col data-dtr=\"0\" data-dtc=\"7\" class=\"dtc7\"><col data-dtr=\"0\" data-dtc=\"8\" class=\"dtc8\"><\/colgroup><thead><tr class=\"wptm-header-cells-index\"><th rowspan=\"1\" colspan=\"1\" data-dtr=\"0\" data-dtc=\"0\" class=\"dtr0 dtc0\"><\/th><th rowspan=\"1\" colspan=\"1\" data-dtr=\"0\" data-dtc=\"1\" class=\"dtr0 dtc1\"><\/th><th rowspan=\"1\" colspan=\"1\" data-dtr=\"0\" data-dtc=\"2\" class=\"dtr0 dtc2\"><\/th><th rowspan=\"1\" colspan=\"1\" data-dtr=\"0\" data-dtc=\"3\" class=\"dtr0 dtc3\"><\/th><th rowspan=\"1\" colspan=\"1\" data-dtr=\"0\" data-dtc=\"4\" class=\"dtr0 dtc4\"><\/th><th rowspan=\"1\" colspan=\"1\" data-dtr=\"0\" data-dtc=\"5\" class=\"dtr0 dtc5\"><\/th><th rowspan=\"1\" colspan=\"1\" data-dtr=\"0\" data-dtc=\"6\" class=\"dtr0 dtc6\"><\/th><th rowspan=\"1\" colspan=\"1\" data-dtr=\"0\" data-dtc=\"7\" class=\"dtr0 dtc7\"><\/th><th rowspan=\"1\" colspan=\"1\" data-dtr=\"0\" data-dtc=\"8\" class=\"dtr0 dtc8\"><\/th><\/tr><tr class=\" row0\"><th   data-priority=\"0\" class=\"dtr0 dtc0\"><\/th><th   data-priority=\"0\" class=\"dtr0 dtc1\">NB 800<\/th><th   data-priority=\"0\" class=\"dtr0 dtc2\">NB 1200<\/th><th   data-priority=\"0\" class=\"dtr0 dtc3\">NB 1500<\/th><th   data-priority=\"0\" class=\"dtr0 dtc4\">NB 1800<\/th><th   data-priority=\"0\" class=\"dtr0 dtc5\">NB 2100<\/th><th   data-priority=\"0\" class=\"dtr0 dtc6\">NB 2400<\/th><th   data-priority=\"0\" class=\"dtr0 dtc7\">NB 3050<\/th><th   data-priority=\"0\" class=\"dtr0 dtc8\">NB 3500<\/th><\/thead><tbody><tr class=\" row1\"><td    class=\"dtr1 dtc0\"> Material<\/td><td  colspan=\"8\"   class=\"dtr1 dtc1\">UHWPE \/ Polyethylene \/ Steel<\/td><td  style=\"display: none\"   class=\"dtr1 dtc2\"><\/td><td  style=\"display: none\"   class=\"dtr1 dtc3\"><\/td><td  style=\"display: none\"   class=\"dtr1 dtc4\"><\/td><td  style=\"display: none\"   class=\"dtr1 dtc5\"><\/td><td  style=\"display: none\"   class=\"dtr1 dtc6\"><\/td><td  style=\"display: none\"   class=\"dtr1 dtc7\"><\/td><td  style=\"display: none\"   class=\"dtr1 dtc8\"><\/td><\/tr><tr class=\" row2\"><td    class=\"dtr2 dtc0\">Width<\/td><td    class=\"dtr2 dtc1\">800 mm<\/td><td    class=\"dtr2 dtc2\">1200 mm<\/td><td    class=\"dtr2 dtc3\">1500 mm<\/td><td    class=\"dtr2 dtc4\">1800 mm<\/td><td    class=\"dtr2 dtc5\">2100 mm<\/td><td    class=\"dtr2 dtc6\">2400 mm<\/td><td    class=\"dtr2 dtc7\">3050 mm<\/td><td    class=\"dtr2 dtc8\">3500 mm<\/td><\/tr><tr class=\" row3\"><td    class=\"dtr3 dtc0\">Bouying Depth<\/td><td    class=\"dtr3 dtc1\">1.5 m - 10 m<\/td><td    class=\"dtr3 dtc2\">2 m - 20 m<\/td><td    class=\"dtr3 dtc3\">4 m - 20 m<\/td><td    class=\"dtr3 dtc4\">6 m - 30 m<\/td><td    class=\"dtr3 dtc5\">8 m - 40 m<\/td><td    class=\"dtr3 dtc6\">10 m - 50 m<\/td><td    class=\"dtr3 dtc7\">15 m - 60 m<\/td><td    class=\"dtr3 dtc8\">20 m - 70 m<\/td><\/tr><tr class=\" row4\"><td    class=\"dtr4 dtc0\">Focal Plane Height<\/td><td    class=\"dtr4 dtc1\">1.5 m - 10 m<\/td><td    class=\"dtr4 dtc2\">2 m - 20 m<\/td><td    class=\"dtr4 dtc3\">4 m - 20 m<\/td><td    class=\"dtr4 dtc4\">6 m - 30 m<\/td><td    class=\"dtr4 dtc5\">3515 mm<\/td><td    class=\"dtr4 dtc6\">4525 mm<\/td><td    class=\"dtr4 dtc7\">5160 mm<\/td><td    class=\"dtr4 dtc8\">6090 mm<\/td><\/tr><tr class=\" row5\"><td    class=\"dtr5 dtc0\">Free Board<\/td><td    class=\"dtr5 dtc1\">450 mm<\/td><td    class=\"dtr5 dtc2\">510 mm<\/td><td    class=\"dtr5 dtc3\">630 mm<\/td><td    class=\"dtr5 dtc4\">720 mm<\/td><td    class=\"dtr5 dtc5\">800 mm<\/td><td    class=\"dtr5 dtc6\">975 mm<\/td><td    class=\"dtr5 dtc7\">1115 mm<\/td><td    class=\"dtr5 dtc8\">1240 mm<\/td><\/tr><tr class=\" row6\"><td    class=\"dtr6 dtc0\">Height<\/td><td    class=\"dtr6 dtc1\">2900 mm<\/td><td    class=\"dtr6 dtc2\">3380 mm<\/td><td    class=\"dtr6 dtc3\">4100 mm<\/td><td    class=\"dtr6 dtc4\">1685 mm<\/td><td    class=\"dtr6 dtc5\">5755 mm<\/td><td    class=\"dtr6 dtc6\">6930 mm<\/td><td    class=\"dtr6 dtc7\">7610 mm<\/td><td    class=\"dtr6 dtc8\">8250 mm<\/td><\/tr><tr class=\" row7\"><td    class=\"dtr7 dtc0\">Weight<\/td><td    class=\"dtr7 dtc1\">195 kg<\/td><td    class=\"dtr7 dtc2\">550 kg<\/td><td    class=\"dtr7 dtc3\">680 kg<\/td><td    class=\"dtr7 dtc4\">1685 kg<\/td><td    class=\"dtr7 dtc5\">1900 kg<\/td><td    class=\"dtr7 dtc6\">2975 kg<\/td><td    class=\"dtr7 dtc7\">3490 kg<\/td><td    class=\"dtr7 dtc8\">3860 kg<\/td><\/tr><tr class=\" row8\"><td    class=\"dtr8 dtc0\">Reserve Buoyancy<\/td><td    class=\"dtr8 dtc1\">Up to 0.2 T<\/td><td    class=\"dtr8 dtc2\">Up to 0.5 T<\/td><td    class=\"dtr8 dtc3\">Up to 1 T<\/td><td    class=\"dtr8 dtc4\">Up to 1.5 T<\/td><td    class=\"dtr8 dtc5\">Up to 2.4 T<\/td><td    class=\"dtr8 dtc6\">Up to 4 T<\/td><td    class=\"dtr8 dtc7\">Up to 7.6 T<\/td><td    class=\"dtr8 dtc8\">Up to 11 T<\/td><\/tr><tr class=\" row9\"><td    class=\"dtr9 dtc0\">Colour<\/td><td  colspan=\"8\"   class=\"dtr9 dtc1\">IALA Colours Red \/ Green \/ White \/ Yellow<\/td><td  style=\"display: none\"   class=\"dtr9 dtc2\"><\/td><td  style=\"display: none\"   class=\"dtr9 dtc3\"><\/td><td  style=\"display: none\"   class=\"dtr9 dtc4\"><\/td><td  style=\"display: none\"   class=\"dtr9 dtc5\"><\/td><td  style=\"display: none\"   class=\"dtr9 dtc6\"><\/td><td  style=\"display: none\"   class=\"dtr9 dtc7\"><\/td><td  style=\"display: none\"   class=\"dtr9 dtc8\"><\/td><\/tr><tr class=\" row10\"><td    class=\"dtr10 dtc0\">Options<\/td><td  colspan=\"8\"   class=\"dtr10 dtc1\">AIS \/ Solar panels \/ Radar reflectors<\/td><td  style=\"display: none\"   class=\"dtr10 dtc2\"><\/td><td  style=\"display: none\"   class=\"dtr10 dtc3\"><\/td><td  style=\"display: none\"   class=\"dtr10 dtc4\"><\/td><td  style=\"display: none\"   class=\"dtr10 dtc5\"><\/td><td  style=\"display: none\"   class=\"dtr10 dtc6\"><\/td><td  style=\"display: none\"   class=\"dtr10 dtc7\"><\/td><td  style=\"display: none\"   class=\"dtr10 dtc8\"><\/td><\/tr><\/tbody><tfoot><tr><td class=\"dtr10 dtc0\" style=\"height: 0;\"><\/td><td class=\"dtr10 dtc1\" style=\"height: 0;\"><\/td><td class=\"dtr10 dtc2\" style=\"height: 0;\"><\/td><td class=\"dtr10 dtc3\" style=\"height: 0;\"><\/td><td class=\"dtr10 dtc4\" style=\"height: 0;\"><\/td><td class=\"dtr10 dtc5\" style=\"height: 0;\"><\/td><td class=\"dtr10 dtc6\" style=\"height: 0;\"><\/td><td class=\"dtr10 dtc7\" style=\"height: 0;\"><\/td><td class=\"dtr10 dtc8\" style=\"height: 0;\"><\/td><\/tr><\/tfoot><\/table><\/div><style>#wptmtable8 .dataTables_wrapper > .dataTables_scroll {max-height:500px;overflow: auto;}<\/style><script>window.wptm_ajaxurl = 'https:\/\/mavideniz.com.tr\/wp-admin\/admin-ajax.php?juwpfisadmin=false&action=Wptm&'; window.wptm_front = 'https:\/\/mavideniz.com.tr\/wp-content\/plugins\/wp-table-manager\/app\/site\/assets\/'; window.wptm_style = 'https:\/\/mavideniz.com.tr\/wp-content\/uploads\/wptm\/';<\/script><\/div><style><\/style>\n","protected":false},"excerpt":{"rendered":"<p>L&rsquo;exploitation des syst\u00e8mes marins de Mavi Deniz fournit des bou\u00e9es de navigation en acier ou en mousse de poly\u00e9thyl\u00e8ne r\u00e9siliente [&hellip;]<\/p>\n","protected":false},"author":1,"featured_media":0,"parent":39542,"menu_order":0,"comment_status":"closed","ping_status":"closed","template":"","meta":{"site-sidebar-layout":"default","site-content-layout":"","ast-site-content-layout":"default","site-content-style":"default","site-sidebar-style":"default","ast-global-header-display":"","ast-banner-title-visibility":"","ast-main-header-display":"","ast-hfb-above-header-display":"","ast-hfb-below-header-display":"","ast-hfb-mobile-header-display":"","site-post-title":"","ast-breadcrumbs-content":"","ast-featured-img":"","footer-sml-layout":"","ast-disable-related-posts":"","theme-transparent-header-meta":"","adv-header-id-meta":"","stick-header-meta":"","header-above-stick-meta":"","header-main-stick-meta":"","header-below-stick-meta":"","astra-migrate-meta-layouts":"default","ast-page-background-enabled":"default","ast-page-background-meta":{"desktop":{"background-color":"var(--ast-global-color-5)","background-image":"","background-repeat":"repeat","background-position":"center center","background-size":"auto","background-attachment":"scroll","background-type":"","background-media":"","overlay-type":"","overlay-color":"","overlay-opacity":"","overlay-gradient":""},"tablet":{"background-color":"","background-image":"","background-repeat":"repeat","background-position":"center center","background-size":"auto","background-attachment":"scroll","background-type":"","background-media":"","overlay-type":"","overlay-color":"","overlay-opacity":"","overlay-gradient":""},"mobile":{"background-color":"","background-image":"","background-repeat":"repeat","background-position":"center center","background-size":"auto","background-attachment":"scroll","background-type":"","background-media":"","overlay-type":"","overlay-color":"","overlay-opacity":"","overlay-gradient":""}},"ast-content-background-meta":{"desktop":{"background-color":"var(--ast-global-color-4)","background-image":"","background-repeat":"repeat","background-position":"center center","background-size":"auto","background-attachment":"scroll","background-type":"","background-media":"","overlay-type":"","overlay-color":"","overlay-opacity":"","overlay-gradient":""},"tablet":{"background-color":"var(--ast-global-color-4)","background-image":"","background-repeat":"repeat","background-position":"center center","background-size":"auto","background-attachment":"scroll","background-type":"","background-media":"","overlay-type":"","overlay-color":"","overlay-opacity":"","overlay-gradient":""},"mobile":{"background-color":"var(--ast-global-color-4)","background-image":"","background-repeat":"repeat","background-position":"center center","background-size":"auto","background-attachment":"scroll","background-type":"","background-media":"","overlay-type":"","overlay-color":"","overlay-opacity":"","overlay-gradient":""}},"footnotes":""},"class_list":["post-39552","page","type-page","status-publish","hentry"],"_links":{"self":[{"href":"https:\/\/mavideniz.com.tr\/fr\/wp-json\/wp\/v2\/pages\/39552","targetHints":{"allow":["GET"]}}],"collection":[{"href":"https:\/\/mavideniz.com.tr\/fr\/wp-json\/wp\/v2\/pages"}],"about":[{"href":"https:\/\/mavideniz.com.tr\/fr\/wp-json\/wp\/v2\/types\/page"}],"author":[{"embeddable":true,"href":"https:\/\/mavideniz.com.tr\/fr\/wp-json\/wp\/v2\/users\/1"}],"replies":[{"embeddable":true,"href":"https:\/\/mavideniz.com.tr\/fr\/wp-json\/wp\/v2\/comments?post=39552"}],"version-history":[{"count":0,"href":"https:\/\/mavideniz.com.tr\/fr\/wp-json\/wp\/v2\/pages\/39552\/revisions"}],"up":[{"embeddable":true,"href":"https:\/\/mavideniz.com.tr\/fr\/wp-json\/wp\/v2\/pages\/39542"}],"wp:attachment":[{"href":"https:\/\/mavideniz.com.tr\/fr\/wp-json\/wp\/v2\/media?parent=39552"}],"curies":[{"name":"wp","href":"https:\/\/api.w.org\/{rel}","templated":true}]}}