{"id":39556,"date":"2022-10-08T20:13:21","date_gmt":"2022-10-08T20:13:21","guid":{"rendered":"https:\/\/mavideniz.com.tr\/?page_id=39556"},"modified":"2022-10-08T20:13:24","modified_gmt":"2022-10-08T20:13:24","slug":"flotteur-de-tuyau","status":"publish","type":"page","link":"https:\/\/mavideniz.com.tr\/fr\/produits-industriels\/bouee\/flotteur-de-tuyau\/","title":{"rendered":"Flotteur De Tuyau"},"content":{"rendered":"\n<p>Pipe Float est un flotteur cylindrique produit en poly\u00e9thyl\u00e8ne rempli de polyur\u00e9thane par moulage rotatif avec une \u00e9paisseur de paroi constante, une excellente r\u00e9sistance aux chocs et une durabilit\u00e9 \u00e9lev\u00e9e. Flotteur de tuyau est con\u00e7u pour utiliser le tuyau HDPE, le tuyau en acier et le tuyau en caoutchouc pour les op\u00e9rations de pose de pipeline pour assurer une flottabilit\u00e9 positive<\/p>\n<p><strong>Caract\u00e9ristiques<\/strong><\/p>\n<ul>\n<li>Flottabilit\u00e9 l\u00e9g\u00e8re et grande<\/li>\n<li>R\u00e9sistance aux chocs, UV, r\u00e9sistance chimique<\/li>\n<li>Facile \u00e0 installer et \u00e9conomique pour la maintenance<\/li>\n<li>Assemblage rapide<\/li>\n<li>R\u00e9sistant \u00e0 la chaleur : -60-80 \u2103<\/li>\n<li>Couleur : jaune, orange, rouge<\/li>\n<li>Accessoires : vis, rondelles, \u00e9crous, entretoises<\/li>\n<li>Surface ext\u00e9rieure : lisse ou nervur\u00e9e.<\/li>\n<\/ul>\n<div class=\"wptm_table tablesorter-bootstrap \" data-id=\"10\" data-hightlight=\"0\"><div class=\"wptm_buttons buttons_wptmTbl10\"><\/div><div class=\"wptmresponsive dataTables-wptmtable wptmtable \" id=\"wptmtable10\" data-tableid=\"wptmTbl10\"><table data-count-header=\"1\"  data-format-decimal_count=\"0\" data-format-decimal_symbol=\".\" data-format-symbol_position=\"0\" data-format-thousand_symbol=\",\"  data-format-currency_symbol=\"$\"  data-name-style=\"10_1759659829.css\" data-format=\"YYYY-MM-DD\" id=\"wptmTbl10\" data-id=\"10\" data-responsive=\"false\" data-hideCols=\"false\"  data-type=\"html\" data-paging=\"false\" data-searching=\"true\"  data-ordering=\"false\" data-table-breakpoint=\"980\" data-scroll-x=\"true\" data-scroll-collapse=\"true\" data-align=\"center\" data-range=\"[]\" data-hideColumn=\"[0,0,0,0]\"  data-colwidths=\"[285,285,285,285]\"  data-colwidths_desktop=[]  data-colwidths_tablet=[]  data-colwidths_mobile=[]  class=\"wptm_main_table  disablePager hideScrollHeader\"><colgroup><col data-dtr=\"0\" data-dtc=\"0\" class=\"dtc0\"><col data-dtr=\"0\" data-dtc=\"1\" class=\"dtc1\"><col data-dtr=\"0\" data-dtc=\"2\" class=\"dtc2\"><col data-dtr=\"0\" data-dtc=\"3\" class=\"dtc3\"><\/colgroup><thead><tr class=\"wptm-header-cells-index\"><th rowspan=\"1\" colspan=\"1\" data-dtr=\"0\" data-dtc=\"0\" class=\"dtr0 dtc0\"><\/th><th rowspan=\"1\" colspan=\"1\" data-dtr=\"0\" data-dtc=\"1\" class=\"dtr0 dtc1\"><\/th><th rowspan=\"1\" colspan=\"1\" data-dtr=\"0\" data-dtc=\"2\" class=\"dtr0 dtc2\"><\/th><th rowspan=\"1\" colspan=\"1\" data-dtr=\"0\" data-dtc=\"3\" class=\"dtr0 dtc3\"><\/th><\/tr><tr class=\" row0\"><th   data-priority=\"0\" class=\"dtr0 dtc0\">Hose I.D (mm)<\/th><th   data-priority=\"0\" class=\"dtr0 dtc1\">Floater I.D.(mm)<\/th><th   data-priority=\"0\" class=\"dtr0 dtc2\">Floater O.D.(mm)<\/th><th   data-priority=\"0\" class=\"dtr0 dtc3\">Floater Length\t(mm)<\/th><\/thead><tbody><tr class=\" row1\"><td    class=\"dtr1 dtc0\">200<\/td><td    class=\"dtr1 dtc1\">220<\/td><td    class=\"dtr1 dtc2\">500<\/td><td    class=\"dtr1 dtc3\">800<\/td><\/tr><tr class=\" row2\"><td    class=\"dtr2 dtc0\">285<\/td><td    class=\"dtr2 dtc1\">300<\/td><td    class=\"dtr2 dtc2\">700<\/td><td    class=\"dtr2 dtc3\">1200<\/td><\/tr><tr class=\" row3\"><td    class=\"dtr3 dtc0\">350<\/td><td    class=\"dtr3 dtc1\">375<\/td><td    class=\"dtr3 dtc2\">1100<\/td><td    class=\"dtr3 dtc3\">1100<\/td><\/tr><tr class=\" row4\"><td    class=\"dtr4 dtc0\">400<\/td><td    class=\"dtr4 dtc1\">414<\/td><td    class=\"dtr4 dtc2\">1100<\/td><td    class=\"dtr4 dtc3\">1200<\/td><\/tr><tr class=\" row5\"><td    class=\"dtr5 dtc0\">414<\/td><td    class=\"dtr5 dtc1\">430<\/td><td    class=\"dtr5 dtc2\">1200<\/td><td    class=\"dtr5 dtc3\">1200<\/td><\/tr><tr class=\" row6\"><td    class=\"dtr6 dtc0\">450<\/td><td    class=\"dtr6 dtc1\">480<\/td><td    class=\"dtr6 dtc2\">1300<\/td><td    class=\"dtr6 dtc3\">1300<\/td><\/tr><tr class=\" row7\"><td    class=\"dtr7 dtc0\">500<\/td><td    class=\"dtr7 dtc1\">530<\/td><td    class=\"dtr7 dtc2\">1400<\/td><td    class=\"dtr7 dtc3\">1500<\/td><\/tr><tr class=\" row8\"><td    class=\"dtr8 dtc0\">550<\/td><td    class=\"dtr8 dtc1\">580<\/td><td    class=\"dtr8 dtc2\">1400<\/td><td    class=\"dtr8 dtc3\">1600<\/td><\/tr><tr class=\" row9\"><td    class=\"dtr9 dtc0\">600<\/td><td    class=\"dtr9 dtc1\">630<\/td><td    class=\"dtr9 dtc2\">1400<\/td><td    class=\"dtr9 dtc3\">1700<\/td><\/tr><tr class=\" row10\"><td    class=\"dtr10 dtc0\">650<\/td><td    class=\"dtr10 dtc1\">680<\/td><td    class=\"dtr10 dtc2\">1480<\/td><td    class=\"dtr10 dtc3\">1800<\/td><\/tr><tr class=\" row11\"><td    class=\"dtr11 dtc0\">700<\/td><td    class=\"dtr11 dtc1\">730<\/td><td    class=\"dtr11 dtc2\">1600<\/td><td    class=\"dtr11 dtc3\">1900<\/td><\/tr><tr class=\" row12\"><td    class=\"dtr12 dtc0\">750<\/td><td    class=\"dtr12 dtc1\">780<\/td><td    class=\"dtr12 dtc2\">1600<\/td><td    class=\"dtr12 dtc3\">2000<\/td><\/tr><tr class=\" row13\"><td    class=\"dtr13 dtc0\">800<\/td><td    class=\"dtr13 dtc1\">830<\/td><td    class=\"dtr13 dtc2\">1800<\/td><td    class=\"dtr13 dtc3\">2000<\/td><\/tr><\/tbody><tfoot><tr><td class=\"dtr13 dtc0\" style=\"height: 0;\"><\/td><td class=\"dtr13 dtc1\" style=\"height: 0;\"><\/td><td class=\"dtr13 dtc2\" style=\"height: 0;\"><\/td><td class=\"dtr13 dtc3\" style=\"height: 0;\"><\/td><\/tr><\/tfoot><\/table><\/div><style>#wptmtable10 .dataTables_wrapper > .dataTables_scroll {max-height:500px;overflow: auto;}<\/style><script>window.wptm_ajaxurl = 'https:\/\/mavideniz.com.tr\/wp-admin\/admin-ajax.php?juwpfisadmin=false&action=Wptm&'; window.wptm_front = 'https:\/\/mavideniz.com.tr\/wp-content\/plugins\/wp-table-manager\/app\/site\/assets\/'; window.wptm_style = 'https:\/\/mavideniz.com.tr\/wp-content\/uploads\/wptm\/';<\/script><\/div><style><\/style>\n","protected":false},"excerpt":{"rendered":"<p>Pipe Float est un flotteur cylindrique produit en poly\u00e9thyl\u00e8ne rempli de polyur\u00e9thane par moulage rotatif avec une \u00e9paisseur de paroi [&hellip;]<\/p>\n","protected":false},"author":1,"featured_media":0,"parent":39542,"menu_order":0,"comment_status":"closed","ping_status":"closed","template":"","meta":{"site-sidebar-layout":"default","site-content-layout":"","ast-site-content-layout":"default","site-content-style":"default","site-sidebar-style":"default","ast-global-header-display":"","ast-banner-title-visibility":"","ast-main-header-display":"","ast-hfb-above-header-display":"","ast-hfb-below-header-display":"","ast-hfb-mobile-header-display":"","site-post-title":"","ast-breadcrumbs-content":"","ast-featured-img":"","footer-sml-layout":"","ast-disable-related-posts":"","theme-transparent-header-meta":"","adv-header-id-meta":"","stick-header-meta":"","header-above-stick-meta":"","header-main-stick-meta":"","header-below-stick-meta":"","astra-migrate-meta-layouts":"default","ast-page-background-enabled":"default","ast-page-background-meta":{"desktop":{"background-color":"var(--ast-global-color-5)","background-image":"","background-repeat":"repeat","background-position":"center center","background-size":"auto","background-attachment":"scroll","background-type":"","background-media":"","overlay-type":"","overlay-color":"","overlay-opacity":"","overlay-gradient":""},"tablet":{"background-color":"","background-image":"","background-repeat":"repeat","background-position":"center center","background-size":"auto","background-attachment":"scroll","background-type":"","background-media":"","overlay-type":"","overlay-color":"","overlay-opacity":"","overlay-gradient":""},"mobile":{"background-color":"","background-image":"","background-repeat":"repeat","background-position":"center center","background-size":"auto","background-attachment":"scroll","background-type":"","background-media":"","overlay-type":"","overlay-color":"","overlay-opacity":"","overlay-gradient":""}},"ast-content-background-meta":{"desktop":{"background-color":"var(--ast-global-color-4)","background-image":"","background-repeat":"repeat","background-position":"center center","background-size":"auto","background-attachment":"scroll","background-type":"","background-media":"","overlay-type":"","overlay-color":"","overlay-opacity":"","overlay-gradient":""},"tablet":{"background-color":"var(--ast-global-color-4)","background-image":"","background-repeat":"repeat","background-position":"center center","background-size":"auto","background-attachment":"scroll","background-type":"","background-media":"","overlay-type":"","overlay-color":"","overlay-opacity":"","overlay-gradient":""},"mobile":{"background-color":"var(--ast-global-color-4)","background-image":"","background-repeat":"repeat","background-position":"center center","background-size":"auto","background-attachment":"scroll","background-type":"","background-media":"","overlay-type":"","overlay-color":"","overlay-opacity":"","overlay-gradient":""}},"footnotes":""},"class_list":["post-39556","page","type-page","status-publish","hentry"],"_links":{"self":[{"href":"https:\/\/mavideniz.com.tr\/fr\/wp-json\/wp\/v2\/pages\/39556","targetHints":{"allow":["GET"]}}],"collection":[{"href":"https:\/\/mavideniz.com.tr\/fr\/wp-json\/wp\/v2\/pages"}],"about":[{"href":"https:\/\/mavideniz.com.tr\/fr\/wp-json\/wp\/v2\/types\/page"}],"author":[{"embeddable":true,"href":"https:\/\/mavideniz.com.tr\/fr\/wp-json\/wp\/v2\/users\/1"}],"replies":[{"embeddable":true,"href":"https:\/\/mavideniz.com.tr\/fr\/wp-json\/wp\/v2\/comments?post=39556"}],"version-history":[{"count":0,"href":"https:\/\/mavideniz.com.tr\/fr\/wp-json\/wp\/v2\/pages\/39556\/revisions"}],"up":[{"embeddable":true,"href":"https:\/\/mavideniz.com.tr\/fr\/wp-json\/wp\/v2\/pages\/39542"}],"wp:attachment":[{"href":"https:\/\/mavideniz.com.tr\/fr\/wp-json\/wp\/v2\/media?parent=39556"}],"curies":[{"name":"wp","href":"https:\/\/api.w.org\/{rel}","templated":true}]}}