{"id":39560,"date":"2022-10-08T20:15:29","date_gmt":"2022-10-08T20:15:29","guid":{"rendered":"https:\/\/mavideniz.com.tr\/?page_id=39560"},"modified":"2022-10-08T20:15:32","modified_gmt":"2022-10-08T20:15:32","slug":"bouee-damarrage-en-acier","status":"publish","type":"page","link":"https:\/\/mavideniz.com.tr\/fr\/produits-industriels\/bouee\/bouee-damarrage-en-acier\/","title":{"rendered":"Bou\u00e9e d&rsquo;amarrage en acier"},"content":{"rendered":"\n<p>Les bou\u00e9es d&rsquo;amarrage en acier sont sp\u00e9cialement con\u00e7ues pour l&rsquo;amarrage des navires de la mani\u00e8re la plus \u00e9conomique.<\/p>\n<p>La bou\u00e9e d&rsquo;amarrage en acier est construite en acier robuste et de haute qualit\u00e9 et \u00e9quip\u00e9e des crochets de bou\u00e9e \u00e0 lib\u00e9ration rapide. Cette bou\u00e9e d&rsquo;amarrage en acier offre une solution d&rsquo;amarrage robuste pour les navires subissant des proc\u00e9dures d&rsquo;attente ou de (d\u00e9)chargement. La connexion directe de la cha\u00eene d&rsquo;ancrage \u00e0 l&rsquo;unit\u00e9 d&rsquo;amarrage renforce la s\u00e9curit\u00e9, la stabilit\u00e9 et la durabilit\u00e9 de l&rsquo;amarrage.<\/p>\n<p>La bou\u00e9e d&rsquo;amarrage en acier offre une durabilit\u00e9 m\u00eame dans des environnements tr\u00e8s corrosifs. Plusieurs parties de crochet (internes) de la bou\u00e9e d&rsquo;amarrage en acier sont des rev\u00eatements sp\u00e9ciaux, des douilles, de la graisse et de l&rsquo;acier inoxydable.<\/p>\n<p>Les bou\u00e9es d&rsquo;amarrage en acier sont disponibles en diff\u00e9rentes tailles selon les exigences et conditions sp\u00e9ciales.<\/p>\n<p><strong>Bou\u00e9e D&rsquo;Amarrage, Corps<\/strong><\/p>\n<p>Le corps de la bou\u00e9e d&rsquo;amarrage repose habituellement sur des pieds statiques fix\u00e9s au fond marin, une partie rotative au-dessus du niveau de l&rsquo;eau \u00e9tant reli\u00e9e au camion-citerne de chargement. Les deux sections sont reli\u00e9es par un roulement \u00e0 rouleaux appel\u00e9 \u00ab\u00a0roulement principal\u00a0\u00bb. Gr\u00e2ce \u00e0 cet agencement, le p\u00e9trolier amarr\u00e9 peut d\u00e9placer librement la girouette autour de la bou\u00e9e et trouver une position stable.<\/p>\n<p><strong>Bou\u00e9e d&rsquo;amarrage, parties d&rsquo;amarrage et d&rsquo;ancrage<\/strong><\/p>\n<p>Des mouillages fixent la bou\u00e9e au fond marin. La conception de la bou\u00e9e d&rsquo;amarrage doit tenir compte du comportement de la bou\u00e9e en fonction du vent, de la houle, des conditions actuelles et de la taille du p\u00e9trolier. Cela d\u00e9termine l&rsquo;agencement d&rsquo;amarrage optimal et la port\u00e9e des divers composants de pattes d&rsquo;amarrage. Les points d&rsquo;ancrage d\u00e9pendent en grande partie des conditions locales du sol.<\/p>\n<p><strong>Bou\u00e9e d&rsquo;amarrage, composants d&rsquo;amarrage<\/strong><\/p>\n<p>Ancres ou pieux &#8211; Pour relier l&rsquo;amarrage au fond marin.<\/p>\n<p>Articulation de la cale ou de la cha\u00eene d&rsquo;ancrage \u00e0 la bou\u00e9e (SPM)<\/p>\n<p>Cha\u00eene d&rsquo;ancrage<\/p>\n<p>Bouchons de cha\u00eene &#8211; Pour fixer les cha\u00eenes \u00e0 la bou\u00e9e.<\/p>\n<p>Main-D&rsquo;Oeuvre<\/p>\n<div class=\"wptm_table tablesorter-bootstrap \" data-id=\"11\" data-hightlight=\"0\"><div class=\"wptm_buttons buttons_wptmTbl11\"><\/div><div class=\"wptmresponsive dataTables-wptmtable wptmtable \" id=\"wptmtable11\" data-tableid=\"wptmTbl11\"><table data-count-header=\"1\"  data-format-decimal_count=\"0\" data-format-decimal_symbol=\".\" data-format-symbol_position=\"0\" data-format-thousand_symbol=\",\"  data-format-currency_symbol=\"$\"  data-name-style=\"11_1759659864.css\" data-format=\"YYYY-MM-DD\" id=\"wptmTbl11\" data-id=\"11\" data-responsive=\"false\" data-hideCols=\"false\"  data-type=\"html\" data-paging=\"false\" data-searching=\"true\"  data-ordering=\"false\" data-table-breakpoint=\"980\" data-scroll-x=\"true\" data-scroll-collapse=\"true\" data-align=\"center\" data-range=\"[]\" data-hideColumn=\"[0,0,0,0,0,0]\"  data-colwidths=\"[190,190,190,190,190,190]\"  data-colwidths_desktop=[]  data-colwidths_tablet=[]  data-colwidths_mobile=[]  class=\"wptm_main_table  disablePager hideScrollHeader\"><colgroup><col data-dtr=\"0\" data-dtc=\"0\" class=\"dtc0\"><col data-dtr=\"0\" data-dtc=\"1\" class=\"dtc1\"><col data-dtr=\"0\" data-dtc=\"2\" class=\"dtc2\"><col data-dtr=\"0\" data-dtc=\"3\" class=\"dtc3\"><col data-dtr=\"0\" data-dtc=\"4\" class=\"dtc4\"><col data-dtr=\"0\" data-dtc=\"5\" class=\"dtc5\"><\/colgroup><thead><tr class=\"wptm-header-cells-index\"><th rowspan=\"1\" colspan=\"1\" data-dtr=\"0\" data-dtc=\"0\" class=\"dtr0 dtc0\"><\/th><th rowspan=\"1\" colspan=\"1\" data-dtr=\"0\" data-dtc=\"1\" class=\"dtr0 dtc1\"><\/th><th rowspan=\"1\" colspan=\"1\" data-dtr=\"0\" data-dtc=\"2\" class=\"dtr0 dtc2\"><\/th><th rowspan=\"1\" colspan=\"1\" data-dtr=\"0\" data-dtc=\"3\" class=\"dtr0 dtc3\"><\/th><th rowspan=\"1\" colspan=\"1\" data-dtr=\"0\" data-dtc=\"4\" class=\"dtr0 dtc4\"><\/th><th rowspan=\"1\" colspan=\"1\" data-dtr=\"0\" data-dtc=\"5\" class=\"dtr0 dtc5\"><\/th><\/tr><tr class=\" row0\"><th   data-priority=\"0\" class=\"dtr0 dtc0\"><\/th><th   data-priority=\"0\" class=\"dtr0 dtc1\">SMB 1.5<\/th><th   data-priority=\"0\" class=\"dtr0 dtc2\">SMB 2<\/th><th   data-priority=\"0\" class=\"dtr0 dtc3\">SMB 3.3<\/th><th   data-priority=\"0\" class=\"dtr0 dtc4\">SMB 3.5<\/th><th   data-priority=\"0\" class=\"dtr0 dtc5\">SMB 4<\/th><\/thead><tbody><tr class=\" row1\"><td    class=\"dtr1 dtc0\">Material<\/td><td  colspan=\"5\"   class=\"dtr1 dtc1\">Marine Grade Steel<\/td><td  style=\"display: none\"   class=\"dtr1 dtc2\"><\/td><td  style=\"display: none\"   class=\"dtr1 dtc3\"><\/td><td  style=\"display: none\"   class=\"dtr1 dtc4\"><\/td><td  style=\"display: none\"   class=\"dtr1 dtc5\"><\/td><\/tr><tr class=\" row2\"><td    class=\"dtr2 dtc0\">Diameter (m)<\/td><td    class=\"dtr2 dtc1\">1.5<\/td><td    class=\"dtr2 dtc2\">2<\/td><td    class=\"dtr2 dtc3\">3.3<\/td><td    class=\"dtr2 dtc4\">3.5<\/td><td    class=\"dtr2 dtc5\">4<\/td><\/tr><tr class=\" row3\"><td    class=\"dtr3 dtc0\">Height (m)<\/td><td    class=\"dtr3 dtc1\">1<\/td><td    class=\"dtr3 dtc2\">1.2<\/td><td    class=\"dtr3 dtc3\">1.8<\/td><td    class=\"dtr3 dtc4\">2<\/td><td    class=\"dtr3 dtc5\">2.2<\/td><\/tr><tr class=\" row4\"><td    class=\"dtr4 dtc0\">Buoyancy (t)<\/td><td    class=\"dtr4 dtc1\">1<\/td><td    class=\"dtr4 dtc2\">2<\/td><td    class=\"dtr4 dtc3\">12<\/td><td    class=\"dtr4 dtc4\">18<\/td><td    class=\"dtr4 dtc5\">21<\/td><\/tr><tr class=\" row5\"><td    class=\"dtr5 dtc0\">Suitable Water Depth (m)<\/td><td    class=\"dtr5 dtc1\">5-10<\/td><td    class=\"dtr5 dtc2\">10-15<\/td><td    class=\"dtr5 dtc3\">15-20<\/td><td    class=\"dtr5 dtc4\">20-25<\/td><td    class=\"dtr5 dtc5\">25-30<\/td><\/tr><tr class=\" row6\"><td    class=\"dtr6 dtc0\">Suitable Ship Tonnage (t)<\/td><td    class=\"dtr6 dtc1\">&lt;1800<\/td><td    class=\"dtr6 dtc2\">&lt;2000<\/td><td    class=\"dtr6 dtc3\">&lt;8000<\/td><td    class=\"dtr6 dtc4\">&lt;10000<\/td><td    class=\"dtr6 dtc5\">&lt;15000<\/td><\/tr><\/tbody><tfoot><tr><td class=\"dtr6 dtc0\" style=\"height: 0;\"><\/td><td class=\"dtr6 dtc1\" style=\"height: 0;\"><\/td><td class=\"dtr6 dtc2\" style=\"height: 0;\"><\/td><td class=\"dtr6 dtc3\" style=\"height: 0;\"><\/td><td class=\"dtr6 dtc4\" style=\"height: 0;\"><\/td><td class=\"dtr6 dtc5\" style=\"height: 0;\"><\/td><\/tr><\/tfoot><\/table><\/div><style>#wptmtable11 .dataTables_wrapper > .dataTables_scroll {max-height:500px;overflow: auto;}<\/style><script>window.wptm_ajaxurl = 'https:\/\/mavideniz.com.tr\/wp-admin\/admin-ajax.php?juwpfisadmin=false&action=Wptm&'; window.wptm_front = 'https:\/\/mavideniz.com.tr\/wp-content\/plugins\/wp-table-manager\/app\/site\/assets\/'; window.wptm_style = 'https:\/\/mavideniz.com.tr\/wp-content\/uploads\/wptm\/';<\/script><\/div><style><\/style>\n","protected":false},"excerpt":{"rendered":"<p>Les bou\u00e9es d&rsquo;amarrage en acier sont sp\u00e9cialement con\u00e7ues pour l&rsquo;amarrage des navires de la mani\u00e8re la plus \u00e9conomique. La bou\u00e9e [&hellip;]<\/p>\n","protected":false},"author":1,"featured_media":0,"parent":39542,"menu_order":0,"comment_status":"closed","ping_status":"closed","template":"","meta":{"site-sidebar-layout":"default","site-content-layout":"","ast-site-content-layout":"default","site-content-style":"default","site-sidebar-style":"default","ast-global-header-display":"","ast-banner-title-visibility":"","ast-main-header-display":"","ast-hfb-above-header-display":"","ast-hfb-below-header-display":"","ast-hfb-mobile-header-display":"","site-post-title":"","ast-breadcrumbs-content":"","ast-featured-img":"","footer-sml-layout":"","ast-disable-related-posts":"","theme-transparent-header-meta":"","adv-header-id-meta":"","stick-header-meta":"","header-above-stick-meta":"","header-main-stick-meta":"","header-below-stick-meta":"","astra-migrate-meta-layouts":"default","ast-page-background-enabled":"default","ast-page-background-meta":{"desktop":{"background-color":"var(--ast-global-color-5)","background-image":"","background-repeat":"repeat","background-position":"center center","background-size":"auto","background-attachment":"scroll","background-type":"","background-media":"","overlay-type":"","overlay-color":"","overlay-opacity":"","overlay-gradient":""},"tablet":{"background-color":"","background-image":"","background-repeat":"repeat","background-position":"center center","background-size":"auto","background-attachment":"scroll","background-type":"","background-media":"","overlay-type":"","overlay-color":"","overlay-opacity":"","overlay-gradient":""},"mobile":{"background-color":"","background-image":"","background-repeat":"repeat","background-position":"center center","background-size":"auto","background-attachment":"scroll","background-type":"","background-media":"","overlay-type":"","overlay-color":"","overlay-opacity":"","overlay-gradient":""}},"ast-content-background-meta":{"desktop":{"background-color":"var(--ast-global-color-4)","background-image":"","background-repeat":"repeat","background-position":"center center","background-size":"auto","background-attachment":"scroll","background-type":"","background-media":"","overlay-type":"","overlay-color":"","overlay-opacity":"","overlay-gradient":""},"tablet":{"background-color":"var(--ast-global-color-4)","background-image":"","background-repeat":"repeat","background-position":"center center","background-size":"auto","background-attachment":"scroll","background-type":"","background-media":"","overlay-type":"","overlay-color":"","overlay-opacity":"","overlay-gradient":""},"mobile":{"background-color":"var(--ast-global-color-4)","background-image":"","background-repeat":"repeat","background-position":"center center","background-size":"auto","background-attachment":"scroll","background-type":"","background-media":"","overlay-type":"","overlay-color":"","overlay-opacity":"","overlay-gradient":""}},"footnotes":""},"class_list":["post-39560","page","type-page","status-publish","hentry"],"_links":{"self":[{"href":"https:\/\/mavideniz.com.tr\/fr\/wp-json\/wp\/v2\/pages\/39560","targetHints":{"allow":["GET"]}}],"collection":[{"href":"https:\/\/mavideniz.com.tr\/fr\/wp-json\/wp\/v2\/pages"}],"about":[{"href":"https:\/\/mavideniz.com.tr\/fr\/wp-json\/wp\/v2\/types\/page"}],"author":[{"embeddable":true,"href":"https:\/\/mavideniz.com.tr\/fr\/wp-json\/wp\/v2\/users\/1"}],"replies":[{"embeddable":true,"href":"https:\/\/mavideniz.com.tr\/fr\/wp-json\/wp\/v2\/comments?post=39560"}],"version-history":[{"count":0,"href":"https:\/\/mavideniz.com.tr\/fr\/wp-json\/wp\/v2\/pages\/39560\/revisions"}],"up":[{"embeddable":true,"href":"https:\/\/mavideniz.com.tr\/fr\/wp-json\/wp\/v2\/pages\/39542"}],"wp:attachment":[{"href":"https:\/\/mavideniz.com.tr\/fr\/wp-json\/wp\/v2\/media?parent=39560"}],"curies":[{"name":"wp","href":"https:\/\/api.w.org\/{rel}","templated":true}]}}