{"id":39570,"date":"2022-10-09T15:42:05","date_gmt":"2022-10-09T15:42:05","guid":{"rendered":"https:\/\/mavideniz.com.tr\/?page_id=39570"},"modified":"2022-10-09T15:42:08","modified_gmt":"2022-10-09T15:42:08","slug":"systeme-de-traitement-des-eaux-de-cale","status":"publish","type":"page","link":"https:\/\/mavideniz.com.tr\/fr\/produits-industriels\/installations-environnementales-traitements\/systeme-de-traitement-des-eaux-de-cale\/","title":{"rendered":"Syst\u00e8me De Traitement Des Eaux De Cale"},"content":{"rendered":"\n<p>S\u00e9parateur d&rsquo;eau huileuse con\u00e7u pour s\u00e9parer l&rsquo;huile des m\u00e9langes d&rsquo;eau huileuse et de l&rsquo;\u00e9mulsion<\/p>\n<p><strong>L&rsquo;ANNEXE I DU R\u00c8GLEMENT MARPOL<\/strong> limite la teneur en hydrocarbures des eaux de cale que le navire peut l\u00e9gitimement rejeter en mer. La r\u00e9glementation Marpol exige que tous les navires et bateaux soient \u00e9quip\u00e9s d&rsquo;un syst\u00e8me de surveillance et de contr\u00f4le des rejets d&rsquo;hydrocarbures et d&rsquo;un \u00e9quipement de filtrage des hydrocarbures connu sous le nom de s\u00e9parateur d&rsquo;eau huileuse.<\/p>\n<p>S\u00e9parateur d&rsquo;eau huileuse <strong>se compose principalement de trois segments<\/strong><\/p>\n<ul>\n<li>Unit\u00e9 de s\u00e9paration<\/li>\n<li>Unit\u00e9 De Filtrage<\/li>\n<li>Unit\u00e9 de contr\u00f4le et de surveillance de la teneur en huile<\/li>\n<\/ul>\n<p><strong>Caract\u00e9ristiques<\/strong><\/p>\n<ul>\n<li>S\u00e9parateur d&rsquo;eau huileuse est un design compact<\/li>\n<li>S\u00e9parateur d&rsquo;eau huileuse est une d\u00e9charge d&rsquo;huile automatique<\/li>\n<li>Moniteur d&rsquo;alarme d&rsquo;huile dans l&rsquo;eau Rivertrace<\/li>\n<li>S\u00e9parateur d&rsquo;eau huileuse peut Arr\u00eat automatique ou ensemble de vanne de d\u00e9rivation<\/li>\n<li>S\u00e9parateur d&rsquo;eau huileuse est livraison rapide et service de pi\u00e8ces de rechange<\/li>\n<\/ul>\n<p>Le s\u00e9parateur d&rsquo;eau de cale doit \u00eatre certifi\u00e9 conform\u00e9ment \u00e0 :<\/p>\n<ul>\n<li>OMI &#8211; R\u00e9solution MEPC 107(49) 60(33).<\/li>\n<li>OMI &#8211; Directives r\u00e9vis\u00e9es pour la mise en oeuvre de l&rsquo;annexe IV de la convention MARPOL 73\/78<\/li>\n<li>Lloyd Register \/ Garde c\u00f4ti\u00e8re am\u00e9ricaine (USCG)<\/li>\n<li>Module d&rsquo;approbation MED B et F<\/li>\n<\/ul>\n<div class=\"wptm_table tablesorter-bootstrap \" data-id=\"120\" data-hightlight=\"0\"><div class=\"wptm_buttons buttons_wptmTbl120\"><\/div><div class=\"wptmresponsive dataTables-wptmtable wptmtable \" id=\"wptmtable120\" data-tableid=\"wptmTbl120\"><table data-count-header=\"1\"  data-format-decimal_count=\"0\" data-format-decimal_symbol=\".\" data-format-symbol_position=\"0\" data-format-thousand_symbol=\",\"  data-format-currency_symbol=\"$\"  data-name-style=\"120_1759712939.css\" data-format=\"YYYY-MM-DD\" id=\"wptmTbl120\" data-id=\"120\" data-responsive=\"false\" data-hideCols=\"false\"  data-type=\"html\" data-paging=\"false\" data-searching=\"true\"  data-ordering=\"false\" data-table-breakpoint=\"980\" data-scroll-x=\"true\" data-scroll-collapse=\"true\" data-align=\"center\" data-range=\"[]\" data-hideColumn=\"[0,0,0,0]\"  data-colwidths=\"[285,285,285,285]\"  data-colwidths_desktop=[]  data-colwidths_tablet=[]  data-colwidths_mobile=[]  class=\"wptm_main_table  disablePager hideScrollHeader\"><colgroup><col data-dtr=\"0\" data-dtc=\"0\" class=\"dtc0\"><col data-dtr=\"0\" data-dtc=\"1\" class=\"dtc1\"><col data-dtr=\"0\" data-dtc=\"2\" class=\"dtc2\"><col data-dtr=\"0\" data-dtc=\"3\" class=\"dtc3\"><\/colgroup><thead><tr class=\"wptm-header-cells-index\"><th rowspan=\"1\" colspan=\"1\" data-dtr=\"0\" data-dtc=\"0\" class=\"dtr0 dtc0\"><\/th><th rowspan=\"1\" colspan=\"1\" data-dtr=\"0\" data-dtc=\"1\" class=\"dtr0 dtc1\"><\/th><th rowspan=\"1\" colspan=\"1\" data-dtr=\"0\" data-dtc=\"2\" class=\"dtr0 dtc2\"><\/th><th rowspan=\"1\" colspan=\"1\" data-dtr=\"0\" data-dtc=\"3\" class=\"dtr0 dtc3\"><\/th><\/tr><tr class=\" row0\"><th   data-priority=\"0\" class=\"dtr0 dtc0\"><\/th><th   data-priority=\"0\" class=\"dtr0 dtc1\">BOWS 750<\/th><th   data-priority=\"0\" class=\"dtr0 dtc2\">BOWS 1000<\/th><th   data-priority=\"0\" class=\"dtr0 dtc3\">BOWS 2000<\/th><\/thead><tbody><tr class=\" row1\"><td    class=\"dtr1 dtc0\">Capacity ( lt \/ H )<\/td><td    class=\"dtr1 dtc1\">750<\/td><td    class=\"dtr1 dtc2\">1000<\/td><td    class=\"dtr1 dtc3\">1500<\/td><\/tr><tr class=\" row2\"><td    class=\"dtr2 dtc0\">Electric Consumption ( KW )<\/td><td    class=\"dtr2 dtc1\">0.37<\/td><td    class=\"dtr2 dtc2\">0.75<\/td><td    class=\"dtr2 dtc3\">0.95<\/td><\/tr><tr class=\" row3\"><td    class=\"dtr3 dtc0\">Operational Weight ( kg )<\/td><td    class=\"dtr3 dtc1\">760<\/td><td    class=\"dtr3 dtc2\">1160<\/td><td    class=\"dtr3 dtc3\">1360<\/td><\/tr><tr class=\" row4\"><td    class=\"dtr4 dtc0\">Dimension<\/td><td    class=\"dtr4 dtc1\">6000 x 5000 x 1320<\/td><td    class=\"dtr4 dtc2\">7000 x 6000 x 1500<\/td><td    class=\"dtr4 dtc3\">7500 x 7000 x 1600<\/td><\/tr><\/tbody><tfoot><tr><td class=\"dtr4 dtc0\" style=\"height: 0;\"><\/td><td class=\"dtr4 dtc1\" style=\"height: 0;\"><\/td><td class=\"dtr4 dtc2\" style=\"height: 0;\"><\/td><td class=\"dtr4 dtc3\" style=\"height: 0;\"><\/td><\/tr><\/tfoot><\/table><\/div><style>#wptmtable120 .dataTables_wrapper > .dataTables_scroll {max-height:500px;overflow: auto;}<\/style><script>window.wptm_ajaxurl = 'https:\/\/mavideniz.com.tr\/wp-admin\/admin-ajax.php?juwpfisadmin=false&action=Wptm&'; window.wptm_front = 'https:\/\/mavideniz.com.tr\/wp-content\/plugins\/wp-table-manager\/app\/site\/assets\/'; window.wptm_style = 'https:\/\/mavideniz.com.tr\/wp-content\/uploads\/wptm\/';<\/script><\/div><style><\/style>\n","protected":false},"excerpt":{"rendered":"<p>S\u00e9parateur d&rsquo;eau huileuse con\u00e7u pour s\u00e9parer l&rsquo;huile des m\u00e9langes d&rsquo;eau huileuse et de l&rsquo;\u00e9mulsion L&rsquo;ANNEXE I DU R\u00c8GLEMENT MARPOL limite [&hellip;]<\/p>\n","protected":false},"author":1,"featured_media":0,"parent":39564,"menu_order":0,"comment_status":"closed","ping_status":"closed","template":"","meta":{"site-sidebar-layout":"default","site-content-layout":"","ast-site-content-layout":"default","site-content-style":"default","site-sidebar-style":"default","ast-global-header-display":"","ast-banner-title-visibility":"","ast-main-header-display":"","ast-hfb-above-header-display":"","ast-hfb-below-header-display":"","ast-hfb-mobile-header-display":"","site-post-title":"","ast-breadcrumbs-content":"","ast-featured-img":"","footer-sml-layout":"","ast-disable-related-posts":"","theme-transparent-header-meta":"","adv-header-id-meta":"","stick-header-meta":"","header-above-stick-meta":"","header-main-stick-meta":"","header-below-stick-meta":"","astra-migrate-meta-layouts":"default","ast-page-background-enabled":"default","ast-page-background-meta":{"desktop":{"background-color":"var(--ast-global-color-5)","background-image":"","background-repeat":"repeat","background-position":"center center","background-size":"auto","background-attachment":"scroll","background-type":"","background-media":"","overlay-type":"","overlay-color":"","overlay-opacity":"","overlay-gradient":""},"tablet":{"background-color":"","background-image":"","background-repeat":"repeat","background-position":"center center","background-size":"auto","background-attachment":"scroll","background-type":"","background-media":"","overlay-type":"","overlay-color":"","overlay-opacity":"","overlay-gradient":""},"mobile":{"background-color":"","background-image":"","background-repeat":"repeat","background-position":"center center","background-size":"auto","background-attachment":"scroll","background-type":"","background-media":"","overlay-type":"","overlay-color":"","overlay-opacity":"","overlay-gradient":""}},"ast-content-background-meta":{"desktop":{"background-color":"var(--ast-global-color-4)","background-image":"","background-repeat":"repeat","background-position":"center center","background-size":"auto","background-attachment":"scroll","background-type":"","background-media":"","overlay-type":"","overlay-color":"","overlay-opacity":"","overlay-gradient":""},"tablet":{"background-color":"var(--ast-global-color-4)","background-image":"","background-repeat":"repeat","background-position":"center center","background-size":"auto","background-attachment":"scroll","background-type":"","background-media":"","overlay-type":"","overlay-color":"","overlay-opacity":"","overlay-gradient":""},"mobile":{"background-color":"var(--ast-global-color-4)","background-image":"","background-repeat":"repeat","background-position":"center center","background-size":"auto","background-attachment":"scroll","background-type":"","background-media":"","overlay-type":"","overlay-color":"","overlay-opacity":"","overlay-gradient":""}},"footnotes":""},"class_list":["post-39570","page","type-page","status-publish","hentry"],"_links":{"self":[{"href":"https:\/\/mavideniz.com.tr\/fr\/wp-json\/wp\/v2\/pages\/39570","targetHints":{"allow":["GET"]}}],"collection":[{"href":"https:\/\/mavideniz.com.tr\/fr\/wp-json\/wp\/v2\/pages"}],"about":[{"href":"https:\/\/mavideniz.com.tr\/fr\/wp-json\/wp\/v2\/types\/page"}],"author":[{"embeddable":true,"href":"https:\/\/mavideniz.com.tr\/fr\/wp-json\/wp\/v2\/users\/1"}],"replies":[{"embeddable":true,"href":"https:\/\/mavideniz.com.tr\/fr\/wp-json\/wp\/v2\/comments?post=39570"}],"version-history":[{"count":0,"href":"https:\/\/mavideniz.com.tr\/fr\/wp-json\/wp\/v2\/pages\/39570\/revisions"}],"up":[{"embeddable":true,"href":"https:\/\/mavideniz.com.tr\/fr\/wp-json\/wp\/v2\/pages\/39564"}],"wp:attachment":[{"href":"https:\/\/mavideniz.com.tr\/fr\/wp-json\/wp\/v2\/media?parent=39570"}],"curies":[{"name":"wp","href":"https:\/\/api.w.org\/{rel}","templated":true}]}}