{"id":39575,"date":"2022-10-09T15:43:24","date_gmt":"2022-10-09T15:43:24","guid":{"rendered":"https:\/\/mavideniz.com.tr\/?page_id=39575"},"modified":"2022-10-09T15:43:27","modified_gmt":"2022-10-09T15:43:27","slug":"traitement-des-eaux-usees-marines","status":"publish","type":"page","link":"https:\/\/mavideniz.com.tr\/fr\/produits-industriels\/installations-environnementales-traitements\/traitement-des-eaux-usees-marines\/","title":{"rendered":"Traitement des eaux us\u00e9es marines"},"content":{"rendered":"\n<p>Le traitement des eaux us\u00e9es marines est approuv\u00e9 pour les eaux marines et terrestres. Toute combinaison d&rsquo;eau douce et sal\u00e9e, WC \/ Douches, toilettes, buanderie, cuisine.<\/p>\n<p>Rejeter les eaux us\u00e9es produites \u00e0 bord d&rsquo;un navire est l&rsquo;une des rares t\u00e2ches qui devrait \u00eatre prise en charge avec le plus grand soin si l&rsquo;on veut le sauver, lui et sa compagnie maritime, d&rsquo;une lourde amende. Les eaux us\u00e9es produites sur le navire ne peuvent pas \u00eatre stock\u00e9es tr\u00e8s longtemps, elles doivent donc \u00eatre rejet\u00e9es \u00e0 la mer.<\/p>\n<p>Bien que les eaux us\u00e9es puissent \u00eatre d\u00e9vers\u00e9es dans la mer, nous ne pouvons pas les rejeter directement par-dessus bord car certaines r\u00e9glementations concernant l&rsquo;\u00e9vacuation des eaux us\u00e9es doivent \u00eatre respect\u00e9es. Les eaux us\u00e9es de l&rsquo;oc\u00e9an sont g\u00e9n\u00e9ralement les d\u00e9chets produits par les toilettes, les urinoirs et les dalots des toilettes. Les r\u00e8gles stipulent que les eaux us\u00e9es ne peuvent \u00eatre rejet\u00e9es dans l&rsquo;eau de mer qu&rsquo;apr\u00e8s avoir \u00e9t\u00e9 trait\u00e9es, et la distance du navire est de quatre milles nautiques de la terre la plus proche.<\/p>\n<p>Mais si les eaux us\u00e9es ne sont pas trait\u00e9es, elles peuvent \u00eatre rejet\u00e9es \u00e0 12 milles marins de la terre la plus proche. De plus, les eaux us\u00e9es rejet\u00e9es ne devraient pas produire de solides flottants visibles ni causer de d\u00e9coloration de l&rsquo;eau environnante. Les d\u00e9tails de la r\u00e9glementation sur les rejets d&rsquo;eaux us\u00e9es se trouvent \u00e0 l&rsquo;annexe IV de la convention MARPOL.<\/p>\n<p>La station d&rsquo;\u00e9puration des eaux us\u00e9es marines est certifi\u00e9e conform\u00e9ment \u00e0 :<\/p>\n<ul>\n<li>USCG sous 33 CFR Part 159<\/li>\n<li>OMI &#8211; R\u00e9solution MEPC (VI)<\/li>\n<li>OMI &#8211; Directives r\u00e9vis\u00e9es pour la mise en oeuvre de l&rsquo;annexe IV de la convention MARPOL 73\/78<\/li>\n<li>registre du Lloyd<\/li>\n<\/ul>\n<div class=\"wptm_table tablesorter-bootstrap \" data-id=\"117\" data-hightlight=\"0\"><div class=\"wptm_buttons buttons_wptmTbl117\"><\/div><div class=\"wptmresponsive dataTables-wptmtable wptmtable \" id=\"wptmtable117\" data-tableid=\"wptmTbl117\"><table data-count-header=\"1\"  data-format-decimal_count=\"0\" data-format-decimal_symbol=\".\" data-format-symbol_position=\"0\" data-format-thousand_symbol=\",\"  data-format-currency_symbol=\"$\"  data-name-style=\"117_1759712741.css\" data-format=\"YYYY-MM-DD\" id=\"wptmTbl117\" data-id=\"117\" data-responsive=\"false\" data-hideCols=\"false\"  data-type=\"html\" data-paging=\"false\" data-searching=\"true\"  data-ordering=\"false\" data-table-breakpoint=\"980\" data-scroll-x=\"true\" data-scroll-collapse=\"true\" data-align=\"center\" data-range=\"[]\" data-hideColumn=\"[0,0,0,0,0,0,0,0]\"  data-colwidths=\"[142,142,142,142,142,142,142,142]\"  data-colwidths_desktop=[]  data-colwidths_tablet=[]  data-colwidths_mobile=[]  class=\"wptm_main_table  disablePager hideScrollHeader\"><colgroup><col data-dtr=\"0\" data-dtc=\"0\" class=\"dtc0\"><col data-dtr=\"0\" data-dtc=\"1\" class=\"dtc1\"><col data-dtr=\"0\" data-dtc=\"2\" class=\"dtc2\"><col data-dtr=\"0\" data-dtc=\"3\" class=\"dtc3\"><col data-dtr=\"0\" data-dtc=\"4\" class=\"dtc4\"><col data-dtr=\"0\" data-dtc=\"5\" class=\"dtc5\"><col data-dtr=\"0\" data-dtc=\"6\" class=\"dtc6\"><col data-dtr=\"0\" data-dtc=\"7\" class=\"dtc7\"><\/colgroup><thead><tr class=\"wptm-header-cells-index\"><th rowspan=\"1\" colspan=\"1\" data-dtr=\"0\" data-dtc=\"0\" class=\"dtr0 dtc0\"><\/th><th rowspan=\"1\" colspan=\"1\" data-dtr=\"0\" data-dtc=\"1\" class=\"dtr0 dtc1\"><\/th><th rowspan=\"1\" colspan=\"1\" data-dtr=\"0\" data-dtc=\"2\" class=\"dtr0 dtc2\"><\/th><th rowspan=\"1\" colspan=\"1\" data-dtr=\"0\" data-dtc=\"3\" class=\"dtr0 dtc3\"><\/th><th rowspan=\"1\" colspan=\"1\" data-dtr=\"0\" data-dtc=\"4\" class=\"dtr0 dtc4\"><\/th><th rowspan=\"1\" colspan=\"1\" data-dtr=\"0\" data-dtc=\"5\" class=\"dtr0 dtc5\"><\/th><th rowspan=\"1\" colspan=\"1\" data-dtr=\"0\" data-dtc=\"6\" class=\"dtr0 dtc6\"><\/th><th rowspan=\"1\" colspan=\"1\" data-dtr=\"0\" data-dtc=\"7\" class=\"dtr0 dtc7\"><\/th><\/tr><tr class=\" row0\"><th   data-priority=\"0\" class=\"dtr0 dtc0\"><\/th><th   data-priority=\"0\" class=\"dtr0 dtc1\">BSTP 15<\/th><th   data-priority=\"0\" class=\"dtr0 dtc2\">BSTP 25<\/th><th   data-priority=\"0\" class=\"dtr0 dtc3\">BSTP 30<\/th><th   data-priority=\"0\" class=\"dtr0 dtc4\">BSTP 50<\/th><th   data-priority=\"0\" class=\"dtr0 dtc5\">BSTP 65<\/th><th   data-priority=\"0\" class=\"dtr0 dtc6\">BSTP 80<\/th><th   data-priority=\"0\" class=\"dtr0 dtc7\">BSTP 105<\/th><\/thead><tbody><tr class=\" row1\"><td    class=\"dtr1 dtc0\">Person<\/td><td    class=\"dtr1 dtc1\">15<\/td><td    class=\"dtr1 dtc2\">25<\/td><td    class=\"dtr1 dtc3\">30<\/td><td    class=\"dtr1 dtc4\">50<\/td><td    class=\"dtr1 dtc5\">65<\/td><td    class=\"dtr1 dtc6\">80<\/td><td    class=\"dtr1 dtc7\">105<\/td><\/tr><tr class=\" row2\"><td    class=\"dtr2 dtc0\">Hydraulic Load ( lt\/day )<\/td><td    class=\"dtr2 dtc1\">1380<\/td><td    class=\"dtr2 dtc2\">2000<\/td><td    class=\"dtr2 dtc3\">2600<\/td><td    class=\"dtr2 dtc4\">4000<\/td><td    class=\"dtr2 dtc5\">5400<\/td><td    class=\"dtr2 dtc6\">6700<\/td><td    class=\"dtr2 dtc7\">8700<\/td><\/tr><tr class=\" row3\"><td    class=\"dtr3 dtc0\">BOD5 Load ( kg\/day )<\/td><td    class=\"dtr3 dtc1\">759<\/td><td    class=\"dtr3 dtc2\">1100<\/td><td    class=\"dtr3 dtc3\">1430<\/td><td    class=\"dtr3 dtc4\">2200<\/td><td    class=\"dtr3 dtc5\">2970<\/td><td    class=\"dtr3 dtc6\">3685<\/td><td    class=\"dtr3 dtc7\">4785<\/td><\/tr><tr class=\" row4\"><td    class=\"dtr4 dtc0\">Electric Consumption (KW) <\/td><td    class=\"dtr4 dtc1\">2.38<\/td><td    class=\"dtr4 dtc2\">2.58<\/td><td    class=\"dtr4 dtc3\">2.58<\/td><td    class=\"dtr4 dtc4\">2.75<\/td><td    class=\"dtr4 dtc5\">3.1<\/td><td    class=\"dtr4 dtc6\">4.2<\/td><td    class=\"dtr4 dtc7\">4.2<\/td><\/tr><tr class=\" row5\"><td    class=\"dtr5 dtc0\">Operational Weight ( kg )<\/td><td    class=\"dtr5 dtc1\">3200<\/td><td    class=\"dtr5 dtc2\">3695<\/td><td    class=\"dtr5 dtc3\">4425<\/td><td    class=\"dtr5 dtc4\">6630<\/td><td    class=\"dtr5 dtc5\">9476<\/td><td    class=\"dtr5 dtc6\">10295<\/td><td    class=\"dtr5 dtc7\">14130<\/td><\/tr><tr class=\" row6\"><td    class=\"dtr6 dtc0\">Dimension<\/td><td    class=\"dtr6 dtc1\">1538 x 2580 x 1320<\/td><td    class=\"dtr6 dtc2\">1818 x 2249 x 1699<\/td><td    class=\"dtr6 dtc3\">1926 x 2349 x 1809<\/td><td    class=\"dtr6 dtc4\">2068 x 2619 x 2049<\/td><td    class=\"dtr6 dtc5\">2021 x 3528 x 1904<\/td><td    class=\"dtr6 dtc6\">2021 x 3527 x 2040<\/td><td    class=\"dtr6 dtc7\">2200 x 4701 x2096<\/td><\/tr><\/tbody><tfoot><tr><td class=\"dtr6 dtc0\" style=\"height: 0;\"><\/td><td class=\"dtr6 dtc1\" style=\"height: 0;\"><\/td><td class=\"dtr6 dtc2\" style=\"height: 0;\"><\/td><td class=\"dtr6 dtc3\" style=\"height: 0;\"><\/td><td class=\"dtr6 dtc4\" style=\"height: 0;\"><\/td><td class=\"dtr6 dtc5\" style=\"height: 0;\"><\/td><td class=\"dtr6 dtc6\" style=\"height: 0;\"><\/td><td class=\"dtr6 dtc7\" style=\"height: 0;\"><\/td><\/tr><\/tfoot><\/table><\/div><style>#wptmtable117 .dataTables_wrapper > .dataTables_scroll {max-height:500px;overflow: auto;}<\/style><script>window.wptm_ajaxurl = 'https:\/\/mavideniz.com.tr\/wp-admin\/admin-ajax.php?juwpfisadmin=false&action=Wptm&'; window.wptm_front = 'https:\/\/mavideniz.com.tr\/wp-content\/plugins\/wp-table-manager\/app\/site\/assets\/'; window.wptm_style = 'https:\/\/mavideniz.com.tr\/wp-content\/uploads\/wptm\/';<\/script><\/div><style><\/style>\n","protected":false},"excerpt":{"rendered":"<p>Le traitement des eaux us\u00e9es marines est approuv\u00e9 pour les eaux marines et terrestres. Toute combinaison d&rsquo;eau douce et sal\u00e9e, [&hellip;]<\/p>\n","protected":false},"author":1,"featured_media":0,"parent":39564,"menu_order":0,"comment_status":"closed","ping_status":"closed","template":"","meta":{"site-sidebar-layout":"default","site-content-layout":"","ast-site-content-layout":"default","site-content-style":"default","site-sidebar-style":"default","ast-global-header-display":"","ast-banner-title-visibility":"","ast-main-header-display":"","ast-hfb-above-header-display":"","ast-hfb-below-header-display":"","ast-hfb-mobile-header-display":"","site-post-title":"","ast-breadcrumbs-content":"","ast-featured-img":"","footer-sml-layout":"","ast-disable-related-posts":"","theme-transparent-header-meta":"","adv-header-id-meta":"","stick-header-meta":"","header-above-stick-meta":"","header-main-stick-meta":"","header-below-stick-meta":"","astra-migrate-meta-layouts":"default","ast-page-background-enabled":"default","ast-page-background-meta":{"desktop":{"background-color":"var(--ast-global-color-5)","background-image":"","background-repeat":"repeat","background-position":"center center","background-size":"auto","background-attachment":"scroll","background-type":"","background-media":"","overlay-type":"","overlay-color":"","overlay-opacity":"","overlay-gradient":""},"tablet":{"background-color":"","background-image":"","background-repeat":"repeat","background-position":"center center","background-size":"auto","background-attachment":"scroll","background-type":"","background-media":"","overlay-type":"","overlay-color":"","overlay-opacity":"","overlay-gradient":""},"mobile":{"background-color":"","background-image":"","background-repeat":"repeat","background-position":"center center","background-size":"auto","background-attachment":"scroll","background-type":"","background-media":"","overlay-type":"","overlay-color":"","overlay-opacity":"","overlay-gradient":""}},"ast-content-background-meta":{"desktop":{"background-color":"var(--ast-global-color-4)","background-image":"","background-repeat":"repeat","background-position":"center center","background-size":"auto","background-attachment":"scroll","background-type":"","background-media":"","overlay-type":"","overlay-color":"","overlay-opacity":"","overlay-gradient":""},"tablet":{"background-color":"var(--ast-global-color-4)","background-image":"","background-repeat":"repeat","background-position":"center center","background-size":"auto","background-attachment":"scroll","background-type":"","background-media":"","overlay-type":"","overlay-color":"","overlay-opacity":"","overlay-gradient":""},"mobile":{"background-color":"var(--ast-global-color-4)","background-image":"","background-repeat":"repeat","background-position":"center center","background-size":"auto","background-attachment":"scroll","background-type":"","background-media":"","overlay-type":"","overlay-color":"","overlay-opacity":"","overlay-gradient":""}},"footnotes":""},"class_list":["post-39575","page","type-page","status-publish","hentry"],"_links":{"self":[{"href":"https:\/\/mavideniz.com.tr\/fr\/wp-json\/wp\/v2\/pages\/39575","targetHints":{"allow":["GET"]}}],"collection":[{"href":"https:\/\/mavideniz.com.tr\/fr\/wp-json\/wp\/v2\/pages"}],"about":[{"href":"https:\/\/mavideniz.com.tr\/fr\/wp-json\/wp\/v2\/types\/page"}],"author":[{"embeddable":true,"href":"https:\/\/mavideniz.com.tr\/fr\/wp-json\/wp\/v2\/users\/1"}],"replies":[{"embeddable":true,"href":"https:\/\/mavideniz.com.tr\/fr\/wp-json\/wp\/v2\/comments?post=39575"}],"version-history":[{"count":0,"href":"https:\/\/mavideniz.com.tr\/fr\/wp-json\/wp\/v2\/pages\/39575\/revisions"}],"up":[{"embeddable":true,"href":"https:\/\/mavideniz.com.tr\/fr\/wp-json\/wp\/v2\/pages\/39564"}],"wp:attachment":[{"href":"https:\/\/mavideniz.com.tr\/fr\/wp-json\/wp\/v2\/media?parent=39575"}],"curies":[{"name":"wp","href":"https:\/\/api.w.org\/{rel}","templated":true}]}}