{"id":39579,"date":"2022-10-09T15:47:46","date_gmt":"2022-10-09T15:47:46","guid":{"rendered":"https:\/\/mavideniz.com.tr\/?page_id=39579"},"modified":"2022-10-09T15:47:50","modified_gmt":"2022-10-09T15:47:50","slug":"installation-de-reception-des-dechets-marpol","status":"publish","type":"page","link":"https:\/\/mavideniz.com.tr\/fr\/produits-industriels\/installations-environnementales-traitements\/installation-de-reception-des-dechets-marpol\/","title":{"rendered":"Installation de r\u00e9ception des d\u00e9chets Marpol"},"content":{"rendered":"\n<p>La station d&rsquo;acceptation des d\u00e9chets est une installation o\u00f9 les eaux de cale, les eaux us\u00e9es, les boues, les talus, les huiles us\u00e9es et les d\u00e9chets des navires qui sont venus aux ports \u00e0 des fins de chargement et de d\u00e9chargement sont re\u00e7us et s\u00e9par\u00e9s en diff\u00e9rents conteneurs conform\u00e9ment au R\u00e8glement sur la collecte des d\u00e9chets dans les navires et le contr\u00f4le des d\u00e9chets. Dans le cadre de l&rsquo;Annexe-I de la L.A.R.P.O.L., les eaux de cale seront ass\u00e9ch\u00e9es dans notre station d&rsquo;acceptation des d\u00e9chets ; les eaux r\u00e9siduaires seront trait\u00e9es dans notre usine. Selon les dispositions (R\u00e8glement pour la lutte contre la pollution de l&rsquo;eau), il sera d\u00e9charg\u00e9 dispositions (R\u00e8glement pour la lutte contre la pollution de l&rsquo;eau) S.K.K.Y. Boues, huiles us\u00e9es et eaux de cale ass\u00e9ch\u00e9es seront \u00e9limin\u00e9s dans les installations agr\u00e9\u00e9es.<\/p>\n<p>Les d\u00e9chets assujettis \u00e0 l&rsquo;annexe V du L.A.R.P.O.M. seront envoy\u00e9s \u00e0 une zone de traitement de d\u00e9p\u00f4t de d\u00e9chets solides.<\/p>\n<p><strong>L&rsquo;usine de transformation se divise en deux sections :<\/strong><\/p>\n<p>La section des d\u00e9chets solides est l&rsquo;endroit o\u00f9 tous les d\u00e9chets domestiques collect\u00e9s \u00e0 partir du navire sont encore s\u00e9par\u00e9s et trait\u00e9s pour produire des mat\u00e9riaux recyclables de haute qualit\u00e9. Nous avons une installation de r\u00e9cup\u00e9ration des mat\u00e9riaux (MRF) o\u00f9 tous les d\u00e9chets passent sur une bande transporteuse et sont divis\u00e9s en diverses cat\u00e9gories : papier, carton, plastique, canettes, bouteilles en verre et \u00ab d\u00e9chets contamin\u00e9s non recyclables \u00bb.<\/p>\n<p>Les d\u00e9chets contamin\u00e9s non recyclables, le cas \u00e9ch\u00e9ant, sont plac\u00e9s dans les incin\u00e9rateurs G \u00e9quip\u00e9s de tours d&rsquo;\u00e9puration garantissant que les gaz de combustion \u00e9vacu\u00e9s respectent des niveaux d&rsquo;\u00e9missions nationaux et internationaux stricts. Les incin\u00e9rateurs respectent les normes environnementales de l&rsquo;Union europ\u00e9enne, qui sont extr\u00eamement strictes.<\/p>\n<div class=\"wptm_table tablesorter-bootstrap \" data-id=\"118\" data-hightlight=\"0\"><div class=\"wptm_buttons buttons_wptmTbl118\"><\/div><div class=\"wptmresponsive dataTables-wptmtable wptmtable \" id=\"wptmtable118\" data-tableid=\"wptmTbl118\"><table data-count-header=\"1\"  data-format-decimal_count=\"0\" data-format-decimal_symbol=\".\" data-format-symbol_position=\"0\" data-format-thousand_symbol=\",\"  data-format-currency_symbol=\"$\"  data-name-style=\"118_1759712804.css\" data-format=\"YYYY-MM-DD\" id=\"wptmTbl118\" data-id=\"118\" data-responsive=\"false\" data-hideCols=\"false\"  data-type=\"html\" data-paging=\"false\" data-searching=\"true\"  data-ordering=\"false\" data-table-breakpoint=\"980\" data-scroll-x=\"true\" data-scroll-collapse=\"true\" data-align=\"center\" data-range=\"[]\" data-hideColumn=\"[0,0,0,0,0,0,0]\"  data-colwidths=\"[162,162,162,162,162,162,162]\"  data-colwidths_desktop=[]  data-colwidths_tablet=[]  data-colwidths_mobile=[]  class=\"wptm_main_table  disablePager hideScrollHeader\"><colgroup><col data-dtr=\"0\" data-dtc=\"0\" class=\"dtc0\"><col data-dtr=\"0\" data-dtc=\"1\" class=\"dtc1\"><col data-dtr=\"0\" data-dtc=\"2\" class=\"dtc2\"><col data-dtr=\"0\" data-dtc=\"3\" class=\"dtc3\"><col data-dtr=\"0\" data-dtc=\"4\" class=\"dtc4\"><col data-dtr=\"0\" data-dtc=\"5\" class=\"dtc5\"><col data-dtr=\"0\" data-dtc=\"6\" class=\"dtc6\"><\/colgroup><thead><tr class=\"wptm-header-cells-index\"><th rowspan=\"1\" colspan=\"1\" data-dtr=\"0\" data-dtc=\"0\" class=\"dtr0 dtc0\"><\/th><th rowspan=\"1\" colspan=\"1\" data-dtr=\"0\" data-dtc=\"1\" class=\"dtr0 dtc1\"><\/th><th rowspan=\"1\" colspan=\"1\" data-dtr=\"0\" data-dtc=\"2\" class=\"dtr0 dtc2\"><\/th><th rowspan=\"1\" colspan=\"1\" data-dtr=\"0\" data-dtc=\"3\" class=\"dtr0 dtc3\"><\/th><th rowspan=\"1\" colspan=\"1\" data-dtr=\"0\" data-dtc=\"4\" class=\"dtr0 dtc4\"><\/th><th rowspan=\"1\" colspan=\"1\" data-dtr=\"0\" data-dtc=\"5\" class=\"dtr0 dtc5\"><\/th><th rowspan=\"1\" colspan=\"1\" data-dtr=\"0\" data-dtc=\"6\" class=\"dtr0 dtc6\"><\/th><\/tr><tr class=\" row0\"><th   data-priority=\"0\" class=\"dtr0 dtc0\"><\/th><th   data-priority=\"0\" class=\"dtr0 dtc1\">TP 1<\/th><th   data-priority=\"0\" class=\"dtr0 dtc2\">TP 5<\/th><th   data-priority=\"0\" class=\"dtr0 dtc3\">TP 10<\/th><th   data-priority=\"0\" class=\"dtr0 dtc4\">TP 15<\/th><th   data-priority=\"0\" class=\"dtr0 dtc5\">TP 20<\/th><th   data-priority=\"0\" class=\"dtr0 dtc6\">TP 25<\/th><\/thead><tbody><tr class=\" row1\"><td    class=\"dtr1 dtc0\">Capacity<\/td><td    class=\"dtr1 dtc1\">1 m3\/hr<\/td><td    class=\"dtr1 dtc2\">5 m3\/hr<\/td><td    class=\"dtr1 dtc3\">10 m3\/hr<\/td><td    class=\"dtr1 dtc4\">15 m3\/hr<\/td><td    class=\"dtr1 dtc5\">20 m3\/hr<\/td><td    class=\"dtr1 dtc6\">25 m3\/hr<\/td><\/tr><tr class=\" row2\"><td    class=\"dtr2 dtc0\">Storage Tanks<\/td><td  colspan=\"6\"   class=\"dtr2 dtc1\">1 m3 to 2.000 m3 ( Optional )<\/td><td  style=\"display: none\"   class=\"dtr2 dtc2\"><\/td><td  style=\"display: none\"   class=\"dtr2 dtc3\"><\/td><td  style=\"display: none\"   class=\"dtr2 dtc4\"><\/td><td  style=\"display: none\"   class=\"dtr2 dtc5\"><\/td><td  style=\"display: none\"   class=\"dtr2 dtc6\"><\/td><\/tr><\/tbody><tfoot><tr><td class=\"dtr2 dtc0\" style=\"height: 0;\"><\/td><td class=\"dtr2 dtc1\" style=\"height: 0;\"><\/td><td class=\"dtr2 dtc2\" style=\"height: 0;\"><\/td><td class=\"dtr2 dtc3\" style=\"height: 0;\"><\/td><td class=\"dtr2 dtc4\" style=\"height: 0;\"><\/td><td class=\"dtr2 dtc5\" style=\"height: 0;\"><\/td><td class=\"dtr2 dtc6\" style=\"height: 0;\"><\/td><\/tr><\/tfoot><\/table><\/div><style>#wptmtable118 .dataTables_wrapper > .dataTables_scroll {max-height:500px;overflow: auto;}<\/style><script>window.wptm_ajaxurl = 'https:\/\/mavideniz.com.tr\/wp-admin\/admin-ajax.php?juwpfisadmin=false&action=Wptm&'; window.wptm_front = 'https:\/\/mavideniz.com.tr\/wp-content\/plugins\/wp-table-manager\/app\/site\/assets\/'; window.wptm_style = 'https:\/\/mavideniz.com.tr\/wp-content\/uploads\/wptm\/';<\/script><\/div><style><\/style>\n","protected":false},"excerpt":{"rendered":"<p>La station d&rsquo;acceptation des d\u00e9chets est une installation o\u00f9 les eaux de cale, les eaux us\u00e9es, les boues, les talus, [&hellip;]<\/p>\n","protected":false},"author":1,"featured_media":0,"parent":39564,"menu_order":0,"comment_status":"closed","ping_status":"closed","template":"","meta":{"site-sidebar-layout":"default","site-content-layout":"","ast-site-content-layout":"default","site-content-style":"default","site-sidebar-style":"default","ast-global-header-display":"","ast-banner-title-visibility":"","ast-main-header-display":"","ast-hfb-above-header-display":"","ast-hfb-below-header-display":"","ast-hfb-mobile-header-display":"","site-post-title":"","ast-breadcrumbs-content":"","ast-featured-img":"","footer-sml-layout":"","ast-disable-related-posts":"","theme-transparent-header-meta":"","adv-header-id-meta":"","stick-header-meta":"","header-above-stick-meta":"","header-main-stick-meta":"","header-below-stick-meta":"","astra-migrate-meta-layouts":"default","ast-page-background-enabled":"default","ast-page-background-meta":{"desktop":{"background-color":"var(--ast-global-color-5)","background-image":"","background-repeat":"repeat","background-position":"center center","background-size":"auto","background-attachment":"scroll","background-type":"","background-media":"","overlay-type":"","overlay-color":"","overlay-opacity":"","overlay-gradient":""},"tablet":{"background-color":"","background-image":"","background-repeat":"repeat","background-position":"center center","background-size":"auto","background-attachment":"scroll","background-type":"","background-media":"","overlay-type":"","overlay-color":"","overlay-opacity":"","overlay-gradient":""},"mobile":{"background-color":"","background-image":"","background-repeat":"repeat","background-position":"center center","background-size":"auto","background-attachment":"scroll","background-type":"","background-media":"","overlay-type":"","overlay-color":"","overlay-opacity":"","overlay-gradient":""}},"ast-content-background-meta":{"desktop":{"background-color":"var(--ast-global-color-4)","background-image":"","background-repeat":"repeat","background-position":"center center","background-size":"auto","background-attachment":"scroll","background-type":"","background-media":"","overlay-type":"","overlay-color":"","overlay-opacity":"","overlay-gradient":""},"tablet":{"background-color":"var(--ast-global-color-4)","background-image":"","background-repeat":"repeat","background-position":"center center","background-size":"auto","background-attachment":"scroll","background-type":"","background-media":"","overlay-type":"","overlay-color":"","overlay-opacity":"","overlay-gradient":""},"mobile":{"background-color":"var(--ast-global-color-4)","background-image":"","background-repeat":"repeat","background-position":"center center","background-size":"auto","background-attachment":"scroll","background-type":"","background-media":"","overlay-type":"","overlay-color":"","overlay-opacity":"","overlay-gradient":""}},"footnotes":""},"class_list":["post-39579","page","type-page","status-publish","hentry"],"_links":{"self":[{"href":"https:\/\/mavideniz.com.tr\/fr\/wp-json\/wp\/v2\/pages\/39579","targetHints":{"allow":["GET"]}}],"collection":[{"href":"https:\/\/mavideniz.com.tr\/fr\/wp-json\/wp\/v2\/pages"}],"about":[{"href":"https:\/\/mavideniz.com.tr\/fr\/wp-json\/wp\/v2\/types\/page"}],"author":[{"embeddable":true,"href":"https:\/\/mavideniz.com.tr\/fr\/wp-json\/wp\/v2\/users\/1"}],"replies":[{"embeddable":true,"href":"https:\/\/mavideniz.com.tr\/fr\/wp-json\/wp\/v2\/comments?post=39579"}],"version-history":[{"count":0,"href":"https:\/\/mavideniz.com.tr\/fr\/wp-json\/wp\/v2\/pages\/39579\/revisions"}],"up":[{"embeddable":true,"href":"https:\/\/mavideniz.com.tr\/fr\/wp-json\/wp\/v2\/pages\/39564"}],"wp:attachment":[{"href":"https:\/\/mavideniz.com.tr\/fr\/wp-json\/wp\/v2\/media?parent=39579"}],"curies":[{"name":"wp","href":"https:\/\/api.w.org\/{rel}","templated":true}]}}