{"id":39584,"date":"2022-10-09T15:53:15","date_gmt":"2022-10-09T15:53:15","guid":{"rendered":"https:\/\/mavideniz.com.tr\/?page_id=39584"},"modified":"2022-10-09T15:53:27","modified_gmt":"2022-10-09T15:53:27","slug":"incinerateur-portatif","status":"publish","type":"page","link":"https:\/\/mavideniz.com.tr\/fr\/produits-industriels\/installations-environnementales-traitements\/incinerateur-portatif\/","title":{"rendered":"Incin\u00e9rateur Portatif"},"content":{"rendered":"\n<p>L&rsquo;incin\u00e9rateur portable Mavi Deniz est con\u00e7u pour \u00eatre un incin\u00e9rateur de d\u00e9chets industriels \u00e0 haute temp\u00e9rature sp\u00e9cifiquement con\u00e7u pour br\u00fbler des d\u00e9chets solides, des boues d&rsquo;huile, des boues d&rsquo;\u00e9puration, des plastiques, du papier, du bois, du caoutchouc, des tissus, des chiffons huileux et des d\u00e9chets alimentaires. Il doit \u00eatre charg\u00e9 et r\u00e9parti uniform\u00e9ment dans le tambour de combustion lorsqu&rsquo;il br\u00fble des d\u00e9chets \u00e0 faible pouvoir calorifique ou \u00e0 forte teneur en humidit\u00e9, tels que des d\u00e9chets m\u00e9dicaux non infectieux.<\/p>\n<p>Les deux souffleurs \u00e9lectriques \u00e0 haute vitesse Mini incin\u00e9rateur de cendres cr\u00e9e une circulation de vortex. Avec le proc\u00e9d\u00e9 de combustion en deux \u00e9tapes, le volume des mat\u00e9riaux diminue jusqu&rsquo;\u00e0 98% de r\u00e9duction des d\u00e9chets en volume. L&rsquo;incin\u00e9rateur portable laisse derri\u00e8re lui un r\u00e9sidu de cendres inoffensives.<\/p>\n<p><strong>Caract\u00e9ristiques<\/strong><\/p>\n<ul>\n<li>Faible co\u00fbt de maintenance et d&rsquo;exploitation<\/li>\n<li>\u00c9limination totale des d\u00e9chets<\/li>\n<li>Facile \u00e0 d\u00e9placer, enti\u00e8rement portable<\/li>\n<li>Respectueux de l&rsquo;environnement<\/li>\n<\/ul>\n<div class=\"wptm_table tablesorter-bootstrap \" data-id=\"121\" data-hightlight=\"0\"><div class=\"wptm_buttons buttons_wptmTbl121\"><\/div><div class=\"wptmresponsive dataTables-wptmtable wptmtable \" id=\"wptmtable121\" data-tableid=\"wptmTbl121\"><table data-count-header=\"1\"  data-format-decimal_count=\"0\" data-format-decimal_symbol=\".\" data-format-symbol_position=\"0\" data-format-thousand_symbol=\",\"  data-format-currency_symbol=\"$\"  data-name-style=\"121_1759712622.css\" data-format=\"YYYY-MM-DD\" id=\"wptmTbl121\" data-id=\"121\" data-responsive=\"false\" data-hideCols=\"false\"  data-type=\"html\" data-paging=\"false\" data-searching=\"true\"  data-ordering=\"false\" data-table-breakpoint=\"980\" data-scroll-x=\"true\" data-scroll-collapse=\"true\" data-align=\"center\" data-range=\"[]\" data-hideColumn=\"[0,0,0]\"  data-colwidths=\"[380,380,380]\"  data-colwidths_desktop=[]  data-colwidths_tablet=[]  data-colwidths_mobile=[]  class=\"wptm_main_table  disablePager hideScrollHeader\"><colgroup><col data-dtr=\"0\" data-dtc=\"0\" class=\"dtc0\"><col data-dtr=\"0\" data-dtc=\"1\" class=\"dtc1\"><col data-dtr=\"0\" data-dtc=\"2\" class=\"dtc2\"><\/colgroup><thead><tr class=\"wptm-header-cells-index\"><th rowspan=\"1\" colspan=\"1\" data-dtr=\"0\" data-dtc=\"0\" class=\"dtr0 dtc0\"><\/th><th rowspan=\"1\" colspan=\"1\" data-dtr=\"0\" data-dtc=\"1\" class=\"dtr0 dtc1\"><\/th><th rowspan=\"1\" colspan=\"1\" data-dtr=\"0\" data-dtc=\"2\" class=\"dtr0 dtc2\"><\/th><\/tr><tr class=\" row0\"><th   data-priority=\"0\" class=\"dtr0 dtc0\"><\/th><th   data-priority=\"0\" class=\"dtr0 dtc1\">Mini Ash II<\/th><th   data-priority=\"0\" class=\"dtr0 dtc2\">Mini Ash I<\/th><\/thead><tbody><tr class=\" row1\"><td    class=\"dtr1 dtc0\">Drum Material<\/td><td  colspan=\"2\"   class=\"dtr1 dtc1\">205 L Steel (Standard) or  205 L Stainless Steel (Optional)<\/td><td  style=\"display: none\"   class=\"dtr1 dtc2\"><\/td><\/tr><tr class=\" row2\"><td    class=\"dtr2 dtc0\">Dimensions<\/td><td  colspan=\"2\"   class=\"dtr2 dtc1\">80 cm x 80 cm x 108 cm<\/td><td  style=\"display: none\"   class=\"dtr2 dtc2\"><\/td><\/tr><tr class=\" row3\"><td    class=\"dtr3 dtc0\">Blower<\/td><td  colspan=\"2\"   class=\"dtr3 dtc1\">2 x 900 watt - 240 volt  (Standard) or 2 x 900 watt - 110 volt (Optional)<\/td><td  style=\"display: none\"   class=\"dtr3 dtc2\"><\/td><\/tr><tr class=\" row4\"><td    class=\"dtr4 dtc0\"><\/td><td    class=\"dtr4 dtc1\">Mixed Combustible Waste 20 - 50 kg\/hr and Oily Disposal Waste 5 - 10 kg\/hr<\/td><td    class=\"dtr4 dtc2\">-<\/td><\/tr><tr class=\" row5\"><td    class=\"dtr5 dtc0\">Burn Rate<\/td><td  colspan=\"2\"   class=\"dtr5 dtc1\">Mixed Combustible Waste 20 - 50 kg\/hr and Oil Disposal Waste 5 - 10 kg\/hr<\/td><td  style=\"display: none\"   class=\"dtr5 dtc2\"><\/td><\/tr><tr class=\" row6\"><td    class=\"dtr6 dtc0\">Electrical<\/td><td  colspan=\"2\"   class=\"dtr6 dtc1\">120 V or 220 Volt<\/td><td  style=\"display: none\"   class=\"dtr6 dtc2\"><\/td><\/tr><tr class=\" row7\"><td    class=\"dtr7 dtc0\">Oil Transfer Attachment<\/td><td  colspan=\"2\"   class=\"dtr7 dtc1\">Metered Pump 10 - 23 lt\/hr<br \/>\nHose to Riser \/ Riser inside Drum\/ Nozzle \/ Fittings<\/td><td  style=\"display: none\"   class=\"dtr7 dtc2\"><\/td><\/tr><\/tbody><tfoot><tr><td class=\"dtr7 dtc0\" style=\"height: 0;\"><\/td><td class=\"dtr7 dtc1\" style=\"height: 0;\"><\/td><td class=\"dtr7 dtc2\" style=\"height: 0;\"><\/td><\/tr><\/tfoot><\/table><\/div><style>#wptmtable121 .dataTables_wrapper > .dataTables_scroll {max-height:500px;overflow: auto;}<\/style><script>window.wptm_ajaxurl = 'https:\/\/mavideniz.com.tr\/wp-admin\/admin-ajax.php?juwpfisadmin=false&action=Wptm&'; window.wptm_front = 'https:\/\/mavideniz.com.tr\/wp-content\/plugins\/wp-table-manager\/app\/site\/assets\/'; window.wptm_style = 'https:\/\/mavideniz.com.tr\/wp-content\/uploads\/wptm\/';<\/script><\/div><style><\/style>\n","protected":false},"excerpt":{"rendered":"<p>L&rsquo;incin\u00e9rateur portable Mavi Deniz est con\u00e7u pour \u00eatre un incin\u00e9rateur de d\u00e9chets industriels \u00e0 haute temp\u00e9rature sp\u00e9cifiquement con\u00e7u pour br\u00fbler [&hellip;]<\/p>\n","protected":false},"author":1,"featured_media":0,"parent":39564,"menu_order":0,"comment_status":"closed","ping_status":"closed","template":"","meta":{"site-sidebar-layout":"default","site-content-layout":"","ast-site-content-layout":"default","site-content-style":"default","site-sidebar-style":"default","ast-global-header-display":"","ast-banner-title-visibility":"","ast-main-header-display":"","ast-hfb-above-header-display":"","ast-hfb-below-header-display":"","ast-hfb-mobile-header-display":"","site-post-title":"","ast-breadcrumbs-content":"","ast-featured-img":"","footer-sml-layout":"","ast-disable-related-posts":"","theme-transparent-header-meta":"","adv-header-id-meta":"","stick-header-meta":"","header-above-stick-meta":"","header-main-stick-meta":"","header-below-stick-meta":"","astra-migrate-meta-layouts":"default","ast-page-background-enabled":"default","ast-page-background-meta":{"desktop":{"background-color":"var(--ast-global-color-5)","background-image":"","background-repeat":"repeat","background-position":"center center","background-size":"auto","background-attachment":"scroll","background-type":"","background-media":"","overlay-type":"","overlay-color":"","overlay-opacity":"","overlay-gradient":""},"tablet":{"background-color":"","background-image":"","background-repeat":"repeat","background-position":"center center","background-size":"auto","background-attachment":"scroll","background-type":"","background-media":"","overlay-type":"","overlay-color":"","overlay-opacity":"","overlay-gradient":""},"mobile":{"background-color":"","background-image":"","background-repeat":"repeat","background-position":"center center","background-size":"auto","background-attachment":"scroll","background-type":"","background-media":"","overlay-type":"","overlay-color":"","overlay-opacity":"","overlay-gradient":""}},"ast-content-background-meta":{"desktop":{"background-color":"var(--ast-global-color-4)","background-image":"","background-repeat":"repeat","background-position":"center center","background-size":"auto","background-attachment":"scroll","background-type":"","background-media":"","overlay-type":"","overlay-color":"","overlay-opacity":"","overlay-gradient":""},"tablet":{"background-color":"var(--ast-global-color-4)","background-image":"","background-repeat":"repeat","background-position":"center center","background-size":"auto","background-attachment":"scroll","background-type":"","background-media":"","overlay-type":"","overlay-color":"","overlay-opacity":"","overlay-gradient":""},"mobile":{"background-color":"var(--ast-global-color-4)","background-image":"","background-repeat":"repeat","background-position":"center center","background-size":"auto","background-attachment":"scroll","background-type":"","background-media":"","overlay-type":"","overlay-color":"","overlay-opacity":"","overlay-gradient":""}},"footnotes":""},"class_list":["post-39584","page","type-page","status-publish","hentry"],"_links":{"self":[{"href":"https:\/\/mavideniz.com.tr\/fr\/wp-json\/wp\/v2\/pages\/39584","targetHints":{"allow":["GET"]}}],"collection":[{"href":"https:\/\/mavideniz.com.tr\/fr\/wp-json\/wp\/v2\/pages"}],"about":[{"href":"https:\/\/mavideniz.com.tr\/fr\/wp-json\/wp\/v2\/types\/page"}],"author":[{"embeddable":true,"href":"https:\/\/mavideniz.com.tr\/fr\/wp-json\/wp\/v2\/users\/1"}],"replies":[{"embeddable":true,"href":"https:\/\/mavideniz.com.tr\/fr\/wp-json\/wp\/v2\/comments?post=39584"}],"version-history":[{"count":0,"href":"https:\/\/mavideniz.com.tr\/fr\/wp-json\/wp\/v2\/pages\/39584\/revisions"}],"up":[{"embeddable":true,"href":"https:\/\/mavideniz.com.tr\/fr\/wp-json\/wp\/v2\/pages\/39564"}],"wp:attachment":[{"href":"https:\/\/mavideniz.com.tr\/fr\/wp-json\/wp\/v2\/media?parent=39584"}],"curies":[{"name":"wp","href":"https:\/\/api.w.org\/{rel}","templated":true}]}}