{"id":39593,"date":"2022-10-09T16:13:39","date_gmt":"2022-10-09T16:13:39","guid":{"rendered":"https:\/\/mavideniz.com.tr\/?page_id=39593"},"modified":"2022-10-09T16:13:42","modified_gmt":"2022-10-09T16:13:42","slug":"arch-fender","status":"publish","type":"page","link":"https:\/\/mavideniz.com.tr\/fr\/produits-industriels\/aile\/arch-fender\/","title":{"rendered":"Arch Fender"},"content":{"rendered":"\n<p>Mavi Deniz, Arch Fender a \u00e9t\u00e9 con\u00e7u pour absorber l&rsquo;\u00e9nergie de collision entre le navire et le quai lors de l&rsquo;accostage pour les postes d&rsquo;amarrage, le quai des dauphins, les ports en mer et les terminaux.<\/p>\n<p>Arch Fender arch caoutchouc peut \u00eatre un panneau de face UHMW-PE ou un panneau en acier ou \u00eatre int\u00e9gr\u00e9 dans une autre structure. Cette conception peut r\u00e9duire la torsion au bas de l&rsquo;aile de fa\u00e7on spectaculaire et prolonger la dur\u00e9e de vie du corps de l&rsquo;aile en caoutchouc. Les coussinets UHMW-PE ont diff\u00e9rentes couleurs et peuvent \u00eatre remplac\u00e9s facilement.<\/p>\n<p><strong>Caract\u00e9ristiques<\/strong><\/p>\n<ul>\n<li>Montage et fonctionnement faciles<\/li>\n<li>Faible force de r\u00e9action et grande capacit\u00e9 d&rsquo;absorption d&rsquo;\u00e9nergie<\/li>\n<li>Large gamme de tailles<\/li>\n<li>Panneau avant UHMW-PE<\/li>\n<li>Panneau Avant En Acier<\/li>\n<li>Peut \u00eatre install\u00e9 verticalement ou horizontalement<\/li>\n<li>PIANC test\u00e9 et certifi\u00e9<\/li>\n<\/ul>\n<div class=\"wptm_table tablesorter-bootstrap \" data-id=\"12\" data-hightlight=\"0\"><div class=\"wptm_buttons buttons_wptmTbl12\"><\/div><div class=\"wptmresponsive dataTables-wptmtable wptmtable \" id=\"wptmtable12\" data-tableid=\"wptmTbl12\"><table data-count-header=\"1\"  data-format-decimal_count=\"0\" data-format-decimal_symbol=\".\" data-format-symbol_position=\"0\" data-format-thousand_symbol=\",\"  data-format-currency_symbol=\"$\"  data-name-style=\"12_1759659969.css\" data-format=\"YYYY-MM-DD\" id=\"wptmTbl12\" data-id=\"12\" data-responsive=\"false\" data-hideCols=\"false\"  data-type=\"html\" data-paging=\"false\" data-searching=\"true\"  data-ordering=\"false\" data-table-breakpoint=\"980\" data-scroll-x=\"true\" data-scroll-collapse=\"true\" data-align=\"center\" data-range=\"[]\" data-hideColumn=\"[0,0,0,0,0,0,0,0]\"  data-colwidths=\"[142,142,142,142,142,142,142,142]\"  data-colwidths_desktop=[]  data-colwidths_tablet=[]  data-colwidths_mobile=[]  class=\"wptm_main_table  disablePager hideScrollHeader\"><colgroup><col data-dtr=\"0\" data-dtc=\"0\" class=\"dtc0\"><col data-dtr=\"0\" data-dtc=\"1\" class=\"dtc1\"><col data-dtr=\"0\" data-dtc=\"2\" class=\"dtc2\"><col data-dtr=\"0\" data-dtc=\"3\" class=\"dtc3\"><col data-dtr=\"0\" data-dtc=\"4\" class=\"dtc4\"><col data-dtr=\"0\" data-dtc=\"5\" class=\"dtc5\"><col data-dtr=\"0\" data-dtc=\"6\" class=\"dtc6\"><col data-dtr=\"0\" data-dtc=\"7\" class=\"dtc7\"><\/colgroup><thead><tr class=\"wptm-header-cells-index\"><th rowspan=\"1\" colspan=\"1\" data-dtr=\"0\" data-dtc=\"0\" class=\"dtr0 dtc0\"><\/th><th rowspan=\"1\" colspan=\"1\" data-dtr=\"0\" data-dtc=\"1\" class=\"dtr0 dtc1\"><\/th><th rowspan=\"1\" colspan=\"1\" data-dtr=\"0\" data-dtc=\"2\" class=\"dtr0 dtc2\"><\/th><th rowspan=\"1\" colspan=\"1\" data-dtr=\"0\" data-dtc=\"3\" class=\"dtr0 dtc3\"><\/th><th rowspan=\"1\" colspan=\"1\" data-dtr=\"0\" data-dtc=\"4\" class=\"dtr0 dtc4\"><\/th><th rowspan=\"1\" colspan=\"1\" data-dtr=\"0\" data-dtc=\"5\" class=\"dtr0 dtc5\"><\/th><th rowspan=\"1\" colspan=\"1\" data-dtr=\"0\" data-dtc=\"6\" class=\"dtr0 dtc6\"><\/th><th rowspan=\"1\" colspan=\"1\" data-dtr=\"0\" data-dtc=\"7\" class=\"dtr0 dtc7\"><\/th><\/tr><tr class=\" row0\"><th   data-priority=\"0\" class=\"dtr0 dtc0\"><\/th><th   data-priority=\"0\" class=\"dtr0 dtc1\">Arch 250<\/th><th   data-priority=\"0\" class=\"dtr0 dtc2\">Arch 300<\/th><th   data-priority=\"0\" class=\"dtr0 dtc3\">Arch 400<\/th><th   data-priority=\"0\" class=\"dtr0 dtc4\">Arch 500<\/th><th   data-priority=\"0\" class=\"dtr0 dtc5\">Arch 600<\/th><th   data-priority=\"0\" class=\"dtr0 dtc6\">Arch 800<\/th><th   data-priority=\"0\" class=\"dtr0 dtc7\">Arch 1000<\/th><\/thead><tbody><tr class=\" row1\"><td    class=\"dtr1 dtc0\">L (MM)<\/td><td    class=\"dtr1 dtc1\">3500<\/td><td    class=\"dtr1 dtc2\">3500<\/td><td    class=\"dtr1 dtc3\">3500<\/td><td    class=\"dtr1 dtc4\">3500<\/td><td    class=\"dtr1 dtc5\">3000<\/td><td    class=\"dtr1 dtc6\">3000<\/td><td    class=\"dtr1 dtc7\">3000<\/td><\/tr><tr class=\" row2\"><td    class=\"dtr2 dtc0\">H (MM)<\/td><td    class=\"dtr2 dtc1\">250<\/td><td    class=\"dtr2 dtc2\">300<\/td><td    class=\"dtr2 dtc3\">400<\/td><td    class=\"dtr2 dtc4\">500<\/td><td    class=\"dtr2 dtc5\">600<\/td><td    class=\"dtr2 dtc6\">800<\/td><td    class=\"dtr2 dtc7\">1000<\/td><\/tr><tr class=\" row3\"><td    class=\"dtr3 dtc0\">W (MM)<\/td><td    class=\"dtr3 dtc1\">500<\/td><td    class=\"dtr3 dtc2\">600<\/td><td    class=\"dtr3 dtc3\">800<\/td><td    class=\"dtr3 dtc4\">1000<\/td><td    class=\"dtr3 dtc5\">1200<\/td><td    class=\"dtr3 dtc6\">1500<\/td><td    class=\"dtr3 dtc7\">1800<\/td><\/tr><tr class=\" row4\"><td    class=\"dtr4 dtc0\">E (MM)<\/td><td    class=\"dtr4 dtc1\">178<\/td><td    class=\"dtr4 dtc2\">213<\/td><td    class=\"dtr4 dtc3\">285<\/td><td    class=\"dtr4 dtc4\">358<\/td><td    class=\"dtr4 dtc5\">425<\/td><td    class=\"dtr4 dtc6\">520<\/td><td    class=\"dtr4 dtc7\">650<\/td><\/tr><tr class=\" row5\"><td    class=\"dtr5 dtc0\">B (MM)<\/td><td    class=\"dtr5 dtc1\">165<\/td><td    class=\"dtr5 dtc2\">195<\/td><td    class=\"dtr5 dtc3\">260<\/td><td    class=\"dtr5 dtc4\">325<\/td><td    class=\"dtr5 dtc5\">390<\/td><td    class=\"dtr5 dtc6\">520<\/td><td    class=\"dtr5 dtc7\">650<\/td><\/tr><tr class=\" row6\"><td    class=\"dtr6 dtc0\">I (MM)<\/td><td    class=\"dtr6 dtc1\">500<\/td><td    class=\"dtr6 dtc2\">500<\/td><td    class=\"dtr6 dtc3\">500<\/td><td    class=\"dtr6 dtc4\">500<\/td><td    class=\"dtr6 dtc5\">500<\/td><td    class=\"dtr6 dtc6\">500<\/td><td    class=\"dtr6 dtc7\">500<\/td><\/tr><tr class=\" row7\"><td    class=\"dtr7 dtc0\">C (MM)<\/td><td    class=\"dtr7 dtc1\">18<\/td><td    class=\"dtr7 dtc2\">23<\/td><td    class=\"dtr7 dtc3\">27<\/td><td    class=\"dtr7 dtc4\">29<\/td><td    class=\"dtr7 dtc5\">34<\/td><td    class=\"dtr7 dtc6\">38<\/td><td    class=\"dtr7 dtc7\">47<\/td><\/tr><tr class=\" row8\"><td    class=\"dtr8 dtc0\">E (MM)<\/td><td    class=\"dtr8 dtc1\">178<\/td><td    class=\"dtr8 dtc2\">215<\/td><td    class=\"dtr8 dtc3\">285<\/td><td    class=\"dtr8 dtc4\">360<\/td><td    class=\"dtr8 dtc5\">425<\/td><td    class=\"dtr8 dtc6\">520<\/td><td    class=\"dtr8 dtc7\">610<\/td><\/tr><tr class=\" row9\"><td    class=\"dtr9 dtc0\">WEIGHT (KG\/M)<\/td><td    class=\"dtr9 dtc1\">70<\/td><td    class=\"dtr9 dtc2\">105<\/td><td    class=\"dtr9 dtc3\">190<\/td><td    class=\"dtr9 dtc4\">280<\/td><td    class=\"dtr9 dtc5\">410<\/td><td    class=\"dtr9 dtc6\">770<\/td><td    class=\"dtr9 dtc7\">1300<\/td><\/tr><tr class=\" row10\"><td    class=\"dtr10 dtc0\">UHMW-PE (MM) B<\/td><td    class=\"dtr10 dtc1\">40<\/td><td    class=\"dtr10 dtc2\">40<\/td><td    class=\"dtr10 dtc3\">40<\/td><td    class=\"dtr10 dtc4\">50<\/td><td    class=\"dtr10 dtc5\">50<\/td><td    class=\"dtr10 dtc6\">60<\/td><td    class=\"dtr10 dtc7\">60<\/td><\/tr><tr class=\" row11\"><td    class=\"dtr11 dtc0\">ANCHOR BOLT<\/td><td    class=\"dtr11 dtc1\">M24<\/td><td    class=\"dtr11 dtc2\">M30<\/td><td    class=\"dtr11 dtc3\">M36<\/td><td    class=\"dtr11 dtc4\">M36<\/td><td    class=\"dtr11 dtc5\">M42<\/td><td    class=\"dtr11 dtc6\">M48<\/td><td    class=\"dtr11 dtc7\">M48<\/td><\/tr><\/tbody><tfoot><tr><td class=\"dtr11 dtc0\" style=\"height: 0;\"><\/td><td class=\"dtr11 dtc1\" style=\"height: 0;\"><\/td><td class=\"dtr11 dtc2\" style=\"height: 0;\"><\/td><td class=\"dtr11 dtc3\" style=\"height: 0;\"><\/td><td class=\"dtr11 dtc4\" style=\"height: 0;\"><\/td><td class=\"dtr11 dtc5\" style=\"height: 0;\"><\/td><td class=\"dtr11 dtc6\" style=\"height: 0;\"><\/td><td class=\"dtr11 dtc7\" style=\"height: 0;\"><\/td><\/tr><\/tfoot><\/table><\/div><style>#wptmtable12 .dataTables_wrapper > .dataTables_scroll {max-height:500px;overflow: auto;}<\/style><script>window.wptm_ajaxurl = 'https:\/\/mavideniz.com.tr\/wp-admin\/admin-ajax.php?juwpfisadmin=false&action=Wptm&'; window.wptm_front = 'https:\/\/mavideniz.com.tr\/wp-content\/plugins\/wp-table-manager\/app\/site\/assets\/'; window.wptm_style = 'https:\/\/mavideniz.com.tr\/wp-content\/uploads\/wptm\/';<\/script><\/div><style><\/style>\n","protected":false},"excerpt":{"rendered":"<p>Mavi Deniz, Arch Fender a \u00e9t\u00e9 con\u00e7u pour absorber l&rsquo;\u00e9nergie de collision entre le navire et le quai lors de [&hellip;]<\/p>\n","protected":false},"author":1,"featured_media":0,"parent":39588,"menu_order":0,"comment_status":"closed","ping_status":"closed","template":"","meta":{"site-sidebar-layout":"default","site-content-layout":"","ast-site-content-layout":"default","site-content-style":"default","site-sidebar-style":"default","ast-global-header-display":"","ast-banner-title-visibility":"","ast-main-header-display":"","ast-hfb-above-header-display":"","ast-hfb-below-header-display":"","ast-hfb-mobile-header-display":"","site-post-title":"","ast-breadcrumbs-content":"","ast-featured-img":"","footer-sml-layout":"","ast-disable-related-posts":"","theme-transparent-header-meta":"","adv-header-id-meta":"","stick-header-meta":"","header-above-stick-meta":"","header-main-stick-meta":"","header-below-stick-meta":"","astra-migrate-meta-layouts":"default","ast-page-background-enabled":"default","ast-page-background-meta":{"desktop":{"background-color":"var(--ast-global-color-5)","background-image":"","background-repeat":"repeat","background-position":"center center","background-size":"auto","background-attachment":"scroll","background-type":"","background-media":"","overlay-type":"","overlay-color":"","overlay-opacity":"","overlay-gradient":""},"tablet":{"background-color":"","background-image":"","background-repeat":"repeat","background-position":"center center","background-size":"auto","background-attachment":"scroll","background-type":"","background-media":"","overlay-type":"","overlay-color":"","overlay-opacity":"","overlay-gradient":""},"mobile":{"background-color":"","background-image":"","background-repeat":"repeat","background-position":"center center","background-size":"auto","background-attachment":"scroll","background-type":"","background-media":"","overlay-type":"","overlay-color":"","overlay-opacity":"","overlay-gradient":""}},"ast-content-background-meta":{"desktop":{"background-color":"var(--ast-global-color-4)","background-image":"","background-repeat":"repeat","background-position":"center center","background-size":"auto","background-attachment":"scroll","background-type":"","background-media":"","overlay-type":"","overlay-color":"","overlay-opacity":"","overlay-gradient":""},"tablet":{"background-color":"var(--ast-global-color-4)","background-image":"","background-repeat":"repeat","background-position":"center center","background-size":"auto","background-attachment":"scroll","background-type":"","background-media":"","overlay-type":"","overlay-color":"","overlay-opacity":"","overlay-gradient":""},"mobile":{"background-color":"var(--ast-global-color-4)","background-image":"","background-repeat":"repeat","background-position":"center center","background-size":"auto","background-attachment":"scroll","background-type":"","background-media":"","overlay-type":"","overlay-color":"","overlay-opacity":"","overlay-gradient":""}},"footnotes":""},"class_list":["post-39593","page","type-page","status-publish","hentry"],"_links":{"self":[{"href":"https:\/\/mavideniz.com.tr\/fr\/wp-json\/wp\/v2\/pages\/39593","targetHints":{"allow":["GET"]}}],"collection":[{"href":"https:\/\/mavideniz.com.tr\/fr\/wp-json\/wp\/v2\/pages"}],"about":[{"href":"https:\/\/mavideniz.com.tr\/fr\/wp-json\/wp\/v2\/types\/page"}],"author":[{"embeddable":true,"href":"https:\/\/mavideniz.com.tr\/fr\/wp-json\/wp\/v2\/users\/1"}],"replies":[{"embeddable":true,"href":"https:\/\/mavideniz.com.tr\/fr\/wp-json\/wp\/v2\/comments?post=39593"}],"version-history":[{"count":0,"href":"https:\/\/mavideniz.com.tr\/fr\/wp-json\/wp\/v2\/pages\/39593\/revisions"}],"up":[{"embeddable":true,"href":"https:\/\/mavideniz.com.tr\/fr\/wp-json\/wp\/v2\/pages\/39588"}],"wp:attachment":[{"href":"https:\/\/mavideniz.com.tr\/fr\/wp-json\/wp\/v2\/media?parent=39593"}],"curies":[{"name":"wp","href":"https:\/\/api.w.org\/{rel}","templated":true}]}}