{"id":39601,"date":"2022-10-09T16:18:38","date_gmt":"2022-10-09T16:18:38","guid":{"rendered":"https:\/\/mavideniz.com.tr\/?page_id=39601"},"modified":"2024-05-12T19:09:05","modified_gmt":"2024-05-12T19:09:05","slug":"aile-pneumatique","status":"publish","type":"page","link":"https:\/\/mavideniz.com.tr\/fr\/produits-industriels\/aile\/aile-pneumatique\/","title":{"rendered":"d\u00e9fense pneumatique"},"content":{"rendered":"\n<p>Nos conceptions d&rsquo;ailes pneumatiques flottantes utilisent des p\u00e9troliers plus grands, des VLCC, des ULCC, des op\u00e9rations de transfert navire-navire (STS), des op\u00e9rations de transfert navire-quai, des terminaux, de grands transporteurs de gaz, des vraquiers, toutes sortes de navires et des structures flottantes.<\/p>\n<p>Nos d\u00e9fenses jouent un r\u00f4le essentiel dans l&rsquo;amarrage et l&rsquo;amarrage des navires. Mavi Deniz confirme que toutes ses ailes pneumatiques en caoutchouc enti\u00e8rement fabriqu\u00e9es sont conformes aux exigences des certificats ISO17357 et B.V.<\/p>\n<p><strong>Caract\u00e9ristiques<\/strong><\/p>\n<ul>\n<li>Notre garde-boue pneumatique est construit de plusieurs couches de corde de pneu solide et est donc r\u00e9sistant \u00e0 la pression et \u00e0 la coupe.<\/li>\n<li>Notre aile pneumatique utilise l&rsquo;\u00e9lasticit\u00e9 de compression de l&rsquo;air. La d\u00e9t\u00e9rioration des performances due \u00e0 la fatigue est donc absente.<\/li>\n<li>L&rsquo;absorption d&rsquo;\u00e9nergie de l&rsquo;aile pneumatique ne diminue pas \u00e0 une compression inclin\u00e9e jusqu&rsquo;\u00e0 15 degr\u00e9s.<\/li>\n<li>La force de r\u00e9action de notre aile pneumatique n&rsquo;augmente pas brusquement m\u00eame dans des conditions de charge excessive.<\/li>\n<li>Les garde-boues pneumatiques sont suffisamment renforc\u00e9s \u00e0 l&rsquo;aide d&rsquo;un cordon de pneu solide pour faire face au cisaillement, aux forces de compression et \u00e0 la pression interne.<\/li>\n<li>L&rsquo;aile pneumatique peut \u00eatre retir\u00e9e rapidement vers une jet\u00e9e ou un quai appropri\u00e9 lorsqu&rsquo;elle n&rsquo;est pas utilis\u00e9e ou transf\u00e9r\u00e9e vers un autre point d&rsquo;amarrage lorsque cela est n\u00e9cessaire.<\/li>\n<li>Les ailes pneumatiques sans marquage utilisent un caoutchouc ext\u00e9rieur sp\u00e9cialement formul\u00e9 pour \u00e9viter de marquer la coque du navire.<\/li>\n<li>Le type d&rsquo;aile pneumatique basse pression est con\u00e7u avec une construction de corps plus l\u00e9g\u00e8re. Notre aile pneumatique est populaire pour les applications n\u00e9cessitant un grand d\u00e9gagement entre le navire et la jet\u00e9e ou entre deux navires, mais ne n\u00e9cessitant pas n\u00e9cessairement les performances \u00e9lev\u00e9es d&rsquo;une aile pneumatique haute pression standard.<\/li>\n<li>Les ailes verticales-pneumatiques sont con\u00e7ues pour \u00eatre install\u00e9es verticalement (les ailes hydro-pneumatiques sont ballast\u00e9es \u00e0 l&rsquo;eau). Ils sont populaires aupr\u00e8s des navires dont le point d&rsquo;amarrage est au-dessous de la ligne de flottaison, tels que les catamarans, les plates-formes semi-submersibles, ou d&rsquo;autres submersibles. En outre, ils conviennent comme d\u00e9fenses secondaires \u00e0 la fois \u00e0 l&rsquo;avant et \u00e0 l&rsquo;arri\u00e8re du navire.<\/li>\n<li>La montre Pneumatic Fender est pratique pour v\u00e9rifier la pression interne \u00e0 l&rsquo;aide de capteurs install\u00e9s dans le corps et le r\u00e9cepteur de l&rsquo;aile. Le r\u00e9cepteur peut \u00eatre utilis\u00e9 pour une ou plusieurs d\u00e9fenses simultan\u00e9ment.<\/li>\n<li>Globuoy est une d\u00e9fense pneumatique modifi\u00e9e utilis\u00e9e comme bou\u00e9e de surface ou sous-marine dans l&rsquo;installation, l&rsquo;amarrage, l&rsquo;ancrage et diverses op\u00e9rations en mer. Il peut \u00eatre utilis\u00e9 avec une pression de travail plus \u00e9lev\u00e9e ou rempli d&rsquo;un mat\u00e9riau r\u00e9sistant \u00e0 la pression pour diverses applications sous-marines. Il s&rsquo;agit d&rsquo;une bou\u00e9e non pliable en cas de surimmersion.<\/li>\n<\/ul>\n<div class=\"wptm_table tablesorter-bootstrap \" data-id=\"13\" data-hightlight=\"0\"><div class=\"wptm_buttons buttons_wptmTbl13\"><\/div><div class=\"wptmresponsive dataTables-wptmtable wptmtable \" id=\"wptmtable13\" data-tableid=\"wptmTbl13\"><table data-count-header=\"1\"  data-format-decimal_count=\"0\" data-format-decimal_symbol=\".\" data-format-symbol_position=\"0\" data-format-thousand_symbol=\",\"  data-format-currency_symbol=\"$\"  data-name-style=\"13_1759660036.css\" data-format=\"YYYY-MM-DD\" id=\"wptmTbl13\" data-id=\"13\" data-responsive=\"false\" data-hideCols=\"false\"  data-type=\"html\" data-paging=\"false\" data-searching=\"true\"  data-ordering=\"false\" data-table-breakpoint=\"980\" data-scroll-x=\"true\" data-scroll-collapse=\"true\" data-align=\"center\" data-range=\"[]\" data-hideColumn=\"[0,0,0,0,0,0,0]\"  data-colwidths=\"[162,162,162,162,162,162,162]\"  data-colwidths_desktop=[]  data-colwidths_tablet=[]  data-colwidths_mobile=[]  class=\"wptm_main_table  disablePager hideScrollHeader\"><colgroup><col data-dtr=\"0\" data-dtc=\"0\" class=\"dtc0\"><col data-dtr=\"0\" data-dtc=\"1\" class=\"dtc1\"><col data-dtr=\"0\" data-dtc=\"2\" class=\"dtc2\"><col data-dtr=\"0\" data-dtc=\"3\" class=\"dtc3\"><col data-dtr=\"0\" data-dtc=\"4\" class=\"dtc4\"><col data-dtr=\"0\" data-dtc=\"5\" class=\"dtc5\"><col data-dtr=\"0\" data-dtc=\"6\" class=\"dtc6\"><\/colgroup><thead><tr class=\"wptm-header-cells-index\"><th rowspan=\"1\" colspan=\"1\" data-dtr=\"0\" data-dtc=\"0\" class=\"dtr0 dtc0\"><\/th><th rowspan=\"1\" colspan=\"1\" data-dtr=\"0\" data-dtc=\"1\" class=\"dtr0 dtc1\"><\/th><th rowspan=\"1\" colspan=\"1\" data-dtr=\"0\" data-dtc=\"2\" class=\"dtr0 dtc2\"><\/th><th rowspan=\"1\" colspan=\"1\" data-dtr=\"0\" data-dtc=\"3\" class=\"dtr0 dtc3\"><\/th><th rowspan=\"1\" colspan=\"1\" data-dtr=\"0\" data-dtc=\"4\" class=\"dtr0 dtc4\"><\/th><th rowspan=\"1\" colspan=\"1\" data-dtr=\"0\" data-dtc=\"5\" class=\"dtr0 dtc5\"><\/th><th rowspan=\"1\" colspan=\"1\" data-dtr=\"0\" data-dtc=\"6\" class=\"dtr0 dtc6\"><\/th><\/tr><tr class=\" row0\"><th   data-priority=\"0\" class=\"dtr0 dtc0\">SIZE (A X B X L) MM<\/th><th   data-priority=\"0\" class=\"dtr0 dtc1\">E (KNM\/M)<\/th><th   data-priority=\"0\" class=\"dtr0 dtc2\">R (KN\/M)<\/th><th   data-priority=\"0\" class=\"dtr0 dtc3\">P (KN\/M2)<\/th><th   data-priority=\"0\" class=\"dtr0 dtc4\">CHAIN SIZE (MM)<\/th><th   data-priority=\"0\" class=\"dtr0 dtc5\">STEEL BAR (MM)<\/th><th   data-priority=\"0\" class=\"dtr0 dtc6\">WEIGHT (KG\/M)<\/th><\/thead><tbody><tr class=\" row1\"><td    class=\"dtr1 dtc0\">150 x 75 x 1200<\/td><td    class=\"dtr1 dtc1\">1.8<\/td><td    class=\"dtr1 dtc2\">65<\/td><td    class=\"dtr1 dtc3\">552<\/td><td    class=\"dtr1 dtc4\">16<\/td><td    class=\"dtr1 dtc5\">16<\/td><td    class=\"dtr1 dtc6\">21<\/td><\/tr><tr class=\" row2\"><td    class=\"dtr2 dtc0\">250 x 100 x 600<\/td><td    class=\"dtr2 dtc1\">4.1<\/td><td    class=\"dtr2 dtc2\">100<\/td><td    class=\"dtr2 dtc3\">550<\/td><td    class=\"dtr2 dtc4\">19<\/td><td    class=\"dtr2 dtc5\">22<\/td><td    class=\"dtr2 dtc6\">32<\/td><\/tr><tr class=\" row3\"><td    class=\"dtr3 dtc0\">300 x 120 x 600<\/td><td    class=\"dtr3 dtc1\">7.4<\/td><td    class=\"dtr3 dtc2\">129<\/td><td    class=\"dtr3 dtc3\">550<\/td><td    class=\"dtr3 dtc4\">22<\/td><td    class=\"dtr3 dtc5\">24<\/td><td    class=\"dtr3 dtc6\">48<\/td><\/tr><tr class=\" row4\"><td    class=\"dtr4 dtc0\">200 x 75 x 2000<\/td><td    class=\"dtr4 dtc1\">2.8<\/td><td    class=\"dtr4 dtc2\">75<\/td><td    class=\"dtr4 dtc3\">550<\/td><td    class=\"dtr4 dtc4\">19<\/td><td    class=\"dtr4 dtc5\">22<\/td><td    class=\"dtr4 dtc6\">62<\/td><\/tr><tr class=\" row5\"><td    class=\"dtr5 dtc0\">200 x 100 x 2000<\/td><td    class=\"dtr5 dtc1\">3.3<\/td><td    class=\"dtr5 dtc2\">86<\/td><td    class=\"dtr5 dtc3\">550<\/td><td    class=\"dtr5 dtc4\">19<\/td><td    class=\"dtr5 dtc5\">22<\/td><td    class=\"dtr5 dtc6\">72<\/td><\/tr><tr class=\" row6\"><td    class=\"dtr6 dtc0\">250 x 100 x 2000<\/td><td    class=\"dtr6 dtc1\">4.8<\/td><td    class=\"dtr6 dtc2\">96<\/td><td    class=\"dtr6 dtc3\">550<\/td><td    class=\"dtr6 dtc4\">19<\/td><td    class=\"dtr6 dtc5\">22<\/td><td    class=\"dtr6 dtc6\">100<\/td><\/tr><tr class=\" row7\"><td    class=\"dtr7 dtc0\">250 x 125 x 2000<\/td><td    class=\"dtr7 dtc1\">5.1<\/td><td    class=\"dtr7 dtc2\">108<\/td><td    class=\"dtr7 dtc3\">550<\/td><td    class=\"dtr7 dtc4\">19<\/td><td    class=\"dtr7 dtc5\">22<\/td><td    class=\"dtr7 dtc6\">110<\/td><\/tr><tr class=\" row8\"><td    class=\"dtr8 dtc0\">300 x 150 x 2000<\/td><td    class=\"dtr8 dtc1\">7.4<\/td><td    class=\"dtr8 dtc2\">129<\/td><td    class=\"dtr8 dtc3\">550<\/td><td    class=\"dtr8 dtc4\">22<\/td><td    class=\"dtr8 dtc5\">24<\/td><td    class=\"dtr8 dtc6\">140<\/td><\/tr><tr class=\" row9\"><td    class=\"dtr9 dtc0\">400 x 150 x 2000<\/td><td    class=\"dtr9 dtc1\">12<\/td><td    class=\"dtr9 dtc2\">165<\/td><td    class=\"dtr9 dtc3\">550<\/td><td    class=\"dtr9 dtc4\">25<\/td><td    class=\"dtr9 dtc5\">28<\/td><td    class=\"dtr9 dtc6\">255<\/td><\/tr><tr class=\" row10\"><td    class=\"dtr10 dtc0\">400 x 200 x 2000<\/td><td    class=\"dtr10 dtc1\">13<\/td><td    class=\"dtr10 dtc2\">172<\/td><td    class=\"dtr10 dtc3\">550<\/td><td    class=\"dtr10 dtc4\">25<\/td><td    class=\"dtr10 dtc5\">28<\/td><td    class=\"dtr10 dtc6\">290<\/td><\/tr><tr class=\" row11\"><td    class=\"dtr11 dtc0\">500 x 250 x 1500<\/td><td    class=\"dtr11 dtc1\">28<\/td><td    class=\"dtr11 dtc2\">275<\/td><td    class=\"dtr11 dtc3\">700<\/td><td    class=\"dtr11 dtc4\">28<\/td><td    class=\"dtr11 dtc5\">28<\/td><td    class=\"dtr11 dtc6\">300<\/td><\/tr><tr class=\" row12\"><td    class=\"dtr12 dtc0\">600 x 200 x 2000<\/td><td    class=\"dtr12 dtc1\">35<\/td><td    class=\"dtr12 dtc2\">320<\/td><td    class=\"dtr12 dtc3\">700<\/td><td    class=\"dtr12 dtc4\">30<\/td><td    class=\"dtr12 dtc5\">36<\/td><td    class=\"dtr12 dtc6\">575<\/td><\/tr><tr class=\" row13\"><td    class=\"dtr13 dtc0\">600 x 300 x 2000<\/td><td    class=\"dtr13 dtc1\">40<\/td><td    class=\"dtr13 dtc2\">330<\/td><td    class=\"dtr13 dtc3\">700<\/td><td    class=\"dtr13 dtc4\">30<\/td><td    class=\"dtr13 dtc5\">36<\/td><td    class=\"dtr13 dtc6\">680<\/td><\/tr><tr class=\" row14\"><td    class=\"dtr14 dtc0\">800 x 300 x 2000<\/td><td    class=\"dtr14 dtc1\">62<\/td><td    class=\"dtr14 dtc2\">400<\/td><td    class=\"dtr14 dtc3\">700<\/td><td    class=\"dtr14 dtc4\">34<\/td><td    class=\"dtr14 dtc5\">44<\/td><td    class=\"dtr14 dtc6\">1030<\/td><\/tr><tr class=\" row15\"><td    class=\"dtr15 dtc0\">800 x 400 x 2000<\/td><td    class=\"dtr15 dtc1\">74<\/td><td    class=\"dtr15 dtc2\">440<\/td><td    class=\"dtr15 dtc3\">700<\/td><td    class=\"dtr15 dtc4\">34<\/td><td    class=\"dtr15 dtc5\">44<\/td><td    class=\"dtr15 dtc6\">1180<\/td><\/tr><tr class=\" row16\"><td    class=\"dtr16 dtc0\">1000 x 500 x 1500<\/td><td    class=\"dtr16 dtc1\">112<\/td><td    class=\"dtr16 dtc2\">550<\/td><td    class=\"dtr16 dtc3\">700<\/td><td    class=\"dtr16 dtc4\">38<\/td><td    class=\"dtr16 dtc5\">44<\/td><td    class=\"dtr16 dtc6\">1200<\/td><\/tr><tr class=\" row17\"><td    class=\"dtr17 dtc0\">1200 x 600 x 2000<\/td><td    class=\"dtr17 dtc1\">162<\/td><td    class=\"dtr17 dtc2\">660<\/td><td    class=\"dtr17 dtc3\">700<\/td><td    class=\"dtr17 dtc4\">40<\/td><td    class=\"dtr17 dtc5\">50<\/td><td    class=\"dtr17 dtc6\">2250<\/td><\/tr><tr class=\" row18\"><td    class=\"dtr18 dtc0\">1400 x 700 x 2000<\/td><td    class=\"dtr18 dtc1\">220<\/td><td    class=\"dtr18 dtc2\">770<\/td><td    class=\"dtr18 dtc3\">700<\/td><td    class=\"dtr18 dtc4\">44<\/td><td    class=\"dtr18 dtc5\">60<\/td><td    class=\"dtr18 dtc6\">3050<\/td><\/tr><tr class=\" row19\"><td    class=\"dtr19 dtc0\">1600 x 800 x 2000<\/td><td    class=\"dtr19 dtc1\">288<\/td><td    class=\"dtr19 dtc2\">880<\/td><td    class=\"dtr19 dtc3\">700<\/td><td    class=\"dtr19 dtc4\">48<\/td><td    class=\"dtr19 dtc5\">70<\/td><td    class=\"dtr19 dtc6\">4000<\/td><\/tr><\/tbody><tfoot><tr><td class=\"dtr19 dtc0\" style=\"height: 0;\"><\/td><td class=\"dtr19 dtc1\" style=\"height: 0;\"><\/td><td class=\"dtr19 dtc2\" style=\"height: 0;\"><\/td><td class=\"dtr19 dtc3\" style=\"height: 0;\"><\/td><td class=\"dtr19 dtc4\" style=\"height: 0;\"><\/td><td class=\"dtr19 dtc5\" style=\"height: 0;\"><\/td><td class=\"dtr19 dtc6\" style=\"height: 0;\"><\/td><\/tr><\/tfoot><\/table><\/div><style>#wptmtable13 .dataTables_wrapper > .dataTables_scroll {max-height:500px;overflow: auto;}<\/style><script>window.wptm_ajaxurl = 'https:\/\/mavideniz.com.tr\/wp-admin\/admin-ajax.php?juwpfisadmin=false&action=Wptm&'; window.wptm_front = 'https:\/\/mavideniz.com.tr\/wp-content\/plugins\/wp-table-manager\/app\/site\/assets\/'; window.wptm_style = 'https:\/\/mavideniz.com.tr\/wp-content\/uploads\/wptm\/';<\/script><\/div><style><\/style>\n","protected":false},"excerpt":{"rendered":"<p>Nos conceptions d&rsquo;ailes pneumatiques flottantes utilisent des p\u00e9troliers plus grands, des VLCC, des ULCC, des op\u00e9rations de transfert navire-navire (STS), [&hellip;]<\/p>\n","protected":false},"author":1,"featured_media":0,"parent":39588,"menu_order":0,"comment_status":"closed","ping_status":"closed","template":"","meta":{"site-sidebar-layout":"default","site-content-layout":"","ast-site-content-layout":"default","site-content-style":"default","site-sidebar-style":"default","ast-global-header-display":"","ast-banner-title-visibility":"","ast-main-header-display":"","ast-hfb-above-header-display":"","ast-hfb-below-header-display":"","ast-hfb-mobile-header-display":"","site-post-title":"","ast-breadcrumbs-content":"","ast-featured-img":"","footer-sml-layout":"","ast-disable-related-posts":"","theme-transparent-header-meta":"","adv-header-id-meta":"","stick-header-meta":"","header-above-stick-meta":"","header-main-stick-meta":"","header-below-stick-meta":"","astra-migrate-meta-layouts":"default","ast-page-background-enabled":"default","ast-page-background-meta":{"desktop":{"background-color":"var(--ast-global-color-5)","background-image":"","background-repeat":"repeat","background-position":"center center","background-size":"auto","background-attachment":"scroll","background-type":"","background-media":"","overlay-type":"","overlay-color":"","overlay-opacity":"","overlay-gradient":""},"tablet":{"background-color":"","background-image":"","background-repeat":"repeat","background-position":"center center","background-size":"auto","background-attachment":"scroll","background-type":"","background-media":"","overlay-type":"","overlay-color":"","overlay-opacity":"","overlay-gradient":""},"mobile":{"background-color":"","background-image":"","background-repeat":"repeat","background-position":"center center","background-size":"auto","background-attachment":"scroll","background-type":"","background-media":"","overlay-type":"","overlay-color":"","overlay-opacity":"","overlay-gradient":""}},"ast-content-background-meta":{"desktop":{"background-color":"var(--ast-global-color-4)","background-image":"","background-repeat":"repeat","background-position":"center center","background-size":"auto","background-attachment":"scroll","background-type":"","background-media":"","overlay-type":"","overlay-color":"","overlay-opacity":"","overlay-gradient":""},"tablet":{"background-color":"var(--ast-global-color-4)","background-image":"","background-repeat":"repeat","background-position":"center center","background-size":"auto","background-attachment":"scroll","background-type":"","background-media":"","overlay-type":"","overlay-color":"","overlay-opacity":"","overlay-gradient":""},"mobile":{"background-color":"var(--ast-global-color-4)","background-image":"","background-repeat":"repeat","background-position":"center center","background-size":"auto","background-attachment":"scroll","background-type":"","background-media":"","overlay-type":"","overlay-color":"","overlay-opacity":"","overlay-gradient":""}},"footnotes":""},"class_list":["post-39601","page","type-page","status-publish","hentry"],"_links":{"self":[{"href":"https:\/\/mavideniz.com.tr\/fr\/wp-json\/wp\/v2\/pages\/39601","targetHints":{"allow":["GET"]}}],"collection":[{"href":"https:\/\/mavideniz.com.tr\/fr\/wp-json\/wp\/v2\/pages"}],"about":[{"href":"https:\/\/mavideniz.com.tr\/fr\/wp-json\/wp\/v2\/types\/page"}],"author":[{"embeddable":true,"href":"https:\/\/mavideniz.com.tr\/fr\/wp-json\/wp\/v2\/users\/1"}],"replies":[{"embeddable":true,"href":"https:\/\/mavideniz.com.tr\/fr\/wp-json\/wp\/v2\/comments?post=39601"}],"version-history":[{"count":0,"href":"https:\/\/mavideniz.com.tr\/fr\/wp-json\/wp\/v2\/pages\/39601\/revisions"}],"up":[{"embeddable":true,"href":"https:\/\/mavideniz.com.tr\/fr\/wp-json\/wp\/v2\/pages\/39588"}],"wp:attachment":[{"href":"https:\/\/mavideniz.com.tr\/fr\/wp-json\/wp\/v2\/media?parent=39601"}],"curies":[{"name":"wp","href":"https:\/\/api.w.org\/{rel}","templated":true}]}}