{"id":39605,"date":"2022-10-09T16:20:23","date_gmt":"2022-10-09T16:20:23","guid":{"rendered":"https:\/\/mavideniz.com.tr\/?page_id=39605"},"modified":"2022-10-09T16:20:27","modified_gmt":"2022-10-09T16:20:27","slug":"quai-flottant","status":"publish","type":"page","link":"https:\/\/mavideniz.com.tr\/fr\/produits-industriels\/quai-flottant\/","title":{"rendered":"Quai Flottant"},"content":{"rendered":"\n<p>Le Dock flottant a diff\u00e9rents types et configurations disponibles. Le Dock flottant est adapt\u00e9 pour les applications r\u00e9sidentielles, commerciales, de marina, de port, de mer, de rivi\u00e8re, de lac, industrielles et de stockage de bateaux.<\/p>\n<p>Le Dock flottant est le moyen le plus rapide et le plus pratique d&rsquo;amarrer \u00e0 sec votre jet ski, bateau ou bateau sur l&rsquo;eau. Les rouleaux de quai flottant sont r\u00e9glables pour s&rsquo;adapter \u00e0 la coque de l&#8217;embarcation ; les rouleaux en poly\u00e9thyl\u00e8ne vous permettent de charger et de lancer rapidement.<\/p>\n<p>Le Dock flottant dispose d&rsquo;un syst\u00e8me d&rsquo;extrusion interverrouillable pour des configurations faciles \u00e0 encliqueter pour tous les mod\u00e8les et espaces de pont qui vous permettent d&rsquo;assembler une vari\u00e9t\u00e9 infinie de formes, de dispositions et de structures, ce qui vous permet de concevoir facilement le syst\u00e8me de quai id\u00e9al pour vos besoins uniques au bord de l&rsquo;eau et aussi avec nos ancres, cha\u00eenes et amortisseurs, votre Dock sera s\u00fbr et s\u00e9curis\u00e9 pour la saison.<\/p>\n<p><strong>Configurations de quai flottant<\/strong><\/p>\n<ul>\n<li>Cr\u00e9er votre disposition personnalis\u00e9e<\/li>\n<li>En U<\/li>\n<li>En P<\/li>\n<li>En T<\/li>\n<li>En L<\/li>\n<li>Multi-Glissement Droit<\/li>\n<li>Multi-Glissement Angulaire<\/li>\n<li>Multi-Slip \u00c0 Paroi De Rupture<\/li>\n<\/ul>\n<p><strong>Caract\u00e9ristiques<\/strong><\/p>\n<ul>\n<li>Entreposage Des Bateaux<\/li>\n<li>Installation\/montage facile et rapide.<\/li>\n<li>Floating Dock s&rsquo;adapte parfaitement aux diff\u00e9rents niveaux d&rsquo;eau provoqu\u00e9s par les mar\u00e9es et les variations saisonni\u00e8res, les inondations et les s\u00e9cheresses, ce qui facilite la mont\u00e9e et la descente de votre motomarine.<\/li>\n<li>Sans entretien : 100% poly\u00e9thyl\u00e8ne haute densit\u00e9 = 100% recyclable.<\/li>\n<li>Enti\u00e8rement configurable et adaptable<\/li>\n<li>Durable : robuste, r\u00e9sistant \u00e0 la pollution et aux rayons ultraviolets, garanti pendant 20 ans.<\/li>\n<\/ul>\n<div class=\"wptm_table tablesorter-bootstrap \" data-id=\"126\" data-hightlight=\"0\"><div class=\"wptm_buttons buttons_wptmTbl126\"><\/div><div class=\"wptmresponsive dataTables-wptmtable wptmtable \" id=\"wptmtable126\" data-tableid=\"wptmTbl126\"><table data-count-header=\"1\"  data-format-decimal_count=\"0\" data-format-decimal_symbol=\".\" data-format-symbol_position=\"0\" data-format-thousand_symbol=\",\"  data-format-currency_symbol=\"$\"  data-name-style=\"126_1759713566.css\" data-format=\"YYYY-MM-DD\" id=\"wptmTbl126\" data-id=\"126\" data-responsive=\"false\" data-hideCols=\"false\"  data-type=\"html\" data-paging=\"false\" data-searching=\"true\"  data-ordering=\"false\" data-table-breakpoint=\"980\" data-scroll-x=\"true\" data-scroll-collapse=\"true\" data-align=\"center\" data-range=\"[]\" data-hideColumn=\"[0,0,0,0]\"  data-colwidths=\"[285,285,285,285]\"  data-colwidths_desktop=[]  data-colwidths_tablet=[]  data-colwidths_mobile=[]  class=\"wptm_main_table  disablePager hideScrollHeader\"><colgroup><col data-dtr=\"0\" data-dtc=\"0\" class=\"dtc0\"><col data-dtr=\"0\" data-dtc=\"1\" class=\"dtc1\"><col data-dtr=\"0\" data-dtc=\"2\" class=\"dtc2\"><col data-dtr=\"0\" data-dtc=\"3\" class=\"dtc3\"><\/colgroup><thead><tr class=\"wptm-header-cells-index\"><th rowspan=\"1\" colspan=\"1\" data-dtr=\"0\" data-dtc=\"0\" class=\"dtr0 dtc0\"><\/th><th rowspan=\"1\" colspan=\"1\" data-dtr=\"0\" data-dtc=\"1\" class=\"dtr0 dtc1\"><\/th><th rowspan=\"1\" colspan=\"1\" data-dtr=\"0\" data-dtc=\"2\" class=\"dtr0 dtc2\"><\/th><th rowspan=\"1\" colspan=\"1\" data-dtr=\"0\" data-dtc=\"3\" class=\"dtr0 dtc3\"><\/th><\/tr><tr class=\" row0\"><th   data-priority=\"0\" class=\"dtr0 dtc0\"><\/th><th   data-priority=\"0\" class=\"dtr0 dtc1\">Dimensions (cm)<\/th><th   data-priority=\"0\" class=\"dtr0 dtc2\">Weight (kg)<\/th><th   data-priority=\"0\" class=\"dtr0 dtc3\">Flotation (kg)<\/th><\/thead><tbody><tr class=\" row1\"><td    class=\"dtr1 dtc0\">FD-01010<\/td><td    class=\"dtr1 dtc1\">50 x 50 x 40<\/td><td    class=\"dtr1 dtc2\">6.5<\/td><td    class=\"dtr1 dtc3\">87<\/td><\/tr><tr class=\" row2\"><td    class=\"dtr2 dtc0\">FD-01040<\/td><td    class=\"dtr2 dtc1\">50 x 100 x 40<\/td><td    class=\"dtr2 dtc2\">11<\/td><td    class=\"dtr2 dtc3\">87<\/td><\/tr><tr class=\" row3\"><td    class=\"dtr3 dtc0\">FD-01050<\/td><td    class=\"dtr3 dtc1\">50 x 100 x 25<\/td><td    class=\"dtr3 dtc2\">9.5<\/td><td    class=\"dtr3 dtc3\">110<\/td><\/tr><tr class=\" row4\"><td    class=\"dtr4 dtc0\">FD-010100<\/td><td    class=\"dtr4 dtc1\">100 x 100 x 40<\/td><td    class=\"dtr4 dtc2\">13<\/td><td    class=\"dtr4 dtc3\">300<\/td><\/tr><\/tbody><tfoot><tr><td class=\"dtr4 dtc0\" style=\"height: 0;\"><\/td><td class=\"dtr4 dtc1\" style=\"height: 0;\"><\/td><td class=\"dtr4 dtc2\" style=\"height: 0;\"><\/td><td class=\"dtr4 dtc3\" style=\"height: 0;\"><\/td><\/tr><\/tfoot><\/table><\/div><style>#wptmtable126 .dataTables_wrapper > .dataTables_scroll {max-height:500px;overflow: auto;}<\/style><script>window.wptm_ajaxurl = 'https:\/\/mavideniz.com.tr\/wp-admin\/admin-ajax.php?juwpfisadmin=false&action=Wptm&'; window.wptm_front = 'https:\/\/mavideniz.com.tr\/wp-content\/plugins\/wp-table-manager\/app\/site\/assets\/'; window.wptm_style = 'https:\/\/mavideniz.com.tr\/wp-content\/uploads\/wptm\/';<\/script><\/div><style><\/style>\n","protected":false},"excerpt":{"rendered":"<p>Le Dock flottant a diff\u00e9rents types et configurations disponibles. Le Dock flottant est adapt\u00e9 pour les applications r\u00e9sidentielles, commerciales, de [&hellip;]<\/p>\n","protected":false},"author":1,"featured_media":0,"parent":39166,"menu_order":0,"comment_status":"closed","ping_status":"closed","template":"","meta":{"site-sidebar-layout":"default","site-content-layout":"","ast-site-content-layout":"default","site-content-style":"default","site-sidebar-style":"default","ast-global-header-display":"","ast-banner-title-visibility":"","ast-main-header-display":"","ast-hfb-above-header-display":"","ast-hfb-below-header-display":"","ast-hfb-mobile-header-display":"","site-post-title":"","ast-breadcrumbs-content":"","ast-featured-img":"","footer-sml-layout":"","ast-disable-related-posts":"","theme-transparent-header-meta":"","adv-header-id-meta":"","stick-header-meta":"","header-above-stick-meta":"","header-main-stick-meta":"","header-below-stick-meta":"","astra-migrate-meta-layouts":"default","ast-page-background-enabled":"default","ast-page-background-meta":{"desktop":{"background-color":"var(--ast-global-color-5)","background-image":"","background-repeat":"repeat","background-position":"center center","background-size":"auto","background-attachment":"scroll","background-type":"","background-media":"","overlay-type":"","overlay-color":"","overlay-opacity":"","overlay-gradient":""},"tablet":{"background-color":"","background-image":"","background-repeat":"repeat","background-position":"center center","background-size":"auto","background-attachment":"scroll","background-type":"","background-media":"","overlay-type":"","overlay-color":"","overlay-opacity":"","overlay-gradient":""},"mobile":{"background-color":"","background-image":"","background-repeat":"repeat","background-position":"center center","background-size":"auto","background-attachment":"scroll","background-type":"","background-media":"","overlay-type":"","overlay-color":"","overlay-opacity":"","overlay-gradient":""}},"ast-content-background-meta":{"desktop":{"background-color":"var(--ast-global-color-4)","background-image":"","background-repeat":"repeat","background-position":"center center","background-size":"auto","background-attachment":"scroll","background-type":"","background-media":"","overlay-type":"","overlay-color":"","overlay-opacity":"","overlay-gradient":""},"tablet":{"background-color":"var(--ast-global-color-4)","background-image":"","background-repeat":"repeat","background-position":"center center","background-size":"auto","background-attachment":"scroll","background-type":"","background-media":"","overlay-type":"","overlay-color":"","overlay-opacity":"","overlay-gradient":""},"mobile":{"background-color":"var(--ast-global-color-4)","background-image":"","background-repeat":"repeat","background-position":"center center","background-size":"auto","background-attachment":"scroll","background-type":"","background-media":"","overlay-type":"","overlay-color":"","overlay-opacity":"","overlay-gradient":""}},"footnotes":""},"class_list":["post-39605","page","type-page","status-publish","hentry"],"_links":{"self":[{"href":"https:\/\/mavideniz.com.tr\/fr\/wp-json\/wp\/v2\/pages\/39605","targetHints":{"allow":["GET"]}}],"collection":[{"href":"https:\/\/mavideniz.com.tr\/fr\/wp-json\/wp\/v2\/pages"}],"about":[{"href":"https:\/\/mavideniz.com.tr\/fr\/wp-json\/wp\/v2\/types\/page"}],"author":[{"embeddable":true,"href":"https:\/\/mavideniz.com.tr\/fr\/wp-json\/wp\/v2\/users\/1"}],"replies":[{"embeddable":true,"href":"https:\/\/mavideniz.com.tr\/fr\/wp-json\/wp\/v2\/comments?post=39605"}],"version-history":[{"count":0,"href":"https:\/\/mavideniz.com.tr\/fr\/wp-json\/wp\/v2\/pages\/39605\/revisions"}],"up":[{"embeddable":true,"href":"https:\/\/mavideniz.com.tr\/fr\/wp-json\/wp\/v2\/pages\/39166"}],"wp:attachment":[{"href":"https:\/\/mavideniz.com.tr\/fr\/wp-json\/wp\/v2\/media?parent=39605"}],"curies":[{"name":"wp","href":"https:\/\/api.w.org\/{rel}","templated":true}]}}