{"id":39616,"date":"2022-10-09T16:36:59","date_gmt":"2022-10-09T16:36:59","guid":{"rendered":"https:\/\/mavideniz.com.tr\/?page_id=39616"},"modified":"2022-10-09T16:37:04","modified_gmt":"2022-10-09T16:37:04","slug":"bloc-dalimentation-hydraulique-entrainement-electrique","status":"publish","type":"page","link":"https:\/\/mavideniz.com.tr\/fr\/produits-industriels\/bloc-dalimentation-hydraulique\/bloc-dalimentation-hydraulique-entrainement-electrique\/","title":{"rendered":"Bloc d&rsquo;alimentation hydraulique &#8211; Entra\u00eenement \u00e9lectrique"},"content":{"rendered":"\n<p>Le bloc d&rsquo;alimentation hydraulique \u00e0 moteur \u00e9lectrique de Mavi Deniz fournira toute la puissance hydraulique lisse et fiable que vous pouvez utiliser.<\/p>\n<p>Le bloc d&rsquo;alimentation hydraulique entra\u00een\u00e9 par moteur \u00e9lectrique est une unit\u00e9 qui fournit de l&rsquo;huile sous pression pour entra\u00eener des moteurs ou des cylindres hydrauliques. Le moteur \u00e9lectrique est le moteur principal.<\/p>\n<p>Le groupe hydraulique \u00e0 moteur \u00e9lectrique fournit principalement des pompes \u00e0 entra\u00eenement hydraulique \u2014 Par l&rsquo;interm\u00e9diaire de tuyaux ou de tuyaux, l&rsquo;huile sous pression est transport\u00e9e vers la pompe \u00e0 entra\u00eenement hydraulique. En ajustant le d\u00e9bit du bloc d&rsquo;alimentation, la vitesse de la pompe hydraulique peut s&rsquo;adapter. Il est \u00e9galement possible d&rsquo;entra\u00eener plusieurs pompes avec un bloc d&rsquo;alimentation hydraulique. Dans ce cas, une vanne proportionnelle est n\u00e9cessaire pour r\u00e9gler la vitesse des pompes individuelles.<\/p>\n<p><strong>Facultatif<\/strong><\/p>\n<p>Diff\u00e9rents choix de vannes \/ Diff\u00e9rentes pressions de travail \/ Filtres, jauges, raccords rapides \/ R\u00e9servoirs hydrauliques plus grands \/ Commandes et activateurs \u00e9lectriques \/ D\u00e9marreurs de moteur magn\u00e9tique \/ Diff\u00e9rents types de pompes, d&rsquo;ailettes et de pistons \/ Roues et poign\u00e9es de transport, etc.<\/p>\n<p><strong>Caract\u00e9ristiques | Options<\/strong><\/p>\n<ul>\n<li>Hydraulic Power Pack dispose de moteurs \u00e9lectriques de haute qualit\u00e9, T.E.F.C.<\/li>\n<li>Le bloc d&rsquo;alimentation hydraulique a des pompes \u00e0 engrenages robustes.<\/li>\n<li>R\u00e9servoirs Hydrauliques Robustes<\/li>\n<li>Bouchon de remplissage\/reniflard<\/li>\n<li>Portage De R\u00e9servoir Suppl\u00e9mentaire Pour Ajouter Des Accessoires<\/li>\n<li>\u00c9lectrique | Hybride<\/li>\n<li>Standard | Portable | Remorque | Mont\u00e9 sur patins<\/li>\n<\/ul>\n<p>Les Power Packs Mavi Deniz sont fabriqu\u00e9s en utilisant les meilleurs composants disponibles, garantissant une longue dur\u00e9e de vie avec un service mondial et la livraison de pi\u00e8ces de rechange \u00e0 court terme.<\/p>\n<div class=\"wptm_table tablesorter-bootstrap \" data-id=\"97\" data-hightlight=\"0\"><div class=\"wptm_buttons buttons_wptmTbl97\"><\/div><div class=\"wptmresponsive dataTables-wptmtable wptmtable \" id=\"wptmtable97\" data-tableid=\"wptmTbl97\"><table data-count-header=\"1\"  data-format-decimal_count=\"0\" data-format-decimal_symbol=\".\" data-format-symbol_position=\"0\" data-format-thousand_symbol=\",\"  data-format-currency_symbol=\"$\"  data-name-style=\"97_1759674323.css\" data-format=\"YYYY-MM-DD\" id=\"wptmTbl97\" data-id=\"97\" data-responsive=\"false\" data-hideCols=\"false\"  data-type=\"html\" data-paging=\"false\" data-searching=\"true\"  data-ordering=\"false\" data-table-breakpoint=\"980\" data-scroll-x=\"true\" data-scroll-collapse=\"true\" data-align=\"center\" data-range=\"[]\" data-hideColumn=\"[0,0,0,0,0,0]\"  data-colwidths=\"[190,190,190,190,190,190]\"  data-colwidths_desktop=[]  data-colwidths_tablet=[]  data-colwidths_mobile=[]  class=\"wptm_main_table  disablePager hideScrollHeader\"><colgroup><col data-dtr=\"0\" data-dtc=\"0\" class=\"dtc0\"><col data-dtr=\"0\" data-dtc=\"1\" class=\"dtc1\"><col data-dtr=\"0\" data-dtc=\"2\" class=\"dtc2\"><col data-dtr=\"0\" data-dtc=\"3\" class=\"dtc3\"><col data-dtr=\"0\" data-dtc=\"4\" class=\"dtc4\"><col data-dtr=\"0\" data-dtc=\"5\" class=\"dtc5\"><\/colgroup><thead><tr class=\"wptm-header-cells-index\"><th rowspan=\"1\" colspan=\"1\" data-dtr=\"0\" data-dtc=\"0\" class=\"dtr0 dtc0\"><\/th><th rowspan=\"1\" colspan=\"1\" data-dtr=\"0\" data-dtc=\"1\" class=\"dtr0 dtc1\"><\/th><th rowspan=\"1\" colspan=\"1\" data-dtr=\"0\" data-dtc=\"2\" class=\"dtr0 dtc2\"><\/th><th rowspan=\"1\" colspan=\"1\" data-dtr=\"0\" data-dtc=\"3\" class=\"dtr0 dtc3\"><\/th><th rowspan=\"1\" colspan=\"1\" data-dtr=\"0\" data-dtc=\"4\" class=\"dtr0 dtc4\"><\/th><th rowspan=\"1\" colspan=\"1\" data-dtr=\"0\" data-dtc=\"5\" class=\"dtr0 dtc5\"><\/th><\/tr><tr class=\" row0\"><th   data-priority=\"0\" class=\"dtr0 dtc0\"><\/th><th   data-priority=\"0\" class=\"dtr0 dtc1\">     Power<\/th><th   data-priority=\"0\" class=\"dtr0 dtc2\">Weight<\/th><th   data-priority=\"0\" class=\"dtr0 dtc3\">     Electrical Requirements<\/th><th   data-priority=\"0\" class=\"dtr0 dtc4\">    Flow & Pressure<\/th><th   data-priority=\"0\" class=\"dtr0 dtc5\">     Reservoir<\/th><\/thead><tbody><tr class=\" row1\"><td    class=\"dtr1 dtc0\"> EPP 5<\/td><td    class=\"dtr1 dtc1\">4.8 hp<\/td><td    class=\"dtr1 dtc2\">80 kg<\/td><td    class=\"dtr1 dtc3\">220 \/ 380 V<\/td><td    class=\"dtr1 dtc4\">10 L\/min & 120 bar<\/td><td    class=\"dtr1 dtc5\">15 lt<\/td><\/tr><tr class=\" row2\"><td    class=\"dtr2 dtc0\">EPP 7<\/td><td    class=\"dtr2 dtc1\">7 hp<\/td><td    class=\"dtr2 dtc2\">130 kg<\/td><td    class=\"dtr2 dtc3\">220 \/ 380 V<\/td><td    class=\"dtr2 dtc4\">20 L\/min & 150 bar<\/td><td    class=\"dtr2 dtc5\">20 lt<\/td><\/tr><tr class=\" row3\"><td    class=\"dtr3 dtc0\">EPP 10<\/td><td    class=\"dtr3 dtc1\">10 hp<\/td><td    class=\"dtr3 dtc2\">130 kg<\/td><td    class=\"dtr3 dtc3\">220 \/ 380 V<\/td><td    class=\"dtr3 dtc4\">25 L\/min & 200 bar<\/td><td    class=\"dtr3 dtc5\">25 lt<\/td><\/tr><tr class=\" row4\"><td    class=\"dtr4 dtc0\">EPP 15<\/td><td    class=\"dtr4 dtc1\">15 hp<\/td><td    class=\"dtr4 dtc2\">230 kg<\/td><td    class=\"dtr4 dtc3\">220 \/ 380 V<\/td><td    class=\"dtr4 dtc4\">30 L\/min & 250 bar<\/td><td    class=\"dtr4 dtc5\">30 lt<\/td><\/tr><tr class=\" row5\"><td    class=\"dtr5 dtc0\">EPP 20<\/td><td    class=\"dtr5 dtc1\">20 hp<\/td><td    class=\"dtr5 dtc2\">250 kg<\/td><td    class=\"dtr5 dtc3\">220 \/ 380 V<\/td><td    class=\"dtr5 dtc4\">45 L\/min & 250 bar<\/td><td    class=\"dtr5 dtc5\">45 lt<\/td><\/tr><tr class=\" row6\"><td    class=\"dtr6 dtc0\">EPP 25<\/td><td    class=\"dtr6 dtc1\">25 Hp<\/td><td    class=\"dtr6 dtc2\">320 kg<\/td><td    class=\"dtr6 dtc3\">220 \/ 380 V<\/td><td    class=\"dtr6 dtc4\">50 L\/min & 250 bar<\/td><td    class=\"dtr6 dtc5\">50 lt<\/td><\/tr><tr class=\" row7\"><td    class=\"dtr7 dtc0\">EPP 30<\/td><td    class=\"dtr7 dtc1\">30 Hp<\/td><td    class=\"dtr7 dtc2\">330 kg<\/td><td    class=\"dtr7 dtc3\">220 \/ 380 V<\/td><td    class=\"dtr7 dtc4\">70 L\/min & 250 bar<\/td><td    class=\"dtr7 dtc5\">95 lt<\/td><\/tr><tr class=\" row8\"><td    class=\"dtr8 dtc0\">EPP 40<\/td><td    class=\"dtr8 dtc1\">40 Hp<\/td><td    class=\"dtr8 dtc2\">370 kg<\/td><td    class=\"dtr8 dtc3\">220 \/ 380 V<\/td><td    class=\"dtr8 dtc4\">95 L\/min & 250 bar<\/td><td    class=\"dtr8 dtc5\">120 lt<\/td><\/tr><tr class=\" row9\"><td    class=\"dtr9 dtc0\">EPP 50<\/td><td    class=\"dtr9 dtc1\">50 hp<\/td><td    class=\"dtr9 dtc2\">400 kg<\/td><td    class=\"dtr9 dtc3\">220 \/ 380 V<\/td><td    class=\"dtr9 dtc4\">120 L\/min & 250 bar<\/td><td    class=\"dtr9 dtc5\">200 lt<\/td><\/tr><tr class=\" row10\"><td    class=\"dtr10 dtc0\">EPP 60<\/td><td    class=\"dtr10 dtc1\">60 hp<\/td><td    class=\"dtr10 dtc2\">440 Kg<\/td><td    class=\"dtr10 dtc3\">220 \/ 380 V<\/td><td    class=\"dtr10 dtc4\">150 L\/min & 250 bar<\/td><td    class=\"dtr10 dtc5\">250 lt<\/td><\/tr><tr class=\" row11\"><td    class=\"dtr11 dtc0\">EPP 80<\/td><td    class=\"dtr11 dtc1\">80 hp<\/td><td    class=\"dtr11 dtc2\">820 kg<\/td><td    class=\"dtr11 dtc3\">220 \/ 380 V<\/td><td    class=\"dtr11 dtc4\">175 L\/min & 250 bar<\/td><td    class=\"dtr11 dtc5\">380 lt<\/td><\/tr><tr class=\" row12\"><td  data-data-rowspansetheight=\"1\" rowspan=\"2\"   class=\"dtr12 dtc0\">Optional<\/td><td  colspan=\"5\"   class=\"dtr12 dtc1\">Standard | Portable | Trailer | Skid Mounted<\/td><td  style=\"display: none\"   class=\"dtr12 dtc2\"><\/td><td  style=\"display: none\"   class=\"dtr12 dtc3\"><\/td><td  style=\"display: none\"   class=\"dtr12 dtc4\"><\/td><td  style=\"display: none\"   class=\"dtr12 dtc5\"><\/td><\/tr><tr class=\" row13\"><td  style=\"display: none\"   class=\"dtr13 dtc0\"><\/td><td  colspan=\"5\"   class=\"dtr13 dtc1\">Ex-Proof<\/td><td  style=\"display: none\"   class=\"dtr13 dtc2\"><\/td><td  style=\"display: none\"   class=\"dtr13 dtc3\"><\/td><td  style=\"display: none\"   class=\"dtr13 dtc4\"><\/td><td  style=\"display: none\"   class=\"dtr13 dtc5\"><\/td><\/tr><\/tbody><tfoot><tr><td class=\"dtr13 dtc0\" style=\"height: 0;\"><\/td><td class=\"dtr13 dtc1\" style=\"height: 0;\"><\/td><td class=\"dtr13 dtc2\" style=\"height: 0;\"><\/td><td class=\"dtr13 dtc3\" style=\"height: 0;\"><\/td><td class=\"dtr13 dtc4\" style=\"height: 0;\"><\/td><td class=\"dtr13 dtc5\" style=\"height: 0;\"><\/td><\/tr><\/tfoot><\/table><\/div><style>#wptmtable97 .dataTables_wrapper > .dataTables_scroll {max-height:500px;overflow: auto;}<\/style><script>window.wptm_ajaxurl = 'https:\/\/mavideniz.com.tr\/wp-admin\/admin-ajax.php?juwpfisadmin=false&action=Wptm&'; window.wptm_front = 'https:\/\/mavideniz.com.tr\/wp-content\/plugins\/wp-table-manager\/app\/site\/assets\/'; window.wptm_style = 'https:\/\/mavideniz.com.tr\/wp-content\/uploads\/wptm\/';<\/script><\/div><style><\/style>\n","protected":false},"excerpt":{"rendered":"<p>Le bloc d&rsquo;alimentation hydraulique \u00e0 moteur \u00e9lectrique de Mavi Deniz fournira toute la puissance hydraulique lisse et fiable que vous [&hellip;]<\/p>\n","protected":false},"author":1,"featured_media":0,"parent":39612,"menu_order":0,"comment_status":"closed","ping_status":"closed","template":"","meta":{"site-sidebar-layout":"default","site-content-layout":"","ast-site-content-layout":"default","site-content-style":"default","site-sidebar-style":"default","ast-global-header-display":"","ast-banner-title-visibility":"","ast-main-header-display":"","ast-hfb-above-header-display":"","ast-hfb-below-header-display":"","ast-hfb-mobile-header-display":"","site-post-title":"","ast-breadcrumbs-content":"","ast-featured-img":"","footer-sml-layout":"","ast-disable-related-posts":"","theme-transparent-header-meta":"","adv-header-id-meta":"","stick-header-meta":"","header-above-stick-meta":"","header-main-stick-meta":"","header-below-stick-meta":"","astra-migrate-meta-layouts":"default","ast-page-background-enabled":"default","ast-page-background-meta":{"desktop":{"background-color":"var(--ast-global-color-5)","background-image":"","background-repeat":"repeat","background-position":"center center","background-size":"auto","background-attachment":"scroll","background-type":"","background-media":"","overlay-type":"","overlay-color":"","overlay-opacity":"","overlay-gradient":""},"tablet":{"background-color":"","background-image":"","background-repeat":"repeat","background-position":"center center","background-size":"auto","background-attachment":"scroll","background-type":"","background-media":"","overlay-type":"","overlay-color":"","overlay-opacity":"","overlay-gradient":""},"mobile":{"background-color":"","background-image":"","background-repeat":"repeat","background-position":"center center","background-size":"auto","background-attachment":"scroll","background-type":"","background-media":"","overlay-type":"","overlay-color":"","overlay-opacity":"","overlay-gradient":""}},"ast-content-background-meta":{"desktop":{"background-color":"var(--ast-global-color-4)","background-image":"","background-repeat":"repeat","background-position":"center center","background-size":"auto","background-attachment":"scroll","background-type":"","background-media":"","overlay-type":"","overlay-color":"","overlay-opacity":"","overlay-gradient":""},"tablet":{"background-color":"var(--ast-global-color-4)","background-image":"","background-repeat":"repeat","background-position":"center center","background-size":"auto","background-attachment":"scroll","background-type":"","background-media":"","overlay-type":"","overlay-color":"","overlay-opacity":"","overlay-gradient":""},"mobile":{"background-color":"var(--ast-global-color-4)","background-image":"","background-repeat":"repeat","background-position":"center center","background-size":"auto","background-attachment":"scroll","background-type":"","background-media":"","overlay-type":"","overlay-color":"","overlay-opacity":"","overlay-gradient":""}},"footnotes":""},"class_list":["post-39616","page","type-page","status-publish","hentry"],"_links":{"self":[{"href":"https:\/\/mavideniz.com.tr\/fr\/wp-json\/wp\/v2\/pages\/39616","targetHints":{"allow":["GET"]}}],"collection":[{"href":"https:\/\/mavideniz.com.tr\/fr\/wp-json\/wp\/v2\/pages"}],"about":[{"href":"https:\/\/mavideniz.com.tr\/fr\/wp-json\/wp\/v2\/types\/page"}],"author":[{"embeddable":true,"href":"https:\/\/mavideniz.com.tr\/fr\/wp-json\/wp\/v2\/users\/1"}],"replies":[{"embeddable":true,"href":"https:\/\/mavideniz.com.tr\/fr\/wp-json\/wp\/v2\/comments?post=39616"}],"version-history":[{"count":0,"href":"https:\/\/mavideniz.com.tr\/fr\/wp-json\/wp\/v2\/pages\/39616\/revisions"}],"up":[{"embeddable":true,"href":"https:\/\/mavideniz.com.tr\/fr\/wp-json\/wp\/v2\/pages\/39612"}],"wp:attachment":[{"href":"https:\/\/mavideniz.com.tr\/fr\/wp-json\/wp\/v2\/media?parent=39616"}],"curies":[{"name":"wp","href":"https:\/\/api.w.org\/{rel}","templated":true}]}}