{"id":39620,"date":"2022-10-09T16:39:17","date_gmt":"2022-10-09T16:39:17","guid":{"rendered":"https:\/\/mavideniz.com.tr\/?page_id=39620"},"modified":"2022-10-09T16:39:21","modified_gmt":"2022-10-09T16:39:21","slug":"bloc-dalimentation-hydraulique-entraine-par-moteur","status":"publish","type":"page","link":"https:\/\/mavideniz.com.tr\/fr\/produits-industriels\/bloc-dalimentation-hydraulique\/bloc-dalimentation-hydraulique-entraine-par-moteur\/","title":{"rendered":"Bloc d&rsquo;alimentation hydraulique &#8211; entra\u00een\u00e9 par moteur"},"content":{"rendered":"\n<p>Le Mavi Deniz Hydraulic Power Pack est entra\u00een\u00e9 par moteur pour convertir une source d&rsquo;entra\u00eenement primaire en un flux de fluide hydraulique pour fournir la puissance hydraulique requise. Le Powerpack hydraulique peut utiliser des bobines de fl\u00e8che, des treuils, des \u00e9cumeurs, des pompes et l&rsquo;alimentation de divers outils de construction.<\/p>\n<p>Des vannes de r\u00e9gulation de pression limitent ou contr\u00f4lent la pression hydraulique dans le syst\u00e8me hydraulique. Vannes hydrauliques \u00e0 commande directionnelle : les vannes manuelles, \u00e9lectriques, pneumatiques ou hydrauliques dirigent le flux d&rsquo;huile autour du syst\u00e8me pour utiliser des actionneurs, des moteurs ou d&rsquo;autres fonctions.<\/p>\n<p>Hydraulic Power Pack a la norme europ\u00e9enne EN 1834-1:2000 couvrant le fonctionnement des moteurs diesel dans les zones dangereuses de la zone 1 ou de la zone 2 o\u00f9 des gaz ou des vapeurs inflammables peuvent exister.<\/p>\n<p>Hydraulic Power Pack est disponible dans une large gamme de puissances nominales et est rendu portable avec un cadre ouvert sur roues, avec une structure ferm\u00e9e, un bloc d&rsquo;alimentation sur mesure, un bloc d&rsquo;alimentation \u00e0 ch\u00e2ssis d\u00e9rapant, un bloc d&rsquo;alimentation conteneuris\u00e9, un bloc d&rsquo;alimentation mont\u00e9 sur remorque.<\/p>\n<p>Les Power Packs Mavi Deniz sont fabriqu\u00e9s en utilisant les meilleurs composants disponibles, garantissant une longue dur\u00e9e de vie avec un service mondial et la livraison de pi\u00e8ces de rechange \u00e0 court terme. Hydraulic Power Pack con\u00e7u et fabriqu\u00e9 en Turquie.<\/p>\n<p><strong>Caract\u00e9ristiques | Options<\/strong><\/p>\n<ul>\n<li>La large gamme d&rsquo;options d&rsquo;alimentation<\/li>\n<li>Circuits de commande simples ou doubles<\/li>\n<li>Compact, silencieux et respectueux de l&rsquo;environnement.<\/li>\n<li>Maintenance facile<\/li>\n<li>Panneau de commande ergonomique<\/li>\n<li>Raccords rapides en laiton r\u00e9sistant \u00e0 la corrosion pure.<\/li>\n<li>Op\u00e9rations locales ou \u00e0 distance, via un contr\u00f4leur sans fil<\/li>\n<li>Finition poudr\u00e9e attrayante<\/li>\n<li>Roues robustes pour un transport facile<\/li>\n<li>Construisez avec des composants de classe mondiale.<\/li>\n<li>Diesel | Essence | Gaz | Hybride<\/li>\n<li>Standard | Portable | Remorque | Mont\u00e9 sur patins<\/li>\n<\/ul>\n<div class=\"wptm_table tablesorter-bootstrap \" data-id=\"96\" data-hightlight=\"0\"><div class=\"wptm_buttons buttons_wptmTbl96\"><\/div><div class=\"wptmresponsive dataTables-wptmtable wptmtable \" id=\"wptmtable96\" data-tableid=\"wptmTbl96\"><table data-count-header=\"1\"  data-format-decimal_count=\"0\" data-format-decimal_symbol=\".\" data-format-symbol_position=\"0\" data-format-thousand_symbol=\",\"  data-format-currency_symbol=\"$\"  data-name-style=\"96_1759713667.css\" data-format=\"YYYY-MM-DD\" id=\"wptmTbl96\" data-id=\"96\" data-responsive=\"false\" data-hideCols=\"false\"  data-type=\"html\" data-paging=\"false\" data-searching=\"true\"  data-ordering=\"false\" data-table-breakpoint=\"980\" data-scroll-x=\"true\" data-scroll-collapse=\"true\" data-align=\"center\" data-range=\"[]\" data-hideColumn=\"[0,0,0,0,0,0]\"  data-colwidths=\"[170,190,190,210,190,190]\"  data-colwidths_desktop=[]  data-colwidths_tablet=[]  data-colwidths_mobile=[]  class=\"wptm_main_table  disablePager hideScrollHeader\"><colgroup><col data-dtr=\"0\" data-dtc=\"0\" class=\"dtc0\"><col data-dtr=\"0\" data-dtc=\"1\" class=\"dtc1\"><col data-dtr=\"0\" data-dtc=\"2\" class=\"dtc2\"><col data-dtr=\"0\" data-dtc=\"3\" class=\"dtc3\"><col data-dtr=\"0\" data-dtc=\"4\" class=\"dtc4\"><col data-dtr=\"0\" data-dtc=\"5\" class=\"dtc5\"><\/colgroup><thead><tr class=\"wptm-header-cells-index\"><th rowspan=\"1\" colspan=\"1\" data-dtr=\"0\" data-dtc=\"0\" class=\"dtr0 dtc0\"><\/th><th rowspan=\"1\" colspan=\"1\" data-dtr=\"0\" data-dtc=\"1\" class=\"dtr0 dtc1\"><\/th><th rowspan=\"1\" colspan=\"1\" data-dtr=\"0\" data-dtc=\"2\" class=\"dtr0 dtc2\"><\/th><th rowspan=\"1\" colspan=\"1\" data-dtr=\"0\" data-dtc=\"3\" class=\"dtr0 dtc3\"><\/th><th rowspan=\"1\" colspan=\"1\" data-dtr=\"0\" data-dtc=\"4\" class=\"dtr0 dtc4\"><\/th><th rowspan=\"1\" colspan=\"1\" data-dtr=\"0\" data-dtc=\"5\" class=\"dtr0 dtc5\"><\/th><\/tr><tr class=\" row0\"><th   data-priority=\"0\" class=\"dtr0 dtc0\"><\/th><th   data-priority=\"0\" class=\"dtr0 dtc1\">     Power<\/th><th   data-priority=\"0\" class=\"dtr0 dtc2\">Weight<\/th><th   data-priority=\"0\" class=\"dtr0 dtc3\">Engine Type<\/th><th   data-priority=\"0\" class=\"dtr0 dtc4\">    Flow & Pressure<\/th><th   data-priority=\"0\" class=\"dtr0 dtc5\">Reservoir<\/th><\/thead><tbody><tr class=\" row1\"><td    class=\"dtr1 dtc0\">PP 5<\/td><td    class=\"dtr1 dtc1\">    4.8 hp<\/td><td    class=\"dtr1 dtc2\"> 75 kg<\/td><td    class=\"dtr1 dtc3\">Tier 3-4 Air Cooled Diesel<\/td><td    class=\"dtr1 dtc4\">13 L\/min & 120 bar<\/td><td    class=\"dtr1 dtc5\">15 lt<\/td><\/tr><tr class=\" row2\"><td    class=\"dtr2 dtc0\">PP 7<\/td><td    class=\"dtr2 dtc1\">    7 hp<\/td><td    class=\"dtr2 dtc2\">100 kg<\/td><td    class=\"dtr2 dtc3\">Tier 3-4 Air Cooled Diesel<\/td><td    class=\"dtr2 dtc4\">19 L\/min & 120 bar<\/td><td    class=\"dtr2 dtc5\">20 lt<\/td><\/tr><tr class=\" row3\"><td    class=\"dtr3 dtc0\">PP 10<\/td><td    class=\"dtr3 dtc1\">    10 hp<\/td><td    class=\"dtr3 dtc2\">125 kg<\/td><td    class=\"dtr3 dtc3\">Tier 3-4 Air Cooled Diesel<\/td><td    class=\"dtr3 dtc4\">27 L\/min & 250 bar<\/td><td    class=\"dtr3 dtc5\">25 lt<\/td><\/tr><tr class=\" row4\"><td    class=\"dtr4 dtc0\">PP 15<\/td><td    class=\"dtr4 dtc1\">    15 hp<\/td><td    class=\"dtr4 dtc2\">195 kg<\/td><td    class=\"dtr4 dtc3\">Tier 3-4 Air Cooled Diesel<\/td><td    class=\"dtr4 dtc4\">35 L\/min & 250 bar<\/td><td    class=\"dtr4 dtc5\">30 lt<\/td><\/tr><tr class=\" row5\"><td    class=\"dtr5 dtc0\">PP 20<\/td><td    class=\"dtr5 dtc1\">    20 hp<\/td><td    class=\"dtr5 dtc2\">215 kg<\/td><td    class=\"dtr5 dtc3\">Tier 3-4 Liquid Cooled Diesel<\/td><td    class=\"dtr5 dtc4\">40 L\/min & 250 bar<\/td><td    class=\"dtr5 dtc5\">95 lt<\/td><\/tr><tr class=\" row6\"><td    class=\"dtr6 dtc0\">PP 25<\/td><td    class=\"dtr6 dtc1\">25 Hp<\/td><td    class=\"dtr6 dtc2\">325 kg<\/td><td    class=\"dtr6 dtc3\">Tier 3-4 Liquid Cooled Diesel<\/td><td    class=\"dtr6 dtc4\">55 L\/min & 250 bar<\/td><td    class=\"dtr6 dtc5\">55 lt<\/td><\/tr><tr class=\" row7\"><td    class=\"dtr7 dtc0\">PP 50<\/td><td    class=\"dtr7 dtc1\">50 hp<\/td><td    class=\"dtr7 dtc2\">386 kg<\/td><td    class=\"dtr7 dtc3\">Tier 3-4 Liquid Cooled Diesel<\/td><td    class=\"dtr7 dtc4\">140 L\/min &  250 bar<\/td><td    class=\"dtr7 dtc5\">90 lt<\/td><\/tr><tr class=\" row8\"><td    class=\"dtr8 dtc0\">PP 80<\/td><td    class=\"dtr8 dtc1\">    80 hp<\/td><td    class=\"dtr8 dtc2\">523 kg<\/td><td    class=\"dtr8 dtc3\">Tier 3-4 Liquid Cooled Diesel<\/td><td    class=\"dtr8 dtc4\">150 L\/min &  250 bar<\/td><td    class=\"dtr8 dtc5\">160 lt<\/td><\/tr><tr class=\" row9\"><td    class=\"dtr9 dtc0\">PP 120<\/td><td    class=\"dtr9 dtc1\">    120 hp<\/td><td    class=\"dtr9 dtc2\">850 kg<\/td><td    class=\"dtr9 dtc3\">Tier 3-4 Liquid Cooled Diesel<\/td><td    class=\"dtr9 dtc4\">180 L\/min &  350 bar<\/td><td    class=\"dtr9 dtc5\">200 lt<\/td><\/tr><tr class=\" row10\"><td    class=\"dtr10 dtc0\">PP 150<\/td><td    class=\"dtr10 dtc1\">150 hp<\/td><td    class=\"dtr10 dtc2\">900 kg<\/td><td    class=\"dtr10 dtc3\">Tier 3-4 Liquid Cooled Diesel<\/td><td    class=\"dtr10 dtc4\">200 L\/min &  250 bar<\/td><td    class=\"dtr10 dtc5\">225 lt<\/td><\/tr><tr class=\" row11\"><td    class=\"dtr11 dtc0\">PP 200<\/td><td    class=\"dtr11 dtc1\">200 hp<\/td><td    class=\"dtr11 dtc2\">950 kg<\/td><td    class=\"dtr11 dtc3\">Tier 3-4 Liquid Cooled Diesel<\/td><td    class=\"dtr11 dtc4\">250 L\/min &  350 bar<\/td><td    class=\"dtr11 dtc5\">250 lt<\/td><\/tr><tr class=\" row12\"><td    class=\"dtr12 dtc0\">PP 225<\/td><td    class=\"dtr12 dtc1\">    225 hp<\/td><td    class=\"dtr12 dtc2\">950 kg<\/td><td    class=\"dtr12 dtc3\">Tier 3-4 Liquid Cooled Diesel<\/td><td    class=\"dtr12 dtc4\">280 L\/min &  350 bar<\/td><td    class=\"dtr12 dtc5\">275 lt<\/td><\/tr><tr class=\" row13\"><td    class=\"dtr13 dtc0\">PP 250<\/td><td    class=\"dtr13 dtc1\">250 hp<\/td><td    class=\"dtr13 dtc2\">1050 kg<\/td><td    class=\"dtr13 dtc3\">Tier 3-4 Liquid Cooled Diesel<\/td><td    class=\"dtr13 dtc4\">350 L\/min &  350 bar<\/td><td    class=\"dtr13 dtc5\">300 lt<\/td><\/tr><tr class=\" row14\"><td    class=\"dtr14 dtc0\">PP 300<\/td><td    class=\"dtr14 dtc1\">300 hp<\/td><td    class=\"dtr14 dtc2\">5000 kg<\/td><td    class=\"dtr14 dtc3\">Tier 3-4 Liquid Cooled Diesel<\/td><td    class=\"dtr14 dtc4\">420 L\/min &  250 bar<\/td><td    class=\"dtr14 dtc5\">275 lt<\/td><\/tr><tr class=\" row15\"><td    class=\"dtr15 dtc0\">PP 400<\/td><td    class=\"dtr15 dtc1\">400 hp<\/td><td    class=\"dtr15 dtc2\">6000 kg<\/td><td    class=\"dtr15 dtc3\">Tier 3-4 Liquid Cooled Diesel<\/td><td    class=\"dtr15 dtc4\">520 L\/min &  350 bar<\/td><td    class=\"dtr15 dtc5\">300 lt<\/td><\/tr><tr class=\" row16\"><td    class=\"dtr16 dtc0\">Optional<\/td><td  colspan=\"5\"   class=\"dtr16 dtc1\">Trailer | Skid Mounted<\/td><td  style=\"display: none\"   class=\"dtr16 dtc2\"><\/td><td  style=\"display: none\"   class=\"dtr16 dtc3\"><\/td><td  style=\"display: none\"   class=\"dtr16 dtc4\"><\/td><td  style=\"display: none\"   class=\"dtr16 dtc5\"><\/td><\/tr><tr class=\" row17\"><td    class=\"dtr17 dtc0\"><\/td><td  colspan=\"5\"   class=\"dtr17 dtc1\">Diesel (Standard) | ( Battery + Electric | Hydrogen Fuel Cell | Solar Energy | Hydrogen Engine | Natural Gas Engine ) Optional<\/td><td  style=\"display: none\"   class=\"dtr17 dtc2\"><\/td><td  style=\"display: none\"   class=\"dtr17 dtc3\"><\/td><td  style=\"display: none\"   class=\"dtr17 dtc4\"><\/td><td  style=\"display: none\"   class=\"dtr17 dtc5\"><\/td><\/tr><tr class=\" row18\"><td    class=\"dtr18 dtc0\"><\/td><td  colspan=\"5\"   class=\"dtr18 dtc1\">Arctic Edition - Tropical Edition<\/td><td  style=\"display: none\"   class=\"dtr18 dtc2\"><\/td><td  style=\"display: none\"   class=\"dtr18 dtc3\"><\/td><td  style=\"display: none\"   class=\"dtr18 dtc4\"><\/td><td  style=\"display: none\"   class=\"dtr18 dtc5\"><\/td><\/tr><tr class=\" row19\"><td    class=\"dtr19 dtc0\"><\/td><td  colspan=\"5\"   class=\"dtr19 dtc1\">Remote control<\/td><td  style=\"display: none\"   class=\"dtr19 dtc2\"><\/td><td  style=\"display: none\"   class=\"dtr19 dtc3\"><\/td><td  style=\"display: none\"   class=\"dtr19 dtc4\"><\/td><td  style=\"display: none\"   class=\"dtr19 dtc5\"><\/td><\/tr><tr class=\" row20\"><td    class=\"dtr20 dtc0\"><\/td><td  colspan=\"5\"   class=\"dtr20 dtc1\">Touchscreen\u2014multiple units over CAN-bus<\/td><td  style=\"display: none\"   class=\"dtr20 dtc2\"><\/td><td  style=\"display: none\"   class=\"dtr20 dtc3\"><\/td><td  style=\"display: none\"   class=\"dtr20 dtc4\"><\/td><td  style=\"display: none\"   class=\"dtr20 dtc5\"><\/td><\/tr><tr class=\" row21\"><td    class=\"dtr21 dtc0\"><\/td><td  colspan=\"5\"   class=\"dtr21 dtc1\">third party certification (Lloyds, DNV\/GL, Bureau Veritas, etc), - CE Marking<\/td><td  style=\"display: none\"   class=\"dtr21 dtc2\"><\/td><td  style=\"display: none\"   class=\"dtr21 dtc3\"><\/td><td  style=\"display: none\"   class=\"dtr21 dtc4\"><\/td><td  style=\"display: none\"   class=\"dtr21 dtc5\"><\/td><\/tr><tr class=\" row22\"><td    class=\"dtr22 dtc0\"><\/td><td  colspan=\"5\"   class=\"dtr22 dtc1\">Extreme Acoustic Louvres<\/td><td  style=\"display: none\"   class=\"dtr22 dtc2\"><\/td><td  style=\"display: none\"   class=\"dtr22 dtc3\"><\/td><td  style=\"display: none\"   class=\"dtr22 dtc4\"><\/td><td  style=\"display: none\"   class=\"dtr22 dtc5\"><\/td><\/tr><tr class=\" row23\"><td    class=\"dtr23 dtc0\"><\/td><td  colspan=\"5\"   class=\"dtr23 dtc1\">Build To Order<\/td><td  style=\"display: none\"   class=\"dtr23 dtc2\"><\/td><td  style=\"display: none\"   class=\"dtr23 dtc3\"><\/td><td  style=\"display: none\"   class=\"dtr23 dtc4\"><\/td><td  style=\"display: none\"   class=\"dtr23 dtc5\"><\/td><\/tr><\/tbody><tfoot><tr><td class=\"dtr23 dtc0\" style=\"height: 0;\"><\/td><td class=\"dtr23 dtc1\" style=\"height: 0;\"><\/td><td class=\"dtr23 dtc2\" style=\"height: 0;\"><\/td><td class=\"dtr23 dtc3\" style=\"height: 0;\"><\/td><td class=\"dtr23 dtc4\" style=\"height: 0;\"><\/td><td class=\"dtr23 dtc5\" style=\"height: 0;\"><\/td><\/tr><\/tfoot><\/table><\/div><style>#wptmtable96 .dataTables_wrapper > .dataTables_scroll {max-height:800px;overflow: auto;}<\/style><script>window.wptm_ajaxurl = 'https:\/\/mavideniz.com.tr\/wp-admin\/admin-ajax.php?juwpfisadmin=false&action=Wptm&'; window.wptm_front = 'https:\/\/mavideniz.com.tr\/wp-content\/plugins\/wp-table-manager\/app\/site\/assets\/'; window.wptm_style = 'https:\/\/mavideniz.com.tr\/wp-content\/uploads\/wptm\/';<\/script><\/div><style><\/style>\n","protected":false},"excerpt":{"rendered":"<p>Le Mavi Deniz Hydraulic Power Pack est entra\u00een\u00e9 par moteur pour convertir une source d&rsquo;entra\u00eenement primaire en un flux de [&hellip;]<\/p>\n","protected":false},"author":1,"featured_media":0,"parent":39612,"menu_order":0,"comment_status":"closed","ping_status":"closed","template":"","meta":{"site-sidebar-layout":"default","site-content-layout":"","ast-site-content-layout":"default","site-content-style":"default","site-sidebar-style":"default","ast-global-header-display":"","ast-banner-title-visibility":"","ast-main-header-display":"","ast-hfb-above-header-display":"","ast-hfb-below-header-display":"","ast-hfb-mobile-header-display":"","site-post-title":"","ast-breadcrumbs-content":"","ast-featured-img":"","footer-sml-layout":"","ast-disable-related-posts":"","theme-transparent-header-meta":"","adv-header-id-meta":"","stick-header-meta":"","header-above-stick-meta":"","header-main-stick-meta":"","header-below-stick-meta":"","astra-migrate-meta-layouts":"default","ast-page-background-enabled":"default","ast-page-background-meta":{"desktop":{"background-color":"var(--ast-global-color-5)","background-image":"","background-repeat":"repeat","background-position":"center center","background-size":"auto","background-attachment":"scroll","background-type":"","background-media":"","overlay-type":"","overlay-color":"","overlay-opacity":"","overlay-gradient":""},"tablet":{"background-color":"","background-image":"","background-repeat":"repeat","background-position":"center center","background-size":"auto","background-attachment":"scroll","background-type":"","background-media":"","overlay-type":"","overlay-color":"","overlay-opacity":"","overlay-gradient":""},"mobile":{"background-color":"","background-image":"","background-repeat":"repeat","background-position":"center center","background-size":"auto","background-attachment":"scroll","background-type":"","background-media":"","overlay-type":"","overlay-color":"","overlay-opacity":"","overlay-gradient":""}},"ast-content-background-meta":{"desktop":{"background-color":"var(--ast-global-color-4)","background-image":"","background-repeat":"repeat","background-position":"center center","background-size":"auto","background-attachment":"scroll","background-type":"","background-media":"","overlay-type":"","overlay-color":"","overlay-opacity":"","overlay-gradient":""},"tablet":{"background-color":"var(--ast-global-color-4)","background-image":"","background-repeat":"repeat","background-position":"center center","background-size":"auto","background-attachment":"scroll","background-type":"","background-media":"","overlay-type":"","overlay-color":"","overlay-opacity":"","overlay-gradient":""},"mobile":{"background-color":"var(--ast-global-color-4)","background-image":"","background-repeat":"repeat","background-position":"center center","background-size":"auto","background-attachment":"scroll","background-type":"","background-media":"","overlay-type":"","overlay-color":"","overlay-opacity":"","overlay-gradient":""}},"footnotes":""},"class_list":["post-39620","page","type-page","status-publish","hentry"],"_links":{"self":[{"href":"https:\/\/mavideniz.com.tr\/fr\/wp-json\/wp\/v2\/pages\/39620","targetHints":{"allow":["GET"]}}],"collection":[{"href":"https:\/\/mavideniz.com.tr\/fr\/wp-json\/wp\/v2\/pages"}],"about":[{"href":"https:\/\/mavideniz.com.tr\/fr\/wp-json\/wp\/v2\/types\/page"}],"author":[{"embeddable":true,"href":"https:\/\/mavideniz.com.tr\/fr\/wp-json\/wp\/v2\/users\/1"}],"replies":[{"embeddable":true,"href":"https:\/\/mavideniz.com.tr\/fr\/wp-json\/wp\/v2\/comments?post=39620"}],"version-history":[{"count":0,"href":"https:\/\/mavideniz.com.tr\/fr\/wp-json\/wp\/v2\/pages\/39620\/revisions"}],"up":[{"embeddable":true,"href":"https:\/\/mavideniz.com.tr\/fr\/wp-json\/wp\/v2\/pages\/39612"}],"wp:attachment":[{"href":"https:\/\/mavideniz.com.tr\/fr\/wp-json\/wp\/v2\/media?parent=39620"}],"curies":[{"name":"wp","href":"https:\/\/api.w.org\/{rel}","templated":true}]}}