{"id":39634,"date":"2022-10-09T17:34:27","date_gmt":"2022-10-09T17:34:27","guid":{"rendered":"https:\/\/mavideniz.com.tr\/?page_id=39634"},"modified":"2022-10-09T17:34:30","modified_gmt":"2022-10-09T17:34:30","slug":"drague-de-barrage-a-cadre-en-a","status":"publish","type":"page","link":"https:\/\/mavideniz.com.tr\/fr\/produits-industriels\/barrage-nettoyeur-de-riviere\/barrage-nettoyeur\/drague-de-barrage-a-cadre-en-a\/","title":{"rendered":"Drague de barrage \u00e0 cadre en A"},"content":{"rendered":"\n<p>A-Frame Dam Dredger est con\u00e7u pour l&rsquo;exploitation hydro\u00e9lectrique et \u00e9limine les s\u00e9diments, les limons et les d\u00e9bris du fond des lacs, des rivi\u00e8res, des barrages et d&rsquo;autres plans d&rsquo;eau. C&rsquo;est une n\u00e9cessit\u00e9 de routine dans les cours d&rsquo;eau du monde entier, car la s\u00e9dimentation, le processus naturel de lavage du sable et du limon en aval, remplit progressivement les canaux, les ports et les barrages.<\/p>\n<p>A-Frame Dam Dredger peut fonctionner \u00e0 distance par une personne. L&rsquo;unit\u00e9 de dragage peut facilement \u00eatre transport\u00e9e sur une remorque routi\u00e8re standard, ce qui facilite le d\u00e9placement de l&rsquo;unit\u00e9 d&rsquo;un \u00e9tang \u00e0 l&rsquo;autre sur un site minier. Les pompes de dragage peuvent changer en fonction des exigences ou des applications du client.<\/p>\n<p><strong>Caract\u00e9ristiques<\/strong><\/p>\n<ul>\n<li>D\u00e9shydratation Des Mines<\/li>\n<li>Dragage De Barrage<\/li>\n<li>Extraction de sable et de gravier<\/li>\n<li>Conception compacte avec des performances \u00e9lev\u00e9es<\/li>\n<li>Enl\u00e8vement de limon et de s\u00e9diment<\/li>\n<li>T\u00e9l\u00e9commande<\/li>\n<li>Syst\u00e8me \u00e9lectrique ou hydraulique<\/li>\n<\/ul>\n<div class=\"wptm_table tablesorter-bootstrap \" data-id=\"114\" data-hightlight=\"0\"><div class=\"wptm_buttons buttons_wptmTbl114\"><\/div><div class=\"wptmresponsive dataTables-wptmtable wptmtable \" id=\"wptmtable114\" data-tableid=\"wptmTbl114\"><table data-count-header=\"1\"  data-format-decimal_count=\"0\" data-format-decimal_symbol=\".\" data-format-symbol_position=\"0\" data-format-thousand_symbol=\",\"  data-format-currency_symbol=\"$\"  data-name-style=\"114_1759711378.css\" data-format=\"YYYY-MM-DD\" id=\"wptmTbl114\" data-id=\"114\" data-responsive=\"false\" data-hideCols=\"false\"  data-type=\"html\" data-paging=\"false\" data-searching=\"true\"  data-ordering=\"false\" data-table-breakpoint=\"980\" data-scroll-x=\"true\" data-scroll-collapse=\"true\" data-align=\"center\" data-range=\"[]\" data-hideColumn=\"[0,0,0,0,0,0]\"  data-colwidths=\"[190,190,190,190,190,190]\"  data-colwidths_desktop=[]  data-colwidths_tablet=[]  data-colwidths_mobile=[]  class=\"wptm_main_table  disablePager hideScrollHeader\"><colgroup><col data-dtr=\"0\" data-dtc=\"0\" class=\"dtc0\"><col data-dtr=\"0\" data-dtc=\"1\" class=\"dtc1\"><col data-dtr=\"0\" data-dtc=\"2\" class=\"dtc2\"><col data-dtr=\"0\" data-dtc=\"3\" class=\"dtc3\"><col data-dtr=\"0\" data-dtc=\"4\" class=\"dtc4\"><col data-dtr=\"0\" data-dtc=\"5\" class=\"dtc5\"><\/colgroup><thead><tr class=\"wptm-header-cells-index\"><th rowspan=\"1\" colspan=\"1\" data-dtr=\"0\" data-dtc=\"0\" class=\"dtr0 dtc0\"><\/th><th rowspan=\"1\" colspan=\"1\" data-dtr=\"0\" data-dtc=\"1\" class=\"dtr0 dtc1\"><\/th><th rowspan=\"1\" colspan=\"1\" data-dtr=\"0\" data-dtc=\"2\" class=\"dtr0 dtc2\"><\/th><th rowspan=\"1\" colspan=\"1\" data-dtr=\"0\" data-dtc=\"3\" class=\"dtr0 dtc3\"><\/th><th rowspan=\"1\" colspan=\"1\" data-dtr=\"0\" data-dtc=\"4\" class=\"dtr0 dtc4\"><\/th><th rowspan=\"1\" colspan=\"1\" data-dtr=\"0\" data-dtc=\"5\" class=\"dtr0 dtc5\"><\/th><\/tr><tr class=\" row0\"><th   data-priority=\"0\" class=\"dtr0 dtc0\">\u00a0<\/th><th   data-priority=\"0\" class=\"dtr0 dtc1\">A-Frame Dredger 200<\/th><th   data-priority=\"0\" class=\"dtr0 dtc2\">A-Frame Dredger 250<\/th><th   data-priority=\"0\" class=\"dtr0 dtc3\">A-Frame Dredger 300<\/th><th   data-priority=\"0\" class=\"dtr0 dtc4\">A-Frame Dredger 350<\/th><th   data-priority=\"0\" class=\"dtr0 dtc5\">A-Frame Dredger 400<\/th><\/thead><tbody><tr class=\" row1\"><td    class=\"dtr1 dtc0\">Diemnsion<\/td><td    class=\"dtr1 dtc1\">8m x 6m x 5m<\/td><td    class=\"dtr1 dtc2\">8m x 6m x 5m<\/td><td    class=\"dtr1 dtc3\">8m x 6m x 5m<\/td><td    class=\"dtr1 dtc4\">8m x 6m x 5m<\/td><td    class=\"dtr1 dtc5\">8m x 6m x 5m<\/td><\/tr><tr class=\" row2\"><td    class=\"dtr2 dtc0\">Pump Type<\/td><td  colspan=\"5\"   class=\"dtr2 dtc1\">Heavy-Duty Electrical or Hydraulic Submersible Slurry Pump<\/td><td  style=\"display: none\"   class=\"dtr2 dtc2\"><\/td><td  style=\"display: none\"   class=\"dtr2 dtc3\"><\/td><td  style=\"display: none\"   class=\"dtr2 dtc4\"><\/td><td  style=\"display: none\"   class=\"dtr2 dtc5\"><\/td><\/tr><tr class=\" row3\"><td    class=\"dtr3 dtc0\">Discharge Diameter<\/td><td    class=\"dtr3 dtc1\">DN 200 - 8\"<\/td><td    class=\"dtr3 dtc2\">DN 250 - 10\"<\/td><td    class=\"dtr3 dtc3\">DN 300 - 12\"<\/td><td    class=\"dtr3 dtc4\">DN 350 - 14\"<\/td><td    class=\"dtr3 dtc5\">DN 400 - 16\"<\/td><\/tr><tr class=\" row4\"><td    class=\"dtr4 dtc0\">Nominal Capacity<\/td><td    class=\"dtr4 dtc1\">350 m3\/h<\/td><td    class=\"dtr4 dtc2\">500 m3\/h<\/td><td    class=\"dtr4 dtc3\">1200 m3\/h<\/td><td    class=\"dtr4 dtc4\">1500 m3\/h<\/td><td    class=\"dtr4 dtc5\">1800 m3\/h<\/td><\/tr><tr class=\" row5\"><td    class=\"dtr5 dtc0\">Working Depth<\/td><td    class=\"dtr5 dtc1\">Up to 100 m<\/td><td    class=\"dtr5 dtc2\">Up to 100 m<\/td><td    class=\"dtr5 dtc3\">Up to 100 m<\/td><td    class=\"dtr5 dtc4\">Up to 100 m<\/td><td    class=\"dtr5 dtc5\">Up to 100 m<\/td><\/tr><tr class=\" row6\"><td    class=\"dtr6 dtc0\">Total Power<\/td><td    class=\"dtr6 dtc1\">130 kW  (Diesel or Electric)<\/td><td    class=\"dtr6 dtc2\">230 kW  (Diesel or Electric)<\/td><td    class=\"dtr6 dtc3\">310 kW  (Diesel or Electric)<\/td><td    class=\"dtr6 dtc4\">470 kW  (Diesel or Electric)<\/td><td    class=\"dtr6 dtc5\">780 kW  (Diesel or Electric)<\/td><\/tr><tr class=\" row7\"><td    class=\"dtr7 dtc0\">Standard Cabin<\/td><td  colspan=\"5\"   class=\"dtr7 dtc1\">Open operator cabin with protected by canopy for anti-bad weather.<\/td><td  style=\"display: none\"   class=\"dtr7 dtc2\"><\/td><td  style=\"display: none\"   class=\"dtr7 dtc3\"><\/td><td  style=\"display: none\"   class=\"dtr7 dtc4\"><\/td><td  style=\"display: none\"   class=\"dtr7 dtc5\"><\/td><\/tr><tr class=\" row8\"><td    class=\"dtr8 dtc0\">High-Pressure Water System<\/td><td    class=\"dtr8 dtc1\">Optional<\/td><td    class=\"dtr8 dtc2\">Optional<\/td><td    class=\"dtr8 dtc3\">Optional<\/td><td    class=\"dtr8 dtc4\">Optional<\/td><td    class=\"dtr8 dtc5\">Optional<\/td><\/tr><tr class=\" row9\"><td    class=\"dtr9 dtc0\">Propulsion (Optional)<\/td><td    class=\"dtr9 dtc1\">Self Propelled<\/td><td    class=\"dtr9 dtc2\">Self Propelled<\/td><td    class=\"dtr9 dtc3\">Self Propelled<\/td><td    class=\"dtr9 dtc4\">Self Propelled<\/td><td    class=\"dtr9 dtc5\">Self Propelled<\/td><\/tr><tr class=\" row10\"><td    class=\"dtr10 dtc0\">Cutter Head (Optional)<\/td><td    class=\"dtr10 dtc1\">1 or 2 Cutters<\/td><td    class=\"dtr10 dtc2\">1 or 2 Cutters<\/td><td    class=\"dtr10 dtc3\">1 or 2 Cutters<\/td><td    class=\"dtr10 dtc4\">1 or 2 Cutters<\/td><td    class=\"dtr10 dtc5\">1 or 2 Cutters<\/td><\/tr><tr class=\" row11\"><td    class=\"dtr11 dtc0\">Auger Cutter Head (Optional)<\/td><td    class=\"dtr11 dtc1\">Available<\/td><td    class=\"dtr11 dtc2\">Available<\/td><td    class=\"dtr11 dtc3\">Available<\/td><td    class=\"dtr11 dtc4\">Available<\/td><td    class=\"dtr11 dtc5\">Available<\/td><\/tr><tr class=\" row12\"><td    class=\"dtr12 dtc0\">Water Jet Ring (Optional)<\/td><td  colspan=\"5\"   class=\"dtr12 dtc1\">High-Pressure Water System<\/td><td  style=\"display: none\"   class=\"dtr12 dtc2\"><\/td><td  style=\"display: none\"   class=\"dtr12 dtc3\"><\/td><td  style=\"display: none\"   class=\"dtr12 dtc4\"><\/td><td  style=\"display: none\"   class=\"dtr12 dtc5\"><\/td><\/tr><tr class=\" row13\"><td    class=\"dtr13 dtc0\">Cabin (Optional)<\/td><td  colspan=\"5\"   class=\"dtr13 dtc1\">\u00a0Closed Operator cabin with air conditioning<\/td><td  style=\"display: none\"   class=\"dtr13 dtc2\"><\/td><td  style=\"display: none\"   class=\"dtr13 dtc3\"><\/td><td  style=\"display: none\"   class=\"dtr13 dtc4\"><\/td><td  style=\"display: none\"   class=\"dtr13 dtc5\"><\/td><\/tr><tr class=\" row14\"><td    class=\"dtr14 dtc0\">Transportation ( Optional )<\/td><td    class=\"dtr14 dtc1\">4 x 40\"<\/td><td    class=\"dtr14 dtc2\">4 x 40\"<\/td><td    class=\"dtr14 dtc3\">5 x 40\"<\/td><td    class=\"dtr14 dtc4\">5 x 40\"<\/td><td    class=\"dtr14 dtc5\">5 x 40\"<\/td><\/tr><\/tbody><tfoot><tr><td class=\"dtr14 dtc0\" style=\"height: 0;\"><\/td><td class=\"dtr14 dtc1\" style=\"height: 0;\"><\/td><td class=\"dtr14 dtc2\" style=\"height: 0;\"><\/td><td class=\"dtr14 dtc3\" style=\"height: 0;\"><\/td><td class=\"dtr14 dtc4\" style=\"height: 0;\"><\/td><td class=\"dtr14 dtc5\" style=\"height: 0;\"><\/td><\/tr><\/tfoot><\/table><\/div><style>#wptmtable114 .dataTables_wrapper > .dataTables_scroll {max-height:500px;overflow: auto;}<\/style><script>window.wptm_ajaxurl = 'https:\/\/mavideniz.com.tr\/wp-admin\/admin-ajax.php?juwpfisadmin=false&action=Wptm&'; window.wptm_front = 'https:\/\/mavideniz.com.tr\/wp-content\/plugins\/wp-table-manager\/app\/site\/assets\/'; window.wptm_style = 'https:\/\/mavideniz.com.tr\/wp-content\/uploads\/wptm\/';<\/script><\/div><style><\/style>\n","protected":false},"excerpt":{"rendered":"<p>A-Frame Dam Dredger est con\u00e7u pour l&rsquo;exploitation hydro\u00e9lectrique et \u00e9limine les s\u00e9diments, les limons et les d\u00e9bris du fond des [&hellip;]<\/p>\n","protected":false},"author":1,"featured_media":0,"parent":39629,"menu_order":0,"comment_status":"closed","ping_status":"closed","template":"","meta":{"site-sidebar-layout":"default","site-content-layout":"","ast-site-content-layout":"default","site-content-style":"default","site-sidebar-style":"default","ast-global-header-display":"","ast-banner-title-visibility":"","ast-main-header-display":"","ast-hfb-above-header-display":"","ast-hfb-below-header-display":"","ast-hfb-mobile-header-display":"","site-post-title":"","ast-breadcrumbs-content":"","ast-featured-img":"","footer-sml-layout":"","ast-disable-related-posts":"","theme-transparent-header-meta":"","adv-header-id-meta":"","stick-header-meta":"","header-above-stick-meta":"","header-main-stick-meta":"","header-below-stick-meta":"","astra-migrate-meta-layouts":"default","ast-page-background-enabled":"default","ast-page-background-meta":{"desktop":{"background-color":"var(--ast-global-color-5)","background-image":"","background-repeat":"repeat","background-position":"center center","background-size":"auto","background-attachment":"scroll","background-type":"","background-media":"","overlay-type":"","overlay-color":"","overlay-opacity":"","overlay-gradient":""},"tablet":{"background-color":"","background-image":"","background-repeat":"repeat","background-position":"center center","background-size":"auto","background-attachment":"scroll","background-type":"","background-media":"","overlay-type":"","overlay-color":"","overlay-opacity":"","overlay-gradient":""},"mobile":{"background-color":"","background-image":"","background-repeat":"repeat","background-position":"center center","background-size":"auto","background-attachment":"scroll","background-type":"","background-media":"","overlay-type":"","overlay-color":"","overlay-opacity":"","overlay-gradient":""}},"ast-content-background-meta":{"desktop":{"background-color":"var(--ast-global-color-4)","background-image":"","background-repeat":"repeat","background-position":"center center","background-size":"auto","background-attachment":"scroll","background-type":"","background-media":"","overlay-type":"","overlay-color":"","overlay-opacity":"","overlay-gradient":""},"tablet":{"background-color":"var(--ast-global-color-4)","background-image":"","background-repeat":"repeat","background-position":"center center","background-size":"auto","background-attachment":"scroll","background-type":"","background-media":"","overlay-type":"","overlay-color":"","overlay-opacity":"","overlay-gradient":""},"mobile":{"background-color":"var(--ast-global-color-4)","background-image":"","background-repeat":"repeat","background-position":"center center","background-size":"auto","background-attachment":"scroll","background-type":"","background-media":"","overlay-type":"","overlay-color":"","overlay-opacity":"","overlay-gradient":""}},"footnotes":""},"class_list":["post-39634","page","type-page","status-publish","hentry"],"_links":{"self":[{"href":"https:\/\/mavideniz.com.tr\/fr\/wp-json\/wp\/v2\/pages\/39634","targetHints":{"allow":["GET"]}}],"collection":[{"href":"https:\/\/mavideniz.com.tr\/fr\/wp-json\/wp\/v2\/pages"}],"about":[{"href":"https:\/\/mavideniz.com.tr\/fr\/wp-json\/wp\/v2\/types\/page"}],"author":[{"embeddable":true,"href":"https:\/\/mavideniz.com.tr\/fr\/wp-json\/wp\/v2\/users\/1"}],"replies":[{"embeddable":true,"href":"https:\/\/mavideniz.com.tr\/fr\/wp-json\/wp\/v2\/comments?post=39634"}],"version-history":[{"count":0,"href":"https:\/\/mavideniz.com.tr\/fr\/wp-json\/wp\/v2\/pages\/39634\/revisions"}],"up":[{"embeddable":true,"href":"https:\/\/mavideniz.com.tr\/fr\/wp-json\/wp\/v2\/pages\/39629"}],"wp:attachment":[{"href":"https:\/\/mavideniz.com.tr\/fr\/wp-json\/wp\/v2\/media?parent=39634"}],"curies":[{"name":"wp","href":"https:\/\/api.w.org\/{rel}","templated":true}]}}