{"id":39638,"date":"2022-10-09T17:50:35","date_gmt":"2022-10-09T17:50:35","guid":{"rendered":"https:\/\/mavideniz.com.tr\/?page_id=39638"},"modified":"2024-05-12T16:59:03","modified_gmt":"2024-05-12T16:59:03","slug":"trash-rack-cleaner-machine-de-nettoyage-decran","status":"publish","type":"page","link":"https:\/\/mavideniz.com.tr\/fr\/produits-industriels\/barrage-nettoyeur-de-riviere\/barrage-nettoyeur\/trash-rack-cleaner-machine-de-nettoyage-decran\/","title":{"rendered":"Machine de nettoyage d&rsquo;\u00e9cran"},"content":{"rendered":"\n<p>Mavi Deniz est con\u00e7u pour \u00eatre utilis\u00e9 dans tous les types d&rsquo;applications o\u00f9 l&rsquo;accumulation de d\u00e9bris sur les \u00e9crans de barre est typique, et la protection de l&rsquo;\u00e9quipement en aval est essentielle. Id\u00e9al pour une utilisation dans les usines de traitement des eaux us\u00e9es, les usines de traitement de l&rsquo;eau potable, les stations de pompage, les centrales d&rsquo;admission, les travaux de r\u00e9cup\u00e9ration int\u00e9rieure<\/p>\n<p>La t\u00eate de nettoyage de r\u00e2teau \u00e0 ordures comprend un profil d&rsquo;acier angulaire, sur lequel un bord d&rsquo;essuie-glace est fix\u00e9, assurant un nettoyage minutieux du r\u00e2teau \u00e0 ordures et \u00e9liminant m\u00eame les morceaux les plus mineurs de d\u00e9bris. L&rsquo;alignement parfait des barres du r\u00e2telier \u00e0 ordures n&rsquo;est pas essentiel puisque le r\u00e2teau de nettoyage ne s&rsquo;engage pas entre les barres d&rsquo;acier.<\/p>\n<p>La rampe de nettoyage est reli\u00e9e au support par deux essieux avec des paliers \u00e0 bride pour permettre la rotation requise malgr\u00e9 la lubrification \u00e0 vie, et ces paliers \u00e0 bride sont \u00e9galement \u00e9quip\u00e9s de graisseurs. Les deux bras sont fabriqu\u00e9s \u00e0 partir de tubes en acier \u00e0 paroi \u00e9paisse, qui offrent une r\u00e9sistance \u00e0 la torsion exceptionnellement \u00e9lev\u00e9e.<\/p>\n<p><strong>Nettoyeur De R\u00e2telier \u00c0 Ordures Exploit\u00e9 Par ;<\/strong><\/p>\n<ul>\n<li>Machine \u00c0 C\u00e2bler<\/li>\n<li>Machine Hydraulique \u00c0 Racler<\/li>\n<\/ul>\n<p>Les machines de classement \u00e0 c\u00e2ble peuvent \u00eatre actionn\u00e9es manuellement et automatiquement sans op\u00e9rateur. La machine de ramassage des ordures se d\u00e9place sur des rails mont\u00e9s sur le pont pour traverser la structure afin de nettoyer tous les supports d&rsquo;ordures, une section \u00e0 la fois. Le nettoyage est effectu\u00e9 en abaissant et en contr\u00f4lant la pince \u00e0 d\u00e9bris \u00e0 l&rsquo;aide de c\u00e2bles. Les d\u00e9bris peuvent \u00eatre r\u00e2tel\u00e9s dans un wagon \u00e0 ordures ou dans une poubelle qui se d\u00e9place avec le r\u00e2teau ou dans un syst\u00e8me de transport de d\u00e9bris (convoyeur).<\/p>\n<p>Les machines de classement hydrauliques peuvent \u00eatre actionn\u00e9es manuellement et automatiquement sans op\u00e9rateur. Les d\u00e9bris sont ramass\u00e9s vers le haut de la poubelle par le r\u00e2teau hydraulique et jet\u00e9s sur le pont pour le retrait manuel ou dans un syst\u00e8me de transport de d\u00e9bris. Ce type de r\u00e2teau \u00e0 ordures est con\u00e7u pour fonctionner \u00e0 la fois automatiquement et manuellement. Le syst\u00e8me de puissance hydraulique utilise une huile hydraulique sp\u00e9cialement formul\u00e9e et respectueuse de l&rsquo;environnement qui fournit la pression d&rsquo;huile n\u00e9cessaire pour effectuer les servomoteurs avec des soupapes de d\u00e9charge de pression fournissant une protection contre la surcharge.<\/p>\n<p><strong>Conception de rampe de r\u00e2teau \u00e0 ordures<\/strong><\/p>\n<ul>\n<li>Machine de nettoyage \u00e0 colonne \u00e0 bras unique<\/li>\n<li>Machine de nettoyage \u00e0 bras unique<\/li>\n<li>Machine de nettoyage \u00e0 double bras<\/li>\n<li>Machine de nettoyage t\u00e9lescopique \u00e0 double bras<\/li>\n<li>Machine de nettoyage \u00e0 double bras, \u00e0 double piston<\/li>\n<\/ul>\n<p><strong>Caract\u00e9ristiques | Facultatif<\/strong><\/p>\n<ul>\n<li>treuil \u00e0 fl\u00e8che avec r\u00e2teau-benne,<\/li>\n<li>Les commandes hydrauliques et \u00e9lectriques sont toutes log\u00e9es \u00e0 l&rsquo;int\u00e9rieur de la cabine de contr\u00f4le \u00e9tanche.<\/li>\n<li>Pas besoin de convoyeurs. Peut d\u00e9verser les d\u00e9bris r\u00e2p\u00e9s directement dans un camion.<\/li>\n<li>Nettoyage automatique et continu des racks \u00e0 ordures, si n\u00e9cessaire<\/li>\n<li>L&rsquo;appareil d&rsquo;entra\u00eenement n&rsquo;est pas install\u00e9 sous l&rsquo;eau et est facile \u00e0 entretenir.<\/li>\n<li>L&rsquo;\u00e9cran couvre toute la largeur du canal d&rsquo;eau, offrant une largeur de criblage plus large et des performances de haute efficacit\u00e9.<\/li>\n<li>Le type de voyage est \u00e9galement disponible pour couvrir un canal d&rsquo;eau sur demande du client.<\/li>\n<li>Le bras t\u00e9lescopique est constitu\u00e9 d&rsquo;un cadre rigide. Cette configuration rigide permet \u00e9galement d&rsquo;utiliser des grilles plus petites.<\/li>\n<li>Le point de r\u00e2telage peut \u00eatre r\u00e9gl\u00e9 \u00e0 n&rsquo;importe quelle profondeur d\u00e9sir\u00e9e pour racler le r\u00e9sidu.<\/li>\n<li>Un m\u00e9canisme coulissant \u00e0 bras unique avec un poids d&rsquo;\u00e9quilibre offre un fonctionnement plus silencieux et \u00e0 faible \u00e9nergie.<\/li>\n<li>L&rsquo;appareil d&rsquo;entra\u00eenement est install\u00e9 sur le canal d&rsquo;eau, et le bras avec un r\u00e2teau peut \u00e9galement \u00eatre positionn\u00e9 au-dessus de l&rsquo;eau pour permettre une v\u00e9rification et un entretien faciles.<\/li>\n<li>Commande PLC<\/li>\n<\/ul>\n<div class=\"wptm_table tablesorter-bootstrap \" data-id=\"115\" data-hightlight=\"0\"><div class=\"wptm_buttons buttons_wptmTbl115\"><\/div><div class=\"wptmresponsive dataTables-wptmtable wptmtable \" id=\"wptmtable115\" data-tableid=\"wptmTbl115\"><table data-count-header=\"1\"  data-format-decimal_count=\"0\" data-format-decimal_symbol=\".\" data-format-symbol_position=\"0\" data-format-thousand_symbol=\",\"  data-format-currency_symbol=\"$\"  data-name-style=\"115_1759711643.css\" data-format=\"YYYY-MM-DD\" id=\"wptmTbl115\" data-id=\"115\" data-responsive=\"false\" data-hideCols=\"false\"  data-type=\"html\" data-paging=\"false\" data-searching=\"true\"  data-ordering=\"false\" data-table-breakpoint=\"980\" data-scroll-x=\"true\" data-scroll-collapse=\"true\" data-align=\"center\" data-range=\"[]\" data-hideColumn=\"[0,0]\"  data-colwidths=\"[540,540]\"  data-colwidths_desktop=[]  data-colwidths_tablet=[]  data-colwidths_mobile=[]  class=\"wptm_main_table  disablePager hideScrollHeader\"><colgroup><col data-dtr=\"0\" data-dtc=\"0\" class=\"dtc0\"><col data-dtr=\"0\" data-dtc=\"1\" class=\"dtc1\"><\/colgroup><thead><tr class=\"wptm-header-cells-index\"><th rowspan=\"1\" colspan=\"1\" data-dtr=\"0\" data-dtc=\"0\" class=\"dtr0 dtc0\"><\/th><th rowspan=\"1\" colspan=\"1\" data-dtr=\"0\" data-dtc=\"1\" class=\"dtr0 dtc1\"><\/th><\/tr><tr class=\" row0\"><th   data-priority=\"0\" class=\"dtr0 dtc0\"><\/th><th   data-priority=\"0\" class=\"dtr0 dtc1\">Trash Rack Cleaner<\/th><\/thead><tbody><tr class=\" row1\"><td    class=\"dtr1 dtc0\">Trash Rake Type<\/td><td    class=\"dtr1 dtc1\">Cable | Hydraulic<\/td><\/tr><tr class=\" row2\"><td    class=\"dtr2 dtc0\">Trash Rake Head<\/td><td    class=\"dtr2 dtc1\">Mobile | Fixed<\/td><\/tr><tr class=\" row3\"><td    class=\"dtr3 dtc0\">Trash Rake Head Width<\/td><td    class=\"dtr3 dtc1\">Up to 7 m<\/td><\/tr><tr class=\" row4\"><td    class=\"dtr4 dtc0\">Raking Depth<\/td><td    class=\"dtr4 dtc1\">,<\/td><\/tr><tr class=\" row5\"><td    class=\"dtr5 dtc0\">Rake Boom Design<\/td><td    class=\"dtr5 dtc1\">Single | Double | Telescopic<\/td><\/tr><tr class=\" row6\"><td    class=\"dtr6 dtc0\">Min. Bar space<\/td><td    class=\"dtr6 dtc1\">10 mm<\/td><\/tr><tr class=\" row7\"><td    class=\"dtr7 dtc0\">Driven by<\/td><td    class=\"dtr7 dtc1\">Electric or Hydraulic<\/td><\/tr><tr class=\" row8\"><td    class=\"dtr8 dtc0\">Working Angle<\/td><td    class=\"dtr8 dtc1\">30 \u2013 75\u00b0<\/td><\/tr><tr class=\" row9\"><td    class=\"dtr9 dtc0\">Material<\/td><td    class=\"dtr9 dtc1\">Stainless Steel | Aluminum | Hot-dip galvanization<\/td><\/tr><tr class=\" row10\"><td    class=\"dtr10 dtc0\">Mesh Size<\/td><td    class=\"dtr10 dtc1\">2 mm to 50 mm<\/td><\/tr><tr class=\" row11\"><td    class=\"dtr11 dtc0\">Angle of Installation<\/td><td    class=\"dtr11 dtc1\">min. 30 degrees recommend<\/td><\/tr><tr class=\" row12\"><td    class=\"dtr12 dtc0\">Lifting Finger Space or Bar<\/td><td    class=\"dtr12 dtc1\">Every 3 mt<\/td><\/tr><tr class=\" row13\"><td    class=\"dtr13 dtc0\">Lifting Capacity<\/td><td    class=\"dtr13 dtc1\">Up to 2200 kg<\/td><\/tr><\/tbody><tfoot><tr><td class=\"dtr13 dtc0\" style=\"height: 0;\"><\/td><td class=\"dtr13 dtc1\" style=\"height: 0;\"><\/td><\/tr><\/tfoot><\/table><\/div><style>#wptmtable115 .dataTables_wrapper > .dataTables_scroll {max-height:500px;overflow: auto;}<\/style><script>window.wptm_ajaxurl = 'https:\/\/mavideniz.com.tr\/wp-admin\/admin-ajax.php?juwpfisadmin=false&action=Wptm&'; window.wptm_front = 'https:\/\/mavideniz.com.tr\/wp-content\/plugins\/wp-table-manager\/app\/site\/assets\/'; window.wptm_style = 'https:\/\/mavideniz.com.tr\/wp-content\/uploads\/wptm\/';<\/script><\/div><style><\/style>\n","protected":false},"excerpt":{"rendered":"<p>Mavi Deniz est con\u00e7u pour \u00eatre utilis\u00e9 dans tous les types d&rsquo;applications o\u00f9 l&rsquo;accumulation de d\u00e9bris sur les \u00e9crans de [&hellip;]<\/p>\n","protected":false},"author":1,"featured_media":0,"parent":39629,"menu_order":0,"comment_status":"closed","ping_status":"closed","template":"","meta":{"site-sidebar-layout":"default","site-content-layout":"","ast-site-content-layout":"default","site-content-style":"default","site-sidebar-style":"default","ast-global-header-display":"","ast-banner-title-visibility":"","ast-main-header-display":"","ast-hfb-above-header-display":"","ast-hfb-below-header-display":"","ast-hfb-mobile-header-display":"","site-post-title":"","ast-breadcrumbs-content":"","ast-featured-img":"","footer-sml-layout":"","ast-disable-related-posts":"","theme-transparent-header-meta":"","adv-header-id-meta":"","stick-header-meta":"","header-above-stick-meta":"","header-main-stick-meta":"","header-below-stick-meta":"","astra-migrate-meta-layouts":"default","ast-page-background-enabled":"default","ast-page-background-meta":{"desktop":{"background-color":"var(--ast-global-color-5)","background-image":"","background-repeat":"repeat","background-position":"center center","background-size":"auto","background-attachment":"scroll","background-type":"","background-media":"","overlay-type":"","overlay-color":"","overlay-opacity":"","overlay-gradient":""},"tablet":{"background-color":"","background-image":"","background-repeat":"repeat","background-position":"center center","background-size":"auto","background-attachment":"scroll","background-type":"","background-media":"","overlay-type":"","overlay-color":"","overlay-opacity":"","overlay-gradient":""},"mobile":{"background-color":"","background-image":"","background-repeat":"repeat","background-position":"center center","background-size":"auto","background-attachment":"scroll","background-type":"","background-media":"","overlay-type":"","overlay-color":"","overlay-opacity":"","overlay-gradient":""}},"ast-content-background-meta":{"desktop":{"background-color":"var(--ast-global-color-4)","background-image":"","background-repeat":"repeat","background-position":"center center","background-size":"auto","background-attachment":"scroll","background-type":"","background-media":"","overlay-type":"","overlay-color":"","overlay-opacity":"","overlay-gradient":""},"tablet":{"background-color":"var(--ast-global-color-4)","background-image":"","background-repeat":"repeat","background-position":"center center","background-size":"auto","background-attachment":"scroll","background-type":"","background-media":"","overlay-type":"","overlay-color":"","overlay-opacity":"","overlay-gradient":""},"mobile":{"background-color":"var(--ast-global-color-4)","background-image":"","background-repeat":"repeat","background-position":"center center","background-size":"auto","background-attachment":"scroll","background-type":"","background-media":"","overlay-type":"","overlay-color":"","overlay-opacity":"","overlay-gradient":""}},"footnotes":""},"class_list":["post-39638","page","type-page","status-publish","hentry"],"_links":{"self":[{"href":"https:\/\/mavideniz.com.tr\/fr\/wp-json\/wp\/v2\/pages\/39638","targetHints":{"allow":["GET"]}}],"collection":[{"href":"https:\/\/mavideniz.com.tr\/fr\/wp-json\/wp\/v2\/pages"}],"about":[{"href":"https:\/\/mavideniz.com.tr\/fr\/wp-json\/wp\/v2\/types\/page"}],"author":[{"embeddable":true,"href":"https:\/\/mavideniz.com.tr\/fr\/wp-json\/wp\/v2\/users\/1"}],"replies":[{"embeddable":true,"href":"https:\/\/mavideniz.com.tr\/fr\/wp-json\/wp\/v2\/comments?post=39638"}],"version-history":[{"count":0,"href":"https:\/\/mavideniz.com.tr\/fr\/wp-json\/wp\/v2\/pages\/39638\/revisions"}],"up":[{"embeddable":true,"href":"https:\/\/mavideniz.com.tr\/fr\/wp-json\/wp\/v2\/pages\/39629"}],"wp:attachment":[{"href":"https:\/\/mavideniz.com.tr\/fr\/wp-json\/wp\/v2\/media?parent=39638"}],"curies":[{"name":"wp","href":"https:\/\/api.w.org\/{rel}","templated":true}]}}