{"id":39643,"date":"2022-10-09T17:54:56","date_gmt":"2022-10-09T17:54:56","guid":{"rendered":"https:\/\/mavideniz.com.tr\/?page_id=39643"},"modified":"2022-10-09T17:55:00","modified_gmt":"2022-10-09T17:55:00","slug":"ecran-deau-mobile","status":"publish","type":"page","link":"https:\/\/mavideniz.com.tr\/fr\/produits-industriels\/barrage-nettoyeur-de-riviere\/barrage-nettoyeur\/ecran-deau-mobile\/","title":{"rendered":"\u00c9cran d&rsquo;eau mobile"},"content":{"rendered":"\n<p>Les \u00e9crans d&rsquo;eau itin\u00e9rante Mavi Deniz sont con\u00e7us pour fonctionner dans les centrales hydro\u00e9lectriques, les services publics d&rsquo;eau, les abstracteurs industriels, les p\u00eaches, les tableaux de drainage internes, le p\u00e9trole et le gaz, la p\u00e9trochimie et les r\u00e9gulateurs d&rsquo;eau.<\/p>\n<p>Les blocages des \u00e9crans et la r\u00e9duction du d\u00e9bit sont la principale cause des temps d&rsquo;arr\u00eat des turbines ou de la mauvaise performance de la plupart des centrales hydro\u00e9lectriques. L&rsquo;\u00e9cran d&rsquo;eau mobile Mavi Deniz peut augmenter la production d&rsquo;\u00e9nergie et r\u00e9duire le temps pass\u00e9 \u00e0 \u00e9liminer les blocages, \u00e0 r\u00e9duire les co\u00fbts d&rsquo;exploitation et \u00e0 augmenter le retour sur investissement.<\/p>\n<p>Traveling Water Screen est un syst\u00e8me auto-nettoyant dans les syst\u00e8mes hydro\u00e9lectriques, et les prises d&rsquo;eau re\u00e7oivent le d\u00e9bit maximal disponible tout le temps. Traveling Water Screen traite les d\u00e9chets ou les d\u00e9bris de la surface de l&rsquo;eau et les d\u00e9pose dans le panier \u00e0 ordures ou la surface, et tout le travail peut \u00eatre fait enti\u00e8rement automatique ou semi-automatique.<\/p>\n<p><strong>Applications typiques :<\/strong><\/p>\n<ul>\n<li>\u00c9cran d&rsquo;eau mobile pour bassins de tour de refroidissement.<\/li>\n<li>\u00c9cran d&rsquo;eau mobile pour les \u00e9crans verticaux ou horizontaux<\/li>\n<li>\u00c9cran d&rsquo;eau mobile pour l&rsquo;enl\u00e8vement des d\u00e9bris.<\/li>\n<li>\u00c9cran d&rsquo;eau de voyage pour \u00e9crans de poissons.<\/li>\n<li>\u00c9cran d&rsquo;eau de voyage pour les applications naturelles de l&rsquo;eau telles que les rivi\u00e8res, les lacs, etc.<\/li>\n<li>\u00c9cran d&rsquo;eau mobile pour eaux pluviales<\/li>\n<li>\u00c9cran d&rsquo;eau mobile pour la protection des usines de traitement<\/li>\n<li>\u00c9cran d&rsquo;eau mobile pour protection de pompe\/turbine<\/li>\n<li>\u00c9cran d&rsquo;eau mobile pour la s\u00e9paration des liquides\/solides<\/li>\n<li>\u00c9cran d&rsquo;eau mobile pour centrale nucl\u00e9aire<\/li>\n<li>\u00c9cran d&rsquo;eau mobile pour prise d&rsquo;eau<\/li>\n<li>\u00c9cran d&rsquo;eau mobile pour barrage<\/li>\n<\/ul>\n<p><strong>Caract\u00e9ristiques | Options<\/strong><\/p>\n<ul>\n<li>Taille et capacit\u00e9 personnalis\u00e9es pour l&rsquo;\u00e9cran d&rsquo;eau de voyage pour vos besoins.<\/li>\n<li>Les services comprennent la conception et l&rsquo;installation de grands \u00e9crans d&rsquo;eau mobile.<\/li>\n<li>Satisfaire aux exigences strictes de criblage des poissons et des anguilles<\/li>\n<li>Aucun roulement ou pignon sous-marin<\/li>\n<li>La surveillance et le contr\u00f4le en temps r\u00e9el au panneau de l&rsquo;automate ou \u00e0 distance est disponible sur demande du client pour correspondre \u00e0 ses sp\u00e9cifications requises, fournissant \u00e0 la fois la commande centrale et le syst\u00e8me de commande local, y compris la commande automatique de la vitesse de fonctionnement de l&rsquo;\u00e9cran, l&rsquo;interface avec le d\u00e9tecteur de diff\u00e9rence de niveau d&rsquo;eau entre le c\u00f4t\u00e9 admission et le c\u00f4t\u00e9 arri\u00e8re.<\/li>\n<li>Support \u00c0 Flux Multiples<\/li>\n<li>Peut rester inutilis\u00e9 pendant de longues p\u00e9riodes, mais peut commencer \u00e0 fonctionner de mani\u00e8re fiable pendant un \u00e9v\u00e9nement de temp\u00eate ou de pluie<\/li>\n<li>Le m\u00e9canisme d&rsquo;\u00e9cran d&rsquo;eau mobile permet de manipuler des ordures trop grandes ou volumineuses.<\/li>\n<li>Aucune pollution de l&rsquo;eau par les hydrocarbures<\/li>\n<li>Entra\u00een\u00e9 par l&rsquo;\u00e9nergie \u00e9lectrique ou la puissance du moteur<\/li>\n<li>Un dispositif de s\u00e9curit\u00e9 est pr\u00e9vu et actionn\u00e9 pour arr\u00eater le fonctionnement imm\u00e9diatement lorsque la surcharge anormale est engag\u00e9e plus que la charge pr\u00e9vue.<\/li>\n<li>Des buses de pulv\u00e9risation d\u00e9di\u00e9es sont adopt\u00e9es, r\u00e9gl\u00e9es \u00e0 un angle d&rsquo;injection variable non pas \u00e0 pas pour laver le treillis de la cr\u00e9pine pratiquement avec une zone de chevauchement moins grande de chaque buse.<\/li>\n<li>Une installation verticale ou horizontale est possible.<\/li>\n<li>Meilleures performances dans les applications d&rsquo;admission nouvelles ou existantes<\/li>\n<li>Facile \u00e0 installer, \u00e0 entretenir et \u00e0 utiliser<\/li>\n<\/ul>\n<div class=\"wptm_table tablesorter-bootstrap \" data-id=\"116\" data-hightlight=\"0\"><div class=\"wptm_buttons buttons_wptmTbl116\"><\/div><div class=\"wptmresponsive dataTables-wptmtable wptmtable \" id=\"wptmtable116\" data-tableid=\"wptmTbl116\"><table data-count-header=\"1\"  data-format-decimal_count=\"0\" data-format-decimal_symbol=\".\" data-format-symbol_position=\"0\" data-format-thousand_symbol=\",\"  data-format-currency_symbol=\"$\"  data-name-style=\"116_1759711712.css\" data-format=\"YYYY-MM-DD\" id=\"wptmTbl116\" data-id=\"116\" data-responsive=\"false\" data-hideCols=\"false\"  data-type=\"html\" data-paging=\"false\" data-searching=\"true\"  data-ordering=\"false\" data-table-breakpoint=\"980\" data-scroll-x=\"true\" data-scroll-collapse=\"true\" data-align=\"center\" data-range=\"[]\" data-hideColumn=\"[0,0]\"  data-colwidths=\"[540,540]\"  data-colwidths_desktop=[]  data-colwidths_tablet=[]  data-colwidths_mobile=[]  class=\"wptm_main_table  disablePager hideScrollHeader\"><colgroup><col data-dtr=\"0\" data-dtc=\"0\" class=\"dtc0\"><col data-dtr=\"0\" data-dtc=\"1\" class=\"dtc1\"><\/colgroup><thead><tr class=\"wptm-header-cells-index\"><th rowspan=\"1\" colspan=\"1\" data-dtr=\"0\" data-dtc=\"0\" class=\"dtr0 dtc0\"><\/th><th rowspan=\"1\" colspan=\"1\" data-dtr=\"0\" data-dtc=\"1\" class=\"dtr0 dtc1\"><\/th><\/tr><tr class=\" row0\"><th   data-priority=\"0\" class=\"dtr0 dtc0\"><\/th><th   data-priority=\"0\" class=\"dtr0 dtc1\">Traveling Water Screen + Self Cleaning Trash rack<\/th><\/thead><tbody><tr class=\" row1\"><td    class=\"dtr1 dtc0\"> Height<\/td><td    class=\"dtr1 dtc1\">Up to 4 m<\/td><\/tr><tr class=\" row2\"><td    class=\"dtr2 dtc0\">Width<\/td><td    class=\"dtr2 dtc1\">Up to 30 mt<\/td><\/tr><tr class=\" row3\"><td    class=\"dtr3 dtc0\">Driven by<\/td><td    class=\"dtr3 dtc1\">Electric or Hydraulic<\/td><\/tr><tr class=\" row4\"><td    class=\"dtr4 dtc0\">Case, Screen Material<\/td><td    class=\"dtr4 dtc1\">Stainless Steel | Aluminum | Hot-dip galvanization<\/td><\/tr><tr class=\" row5\"><td    class=\"dtr5 dtc0\">Mesh Size<\/td><td    class=\"dtr5 dtc1\">2 mm to 50 mm<\/td><\/tr><tr class=\" row6\"><td    class=\"dtr6 dtc0\">Angle of Installation<\/td><td    class=\"dtr6 dtc1\">min. 30 degrees recommend<\/td><\/tr><tr class=\" row7\"><td    class=\"dtr7 dtc0\">Lifting Finger Space or Bar<\/td><td    class=\"dtr7 dtc1\">Every 3 mt<\/td><\/tr><tr class=\" row8\"><td    class=\"dtr8 dtc0\">Lifting Capacity<\/td><td    class=\"dtr8 dtc1\">Up to 2200 kg<\/td><\/tr><\/tbody><tfoot><tr><td class=\"dtr8 dtc0\" style=\"height: 0;\"><\/td><td class=\"dtr8 dtc1\" style=\"height: 0;\"><\/td><\/tr><\/tfoot><\/table><\/div><style>#wptmtable116 .dataTables_wrapper > .dataTables_scroll {max-height:500px;overflow: auto;}<\/style><script>window.wptm_ajaxurl = 'https:\/\/mavideniz.com.tr\/wp-admin\/admin-ajax.php?juwpfisadmin=false&action=Wptm&'; window.wptm_front = 'https:\/\/mavideniz.com.tr\/wp-content\/plugins\/wp-table-manager\/app\/site\/assets\/'; window.wptm_style = 'https:\/\/mavideniz.com.tr\/wp-content\/uploads\/wptm\/';<\/script><\/div><style><\/style>\n","protected":false},"excerpt":{"rendered":"<p>Les \u00e9crans d&rsquo;eau itin\u00e9rante Mavi Deniz sont con\u00e7us pour fonctionner dans les centrales hydro\u00e9lectriques, les services publics d&rsquo;eau, les abstracteurs [&hellip;]<\/p>\n","protected":false},"author":1,"featured_media":0,"parent":39629,"menu_order":0,"comment_status":"closed","ping_status":"closed","template":"","meta":{"site-sidebar-layout":"default","site-content-layout":"","ast-site-content-layout":"default","site-content-style":"default","site-sidebar-style":"default","ast-global-header-display":"","ast-banner-title-visibility":"","ast-main-header-display":"","ast-hfb-above-header-display":"","ast-hfb-below-header-display":"","ast-hfb-mobile-header-display":"","site-post-title":"","ast-breadcrumbs-content":"","ast-featured-img":"","footer-sml-layout":"","ast-disable-related-posts":"","theme-transparent-header-meta":"","adv-header-id-meta":"","stick-header-meta":"","header-above-stick-meta":"","header-main-stick-meta":"","header-below-stick-meta":"","astra-migrate-meta-layouts":"default","ast-page-background-enabled":"default","ast-page-background-meta":{"desktop":{"background-color":"var(--ast-global-color-5)","background-image":"","background-repeat":"repeat","background-position":"center center","background-size":"auto","background-attachment":"scroll","background-type":"","background-media":"","overlay-type":"","overlay-color":"","overlay-opacity":"","overlay-gradient":""},"tablet":{"background-color":"","background-image":"","background-repeat":"repeat","background-position":"center center","background-size":"auto","background-attachment":"scroll","background-type":"","background-media":"","overlay-type":"","overlay-color":"","overlay-opacity":"","overlay-gradient":""},"mobile":{"background-color":"","background-image":"","background-repeat":"repeat","background-position":"center center","background-size":"auto","background-attachment":"scroll","background-type":"","background-media":"","overlay-type":"","overlay-color":"","overlay-opacity":"","overlay-gradient":""}},"ast-content-background-meta":{"desktop":{"background-color":"var(--ast-global-color-4)","background-image":"","background-repeat":"repeat","background-position":"center center","background-size":"auto","background-attachment":"scroll","background-type":"","background-media":"","overlay-type":"","overlay-color":"","overlay-opacity":"","overlay-gradient":""},"tablet":{"background-color":"var(--ast-global-color-4)","background-image":"","background-repeat":"repeat","background-position":"center center","background-size":"auto","background-attachment":"scroll","background-type":"","background-media":"","overlay-type":"","overlay-color":"","overlay-opacity":"","overlay-gradient":""},"mobile":{"background-color":"var(--ast-global-color-4)","background-image":"","background-repeat":"repeat","background-position":"center center","background-size":"auto","background-attachment":"scroll","background-type":"","background-media":"","overlay-type":"","overlay-color":"","overlay-opacity":"","overlay-gradient":""}},"footnotes":""},"class_list":["post-39643","page","type-page","status-publish","hentry"],"_links":{"self":[{"href":"https:\/\/mavideniz.com.tr\/fr\/wp-json\/wp\/v2\/pages\/39643","targetHints":{"allow":["GET"]}}],"collection":[{"href":"https:\/\/mavideniz.com.tr\/fr\/wp-json\/wp\/v2\/pages"}],"about":[{"href":"https:\/\/mavideniz.com.tr\/fr\/wp-json\/wp\/v2\/types\/page"}],"author":[{"embeddable":true,"href":"https:\/\/mavideniz.com.tr\/fr\/wp-json\/wp\/v2\/users\/1"}],"replies":[{"embeddable":true,"href":"https:\/\/mavideniz.com.tr\/fr\/wp-json\/wp\/v2\/comments?post=39643"}],"version-history":[{"count":0,"href":"https:\/\/mavideniz.com.tr\/fr\/wp-json\/wp\/v2\/pages\/39643\/revisions"}],"up":[{"embeddable":true,"href":"https:\/\/mavideniz.com.tr\/fr\/wp-json\/wp\/v2\/pages\/39629"}],"wp:attachment":[{"href":"https:\/\/mavideniz.com.tr\/fr\/wp-json\/wp\/v2\/media?parent=39643"}],"curies":[{"name":"wp","href":"https:\/\/api.w.org\/{rel}","templated":true}]}}