{"id":39648,"date":"2022-10-09T18:02:46","date_gmt":"2022-10-09T18:02:46","guid":{"rendered":"https:\/\/mavideniz.com.tr\/?page_id=39648"},"modified":"2022-10-09T18:02:50","modified_gmt":"2022-10-09T18:02:50","slug":"barriere-de-barrage-en-caoutchouc-gonflable","status":"publish","type":"page","link":"https:\/\/mavideniz.com.tr\/fr\/produits-industriels\/barrage-nettoyeur-de-riviere\/barriere-de-barrage-en-caoutchouc-gonflable\/","title":{"rendered":"Barri\u00e8re De Barrage en Caoutchouc Gonflable"},"content":{"rendered":"\n<p>Mavi Deniz ; Barri\u00e8re gonflable de barrage en caoutchouc con\u00e7oit pour r\u00e9soudre l&rsquo;approvisionnement en eau potable, l&rsquo;\u00e9nergie hydro\u00e9lectrique, l&rsquo;irrigation, le contr\u00f4le des inondations, le refroidissement de l&rsquo;eau, les loisirs, la recharge de l&rsquo;eau souterraine, les canaux de navigation, l&rsquo;agriculture, l&rsquo;industrie, les eaux us\u00e9es, la s\u00e9paration de l&rsquo;eau douce &#8211; l&rsquo;eau de mer et les probl\u00e8mes de mar\u00e9e.<\/p>\n<p>La barri\u00e8re de barrage en caoutchouc semble faisable dans les plaines centrales pour la gestion et l&rsquo;entretien des rivi\u00e8res, l&rsquo;augmentation de la capacit\u00e9 de stockage des barrages en b\u00e9ton, et le d\u00e9tournement et le stockage de l&rsquo;eau. En raison de l&rsquo;\u00e9tat et des circonstances uniques de la r\u00e9gion montagneuse, les barrages en caoutchouc sont un remplacement appropri\u00e9 pour d&rsquo;autres syst\u00e8mes de gestion de l&rsquo;eau.<\/p>\n<p>Le panneau de commande de la barri\u00e8re gonflable en caoutchouc est essentiel pour chaque barrage en caoutchouc. Notre barrage en caoutchouc gonflable peut \u00eatre un syst\u00e8me enti\u00e8rement automatique ou manuel qui peut modifier selon les exigences du client ou du projet et utiliser le capteur ultrasonique pour d\u00e9tecter le niveau d&rsquo;eau gonflage et d\u00e9gonflage. La hauteur du barrage gonflable peut atteindre 6m.<\/p>\n<p><strong>Caract\u00e9ristiques<\/strong><\/p>\n<ul>\n<li>Faible co\u00fbt d&rsquo;acquisition<\/li>\n<li>Le barrage en caoutchouc est une op\u00e9ration s\u00fbre et facile \u00e0 utiliser<\/li>\n<li>L&rsquo;EPDM de haute qualit\u00e9 trait\u00e9 aux UV r\u00e9siste au givrage et aux climats rigoureux.<\/li>\n<li>La r\u00e9sistance de ces barrages aux facteurs environnementaux tels que l&rsquo;eau, les polluants, les eaux salines et alcalines, les r\u00e9sidus toxiques, les eaux us\u00e9es et les acides<\/li>\n<li>Faibles exigences en mati\u00e8re de maintenance et de service et faible co\u00fbt d&rsquo;exploitation<\/li>\n<li>L&rsquo;esp\u00e9rance de vie de 30 \u00e0 40 ans sur la base de diverses applications internationales<\/li>\n<li>Aucun impact n\u00e9gatif sur l&rsquo;environnement en raison de son fonctionnement sans huiles et lubrifiants<\/li>\n<li>\u00c9clairage \u00c0 Led<\/li>\n<li>Une r\u00e9sistance \u00e9lev\u00e9e aux vibrations dans l&rsquo;eau de d\u00e9bordement est augment\u00e9e si n\u00e9cessaire par des chicanes non vulcanis\u00e9es.<\/li>\n<\/ul>\n","protected":false},"excerpt":{"rendered":"<p>Mavi Deniz ; Barri\u00e8re gonflable de barrage en caoutchouc con\u00e7oit pour r\u00e9soudre l&rsquo;approvisionnement en eau potable, l&rsquo;\u00e9nergie hydro\u00e9lectrique, l&rsquo;irrigation, le [&hellip;]<\/p>\n","protected":false},"author":1,"featured_media":0,"parent":39624,"menu_order":0,"comment_status":"closed","ping_status":"closed","template":"","meta":{"site-sidebar-layout":"default","site-content-layout":"","ast-site-content-layout":"default","site-content-style":"default","site-sidebar-style":"default","ast-global-header-display":"","ast-banner-title-visibility":"","ast-main-header-display":"","ast-hfb-above-header-display":"","ast-hfb-below-header-display":"","ast-hfb-mobile-header-display":"","site-post-title":"","ast-breadcrumbs-content":"","ast-featured-img":"","footer-sml-layout":"","ast-disable-related-posts":"","theme-transparent-header-meta":"","adv-header-id-meta":"","stick-header-meta":"","header-above-stick-meta":"","header-main-stick-meta":"","header-below-stick-meta":"","astra-migrate-meta-layouts":"default","ast-page-background-enabled":"default","ast-page-background-meta":{"desktop":{"background-color":"var(--ast-global-color-5)","background-image":"","background-repeat":"repeat","background-position":"center center","background-size":"auto","background-attachment":"scroll","background-type":"","background-media":"","overlay-type":"","overlay-color":"","overlay-opacity":"","overlay-gradient":""},"tablet":{"background-color":"","background-image":"","background-repeat":"repeat","background-position":"center center","background-size":"auto","background-attachment":"scroll","background-type":"","background-media":"","overlay-type":"","overlay-color":"","overlay-opacity":"","overlay-gradient":""},"mobile":{"background-color":"","background-image":"","background-repeat":"repeat","background-position":"center center","background-size":"auto","background-attachment":"scroll","background-type":"","background-media":"","overlay-type":"","overlay-color":"","overlay-opacity":"","overlay-gradient":""}},"ast-content-background-meta":{"desktop":{"background-color":"var(--ast-global-color-4)","background-image":"","background-repeat":"repeat","background-position":"center center","background-size":"auto","background-attachment":"scroll","background-type":"","background-media":"","overlay-type":"","overlay-color":"","overlay-opacity":"","overlay-gradient":""},"tablet":{"background-color":"var(--ast-global-color-4)","background-image":"","background-repeat":"repeat","background-position":"center center","background-size":"auto","background-attachment":"scroll","background-type":"","background-media":"","overlay-type":"","overlay-color":"","overlay-opacity":"","overlay-gradient":""},"mobile":{"background-color":"var(--ast-global-color-4)","background-image":"","background-repeat":"repeat","background-position":"center center","background-size":"auto","background-attachment":"scroll","background-type":"","background-media":"","overlay-type":"","overlay-color":"","overlay-opacity":"","overlay-gradient":""}},"footnotes":""},"class_list":["post-39648","page","type-page","status-publish","hentry"],"_links":{"self":[{"href":"https:\/\/mavideniz.com.tr\/fr\/wp-json\/wp\/v2\/pages\/39648","targetHints":{"allow":["GET"]}}],"collection":[{"href":"https:\/\/mavideniz.com.tr\/fr\/wp-json\/wp\/v2\/pages"}],"about":[{"href":"https:\/\/mavideniz.com.tr\/fr\/wp-json\/wp\/v2\/types\/page"}],"author":[{"embeddable":true,"href":"https:\/\/mavideniz.com.tr\/fr\/wp-json\/wp\/v2\/users\/1"}],"replies":[{"embeddable":true,"href":"https:\/\/mavideniz.com.tr\/fr\/wp-json\/wp\/v2\/comments?post=39648"}],"version-history":[{"count":0,"href":"https:\/\/mavideniz.com.tr\/fr\/wp-json\/wp\/v2\/pages\/39648\/revisions"}],"up":[{"embeddable":true,"href":"https:\/\/mavideniz.com.tr\/fr\/wp-json\/wp\/v2\/pages\/39624"}],"wp:attachment":[{"href":"https:\/\/mavideniz.com.tr\/fr\/wp-json\/wp\/v2\/media?parent=39648"}],"curies":[{"name":"wp","href":"https:\/\/api.w.org\/{rel}","templated":true}]}}