{"id":39661,"date":"2022-10-09T19:37:48","date_gmt":"2022-10-09T19:37:48","guid":{"rendered":"https:\/\/mavideniz.com.tr\/?page_id=39661"},"modified":"2022-10-09T19:37:52","modified_gmt":"2022-10-09T19:37:52","slug":"collecteur-de-dechets-a-terre","status":"publish","type":"page","link":"https:\/\/mavideniz.com.tr\/fr\/produits-industriels\/barrage-nettoyeur-de-riviere\/collecteur-de-dechets-a-terre\/","title":{"rendered":"Collecteur de d\u00e9chets \u00e0 terre"},"content":{"rendered":"\n<p>Conception de convoyeur pour d\u00e9charger la r\u00e9colte entre l&rsquo;eau, la mer, le rivage et la terre. Convoyeur de quai con\u00e7u pour vider les ordures entre la mer, le rivage et la terre sur des lieux \u00e9lev\u00e9s, des digues ou des remblais.<\/p>\n<p>Ensemble convoyeur \u00e0 terre pour d\u00e9charger les mauvaises herbes de l&rsquo;arracheuse de mauvaises herbes aquatiques ou de la barge de transport aquatique sur le convoyeur \u00e0 terre et aussi du convoyeur \u00e0 terre pour les charger dans un camion \u00e0 benne basculante ou une benne \u00e0 ordures en attente d&rsquo;\u00e9limination.<\/p>\n<p>L&rsquo;invention concerne un ensemble transporteur de jet\u00e9e permettant de d\u00e9charger des ordures de l&rsquo;\u00e9cumoire \u00e0 ordures ou de la barge de transport des ordures sur un transporteur de jet\u00e9e et \u00e9galement de charger les ordures du transporteur de jet\u00e9e dans un camion \u00e0 benne basculante ou une benne \u00e0 ordures en attente d&rsquo;\u00e9limination.<\/p>\n<p><strong>Caract\u00e9ristiques<\/strong><\/p>\n<ul>\n<li>Raccords sp\u00e9ciaux pour r\u00e9colteuse de mauvaises herbes, barge de transport et \u00e9cumoire \u00e0 ordures.<\/li>\n<li>Raccords sp\u00e9ciaux pour montage sur terre et ensemble convoyeur sur terre.<\/li>\n<li>D\u00e9chargement rapide de l&rsquo;\u00e9cumoire \u00e0 ordures, de la barge de transport et chargement des mauvaises herbes r\u00e9colt\u00e9es sur un camion ou dans une pile<\/li>\n<li>Un deuxi\u00e8me convoyeur ou plus est support\u00e9.<\/li>\n<li>Le transport de roues disponible peut facilement \u00eatre tir\u00e9 par un pick-up ou un tracteur.<\/li>\n<li>Il est \u00e9quip\u00e9 de raccords rapides hydrauliques pour tirer de l&rsquo;\u00e9nergie de la moissonneuse, de la barge de transport ou de l&rsquo;\u00e9cumoire \u00e0 ordures lors du d\u00e9chargement.<\/li>\n<li>\u00c9quip\u00e9 d&rsquo;un bloc d&rsquo;alimentation hydraulique<\/li>\n<li>Des tailles et des sp\u00e9cifications personnalis\u00e9es sont disponibles pour vos besoins.<\/li>\n<\/ul>\n<div class=\"wptm_table tablesorter-bootstrap \" data-id=\"66\" data-hightlight=\"0\"><div class=\"wptm_buttons buttons_wptmTbl66\"><\/div><div class=\"wptmresponsive dataTables-wptmtable wptmtable \" id=\"wptmtable66\" data-tableid=\"wptmTbl66\"><table data-count-header=\"1\"  data-format-decimal_count=\"0\" data-format-decimal_symbol=\".\" data-format-symbol_position=\"0\" data-format-thousand_symbol=\",\"  data-format-currency_symbol=\"$\"  data-name-style=\"66_1759710600.css\" data-format=\"YYYY-MM-DD\" id=\"wptmTbl66\" data-id=\"66\" data-responsive=\"false\" data-hideCols=\"false\"  data-type=\"html\" data-paging=\"false\" data-searching=\"true\"  data-ordering=\"false\" data-table-breakpoint=\"980\" data-scroll-x=\"true\" data-scroll-collapse=\"true\" data-align=\"center\" data-range=\"[]\" data-hideColumn=\"[0,0,0,0,0]\"  data-colwidths=\"[228,228,228,228,228]\"  data-colwidths_desktop=[]  data-colwidths_tablet=[]  data-colwidths_mobile=[]  class=\"wptm_main_table  disablePager hideScrollHeader\"><colgroup><col data-dtr=\"0\" data-dtc=\"0\" class=\"dtc0\"><col data-dtr=\"0\" data-dtc=\"1\" class=\"dtc1\"><col data-dtr=\"0\" data-dtc=\"2\" class=\"dtc2\"><col data-dtr=\"0\" data-dtc=\"3\" class=\"dtc3\"><col data-dtr=\"0\" data-dtc=\"4\" class=\"dtc4\"><\/colgroup><thead><tr class=\"wptm-header-cells-index\"><th rowspan=\"1\" colspan=\"1\" data-dtr=\"0\" data-dtc=\"0\" class=\"dtr0 dtc0\"><\/th><th rowspan=\"1\" colspan=\"1\" data-dtr=\"0\" data-dtc=\"1\" class=\"dtr0 dtc1\"><\/th><th rowspan=\"1\" colspan=\"1\" data-dtr=\"0\" data-dtc=\"2\" class=\"dtr0 dtc2\"><\/th><th rowspan=\"1\" colspan=\"1\" data-dtr=\"0\" data-dtc=\"3\" class=\"dtr0 dtc3\"><\/th><th rowspan=\"1\" colspan=\"1\" data-dtr=\"0\" data-dtc=\"4\" class=\"dtr0 dtc4\"><\/th><\/tr><tr class=\" row0\"><th   data-priority=\"0\" class=\"dtr0 dtc0\"><\/th><th   data-priority=\"0\" class=\"dtr0 dtc1\">Shore Small<\/th><th   data-priority=\"0\" class=\"dtr0 dtc2\">Shore Medium<\/th><th   data-priority=\"0\" class=\"dtr0 dtc3\">Shore Large<\/th><th   data-priority=\"0\" class=\"dtr0 dtc4\">Shore XL<\/th><\/thead><tbody><tr class=\" row1\"><td    class=\"dtr1 dtc0\">Duty - Transfer Material<\/td><td  colspan=\"4\"   class=\"dtr1 dtc1\">BioMass, Aquatic Weed, Trash, Litter, Garbage, Sargassum<\/td><td  style=\"display: none\"   class=\"dtr1 dtc2\"><\/td><td  style=\"display: none\"   class=\"dtr1 dtc3\"><\/td><td  style=\"display: none\"   class=\"dtr1 dtc4\"><\/td><\/tr><tr class=\" row2\"><td    class=\"dtr2 dtc0\">Conveyor Belt Lenght<\/td><td    class=\"dtr2 dtc1\">8 m<\/td><td    class=\"dtr2 dtc2\">8 m<\/td><td    class=\"dtr2 dtc3\">9 m<\/td><td    class=\"dtr2 dtc4\">11 m<\/td><\/tr><tr class=\" row3\"><td    class=\"dtr3 dtc0\">Conveyor Belt  Width<\/td><td    class=\"dtr3 dtc1\">0,9 m<\/td><td    class=\"dtr3 dtc2\">1 m<\/td><td    class=\"dtr3 dtc3\">1,2 m<\/td><td    class=\"dtr3 dtc4\">1.5 m<\/td><\/tr><tr class=\" row4\"><td    class=\"dtr4 dtc0\">Conveyor Belt Sidewall Height<\/td><td    class=\"dtr4 dtc1\">50 cm<\/td><td    class=\"dtr4 dtc2\">50 cm<\/td><td    class=\"dtr4 dtc3\">50 cm<\/td><td    class=\"dtr4 dtc4\">50 cm<\/td><\/tr><tr class=\" row5\"><td    class=\"dtr5 dtc0\">Discharge Height<\/td><td    class=\"dtr5 dtc1\">4 m<\/td><td    class=\"dtr5 dtc2\">4 m<\/td><td    class=\"dtr5 dtc3\">4.5 m<\/td><td    class=\"dtr5 dtc4\">5,4 m<\/td><\/tr><tr class=\" row6\"><td    class=\"dtr6 dtc0\">Shore Conveyor Material<\/td><td    class=\"dtr6 dtc1\">Steel<\/td><td    class=\"dtr6 dtc2\">Steel<\/td><td    class=\"dtr6 dtc3\">Steel<\/td><td    class=\"dtr6 dtc4\">Steel<\/td><\/tr><tr class=\" row7\"><td    class=\"dtr7 dtc0\">Conveyor Belt Material<\/td><td  colspan=\"4\"   class=\"dtr7 dtc1\">Heavy Duty Steel Mesh (Standard) | Heavy Duty Galvanized Steel Mesh (Optional) | Heavy Duty Stainless Steel Mesh (Optional)<\/td><td  style=\"display: none\"   class=\"dtr7 dtc2\"><\/td><td  style=\"display: none\"   class=\"dtr7 dtc3\"><\/td><td  style=\"display: none\"   class=\"dtr7 dtc4\"><\/td><\/tr><tr class=\" row8\"><td    class=\"dtr8 dtc0\">Conveyor Drive Unit<\/td><td    class=\"dtr8 dtc1\">Hydraulic Motors<\/td><td    class=\"dtr8 dtc2\">Hydraulic Motors<\/td><td    class=\"dtr8 dtc3\">Hydraulic Motors<\/td><td    class=\"dtr8 dtc4\">Hydraulic Motors<\/td><\/tr><tr class=\" row9\"><td    class=\"dtr9 dtc0\">Trailer Wheel System<\/td><td    class=\"dtr9 dtc1\">Yes<\/td><td    class=\"dtr9 dtc2\">Yes<\/td><td    class=\"dtr9 dtc3\">Yes<\/td><td    class=\"dtr9 dtc4\">Yes<\/td><\/tr><tr class=\" row10\"><td    class=\"dtr10 dtc0\">Power Pack (Optional)<\/td><td    class=\"dtr10 dtc1\">13 HP - Built-In  or Portable<\/td><td    class=\"dtr10 dtc2\">13 HP - Built-In  or Portable<\/td><td    class=\"dtr10 dtc3\">13 HP - Built-In  or Portable<\/td><td    class=\"dtr10 dtc4\">13 HP - Built-In  or Portable<\/td><\/tr><tr class=\" row11\"><td    class=\"dtr11 dtc0\">Wing (Optional)<\/td><td  colspan=\"4\"   class=\"dtr11 dtc1\">2 x Adjustable guide-wings for stationary harvesting<\/td><td  style=\"display: none\"   class=\"dtr11 dtc2\"><\/td><td  style=\"display: none\"   class=\"dtr11 dtc3\"><\/td><td  style=\"display: none\"   class=\"dtr11 dtc4\"><\/td><\/tr><\/tbody><tfoot><tr><td class=\"dtr11 dtc0\" style=\"height: 0;\"><\/td><td class=\"dtr11 dtc1\" style=\"height: 0;\"><\/td><td class=\"dtr11 dtc2\" style=\"height: 0;\"><\/td><td class=\"dtr11 dtc3\" style=\"height: 0;\"><\/td><td class=\"dtr11 dtc4\" style=\"height: 0;\"><\/td><\/tr><\/tfoot><\/table><\/div><style>#wptmtable66 .dataTables_wrapper > .dataTables_scroll {max-height:500px;overflow: auto;}<\/style><script>window.wptm_ajaxurl = 'https:\/\/mavideniz.com.tr\/wp-admin\/admin-ajax.php?juwpfisadmin=false&action=Wptm&'; window.wptm_front = 'https:\/\/mavideniz.com.tr\/wp-content\/plugins\/wp-table-manager\/app\/site\/assets\/'; window.wptm_style = 'https:\/\/mavideniz.com.tr\/wp-content\/uploads\/wptm\/';<\/script><\/div><style><\/style>\n","protected":false},"excerpt":{"rendered":"<p>Conception de convoyeur pour d\u00e9charger la r\u00e9colte entre l&rsquo;eau, la mer, le rivage et la terre. Convoyeur de quai con\u00e7u [&hellip;]<\/p>\n","protected":false},"author":1,"featured_media":0,"parent":39624,"menu_order":0,"comment_status":"closed","ping_status":"closed","template":"","meta":{"site-sidebar-layout":"default","site-content-layout":"","ast-site-content-layout":"default","site-content-style":"default","site-sidebar-style":"default","ast-global-header-display":"","ast-banner-title-visibility":"","ast-main-header-display":"","ast-hfb-above-header-display":"","ast-hfb-below-header-display":"","ast-hfb-mobile-header-display":"","site-post-title":"","ast-breadcrumbs-content":"","ast-featured-img":"","footer-sml-layout":"","ast-disable-related-posts":"","theme-transparent-header-meta":"","adv-header-id-meta":"","stick-header-meta":"","header-above-stick-meta":"","header-main-stick-meta":"","header-below-stick-meta":"","astra-migrate-meta-layouts":"default","ast-page-background-enabled":"default","ast-page-background-meta":{"desktop":{"background-color":"var(--ast-global-color-5)","background-image":"","background-repeat":"repeat","background-position":"center center","background-size":"auto","background-attachment":"scroll","background-type":"","background-media":"","overlay-type":"","overlay-color":"","overlay-opacity":"","overlay-gradient":""},"tablet":{"background-color":"","background-image":"","background-repeat":"repeat","background-position":"center center","background-size":"auto","background-attachment":"scroll","background-type":"","background-media":"","overlay-type":"","overlay-color":"","overlay-opacity":"","overlay-gradient":""},"mobile":{"background-color":"","background-image":"","background-repeat":"repeat","background-position":"center center","background-size":"auto","background-attachment":"scroll","background-type":"","background-media":"","overlay-type":"","overlay-color":"","overlay-opacity":"","overlay-gradient":""}},"ast-content-background-meta":{"desktop":{"background-color":"var(--ast-global-color-4)","background-image":"","background-repeat":"repeat","background-position":"center center","background-size":"auto","background-attachment":"scroll","background-type":"","background-media":"","overlay-type":"","overlay-color":"","overlay-opacity":"","overlay-gradient":""},"tablet":{"background-color":"var(--ast-global-color-4)","background-image":"","background-repeat":"repeat","background-position":"center center","background-size":"auto","background-attachment":"scroll","background-type":"","background-media":"","overlay-type":"","overlay-color":"","overlay-opacity":"","overlay-gradient":""},"mobile":{"background-color":"var(--ast-global-color-4)","background-image":"","background-repeat":"repeat","background-position":"center center","background-size":"auto","background-attachment":"scroll","background-type":"","background-media":"","overlay-type":"","overlay-color":"","overlay-opacity":"","overlay-gradient":""}},"footnotes":""},"class_list":["post-39661","page","type-page","status-publish","hentry"],"_links":{"self":[{"href":"https:\/\/mavideniz.com.tr\/fr\/wp-json\/wp\/v2\/pages\/39661","targetHints":{"allow":["GET"]}}],"collection":[{"href":"https:\/\/mavideniz.com.tr\/fr\/wp-json\/wp\/v2\/pages"}],"about":[{"href":"https:\/\/mavideniz.com.tr\/fr\/wp-json\/wp\/v2\/types\/page"}],"author":[{"embeddable":true,"href":"https:\/\/mavideniz.com.tr\/fr\/wp-json\/wp\/v2\/users\/1"}],"replies":[{"embeddable":true,"href":"https:\/\/mavideniz.com.tr\/fr\/wp-json\/wp\/v2\/comments?post=39661"}],"version-history":[{"count":0,"href":"https:\/\/mavideniz.com.tr\/fr\/wp-json\/wp\/v2\/pages\/39661\/revisions"}],"up":[{"embeddable":true,"href":"https:\/\/mavideniz.com.tr\/fr\/wp-json\/wp\/v2\/pages\/39624"}],"wp:attachment":[{"href":"https:\/\/mavideniz.com.tr\/fr\/wp-json\/wp\/v2\/media?parent=39661"}],"curies":[{"name":"wp","href":"https:\/\/api.w.org\/{rel}","templated":true}]}}