{"id":39822,"date":"2022-10-13T16:29:13","date_gmt":"2022-10-13T16:29:13","guid":{"rendered":"https:\/\/mavideniz.com.tr\/?page_id=39822"},"modified":"2024-05-05T18:39:37","modified_gmt":"2024-05-05T18:39:37","slug":"rampe-de-plantes-aquatiques","status":"publish","type":"page","link":"https:\/\/mavideniz.com.tr\/fr\/produits-industriels\/barrage-petrolier-barriere\/rampe-de-plantes-aquatiques\/","title":{"rendered":"barri\u00e8re pour plantes aquatiques"},"content":{"rendered":"\n<p>Mavi Deniz a con\u00e7u un boom unique de plantes aquatiques pour emp\u00eacher la migration ici-bas sur les rivages ou les plages touristiques ;<\/p>\n<ul>\n<li>Sargasse (\u00e9galement connu sous le nom de Sargasse),<\/li>\n<li>Algues marines,<\/li>\n<li>algues bleu-vert,<\/li>\n<li>mar\u00e9es brun rouge,<\/li>\n<li>D\u00e9bris,<\/li>\n<\/ul>\n<p>La conception barri\u00e8re pour plantes aquatiques permet le mouvement de l&rsquo;eau, mais le maillage des rideaux emp\u00eache l&rsquo;invasion d&rsquo;algues sargasses sur les plages de la mer M\u00e9diterran\u00e9e, de la Floride, des Cara\u00efbes et du golfe du Mexique. Mavi Deniz fabrique une barri\u00e8re v\u00e9g\u00e9tale aquatique \u00e0 installer en m\u00eame temps que les zones c\u00f4ti\u00e8res et les eaux int\u00e9rieures pour les stations baln\u00e9aires, les h\u00f4tels et les parcs afin de contenir, d&rsquo;exclure ou de d\u00e9vier Sargassum, les algues, les algues et les d\u00e9bris avant qu&rsquo;ils atteignent le rivage.<\/p>\n<p>Sargassum, une algue brune puante, envahit les stations baln\u00e9aires et les plages priv\u00e9es des Cara\u00efbes, de la M\u00e9diterran\u00e9e, du Mexique et de la Floride au printemps et en \u00e9t\u00e9. G\u00e9n\u00e9ralement, le temps plus frais ralentit la croissance des algues. Pourtant, avec l&rsquo;augmentation de la temp\u00e9rature de l&rsquo;eau, les algues sont plus susceptibles de s&rsquo;\u00e9panouir, et les d\u00e9luges sur les rives ainsi qu&rsquo;une augmentation des d\u00e9chets d&rsquo;eaux us\u00e9es qui sont d\u00e9vers\u00e9s dans l&rsquo;oc\u00e9an alimentent la prolif\u00e9ration des algues.<\/p>\n<p>Cette plante aquatique flottante, \u00e9galement connue sous le nom de sargasse ou houx de mer, d\u00e9rive de la mer des Sargasses dans les courants oc\u00e9aniques. Bien qu&rsquo;il abrite de nombreuses formes de vie marine, il est devenu un cauchemar pour l&rsquo;industrie du tourisme.<\/p>\n<p>La Sargasse brune s&rsquo;\u00e9choue sur le rivage et s&#8217;empile, parfois jusqu&rsquo;\u00e0 3 \u00e0 4 pieds. C&rsquo;est g\u00e9n\u00e9ralement un probl\u00e8me saisonnier. Une fois que cette plante aquatique envahissante atteint la plage, elle commence \u00e0 se d\u00e9composer, \u00e9mettant une odeur terrible. Nettoyer la Sargassum de la plage est co\u00fbteux et perturbateur pour l&rsquo;industrie du tourisme et la nidification des tortues de mer. De 18h \u00e0 6h du matin, bruyant<\/p>\n<p>des camions bennes transportent l&rsquo;odorante Sargassum des stations baln\u00e9aires pour nettoyer les plages pour les amateurs de plage du lendemain. Retirer la Sargasse des plages est une bataille constante. La situation se traduit par des touristes malheureux et des propri\u00e9taires de stations d\u00e9vast\u00e9s en raison des annulations.<\/p>\n<p><strong>Fl\u00e8che flottante saisonni\u00e8re &#8211; Protection saisonni\u00e8re (non permanente) de la plage<\/strong><\/p>\n<p>Si vous recherchez une solution saisonni\u00e8re (non permanente) pour garder les plages propres de Sargassum, mar\u00e9es rouges, fleurs d&rsquo;algues bleu-vert (cyanobact\u00e9ries), mar\u00e9es brunes, ou d&rsquo;autres plantes et d\u00e9bris. Notre processus de conception et de fabrication fournit une barri\u00e8re flottante aux algues qui offre des r\u00e9sultats sup\u00e9rieurs et surpasse les concurrents.<\/p>\n<p><strong>Des mod\u00e8les Eau calme, Eau mobile et Eau rapide sont disponibles.<\/strong><\/p>\n<p><strong>Type I :<\/strong> Eaux calmes avec peu de courants, tels que lacs, \u00e9tangs, canaux et zones riveraines<\/p>\n<p><strong>Type II :<\/strong> Rivi\u00e8res, ruisseaux, lacs ouverts et rivages courant mod\u00e9r\u00e9 se d\u00e9pla\u00e7ant dans une direction<\/p>\n<p><strong>Type III :<\/strong> Zones expos\u00e9es soumises au courant, au vent et aux mar\u00e9es.<\/p>\n<p><strong>Fl\u00e8che flottante semi-permanente &#8211; Application d&rsquo;eau brute ou \u00e0 plus long terme +Eau libre, Zones oc\u00e9aniques<\/strong><\/p>\n<p>Si vous avez des conditions d&rsquo;eau agit\u00e9es ou si vous avez besoin d&rsquo;une solution \u00e0 long terme, nous vous recommandons la rampe permanente pour les d\u00e9bris flottants ou les probl\u00e8mes d&rsquo;algues. Construire \u00e0 partir de mat\u00e9riaux solides de qualit\u00e9 marine ; notre boom est explicitement con\u00e7u pour une utilisation prolong\u00e9e. Une rampe permanente d&rsquo;algues fournit une barri\u00e8re fiable et efficace pour prot\u00e9ger votre zone de plage contre les d\u00e9chets flottants ou les ordures, sargassum<\/p>\n<p>algues, mar\u00e9es brunes ou rouges et autres d\u00e9bris. La rampe de confinement emp\u00eache les d\u00e9bris flottants ind\u00e9sirables de s&rsquo;\u00e9chapper en agissant comme un bouclier, interceptant les algues et les d\u00e9bris avant qu&rsquo;ils n&rsquo;atteignent votre plage.<\/p>\n<div class=\"wptm_table tablesorter-bootstrap \" data-id=\"29\" data-hightlight=\"0\"><div class=\"wptm_buttons buttons_wptmTbl29\"><\/div><div class=\"wptmresponsive dataTables-wptmtable wptmtable \" id=\"wptmtable29\" data-tableid=\"wptmTbl29\"><table data-count-header=\"1\"  data-format-decimal_count=\"0\" data-format-decimal_symbol=\".\" data-format-symbol_position=\"0\" data-format-thousand_symbol=\",\"  data-format-currency_symbol=\"$\"  data-name-style=\"29_1759660338.css\" data-format=\"YYYY-MM-DD\" id=\"wptmTbl29\" data-id=\"29\" data-responsive=\"false\" data-hideCols=\"false\"  data-type=\"html\" data-paging=\"false\" data-searching=\"true\"  data-ordering=\"false\" data-table-breakpoint=\"980\" data-scroll-x=\"true\" data-scroll-collapse=\"true\" data-align=\"center\" data-range=\"[]\" data-hideColumn=\"[0,0,0,0]\"  data-colwidths=\"[285,285,285,285]\"  data-colwidths_desktop=[]  data-colwidths_tablet=[]  data-colwidths_mobile=[]  class=\"wptm_main_table  disablePager hideScrollHeader\"><colgroup><col data-dtr=\"0\" data-dtc=\"0\" class=\"dtc0\"><col data-dtr=\"0\" data-dtc=\"1\" class=\"dtc1\"><col data-dtr=\"0\" data-dtc=\"2\" class=\"dtc2\"><col data-dtr=\"0\" data-dtc=\"3\" class=\"dtc3\"><\/colgroup><thead><tr class=\"wptm-header-cells-index\"><th rowspan=\"1\" colspan=\"1\" data-dtr=\"0\" data-dtc=\"0\" class=\"dtr0 dtc0\"><\/th><th rowspan=\"1\" colspan=\"1\" data-dtr=\"0\" data-dtc=\"1\" class=\"dtr0 dtc1\"><\/th><th rowspan=\"1\" colspan=\"1\" data-dtr=\"0\" data-dtc=\"2\" class=\"dtr0 dtc2\"><\/th><th rowspan=\"1\" colspan=\"1\" data-dtr=\"0\" data-dtc=\"3\" class=\"dtr0 dtc3\"><\/th><\/tr><tr class=\" row0\"><th  colspan=\"4\"  data-priority=\"0\" class=\"dtr0 dtc0\">For Seasonal Use<\/th><\/thead><tbody><tr class=\" row1\"><td    class=\"dtr1 dtc0\"><\/td><td    class=\"dtr1 dtc1\">TYPE I (Calm Water)<\/td><td    class=\"dtr1 dtc2\">TYPE II (Moving Water)<\/td><td    class=\"dtr1 dtc3\">TYPE III (Fast Water)<\/td><\/tr><tr class=\" row2\"><td    class=\"dtr2 dtc0\">Curtain Depth<\/td><td    class=\"dtr2 dtc1\">1 m \u2013 5 m<\/td><td    class=\"dtr2 dtc2\">1 m \u2013 10 m<\/td><td    class=\"dtr2 dtc3\">1 m \u2013 20 m<\/td><\/tr><tr class=\" row3\"><td    class=\"dtr3 dtc0\">Flotation Size<\/td><td    class=\"dtr3 dtc1\">150 mm<\/td><td    class=\"dtr3 dtc2\">200 mm<\/td><td    class=\"dtr3 dtc3\">300 mm<\/td><\/tr><tr class=\" row4\"><td    class=\"dtr4 dtc0\">Skirt Material<\/td><td  colspan=\"3\"   class=\"dtr4 dtc1\">PVC or Geotexile or PVC \/ Geotexile<\/td><td  style=\"display: none\"   class=\"dtr4 dtc2\"><\/td><td  style=\"display: none\"   class=\"dtr4 dtc3\"><\/td><\/tr><tr class=\" row5\"><td    class=\"dtr5 dtc0\">Ballast<\/td><td    class=\"dtr5 dtc1\">5 mm Galvanized Chain<\/td><td    class=\"dtr5 dtc2\">8 mm Galvanized Chain<\/td><td    class=\"dtr5 dtc3\">8 mm Galvanized Chain<\/td><\/tr><tr class=\" row6\"><td    class=\"dtr6 dtc0\">Section Length<\/td><td  colspan=\"3\"   class=\"dtr6 dtc1\">25 m<\/td><td  style=\"display: none\"   class=\"dtr6 dtc2\"><\/td><td  style=\"display: none\"   class=\"dtr6 dtc3\"><\/td><\/tr><tr class=\" row7\"><td    class=\"dtr7 dtc0\">Colour<\/td><td  colspan=\"3\"   class=\"dtr7 dtc1\">Yellow, Orange or Black<\/td><td  style=\"display: none\"   class=\"dtr7 dtc2\"><\/td><td  style=\"display: none\"   class=\"dtr7 dtc3\"><\/td><\/tr><tr class=\" row8\"><td    class=\"dtr8 dtc0\"><\/td><td    class=\"dtr8 dtc1\"><\/td><td    class=\"dtr8 dtc2\"><\/td><td    class=\"dtr8 dtc3\"><\/td><\/tr><tr class=\" row9\"><td  colspan=\"4\"   class=\"dtr9 dtc0\">For Semi-Permanent use<\/td><td  style=\"display: none\"   class=\"dtr9 dtc1\"><\/td><td  style=\"display: none\"   class=\"dtr9 dtc2\"><\/td><td  style=\"display: none\"   class=\"dtr9 dtc3\"><\/td><\/tr><tr class=\" row10\"><td    class=\"dtr10 dtc0\"><\/td><td    class=\"dtr10 dtc1\">TYPE I (Calm Water)<\/td><td    class=\"dtr10 dtc2\">TYPE II (Moving Water)<\/td><td    class=\"dtr10 dtc3\">TYPE III (Fast Water)<\/td><\/tr><tr class=\" row11\"><td    class=\"dtr11 dtc0\">Curtain Depth<\/td><td    class=\"dtr11 dtc1\">1 m \u2013 5 m<\/td><td    class=\"dtr11 dtc2\">1 m \u2013 10 m<\/td><td    class=\"dtr11 dtc3\">1 m \u2013 20 m<\/td><\/tr><tr class=\" row12\"><td    class=\"dtr12 dtc0\">Flotation Size<\/td><td    class=\"dtr12 dtc1\">150 mm<\/td><td    class=\"dtr12 dtc2\">200 mm<\/td><td    class=\"dtr12 dtc3\">300 mm<\/td><\/tr><tr class=\" row13\"><td    class=\"dtr13 dtc0\">Skirt Material<\/td><td  colspan=\"3\"   class=\"dtr13 dtc1\">PVC Coated Polyester or Heavy-Duty Rubber<\/td><td  style=\"display: none\"   class=\"dtr13 dtc2\"><\/td><td  style=\"display: none\"   class=\"dtr13 dtc3\"><\/td><\/tr><tr class=\" row14\"><td    class=\"dtr14 dtc0\">Ballast<\/td><td    class=\"dtr14 dtc1\">5 mm Galvanized Chain<\/td><td    class=\"dtr14 dtc2\">8 mm Galvanized Chain<\/td><td    class=\"dtr14 dtc3\">8 mm Galvanized Chain<\/td><\/tr><tr class=\" row15\"><td    class=\"dtr15 dtc0\">Section Length<\/td><td  colspan=\"3\"   class=\"dtr15 dtc1\">25 m<\/td><td  style=\"display: none\"   class=\"dtr15 dtc2\"><\/td><td  style=\"display: none\"   class=\"dtr15 dtc3\"><\/td><\/tr><tr class=\" row16\"><td    class=\"dtr16 dtc0\">Colour<\/td><td  colspan=\"3\"   class=\"dtr16 dtc1\">Yellow, Orange or Black<\/td><td  style=\"display: none\"   class=\"dtr16 dtc2\"><\/td><td  style=\"display: none\"   class=\"dtr16 dtc3\"><\/td><\/tr><\/tbody><tfoot><tr><td class=\"dtr16 dtc0\" style=\"height: 0;\"><\/td><td class=\"dtr16 dtc1\" style=\"height: 0;\"><\/td><td class=\"dtr16 dtc2\" style=\"height: 0;\"><\/td><td class=\"dtr16 dtc3\" style=\"height: 0;\"><\/td><\/tr><\/tfoot><\/table><\/div><style>#wptmtable29 .dataTables_wrapper > .dataTables_scroll {max-height:510px;overflow: auto;}<\/style><script>window.wptm_ajaxurl = 'https:\/\/mavideniz.com.tr\/wp-admin\/admin-ajax.php?juwpfisadmin=false&action=Wptm&'; window.wptm_front = 'https:\/\/mavideniz.com.tr\/wp-content\/plugins\/wp-table-manager\/app\/site\/assets\/'; window.wptm_style = 'https:\/\/mavideniz.com.tr\/wp-content\/uploads\/wptm\/';<\/script><\/div><style><\/style>\n","protected":false},"excerpt":{"rendered":"<p>Mavi Deniz a con\u00e7u un boom unique de plantes aquatiques pour emp\u00eacher la migration ici-bas sur les rivages ou les [&hellip;]<\/p>\n","protected":false},"author":1,"featured_media":0,"parent":39666,"menu_order":0,"comment_status":"closed","ping_status":"closed","template":"","meta":{"site-sidebar-layout":"default","site-content-layout":"","ast-site-content-layout":"default","site-content-style":"default","site-sidebar-style":"default","ast-global-header-display":"","ast-banner-title-visibility":"","ast-main-header-display":"","ast-hfb-above-header-display":"","ast-hfb-below-header-display":"","ast-hfb-mobile-header-display":"","site-post-title":"","ast-breadcrumbs-content":"","ast-featured-img":"","footer-sml-layout":"","ast-disable-related-posts":"","theme-transparent-header-meta":"","adv-header-id-meta":"","stick-header-meta":"","header-above-stick-meta":"","header-main-stick-meta":"","header-below-stick-meta":"","astra-migrate-meta-layouts":"default","ast-page-background-enabled":"default","ast-page-background-meta":{"desktop":{"background-color":"var(--ast-global-color-5)","background-image":"","background-repeat":"repeat","background-position":"center center","background-size":"auto","background-attachment":"scroll","background-type":"","background-media":"","overlay-type":"","overlay-color":"","overlay-opacity":"","overlay-gradient":""},"tablet":{"background-color":"","background-image":"","background-repeat":"repeat","background-position":"center center","background-size":"auto","background-attachment":"scroll","background-type":"","background-media":"","overlay-type":"","overlay-color":"","overlay-opacity":"","overlay-gradient":""},"mobile":{"background-color":"","background-image":"","background-repeat":"repeat","background-position":"center center","background-size":"auto","background-attachment":"scroll","background-type":"","background-media":"","overlay-type":"","overlay-color":"","overlay-opacity":"","overlay-gradient":""}},"ast-content-background-meta":{"desktop":{"background-color":"var(--ast-global-color-4)","background-image":"","background-repeat":"repeat","background-position":"center center","background-size":"auto","background-attachment":"scroll","background-type":"","background-media":"","overlay-type":"","overlay-color":"","overlay-opacity":"","overlay-gradient":""},"tablet":{"background-color":"var(--ast-global-color-4)","background-image":"","background-repeat":"repeat","background-position":"center center","background-size":"auto","background-attachment":"scroll","background-type":"","background-media":"","overlay-type":"","overlay-color":"","overlay-opacity":"","overlay-gradient":""},"mobile":{"background-color":"var(--ast-global-color-4)","background-image":"","background-repeat":"repeat","background-position":"center center","background-size":"auto","background-attachment":"scroll","background-type":"","background-media":"","overlay-type":"","overlay-color":"","overlay-opacity":"","overlay-gradient":""}},"footnotes":""},"class_list":["post-39822","page","type-page","status-publish","hentry"],"_links":{"self":[{"href":"https:\/\/mavideniz.com.tr\/fr\/wp-json\/wp\/v2\/pages\/39822","targetHints":{"allow":["GET"]}}],"collection":[{"href":"https:\/\/mavideniz.com.tr\/fr\/wp-json\/wp\/v2\/pages"}],"about":[{"href":"https:\/\/mavideniz.com.tr\/fr\/wp-json\/wp\/v2\/types\/page"}],"author":[{"embeddable":true,"href":"https:\/\/mavideniz.com.tr\/fr\/wp-json\/wp\/v2\/users\/1"}],"replies":[{"embeddable":true,"href":"https:\/\/mavideniz.com.tr\/fr\/wp-json\/wp\/v2\/comments?post=39822"}],"version-history":[{"count":0,"href":"https:\/\/mavideniz.com.tr\/fr\/wp-json\/wp\/v2\/pages\/39822\/revisions"}],"up":[{"embeddable":true,"href":"https:\/\/mavideniz.com.tr\/fr\/wp-json\/wp\/v2\/pages\/39666"}],"wp:attachment":[{"href":"https:\/\/mavideniz.com.tr\/fr\/wp-json\/wp\/v2\/media?parent=39822"}],"curies":[{"name":"wp","href":"https:\/\/api.w.org\/{rel}","templated":true}]}}