{"id":39826,"date":"2022-10-13T16:35:26","date_gmt":"2022-10-13T16:35:26","guid":{"rendered":"https:\/\/mavideniz.com.tr\/?page_id=39826"},"modified":"2024-05-05T18:35:06","modified_gmt":"2024-05-05T18:35:06","slug":"moulinet-a-fleche","status":"publish","type":"page","link":"https:\/\/mavideniz.com.tr\/fr\/produits-industriels\/barrage-petrolier-barriere\/moulinet-a-fleche\/","title":{"rendered":"Enrouleur de barrage p\u00e9trolier"},"content":{"rendered":"\n<p>Mavi Deniz Enrouleur de barrage p\u00e9trolier a \u00e9t\u00e9 con\u00e7u pour stocker, d\u00e9ployer et r\u00e9cup\u00e9rer un barrage de confinement du p\u00e9trole + barrage gonflable. Selon le type de fl\u00e8che, le d\u00e9vidoir de fl\u00e8che peut supporter jusqu&rsquo;\u00e0 1200m et prot\u00e8ge la fl\u00e8che d&rsquo;huile. Enrouleur de barrage p\u00e9trolier est le syst\u00e8me le plus rapide et le plus efficace pour stocker ou d\u00e9ployer des flotteurs solides et des rampes d&rsquo;huile gonflables. Enrouleur de barrage p\u00e9trolier est disponible en diff\u00e9rentes tailles comme bobines de stockage manuelles ou motoris\u00e9es.<\/p>\n<p>Les mod\u00e8les de bobines de stockage de fl\u00e8che vont des unit\u00e9s manuelles, \u00e9lectriques ou hydrauliques \u00e0 une m\u00e9thode efficace, sans entretien, \u00e9conomique de stockage, de transport, de d\u00e9ploiement et de r\u00e9cup\u00e9ration. Avec les options int\u00e9gr\u00e9es ou suppl\u00e9mentaires, vous pouvez maximiser la s\u00e9curit\u00e9, la vitesse et la r\u00e9ussite de l&rsquo;op\u00e9ration.<\/p>\n<p>Fabriqu\u00e9 en acier doux, grenaill\u00e9 et galvanis\u00e9 \u00e0 chaud. Les versions \u00e0 profil bas disponibles pour le transport par avion et l&rsquo;aluminium sont des options o\u00f9 l&rsquo;\u00e9conomie de poids est importante mont\u00e9e levage et points de chariot \u00e9l\u00e9vateur conception l\u00e9g\u00e8re pour l&rsquo;exploitation et le d\u00e9ploiement par un ou deux hommes. Une construction robuste assure une longue dur\u00e9e de vie sans probl\u00e8me.<\/p>\n<p><strong>Caract\u00e9ristiques<\/strong><\/p>\n<ul>\n<li>S\u00fbr et facile \u00e0 utiliser<\/li>\n<li>Construction durable<\/li>\n<li>Design l\u00e9ger et compact<\/li>\n<li>Enrouleur de barrage p\u00e9trolier a un design compact et robuste<\/li>\n<li>Grande puissance de traction<\/li>\n<li>Fonctionnement \u00e0 vitesse variable en continu<\/li>\n<li>Base en acier avec poches pour chariot \u00e9l\u00e9vateur<\/li>\n<li>Freins \u00e0 commande hydraulique\/\u00e9lectrique<\/li>\n<li>Fonctionnement simple \u00e0 levier unique<\/li>\n<li>Contr\u00f4le de vitesse avant et arri\u00e8re<\/li>\n<li>DNV 2.7-3 et EN 12079-1<\/li>\n<li>Certification d&rsquo;inspection tierce partie<\/li>\n<li>Conception personnalis\u00e9e + taille possible<\/li>\n<\/ul>\n<p>Les alimentations hydrauliques Enrouleur de barrage p\u00e9trolier sont compl\u00e9t\u00e9es par un tuyau hydraulique avec raccords rapides.<\/p>\n<p>Les Mavi Deniz Enrouleur de barrage p\u00e9trolier sont con\u00e7us par la mod\u00e9lisation 3D et l&rsquo;analyse par \u00e9l\u00e9ments finis sur les pi\u00e8ces structurelles pour optimiser leur construction.<\/p>\n<div class=\"wptm_table tablesorter-bootstrap \" data-id=\"107\" data-hightlight=\"0\"><div class=\"wptm_buttons buttons_wptmTbl107\"><\/div><div class=\"wptmresponsive dataTables-wptmtable wptmtable \" id=\"wptmtable107\" data-tableid=\"wptmTbl107\"><table data-count-header=\"1\"  data-format-decimal_count=\"0\" data-format-decimal_symbol=\".\" data-format-symbol_position=\"0\" data-format-thousand_symbol=\",\"  data-format-currency_symbol=\"$\"  data-name-style=\"107_1762697811.css\" data-format=\"YYYY-MM-DD\" id=\"wptmTbl107\" data-id=\"107\" data-responsive=\"false\" data-hideCols=\"false\"  data-type=\"html\" data-paging=\"false\" data-searching=\"true\"  data-ordering=\"false\" data-table-breakpoint=\"980\" data-scroll-x=\"true\" data-scroll-collapse=\"true\" data-align=\"center\" data-range=\"[]\" data-hideColumn=\"[0,0,0,0,0,0,0,0,0]\"  data-colwidths=\"[126,126,126,126,126,126,126,126,126]\"  data-colwidths_desktop=[]  data-colwidths_tablet=[]  data-colwidths_mobile=[]  class=\"wptm_main_table  disablePager hideScrollHeader\"><colgroup><col data-dtr=\"0\" data-dtc=\"0\" class=\"dtc0\"><col data-dtr=\"0\" data-dtc=\"1\" class=\"dtc1\"><col data-dtr=\"0\" data-dtc=\"2\" class=\"dtc2\"><col data-dtr=\"0\" data-dtc=\"3\" class=\"dtc3\"><col data-dtr=\"0\" data-dtc=\"4\" class=\"dtc4\"><col data-dtr=\"0\" data-dtc=\"5\" class=\"dtc5\"><col data-dtr=\"0\" data-dtc=\"6\" class=\"dtc6\"><col data-dtr=\"0\" data-dtc=\"7\" class=\"dtc7\"><col data-dtr=\"0\" data-dtc=\"8\" class=\"dtc8\"><\/colgroup><thead><tr class=\"wptm-header-cells-index\"><th rowspan=\"1\" colspan=\"1\" data-dtr=\"0\" data-dtc=\"0\" class=\"dtr0 dtc0\"><\/th><th rowspan=\"1\" colspan=\"1\" data-dtr=\"0\" data-dtc=\"1\" class=\"dtr0 dtc1\"><\/th><th rowspan=\"1\" colspan=\"1\" data-dtr=\"0\" data-dtc=\"2\" class=\"dtr0 dtc2\"><\/th><th rowspan=\"1\" colspan=\"1\" data-dtr=\"0\" data-dtc=\"3\" class=\"dtr0 dtc3\"><\/th><th rowspan=\"1\" colspan=\"1\" data-dtr=\"0\" data-dtc=\"4\" class=\"dtr0 dtc4\"><\/th><th rowspan=\"1\" colspan=\"1\" data-dtr=\"0\" data-dtc=\"5\" class=\"dtr0 dtc5\"><\/th><th rowspan=\"1\" colspan=\"1\" data-dtr=\"0\" data-dtc=\"6\" class=\"dtr0 dtc6\"><\/th><th rowspan=\"1\" colspan=\"1\" data-dtr=\"0\" data-dtc=\"7\" class=\"dtr0 dtc7\"><\/th><th rowspan=\"1\" colspan=\"1\" data-dtr=\"0\" data-dtc=\"8\" class=\"dtr0 dtc8\"><\/th><\/tr><tr class=\" row0\"><th   data-priority=\"0\" class=\"dtr0 dtc0\"><\/th><th   data-priority=\"0\" class=\"dtr0 dtc1\">Boom Reel 3<\/th><th   data-priority=\"0\" class=\"dtr0 dtc2\">Boom Reel 5<\/th><th   data-priority=\"0\" class=\"dtr0 dtc3\">Boom Reel 6<\/th><th   data-priority=\"0\" class=\"dtr0 dtc4\">Boom Reel 8<\/th><th   data-priority=\"0\" class=\"dtr0 dtc5\">Boom Reel 10<\/th><th   data-priority=\"0\" class=\"dtr0 dtc6\">Boom Reel 12<\/th><th   data-priority=\"0\" class=\"dtr0 dtc7\">Boom Reel 18<\/th><th   data-priority=\"0\" class=\"dtr0 dtc8\">Boom Reel 25<\/th><\/thead><tbody><tr class=\" row1\"><td    class=\"dtr1 dtc0\">Capacity Volume<\/td><td    class=\"dtr1 dtc1\">3M3<\/td><td    class=\"dtr1 dtc2\">5M3<\/td><td    class=\"dtr1 dtc3\">6M3<\/td><td    class=\"dtr1 dtc4\">8M3<\/td><td    class=\"dtr1 dtc5\">10M3<\/td><td    class=\"dtr1 dtc6\">12M3<\/td><td    class=\"dtr1 dtc7\">18M3<\/td><td    class=\"dtr1 dtc8\">25M3<\/td><\/tr><tr class=\" row2\"><td    class=\"dtr2 dtc0\">Drive System<\/td><td  colspan=\"8\"   class=\"dtr2 dtc1\">Manual or Hydraulic or Electric<\/td><td  style=\"display: none\"   class=\"dtr2 dtc2\"><\/td><td  style=\"display: none\"   class=\"dtr2 dtc3\"><\/td><td  style=\"display: none\"   class=\"dtr2 dtc4\"><\/td><td  style=\"display: none\"   class=\"dtr2 dtc5\"><\/td><td  style=\"display: none\"   class=\"dtr2 dtc6\"><\/td><td  style=\"display: none\"   class=\"dtr2 dtc7\"><\/td><td  style=\"display: none\"   class=\"dtr2 dtc8\"><\/td><\/tr><tr class=\" row3\"><td    class=\"dtr3 dtc0\">Power Pack<\/td><td  colspan=\"8\"   class=\"dtr3 dtc1\">Reel-mounted or Seperated or Other Source<\/td><td  style=\"display: none\"   class=\"dtr3 dtc2\"><\/td><td  style=\"display: none\"   class=\"dtr3 dtc3\"><\/td><td  style=\"display: none\"   class=\"dtr3 dtc4\"><\/td><td  style=\"display: none\"   class=\"dtr3 dtc5\"><\/td><td  style=\"display: none\"   class=\"dtr3 dtc6\"><\/td><td  style=\"display: none\"   class=\"dtr3 dtc7\"><\/td><td  style=\"display: none\"   class=\"dtr3 dtc8\"><\/td><\/tr><tr class=\" row4\"><td    class=\"dtr4 dtc0\">Air Filling System<\/td><td  colspan=\"8\"   class=\"dtr4 dtc1\">Automatic Inflation (Optional)<\/td><td  style=\"display: none\"   class=\"dtr4 dtc2\"><\/td><td  style=\"display: none\"   class=\"dtr4 dtc3\"><\/td><td  style=\"display: none\"   class=\"dtr4 dtc4\"><\/td><td  style=\"display: none\"   class=\"dtr4 dtc5\"><\/td><td  style=\"display: none\"   class=\"dtr4 dtc6\"><\/td><td  style=\"display: none\"   class=\"dtr4 dtc7\"><\/td><td  style=\"display: none\"   class=\"dtr4 dtc8\"><\/td><\/tr><tr class=\" row5\"><td    class=\"dtr5 dtc0\">Material<\/td><td  colspan=\"8\"   class=\"dtr5 dtc1\">Steel (Standard) | Aluminium (Optional)<\/td><td  style=\"display: none\"   class=\"dtr5 dtc2\"><\/td><td  style=\"display: none\"   class=\"dtr5 dtc3\"><\/td><td  style=\"display: none\"   class=\"dtr5 dtc4\"><\/td><td  style=\"display: none\"   class=\"dtr5 dtc5\"><\/td><td  style=\"display: none\"   class=\"dtr5 dtc6\"><\/td><td  style=\"display: none\"   class=\"dtr5 dtc7\"><\/td><td  style=\"display: none\"   class=\"dtr5 dtc8\"><\/td><\/tr><tr class=\" row6\"><td    class=\"dtr6 dtc0\">Paint<\/td><td  colspan=\"8\"   class=\"dtr6 dtc1\">Marine Grade Coating (Standard)<\/td><td  style=\"display: none\"   class=\"dtr6 dtc2\"><\/td><td  style=\"display: none\"   class=\"dtr6 dtc3\"><\/td><td  style=\"display: none\"   class=\"dtr6 dtc4\"><\/td><td  style=\"display: none\"   class=\"dtr6 dtc5\"><\/td><td  style=\"display: none\"   class=\"dtr6 dtc6\"><\/td><td  style=\"display: none\"   class=\"dtr6 dtc7\"><\/td><td  style=\"display: none\"   class=\"dtr6 dtc8\"><\/td><\/tr><tr class=\" row7\"><td    class=\"dtr7 dtc0\">Lifting Rings<\/td><td  colspan=\"8\"   class=\"dtr7 dtc1\">Standard<\/td><td  style=\"display: none\"   class=\"dtr7 dtc2\"><\/td><td  style=\"display: none\"   class=\"dtr7 dtc3\"><\/td><td  style=\"display: none\"   class=\"dtr7 dtc4\"><\/td><td  style=\"display: none\"   class=\"dtr7 dtc5\"><\/td><td  style=\"display: none\"   class=\"dtr7 dtc6\"><\/td><td  style=\"display: none\"   class=\"dtr7 dtc7\"><\/td><td  style=\"display: none\"   class=\"dtr7 dtc8\"><\/td><\/tr><tr class=\" row8\"><td    class=\"dtr8 dtc0\">Forklift channel<\/td><td  colspan=\"8\"   class=\"dtr8 dtc1\">Standard<\/td><td  style=\"display: none\"   class=\"dtr8 dtc2\"><\/td><td  style=\"display: none\"   class=\"dtr8 dtc3\"><\/td><td  style=\"display: none\"   class=\"dtr8 dtc4\"><\/td><td  style=\"display: none\"   class=\"dtr8 dtc5\"><\/td><td  style=\"display: none\"   class=\"dtr8 dtc6\"><\/td><td  style=\"display: none\"   class=\"dtr8 dtc7\"><\/td><td  style=\"display: none\"   class=\"dtr8 dtc8\"><\/td><\/tr><tr class=\" row9\"><td    class=\"dtr9 dtc0\">ISO Container<\/td><td  colspan=\"8\"   class=\"dtr9 dtc1\">Optional<\/td><td  style=\"display: none\"   class=\"dtr9 dtc2\"><\/td><td  style=\"display: none\"   class=\"dtr9 dtc3\"><\/td><td  style=\"display: none\"   class=\"dtr9 dtc4\"><\/td><td  style=\"display: none\"   class=\"dtr9 dtc5\"><\/td><td  style=\"display: none\"   class=\"dtr9 dtc6\"><\/td><td  style=\"display: none\"   class=\"dtr9 dtc7\"><\/td><td  style=\"display: none\"   class=\"dtr9 dtc8\"><\/td><\/tr><tr class=\" row10\"><td    class=\"dtr10 dtc0\">Turnrable<\/td><td  colspan=\"8\"   class=\"dtr10 dtc1\">Optional<\/td><td  style=\"display: none\"   class=\"dtr10 dtc2\"><\/td><td  style=\"display: none\"   class=\"dtr10 dtc3\"><\/td><td  style=\"display: none\"   class=\"dtr10 dtc4\"><\/td><td  style=\"display: none\"   class=\"dtr10 dtc5\"><\/td><td  style=\"display: none\"   class=\"dtr10 dtc6\"><\/td><td  style=\"display: none\"   class=\"dtr10 dtc7\"><\/td><td  style=\"display: none\"   class=\"dtr10 dtc8\"><\/td><\/tr><tr class=\" row11\"><td    class=\"dtr11 dtc0\">Skid Mounted<\/td><td  colspan=\"8\"   class=\"dtr11 dtc1\">Optional<\/td><td  style=\"display: none\"   class=\"dtr11 dtc2\"><\/td><td  style=\"display: none\"   class=\"dtr11 dtc3\"><\/td><td  style=\"display: none\"   class=\"dtr11 dtc4\"><\/td><td  style=\"display: none\"   class=\"dtr11 dtc5\"><\/td><td  style=\"display: none\"   class=\"dtr11 dtc6\"><\/td><td  style=\"display: none\"   class=\"dtr11 dtc7\"><\/td><td  style=\"display: none\"   class=\"dtr11 dtc8\"><\/td><\/tr><tr class=\" row12\"><td    class=\"dtr12 dtc0\">Transport Trailer<\/td><td  colspan=\"8\"   class=\"dtr12 dtc1\">Optional<\/td><td  style=\"display: none\"   class=\"dtr12 dtc2\"><\/td><td  style=\"display: none\"   class=\"dtr12 dtc3\"><\/td><td  style=\"display: none\"   class=\"dtr12 dtc4\"><\/td><td  style=\"display: none\"   class=\"dtr12 dtc5\"><\/td><td  style=\"display: none\"   class=\"dtr12 dtc6\"><\/td><td  style=\"display: none\"   class=\"dtr12 dtc7\"><\/td><td  style=\"display: none\"   class=\"dtr12 dtc8\"><\/td><\/tr><tr class=\" row13\"><td    class=\"dtr13 dtc0\">Spreader bar<\/td><td  colspan=\"8\"   class=\"dtr13 dtc1\">Optional<\/td><td  style=\"display: none\"   class=\"dtr13 dtc2\"><\/td><td  style=\"display: none\"   class=\"dtr13 dtc3\"><\/td><td  style=\"display: none\"   class=\"dtr13 dtc4\"><\/td><td  style=\"display: none\"   class=\"dtr13 dtc5\"><\/td><td  style=\"display: none\"   class=\"dtr13 dtc6\"><\/td><td  style=\"display: none\"   class=\"dtr13 dtc7\"><\/td><td  style=\"display: none\"   class=\"dtr13 dtc8\"><\/td><\/tr><tr class=\" row14\"><td    class=\"dtr14 dtc0\">Swivel<\/td><td  colspan=\"8\"   class=\"dtr14 dtc1\">Optional<\/td><td  style=\"display: none\"   class=\"dtr14 dtc2\"><\/td><td  style=\"display: none\"   class=\"dtr14 dtc3\"><\/td><td  style=\"display: none\"   class=\"dtr14 dtc4\"><\/td><td  style=\"display: none\"   class=\"dtr14 dtc5\"><\/td><td  style=\"display: none\"   class=\"dtr14 dtc6\"><\/td><td  style=\"display: none\"   class=\"dtr14 dtc7\"><\/td><td  style=\"display: none\"   class=\"dtr14 dtc8\"><\/td><\/tr><tr class=\" row15\"><td    class=\"dtr15 dtc0\">PVC Cover<\/td><td  colspan=\"8\"   class=\"dtr15 dtc1\">Optional<\/td><td  style=\"display: none\"   class=\"dtr15 dtc2\"><\/td><td  style=\"display: none\"   class=\"dtr15 dtc3\"><\/td><td  style=\"display: none\"   class=\"dtr15 dtc4\"><\/td><td  style=\"display: none\"   class=\"dtr15 dtc5\"><\/td><td  style=\"display: none\"   class=\"dtr15 dtc6\"><\/td><td  style=\"display: none\"   class=\"dtr15 dtc7\"><\/td><td  style=\"display: none\"   class=\"dtr15 dtc8\"><\/td><\/tr><tr class=\" row16\"><td    class=\"dtr16 dtc0\">Remote Control<\/td><td  colspan=\"8\"   class=\"dtr16 dtc1\">Optional<\/td><td  style=\"display: none\"   class=\"dtr16 dtc2\"><\/td><td  style=\"display: none\"   class=\"dtr16 dtc3\"><\/td><td  style=\"display: none\"   class=\"dtr16 dtc4\"><\/td><td  style=\"display: none\"   class=\"dtr16 dtc5\"><\/td><td  style=\"display: none\"   class=\"dtr16 dtc6\"><\/td><td  style=\"display: none\"   class=\"dtr16 dtc7\"><\/td><td  style=\"display: none\"   class=\"dtr16 dtc8\"><\/td><\/tr><\/tbody><tfoot><tr><td class=\"dtr16 dtc0\" style=\"height: 0;\"><\/td><td class=\"dtr16 dtc1\" style=\"height: 0;\"><\/td><td class=\"dtr16 dtc2\" style=\"height: 0;\"><\/td><td class=\"dtr16 dtc3\" style=\"height: 0;\"><\/td><td class=\"dtr16 dtc4\" style=\"height: 0;\"><\/td><td class=\"dtr16 dtc5\" style=\"height: 0;\"><\/td><td class=\"dtr16 dtc6\" style=\"height: 0;\"><\/td><td class=\"dtr16 dtc7\" style=\"height: 0;\"><\/td><td class=\"dtr16 dtc8\" style=\"height: 0;\"><\/td><\/tr><\/tfoot><\/table><\/div><style>#wptmtable107 .dataTables_wrapper > .dataTables_scroll {max-height:500px;overflow: auto;}<\/style><script>window.wptm_ajaxurl = 'https:\/\/mavideniz.com.tr\/wp-admin\/admin-ajax.php?juwpfisadmin=false&action=Wptm&'; window.wptm_front = 'https:\/\/mavideniz.com.tr\/wp-content\/plugins\/wp-table-manager\/app\/site\/assets\/'; window.wptm_style = 'https:\/\/mavideniz.com.tr\/wp-content\/uploads\/wptm\/';<\/script><\/div><style><\/style>\n","protected":false},"excerpt":{"rendered":"<p>Mavi Deniz Enrouleur de barrage p\u00e9trolier a \u00e9t\u00e9 con\u00e7u pour stocker, d\u00e9ployer et r\u00e9cup\u00e9rer un barrage de confinement du p\u00e9trole [&hellip;]<\/p>\n","protected":false},"author":1,"featured_media":0,"parent":39666,"menu_order":0,"comment_status":"closed","ping_status":"closed","template":"","meta":{"site-sidebar-layout":"default","site-content-layout":"","ast-site-content-layout":"default","site-content-style":"default","site-sidebar-style":"default","ast-global-header-display":"","ast-banner-title-visibility":"","ast-main-header-display":"","ast-hfb-above-header-display":"","ast-hfb-below-header-display":"","ast-hfb-mobile-header-display":"","site-post-title":"","ast-breadcrumbs-content":"","ast-featured-img":"","footer-sml-layout":"","ast-disable-related-posts":"","theme-transparent-header-meta":"","adv-header-id-meta":"","stick-header-meta":"","header-above-stick-meta":"","header-main-stick-meta":"","header-below-stick-meta":"","astra-migrate-meta-layouts":"default","ast-page-background-enabled":"default","ast-page-background-meta":{"desktop":{"background-color":"var(--ast-global-color-5)","background-image":"","background-repeat":"repeat","background-position":"center center","background-size":"auto","background-attachment":"scroll","background-type":"","background-media":"","overlay-type":"","overlay-color":"","overlay-opacity":"","overlay-gradient":""},"tablet":{"background-color":"","background-image":"","background-repeat":"repeat","background-position":"center center","background-size":"auto","background-attachment":"scroll","background-type":"","background-media":"","overlay-type":"","overlay-color":"","overlay-opacity":"","overlay-gradient":""},"mobile":{"background-color":"","background-image":"","background-repeat":"repeat","background-position":"center center","background-size":"auto","background-attachment":"scroll","background-type":"","background-media":"","overlay-type":"","overlay-color":"","overlay-opacity":"","overlay-gradient":""}},"ast-content-background-meta":{"desktop":{"background-color":"var(--ast-global-color-4)","background-image":"","background-repeat":"repeat","background-position":"center center","background-size":"auto","background-attachment":"scroll","background-type":"","background-media":"","overlay-type":"","overlay-color":"","overlay-opacity":"","overlay-gradient":""},"tablet":{"background-color":"var(--ast-global-color-4)","background-image":"","background-repeat":"repeat","background-position":"center center","background-size":"auto","background-attachment":"scroll","background-type":"","background-media":"","overlay-type":"","overlay-color":"","overlay-opacity":"","overlay-gradient":""},"mobile":{"background-color":"var(--ast-global-color-4)","background-image":"","background-repeat":"repeat","background-position":"center center","background-size":"auto","background-attachment":"scroll","background-type":"","background-media":"","overlay-type":"","overlay-color":"","overlay-opacity":"","overlay-gradient":""}},"footnotes":""},"class_list":["post-39826","page","type-page","status-publish","hentry"],"_links":{"self":[{"href":"https:\/\/mavideniz.com.tr\/fr\/wp-json\/wp\/v2\/pages\/39826","targetHints":{"allow":["GET"]}}],"collection":[{"href":"https:\/\/mavideniz.com.tr\/fr\/wp-json\/wp\/v2\/pages"}],"about":[{"href":"https:\/\/mavideniz.com.tr\/fr\/wp-json\/wp\/v2\/types\/page"}],"author":[{"embeddable":true,"href":"https:\/\/mavideniz.com.tr\/fr\/wp-json\/wp\/v2\/users\/1"}],"replies":[{"embeddable":true,"href":"https:\/\/mavideniz.com.tr\/fr\/wp-json\/wp\/v2\/comments?post=39826"}],"version-history":[{"count":0,"href":"https:\/\/mavideniz.com.tr\/fr\/wp-json\/wp\/v2\/pages\/39826\/revisions"}],"up":[{"embeddable":true,"href":"https:\/\/mavideniz.com.tr\/fr\/wp-json\/wp\/v2\/pages\/39666"}],"wp:attachment":[{"href":"https:\/\/mavideniz.com.tr\/fr\/wp-json\/wp\/v2\/media?parent=39826"}],"curies":[{"name":"wp","href":"https:\/\/api.w.org\/{rel}","templated":true}]}}