{"id":39830,"date":"2022-10-13T16:38:48","date_gmt":"2022-10-13T16:38:48","guid":{"rendered":"https:\/\/mavideniz.com.tr\/?page_id=39830"},"modified":"2022-10-13T16:38:52","modified_gmt":"2022-10-13T16:38:52","slug":"barriere-de-securite-flottante","status":"publish","type":"page","link":"https:\/\/mavideniz.com.tr\/fr\/produits-industriels\/barrage-petrolier-barriere\/barriere-de-securite-flottante\/","title":{"rendered":"Barri\u00e8re de s\u00e9curit\u00e9 flottante"},"content":{"rendered":"\n<p>Notre barri\u00e8re de s\u00e9curit\u00e9 flottante con\u00e7oit et construit une protection contre un grand, petit ou rapide navire marin. Notre barri\u00e8re flottante est une solution id\u00e9ale pour tous les lieux marins ayant besoin de s\u00e9curit\u00e9. Mavi Deniz offre trois types de barri\u00e8res de s\u00e9curit\u00e9 flottantes : barri\u00e8re de s\u00e9curit\u00e9 portuaire, barri\u00e8re de d\u00e9marcation flottante, barri\u00e8re de navigation et barri\u00e8re de jet ski, emp\u00eachant les menaces maritimes. Nous d\u00e9veloppons le projet pour fa\u00e7onner les demandes des clients, inclure des solutions flexibles et rentables, et \u00e9viter les attaques terroristes, en particulier les bateaux \u00e0 grande vitesse.<\/p>\n<p><strong>Installations Militaires<\/strong><\/p>\n<p>The Need : Apr\u00e8s l&rsquo;attaque terroriste, la marine a ordonn\u00e9 \u00e0 la barri\u00e8re de s\u00e9curit\u00e9 flottante d&rsquo;\u00e9tablir un p\u00e9rim\u00e8tre de d\u00e9fense dans les bases navales du monde entier.<\/p>\n<p>Ce que nous avons fait : L&rsquo;\u00e9quipe de Harbour Offshore Barriers a install\u00e9 et continue d&rsquo;entretenir des syst\u00e8mes de barri\u00e8res maritimes en Turquie continentale, \u00e0 Guam, \u00e0 Hawa\u00ef, au Japon, en Irak, au Pakistan, en Italie et en Espagne. La Marine \u00e9value constamment la performance de Harbour Offshore Barriers comme Excellent ou Tr\u00e8s Bon, ce qui donne un bonus pour 95 % des 26 ordres de t\u00e2ches de 2003 \u00e0 2015.<\/p>\n<p><strong>installations de production et de transport de GNL et de p\u00e9trole<\/strong><\/p>\n<p>Le besoin : Les installations p\u00e9troli\u00e8res et gazi\u00e8res extrac\u00f4ti\u00e8res et c\u00f4ti\u00e8res n\u00e9cessitent d&rsquo;importants investissements en mati\u00e8re de construction et d&rsquo;exploitation. La protection de ces actifs contre les attaques malveillantes et destructives par l&rsquo;installation d&rsquo;une barri\u00e8re de s\u00e9curit\u00e9 flottante marine montre aux investisseurs et aux assureurs que le propri\u00e9taire exploitant est une entreprise cr\u00e9dible qui s&rsquo;attaque directement aux risques \u00e9lev\u00e9s pour la stabilit\u00e9 op\u00e9rationnelle. Les technologies qui favorisent l&rsquo;expansion des unit\u00e9s flottantes de production, de stockage et de d\u00e9chargement (FPSO) et des unit\u00e9s flottantes, de stockage et de regaz\u00e9ification (FSRU) augmentent \u00e0 elles seules la demande de r\u00e9pondre aux normes de s\u00e9curit\u00e9 les plus \u00e9lev\u00e9es en mati\u00e8re de flottaison maritime.<\/p>\n<p>Nous l&rsquo;avons fait : Les sp\u00e9cialistes des barri\u00e8res extrac\u00f4ti\u00e8res portuaires utilisent la mod\u00e9lisation informatique \u00e0 haute performance pour examiner la fiabilit\u00e9 et l&rsquo;efficacit\u00e9 des barri\u00e8res dans des conditions simul\u00e9es afin de concevoir un syst\u00e8me extrac\u00f4tier. Il s&rsquo;agit notamment des conditions maritimes et m\u00e9t\u00e9orologiques, des profondeurs d&rsquo;eau et de l&rsquo;action des vagues pour reproduire les exigences d&rsquo;ing\u00e9nierie du \u00ab monde r\u00e9el \u00bb.<\/p>\n<p><strong>Ports et marinas<\/strong><\/p>\n<p>Le besoin : Les op\u00e9rations portuaires, qu&rsquo;il s&rsquo;agisse de cargaisons conteneuris\u00e9es, en vrac ou en vrac, de navires de croisi\u00e8re, de navires de p\u00eache et de bateaux de plaisance, ont lieu dans les zones urbaines des villes du monde. Une cl\u00f4ture flottante visible doit dissuader les menaces de sabotage, de vol, de contrebande et d&rsquo;explosions mortelles pour emp\u00eacher les intrus tout en permettant aux op\u00e9rations de trafic maritime de se d\u00e9rouler comme pr\u00e9vu.<\/p>\n<p>Ce que nous avons fait : Alors que les navires de patrouille se d\u00e9placent rapidement vers une zone menac\u00e9e, les syst\u00e8mes de s\u00e9curit\u00e9 flottants des barri\u00e8res maritimes de Harbour Offshore Barriers sont des barri\u00e8res de d\u00e9marcation au-del\u00e0 desquelles personne ne devrait passer. Ils pr\u00e9voient que des mesures de s\u00e9curit\u00e9 suppl\u00e9mentaires d\u00e9couragent m\u00eame l&rsquo;id\u00e9e d&rsquo;attaquer un navire dans un port ou un canal de trafic tout en compl\u00e9tant les patrouilles maritimes.<\/p>\n<p><strong>Centrale nucl\u00e9aire<\/strong><\/p>\n<p>Le besoin : Les organismes gouvernementaux sont tenus aux propri\u00e9taires de centrales nucl\u00e9aires sur les lacs d&rsquo;installer des barri\u00e8res sous-marines pour emp\u00eacher l&rsquo;acc\u00e8s aux conduites d&rsquo;admission.<\/p>\n<p>Nous avons fait : L&rsquo;\u00e9quipe de visite sur place de Harbour Offshore Barriers a d\u00e9termin\u00e9 que les conditions environnementales et du fond du lac exigeaient une structure personnalis\u00e9e de 152 m. Le syst\u00e8me comprenait une seule trav\u00e9e de pont de 30,5 m et une porte. Le client a d\u00e9couvert que nous \u00e9tions la seule entreprise capable de r\u00e9pondre aux exigences de sa centrale nucl\u00e9aire.<\/p>\n<p><strong>Barrages<\/strong><\/p>\n<p>Le besoin : Le gouvernement a constat\u00e9 que la protection des barrages contre les attaques terroristes nationales et \u00e9trang\u00e8res est dans l&rsquo;int\u00e9r\u00eat du public. Une attaque provoquerait des inondations massives, des pertes en vies humaines et en biens, et d\u00e9truirait les centrales hydro\u00e9lectriques.<\/p>\n<p><strong>Espaces De Baignade<\/strong><\/p>\n<p>Des barri\u00e8res emp\u00eachent physiquement les navires, les bateaux et les jet-skis d&rsquo;acc\u00e9der \u00e0 l&rsquo;eau en fournissant une \u00ab cl\u00f4ture \u00bb au-dessus de l&rsquo;eau. Les lignes flottantes donnent une d\u00e9limitation visuelle, et les bou\u00e9es fournissent une signalisation pour dissuader l&rsquo;entr\u00e9e. Les bou\u00e9es utilis\u00e9es pour exclure la navigation de la zone doivent \u00eatre en nombre suffisant pour donner l&rsquo;impression d&rsquo;une limite au-del\u00e0 de laquelle les bateaux ne doivent pas passer. Les bou\u00e9es sont toutes amarr\u00e9es dans une ligne de d\u00e9marcation raisonnablement reconnaissable.<\/p>\n<p>Ce que nous avons fait : Le Bureau de la remise en \u00e9tat a demand\u00e9 \u00e0 Harbour Offshore Barriers d&rsquo;installer des syst\u00e8mes de barri\u00e8res au bord de l&rsquo;eau pour plusieurs barrages et voies navigables. Notre chef de projet a con\u00e7u et ex\u00e9cut\u00e9 avec succ\u00e8s une strat\u00e9gie logistique pour le transport de composants et d&rsquo;\u00e9quipements importants vers des sites distants.<\/p>\n<p>La puissance maritime est avant tout une exigence de la politique de d\u00e9fense ; cependant, aucune \u00e9conomie ne peut survivre sans le soutien du commerce international et les si\u00e8cles dans le monde global d&rsquo;aujourd&rsquo;hui. Le transport maritime constitue le principal r\u00e9seau d&rsquo;affaires ; la protection de ces routes, bases et ports dans les principaux arr\u00eats donne la priorit\u00e9 \u00e0 tous les \u00c9tats. Par cons\u00e9quent, dans les strat\u00e9gies de s\u00e9curit\u00e9 fa\u00e7onn\u00e9es avec le slogan \u00ab\u00a0un monde meilleur et plus s\u00fbr\u00a0\u00bb, la premi\u00e8re chose r\u00e9currente devient le terrorisme. La pr\u00e9vention de cette menace accro\u00eet l&rsquo;importance de la s\u00e9curit\u00e9 maritime et de ce contexte pour la d\u00e9fense des ports de base.<\/p>\n<p>Tenir physiquement les vaisseaux \u00e0 distance.<\/p>\n<p><strong>Les cibles de ces nouveaux types de menaces sont les suivantes :<\/strong><\/p>\n<ul>\n<li>Installations Militaires<\/li>\n<li>Terminaux de p\u00e9trole brut et de gaz naturel en mer<\/li>\n<li>Installations nucl\u00e9aires<\/li>\n<li>Usines de dessalement<\/li>\n<li>Installations portuaires pour les navires de charge<\/li>\n<li>Installations portuaires pour les navires de croisi\u00e8re<\/li>\n<li>Barrages de centrales hydro\u00e9lectriques<\/li>\n<li>Espaces De Baignade<\/li>\n<\/ul>\n<h2><strong>Barri\u00e8re De S\u00fbret\u00e9 Portuaire<\/strong><\/h2>\n\n<div class=\"wptm_table tablesorter-bootstrap \" data-id=\"42\" data-hightlight=\"0\"><div class=\"wptm_buttons buttons_wptmTbl42\"><\/div><div class=\"wptmresponsive dataTables-wptmtable wptmtable \" id=\"wptmtable42\" data-tableid=\"wptmTbl42\"><table data-count-header=\"1\"  data-format-decimal_count=\"0\" data-format-decimal_symbol=\".\" data-format-symbol_position=\"0\" data-format-thousand_symbol=\",\"  data-format-currency_symbol=\"$\"  data-name-style=\"42_1759661531.css\" data-format=\"YYYY-MM-DD\" id=\"wptmTbl42\" data-id=\"42\" data-responsive=\"false\" data-hideCols=\"false\"  data-type=\"html\" data-paging=\"false\" data-searching=\"true\"  data-ordering=\"false\" data-table-breakpoint=\"980\" data-scroll-x=\"true\" data-scroll-collapse=\"true\" data-align=\"center\" data-range=\"[]\" data-hideColumn=\"[0,0,0,0,0,0]\"  data-colwidths=\"[190,190,190,190,190,190]\"  data-colwidths_desktop=[]  data-colwidths_tablet=[]  data-colwidths_mobile=[]  class=\"wptm_main_table  disablePager hideScrollHeader\"><colgroup><col data-dtr=\"0\" data-dtc=\"0\" class=\"dtc0\"><col data-dtr=\"0\" data-dtc=\"1\" class=\"dtc1\"><col data-dtr=\"0\" data-dtc=\"2\" class=\"dtc2\"><col data-dtr=\"0\" data-dtc=\"3\" class=\"dtc3\"><col data-dtr=\"0\" data-dtc=\"4\" class=\"dtc4\"><col data-dtr=\"0\" data-dtc=\"5\" class=\"dtc5\"><\/colgroup><thead><tr class=\"wptm-header-cells-index\"><th rowspan=\"1\" colspan=\"1\" data-dtr=\"0\" data-dtc=\"0\" class=\"dtr0 dtc0\"><\/th><th rowspan=\"1\" colspan=\"1\" data-dtr=\"0\" data-dtc=\"1\" class=\"dtr0 dtc1\"><\/th><th rowspan=\"1\" colspan=\"1\" data-dtr=\"0\" data-dtc=\"2\" class=\"dtr0 dtc2\"><\/th><th rowspan=\"1\" colspan=\"1\" data-dtr=\"0\" data-dtc=\"3\" class=\"dtr0 dtc3\"><\/th><th rowspan=\"1\" colspan=\"1\" data-dtr=\"0\" data-dtc=\"4\" class=\"dtr0 dtc4\"><\/th><th rowspan=\"1\" colspan=\"1\" data-dtr=\"0\" data-dtc=\"5\" class=\"dtr0 dtc5\"><\/th><\/tr><tr class=\" row0\"><th   data-priority=\"0\" class=\"dtr0 dtc0\"><\/th><th   data-priority=\"0\" class=\"dtr0 dtc1\">FSB 800<\/th><th   data-priority=\"0\" class=\"dtr0 dtc2\">FSB 710<\/th><th   data-priority=\"0\" class=\"dtr0 dtc3\">FSB 630<\/th><th   data-priority=\"0\" class=\"dtr0 dtc4\">FSB 500<\/th><th   data-priority=\"0\" class=\"dtr0 dtc5\">FSB 450<\/th><\/thead><tbody><tr class=\" row1\"><td    class=\"dtr1 dtc0\">Pontoon Material<\/td><td    class=\"dtr1 dtc1\">HDPE<\/td><td    class=\"dtr1 dtc2\">HDPE<\/td><td    class=\"dtr1 dtc3\">HDPE<\/td><td    class=\"dtr1 dtc4\">HDPE<\/td><td    class=\"dtr1 dtc5\">HDPE<\/td><\/tr><tr class=\" row2\"><td    class=\"dtr2 dtc0\">Pontoon Colour<\/td><td  colspan=\"5\"   class=\"dtr2 dtc1\">Black<\/td><td  style=\"display: none\"   class=\"dtr2 dtc2\"><\/td><td  style=\"display: none\"   class=\"dtr2 dtc3\"><\/td><td  style=\"display: none\"   class=\"dtr2 dtc4\"><\/td><td  style=\"display: none\"   class=\"dtr2 dtc5\"><\/td><\/tr><tr class=\" row3\"><td    class=\"dtr3 dtc0\">Net Material<\/td><td  colspan=\"5\"   class=\"dtr3 dtc1\">Steel Wire Mesh (Standard) | Rope (Optional)<\/td><td  style=\"display: none\"   class=\"dtr3 dtc2\"><\/td><td  style=\"display: none\"   class=\"dtr3 dtc3\"><\/td><td  style=\"display: none\"   class=\"dtr3 dtc4\"><\/td><td  style=\"display: none\"   class=\"dtr3 dtc5\"><\/td><\/tr><tr class=\" row4\"><td    class=\"dtr4 dtc0\">Beam Material<\/td><td  colspan=\"5\"   class=\"dtr4 dtc1\">Marine Grade Steel<\/td><td  style=\"display: none\"   class=\"dtr4 dtc2\"><\/td><td  style=\"display: none\"   class=\"dtr4 dtc3\"><\/td><td  style=\"display: none\"   class=\"dtr4 dtc4\"><\/td><td  style=\"display: none\"   class=\"dtr4 dtc5\"><\/td><\/tr><tr class=\" row5\"><td    class=\"dtr5 dtc0\">Net Height<\/td><td  colspan=\"5\"   class=\"dtr5 dtc1\">500 mm (Standard) | 1000 mm (Optional)<\/td><td  style=\"display: none\"   class=\"dtr5 dtc2\"><\/td><td  style=\"display: none\"   class=\"dtr5 dtc3\"><\/td><td  style=\"display: none\"   class=\"dtr5 dtc4\"><\/td><td  style=\"display: none\"   class=\"dtr5 dtc5\"><\/td><\/tr><tr class=\" row6\"><td    class=\"dtr6 dtc0\">Pontoon Height<\/td><td    class=\"dtr6 dtc1\">800 mm<\/td><td    class=\"dtr6 dtc2\">710 mm<\/td><td    class=\"dtr6 dtc3\">630 mm<\/td><td    class=\"dtr6 dtc4\">500 mm<\/td><td    class=\"dtr6 dtc5\">450 mm<\/td><\/tr><tr class=\" row7\"><td    class=\"dtr7 dtc0\">Section Length<\/td><td  colspan=\"5\"   class=\"dtr7 dtc1\">6 m \/ 12 m<\/td><td  style=\"display: none\"   class=\"dtr7 dtc2\"><\/td><td  style=\"display: none\"   class=\"dtr7 dtc3\"><\/td><td  style=\"display: none\"   class=\"dtr7 dtc4\"><\/td><td  style=\"display: none\"   class=\"dtr7 dtc5\"><\/td><\/tr><tr class=\" row8\"><td    class=\"dtr8 dtc0\">Optional<\/td><td  colspan=\"5\"   class=\"dtr8 dtc1\">Underwater net for diver security | Underwater Diver Detection Device | Boat Gate | Anchor & Sinker Set | Warning Sign | Kayak Cable | Foam inside Pontoon | Solar Panel | Navigation Light<\/td><td  style=\"display: none\"   class=\"dtr8 dtc2\"><\/td><td  style=\"display: none\"   class=\"dtr8 dtc3\"><\/td><td  style=\"display: none\"   class=\"dtr8 dtc4\"><\/td><td  style=\"display: none\"   class=\"dtr8 dtc5\"><\/td><\/tr><\/tbody><tfoot><tr><td class=\"dtr8 dtc0\" style=\"height: 0;\"><\/td><td class=\"dtr8 dtc1\" style=\"height: 0;\"><\/td><td class=\"dtr8 dtc2\" style=\"height: 0;\"><\/td><td class=\"dtr8 dtc3\" style=\"height: 0;\"><\/td><td class=\"dtr8 dtc4\" style=\"height: 0;\"><\/td><td class=\"dtr8 dtc5\" style=\"height: 0;\"><\/td><\/tr><\/tfoot><\/table><\/div><style>#wptmtable42 .dataTables_wrapper > .dataTables_scroll {max-height:500px;overflow: auto;}<\/style><script>window.wptm_ajaxurl = 'https:\/\/mavideniz.com.tr\/wp-admin\/admin-ajax.php?juwpfisadmin=false&action=Wptm&'; window.wptm_front = 'https:\/\/mavideniz.com.tr\/wp-content\/plugins\/wp-table-manager\/app\/site\/assets\/'; window.wptm_style = 'https:\/\/mavideniz.com.tr\/wp-content\/uploads\/wptm\/';<\/script><\/div><style><\/style>\n<h2><strong>Barri\u00e8re De D\u00e9marcation Flottante<\/strong><\/h2>\n\n<div class=\"wptm_table tablesorter-bootstrap \" data-id=\"43\" data-hightlight=\"0\"><div class=\"wptm_buttons buttons_wptmTbl43\"><\/div><div class=\"wptmresponsive dataTables-wptmtable wptmtable \" id=\"wptmtable43\" data-tableid=\"wptmTbl43\"><table data-count-header=\"1\"  data-format-decimal_count=\"0\" data-format-decimal_symbol=\".\" data-format-symbol_position=\"0\" data-format-thousand_symbol=\",\"  data-format-currency_symbol=\"$\"  data-name-style=\"43_1759661618.css\" data-format=\"YYYY-MM-DD\" id=\"wptmTbl43\" data-id=\"43\" data-responsive=\"false\" data-hideCols=\"false\"  data-type=\"html\" data-paging=\"false\" data-searching=\"true\"  data-ordering=\"false\" data-table-breakpoint=\"980\" data-scroll-x=\"true\" data-scroll-collapse=\"true\" data-align=\"center\" data-range=\"[]\" data-hideColumn=\"[0,0,0,0]\"  data-colwidths=\"[285,285,285,285]\"  data-colwidths_desktop=[]  data-colwidths_tablet=[]  data-colwidths_mobile=[]  class=\"wptm_main_table  disablePager hideScrollHeader\"><colgroup><col data-dtr=\"0\" data-dtc=\"0\" class=\"dtc0\"><col data-dtr=\"0\" data-dtc=\"1\" class=\"dtc1\"><col data-dtr=\"0\" data-dtc=\"2\" class=\"dtc2\"><col data-dtr=\"0\" data-dtc=\"3\" class=\"dtc3\"><\/colgroup><thead><tr class=\"wptm-header-cells-index\"><th rowspan=\"1\" colspan=\"1\" data-dtr=\"0\" data-dtc=\"0\" class=\"dtr0 dtc0\"><\/th><th rowspan=\"1\" colspan=\"1\" data-dtr=\"0\" data-dtc=\"1\" class=\"dtr0 dtc1\"><\/th><th rowspan=\"1\" colspan=\"1\" data-dtr=\"0\" data-dtc=\"2\" class=\"dtr0 dtc2\"><\/th><th rowspan=\"1\" colspan=\"1\" data-dtr=\"0\" data-dtc=\"3\" class=\"dtr0 dtc3\"><\/th><\/tr><tr class=\" row0\"><th   data-priority=\"0\" class=\"dtr0 dtc0\"><\/th><th   data-priority=\"0\" class=\"dtr0 dtc1\">Demarcation 3<\/th><th   data-priority=\"0\" class=\"dtr0 dtc2\">Demarcation 2<\/th><th   data-priority=\"0\" class=\"dtr0 dtc3\">Demarcation 1<\/th><\/thead><tbody><tr class=\" row1\"><td    class=\"dtr1 dtc0\">Float Material<\/td><td    class=\"dtr1 dtc1\">PE<\/td><td    class=\"dtr1 dtc2\">PE<\/td><td    class=\"dtr1 dtc3\">PE<\/td><\/tr><tr class=\" row2\"><td    class=\"dtr2 dtc0\">Float Colour<\/td><td  colspan=\"3\"   class=\"dtr2 dtc1\">Orange (Standard) | White, Yellow, Blue (Optional)<\/td><td  style=\"display: none\"   class=\"dtr2 dtc2\"><\/td><td  style=\"display: none\"   class=\"dtr2 dtc3\"><\/td><\/tr><tr class=\" row3\"><td    class=\"dtr3 dtc0\">Overall height<\/td><td    class=\"dtr3 dtc1\">755 mm<\/td><td    class=\"dtr3 dtc2\">640 mm<\/td><td    class=\"dtr3 dtc3\">430 mm<\/td><\/tr><tr class=\" row4\"><td    class=\"dtr4 dtc0\">Buoyancy<\/td><td    class=\"dtr4 dtc1\">250 kg<\/td><td    class=\"dtr4 dtc2\">180 kg<\/td><td    class=\"dtr4 dtc3\">90 kg<\/td><\/tr><tr class=\" row5\"><td    class=\"dtr5 dtc0\">Weight<\/td><td    class=\"dtr5 dtc1\">28 kg<\/td><td    class=\"dtr5 dtc2\">22 kg<\/td><td    class=\"dtr5 dtc3\">10 kg<\/td><\/tr><tr class=\" row6\"><td    class=\"dtr6 dtc0\">Connection<\/td><td    class=\"dtr6 dtc1\">Shackle<\/td><td    class=\"dtr6 dtc2\">Shackle<\/td><td    class=\"dtr6 dtc3\">Shackle<\/td><\/tr><tr class=\" row7\"><td    class=\"dtr7 dtc0\">Section Length<\/td><td    class=\"dtr7 dtc1\">1100 mm<\/td><td    class=\"dtr7 dtc2\">950 mm<\/td><td    class=\"dtr7 dtc3\">650 mm<\/td><\/tr><\/tbody><tfoot><tr><td class=\"dtr7 dtc0\" style=\"height: 0;\"><\/td><td class=\"dtr7 dtc1\" style=\"height: 0;\"><\/td><td class=\"dtr7 dtc2\" style=\"height: 0;\"><\/td><td class=\"dtr7 dtc3\" style=\"height: 0;\"><\/td><\/tr><\/tfoot><\/table><\/div><style>#wptmtable43 .dataTables_wrapper > .dataTables_scroll {max-height:500px;overflow: auto;}<\/style><script>window.wptm_ajaxurl = 'https:\/\/mavideniz.com.tr\/wp-admin\/admin-ajax.php?juwpfisadmin=false&action=Wptm&'; window.wptm_front = 'https:\/\/mavideniz.com.tr\/wp-content\/plugins\/wp-table-manager\/app\/site\/assets\/'; window.wptm_style = 'https:\/\/mavideniz.com.tr\/wp-content\/uploads\/wptm\/';<\/script><\/div><style><\/style>\n<h2><strong>Barri\u00e8re De Zone De Natation<\/strong><\/h2>\n\n<div class=\"wptm_table tablesorter-bootstrap \" data-id=\"41\" data-hightlight=\"0\"><div class=\"wptm_buttons buttons_wptmTbl41\"><\/div><div class=\"wptmresponsive dataTables-wptmtable wptmtable \" id=\"wptmtable41\" data-tableid=\"wptmTbl41\"><table data-count-header=\"1\"  data-format-decimal_count=\"0\" data-format-decimal_symbol=\".\" data-format-symbol_position=\"0\" data-format-thousand_symbol=\",\"  data-format-currency_symbol=\"$\"  data-name-style=\"41_1759661558.css\" data-format=\"YYYY-MM-DD\" id=\"wptmTbl41\" data-id=\"41\" data-responsive=\"false\" data-hideCols=\"false\"  data-type=\"html\" data-paging=\"false\" data-searching=\"true\"  data-ordering=\"false\" data-table-breakpoint=\"980\" data-scroll-x=\"true\" data-scroll-collapse=\"true\" data-align=\"center\" data-range=\"[]\" data-hideColumn=\"[0,0,0,0]\"  data-colwidths=\"[285,285,285,285]\"  data-colwidths_desktop=[]  data-colwidths_tablet=[]  data-colwidths_mobile=[]  class=\"wptm_main_table  disablePager hideScrollHeader\"><colgroup><col data-dtr=\"0\" data-dtc=\"0\" class=\"dtc0\"><col data-dtr=\"0\" data-dtc=\"1\" class=\"dtc1\"><col data-dtr=\"0\" data-dtc=\"2\" class=\"dtc2\"><col data-dtr=\"0\" data-dtc=\"3\" class=\"dtc3\"><\/colgroup><thead><tr class=\"wptm-header-cells-index\"><th rowspan=\"1\" colspan=\"1\" data-dtr=\"0\" data-dtc=\"0\" class=\"dtr0 dtc0\"><\/th><th rowspan=\"1\" colspan=\"1\" data-dtr=\"0\" data-dtc=\"1\" class=\"dtr0 dtc1\"><\/th><th rowspan=\"1\" colspan=\"1\" data-dtr=\"0\" data-dtc=\"2\" class=\"dtr0 dtc2\"><\/th><th rowspan=\"1\" colspan=\"1\" data-dtr=\"0\" data-dtc=\"3\" class=\"dtr0 dtc3\"><\/th><\/tr><tr class=\" row0\"><th   data-priority=\"0\" class=\"dtr0 dtc0\"><\/th><th   data-priority=\"0\" class=\"dtr0 dtc1\">JetSki 3<\/th><th   data-priority=\"0\" class=\"dtr0 dtc2\">JetSki 2<\/th><th   data-priority=\"0\" class=\"dtr0 dtc3\">JetSki 1<\/th><\/thead><tbody><tr class=\" row1\"><td    class=\"dtr1 dtc0\">Float Material<\/td><td    class=\"dtr1 dtc1\">PE<\/td><td    class=\"dtr1 dtc2\">PE<\/td><td    class=\"dtr1 dtc3\">PE<\/td><\/tr><tr class=\" row2\"><td    class=\"dtr2 dtc0\">Float Colour<\/td><td  colspan=\"3\"   class=\"dtr2 dtc1\">Orange (Standard) | White, Yellow, Blue (Optional)<\/td><td  style=\"display: none\"   class=\"dtr2 dtc2\"><\/td><td  style=\"display: none\"   class=\"dtr2 dtc3\"><\/td><\/tr><tr class=\" row3\"><td    class=\"dtr3 dtc0\">Overall height<\/td><td    class=\"dtr3 dtc1\">350 mm<\/td><td    class=\"dtr3 dtc2\">200 mm<\/td><td    class=\"dtr3 dtc3\">150 mm<\/td><\/tr><tr class=\" row4\"><td    class=\"dtr4 dtc0\">Buoyancy<\/td><td    class=\"dtr4 dtc1\">70 kg<\/td><td    class=\"dtr4 dtc2\">20 kg<\/td><td    class=\"dtr4 dtc3\">9 kg<\/td><\/tr><tr class=\" row5\"><td    class=\"dtr5 dtc0\">Weight<\/td><td    class=\"dtr5 dtc1\">5 kg<\/td><td    class=\"dtr5 dtc2\">1,8 kg<\/td><td    class=\"dtr5 dtc3\">0,9 kg<\/td><\/tr><tr class=\" row6\"><td    class=\"dtr6 dtc0\">Connection<\/td><td    class=\"dtr6 dtc1\">Rope<\/td><td    class=\"dtr6 dtc2\">Rope<\/td><td    class=\"dtr6 dtc3\">Rope<\/td><\/tr><tr class=\" row7\"><td    class=\"dtr7 dtc0\">Section Length<\/td><td    class=\"dtr7 dtc1\">900 mm<\/td><td    class=\"dtr7 dtc2\">800 mm<\/td><td    class=\"dtr7 dtc3\">600 mm<\/td><\/tr><\/tbody><tfoot><tr><td class=\"dtr7 dtc0\" style=\"height: 0;\"><\/td><td class=\"dtr7 dtc1\" style=\"height: 0;\"><\/td><td class=\"dtr7 dtc2\" style=\"height: 0;\"><\/td><td class=\"dtr7 dtc3\" style=\"height: 0;\"><\/td><\/tr><\/tfoot><\/table><\/div><style>#wptmtable41 .dataTables_wrapper > .dataTables_scroll {max-height:500px;overflow: auto;}<\/style><script>window.wptm_ajaxurl = 'https:\/\/mavideniz.com.tr\/wp-admin\/admin-ajax.php?juwpfisadmin=false&action=Wptm&'; window.wptm_front = 'https:\/\/mavideniz.com.tr\/wp-content\/plugins\/wp-table-manager\/app\/site\/assets\/'; window.wptm_style = 'https:\/\/mavideniz.com.tr\/wp-content\/uploads\/wptm\/';<\/script><\/div><style><\/style>\n","protected":false},"excerpt":{"rendered":"<p>Notre barri\u00e8re de s\u00e9curit\u00e9 flottante con\u00e7oit et construit une protection contre un grand, petit ou rapide navire marin. Notre barri\u00e8re [&hellip;]<\/p>\n","protected":false},"author":1,"featured_media":0,"parent":39666,"menu_order":0,"comment_status":"closed","ping_status":"closed","template":"","meta":{"site-sidebar-layout":"default","site-content-layout":"","ast-site-content-layout":"default","site-content-style":"default","site-sidebar-style":"default","ast-global-header-display":"","ast-banner-title-visibility":"","ast-main-header-display":"","ast-hfb-above-header-display":"","ast-hfb-below-header-display":"","ast-hfb-mobile-header-display":"","site-post-title":"","ast-breadcrumbs-content":"","ast-featured-img":"","footer-sml-layout":"","ast-disable-related-posts":"","theme-transparent-header-meta":"","adv-header-id-meta":"","stick-header-meta":"","header-above-stick-meta":"","header-main-stick-meta":"","header-below-stick-meta":"","astra-migrate-meta-layouts":"default","ast-page-background-enabled":"default","ast-page-background-meta":{"desktop":{"background-color":"var(--ast-global-color-5)","background-image":"","background-repeat":"repeat","background-position":"center center","background-size":"auto","background-attachment":"scroll","background-type":"","background-media":"","overlay-type":"","overlay-color":"","overlay-opacity":"","overlay-gradient":""},"tablet":{"background-color":"","background-image":"","background-repeat":"repeat","background-position":"center center","background-size":"auto","background-attachment":"scroll","background-type":"","background-media":"","overlay-type":"","overlay-color":"","overlay-opacity":"","overlay-gradient":""},"mobile":{"background-color":"","background-image":"","background-repeat":"repeat","background-position":"center center","background-size":"auto","background-attachment":"scroll","background-type":"","background-media":"","overlay-type":"","overlay-color":"","overlay-opacity":"","overlay-gradient":""}},"ast-content-background-meta":{"desktop":{"background-color":"var(--ast-global-color-4)","background-image":"","background-repeat":"repeat","background-position":"center center","background-size":"auto","background-attachment":"scroll","background-type":"","background-media":"","overlay-type":"","overlay-color":"","overlay-opacity":"","overlay-gradient":""},"tablet":{"background-color":"var(--ast-global-color-4)","background-image":"","background-repeat":"repeat","background-position":"center center","background-size":"auto","background-attachment":"scroll","background-type":"","background-media":"","overlay-type":"","overlay-color":"","overlay-opacity":"","overlay-gradient":""},"mobile":{"background-color":"var(--ast-global-color-4)","background-image":"","background-repeat":"repeat","background-position":"center center","background-size":"auto","background-attachment":"scroll","background-type":"","background-media":"","overlay-type":"","overlay-color":"","overlay-opacity":"","overlay-gradient":""}},"footnotes":""},"class_list":["post-39830","page","type-page","status-publish","hentry"],"_links":{"self":[{"href":"https:\/\/mavideniz.com.tr\/fr\/wp-json\/wp\/v2\/pages\/39830","targetHints":{"allow":["GET"]}}],"collection":[{"href":"https:\/\/mavideniz.com.tr\/fr\/wp-json\/wp\/v2\/pages"}],"about":[{"href":"https:\/\/mavideniz.com.tr\/fr\/wp-json\/wp\/v2\/types\/page"}],"author":[{"embeddable":true,"href":"https:\/\/mavideniz.com.tr\/fr\/wp-json\/wp\/v2\/users\/1"}],"replies":[{"embeddable":true,"href":"https:\/\/mavideniz.com.tr\/fr\/wp-json\/wp\/v2\/comments?post=39830"}],"version-history":[{"count":0,"href":"https:\/\/mavideniz.com.tr\/fr\/wp-json\/wp\/v2\/pages\/39830\/revisions"}],"up":[{"embeddable":true,"href":"https:\/\/mavideniz.com.tr\/fr\/wp-json\/wp\/v2\/pages\/39666"}],"wp:attachment":[{"href":"https:\/\/mavideniz.com.tr\/fr\/wp-json\/wp\/v2\/media?parent=39830"}],"curies":[{"name":"wp","href":"https:\/\/api.w.org\/{rel}","templated":true}]}}