{"id":39835,"date":"2022-10-13T16:44:24","date_gmt":"2022-10-13T16:44:24","guid":{"rendered":"https:\/\/mavideniz.com.tr\/?page_id=39835"},"modified":"2022-10-13T16:44:46","modified_gmt":"2022-10-13T16:44:46","slug":"barriere-de-controle-des-inondations","status":"publish","type":"page","link":"https:\/\/mavideniz.com.tr\/fr\/produits-industriels\/barrage-petrolier-barriere\/barriere-de-controle-des-inondations\/","title":{"rendered":"Barri\u00e8re de contr\u00f4le des inondations"},"content":{"rendered":"\n<p>La barri\u00e8re de protection contre les inondations de Mavideniz se compose de tubes en PVC remplis d&rsquo;eau. La barri\u00e8re de contr\u00f4le des inondations de Mavideniz peut contr\u00f4ler les inondations jusqu&rsquo;\u00e0 2,5 m de hauteur. La barri\u00e8re de contr\u00f4le des inondations est con\u00e7ue pour d\u00e9vier jusqu&rsquo;\u00e0 100 % des eaux de crue. Barri\u00e8re anti-inondation peut utiliser le contr\u00f4le et la pr\u00e9vention des inondations, la r\u00e9habilitation des barrages, la rampe d&#8217;embarquement ( construction et r\u00e9paration), les semelles ( pont, quai, canal ), le franchissement de pipeline, la d\u00e9rivation de cours d&rsquo;eau, la r\u00e9paration de rev\u00eatement d&rsquo;\u00e9tang, l&rsquo;assainissement, Haz-Mat, la restauration des terres humides, les projets de construction, la restauration des lacs.<\/p>\n<p>La barri\u00e8re de contr\u00f4le des inondations de Mavideniz est beaucoup plus efficace que les sacs de sable ; aucun \u00e9quipement lourd n&rsquo;est n\u00e9cessaire, donc, la protection de notre environnement et sans dommages environnementaux, enti\u00e8rement respectueux de l&rsquo;environnement. La barri\u00e8re de contr\u00f4le des inondations peut \u00eatre install\u00e9e beaucoup plus rapidement, \u00e0 une fraction du co\u00fbt. En outre, la barri\u00e8re de contr\u00f4le des inondations est flexible et rapidement d\u00e9ploy\u00e9e, ce qui en fait la barri\u00e8re id\u00e9ale pour une r\u00e9ponse rapide aux menaces d&rsquo;inondation ou la pr\u00e9vention. L&rsquo;installation d&rsquo;une barri\u00e8re de protection contre les inondations n\u00e9cessite uniquement des pompes portables, un approvisionnement en eau sur site et deux ouvriers ou plus, selon la taille du projet. Des sections de la barri\u00e8re anti-inondation peuvent se joindre rapidement pour cr\u00e9er des parties plus longues de la barri\u00e8re de protection. La longueur de la section peut \u00eatre arrang\u00e9e jusqu&rsquo;\u00e0 50m pour vos besoins. La section de 15 m\u00e8tres de long ne p\u00e8se que 25 kilogrammes lorsqu&rsquo;elle est vide. Une barri\u00e8re anti-inondation peut \u00eatre pr\u00eate \u00e0 \u00eatre d\u00e9ploy\u00e9e en 90 secondes.<\/p>\n<p><strong>Caract\u00e9ristiques<\/strong><\/p>\n<ul>\n<li>Protection mobile contre les inondations<\/li>\n<li>Flexible et facile \u00e0 utiliser<\/li>\n<li>Facile \u00e0 nettoyer et r\u00e9utilisable<\/li>\n<li>Le faible co\u00fbt d&rsquo;exploitation, de stockage et de logistique<\/li>\n<li>La hauteur et la longueur de la protection peuvent convenir \u00e0 vos besoins<\/li>\n<li>Applicable aux normes ISO<\/li>\n<li>R\u00e9sistant aux UV + R\u00e9sistant aux produits chimiques<\/li>\n<\/ul>\n<div class=\"wptm_table tablesorter-bootstrap \" data-id=\"30\" data-hightlight=\"0\"><div class=\"wptm_buttons buttons_wptmTbl30\"><\/div><div class=\"wptmresponsive dataTables-wptmtable wptmtable \" id=\"wptmtable30\" data-tableid=\"wptmTbl30\"><table data-count-header=\"1\"  data-format-decimal_count=\"0\" data-format-decimal_symbol=\".\" data-format-symbol_position=\"0\" data-format-thousand_symbol=\",\"  data-format-currency_symbol=\"$\"  data-name-style=\"30_1759660423.css\" data-format=\"YYYY-MM-DD\" id=\"wptmTbl30\" data-id=\"30\" data-responsive=\"false\" data-hideCols=\"false\"  data-type=\"html\" data-paging=\"false\" data-searching=\"true\"  data-ordering=\"false\" data-table-breakpoint=\"980\" data-scroll-x=\"true\" data-scroll-collapse=\"true\" data-align=\"center\" data-range=\"[]\" data-hideColumn=\"[0,0,0,0]\"  data-colwidths=\"[285,285,285,285]\"  data-colwidths_desktop=[]  data-colwidths_tablet=[]  data-colwidths_mobile=[]  class=\"wptm_main_table  disablePager hideScrollHeader\"><colgroup><col data-dtr=\"0\" data-dtc=\"0\" class=\"dtc0\"><col data-dtr=\"0\" data-dtc=\"1\" class=\"dtc1\"><col data-dtr=\"0\" data-dtc=\"2\" class=\"dtc2\"><col data-dtr=\"0\" data-dtc=\"3\" class=\"dtc3\"><\/colgroup><thead><tr class=\"wptm-header-cells-index\"><th rowspan=\"1\" colspan=\"1\" data-dtr=\"0\" data-dtc=\"0\" class=\"dtr0 dtc0\"><\/th><th rowspan=\"1\" colspan=\"1\" data-dtr=\"0\" data-dtc=\"1\" class=\"dtr0 dtc1\"><\/th><th rowspan=\"1\" colspan=\"1\" data-dtr=\"0\" data-dtc=\"2\" class=\"dtr0 dtc2\"><\/th><th rowspan=\"1\" colspan=\"1\" data-dtr=\"0\" data-dtc=\"3\" class=\"dtr0 dtc3\"><\/th><\/tr><tr class=\" row0\"><th   data-priority=\"0\" class=\"dtr0 dtc0\"><\/th><th   data-priority=\"0\" class=\"dtr0 dtc1\">Flood I<\/th><th   data-priority=\"0\" class=\"dtr0 dtc2\">Flood II<\/th><th   data-priority=\"0\" class=\"dtr0 dtc3\">Flood III<\/th><\/thead><tbody><tr class=\" row1\"><td    class=\"dtr1 dtc0\">Application Area<\/td><td    class=\"dtr1 dtc1\">Shore<\/td><td    class=\"dtr1 dtc2\">Shore<\/td><td    class=\"dtr1 dtc3\">Shore<\/td><\/tr><tr class=\" row2\"><td    class=\"dtr2 dtc0\">Overall Height<\/td><td    class=\"dtr2 dtc1\">500 mm<\/td><td    class=\"dtr2 dtc2\">750 mm<\/td><td    class=\"dtr2 dtc3\">1000 mm<\/td><\/tr><tr class=\" row3\"><td    class=\"dtr3 dtc0\">Max Water Level<\/td><td    class=\"dtr3 dtc1\">500 mm<\/td><td    class=\"dtr3 dtc2\">750 mm<\/td><td    class=\"dtr3 dtc3\">1000 mm<\/td><\/tr><tr class=\" row4\"><td    class=\"dtr4 dtc0\">Fabric Material<\/td><td  colspan=\"3\"   class=\"dtr4 dtc1\">1100 dtex, PVC (Standard) | PU (Optional)<\/td><td  style=\"display: none\"   class=\"dtr4 dtc2\"><\/td><td  style=\"display: none\"   class=\"dtr4 dtc3\"><\/td><\/tr><tr class=\" row5\"><td    class=\"dtr5 dtc0\">Fabric Weight<\/td><td    class=\"dtr5 dtc1\">900 g\/m\u00b2<\/td><td    class=\"dtr5 dtc2\">900 g\/m\u00b2<\/td><td    class=\"dtr5 dtc3\">900 g\/m\u00b2<\/td><\/tr><tr class=\" row6\"><td    class=\"dtr6 dtc0\">Tensile Strenght<\/td><td    class=\"dtr6 dtc1\">4000 N\/5 cm<\/td><td    class=\"dtr6 dtc2\">4000 N\/5 cm<\/td><td    class=\"dtr6 dtc3\">4000 N\/5 cm<\/td><\/tr><tr class=\" row7\"><td    class=\"dtr7 dtc0\">Section Length<\/td><td  colspan=\"3\"   class=\"dtr7 dtc1\">Minimum Lenght 5 mt<\/td><td  style=\"display: none\"   class=\"dtr7 dtc2\"><\/td><td  style=\"display: none\"   class=\"dtr7 dtc3\"><\/td><\/tr><tr class=\" row8\"><td    class=\"dtr8 dtc0\">Connector<\/td><td  colspan=\"3\"   class=\"dtr8 dtc1\">ASTM Z or ASTM Universal<\/td><td  style=\"display: none\"   class=\"dtr8 dtc2\"><\/td><td  style=\"display: none\"   class=\"dtr8 dtc3\"><\/td><\/tr><\/tbody><tfoot><tr><td class=\"dtr8 dtc0\" style=\"height: 0;\"><\/td><td class=\"dtr8 dtc1\" style=\"height: 0;\"><\/td><td class=\"dtr8 dtc2\" style=\"height: 0;\"><\/td><td class=\"dtr8 dtc3\" style=\"height: 0;\"><\/td><\/tr><\/tfoot><\/table><\/div><style>#wptmtable30 .dataTables_wrapper > .dataTables_scroll {max-height:500px;overflow: auto;}<\/style><script>window.wptm_ajaxurl = 'https:\/\/mavideniz.com.tr\/wp-admin\/admin-ajax.php?juwpfisadmin=false&action=Wptm&'; window.wptm_front = 'https:\/\/mavideniz.com.tr\/wp-content\/plugins\/wp-table-manager\/app\/site\/assets\/'; window.wptm_style = 'https:\/\/mavideniz.com.tr\/wp-content\/uploads\/wptm\/';<\/script><\/div><style><\/style>\n","protected":false},"excerpt":{"rendered":"<p>La barri\u00e8re de protection contre les inondations de Mavideniz se compose de tubes en PVC remplis d&rsquo;eau. La barri\u00e8re de [&hellip;]<\/p>\n","protected":false},"author":1,"featured_media":0,"parent":39666,"menu_order":0,"comment_status":"closed","ping_status":"closed","template":"","meta":{"site-sidebar-layout":"default","site-content-layout":"","ast-site-content-layout":"default","site-content-style":"default","site-sidebar-style":"default","ast-global-header-display":"","ast-banner-title-visibility":"","ast-main-header-display":"","ast-hfb-above-header-display":"","ast-hfb-below-header-display":"","ast-hfb-mobile-header-display":"","site-post-title":"","ast-breadcrumbs-content":"","ast-featured-img":"","footer-sml-layout":"","ast-disable-related-posts":"","theme-transparent-header-meta":"","adv-header-id-meta":"","stick-header-meta":"","header-above-stick-meta":"","header-main-stick-meta":"","header-below-stick-meta":"","astra-migrate-meta-layouts":"default","ast-page-background-enabled":"default","ast-page-background-meta":{"desktop":{"background-color":"var(--ast-global-color-5)","background-image":"","background-repeat":"repeat","background-position":"center center","background-size":"auto","background-attachment":"scroll","background-type":"","background-media":"","overlay-type":"","overlay-color":"","overlay-opacity":"","overlay-gradient":""},"tablet":{"background-color":"","background-image":"","background-repeat":"repeat","background-position":"center center","background-size":"auto","background-attachment":"scroll","background-type":"","background-media":"","overlay-type":"","overlay-color":"","overlay-opacity":"","overlay-gradient":""},"mobile":{"background-color":"","background-image":"","background-repeat":"repeat","background-position":"center center","background-size":"auto","background-attachment":"scroll","background-type":"","background-media":"","overlay-type":"","overlay-color":"","overlay-opacity":"","overlay-gradient":""}},"ast-content-background-meta":{"desktop":{"background-color":"var(--ast-global-color-4)","background-image":"","background-repeat":"repeat","background-position":"center center","background-size":"auto","background-attachment":"scroll","background-type":"","background-media":"","overlay-type":"","overlay-color":"","overlay-opacity":"","overlay-gradient":""},"tablet":{"background-color":"var(--ast-global-color-4)","background-image":"","background-repeat":"repeat","background-position":"center center","background-size":"auto","background-attachment":"scroll","background-type":"","background-media":"","overlay-type":"","overlay-color":"","overlay-opacity":"","overlay-gradient":""},"mobile":{"background-color":"var(--ast-global-color-4)","background-image":"","background-repeat":"repeat","background-position":"center center","background-size":"auto","background-attachment":"scroll","background-type":"","background-media":"","overlay-type":"","overlay-color":"","overlay-opacity":"","overlay-gradient":""}},"footnotes":""},"class_list":["post-39835","page","type-page","status-publish","hentry"],"_links":{"self":[{"href":"https:\/\/mavideniz.com.tr\/fr\/wp-json\/wp\/v2\/pages\/39835","targetHints":{"allow":["GET"]}}],"collection":[{"href":"https:\/\/mavideniz.com.tr\/fr\/wp-json\/wp\/v2\/pages"}],"about":[{"href":"https:\/\/mavideniz.com.tr\/fr\/wp-json\/wp\/v2\/types\/page"}],"author":[{"embeddable":true,"href":"https:\/\/mavideniz.com.tr\/fr\/wp-json\/wp\/v2\/users\/1"}],"replies":[{"embeddable":true,"href":"https:\/\/mavideniz.com.tr\/fr\/wp-json\/wp\/v2\/comments?post=39835"}],"version-history":[{"count":0,"href":"https:\/\/mavideniz.com.tr\/fr\/wp-json\/wp\/v2\/pages\/39835\/revisions"}],"up":[{"embeddable":true,"href":"https:\/\/mavideniz.com.tr\/fr\/wp-json\/wp\/v2\/pages\/39666"}],"wp:attachment":[{"href":"https:\/\/mavideniz.com.tr\/fr\/wp-json\/wp\/v2\/media?parent=39835"}],"curies":[{"name":"wp","href":"https:\/\/api.w.org\/{rel}","templated":true}]}}