{"id":39840,"date":"2022-10-13T16:46:25","date_gmt":"2022-10-13T16:46:25","guid":{"rendered":"https:\/\/mavideniz.com.tr\/?page_id=39840"},"modified":"2022-10-13T16:46:28","modified_gmt":"2022-10-13T16:46:28","slug":"filet-de-protection-contre-les-meduses","status":"publish","type":"page","link":"https:\/\/mavideniz.com.tr\/fr\/produits-industriels\/barrage-petrolier-barriere\/filet-de-protection-contre-les-meduses\/","title":{"rendered":"Filet de protection contre les m\u00e9duses"},"content":{"rendered":"\n<p><strong>FILET BARRIERE DE PROTECTION CONTRE LES M\u00c9DUSES<\/strong><\/p>\n<p>Mavi Deniz est le leader mondial de la protection des \u00e9cosyst\u00e8mes des habitats marins avec l&rsquo;approvisionnement en filets barri\u00e8res de m\u00e9duses dans le monde entier. L&rsquo;utilit\u00e9 d&rsquo;un filet de m\u00e9duses est reconnue dans divers domaines, y compris la p\u00eache et la baignade.<\/p>\n<p>Vous remarquez la prolif\u00e9ration de plusieurs nouvelles esp\u00e8ces ; par cons\u00e9quent, des outils, tels que le filet \u00e0 m\u00e9duses, deviennent encore plus n\u00e9cessaires pour des raisons valables. Nos dispositifs pourraient entraver naturellement et sans d\u00e9tours ces mauvaises r\u00e9unions maritimes.<\/p>\n<p><strong>Voici les sp\u00e9cifications du filet barri\u00e8re de m\u00e9duses ;<\/strong><\/p>\n<ul>\n<li>Rampe de confinement robuste pour m\u00e9duses et algues.<\/li>\n<li>Aucun impact sur la vie marine.<\/li>\n<li>Aucun impact chimique<\/li>\n<li>La barri\u00e8re r\u00e9duit le co\u00fbt des soins de sant\u00e9 de l&rsquo;\u00c9tat pour les dommages caus\u00e9s par une m\u00e9duse piquante.<\/li>\n<li>Vous n&rsquo;avez pas besoin d&rsquo;aide : les barri\u00e8res sont pr\u00eates \u00e0 l&#8217;emploi.<\/li>\n<li>Les syst\u00e8mes de gonflage pendant l&rsquo;installation ou \u00e0 bord de la mer ne n\u00e9cessitent pas<\/li>\n<li>Pour la barri\u00e8re, aucun risque de perforation ou de d\u00e9gonflage<\/li>\n<li>Modules l\u00e9gers et faciles \u00e0 manipuler.<\/li>\n<\/ul>\n<p>Pour ces raisons mentionn\u00e9es ci-dessus, il est n\u00e9cessaire de d\u00e9couvrir un syst\u00e8me de barri\u00e8re \u00e9cologique aux m\u00e9duses qui ne nuit pas \u00e0 la vie marine et qui ne constitue pas un obstacle ou un danger pour les protagonistes de la mer. Le filet de m\u00e9duses est la bonne r\u00e9ponse \u00e0 une exigence cr\u00e9\u00e9e il y a longtemps et que personne n&rsquo;avait \u00e9t\u00e9 en mesure de fournir la r\u00e9solution.<\/p>\n<p><strong>Reconnaissances de filet anti-m\u00e9duses<\/strong><\/p>\n<p>Les barri\u00e8res de protection contre les algues et les m\u00e9duses sont respectueuses de l&rsquo;environnement et, en m\u00eame temps, ont une fonctionnalit\u00e9 et une efficacit\u00e9 tr\u00e8s \u00e9lev\u00e9es.<\/p>\n<p>Notre barri\u00e8re anti-m\u00e9duses a obtenu une reconnaissance internationale.<\/p>\n<p>Mavi Deniz a invent\u00e9 le filet des m\u00e9duses, qui a con\u00e7u une solution \u00e0 tous les probl\u00e8mes caus\u00e9s par les m\u00e9duses et les algues, des questions importantes qui compromettent la p\u00eache, le tourisme et la sant\u00e9 des gens.<\/p>\n<p>Le filet de m\u00e9duses est un produit qui prot\u00e8ge l&rsquo;homme et ses activit\u00e9s, et aussi il le prot\u00e8ge contre les attaques dangereuses et parfois mortelles.<\/p>\n<p><strong>TAILLE DE NOTRE FILET \u00c0 M\u00c9DUSES<\/strong><\/p>\n<p>Des modules standard et personnalis\u00e9s sont possibles.<\/p>\n<p>La longueur du module anti-algues et m\u00e9duses peut atteindre 30 m de profondeur. Cependant, les besoins peuvent \u00eatre diff\u00e9rents et les zones \u00e0 prot\u00e9ger peuvent \u00eatre d&rsquo;une taille et d&rsquo;une forme qui exigeraient la taille personnalis\u00e9e qui peut couvrir la majeure partie de l&rsquo;espace \u00e0 prot\u00e9ger.<\/p>\n<p>Il est \u00e9galement possible de r\u00e9aliser des modules personnalis\u00e9s en longueur et en profondeur.<\/p>\n<p>La personnalisation de nos modules est importante car nous r\u00e9pondons aux besoins sp\u00e9cifiques des clients.<\/p>\n<p>Nous sommes ici pour cr\u00e9er des modules anti-m\u00e9duses qui peuvent r\u00e9pondre \u00e0 vos besoins sp\u00e9cifiques. Ce ne sera pas une intervention qui nuira \u00e0 votre territoire parce qu&rsquo;elle n&rsquo;est pas permanente. Puisque vous n&rsquo;avez pas besoin de syst\u00e8mes de gonflage sur le rivage, le filet de m\u00e9duses n&rsquo;a aucun impact sur la vie marine et n&rsquo;implique aucun effet chimique.<\/p>\n<p>En outre, tous les modules sont tr\u00e8s l\u00e9gers et faciles \u00e0 manipuler, et l&rsquo;installation est rapide et simple et se produit sans interventions externes.<\/p>\n<p>Une barri\u00e8re de m\u00e9duses est un outil n\u00e9cessaire cr\u00e9\u00e9 excellemment qui garantit seulement des avantages et des solutions \u00e0 tous vos probl\u00e8mes.<\/p>\n<p>Test\u00e9 la barri\u00e8re de m\u00e9duses comme le meilleur moyen de vous prot\u00e9ger contre les m\u00e9duses et les algues.<\/p>\n<p><strong>Installation<\/strong><\/p>\n<p>Le filet anti-m\u00e9duses n&rsquo;obstrue en aucune fa\u00e7on le passage des bateaux. Les modules peuvent se r\u00e9unir ou \u00eatre facilement s\u00e9par\u00e9s pour permettre aux navires de passer ou de cr\u00e9er des zones prot\u00e9g\u00e9es.<\/p>\n<p>Ce ne sera pas un obstacle permanent, mais il aura la souplesse et la capacit\u00e9 d&rsquo;adaptation n\u00e9cessaires pour r\u00e9pondre \u00e0 des besoins et \u00e0 des circonstances sp\u00e9cifiques.<\/p>\n<p>Une s\u00e9curit\u00e9 qui ne nuit pas \u00e0 l&rsquo;environnement ou n&rsquo;interf\u00e8re pas avec les op\u00e9rations habituelles et ordinaires.<\/p>\n<p><strong>COMMENT INSTALLER UN FILET \u00c0 M\u00c9DUSES ?<\/strong><\/p>\n<p>L&rsquo;installation de notre filet est simple et ne n\u00e9cessite pas d&rsquo;op\u00e9ration invasive dans la zone \u00e0 prot\u00e9ger. C&rsquo;est une aide indispensable, mais en m\u00eame temps, discr\u00e8te et non permanente.<\/p>\n<p>La barri\u00e8re a une installation simple.<\/p>\n<p>Il y a un panneau lat\u00e9ral sur le filet pour faciliter la fixation des ancres.<\/p>\n<p>Nous vous fournissons plusieurs kits d&rsquo;ancrage bas\u00e9s sur un emplacement sp\u00e9cifique o\u00f9 le filet de m\u00e9duses est install\u00e9.<\/p>\n<p>De cette fa\u00e7on, vous pouvez \u00eatre s\u00fbr d&rsquo;avoir une protection appropri\u00e9e et l&rsquo;installation correcte et \u00eatre enti\u00e8rement prot\u00e9g\u00e9 contre les m\u00e9duses et les algues.<\/p>\n<p>En outre, nous avons le plongeur pour le service d&rsquo;installation sur le fond de la mer pour faciliter votre travail.<\/p>\n<div class=\"wptm_table tablesorter-bootstrap \" data-id=\"44\" data-hightlight=\"0\"><div class=\"wptm_buttons buttons_wptmTbl44\"><\/div><div class=\"wptmresponsive dataTables-wptmtable wptmtable \" id=\"wptmtable44\" data-tableid=\"wptmTbl44\"><table data-count-header=\"1\"  data-format-decimal_count=\"0\" data-format-decimal_symbol=\".\" data-format-symbol_position=\"0\" data-format-thousand_symbol=\",\"  data-format-currency_symbol=\"$\"  data-name-style=\"44_1759660506.css\" data-format=\"YYYY-MM-DD\" id=\"wptmTbl44\" data-id=\"44\" data-responsive=\"false\" data-hideCols=\"false\"  data-type=\"html\" data-paging=\"false\" data-searching=\"true\"  data-ordering=\"false\" data-table-breakpoint=\"980\" data-scroll-x=\"true\" data-scroll-collapse=\"true\" data-align=\"center\" data-range=\"[]\" data-hideColumn=\"[0,0,0,0,0]\"  data-colwidths=\"[228,228,228,228,228]\"  data-colwidths_desktop=[]  data-colwidths_tablet=[]  data-colwidths_mobile=[]  class=\"wptm_main_table  disablePager hideScrollHeader\"><colgroup><col data-dtr=\"0\" data-dtc=\"0\" class=\"dtc0\"><col data-dtr=\"0\" data-dtc=\"1\" class=\"dtc1\"><col data-dtr=\"0\" data-dtc=\"2\" class=\"dtc2\"><col data-dtr=\"0\" data-dtc=\"3\" class=\"dtc3\"><col data-dtr=\"0\" data-dtc=\"4\" class=\"dtc4\"><\/colgroup><thead><tr class=\"wptm-header-cells-index\"><th rowspan=\"1\" colspan=\"1\" data-dtr=\"0\" data-dtc=\"0\" class=\"dtr0 dtc0\"><\/th><th rowspan=\"1\" colspan=\"1\" data-dtr=\"0\" data-dtc=\"1\" class=\"dtr0 dtc1\"><\/th><th rowspan=\"1\" colspan=\"1\" data-dtr=\"0\" data-dtc=\"2\" class=\"dtr0 dtc2\"><\/th><th rowspan=\"1\" colspan=\"1\" data-dtr=\"0\" data-dtc=\"3\" class=\"dtr0 dtc3\"><\/th><th rowspan=\"1\" colspan=\"1\" data-dtr=\"0\" data-dtc=\"4\" class=\"dtr0 dtc4\"><\/th><\/tr><tr class=\" row0\"><th   data-priority=\"0\" class=\"dtr0 dtc0\"><\/th><th   data-priority=\"0\" class=\"dtr0 dtc1\">JELLYFISH I<\/th><th   data-priority=\"0\" class=\"dtr0 dtc2\">JELLYFISH  II<\/th><th   data-priority=\"0\" class=\"dtr0 dtc3\">JELLYFISH  III<\/th><th   data-priority=\"0\" class=\"dtr0 dtc4\">JELLYFISH  IV<\/th><\/thead><tbody><tr class=\" row1\"><td    class=\"dtr1 dtc0\">Type<\/td><td  colspan=\"4\"   class=\"dtr1 dtc1\">Solid  (Standard) - Seasonal Non Permanent | Air (Optional) - Semi Seasonal | Rubber (Optional) | HDPE Float (Optional) - Permanent Longer Term<\/td><td  style=\"display: none\"   class=\"dtr1 dtc2\"><\/td><td  style=\"display: none\"   class=\"dtr1 dtc3\"><\/td><td  style=\"display: none\"   class=\"dtr1 dtc4\"><\/td><\/tr><tr class=\" row2\"><td    class=\"dtr2 dtc0\">Fabric Material<\/td><td  colspan=\"4\"   class=\"dtr2 dtc1\">PVC  (Standard) | Rubber (Optional)<\/td><td  style=\"display: none\"   class=\"dtr2 dtc2\"><\/td><td  style=\"display: none\"   class=\"dtr2 dtc3\"><\/td><td  style=\"display: none\"   class=\"dtr2 dtc4\"><\/td><\/tr><tr class=\" row3\"><td    class=\"dtr3 dtc0\">Flotation Material<\/td><td  colspan=\"4\"   class=\"dtr3 dtc1\">Solid (Standard) |  Air Inflatable (Optional) | HDPE Floats (Optional)<\/td><td  style=\"display: none\"   class=\"dtr3 dtc2\"><\/td><td  style=\"display: none\"   class=\"dtr3 dtc3\"><\/td><td  style=\"display: none\"   class=\"dtr3 dtc4\"><\/td><\/tr><tr class=\" row4\"><td    class=\"dtr4 dtc0\">Net Material<\/td><td    class=\"dtr4 dtc1\">HDPE<\/td><td    class=\"dtr4 dtc2\">HDPE<\/td><td    class=\"dtr4 dtc3\">HDPE<\/td><td    class=\"dtr4 dtc4\">HDPE<\/td><\/tr><tr class=\" row5\"><td    class=\"dtr5 dtc0\">Ballast<\/td><td    class=\"dtr5 dtc1\">Galvanized Chain<\/td><td    class=\"dtr5 dtc2\">Galvanized Chain<\/td><td    class=\"dtr5 dtc3\">Galvanized Chain<\/td><td    class=\"dtr5 dtc4\">Galvanized Chain<\/td><\/tr><tr class=\" row6\"><td    class=\"dtr6 dtc0\">Net Size<\/td><td    class=\"dtr6 dtc1\">50 mm - 15 mm<\/td><td    class=\"dtr6 dtc2\">50 mm - 15 mm<\/td><td    class=\"dtr6 dtc3\">50 mm - 15 mm<\/td><td    class=\"dtr6 dtc4\">50 mm - 15 mm<\/td><\/tr><tr class=\" row7\"><td    class=\"dtr7 dtc0\">Freeboard<\/td><td    class=\"dtr7 dtc1\">15 cm<\/td><td    class=\"dtr7 dtc2\">20 cm<\/td><td    class=\"dtr7 dtc3\">25 cm<\/td><td    class=\"dtr7 dtc4\">30 cm<\/td><\/tr><tr class=\" row8\"><td    class=\"dtr8 dtc0\">Net Height<\/td><td    class=\"dtr8 dtc1\">0,5 m - 1 m - 1.5 m - 3 m - 5 m<\/td><td    class=\"dtr8 dtc2\">0,5 m - 1 m - 1.5 m - 3 m - 5 m<\/td><td    class=\"dtr8 dtc3\">0,5 m - 1 m - 1.5 m - 3 m - 5 m<\/td><td    class=\"dtr8 dtc4\">0,5 m - 1 m - 1.5 m - 3 m - 5 m<\/td><\/tr><tr class=\" row9\"><td    class=\"dtr9 dtc0\">Section Length<\/td><td    class=\"dtr9 dtc1\">25 m<\/td><td    class=\"dtr9 dtc2\">25 m<\/td><td    class=\"dtr9 dtc3\">25 m<\/td><td    class=\"dtr9 dtc4\">25 m<\/td><\/tr><\/tbody><tfoot><tr><td class=\"dtr9 dtc0\" style=\"height: 0;\"><\/td><td class=\"dtr9 dtc1\" style=\"height: 0;\"><\/td><td class=\"dtr9 dtc2\" style=\"height: 0;\"><\/td><td class=\"dtr9 dtc3\" style=\"height: 0;\"><\/td><td class=\"dtr9 dtc4\" style=\"height: 0;\"><\/td><\/tr><\/tfoot><\/table><\/div><style>#wptmtable44 .dataTables_wrapper > .dataTables_scroll {max-height:500px;overflow: auto;}<\/style><script>window.wptm_ajaxurl = 'https:\/\/mavideniz.com.tr\/wp-admin\/admin-ajax.php?juwpfisadmin=false&action=Wptm&'; window.wptm_front = 'https:\/\/mavideniz.com.tr\/wp-content\/plugins\/wp-table-manager\/app\/site\/assets\/'; window.wptm_style = 'https:\/\/mavideniz.com.tr\/wp-content\/uploads\/wptm\/';<\/script><\/div><style><\/style>\n","protected":false},"excerpt":{"rendered":"<p>FILET BARRIERE DE PROTECTION CONTRE LES M\u00c9DUSES Mavi Deniz est le leader mondial de la protection des \u00e9cosyst\u00e8mes des habitats [&hellip;]<\/p>\n","protected":false},"author":1,"featured_media":0,"parent":39666,"menu_order":0,"comment_status":"closed","ping_status":"closed","template":"","meta":{"site-sidebar-layout":"default","site-content-layout":"","ast-site-content-layout":"default","site-content-style":"default","site-sidebar-style":"default","ast-global-header-display":"","ast-banner-title-visibility":"","ast-main-header-display":"","ast-hfb-above-header-display":"","ast-hfb-below-header-display":"","ast-hfb-mobile-header-display":"","site-post-title":"","ast-breadcrumbs-content":"","ast-featured-img":"","footer-sml-layout":"","ast-disable-related-posts":"","theme-transparent-header-meta":"","adv-header-id-meta":"","stick-header-meta":"","header-above-stick-meta":"","header-main-stick-meta":"","header-below-stick-meta":"","astra-migrate-meta-layouts":"default","ast-page-background-enabled":"default","ast-page-background-meta":{"desktop":{"background-color":"var(--ast-global-color-5)","background-image":"","background-repeat":"repeat","background-position":"center center","background-size":"auto","background-attachment":"scroll","background-type":"","background-media":"","overlay-type":"","overlay-color":"","overlay-opacity":"","overlay-gradient":""},"tablet":{"background-color":"","background-image":"","background-repeat":"repeat","background-position":"center center","background-size":"auto","background-attachment":"scroll","background-type":"","background-media":"","overlay-type":"","overlay-color":"","overlay-opacity":"","overlay-gradient":""},"mobile":{"background-color":"","background-image":"","background-repeat":"repeat","background-position":"center center","background-size":"auto","background-attachment":"scroll","background-type":"","background-media":"","overlay-type":"","overlay-color":"","overlay-opacity":"","overlay-gradient":""}},"ast-content-background-meta":{"desktop":{"background-color":"var(--ast-global-color-4)","background-image":"","background-repeat":"repeat","background-position":"center center","background-size":"auto","background-attachment":"scroll","background-type":"","background-media":"","overlay-type":"","overlay-color":"","overlay-opacity":"","overlay-gradient":""},"tablet":{"background-color":"var(--ast-global-color-4)","background-image":"","background-repeat":"repeat","background-position":"center center","background-size":"auto","background-attachment":"scroll","background-type":"","background-media":"","overlay-type":"","overlay-color":"","overlay-opacity":"","overlay-gradient":""},"mobile":{"background-color":"var(--ast-global-color-4)","background-image":"","background-repeat":"repeat","background-position":"center center","background-size":"auto","background-attachment":"scroll","background-type":"","background-media":"","overlay-type":"","overlay-color":"","overlay-opacity":"","overlay-gradient":""}},"footnotes":""},"class_list":["post-39840","page","type-page","status-publish","hentry"],"_links":{"self":[{"href":"https:\/\/mavideniz.com.tr\/fr\/wp-json\/wp\/v2\/pages\/39840","targetHints":{"allow":["GET"]}}],"collection":[{"href":"https:\/\/mavideniz.com.tr\/fr\/wp-json\/wp\/v2\/pages"}],"about":[{"href":"https:\/\/mavideniz.com.tr\/fr\/wp-json\/wp\/v2\/types\/page"}],"author":[{"embeddable":true,"href":"https:\/\/mavideniz.com.tr\/fr\/wp-json\/wp\/v2\/users\/1"}],"replies":[{"embeddable":true,"href":"https:\/\/mavideniz.com.tr\/fr\/wp-json\/wp\/v2\/comments?post=39840"}],"version-history":[{"count":0,"href":"https:\/\/mavideniz.com.tr\/fr\/wp-json\/wp\/v2\/pages\/39840\/revisions"}],"up":[{"embeddable":true,"href":"https:\/\/mavideniz.com.tr\/fr\/wp-json\/wp\/v2\/pages\/39666"}],"wp:attachment":[{"href":"https:\/\/mavideniz.com.tr\/fr\/wp-json\/wp\/v2\/media?parent=39840"}],"curies":[{"name":"wp","href":"https:\/\/api.w.org\/{rel}","templated":true}]}}