{"id":39849,"date":"2022-10-13T17:03:43","date_gmt":"2022-10-13T17:03:43","guid":{"rendered":"https:\/\/mavideniz.com.tr\/?page_id=39849"},"modified":"2022-10-13T17:03:48","modified_gmt":"2022-10-13T17:03:48","slug":"boom-detancheite-de-plage-boom-de-rivage","status":"publish","type":"page","link":"https:\/\/mavideniz.com.tr\/fr\/produits-industriels\/barrage-petrolier-barriere\/fleche-de-confinement-dhuile\/boom-detancheite-de-plage-boom-de-rivage\/","title":{"rendered":"Boom d&rsquo;\u00e9tanch\u00e9it\u00e9 de plage + Boom de rivage"},"content":{"rendered":"\n<p>La barri\u00e8re d&rsquo;\u00e9tanch\u00e9it\u00e9 de la plage de Mavi Deniz est une barri\u00e8re de confinement des d\u00e9versements de p\u00e9trole qui la rend adapt\u00e9e aux environnements d&rsquo;eau peu profonde, aux rivages, aux zones c\u00f4ti\u00e8res mar\u00e9cageuses et aux plages. La fl\u00e8che de chasse au phoque est b\u00e9n\u00e9fique dans les zones sujettes aux fluctuations de mar\u00e9e.<\/p>\n<p>La fl\u00e8che d&rsquo;\u00e9tanch\u00e9it\u00e9 de plage s&rsquo;adapte avec un seul tube d&rsquo;air le long du haut de chaque section. Le franc-bord fournit une chambre de flottabilit\u00e9 gonflable ou remplie de mousse, ce qui permet \u00e0 la fl\u00e8che Shore de fonctionner comme des barri\u00e8res de rideau classiques dans les eaux plus profondes. Cette chambre est gonfl\u00e9e, et la fl\u00e8che Shore peut remorquer jusqu&rsquo;\u00e0 l&#8217;emplacement de d\u00e9ploiement. Une fois sur place, les tubes d&rsquo;eau sont remplis.<\/p>\n<p>La barri\u00e8re de plage, Shore Boom, est une barri\u00e8re de confinement \u00e0 usage unique qui utilise du lest d&rsquo;eau. L&rsquo;eau est pomp\u00e9e dans deux tubes le long du fond de la fl\u00e8che. Cette eau agit comme lest lorsque la fl\u00e8che flotte ; une fois la fl\u00e8che \u00e9chou\u00e9e. Ces tubes reposent sur le sol et forment un joint d&rsquo;\u00e9tanch\u00e9it\u00e9. Le Shore Boom peut faire la transition entre l&rsquo;eau et la terre et emp\u00eacher la propagation du p\u00e9trole dans ces r\u00e9gions.<\/p>\n<p>Une gamme compl\u00e8te de bobines de fl\u00e8che, de soufflantes d&rsquo;air et de pompes \u00e0 eau est disponible.<\/p>\n<p><strong>Caract\u00e9ristiques<\/strong><\/p>\n<ul>\n<li>Shore Boom est id\u00e9al pour les op\u00e9rations sur les plages avec des vagues relativement petites, des mar\u00e9cages, des lagons et d&rsquo;autres zones o\u00f9 le niveau de l&rsquo;eau est peu profond ou change en raison de la mar\u00e9e, des pluies ou des inondations.<\/li>\n<li>Shore Boom peut flotter sur l&rsquo;eau et se sceller \u00e0 la rive pour emp\u00eacher la migration des contaminants flottants.<\/li>\n<li>Shore Boom a d&rsquo;excellentes performances et fonctionne bien dans les eaux de mar\u00e9e, les rivi\u00e8res dynamiques ou les lacs.<\/li>\n<li>Disponible dans une large gamme de tissus PVC \/ PU \/ N\u00e9opr\u00e8ne.<\/li>\n<li>Pour une fiabilit\u00e9 optimale, la fl\u00e8che Beach Sealin est dot\u00e9e de chambres multiples qui sont segment\u00e9es pour garantir que la fl\u00e8che continue de flotter en cas de dommages.<\/li>\n<li>De l&rsquo;essence bon march\u00e9 entra\u00eenait la soufflante de gonflage et la pompe \u00e0 eau \u00e0 essence \u00e9tait utilis\u00e9e pour remplir les chambres.<\/li>\n<li>Connecteurs en aluminium de qualit\u00e9 marine de style ASTM r\u00e9sistant \u00e0 la corrosion.<\/li>\n<li>Tailles personnalis\u00e9es disponibles.<\/li>\n<\/ul>\n<div class=\"wptm_table tablesorter-bootstrap \" data-id=\"31\" data-hightlight=\"0\"><div class=\"wptm_buttons buttons_wptmTbl31\"><\/div><div class=\"wptmresponsive dataTables-wptmtable wptmtable \" id=\"wptmtable31\" data-tableid=\"wptmTbl31\"><table data-count-header=\"1\"  data-format-decimal_count=\"0\" data-format-decimal_symbol=\".\" data-format-symbol_position=\"0\" data-format-thousand_symbol=\",\"  data-format-currency_symbol=\"$\"  data-name-style=\"31_1759662415.css\" data-format=\"YYYY-MM-DD\" id=\"wptmTbl31\" data-id=\"31\" data-responsive=\"false\" data-hideCols=\"false\"  data-type=\"html\" data-paging=\"false\" data-searching=\"true\"  data-ordering=\"false\" data-table-breakpoint=\"980\" data-scroll-x=\"true\" data-scroll-collapse=\"true\" data-align=\"center\" data-range=\"[]\" data-hideColumn=\"[0,0,0,0]\"  data-colwidths=\"[285,285,285,285]\"  data-colwidths_desktop=[]  data-colwidths_tablet=[]  data-colwidths_mobile=[]  class=\"wptm_main_table  disablePager hideScrollHeader\"><colgroup><col data-dtr=\"0\" data-dtc=\"0\" class=\"dtc0\"><col data-dtr=\"0\" data-dtc=\"1\" class=\"dtc1\"><col data-dtr=\"0\" data-dtc=\"2\" class=\"dtc2\"><col data-dtr=\"0\" data-dtc=\"3\" class=\"dtc3\"><\/colgroup><thead><tr class=\"wptm-header-cells-index\"><th rowspan=\"1\" colspan=\"1\" data-dtr=\"0\" data-dtc=\"0\" class=\"dtr0 dtc0\"><\/th><th rowspan=\"1\" colspan=\"1\" data-dtr=\"0\" data-dtc=\"1\" class=\"dtr0 dtc1\"><\/th><th rowspan=\"1\" colspan=\"1\" data-dtr=\"0\" data-dtc=\"2\" class=\"dtr0 dtc2\"><\/th><th rowspan=\"1\" colspan=\"1\" data-dtr=\"0\" data-dtc=\"3\" class=\"dtr0 dtc3\"><\/th><\/tr><tr class=\" row0\"><th   data-priority=\"0\" class=\"dtr0 dtc0\"><\/th><th   data-priority=\"0\" class=\"dtr0 dtc1\">Beach III<\/th><th   data-priority=\"0\" class=\"dtr0 dtc2\">Beach II<\/th><th   data-priority=\"0\" class=\"dtr0 dtc3\">Beach I<\/th><\/thead><tbody><tr class=\" row1\"><td    class=\"dtr1 dtc0\">Application Area<\/td><td    class=\"dtr1 dtc1\">Shore<\/td><td    class=\"dtr1 dtc2\">Shore<\/td><td    class=\"dtr1 dtc3\">Shore<\/td><\/tr><tr class=\" row2\"><td    class=\"dtr2 dtc0\">Overall Height<\/td><td    class=\"dtr2 dtc1\">700 mm<\/td><td    class=\"dtr2 dtc2\">600 mm<\/td><td    class=\"dtr2 dtc3\">500 mm<\/td><\/tr><tr class=\" row3\"><td    class=\"dtr3 dtc0\">Freeboard<\/td><td    class=\"dtr3 dtc1\">350 mm<\/td><td    class=\"dtr3 dtc2\">300 mm<\/td><td    class=\"dtr3 dtc3\">250 mm<\/td><\/tr><tr class=\" row4\"><td    class=\"dtr4 dtc0\">Draft<\/td><td    class=\"dtr4 dtc1\">350 mm<\/td><td    class=\"dtr4 dtc2\">300 mm<\/td><td    class=\"dtr4 dtc3\">250 mm<\/td><\/tr><tr class=\" row5\"><td    class=\"dtr5 dtc0\">Fabric Material<\/td><td  colspan=\"3\"   class=\"dtr5 dtc1\">1100 dtex, PVC (Standard) | PU (Optional)<\/td><td  style=\"display: none\"   class=\"dtr5 dtc2\"><\/td><td  style=\"display: none\"   class=\"dtr5 dtc3\"><\/td><\/tr><tr class=\" row6\"><td    class=\"dtr6 dtc0\">Fabric Weight<\/td><td    class=\"dtr6 dtc1\">900 g\/m\u00b2<\/td><td    class=\"dtr6 dtc2\">900 g\/m\u00b2<\/td><td    class=\"dtr6 dtc3\">900 g\/m\u00b2<\/td><\/tr><tr class=\" row7\"><td    class=\"dtr7 dtc0\">Tensile Strenght<\/td><td    class=\"dtr7 dtc1\">4000 N\/5 cm<\/td><td    class=\"dtr7 dtc2\">4000 N\/5 cm<\/td><td    class=\"dtr7 dtc3\">4000 N\/5 cm<\/td><\/tr><tr class=\" row8\"><td    class=\"dtr8 dtc0\">Section Length<\/td><td    class=\"dtr8 dtc1\">15 m<\/td><td    class=\"dtr8 dtc2\">15 m<\/td><td    class=\"dtr8 dtc3\">15 m<\/td><\/tr><tr class=\" row9\"><td    class=\"dtr9 dtc0\">Connector<\/td><td  colspan=\"3\"   class=\"dtr9 dtc1\">ASTM Z or ASTM Universal<\/td><td  style=\"display: none\"   class=\"dtr9 dtc2\"><\/td><td  style=\"display: none\"   class=\"dtr9 dtc3\"><\/td><\/tr><\/tbody><tfoot><tr><td class=\"dtr9 dtc0\" style=\"height: 0;\"><\/td><td class=\"dtr9 dtc1\" style=\"height: 0;\"><\/td><td class=\"dtr9 dtc2\" style=\"height: 0;\"><\/td><td class=\"dtr9 dtc3\" style=\"height: 0;\"><\/td><\/tr><\/tfoot><\/table><\/div><style>#wptmtable31 .dataTables_wrapper > .dataTables_scroll {max-height:500px;overflow: auto;}<\/style><script>window.wptm_ajaxurl = 'https:\/\/mavideniz.com.tr\/wp-admin\/admin-ajax.php?juwpfisadmin=false&action=Wptm&'; window.wptm_front = 'https:\/\/mavideniz.com.tr\/wp-content\/plugins\/wp-table-manager\/app\/site\/assets\/'; window.wptm_style = 'https:\/\/mavideniz.com.tr\/wp-content\/uploads\/wptm\/';<\/script><\/div><style><\/style>\n","protected":false},"excerpt":{"rendered":"<p>La barri\u00e8re d&rsquo;\u00e9tanch\u00e9it\u00e9 de la plage de Mavi Deniz est une barri\u00e8re de confinement des d\u00e9versements de p\u00e9trole qui la [&hellip;]<\/p>\n","protected":false},"author":1,"featured_media":0,"parent":39844,"menu_order":0,"comment_status":"closed","ping_status":"closed","template":"","meta":{"site-sidebar-layout":"default","site-content-layout":"","ast-site-content-layout":"default","site-content-style":"default","site-sidebar-style":"default","ast-global-header-display":"","ast-banner-title-visibility":"","ast-main-header-display":"","ast-hfb-above-header-display":"","ast-hfb-below-header-display":"","ast-hfb-mobile-header-display":"","site-post-title":"","ast-breadcrumbs-content":"","ast-featured-img":"","footer-sml-layout":"","ast-disable-related-posts":"","theme-transparent-header-meta":"","adv-header-id-meta":"","stick-header-meta":"","header-above-stick-meta":"","header-main-stick-meta":"","header-below-stick-meta":"","astra-migrate-meta-layouts":"default","ast-page-background-enabled":"default","ast-page-background-meta":{"desktop":{"background-color":"var(--ast-global-color-5)","background-image":"","background-repeat":"repeat","background-position":"center center","background-size":"auto","background-attachment":"scroll","background-type":"","background-media":"","overlay-type":"","overlay-color":"","overlay-opacity":"","overlay-gradient":""},"tablet":{"background-color":"","background-image":"","background-repeat":"repeat","background-position":"center center","background-size":"auto","background-attachment":"scroll","background-type":"","background-media":"","overlay-type":"","overlay-color":"","overlay-opacity":"","overlay-gradient":""},"mobile":{"background-color":"","background-image":"","background-repeat":"repeat","background-position":"center center","background-size":"auto","background-attachment":"scroll","background-type":"","background-media":"","overlay-type":"","overlay-color":"","overlay-opacity":"","overlay-gradient":""}},"ast-content-background-meta":{"desktop":{"background-color":"var(--ast-global-color-4)","background-image":"","background-repeat":"repeat","background-position":"center center","background-size":"auto","background-attachment":"scroll","background-type":"","background-media":"","overlay-type":"","overlay-color":"","overlay-opacity":"","overlay-gradient":""},"tablet":{"background-color":"var(--ast-global-color-4)","background-image":"","background-repeat":"repeat","background-position":"center center","background-size":"auto","background-attachment":"scroll","background-type":"","background-media":"","overlay-type":"","overlay-color":"","overlay-opacity":"","overlay-gradient":""},"mobile":{"background-color":"var(--ast-global-color-4)","background-image":"","background-repeat":"repeat","background-position":"center center","background-size":"auto","background-attachment":"scroll","background-type":"","background-media":"","overlay-type":"","overlay-color":"","overlay-opacity":"","overlay-gradient":""}},"footnotes":""},"class_list":["post-39849","page","type-page","status-publish","hentry"],"_links":{"self":[{"href":"https:\/\/mavideniz.com.tr\/fr\/wp-json\/wp\/v2\/pages\/39849","targetHints":{"allow":["GET"]}}],"collection":[{"href":"https:\/\/mavideniz.com.tr\/fr\/wp-json\/wp\/v2\/pages"}],"about":[{"href":"https:\/\/mavideniz.com.tr\/fr\/wp-json\/wp\/v2\/types\/page"}],"author":[{"embeddable":true,"href":"https:\/\/mavideniz.com.tr\/fr\/wp-json\/wp\/v2\/users\/1"}],"replies":[{"embeddable":true,"href":"https:\/\/mavideniz.com.tr\/fr\/wp-json\/wp\/v2\/comments?post=39849"}],"version-history":[{"count":0,"href":"https:\/\/mavideniz.com.tr\/fr\/wp-json\/wp\/v2\/pages\/39849\/revisions"}],"up":[{"embeddable":true,"href":"https:\/\/mavideniz.com.tr\/fr\/wp-json\/wp\/v2\/pages\/39844"}],"wp:attachment":[{"href":"https:\/\/mavideniz.com.tr\/fr\/wp-json\/wp\/v2\/media?parent=39849"}],"curies":[{"name":"wp","href":"https:\/\/api.w.org\/{rel}","templated":true}]}}