{"id":39853,"date":"2022-10-13T17:11:02","date_gmt":"2022-10-13T17:11:02","guid":{"rendered":"https:\/\/mavideniz.com.tr\/?page_id=39853"},"modified":"2022-10-13T17:11:06","modified_gmt":"2022-10-13T17:11:06","slug":"barrage-petrolier-gonflable-pvc-pu-gonflage-a-point-unique","status":"publish","type":"page","link":"https:\/\/mavideniz.com.tr\/fr\/produits-industriels\/barrage-petrolier-barriere\/fleche-de-confinement-dhuile\/barrage-petrolier-gonflable-pvc-pu-gonflage-a-point-unique\/","title":{"rendered":"Barrage p\u00e9trolier gonflable, PVC + PU + gonflage \u00e0 point unique"},"content":{"rendered":"\n<p>La flottabilit\u00e9 \u00e9lev\u00e9e de la fl\u00e8che d&rsquo;huile gonflable de PVC de Mavi Deniz + PU la rend appropri\u00e9e pour une utilisation dans diverses conditions, de l&rsquo;eau abrit\u00e9e aux vagues de l&rsquo;oc\u00e9an ouvert. La rampe d&rsquo;huile gonflable est con\u00e7ue pour fournir un confinement d&rsquo;huile flottant s\u00fbr, rapide et efficace. La rampe d&rsquo;huile gonflable a une excellente r\u00e9sistance \u00e0 l&rsquo;huile, \u00e0 la lumi\u00e8re du soleil, \u00e0 l&rsquo;usure, \u00e0 l&rsquo;eau de mer, \u00e0 la perforation, \u00e0 l&rsquo;abrasion et au d\u00e9chirement.<\/p>\n<p><strong>Rampe D&rsquo;Huile Gonflable \u00c0 Point Unique<\/strong><\/p>\n<p>Chaque section comporte des chambres \u00e0 air individuelles, et chaque chambre est reli\u00e9e au syst\u00e8me de remplissage d&rsquo;air de rail standard par l&rsquo;interm\u00e9diaire d&rsquo;un clapet anti-retour. Les chambres ont une vanne de grande capacit\u00e9 mont\u00e9e pour d\u00e9gonfler lors de la r\u00e9cup\u00e9ration de la fl\u00e8che. Dans le cas peu probable o\u00f9 le syst\u00e8me de gonflage \u00e0 point unique \u00e9choue, cette soupape d&rsquo;air offre une solution de gonflage de secours similaire aux rampes \u00e0 huile gonfl\u00e9es \u00e0 l&rsquo;air ordinaires.<\/p>\n<p><strong>Boom D&rsquo;Huile Gonflable Standard<\/strong><\/p>\n<p>Les chambres \u00e0 air sont gonfl\u00e9es section par section \u00e0 travers un sac \u00e0 dos \/ ventilateur standard.<\/p>\n<p>Air Boom est un ballon d&rsquo;huile gonflable sous pression qui utilise de l&rsquo;air pour la flottabilit\u00e9. Chaque longueur de section de la rampe d&rsquo;huile gonflable en PVC + rampe d&rsquo;huile gonflable en PU est segment\u00e9e en chambres gonflables individuelles \u00e0 travers des cloisons internes. Cela garantit que la fl\u00e8che maintiendra une flottabilit\u00e9 positive et continuera de flotter en cas de dommage. Les estacades se caract\u00e9risent par un gonflage pur et rapide et des rapports flottabilit\u00e9\/poids \u00e9lev\u00e9s dans des vagues et des conditions exigeantes.<\/p>\n<p>PVC Gonflable Oil Boom + PU Gonflable Oil Boom est \u00e9galement disponible avec des sections de flottaison en mousse substantielle le long du sommet de la fl\u00e8che pour le maintenir \u00e0 flot si l&rsquo;une des chambres endommage ou se d\u00e9gonfle. Notre conception de boum gonflable la plus populaire.<\/p>\n<p>PVC Gonflable Oil Boom + PU Gonflable Oil Boom est compact pour un excellent stockage sur les rouleaux de fl\u00e8che, ce qui le rend facile et rapide \u00e0 d\u00e9ployer et r\u00e9cup\u00e9rer avec un minimum de main-d&rsquo;oeuvre.<\/p>\n<p>PVC Gonflable Oil Boom + PU Gonflable Oil Boom peut \u00eatre gonfl\u00e9 \u00e0 l&rsquo;aide de soufflantes de gonflage portatives ou de sac \u00e0 dos ou de soufflantes hydrauliques int\u00e9gr\u00e9es autonome ou mont\u00e9 sur la fl\u00e8che de stockage et de d\u00e9ploiement bobine.<\/p>\n<p><strong>Caract\u00e9ristiques<\/strong><\/p>\n<ul>\n<li>Gonflage en un seul point avec chaque section qui assure la flottaison avant le gonflage ou en cas de dommage<\/li>\n<li>PVC Gonflable Oil Boom + PU Gonflable Oil Boom est id\u00e9al pour les op\u00e9rations dans les terminaux marins, les ports, les ports, offshore et l&rsquo;oc\u00e9an.<\/li>\n<li>PVC Gonflable Boom + PU Gonflable Boom est disponible dans une large gamme de tissus enduits de PVC et PU.<\/li>\n<li>La fl\u00e8che gonflable a plusieurs chambres pour une fiabilit\u00e9 maximale.<\/li>\n<li>R\u00e9sistant \u00e0 l&rsquo;huile, \u00e0 l&rsquo;usure, \u00e0 l&rsquo;eau de mer et aux UV<\/li>\n<li>Des chambres segment\u00e9es assurent que la rampe continue de flotter en cas de dommage.<\/li>\n<li>Connecteurs en aluminium de qualit\u00e9 marine de style ASTM r\u00e9sistant \u00e0 la corrosion.<\/li>\n<li>Cha\u00eene de ballast en acier galvanis\u00e9 r\u00e9sistant.<\/li>\n<li>Tailles personnalis\u00e9es disponibles<\/li>\n<\/ul>\n<p><strong>Boom D&rsquo;Huile Gonflable Standard<\/strong><\/p>\n<div class=\"wptm_table tablesorter-bootstrap \" data-id=\"33\" data-hightlight=\"0\"><div class=\"wptm_buttons buttons_wptmTbl33\"><\/div><div class=\"wptmresponsive dataTables-wptmtable wptmtable \" id=\"wptmtable33\" data-tableid=\"wptmTbl33\"><table data-count-header=\"1\"  data-format-decimal_count=\"0\" data-format-decimal_symbol=\".\" data-format-symbol_position=\"0\" data-format-thousand_symbol=\",\"  data-format-currency_symbol=\"$\"  data-name-style=\"33_1759670818.css\" data-format=\"YYYY-MM-DD\" id=\"wptmTbl33\" data-id=\"33\" data-responsive=\"false\" data-hideCols=\"false\"  data-type=\"html\" data-paging=\"false\" data-searching=\"true\"  data-ordering=\"false\" data-table-breakpoint=\"980\" data-scroll-x=\"true\" data-scroll-collapse=\"true\" data-align=\"center\" data-range=\"[]\" data-hideColumn=\"[0,0,0,0,0,0,0]\"  data-colwidths=\"[160,160,160,160,160,160,160]\"  data-colwidths_desktop=[]  data-colwidths_tablet=[]  data-colwidths_mobile=[]  class=\"wptm_main_table  disablePager hideScrollHeader\"><colgroup><col data-dtr=\"0\" data-dtc=\"0\" class=\"dtc0\"><col data-dtr=\"0\" data-dtc=\"1\" class=\"dtc1\"><col data-dtr=\"0\" data-dtc=\"2\" class=\"dtc2\"><col data-dtr=\"0\" data-dtc=\"3\" class=\"dtc3\"><col data-dtr=\"0\" data-dtc=\"4\" class=\"dtc4\"><col data-dtr=\"0\" data-dtc=\"5\" class=\"dtc5\"><col data-dtr=\"0\" data-dtc=\"6\" class=\"dtc6\"><\/colgroup><thead><tr class=\"wptm-header-cells-index\"><th rowspan=\"1\" colspan=\"1\" data-dtr=\"0\" data-dtc=\"0\" class=\"dtr0 dtc0\"><\/th><th rowspan=\"1\" colspan=\"1\" data-dtr=\"0\" data-dtc=\"1\" class=\"dtr0 dtc1\"><\/th><th rowspan=\"1\" colspan=\"1\" data-dtr=\"0\" data-dtc=\"2\" class=\"dtr0 dtc2\"><\/th><th rowspan=\"1\" colspan=\"1\" data-dtr=\"0\" data-dtc=\"3\" class=\"dtr0 dtc3\"><\/th><th rowspan=\"1\" colspan=\"1\" data-dtr=\"0\" data-dtc=\"4\" class=\"dtr0 dtc4\"><\/th><th rowspan=\"1\" colspan=\"1\" data-dtr=\"0\" data-dtc=\"5\" class=\"dtr0 dtc5\"><\/th><th rowspan=\"1\" colspan=\"1\" data-dtr=\"0\" data-dtc=\"6\" class=\"dtr0 dtc6\"><\/th><\/tr><tr class=\" row0\"><th   data-priority=\"0\" class=\"dtr0 dtc0\"><\/th><th   data-priority=\"0\" class=\"dtr0 dtc1\">AIR 1700<\/th><th   data-priority=\"0\" class=\"dtr0 dtc2\">AIR 1500<\/th><th   data-priority=\"0\" class=\"dtr0 dtc3\">AIR 1200<\/th><th   data-priority=\"0\" class=\"dtr0 dtc4\">AIR 1000<\/th><th   data-priority=\"0\" class=\"dtr0 dtc5\">AIR 800<\/th><th   data-priority=\"0\" class=\"dtr0 dtc6\">AIR 500<\/th><\/thead><tbody><tr class=\" row1\"><td    class=\"dtr1 dtc0\">Application Area<\/td><td    class=\"dtr1 dtc1\">High Sea<\/td><td    class=\"dtr1 dtc2\">Offshore<\/td><td    class=\"dtr1 dtc3\">Offshore<\/td><td    class=\"dtr1 dtc4\">Harbour, Coastal<\/td><td    class=\"dtr1 dtc5\">Harbour, Coastal<\/td><td    class=\"dtr1 dtc6\">River<\/td><\/tr><tr class=\" row2\"><td    class=\"dtr2 dtc0\">Overall Height<\/td><td    class=\"dtr2 dtc1\">1700 mm<\/td><td    class=\"dtr2 dtc2\">1500 mm<\/td><td    class=\"dtr2 dtc3\">1200 mm<\/td><td    class=\"dtr2 dtc4\">1000 mm<\/td><td    class=\"dtr2 dtc5\">800 mm<\/td><td    class=\"dtr2 dtc6\">500 mm<\/td><\/tr><tr class=\" row3\"><td    class=\"dtr3 dtc0\">Freeboard<\/td><td    class=\"dtr3 dtc1\">600 mm<\/td><td    class=\"dtr3 dtc2\">500 mm<\/td><td    class=\"dtr3 dtc3\">400 mm<\/td><td    class=\"dtr3 dtc4\">300 mm<\/td><td    class=\"dtr3 dtc5\">250 mm<\/td><td    class=\"dtr3 dtc6\">200 mm<\/td><\/tr><tr class=\" row4\"><td    class=\"dtr4 dtc0\">Draft<\/td><td    class=\"dtr4 dtc1\">1100 mm<\/td><td    class=\"dtr4 dtc2\">1000 mm<\/td><td    class=\"dtr4 dtc3\">800 mm<\/td><td    class=\"dtr4 dtc4\">700 mm<\/td><td    class=\"dtr4 dtc5\">550 mm<\/td><td    class=\"dtr4 dtc6\">300 mm<\/td><\/tr><tr class=\" row5\"><td    class=\"dtr5 dtc0\">Fabric Material<\/td><td  colspan=\"6\"   class=\"dtr5 dtc1\">1100 dtex, PVC (Standard) | PU (Optional)<\/td><td  style=\"display: none\"   class=\"dtr5 dtc2\"><\/td><td  style=\"display: none\"   class=\"dtr5 dtc3\"><\/td><td  style=\"display: none\"   class=\"dtr5 dtc4\"><\/td><td  style=\"display: none\"   class=\"dtr5 dtc5\"><\/td><td  style=\"display: none\"   class=\"dtr5 dtc6\"><\/td><\/tr><tr class=\" row6\"><td    class=\"dtr6 dtc0\">Fabric Weight<\/td><td    class=\"dtr6 dtc1\">900 g\/m\u00b2<\/td><td    class=\"dtr6 dtc2\">900 g\/m\u00b2<\/td><td    class=\"dtr6 dtc3\">900 g\/m\u00b2<\/td><td    class=\"dtr6 dtc4\">900 g\/m\u00b2<\/td><td    class=\"dtr6 dtc5\">900 g\/m\u00b2<\/td><td    class=\"dtr6 dtc6\">900 g\/m\u00b2<\/td><\/tr><tr class=\" row7\"><td    class=\"dtr7 dtc0\">Tensile Strenght<\/td><td    class=\"dtr7 dtc1\">4000 N\/5 cm<\/td><td    class=\"dtr7 dtc2\">4000 N\/5 cm<\/td><td    class=\"dtr7 dtc3\">4000 N\/5 cm<\/td><td    class=\"dtr7 dtc4\">4000 N\/5 cm<\/td><td    class=\"dtr7 dtc5\">4000 N\/5 cm<\/td><td    class=\"dtr7 dtc6\">4000 N\/5 cm<\/td><\/tr><tr class=\" row8\"><td    class=\"dtr8 dtc0\">Ballast<\/td><td  colspan=\"6\"   class=\"dtr8 dtc1\">Galvanized Chain<\/td><td  style=\"display: none\"   class=\"dtr8 dtc2\"><\/td><td  style=\"display: none\"   class=\"dtr8 dtc3\"><\/td><td  style=\"display: none\"   class=\"dtr8 dtc4\"><\/td><td  style=\"display: none\"   class=\"dtr8 dtc5\"><\/td><td  style=\"display: none\"   class=\"dtr8 dtc6\"><\/td><\/tr><tr class=\" row9\"><td    class=\"dtr9 dtc0\">Section Length<\/td><td    class=\"dtr9 dtc1\">25 m<\/td><td    class=\"dtr9 dtc2\">25 m<\/td><td    class=\"dtr9 dtc3\">25 m<\/td><td    class=\"dtr9 dtc4\">25 m<\/td><td    class=\"dtr9 dtc5\">25 m<\/td><td    class=\"dtr9 dtc6\">25 m<\/td><\/tr><tr class=\" row10\"><td    class=\"dtr10 dtc0\">Connector<\/td><td  colspan=\"6\"   class=\"dtr10 dtc1\">ASTM Z or ASTM Universal<\/td><td  style=\"display: none\"   class=\"dtr10 dtc2\"><\/td><td  style=\"display: none\"   class=\"dtr10 dtc3\"><\/td><td  style=\"display: none\"   class=\"dtr10 dtc4\"><\/td><td  style=\"display: none\"   class=\"dtr10 dtc5\"><\/td><td  style=\"display: none\"   class=\"dtr10 dtc6\"><\/td><\/tr><tr class=\" row11\"><td    class=\"dtr11 dtc0\">Optional<\/td><td  colspan=\"6\"   class=\"dtr11 dtc1\">Single Point Inflation<\/td><td  style=\"display: none\"   class=\"dtr11 dtc2\"><\/td><td  style=\"display: none\"   class=\"dtr11 dtc3\"><\/td><td  style=\"display: none\"   class=\"dtr11 dtc4\"><\/td><td  style=\"display: none\"   class=\"dtr11 dtc5\"><\/td><td  style=\"display: none\"   class=\"dtr11 dtc6\"><\/td><\/tr><\/tbody><tfoot><tr><td class=\"dtr11 dtc0\" style=\"height: 0;\"><\/td><td class=\"dtr11 dtc1\" style=\"height: 0;\"><\/td><td class=\"dtr11 dtc2\" style=\"height: 0;\"><\/td><td class=\"dtr11 dtc3\" style=\"height: 0;\"><\/td><td class=\"dtr11 dtc4\" style=\"height: 0;\"><\/td><td class=\"dtr11 dtc5\" style=\"height: 0;\"><\/td><td class=\"dtr11 dtc6\" style=\"height: 0;\"><\/td><\/tr><\/tfoot><\/table><\/div><style>#wptmtable33 .dataTables_wrapper > .dataTables_scroll {max-height:800px;overflow: auto;}<\/style><script>window.wptm_ajaxurl = 'https:\/\/mavideniz.com.tr\/wp-admin\/admin-ajax.php?juwpfisadmin=false&action=Wptm&'; window.wptm_front = 'https:\/\/mavideniz.com.tr\/wp-content\/plugins\/wp-table-manager\/app\/site\/assets\/'; window.wptm_style = 'https:\/\/mavideniz.com.tr\/wp-content\/uploads\/wptm\/';<\/script><\/div><style><\/style>\n<p><strong>Rampe D&rsquo;Huile Gonflable \u00c0 Point Unique<\/strong><\/p>\n<div class=\"wptm_table tablesorter-bootstrap \" data-id=\"37\" data-hightlight=\"0\"><div class=\"wptm_buttons buttons_wptmTbl37\"><\/div><div class=\"wptmresponsive dataTables-wptmtable wptmtable \" id=\"wptmtable37\" data-tableid=\"wptmTbl37\"><table data-count-header=\"1\"  data-format-decimal_count=\"0\" data-format-decimal_symbol=\".\" data-format-symbol_position=\"0\" data-format-thousand_symbol=\",\"  data-format-currency_symbol=\"$\"  data-name-style=\"37_1759662818.css\" data-format=\"YYYY-MM-DD\" id=\"wptmTbl37\" data-id=\"37\" data-responsive=\"false\" data-hideCols=\"false\"  data-type=\"html\" data-paging=\"false\" data-searching=\"true\"  data-ordering=\"false\" data-table-breakpoint=\"980\" data-scroll-x=\"true\" data-scroll-collapse=\"true\" data-align=\"center\" data-range=\"[]\" data-hideColumn=\"[0,0,0,0,0,0,0]\"  data-colwidths=\"[162,162,162,162,162,162,162]\"  data-colwidths_desktop=[]  data-colwidths_tablet=[]  data-colwidths_mobile=[]  class=\"wptm_main_table  disablePager hideScrollHeader\"><colgroup><col data-dtr=\"0\" data-dtc=\"0\" class=\"dtc0\"><col data-dtr=\"0\" data-dtc=\"1\" class=\"dtc1\"><col data-dtr=\"0\" data-dtc=\"2\" class=\"dtc2\"><col data-dtr=\"0\" data-dtc=\"3\" class=\"dtc3\"><col data-dtr=\"0\" data-dtc=\"4\" class=\"dtc4\"><col data-dtr=\"0\" data-dtc=\"5\" class=\"dtc5\"><col data-dtr=\"0\" data-dtc=\"6\" class=\"dtc6\"><\/colgroup><thead><tr class=\"wptm-header-cells-index\"><th rowspan=\"1\" colspan=\"1\" data-dtr=\"0\" data-dtc=\"0\" class=\"dtr0 dtc0\"><\/th><th rowspan=\"1\" colspan=\"1\" data-dtr=\"0\" data-dtc=\"1\" class=\"dtr0 dtc1\"><\/th><th rowspan=\"1\" colspan=\"1\" data-dtr=\"0\" data-dtc=\"2\" class=\"dtr0 dtc2\"><\/th><th rowspan=\"1\" colspan=\"1\" data-dtr=\"0\" data-dtc=\"3\" class=\"dtr0 dtc3\"><\/th><th rowspan=\"1\" colspan=\"1\" data-dtr=\"0\" data-dtc=\"4\" class=\"dtr0 dtc4\"><\/th><th rowspan=\"1\" colspan=\"1\" data-dtr=\"0\" data-dtc=\"5\" class=\"dtr0 dtc5\"><\/th><th rowspan=\"1\" colspan=\"1\" data-dtr=\"0\" data-dtc=\"6\" class=\"dtr0 dtc6\"><\/th><\/tr><tr class=\" row0\"><th   data-priority=\"0\" class=\"dtr0 dtc0\"><\/th><th   data-priority=\"0\" class=\"dtr0 dtc1\">SPI 2000<\/th><th   data-priority=\"0\" class=\"dtr0 dtc2\">SPI 1500<\/th><th   data-priority=\"0\" class=\"dtr0 dtc3\">SPI 1200<\/th><th   data-priority=\"0\" class=\"dtr0 dtc4\">SPI 1000<\/th><th   data-priority=\"0\" class=\"dtr0 dtc5\">SPI 800<\/th><th   data-priority=\"0\" class=\"dtr0 dtc6\">SPI 500<\/th><\/thead><tbody><tr class=\" row1\"><td    class=\"dtr1 dtc0\">Application Area<\/td><td    class=\"dtr1 dtc1\">High Sea<\/td><td    class=\"dtr1 dtc2\">Offshore<\/td><td    class=\"dtr1 dtc3\">Offshore<\/td><td    class=\"dtr1 dtc4\">Offshore<\/td><td    class=\"dtr1 dtc5\">Harbour<\/td><td    class=\"dtr1 dtc6\">River<\/td><\/tr><tr class=\" row2\"><td    class=\"dtr2 dtc0\">Overall Height<\/td><td    class=\"dtr2 dtc1\">2000 mm<\/td><td    class=\"dtr2 dtc2\">1500 mm<\/td><td    class=\"dtr2 dtc3\">1200 mm<\/td><td    class=\"dtr2 dtc4\">1000 mm<\/td><td    class=\"dtr2 dtc5\">800 mm<\/td><td    class=\"dtr2 dtc6\">500 mm<\/td><\/tr><tr class=\" row3\"><td    class=\"dtr3 dtc0\">Freeboard<\/td><td    class=\"dtr3 dtc1\">560 mm<\/td><td    class=\"dtr3 dtc2\">445 mm<\/td><td    class=\"dtr3 dtc3\">440 mm<\/td><td    class=\"dtr3 dtc4\">300 mm<\/td><td    class=\"dtr3 dtc5\">250 mm<\/td><td    class=\"dtr3 dtc6\">200 mm<\/td><\/tr><tr class=\" row4\"><td    class=\"dtr4 dtc0\">Draft<\/td><td    class=\"dtr4 dtc1\">1160 mm<\/td><td    class=\"dtr4 dtc2\">848 mm<\/td><td    class=\"dtr4 dtc3\">800 mm<\/td><td    class=\"dtr4 dtc4\">700 mm<\/td><td    class=\"dtr4 dtc5\">550 mm<\/td><td    class=\"dtr4 dtc6\">300 mm<\/td><\/tr><tr class=\" row5\"><td    class=\"dtr5 dtc0\">Fabric Material<\/td><td  colspan=\"6\"   class=\"dtr5 dtc1\">Synthetic Rubber (Standard) | Neoprene (Optional) | Rubber (Optional)<\/td><td  style=\"display: none\"   class=\"dtr5 dtc2\"><\/td><td  style=\"display: none\"   class=\"dtr5 dtc3\"><\/td><td  style=\"display: none\"   class=\"dtr5 dtc4\"><\/td><td  style=\"display: none\"   class=\"dtr5 dtc5\"><\/td><td  style=\"display: none\"   class=\"dtr5 dtc6\"><\/td><\/tr><tr class=\" row6\"><td    class=\"dtr6 dtc0\">Tensile Strenght<\/td><td    class=\"dtr6 dtc1\">20000 N\/5 cm<\/td><td    class=\"dtr6 dtc2\">20000 N\/5 cm<\/td><td    class=\"dtr6 dtc3\">20000 N\/5 cm<\/td><td    class=\"dtr6 dtc4\">4000 N\/5 cm<\/td><td    class=\"dtr6 dtc5\">4000 N\/5 cm<\/td><td    class=\"dtr6 dtc6\">20000 N\/5 cm<\/td><\/tr><tr class=\" row7\"><td    class=\"dtr7 dtc0\">Ballast<\/td><td  colspan=\"6\"   class=\"dtr7 dtc1\">Galvanized Chain<\/td><td  style=\"display: none\"   class=\"dtr7 dtc2\"><\/td><td  style=\"display: none\"   class=\"dtr7 dtc3\"><\/td><td  style=\"display: none\"   class=\"dtr7 dtc4\"><\/td><td  style=\"display: none\"   class=\"dtr7 dtc5\"><\/td><td  style=\"display: none\"   class=\"dtr7 dtc6\"><\/td><\/tr><tr class=\" row8\"><td    class=\"dtr8 dtc0\">Section Length<\/td><td    class=\"dtr8 dtc1\">25 m<\/td><td    class=\"dtr8 dtc2\">25 m<\/td><td    class=\"dtr8 dtc3\">25 m<\/td><td    class=\"dtr8 dtc4\">25 m<\/td><td    class=\"dtr8 dtc5\">25 m<\/td><td    class=\"dtr8 dtc6\">25 m<\/td><\/tr><tr class=\" row9\"><td    class=\"dtr9 dtc0\">Connector<\/td><td  colspan=\"6\"   class=\"dtr9 dtc1\">ASTM Z or ASTM Universal<\/td><td  style=\"display: none\"   class=\"dtr9 dtc2\"><\/td><td  style=\"display: none\"   class=\"dtr9 dtc3\"><\/td><td  style=\"display: none\"   class=\"dtr9 dtc4\"><\/td><td  style=\"display: none\"   class=\"dtr9 dtc5\"><\/td><td  style=\"display: none\"   class=\"dtr9 dtc6\"><\/td><\/tr><\/tbody><tfoot><tr><td class=\"dtr9 dtc0\" style=\"height: 0;\"><\/td><td class=\"dtr9 dtc1\" style=\"height: 0;\"><\/td><td class=\"dtr9 dtc2\" style=\"height: 0;\"><\/td><td class=\"dtr9 dtc3\" style=\"height: 0;\"><\/td><td class=\"dtr9 dtc4\" style=\"height: 0;\"><\/td><td class=\"dtr9 dtc5\" style=\"height: 0;\"><\/td><td class=\"dtr9 dtc6\" style=\"height: 0;\"><\/td><\/tr><\/tfoot><\/table><\/div><style>#wptmtable37 .dataTables_wrapper > .dataTables_scroll {max-height:500px;overflow: auto;}<\/style><script>window.wptm_ajaxurl = 'https:\/\/mavideniz.com.tr\/wp-admin\/admin-ajax.php?juwpfisadmin=false&action=Wptm&'; window.wptm_front = 'https:\/\/mavideniz.com.tr\/wp-content\/plugins\/wp-table-manager\/app\/site\/assets\/'; window.wptm_style = 'https:\/\/mavideniz.com.tr\/wp-content\/uploads\/wptm\/';<\/script><\/div><style><\/style>\n","protected":false},"excerpt":{"rendered":"<p>La flottabilit\u00e9 \u00e9lev\u00e9e de la fl\u00e8che d&rsquo;huile gonflable de PVC de Mavi Deniz + PU la rend appropri\u00e9e pour une [&hellip;]<\/p>\n","protected":false},"author":1,"featured_media":0,"parent":39844,"menu_order":0,"comment_status":"closed","ping_status":"closed","template":"","meta":{"site-sidebar-layout":"default","site-content-layout":"","ast-site-content-layout":"default","site-content-style":"default","site-sidebar-style":"default","ast-global-header-display":"","ast-banner-title-visibility":"","ast-main-header-display":"","ast-hfb-above-header-display":"","ast-hfb-below-header-display":"","ast-hfb-mobile-header-display":"","site-post-title":"","ast-breadcrumbs-content":"","ast-featured-img":"","footer-sml-layout":"","ast-disable-related-posts":"","theme-transparent-header-meta":"","adv-header-id-meta":"","stick-header-meta":"","header-above-stick-meta":"","header-main-stick-meta":"","header-below-stick-meta":"","astra-migrate-meta-layouts":"default","ast-page-background-enabled":"default","ast-page-background-meta":{"desktop":{"background-color":"var(--ast-global-color-5)","background-image":"","background-repeat":"repeat","background-position":"center center","background-size":"auto","background-attachment":"scroll","background-type":"","background-media":"","overlay-type":"","overlay-color":"","overlay-opacity":"","overlay-gradient":""},"tablet":{"background-color":"","background-image":"","background-repeat":"repeat","background-position":"center center","background-size":"auto","background-attachment":"scroll","background-type":"","background-media":"","overlay-type":"","overlay-color":"","overlay-opacity":"","overlay-gradient":""},"mobile":{"background-color":"","background-image":"","background-repeat":"repeat","background-position":"center center","background-size":"auto","background-attachment":"scroll","background-type":"","background-media":"","overlay-type":"","overlay-color":"","overlay-opacity":"","overlay-gradient":""}},"ast-content-background-meta":{"desktop":{"background-color":"var(--ast-global-color-4)","background-image":"","background-repeat":"repeat","background-position":"center center","background-size":"auto","background-attachment":"scroll","background-type":"","background-media":"","overlay-type":"","overlay-color":"","overlay-opacity":"","overlay-gradient":""},"tablet":{"background-color":"var(--ast-global-color-4)","background-image":"","background-repeat":"repeat","background-position":"center center","background-size":"auto","background-attachment":"scroll","background-type":"","background-media":"","overlay-type":"","overlay-color":"","overlay-opacity":"","overlay-gradient":""},"mobile":{"background-color":"var(--ast-global-color-4)","background-image":"","background-repeat":"repeat","background-position":"center center","background-size":"auto","background-attachment":"scroll","background-type":"","background-media":"","overlay-type":"","overlay-color":"","overlay-opacity":"","overlay-gradient":""}},"footnotes":""},"class_list":["post-39853","page","type-page","status-publish","hentry"],"_links":{"self":[{"href":"https:\/\/mavideniz.com.tr\/fr\/wp-json\/wp\/v2\/pages\/39853","targetHints":{"allow":["GET"]}}],"collection":[{"href":"https:\/\/mavideniz.com.tr\/fr\/wp-json\/wp\/v2\/pages"}],"about":[{"href":"https:\/\/mavideniz.com.tr\/fr\/wp-json\/wp\/v2\/types\/page"}],"author":[{"embeddable":true,"href":"https:\/\/mavideniz.com.tr\/fr\/wp-json\/wp\/v2\/users\/1"}],"replies":[{"embeddable":true,"href":"https:\/\/mavideniz.com.tr\/fr\/wp-json\/wp\/v2\/comments?post=39853"}],"version-history":[{"count":0,"href":"https:\/\/mavideniz.com.tr\/fr\/wp-json\/wp\/v2\/pages\/39853\/revisions"}],"up":[{"embeddable":true,"href":"https:\/\/mavideniz.com.tr\/fr\/wp-json\/wp\/v2\/pages\/39844"}],"wp:attachment":[{"href":"https:\/\/mavideniz.com.tr\/fr\/wp-json\/wp\/v2\/media?parent=39853"}],"curies":[{"name":"wp","href":"https:\/\/api.w.org\/{rel}","templated":true}]}}