{"id":39858,"date":"2022-10-13T17:24:27","date_gmt":"2022-10-13T17:24:27","guid":{"rendered":"https:\/\/mavideniz.com.tr\/?page_id=39858"},"modified":"2024-05-05T18:55:34","modified_gmt":"2024-05-05T18:55:34","slug":"fleche-de-barriere-dhuile-_-fleche-permanente","status":"publish","type":"page","link":"https:\/\/mavideniz.com.tr\/fr\/produits-industriels\/barrage-petrolier-barriere\/fleche-de-confinement-dhuile\/fleche-de-barriere-dhuile-_-fleche-permanente\/","title":{"rendered":"Boom de la barri\u00e8re p\u00e9troli\u00e8re"},"content":{"rendered":"\n<p>La barri\u00e8re de protection contre le p\u00e9trole est robuste et dot\u00e9e d&rsquo;une technologie de pointe con\u00e7ue pour durer longtemps. Une barri\u00e8re anti-d\u00e9versement est une barri\u00e8re anti-d\u00e9versement con\u00e7ue pour \u00eatre install\u00e9e de fa\u00e7on permanente dans les raffineries, les ports, les ports, les lagunes, les quais, les jet\u00e9es, les plates-formes p\u00e9troli\u00e8res, les navires, les fermes de p\u00eache et d&rsquo;autres installations o\u00f9 des d\u00e9versements sont possibles.<\/p>\n<p>La barri\u00e8re \u00e0 l&rsquo;huile poss\u00e8de d&rsquo;excellents flotteurs HDPE r\u00e9sistants aux UV, aux chocs et \u00e0 l&rsquo;abrasion. Ces flotteurs en poly\u00e9thyl\u00e8ne robuste moul\u00e9s \u00e0 haute densit\u00e9 sont fix\u00e9s au tissu de base robuste.<\/p>\n<p>Oil Barrier dispose d&rsquo;un syst\u00e8me de boulons d&rsquo;ancrage en standard. Oil Barrier dispose d&rsquo;un syst\u00e8me de ballast avec la cha\u00eene galvanis\u00e9e ou des plombs de poids sous chaque paire de flotteurs.<\/p>\n<p>Nous offrons un choix de connecteurs de fl\u00e8che de confinement, y compris ASTM Universal ou Z Connector. D&rsquo;autres types de connecteurs peuvent \u00eatre mont\u00e9s sur demande.<\/p>\n<p>La barri\u00e8re d&rsquo;huile a une durabilit\u00e9 \u00e0 long terme, une excellente r\u00e9sistance aux ultraviolets, l&rsquo;action des vagues et la croissance marine avec peu d&rsquo;entretien.<\/p>\n<p>Oil Barrier fournit alternativement une version h\u00e9misph\u00e9rique \u00e0 flotteur souple pour le stockage des bobines de fl\u00e8che. (faible volume de stockage)<\/p>\n<p>La barri\u00e8re d&rsquo;huile fournit alternativement les flotteurs \u00e0 remplir avec de la mousse en option pour fournir une fiabilit\u00e9 ultime et une flottabilit\u00e9 accrue.<\/p>\n<p>Accessoires optionnels : ensembles d&rsquo;ancrage, compensateurs de mar\u00e9e, dos robustes, bride de remorquage, feux de balisage, unit\u00e9s de stand-off, attache de pieu, connecteurs alternatifs, et tissu, longueurs de coupe personnalis\u00e9es.<\/p>\n<p><strong>Caract\u00e9ristiques<\/strong><\/p>\n<ul>\n<li>La barri\u00e8re d&rsquo;huile Boom est de haute qualit\u00e9, une utilisation \u00e0 long terme \u00e0 un prix raisonnable et peut rester dans l&rsquo;eau pendant de nombreuses ann\u00e9es.<\/li>\n<li>La barri\u00e8re d&rsquo;huile Boom est un tr\u00e8s durable, \u00e0 faible entretien<\/li>\n<li>Meilleure fl\u00e8che durable pour le confinement des d\u00e9bris et de l&rsquo;huile et d&rsquo;autres polluants flottants<\/li>\n<li>Construit en mat\u00e9riaux auto-extinguibles et non corrosifs<\/li>\n<li>Excellente r\u00e9sistance aux ultraviolets<\/li>\n<li>Excellente r\u00e9sistance \u00e0 l&rsquo;action des vagues et \u00e0 la croissance marine avec un faible entretien<\/li>\n<li>Facile \u00e0 utiliser un syst\u00e8me ouvert\/ferm\u00e9 pour permettre aux navires d&rsquo;entrer et de sortir de la zone prot\u00e9g\u00e9e<\/li>\n<li>Installations de quai, de port et d&rsquo;installations techniques<\/li>\n<\/ul>\n<div class=\"wptm_table tablesorter-bootstrap \" data-id=\"34\" data-hightlight=\"0\"><div class=\"wptm_buttons buttons_wptmTbl34\"><\/div><div class=\"wptmresponsive dataTables-wptmtable wptmtable \" id=\"wptmtable34\" data-tableid=\"wptmTbl34\"><table data-count-header=\"1\"  data-format-decimal_count=\"0\" data-format-decimal_symbol=\".\" data-format-symbol_position=\"0\" data-format-thousand_symbol=\",\"  data-format-currency_symbol=\"$\"  data-name-style=\"34_1759662634.css\" data-format=\"YYYY-MM-DD\" id=\"wptmTbl34\" data-id=\"34\" data-responsive=\"false\" data-hideCols=\"false\"  data-type=\"html\" data-paging=\"false\" data-searching=\"true\"  data-ordering=\"false\" data-table-breakpoint=\"980\" data-scroll-x=\"true\" data-scroll-collapse=\"true\" data-align=\"center\" data-range=\"[]\" data-hideColumn=\"[0,0,0,0,0,0,0]\"  data-colwidths=\"[160,160,160,160,160,160,160]\"  data-colwidths_desktop=[]  data-colwidths_tablet=[]  data-colwidths_mobile=[]  class=\"wptm_main_table  disablePager hideScrollHeader\"><colgroup><col data-dtr=\"0\" data-dtc=\"0\" class=\"dtc0\"><col data-dtr=\"0\" data-dtc=\"1\" class=\"dtc1\"><col data-dtr=\"0\" data-dtc=\"2\" class=\"dtc2\"><col data-dtr=\"0\" data-dtc=\"3\" class=\"dtc3\"><col data-dtr=\"0\" data-dtc=\"4\" class=\"dtc4\"><col data-dtr=\"0\" data-dtc=\"5\" class=\"dtc5\"><col data-dtr=\"0\" data-dtc=\"6\" class=\"dtc6\"><\/colgroup><thead><tr class=\"wptm-header-cells-index\"><th rowspan=\"1\" colspan=\"1\" data-dtr=\"0\" data-dtc=\"0\" class=\"dtr0 dtc0\"><\/th><th rowspan=\"1\" colspan=\"1\" data-dtr=\"0\" data-dtc=\"1\" class=\"dtr0 dtc1\"><\/th><th rowspan=\"1\" colspan=\"1\" data-dtr=\"0\" data-dtc=\"2\" class=\"dtr0 dtc2\"><\/th><th rowspan=\"1\" colspan=\"1\" data-dtr=\"0\" data-dtc=\"3\" class=\"dtr0 dtc3\"><\/th><th rowspan=\"1\" colspan=\"1\" data-dtr=\"0\" data-dtc=\"4\" class=\"dtr0 dtc4\"><\/th><th rowspan=\"1\" colspan=\"1\" data-dtr=\"0\" data-dtc=\"5\" class=\"dtr0 dtc5\"><\/th><th rowspan=\"1\" colspan=\"1\" data-dtr=\"0\" data-dtc=\"6\" class=\"dtr0 dtc6\"><\/th><\/tr><tr class=\" row0\"><th   data-priority=\"0\" class=\"dtr0 dtc0\"><\/th><th   data-priority=\"0\" class=\"dtr0 dtc1\">Oil Barrier 1200<\/th><th   data-priority=\"0\" class=\"dtr0 dtc2\">Oil Barrier 1000<\/th><th   data-priority=\"0\" class=\"dtr0 dtc3\">Oil Barrier 900<\/th><th   data-priority=\"0\" class=\"dtr0 dtc4\">Oil Barrier 800<\/th><th   data-priority=\"0\" class=\"dtr0 dtc5\">Oil Barrier 600<\/th><th   data-priority=\"0\" class=\"dtr0 dtc6\">Oil Barrier 500<\/th><\/thead><tbody><tr class=\" row1\"><td    class=\"dtr1 dtc0\">Overall height<\/td><td    class=\"dtr1 dtc1\">1200 mm<\/td><td    class=\"dtr1 dtc2\">1000 mm<\/td><td    class=\"dtr1 dtc3\">900 mm<\/td><td    class=\"dtr1 dtc4\">800 mm<\/td><td    class=\"dtr1 dtc5\">600 mm<\/td><td    class=\"dtr1 dtc6\">500 mm<\/td><\/tr><tr class=\" row2\"><td    class=\"dtr2 dtc0\">Freeboard<\/td><td    class=\"dtr2 dtc1\">300 mm<\/td><td    class=\"dtr2 dtc2\">275 mm<\/td><td    class=\"dtr2 dtc3\">250 mm<\/td><td    class=\"dtr2 dtc4\">225 mm<\/td><td    class=\"dtr2 dtc5\">200 mm<\/td><td    class=\"dtr2 dtc6\">150 mm<\/td><\/tr><tr class=\" row3\"><td    class=\"dtr3 dtc0\">Draft<\/td><td    class=\"dtr3 dtc1\">900 mm<\/td><td    class=\"dtr3 dtc2\">725 mm<\/td><td    class=\"dtr3 dtc3\">650 mm<\/td><td    class=\"dtr3 dtc4\">575 mm<\/td><td    class=\"dtr3 dtc5\">400 mm<\/td><td    class=\"dtr3 dtc6\">350 mm<\/td><\/tr><tr class=\" row4\"><td    class=\"dtr4 dtc0\">Tensile Strength <\/td><td  colspan=\"6\"   class=\"dtr4 dtc1\">400 N \/ mm<\/td><td  style=\"display: none\"   class=\"dtr4 dtc2\"><\/td><td  style=\"display: none\"   class=\"dtr4 dtc3\"><\/td><td  style=\"display: none\"   class=\"dtr4 dtc4\"><\/td><td  style=\"display: none\"   class=\"dtr4 dtc5\"><\/td><td  style=\"display: none\"   class=\"dtr4 dtc6\"><\/td><\/tr><tr class=\" row5\"><td    class=\"dtr5 dtc0\">Floatation<\/td><td  colspan=\"6\"   class=\"dtr5 dtc1\">Molded heavy duty polyethylene floats<\/td><td  style=\"display: none\"   class=\"dtr5 dtc2\"><\/td><td  style=\"display: none\"   class=\"dtr5 dtc3\"><\/td><td  style=\"display: none\"   class=\"dtr5 dtc4\"><\/td><td  style=\"display: none\"   class=\"dtr5 dtc5\"><\/td><td  style=\"display: none\"   class=\"dtr5 dtc6\"><\/td><\/tr><tr class=\" row6\"><td    class=\"dtr6 dtc0\">Fabric<\/td><td  colspan=\"6\"   class=\"dtr6 dtc1\">Heavy-duty rubber (Standard) <br \/>\n                      PVC coated polyester fabric (Optional)<\/td><td  style=\"display: none\"   class=\"dtr6 dtc2\"><\/td><td  style=\"display: none\"   class=\"dtr6 dtc3\"><\/td><td  style=\"display: none\"   class=\"dtr6 dtc4\"><\/td><td  style=\"display: none\"   class=\"dtr6 dtc5\"><\/td><td  style=\"display: none\"   class=\"dtr6 dtc6\"><\/td><\/tr><tr class=\" row7\"><td    class=\"dtr7 dtc0\">Flotation Color<\/td><td  colspan=\"6\"   class=\"dtr7 dtc1\">Yellow \/ Red<\/td><td  style=\"display: none\"   class=\"dtr7 dtc2\"><\/td><td  style=\"display: none\"   class=\"dtr7 dtc3\"><\/td><td  style=\"display: none\"   class=\"dtr7 dtc4\"><\/td><td  style=\"display: none\"   class=\"dtr7 dtc5\"><\/td><td  style=\"display: none\"   class=\"dtr7 dtc6\"><\/td><\/tr><tr class=\" row8\"><td    class=\"dtr8 dtc0\">Ballast<\/td><td  colspan=\"6\"   class=\"dtr8 dtc1\">Galvanized Chain (Standard) or Lead Blocks (Optional)<\/td><td  style=\"display: none\"   class=\"dtr8 dtc2\"><\/td><td  style=\"display: none\"   class=\"dtr8 dtc3\"><\/td><td  style=\"display: none\"   class=\"dtr8 dtc4\"><\/td><td  style=\"display: none\"   class=\"dtr8 dtc5\"><\/td><td  style=\"display: none\"   class=\"dtr8 dtc6\"><\/td><\/tr><tr class=\" row9\"><td    class=\"dtr9 dtc0\">Section Length<\/td><td    class=\"dtr9 dtc1\">25 m<\/td><td    class=\"dtr9 dtc2\">25 m<\/td><td    class=\"dtr9 dtc3\">25 m<\/td><td    class=\"dtr9 dtc4\">25 m<\/td><td    class=\"dtr9 dtc5\">25 m<\/td><td    class=\"dtr9 dtc6\">25 m<\/td><\/tr><tr class=\" row10\"><td    class=\"dtr10 dtc0\">Connector<\/td><td  colspan=\"6\"   class=\"dtr10 dtc1\">ASTM Z or ASTM Universal<\/td><td  style=\"display: none\"   class=\"dtr10 dtc2\"><\/td><td  style=\"display: none\"   class=\"dtr10 dtc3\"><\/td><td  style=\"display: none\"   class=\"dtr10 dtc4\"><\/td><td  style=\"display: none\"   class=\"dtr10 dtc5\"><\/td><td  style=\"display: none\"   class=\"dtr10 dtc6\"><\/td><\/tr><\/tbody><tfoot><tr><td class=\"dtr10 dtc0\" style=\"height: 0;\"><\/td><td class=\"dtr10 dtc1\" style=\"height: 0;\"><\/td><td class=\"dtr10 dtc2\" style=\"height: 0;\"><\/td><td class=\"dtr10 dtc3\" style=\"height: 0;\"><\/td><td class=\"dtr10 dtc4\" style=\"height: 0;\"><\/td><td class=\"dtr10 dtc5\" style=\"height: 0;\"><\/td><td class=\"dtr10 dtc6\" style=\"height: 0;\"><\/td><\/tr><\/tfoot><\/table><\/div><style>#wptmtable34 .dataTables_wrapper > .dataTables_scroll {max-height:500px;overflow: auto;}<\/style><script>window.wptm_ajaxurl = 'https:\/\/mavideniz.com.tr\/wp-admin\/admin-ajax.php?juwpfisadmin=false&action=Wptm&'; window.wptm_front = 'https:\/\/mavideniz.com.tr\/wp-content\/plugins\/wp-table-manager\/app\/site\/assets\/'; window.wptm_style = 'https:\/\/mavideniz.com.tr\/wp-content\/uploads\/wptm\/';<\/script><\/div><style><\/style>\n","protected":false},"excerpt":{"rendered":"<p>La barri\u00e8re de protection contre le p\u00e9trole est robuste et dot\u00e9e d&rsquo;une technologie de pointe con\u00e7ue pour durer longtemps. Une [&hellip;]<\/p>\n","protected":false},"author":1,"featured_media":0,"parent":39844,"menu_order":0,"comment_status":"closed","ping_status":"closed","template":"","meta":{"site-sidebar-layout":"default","site-content-layout":"","ast-site-content-layout":"default","site-content-style":"default","site-sidebar-style":"default","ast-global-header-display":"","ast-banner-title-visibility":"","ast-main-header-display":"","ast-hfb-above-header-display":"","ast-hfb-below-header-display":"","ast-hfb-mobile-header-display":"","site-post-title":"","ast-breadcrumbs-content":"","ast-featured-img":"","footer-sml-layout":"","ast-disable-related-posts":"","theme-transparent-header-meta":"","adv-header-id-meta":"","stick-header-meta":"","header-above-stick-meta":"","header-main-stick-meta":"","header-below-stick-meta":"","astra-migrate-meta-layouts":"default","ast-page-background-enabled":"default","ast-page-background-meta":{"desktop":{"background-color":"var(--ast-global-color-5)","background-image":"","background-repeat":"repeat","background-position":"center center","background-size":"auto","background-attachment":"scroll","background-type":"","background-media":"","overlay-type":"","overlay-color":"","overlay-opacity":"","overlay-gradient":""},"tablet":{"background-color":"","background-image":"","background-repeat":"repeat","background-position":"center center","background-size":"auto","background-attachment":"scroll","background-type":"","background-media":"","overlay-type":"","overlay-color":"","overlay-opacity":"","overlay-gradient":""},"mobile":{"background-color":"","background-image":"","background-repeat":"repeat","background-position":"center center","background-size":"auto","background-attachment":"scroll","background-type":"","background-media":"","overlay-type":"","overlay-color":"","overlay-opacity":"","overlay-gradient":""}},"ast-content-background-meta":{"desktop":{"background-color":"var(--ast-global-color-4)","background-image":"","background-repeat":"repeat","background-position":"center center","background-size":"auto","background-attachment":"scroll","background-type":"","background-media":"","overlay-type":"","overlay-color":"","overlay-opacity":"","overlay-gradient":""},"tablet":{"background-color":"var(--ast-global-color-4)","background-image":"","background-repeat":"repeat","background-position":"center center","background-size":"auto","background-attachment":"scroll","background-type":"","background-media":"","overlay-type":"","overlay-color":"","overlay-opacity":"","overlay-gradient":""},"mobile":{"background-color":"var(--ast-global-color-4)","background-image":"","background-repeat":"repeat","background-position":"center center","background-size":"auto","background-attachment":"scroll","background-type":"","background-media":"","overlay-type":"","overlay-color":"","overlay-opacity":"","overlay-gradient":""}},"footnotes":""},"class_list":["post-39858","page","type-page","status-publish","hentry"],"_links":{"self":[{"href":"https:\/\/mavideniz.com.tr\/fr\/wp-json\/wp\/v2\/pages\/39858","targetHints":{"allow":["GET"]}}],"collection":[{"href":"https:\/\/mavideniz.com.tr\/fr\/wp-json\/wp\/v2\/pages"}],"about":[{"href":"https:\/\/mavideniz.com.tr\/fr\/wp-json\/wp\/v2\/types\/page"}],"author":[{"embeddable":true,"href":"https:\/\/mavideniz.com.tr\/fr\/wp-json\/wp\/v2\/users\/1"}],"replies":[{"embeddable":true,"href":"https:\/\/mavideniz.com.tr\/fr\/wp-json\/wp\/v2\/comments?post=39858"}],"version-history":[{"count":0,"href":"https:\/\/mavideniz.com.tr\/fr\/wp-json\/wp\/v2\/pages\/39858\/revisions"}],"up":[{"embeddable":true,"href":"https:\/\/mavideniz.com.tr\/fr\/wp-json\/wp\/v2\/pages\/39844"}],"wp:attachment":[{"href":"https:\/\/mavideniz.com.tr\/fr\/wp-json\/wp\/v2\/media?parent=39858"}],"curies":[{"name":"wp","href":"https:\/\/api.w.org\/{rel}","templated":true}]}}