{"id":39863,"date":"2022-10-13T17:27:08","date_gmt":"2022-10-13T17:27:08","guid":{"rendered":"https:\/\/mavideniz.com.tr\/?page_id=39863"},"modified":"2024-05-05T18:49:31","modified_gmt":"2024-05-05T18:49:31","slug":"boom-de-barriere-dhuile","status":"publish","type":"page","link":"https:\/\/mavideniz.com.tr\/fr\/produits-industriels\/barrage-petrolier-barriere\/fleche-de-confinement-dhuile\/boom-de-barriere-dhuile\/","title":{"rendered":"Barri\u00e8re de cl\u00f4ture p\u00e9troli\u00e8re"},"content":{"rendered":"\n<p>Le barrage de Mavi Deniz est un barrage flottant robuste qui offre un confinement du p\u00e9trole \u00e9conomique et \u00e9prouv\u00e9. Le mod\u00e8le de la barri\u00e8re \u00e0 huile de Boom va des eaux abrit\u00e9es\/calmes et des conditions de faible courant au confinement d&rsquo;huile en eau libre.<\/p>\n<p>Le boum de cl\u00f4ture \u00e0 huile est une flottabilit\u00e9 solide. La barri\u00e8re de type barri\u00e8re \u00e0 p\u00e9trole comprend une jupe souple, une flottaison plate pour le confinement des d\u00e9versements et une op\u00e9ration de r\u00e9cup\u00e9ration dans des eaux relativement prot\u00e9g\u00e9es et calmes. La rampe de cl\u00f4ture \u00e0 huile peut \u00eatre d\u00e9ploy\u00e9e \u00e0 partir de barges, de bateaux, de quais, de remorques ou d&rsquo;une personne marchant \u00e0 gu\u00e9 et est dot\u00e9e de connecteurs universels en aluminium l\u00e9gers et sans outils qui interconnectent avec d&rsquo;autres connecteurs de l&rsquo;ASTM.<\/p>\n<p>La barri\u00e8re de cl\u00f4ture \u00e0 huile est l&rsquo;une des barri\u00e8res les plus \u00e9conomiques disponibles, tout en offrant d&rsquo;excellentes performances et une excellente durabilit\u00e9.<\/p>\n<p>Oil Fence Boom offre le plus petit volume de stockage de types de fl\u00e8che \u00e0 flotteur solide et peut \u00eatre stock\u00e9 sur des palettes, des conteneurs ou des bobines de fl\u00e8che. Les syst\u00e8mes int\u00e8grent des bo\u00eetiers de stockage\/d\u00e9ploiement, des brides de remorquage, des syst\u00e8mes d&rsquo;ancrage et des kits de r\u00e9paration.<\/p>\n<p><strong>Caract\u00e9ristiques<\/strong><\/p>\n<ul>\n<li>La barri\u00e8re de cl\u00f4ture est id\u00e9ale pour les op\u00e9rations dans les ports, les ports, l&rsquo;int\u00e9rieur des terres et les zones c\u00f4ti\u00e8res o\u00f9 une r\u00e9ponse rapide est requise.<\/li>\n<li>Oil Fence Boom est disponible dans une large gamme de tissus enduits de polyester \/ PU enduits de vinyle.<\/li>\n<li>Les flotteurs en mousse \u00e0 cellules ferm\u00e9es sym\u00e9triques ( PEHD ) assurent un profil ext\u00e9rieur lisse pour un confinement d&rsquo;huile sup\u00e9rieur.<\/li>\n<li>Connecteurs en aluminium de qualit\u00e9 marine conformes aux normes ASTM<\/li>\n<li>Cha\u00eene de ballast\/blocs de plomb en acier galvanis\u00e9 r\u00e9sistant<\/li>\n<li>Tailles personnalis\u00e9es disponibles<\/li>\n<\/ul>\n<div class=\"wptm_table tablesorter-bootstrap \" data-id=\"35\" data-hightlight=\"0\"><div class=\"wptm_buttons buttons_wptmTbl35\"><\/div><div class=\"wptmresponsive dataTables-wptmtable wptmtable \" id=\"wptmtable35\" data-tableid=\"wptmTbl35\"><table data-count-header=\"1\"  data-format-decimal_count=\"0\" data-format-decimal_symbol=\".\" data-format-symbol_position=\"0\" data-format-thousand_symbol=\",\"  data-format-currency_symbol=\"$\"  data-name-style=\"35_1759662703.css\" data-format=\"YYYY-MM-DD\" id=\"wptmTbl35\" data-id=\"35\" data-responsive=\"false\" data-hideCols=\"false\"  data-type=\"html\" data-paging=\"false\" data-searching=\"true\"  data-ordering=\"false\" data-table-breakpoint=\"980\" data-scroll-x=\"true\" data-scroll-collapse=\"true\" data-align=\"center\" data-range=\"[]\" data-hideColumn=\"[0,0,0,0,0,0,0]\"  data-colwidths=\"[162,162,162,162,162,162,162]\"  data-colwidths_desktop=[]  data-colwidths_tablet=[]  data-colwidths_mobile=[]  class=\"wptm_main_table  disablePager hideScrollHeader\"><colgroup><col data-dtr=\"0\" data-dtc=\"0\" class=\"dtc0\"><col data-dtr=\"0\" data-dtc=\"1\" class=\"dtc1\"><col data-dtr=\"0\" data-dtc=\"2\" class=\"dtc2\"><col data-dtr=\"0\" data-dtc=\"3\" class=\"dtc3\"><col data-dtr=\"0\" data-dtc=\"4\" class=\"dtc4\"><col data-dtr=\"0\" data-dtc=\"5\" class=\"dtc5\"><col data-dtr=\"0\" data-dtc=\"6\" class=\"dtc6\"><\/colgroup><thead><tr class=\"wptm-header-cells-index\"><th rowspan=\"1\" colspan=\"1\" data-dtr=\"0\" data-dtc=\"0\" class=\"dtr0 dtc0\"><\/th><th rowspan=\"1\" colspan=\"1\" data-dtr=\"0\" data-dtc=\"1\" class=\"dtr0 dtc1\"><\/th><th rowspan=\"1\" colspan=\"1\" data-dtr=\"0\" data-dtc=\"2\" class=\"dtr0 dtc2\"><\/th><th rowspan=\"1\" colspan=\"1\" data-dtr=\"0\" data-dtc=\"3\" class=\"dtr0 dtc3\"><\/th><th rowspan=\"1\" colspan=\"1\" data-dtr=\"0\" data-dtc=\"4\" class=\"dtr0 dtc4\"><\/th><th rowspan=\"1\" colspan=\"1\" data-dtr=\"0\" data-dtc=\"5\" class=\"dtr0 dtc5\"><\/th><th rowspan=\"1\" colspan=\"1\" data-dtr=\"0\" data-dtc=\"6\" class=\"dtr0 dtc6\"><\/th><\/tr><tr class=\" row0\"><th   data-priority=\"0\" class=\"dtr0 dtc0\"><\/th><th   data-priority=\"0\" class=\"dtr0 dtc1\">OF 1500<\/th><th   data-priority=\"0\" class=\"dtr0 dtc2\">OF 1200<\/th><th   data-priority=\"0\" class=\"dtr0 dtc3\">OF 1100<\/th><th   data-priority=\"0\" class=\"dtr0 dtc4\">OF 1000<\/th><th   data-priority=\"0\" class=\"dtr0 dtc5\">OF 750<\/th><th   data-priority=\"0\" class=\"dtr0 dtc6\">OF 500<\/th><\/thead><tbody><tr class=\" row1\"><td    class=\"dtr1 dtc0\">Application Area<\/td><td    class=\"dtr1 dtc1\">Offshore<\/td><td    class=\"dtr1 dtc2\">Offshore<\/td><td    class=\"dtr1 dtc3\">Harbour, Coastal<\/td><td    class=\"dtr1 dtc4\">Harbour, Inshore<\/td><td    class=\"dtr1 dtc5\">Harbour, Inshore<\/td><td    class=\"dtr1 dtc6\">Lake, River, Pond<\/td><\/tr><tr class=\" row2\"><td    class=\"dtr2 dtc0\">Overall Height<\/td><td    class=\"dtr2 dtc1\">1500 mm<\/td><td    class=\"dtr2 dtc2\">1200 mm<\/td><td    class=\"dtr2 dtc3\">1100 mm<\/td><td    class=\"dtr2 dtc4\">1000 mm<\/td><td    class=\"dtr2 dtc5\">750 mm<\/td><td    class=\"dtr2 dtc6\">500 mm<\/td><\/tr><tr class=\" row3\"><td    class=\"dtr3 dtc0\">Freeboard<\/td><td    class=\"dtr3 dtc1\">500 mm<\/td><td    class=\"dtr3 dtc2\">400 mm<\/td><td    class=\"dtr3 dtc3\">350 mm<\/td><td    class=\"dtr3 dtc4\">300 mm<\/td><td    class=\"dtr3 dtc5\">250 mm<\/td><td    class=\"dtr3 dtc6\">200 mm<\/td><\/tr><tr class=\" row4\"><td    class=\"dtr4 dtc0\">Draft<\/td><td    class=\"dtr4 dtc1\">1000 mm<\/td><td    class=\"dtr4 dtc2\">800 mm<\/td><td    class=\"dtr4 dtc3\">750 mm<\/td><td    class=\"dtr4 dtc4\">700 mm<\/td><td    class=\"dtr4 dtc5\">500 mm<\/td><td    class=\"dtr4 dtc6\">300 mm<\/td><\/tr><tr class=\" row5\"><td    class=\"dtr5 dtc0\">Fabric Material<\/td><td  colspan=\"6\"   class=\"dtr5 dtc1\">1100 dtex, PVC (Standard) | PU (Optional)<\/td><td  style=\"display: none\"   class=\"dtr5 dtc2\"><\/td><td  style=\"display: none\"   class=\"dtr5 dtc3\"><\/td><td  style=\"display: none\"   class=\"dtr5 dtc4\"><\/td><td  style=\"display: none\"   class=\"dtr5 dtc5\"><\/td><td  style=\"display: none\"   class=\"dtr5 dtc6\"><\/td><\/tr><tr class=\" row6\"><td    class=\"dtr6 dtc0\">Fabric Weight<\/td><td    class=\"dtr6 dtc1\">650 g\/m\u00b2<\/td><td    class=\"dtr6 dtc2\">650 g\/m\u00b2<\/td><td    class=\"dtr6 dtc3\">650 g\/m\u00b2<\/td><td    class=\"dtr6 dtc4\">650 g\/m\u00b2<\/td><td    class=\"dtr6 dtc5\">650 g\/m\u00b2<\/td><td    class=\"dtr6 dtc6\">650 g\/m\u00b2<\/td><\/tr><tr class=\" row7\"><td    class=\"dtr7 dtc0\">Tensile Strenght<\/td><td    class=\"dtr7 dtc1\">2100 N\/5 cm<\/td><td    class=\"dtr7 dtc2\">2100 N\/5 cm<\/td><td    class=\"dtr7 dtc3\">2100 N\/5 cm<\/td><td    class=\"dtr7 dtc4\">2100 N\/5 cm<\/td><td    class=\"dtr7 dtc5\">2100 N\/5 cm<\/td><td    class=\"dtr7 dtc6\">2100 N\/5 cm<\/td><\/tr><tr class=\" row8\"><td    class=\"dtr8 dtc0\">Ballast<\/td><td  colspan=\"6\"   class=\"dtr8 dtc1\">Galvanized Chain<\/td><td  style=\"display: none\"   class=\"dtr8 dtc2\"><\/td><td  style=\"display: none\"   class=\"dtr8 dtc3\"><\/td><td  style=\"display: none\"   class=\"dtr8 dtc4\"><\/td><td  style=\"display: none\"   class=\"dtr8 dtc5\"><\/td><td  style=\"display: none\"   class=\"dtr8 dtc6\"><\/td><\/tr><tr class=\" row9\"><td    class=\"dtr9 dtc0\">Section Length<\/td><td    class=\"dtr9 dtc1\">25 m<\/td><td    class=\"dtr9 dtc2\">25 m<\/td><td    class=\"dtr9 dtc3\">25 m<\/td><td    class=\"dtr9 dtc4\">25 m<\/td><td    class=\"dtr9 dtc5\">25 m<\/td><td    class=\"dtr9 dtc6\">25 m<\/td><\/tr><tr class=\" row10\"><td    class=\"dtr10 dtc0\">Connector<\/td><td  colspan=\"6\"   class=\"dtr10 dtc1\">ASTM Z or ASTM Universal<\/td><td  style=\"display: none\"   class=\"dtr10 dtc2\"><\/td><td  style=\"display: none\"   class=\"dtr10 dtc3\"><\/td><td  style=\"display: none\"   class=\"dtr10 dtc4\"><\/td><td  style=\"display: none\"   class=\"dtr10 dtc5\"><\/td><td  style=\"display: none\"   class=\"dtr10 dtc6\"><\/td><\/tr><\/tbody><tfoot><tr><td class=\"dtr10 dtc0\" style=\"height: 0;\"><\/td><td class=\"dtr10 dtc1\" style=\"height: 0;\"><\/td><td class=\"dtr10 dtc2\" style=\"height: 0;\"><\/td><td class=\"dtr10 dtc3\" style=\"height: 0;\"><\/td><td class=\"dtr10 dtc4\" style=\"height: 0;\"><\/td><td class=\"dtr10 dtc5\" style=\"height: 0;\"><\/td><td class=\"dtr10 dtc6\" style=\"height: 0;\"><\/td><\/tr><\/tfoot><\/table><\/div><style>#wptmtable35 .dataTables_wrapper > .dataTables_scroll {max-height:500px;overflow: auto;}<\/style><script>window.wptm_ajaxurl = 'https:\/\/mavideniz.com.tr\/wp-admin\/admin-ajax.php?juwpfisadmin=false&action=Wptm&'; window.wptm_front = 'https:\/\/mavideniz.com.tr\/wp-content\/plugins\/wp-table-manager\/app\/site\/assets\/'; window.wptm_style = 'https:\/\/mavideniz.com.tr\/wp-content\/uploads\/wptm\/';<\/script><\/div><style><\/style>\n","protected":false},"excerpt":{"rendered":"<p>Le barrage de Mavi Deniz est un barrage flottant robuste qui offre un confinement du p\u00e9trole \u00e9conomique et \u00e9prouv\u00e9. Le [&hellip;]<\/p>\n","protected":false},"author":1,"featured_media":0,"parent":39844,"menu_order":0,"comment_status":"closed","ping_status":"closed","template":"","meta":{"site-sidebar-layout":"default","site-content-layout":"","ast-site-content-layout":"default","site-content-style":"default","site-sidebar-style":"default","ast-global-header-display":"","ast-banner-title-visibility":"","ast-main-header-display":"","ast-hfb-above-header-display":"","ast-hfb-below-header-display":"","ast-hfb-mobile-header-display":"","site-post-title":"","ast-breadcrumbs-content":"","ast-featured-img":"","footer-sml-layout":"","ast-disable-related-posts":"","theme-transparent-header-meta":"","adv-header-id-meta":"","stick-header-meta":"","header-above-stick-meta":"","header-main-stick-meta":"","header-below-stick-meta":"","astra-migrate-meta-layouts":"default","ast-page-background-enabled":"default","ast-page-background-meta":{"desktop":{"background-color":"var(--ast-global-color-5)","background-image":"","background-repeat":"repeat","background-position":"center center","background-size":"auto","background-attachment":"scroll","background-type":"","background-media":"","overlay-type":"","overlay-color":"","overlay-opacity":"","overlay-gradient":""},"tablet":{"background-color":"","background-image":"","background-repeat":"repeat","background-position":"center center","background-size":"auto","background-attachment":"scroll","background-type":"","background-media":"","overlay-type":"","overlay-color":"","overlay-opacity":"","overlay-gradient":""},"mobile":{"background-color":"","background-image":"","background-repeat":"repeat","background-position":"center center","background-size":"auto","background-attachment":"scroll","background-type":"","background-media":"","overlay-type":"","overlay-color":"","overlay-opacity":"","overlay-gradient":""}},"ast-content-background-meta":{"desktop":{"background-color":"var(--ast-global-color-4)","background-image":"","background-repeat":"repeat","background-position":"center center","background-size":"auto","background-attachment":"scroll","background-type":"","background-media":"","overlay-type":"","overlay-color":"","overlay-opacity":"","overlay-gradient":""},"tablet":{"background-color":"var(--ast-global-color-4)","background-image":"","background-repeat":"repeat","background-position":"center center","background-size":"auto","background-attachment":"scroll","background-type":"","background-media":"","overlay-type":"","overlay-color":"","overlay-opacity":"","overlay-gradient":""},"mobile":{"background-color":"var(--ast-global-color-4)","background-image":"","background-repeat":"repeat","background-position":"center center","background-size":"auto","background-attachment":"scroll","background-type":"","background-media":"","overlay-type":"","overlay-color":"","overlay-opacity":"","overlay-gradient":""}},"footnotes":""},"class_list":["post-39863","page","type-page","status-publish","hentry"],"_links":{"self":[{"href":"https:\/\/mavideniz.com.tr\/fr\/wp-json\/wp\/v2\/pages\/39863","targetHints":{"allow":["GET"]}}],"collection":[{"href":"https:\/\/mavideniz.com.tr\/fr\/wp-json\/wp\/v2\/pages"}],"about":[{"href":"https:\/\/mavideniz.com.tr\/fr\/wp-json\/wp\/v2\/types\/page"}],"author":[{"embeddable":true,"href":"https:\/\/mavideniz.com.tr\/fr\/wp-json\/wp\/v2\/users\/1"}],"replies":[{"embeddable":true,"href":"https:\/\/mavideniz.com.tr\/fr\/wp-json\/wp\/v2\/comments?post=39863"}],"version-history":[{"count":0,"href":"https:\/\/mavideniz.com.tr\/fr\/wp-json\/wp\/v2\/pages\/39863\/revisions"}],"up":[{"embeddable":true,"href":"https:\/\/mavideniz.com.tr\/fr\/wp-json\/wp\/v2\/pages\/39844"}],"wp:attachment":[{"href":"https:\/\/mavideniz.com.tr\/fr\/wp-json\/wp\/v2\/media?parent=39863"}],"curies":[{"name":"wp","href":"https:\/\/api.w.org\/{rel}","templated":true}]}}