{"id":39867,"date":"2022-10-13T17:31:53","date_gmt":"2022-10-13T17:31:53","guid":{"rendered":"https:\/\/mavideniz.com.tr\/?page_id=39867"},"modified":"2024-05-05T18:50:39","modified_gmt":"2024-05-05T18:50:39","slug":"boom-petrolier-de-la-riviere-_-boom-de-lentrepreneur","status":"publish","type":"page","link":"https:\/\/mavideniz.com.tr\/fr\/produits-industriels\/barrage-petrolier-barriere\/fleche-de-confinement-dhuile\/boom-petrolier-de-la-riviere-_-boom-de-lentrepreneur\/","title":{"rendered":"Boom p\u00e9trolier de la rivi\u00e8re"},"content":{"rendered":"\n<p>Le boom de la rivi\u00e8re de Mavi Deniz est un boom de flottation robuste, un confinement du p\u00e9trole \u00e9conomique et \u00e9prouv\u00e9. Le mod\u00e8le de la rivi\u00e8re Boom va des eaux calmes abrit\u00e9es et des conditions de faible courant au confinement du p\u00e9trole en eau libre \u00e0 courant \u00e9lev\u00e9.<\/p>\n<p>Mavi Deniz River Boom est une rampe sp\u00e9ciale pour les entrepreneurs polyvalente et polyvalente con\u00e7ue pour diff\u00e9rentes applications d&rsquo;intervention en cas de d\u00e9versement dans les eaux int\u00e9rieures. Le franc-bord du River Boom est maintenu avec des flotteurs en mousse cylindriques. La flottaison en mousse cylindrique a un faisceau de ligne de flottaison plus \u00e9lev\u00e9, est plus stable et offre plus de flottabilit\u00e9 et une performance accrue dans des conditions plus rudes que les estacades de type cl\u00f4ture. La rampe cylindrique pr\u00e9sente un rapport flottabilit\u00e9\/poids \u00e9lev\u00e9, et m\u00eame la forme de la rampe \u00e0 huile offre une excellente stabilit\u00e9 dans des conditions de vagues et de vent.<\/p>\n<p>River Boom est disponible en cinq tailles diff\u00e9rentes. ( 1 000 mm \/ 900 mm \/ 750 mm \/ 600 mm \/ 500 mm \/ 250 mm )<\/p>\n<p>Un \u00e9l\u00e9ment de tension sup\u00e9rieur suppl\u00e9mentaire en option offre une r\u00e9sistance \u00e0 la traction suppl\u00e9mentaire et rend la fl\u00e8che plus stable en cas de courants rapides. Une lourde cha\u00eene de ballast assure que la jupe de la fl\u00e8che ne se soul\u00e8ve pas dans les courants rapides.<\/p>\n<p>River Boom a des tissus enduits de PVC ou de PU r\u00e9sistants aux hydrocarbures, aux produits chimiques et aux conditions m\u00e9t\u00e9orologiques. La fl\u00e8che cylindrique est \u00e9quip\u00e9e de connecteurs ASTM.<\/p>\n<p><strong>Caract\u00e9ristiques<\/strong><\/p>\n<ul>\n<li>River Boom est id\u00e9al pour les op\u00e9rations dans les ports, les ports, les lacs, les rivi\u00e8res, les cours d&rsquo;eau, l&rsquo;int\u00e9rieur des terres et les zones c\u00f4ti\u00e8res o\u00f9 une r\u00e9ponse rapide est n\u00e9cessaire.<\/li>\n<li>River Boom est disponible dans une large gamme de tissus robustes \/ PU.<\/li>\n<li>Avec flottaison en mousse cylindrique ( HDPE ) pour des caract\u00e9ristiques de m\u00e9moire maximales.<\/li>\n<li>Il conservera sa forme et ne se brisera pas en morceaux.<\/li>\n<li>Connecteurs en aluminium de qualit\u00e9 marine de style ASTM r\u00e9sistant \u00e0 la corrosion.<\/li>\n<li>Cha\u00eene de ballast\/blocs de plomb en acier galvanis\u00e9 r\u00e9sistant.<\/li>\n<li>Tailles personnalis\u00e9es disponibles.<\/li>\n<\/ul>\n<div class=\"wptm_table tablesorter-bootstrap \" data-id=\"45\" data-hightlight=\"0\"><div class=\"wptm_buttons buttons_wptmTbl45\"><\/div><div class=\"wptmresponsive dataTables-wptmtable wptmtable \" id=\"wptmtable45\" data-tableid=\"wptmTbl45\"><table data-count-header=\"1\"  data-format-decimal_count=\"0\" data-format-decimal_symbol=\".\" data-format-symbol_position=\"0\" data-format-thousand_symbol=\",\"  data-format-currency_symbol=\"$\"  data-name-style=\"45_1759662004.css\" data-format=\"YYYY-MM-DD\" id=\"wptmTbl45\" data-id=\"45\" data-responsive=\"false\" data-hideCols=\"false\"  data-type=\"html\" data-paging=\"false\" data-searching=\"true\"  data-ordering=\"false\" data-table-breakpoint=\"980\" data-scroll-x=\"true\" data-scroll-collapse=\"true\" data-align=\"center\" data-range=\"[]\" data-hideColumn=\"[0,0,0,0,0,0,0]\"  data-colwidths=\"[162,162,162,162,162,162,162]\"  data-colwidths_desktop=[]  data-colwidths_tablet=[]  data-colwidths_mobile=[]  class=\"wptm_main_table  disablePager hideScrollHeader\"><colgroup><col data-dtr=\"0\" data-dtc=\"0\" class=\"dtc0\"><col data-dtr=\"0\" data-dtc=\"1\" class=\"dtc1\"><col data-dtr=\"0\" data-dtc=\"2\" class=\"dtc2\"><col data-dtr=\"0\" data-dtc=\"3\" class=\"dtc3\"><col data-dtr=\"0\" data-dtc=\"4\" class=\"dtc4\"><col data-dtr=\"0\" data-dtc=\"5\" class=\"dtc5\"><col data-dtr=\"0\" data-dtc=\"6\" class=\"dtc6\"><\/colgroup><thead><tr class=\"wptm-header-cells-index\"><th rowspan=\"1\" colspan=\"1\" data-dtr=\"0\" data-dtc=\"0\" class=\"dtr0 dtc0\"><\/th><th rowspan=\"1\" colspan=\"1\" data-dtr=\"0\" data-dtc=\"1\" class=\"dtr0 dtc1\"><\/th><th rowspan=\"1\" colspan=\"1\" data-dtr=\"0\" data-dtc=\"2\" class=\"dtr0 dtc2\"><\/th><th rowspan=\"1\" colspan=\"1\" data-dtr=\"0\" data-dtc=\"3\" class=\"dtr0 dtc3\"><\/th><th rowspan=\"1\" colspan=\"1\" data-dtr=\"0\" data-dtc=\"4\" class=\"dtr0 dtc4\"><\/th><th rowspan=\"1\" colspan=\"1\" data-dtr=\"0\" data-dtc=\"5\" class=\"dtr0 dtc5\"><\/th><th rowspan=\"1\" colspan=\"1\" data-dtr=\"0\" data-dtc=\"6\" class=\"dtr0 dtc6\"><\/th><\/tr><tr class=\" row0\"><th   data-priority=\"0\" class=\"dtr0 dtc0\"><\/th><th   data-priority=\"0\" class=\"dtr0 dtc1\">OR 250<\/th><th   data-priority=\"0\" class=\"dtr0 dtc2\">OR 500<\/th><th   data-priority=\"0\" class=\"dtr0 dtc3\">OR 600<\/th><th   data-priority=\"0\" class=\"dtr0 dtc4\">OR 750<\/th><th   data-priority=\"0\" class=\"dtr0 dtc5\">OR 900<\/th><th   data-priority=\"0\" class=\"dtr0 dtc6\">OR 1000<\/th><\/thead><tbody><tr class=\" row1\"><td    class=\"dtr1 dtc0\">Application Area<\/td><td    class=\"dtr1 dtc1\">River<\/td><td    class=\"dtr1 dtc2\">River<\/td><td    class=\"dtr1 dtc3\">River<\/td><td    class=\"dtr1 dtc4\">River<\/td><td    class=\"dtr1 dtc5\">River<\/td><td    class=\"dtr1 dtc6\">River<\/td><\/tr><tr class=\" row2\"><td    class=\"dtr2 dtc0\">Overall height<\/td><td    class=\"dtr2 dtc1\">250 mm<\/td><td    class=\"dtr2 dtc2\">500 mm<\/td><td    class=\"dtr2 dtc3\">600 mm<\/td><td    class=\"dtr2 dtc4\">750 mm<\/td><td    class=\"dtr2 dtc5\">900 mm<\/td><td    class=\"dtr2 dtc6\">1000 mm<\/td><\/tr><tr class=\" row3\"><td    class=\"dtr3 dtc0\">Freeboard<\/td><td    class=\"dtr3 dtc1\">100 mm<\/td><td    class=\"dtr3 dtc2\">180 mm<\/td><td    class=\"dtr3 dtc3\">200 mm<\/td><td    class=\"dtr3 dtc4\">250 mm<\/td><td    class=\"dtr3 dtc5\">300 mm<\/td><td    class=\"dtr3 dtc6\">300 mm<\/td><\/tr><tr class=\" row4\"><td    class=\"dtr4 dtc0\">Draft<\/td><td    class=\"dtr4 dtc1\">150 mm<\/td><td    class=\"dtr4 dtc2\">320 mm<\/td><td    class=\"dtr4 dtc3\">400 mm<\/td><td    class=\"dtr4 dtc4\">500 mm<\/td><td    class=\"dtr4 dtc5\">600 mm<\/td><td    class=\"dtr4 dtc6\">700 mm<\/td><\/tr><tr class=\" row5\"><td    class=\"dtr5 dtc0\">Fabric Material<\/td><td  colspan=\"6\"   class=\"dtr5 dtc1\">1100 dtex, PVC (Standard) | PU (Optional)<\/td><td  style=\"display: none\"   class=\"dtr5 dtc2\"><\/td><td  style=\"display: none\"   class=\"dtr5 dtc3\"><\/td><td  style=\"display: none\"   class=\"dtr5 dtc4\"><\/td><td  style=\"display: none\"   class=\"dtr5 dtc5\"><\/td><td  style=\"display: none\"   class=\"dtr5 dtc6\"><\/td><\/tr><tr class=\" row6\"><td    class=\"dtr6 dtc0\">Fabric Weight<\/td><td    class=\"dtr6 dtc1\">900 g\/m\u00b2<\/td><td    class=\"dtr6 dtc2\">900 g\/m\u00b2<\/td><td    class=\"dtr6 dtc3\">900 g\/m\u00b2<\/td><td    class=\"dtr6 dtc4\">900 g\/m\u00b2<\/td><td    class=\"dtr6 dtc5\">900 g\/m\u00b2<\/td><td    class=\"dtr6 dtc6\">900 g\/m\u00b2<\/td><\/tr><tr class=\" row7\"><td    class=\"dtr7 dtc0\">Tensile Strenght<\/td><td    class=\"dtr7 dtc1\">4000 N\/5 cm<\/td><td    class=\"dtr7 dtc2\">4000 N\/5 cm<\/td><td    class=\"dtr7 dtc3\">4000 N\/5 cm<\/td><td    class=\"dtr7 dtc4\">2100 N\/5 cm<\/td><td    class=\"dtr7 dtc5\">4000 N\/5 cm<\/td><td    class=\"dtr7 dtc6\">4000 N\/5 cm<\/td><\/tr><tr class=\" row8\"><td    class=\"dtr8 dtc0\">Ballast<\/td><td  colspan=\"6\"   class=\"dtr8 dtc1\">Galvanized Chain<\/td><td  style=\"display: none\"   class=\"dtr8 dtc2\"><\/td><td  style=\"display: none\"   class=\"dtr8 dtc3\"><\/td><td  style=\"display: none\"   class=\"dtr8 dtc4\"><\/td><td  style=\"display: none\"   class=\"dtr8 dtc5\"><\/td><td  style=\"display: none\"   class=\"dtr8 dtc6\"><\/td><\/tr><tr class=\" row9\"><td    class=\"dtr9 dtc0\">Section Length<\/td><td    class=\"dtr9 dtc1\">25 m<\/td><td    class=\"dtr9 dtc2\">25 m<\/td><td    class=\"dtr9 dtc3\">25 m<\/td><td    class=\"dtr9 dtc4\">25 m<\/td><td    class=\"dtr9 dtc5\">25 m<\/td><td    class=\"dtr9 dtc6\">25 m<\/td><\/tr><tr class=\" row10\"><td    class=\"dtr10 dtc0\">Connector<\/td><td  colspan=\"6\"   class=\"dtr10 dtc1\">ASTM Z or ASTM Universal<\/td><td  style=\"display: none\"   class=\"dtr10 dtc2\"><\/td><td  style=\"display: none\"   class=\"dtr10 dtc3\"><\/td><td  style=\"display: none\"   class=\"dtr10 dtc4\"><\/td><td  style=\"display: none\"   class=\"dtr10 dtc5\"><\/td><td  style=\"display: none\"   class=\"dtr10 dtc6\"><\/td><\/tr><\/tbody><tfoot><tr><td class=\"dtr10 dtc0\" style=\"height: 0;\"><\/td><td class=\"dtr10 dtc1\" style=\"height: 0;\"><\/td><td class=\"dtr10 dtc2\" style=\"height: 0;\"><\/td><td class=\"dtr10 dtc3\" style=\"height: 0;\"><\/td><td class=\"dtr10 dtc4\" style=\"height: 0;\"><\/td><td class=\"dtr10 dtc5\" style=\"height: 0;\"><\/td><td class=\"dtr10 dtc6\" style=\"height: 0;\"><\/td><\/tr><\/tfoot><\/table><\/div><style>#wptmtable45 .dataTables_wrapper > .dataTables_scroll {max-height:500px;overflow: auto;}<\/style><script>window.wptm_ajaxurl = 'https:\/\/mavideniz.com.tr\/wp-admin\/admin-ajax.php?juwpfisadmin=false&action=Wptm&'; window.wptm_front = 'https:\/\/mavideniz.com.tr\/wp-content\/plugins\/wp-table-manager\/app\/site\/assets\/'; window.wptm_style = 'https:\/\/mavideniz.com.tr\/wp-content\/uploads\/wptm\/';<\/script><\/div><style><\/style>\n","protected":false},"excerpt":{"rendered":"<p>Le boom de la rivi\u00e8re de Mavi Deniz est un boom de flottation robuste, un confinement du p\u00e9trole \u00e9conomique et [&hellip;]<\/p>\n","protected":false},"author":1,"featured_media":0,"parent":39844,"menu_order":0,"comment_status":"closed","ping_status":"closed","template":"","meta":{"site-sidebar-layout":"default","site-content-layout":"","ast-site-content-layout":"default","site-content-style":"default","site-sidebar-style":"default","ast-global-header-display":"","ast-banner-title-visibility":"","ast-main-header-display":"","ast-hfb-above-header-display":"","ast-hfb-below-header-display":"","ast-hfb-mobile-header-display":"","site-post-title":"","ast-breadcrumbs-content":"","ast-featured-img":"","footer-sml-layout":"","ast-disable-related-posts":"","theme-transparent-header-meta":"","adv-header-id-meta":"","stick-header-meta":"","header-above-stick-meta":"","header-main-stick-meta":"","header-below-stick-meta":"","astra-migrate-meta-layouts":"default","ast-page-background-enabled":"default","ast-page-background-meta":{"desktop":{"background-color":"var(--ast-global-color-5)","background-image":"","background-repeat":"repeat","background-position":"center center","background-size":"auto","background-attachment":"scroll","background-type":"","background-media":"","overlay-type":"","overlay-color":"","overlay-opacity":"","overlay-gradient":""},"tablet":{"background-color":"","background-image":"","background-repeat":"repeat","background-position":"center center","background-size":"auto","background-attachment":"scroll","background-type":"","background-media":"","overlay-type":"","overlay-color":"","overlay-opacity":"","overlay-gradient":""},"mobile":{"background-color":"","background-image":"","background-repeat":"repeat","background-position":"center center","background-size":"auto","background-attachment":"scroll","background-type":"","background-media":"","overlay-type":"","overlay-color":"","overlay-opacity":"","overlay-gradient":""}},"ast-content-background-meta":{"desktop":{"background-color":"var(--ast-global-color-4)","background-image":"","background-repeat":"repeat","background-position":"center center","background-size":"auto","background-attachment":"scroll","background-type":"","background-media":"","overlay-type":"","overlay-color":"","overlay-opacity":"","overlay-gradient":""},"tablet":{"background-color":"var(--ast-global-color-4)","background-image":"","background-repeat":"repeat","background-position":"center center","background-size":"auto","background-attachment":"scroll","background-type":"","background-media":"","overlay-type":"","overlay-color":"","overlay-opacity":"","overlay-gradient":""},"mobile":{"background-color":"var(--ast-global-color-4)","background-image":"","background-repeat":"repeat","background-position":"center center","background-size":"auto","background-attachment":"scroll","background-type":"","background-media":"","overlay-type":"","overlay-color":"","overlay-opacity":"","overlay-gradient":""}},"footnotes":""},"class_list":["post-39867","page","type-page","status-publish","hentry"],"_links":{"self":[{"href":"https:\/\/mavideniz.com.tr\/fr\/wp-json\/wp\/v2\/pages\/39867","targetHints":{"allow":["GET"]}}],"collection":[{"href":"https:\/\/mavideniz.com.tr\/fr\/wp-json\/wp\/v2\/pages"}],"about":[{"href":"https:\/\/mavideniz.com.tr\/fr\/wp-json\/wp\/v2\/types\/page"}],"author":[{"embeddable":true,"href":"https:\/\/mavideniz.com.tr\/fr\/wp-json\/wp\/v2\/users\/1"}],"replies":[{"embeddable":true,"href":"https:\/\/mavideniz.com.tr\/fr\/wp-json\/wp\/v2\/comments?post=39867"}],"version-history":[{"count":0,"href":"https:\/\/mavideniz.com.tr\/fr\/wp-json\/wp\/v2\/pages\/39867\/revisions"}],"up":[{"embeddable":true,"href":"https:\/\/mavideniz.com.tr\/fr\/wp-json\/wp\/v2\/pages\/39844"}],"wp:attachment":[{"href":"https:\/\/mavideniz.com.tr\/fr\/wp-json\/wp\/v2\/media?parent=39867"}],"curies":[{"name":"wp","href":"https:\/\/api.w.org\/{rel}","templated":true}]}}