{"id":39872,"date":"2022-10-13T17:33:58","date_gmt":"2022-10-13T17:33:58","guid":{"rendered":"https:\/\/mavideniz.com.tr\/?page_id=39872"},"modified":"2022-10-13T17:34:04","modified_gmt":"2022-10-13T17:34:04","slug":"fleche-petroliere-gonflable-en-caoutchouc-gonflage-a-point-unique","status":"publish","type":"page","link":"https:\/\/mavideniz.com.tr\/fr\/produits-industriels\/barrage-petrolier-barriere\/fleche-de-confinement-dhuile\/fleche-petroliere-gonflable-en-caoutchouc-gonflage-a-point-unique\/","title":{"rendered":"Fl\u00e8che p\u00e9troli\u00e8re gonflable en caoutchouc + gonflage \u00e0 point unique"},"content":{"rendered":"\n<p>La rampe d&rsquo;huile gonflable en caoutchouc de Mavi Deniz est con\u00e7ue pour les op\u00e9rations de d\u00e9versement d&rsquo;huile afin d&rsquo;utiliser diverses conditions d&rsquo;eau abrit\u00e9e pour ouvrir les vagues de l&rsquo;oc\u00e9an.<\/p>\n<p>Le caoutchouc Air Boom est une rampe d&rsquo;huile gonfl\u00e9e \u00e0 l&rsquo;air avec tous les avantages de l&rsquo;AirBoom conventionnel plus une r\u00e9sistance accrue aux UV et d&rsquo;excellentes caract\u00e9ristiques de gonflage. La rampe gonflable en caoutchouc est une rampe robuste qui r\u00e9siste \u00e0 l&rsquo;huile, \u00e0 l&rsquo;usure, \u00e0 l&rsquo;eau de mer et aux UV.<\/p>\n<p>La rampe d&rsquo;huile gonflable en caoutchouc est fabriqu\u00e9e \u00e0 partir de n\u00e9opr\u00e8ne vulcanis\u00e9 ou d&rsquo;hypalon avec une ou deux couches d&rsquo;huile et une r\u00e9sistance aux UV sur le tissu synth\u00e9tique. La rampe gonflable en caoutchouc est con\u00e7ue avec une structure robuste \u00e0 haute flottabilit\u00e9, une conduite parfaite des vagues et un d\u00e9ploiement stable dans les op\u00e9rations de balayage d&rsquo;huile et des caract\u00e9ristiques de r\u00e9tention d&rsquo;huile dans toutes les conditions climatiques, y compris les conditions glac\u00e9es.<\/p>\n<p>La conception segment\u00e9e de la rampe gonflable en caoutchouc signifie que les dommages \u00e0 une section de rampe unique n\u2019entra\u00eeneront pas de perte d\u2019int\u00e9grit\u00e9 de la rampe. Le mat\u00e9riau n\u00e9opr\u00e8ne durable peut \u00eatre rapidement r\u00e9par\u00e9 sur le terrain en cas de dommages.<\/p>\n<p><strong>Rampe d&rsquo;huile gonflable en caoutchouc \u00e0 point unique<\/strong><\/p>\n<p>Chaque section comporte des chambres \u00e0 air individuelles, et chaque chambre est reli\u00e9e au syst\u00e8me de remplissage d&rsquo;air de rail standard par l&rsquo;interm\u00e9diaire d&rsquo;un clapet anti-retour. Les chambres ont une vanne de grande capacit\u00e9 mont\u00e9e pour d\u00e9gonfler lors de la r\u00e9cup\u00e9ration de la fl\u00e8che. Dans le cas peu probable o\u00f9 le syst\u00e8me de gonflage \u00e0 point unique \u00e9choue, cette soupape d&rsquo;air offre une solution de gonflage de secours similaire aux rampes \u00e0 huile gonfl\u00e9es \u00e0 l&rsquo;air ordinaires.<\/p>\n<p><strong>Rampe \u00e0 huile gonflable en caoutchouc standard<\/strong><\/p>\n<p>Les chambres \u00e0 air sont gonfl\u00e9es section par section \u00e0 travers un sac \u00e0 dos \/ ventilateur standard.<\/p>\n<p><strong>Caract\u00e9ristiques<\/strong><\/p>\n<ul>\n<li>La rampe d&rsquo;huile gonflable en caoutchouc est id\u00e9ale pour les op\u00e9rations dans les baies, les ports, les ports int\u00e9rieurs plus calmes et les vagues oc\u00e9aniques mod\u00e9r\u00e9es \u00e0 ouvertes.<\/li>\n<li>La rampe d&rsquo;huile gonflable en caoutchouc est disponible dans une large gamme de n\u00e9opr\u00e8ne vulcanis\u00e9 ou d&rsquo;hypalon avec une ou deux couches de tissus de renfort.<\/li>\n<li>Flottabilit\u00e9 \u00e9lev\u00e9e<\/li>\n<li>Gonflement rapide, chambres de flottabilit\u00e9 \u00e9tanches.<\/li>\n<li>Chambres de flottabilit\u00e9 ind\u00e9pendantes et segment\u00e9es.<\/li>\n<li>La fl\u00e8che est r\u00e9sistante \u00e0 l&rsquo;huile, \u00e0 l&rsquo;usure, \u00e0 l&rsquo;eau de mer et aux UV.<\/li>\n<li>Connecteurs en aluminium de qualit\u00e9 marine de style ASTM r\u00e9sistant \u00e0 la corrosion.<\/li>\n<li>Cha\u00eene de ballast en acier galvanis\u00e9 robuste ferm\u00e9e.<\/li>\n<li>Tailles personnalis\u00e9es disponibles<\/li>\n<\/ul>\n<p><strong>Rampe \u00e0 huile gonflable en caoutchouc standard<\/strong><\/p>\n<div class=\"wptm_table tablesorter-bootstrap \" data-id=\"46\" data-hightlight=\"0\"><div class=\"wptm_buttons buttons_wptmTbl46\"><\/div><div class=\"wptmresponsive dataTables-wptmtable wptmtable \" id=\"wptmtable46\" data-tableid=\"wptmTbl46\"><table data-count-header=\"1\"  data-format-decimal_count=\"0\" data-format-decimal_symbol=\".\" data-format-symbol_position=\"0\" data-format-thousand_symbol=\",\"  data-format-currency_symbol=\"$\"  data-name-style=\"46_1759670799.css\" data-format=\"YYYY-MM-DD\" id=\"wptmTbl46\" data-id=\"46\" data-responsive=\"false\" data-hideCols=\"false\"  data-type=\"html\" data-paging=\"false\" data-searching=\"true\"  data-ordering=\"false\" data-table-breakpoint=\"980\" data-scroll-x=\"true\" data-scroll-collapse=\"true\" data-align=\"center\" data-range=\"[]\" data-hideColumn=\"[0,0,0,0,0,0,0]\"  data-colwidths=\"[162,162,162,162,162,162,162]\"  data-colwidths_desktop=[]  data-colwidths_tablet=[]  data-colwidths_mobile=[]  class=\"wptm_main_table  disablePager hideScrollHeader\"><colgroup><col data-dtr=\"0\" data-dtc=\"0\" class=\"dtc0\"><col data-dtr=\"0\" data-dtc=\"1\" class=\"dtc1\"><col data-dtr=\"0\" data-dtc=\"2\" class=\"dtc2\"><col data-dtr=\"0\" data-dtc=\"3\" class=\"dtc3\"><col data-dtr=\"0\" data-dtc=\"4\" class=\"dtc4\"><col data-dtr=\"0\" data-dtc=\"5\" class=\"dtc5\"><col data-dtr=\"0\" data-dtc=\"6\" class=\"dtc6\"><\/colgroup><thead><tr class=\"wptm-header-cells-index\"><th rowspan=\"1\" colspan=\"1\" data-dtr=\"0\" data-dtc=\"0\" class=\"dtr0 dtc0\"><\/th><th rowspan=\"1\" colspan=\"1\" data-dtr=\"0\" data-dtc=\"1\" class=\"dtr0 dtc1\"><\/th><th rowspan=\"1\" colspan=\"1\" data-dtr=\"0\" data-dtc=\"2\" class=\"dtr0 dtc2\"><\/th><th rowspan=\"1\" colspan=\"1\" data-dtr=\"0\" data-dtc=\"3\" class=\"dtr0 dtc3\"><\/th><th rowspan=\"1\" colspan=\"1\" data-dtr=\"0\" data-dtc=\"4\" class=\"dtr0 dtc4\"><\/th><th rowspan=\"1\" colspan=\"1\" data-dtr=\"0\" data-dtc=\"5\" class=\"dtr0 dtc5\"><\/th><th rowspan=\"1\" colspan=\"1\" data-dtr=\"0\" data-dtc=\"6\" class=\"dtr0 dtc6\"><\/th><\/tr><tr class=\" row0\"><th   data-priority=\"0\" class=\"dtr0 dtc0\"><\/th><th   data-priority=\"0\" class=\"dtr0 dtc1\">NEO 1700<\/th><th   data-priority=\"0\" class=\"dtr0 dtc2\">NEO 1500<\/th><th   data-priority=\"0\" class=\"dtr0 dtc3\">NEO 1200<\/th><th   data-priority=\"0\" class=\"dtr0 dtc4\">NEO 1000<\/th><th   data-priority=\"0\" class=\"dtr0 dtc5\">NEO 800<\/th><th   data-priority=\"0\" class=\"dtr0 dtc6\">NEO 500<\/th><\/thead><tbody><tr class=\" row1\"><td    class=\"dtr1 dtc0\">Application Area<\/td><td    class=\"dtr1 dtc1\">High Sea<\/td><td    class=\"dtr1 dtc2\">Offshore<\/td><td    class=\"dtr1 dtc3\">Offshore<\/td><td    class=\"dtr1 dtc4\">Harbour, Coastal<\/td><td    class=\"dtr1 dtc5\">Harbour, Coastal<\/td><td    class=\"dtr1 dtc6\">River<\/td><\/tr><tr class=\" row2\"><td    class=\"dtr2 dtc0\">Overall Height<\/td><td    class=\"dtr2 dtc1\">1700 mm<\/td><td    class=\"dtr2 dtc2\">1500 mm<\/td><td    class=\"dtr2 dtc3\">1200 mm<\/td><td    class=\"dtr2 dtc4\">1000 mm<\/td><td    class=\"dtr2 dtc5\">800 mm<\/td><td    class=\"dtr2 dtc6\">600 mm<\/td><\/tr><tr class=\" row3\"><td    class=\"dtr3 dtc0\">Freeboard<\/td><td    class=\"dtr3 dtc1\">600 mm<\/td><td    class=\"dtr3 dtc2\">500 mm<\/td><td    class=\"dtr3 dtc3\">400 mm<\/td><td    class=\"dtr3 dtc4\">300 mm<\/td><td    class=\"dtr3 dtc5\">300 mm<\/td><td    class=\"dtr3 dtc6\">250 mm<\/td><\/tr><tr class=\" row4\"><td    class=\"dtr4 dtc0\">Draft<\/td><td    class=\"dtr4 dtc1\">1100 mm<\/td><td    class=\"dtr4 dtc2\">1000 mm<\/td><td    class=\"dtr4 dtc3\">800 mm<\/td><td    class=\"dtr4 dtc4\">700 mm<\/td><td    class=\"dtr4 dtc5\">500 mm<\/td><td    class=\"dtr4 dtc6\">350 mm<\/td><\/tr><tr class=\" row5\"><td    class=\"dtr5 dtc0\">Fabric Material<\/td><td  colspan=\"6\"   class=\"dtr5 dtc1\">Neoprene (Standard) | Hypalon (Optional)<\/td><td  style=\"display: none\"   class=\"dtr5 dtc2\"><\/td><td  style=\"display: none\"   class=\"dtr5 dtc3\"><\/td><td  style=\"display: none\"   class=\"dtr5 dtc4\"><\/td><td  style=\"display: none\"   class=\"dtr5 dtc5\"><\/td><td  style=\"display: none\"   class=\"dtr5 dtc6\"><\/td><\/tr><tr class=\" row6\"><td    class=\"dtr6 dtc0\">Fabric Weight<\/td><td    class=\"dtr6 dtc1\">3200 g\/m\u00b2<\/td><td    class=\"dtr6 dtc2\">3200 g\/m\u00b2<\/td><td    class=\"dtr6 dtc3\">3200 g\/m\u00b2<\/td><td    class=\"dtr6 dtc4\">3200 g\/m\u00b2<\/td><td    class=\"dtr6 dtc5\">3200 g\/m\u00b2<\/td><td    class=\"dtr6 dtc6\">3200 g\/m\u00b2<\/td><\/tr><tr class=\" row7\"><td    class=\"dtr7 dtc0\">Tensile Strenght<\/td><td    class=\"dtr7 dtc1\">12500 N\/5 cm<\/td><td    class=\"dtr7 dtc2\">12500 N\/5 cm<\/td><td    class=\"dtr7 dtc3\">12500 N\/5 cm<\/td><td    class=\"dtr7 dtc4\">12500 N\/5 cm<\/td><td    class=\"dtr7 dtc5\">12500 N\/5 cm<\/td><td    class=\"dtr7 dtc6\">12500 N\/5 cm<\/td><\/tr><tr class=\" row8\"><td    class=\"dtr8 dtc0\">Ballast<\/td><td  colspan=\"6\"   class=\"dtr8 dtc1\">Galvanized Chain<\/td><td  style=\"display: none\"   class=\"dtr8 dtc2\"><\/td><td  style=\"display: none\"   class=\"dtr8 dtc3\"><\/td><td  style=\"display: none\"   class=\"dtr8 dtc4\"><\/td><td  style=\"display: none\"   class=\"dtr8 dtc5\"><\/td><td  style=\"display: none\"   class=\"dtr8 dtc6\"><\/td><\/tr><tr class=\" row9\"><td    class=\"dtr9 dtc0\">Section Length<\/td><td    class=\"dtr9 dtc1\">25 m<\/td><td    class=\"dtr9 dtc2\">25 m<\/td><td    class=\"dtr9 dtc3\">25 m<\/td><td    class=\"dtr9 dtc4\">25 m<\/td><td    class=\"dtr9 dtc5\">25 m<\/td><td    class=\"dtr9 dtc6\">25 m<\/td><\/tr><tr class=\" row10\"><td    class=\"dtr10 dtc0\">Connector<\/td><td  colspan=\"6\"   class=\"dtr10 dtc1\">ASTM Z or ASTM Universal<\/td><td  style=\"display: none\"   class=\"dtr10 dtc2\"><\/td><td  style=\"display: none\"   class=\"dtr10 dtc3\"><\/td><td  style=\"display: none\"   class=\"dtr10 dtc4\"><\/td><td  style=\"display: none\"   class=\"dtr10 dtc5\"><\/td><td  style=\"display: none\"   class=\"dtr10 dtc6\"><\/td><\/tr><tr class=\" row11\"><td    class=\"dtr11 dtc0\">Optional<\/td><td  colspan=\"6\"   class=\"dtr11 dtc1\">Single Point Inflation<\/td><td  style=\"display: none\"   class=\"dtr11 dtc2\"><\/td><td  style=\"display: none\"   class=\"dtr11 dtc3\"><\/td><td  style=\"display: none\"   class=\"dtr11 dtc4\"><\/td><td  style=\"display: none\"   class=\"dtr11 dtc5\"><\/td><td  style=\"display: none\"   class=\"dtr11 dtc6\"><\/td><\/tr><\/tbody><tfoot><tr><td class=\"dtr11 dtc0\" style=\"height: 0;\"><\/td><td class=\"dtr11 dtc1\" style=\"height: 0;\"><\/td><td class=\"dtr11 dtc2\" style=\"height: 0;\"><\/td><td class=\"dtr11 dtc3\" style=\"height: 0;\"><\/td><td class=\"dtr11 dtc4\" style=\"height: 0;\"><\/td><td class=\"dtr11 dtc5\" style=\"height: 0;\"><\/td><td class=\"dtr11 dtc6\" style=\"height: 0;\"><\/td><\/tr><\/tfoot><\/table><\/div><style>#wptmtable46 .dataTables_wrapper > .dataTables_scroll {max-height:500px;overflow: auto;}<\/style><script>window.wptm_ajaxurl = 'https:\/\/mavideniz.com.tr\/wp-admin\/admin-ajax.php?juwpfisadmin=false&action=Wptm&'; window.wptm_front = 'https:\/\/mavideniz.com.tr\/wp-content\/plugins\/wp-table-manager\/app\/site\/assets\/'; window.wptm_style = 'https:\/\/mavideniz.com.tr\/wp-content\/uploads\/wptm\/';<\/script><\/div><style><\/style>\n<p><strong>Rampe d&rsquo;huile gonflable en caoutchouc \u00e0 point unique<\/strong><\/p>\n<div class=\"wptm_table tablesorter-bootstrap \" data-id=\"37\" data-hightlight=\"0\"><div class=\"wptm_buttons buttons_wptmTbl37\"><\/div><div class=\"wptmresponsive dataTables-wptmtable wptmtable \" id=\"wptmtable37\" data-tableid=\"wptmTbl37\"><table data-count-header=\"1\"  data-format-decimal_count=\"0\" data-format-decimal_symbol=\".\" data-format-symbol_position=\"0\" data-format-thousand_symbol=\",\"  data-format-currency_symbol=\"$\"  data-name-style=\"37_1759662818.css\" data-format=\"YYYY-MM-DD\" id=\"wptmTbl37\" data-id=\"37\" data-responsive=\"false\" data-hideCols=\"false\"  data-type=\"html\" data-paging=\"false\" data-searching=\"true\"  data-ordering=\"false\" data-table-breakpoint=\"980\" data-scroll-x=\"true\" data-scroll-collapse=\"true\" data-align=\"center\" data-range=\"[]\" data-hideColumn=\"[0,0,0,0,0,0,0]\"  data-colwidths=\"[162,162,162,162,162,162,162]\"  data-colwidths_desktop=[]  data-colwidths_tablet=[]  data-colwidths_mobile=[]  class=\"wptm_main_table  disablePager hideScrollHeader\"><colgroup><col data-dtr=\"0\" data-dtc=\"0\" class=\"dtc0\"><col data-dtr=\"0\" data-dtc=\"1\" class=\"dtc1\"><col data-dtr=\"0\" data-dtc=\"2\" class=\"dtc2\"><col data-dtr=\"0\" data-dtc=\"3\" class=\"dtc3\"><col data-dtr=\"0\" data-dtc=\"4\" class=\"dtc4\"><col data-dtr=\"0\" data-dtc=\"5\" class=\"dtc5\"><col data-dtr=\"0\" data-dtc=\"6\" class=\"dtc6\"><\/colgroup><thead><tr class=\"wptm-header-cells-index\"><th rowspan=\"1\" colspan=\"1\" data-dtr=\"0\" data-dtc=\"0\" class=\"dtr0 dtc0\"><\/th><th rowspan=\"1\" colspan=\"1\" data-dtr=\"0\" data-dtc=\"1\" class=\"dtr0 dtc1\"><\/th><th rowspan=\"1\" colspan=\"1\" data-dtr=\"0\" data-dtc=\"2\" class=\"dtr0 dtc2\"><\/th><th rowspan=\"1\" colspan=\"1\" data-dtr=\"0\" data-dtc=\"3\" class=\"dtr0 dtc3\"><\/th><th rowspan=\"1\" colspan=\"1\" data-dtr=\"0\" data-dtc=\"4\" class=\"dtr0 dtc4\"><\/th><th rowspan=\"1\" colspan=\"1\" data-dtr=\"0\" data-dtc=\"5\" class=\"dtr0 dtc5\"><\/th><th rowspan=\"1\" colspan=\"1\" data-dtr=\"0\" data-dtc=\"6\" class=\"dtr0 dtc6\"><\/th><\/tr><tr class=\" row0\"><th   data-priority=\"0\" class=\"dtr0 dtc0\"><\/th><th   data-priority=\"0\" class=\"dtr0 dtc1\">SPI 2000<\/th><th   data-priority=\"0\" class=\"dtr0 dtc2\">SPI 1500<\/th><th   data-priority=\"0\" class=\"dtr0 dtc3\">SPI 1200<\/th><th   data-priority=\"0\" class=\"dtr0 dtc4\">SPI 1000<\/th><th   data-priority=\"0\" class=\"dtr0 dtc5\">SPI 800<\/th><th   data-priority=\"0\" class=\"dtr0 dtc6\">SPI 500<\/th><\/thead><tbody><tr class=\" row1\"><td    class=\"dtr1 dtc0\">Application Area<\/td><td    class=\"dtr1 dtc1\">High Sea<\/td><td    class=\"dtr1 dtc2\">Offshore<\/td><td    class=\"dtr1 dtc3\">Offshore<\/td><td    class=\"dtr1 dtc4\">Offshore<\/td><td    class=\"dtr1 dtc5\">Harbour<\/td><td    class=\"dtr1 dtc6\">River<\/td><\/tr><tr class=\" row2\"><td    class=\"dtr2 dtc0\">Overall Height<\/td><td    class=\"dtr2 dtc1\">2000 mm<\/td><td    class=\"dtr2 dtc2\">1500 mm<\/td><td    class=\"dtr2 dtc3\">1200 mm<\/td><td    class=\"dtr2 dtc4\">1000 mm<\/td><td    class=\"dtr2 dtc5\">800 mm<\/td><td    class=\"dtr2 dtc6\">500 mm<\/td><\/tr><tr class=\" row3\"><td    class=\"dtr3 dtc0\">Freeboard<\/td><td    class=\"dtr3 dtc1\">560 mm<\/td><td    class=\"dtr3 dtc2\">445 mm<\/td><td    class=\"dtr3 dtc3\">440 mm<\/td><td    class=\"dtr3 dtc4\">300 mm<\/td><td    class=\"dtr3 dtc5\">250 mm<\/td><td    class=\"dtr3 dtc6\">200 mm<\/td><\/tr><tr class=\" row4\"><td    class=\"dtr4 dtc0\">Draft<\/td><td    class=\"dtr4 dtc1\">1160 mm<\/td><td    class=\"dtr4 dtc2\">848 mm<\/td><td    class=\"dtr4 dtc3\">800 mm<\/td><td    class=\"dtr4 dtc4\">700 mm<\/td><td    class=\"dtr4 dtc5\">550 mm<\/td><td    class=\"dtr4 dtc6\">300 mm<\/td><\/tr><tr class=\" row5\"><td    class=\"dtr5 dtc0\">Fabric Material<\/td><td  colspan=\"6\"   class=\"dtr5 dtc1\">Synthetic Rubber (Standard) | Neoprene (Optional) | Rubber (Optional)<\/td><td  style=\"display: none\"   class=\"dtr5 dtc2\"><\/td><td  style=\"display: none\"   class=\"dtr5 dtc3\"><\/td><td  style=\"display: none\"   class=\"dtr5 dtc4\"><\/td><td  style=\"display: none\"   class=\"dtr5 dtc5\"><\/td><td  style=\"display: none\"   class=\"dtr5 dtc6\"><\/td><\/tr><tr class=\" row6\"><td    class=\"dtr6 dtc0\">Tensile Strenght<\/td><td    class=\"dtr6 dtc1\">20000 N\/5 cm<\/td><td    class=\"dtr6 dtc2\">20000 N\/5 cm<\/td><td    class=\"dtr6 dtc3\">20000 N\/5 cm<\/td><td    class=\"dtr6 dtc4\">4000 N\/5 cm<\/td><td    class=\"dtr6 dtc5\">4000 N\/5 cm<\/td><td    class=\"dtr6 dtc6\">20000 N\/5 cm<\/td><\/tr><tr class=\" row7\"><td    class=\"dtr7 dtc0\">Ballast<\/td><td  colspan=\"6\"   class=\"dtr7 dtc1\">Galvanized Chain<\/td><td  style=\"display: none\"   class=\"dtr7 dtc2\"><\/td><td  style=\"display: none\"   class=\"dtr7 dtc3\"><\/td><td  style=\"display: none\"   class=\"dtr7 dtc4\"><\/td><td  style=\"display: none\"   class=\"dtr7 dtc5\"><\/td><td  style=\"display: none\"   class=\"dtr7 dtc6\"><\/td><\/tr><tr class=\" row8\"><td    class=\"dtr8 dtc0\">Section Length<\/td><td    class=\"dtr8 dtc1\">25 m<\/td><td    class=\"dtr8 dtc2\">25 m<\/td><td    class=\"dtr8 dtc3\">25 m<\/td><td    class=\"dtr8 dtc4\">25 m<\/td><td    class=\"dtr8 dtc5\">25 m<\/td><td    class=\"dtr8 dtc6\">25 m<\/td><\/tr><tr class=\" row9\"><td    class=\"dtr9 dtc0\">Connector<\/td><td  colspan=\"6\"   class=\"dtr9 dtc1\">ASTM Z or ASTM Universal<\/td><td  style=\"display: none\"   class=\"dtr9 dtc2\"><\/td><td  style=\"display: none\"   class=\"dtr9 dtc3\"><\/td><td  style=\"display: none\"   class=\"dtr9 dtc4\"><\/td><td  style=\"display: none\"   class=\"dtr9 dtc5\"><\/td><td  style=\"display: none\"   class=\"dtr9 dtc6\"><\/td><\/tr><\/tbody><tfoot><tr><td class=\"dtr9 dtc0\" style=\"height: 0;\"><\/td><td class=\"dtr9 dtc1\" style=\"height: 0;\"><\/td><td class=\"dtr9 dtc2\" style=\"height: 0;\"><\/td><td class=\"dtr9 dtc3\" style=\"height: 0;\"><\/td><td class=\"dtr9 dtc4\" style=\"height: 0;\"><\/td><td class=\"dtr9 dtc5\" style=\"height: 0;\"><\/td><td class=\"dtr9 dtc6\" style=\"height: 0;\"><\/td><\/tr><\/tfoot><\/table><\/div><style>#wptmtable37 .dataTables_wrapper > .dataTables_scroll {max-height:500px;overflow: auto;}<\/style><script>window.wptm_ajaxurl = 'https:\/\/mavideniz.com.tr\/wp-admin\/admin-ajax.php?juwpfisadmin=false&action=Wptm&'; window.wptm_front = 'https:\/\/mavideniz.com.tr\/wp-content\/plugins\/wp-table-manager\/app\/site\/assets\/'; window.wptm_style = 'https:\/\/mavideniz.com.tr\/wp-content\/uploads\/wptm\/';<\/script><\/div><style><\/style>\n","protected":false},"excerpt":{"rendered":"<p>La rampe d&rsquo;huile gonflable en caoutchouc de Mavi Deniz est con\u00e7ue pour les op\u00e9rations de d\u00e9versement d&rsquo;huile afin d&rsquo;utiliser diverses [&hellip;]<\/p>\n","protected":false},"author":1,"featured_media":0,"parent":39844,"menu_order":0,"comment_status":"closed","ping_status":"closed","template":"","meta":{"site-sidebar-layout":"default","site-content-layout":"","ast-site-content-layout":"default","site-content-style":"default","site-sidebar-style":"default","ast-global-header-display":"","ast-banner-title-visibility":"","ast-main-header-display":"","ast-hfb-above-header-display":"","ast-hfb-below-header-display":"","ast-hfb-mobile-header-display":"","site-post-title":"","ast-breadcrumbs-content":"","ast-featured-img":"","footer-sml-layout":"","ast-disable-related-posts":"","theme-transparent-header-meta":"","adv-header-id-meta":"","stick-header-meta":"","header-above-stick-meta":"","header-main-stick-meta":"","header-below-stick-meta":"","astra-migrate-meta-layouts":"default","ast-page-background-enabled":"default","ast-page-background-meta":{"desktop":{"background-color":"var(--ast-global-color-5)","background-image":"","background-repeat":"repeat","background-position":"center center","background-size":"auto","background-attachment":"scroll","background-type":"","background-media":"","overlay-type":"","overlay-color":"","overlay-opacity":"","overlay-gradient":""},"tablet":{"background-color":"","background-image":"","background-repeat":"repeat","background-position":"center center","background-size":"auto","background-attachment":"scroll","background-type":"","background-media":"","overlay-type":"","overlay-color":"","overlay-opacity":"","overlay-gradient":""},"mobile":{"background-color":"","background-image":"","background-repeat":"repeat","background-position":"center center","background-size":"auto","background-attachment":"scroll","background-type":"","background-media":"","overlay-type":"","overlay-color":"","overlay-opacity":"","overlay-gradient":""}},"ast-content-background-meta":{"desktop":{"background-color":"var(--ast-global-color-4)","background-image":"","background-repeat":"repeat","background-position":"center center","background-size":"auto","background-attachment":"scroll","background-type":"","background-media":"","overlay-type":"","overlay-color":"","overlay-opacity":"","overlay-gradient":""},"tablet":{"background-color":"var(--ast-global-color-4)","background-image":"","background-repeat":"repeat","background-position":"center center","background-size":"auto","background-attachment":"scroll","background-type":"","background-media":"","overlay-type":"","overlay-color":"","overlay-opacity":"","overlay-gradient":""},"mobile":{"background-color":"var(--ast-global-color-4)","background-image":"","background-repeat":"repeat","background-position":"center center","background-size":"auto","background-attachment":"scroll","background-type":"","background-media":"","overlay-type":"","overlay-color":"","overlay-opacity":"","overlay-gradient":""}},"footnotes":""},"class_list":["post-39872","page","type-page","status-publish","hentry"],"_links":{"self":[{"href":"https:\/\/mavideniz.com.tr\/fr\/wp-json\/wp\/v2\/pages\/39872","targetHints":{"allow":["GET"]}}],"collection":[{"href":"https:\/\/mavideniz.com.tr\/fr\/wp-json\/wp\/v2\/pages"}],"about":[{"href":"https:\/\/mavideniz.com.tr\/fr\/wp-json\/wp\/v2\/types\/page"}],"author":[{"embeddable":true,"href":"https:\/\/mavideniz.com.tr\/fr\/wp-json\/wp\/v2\/users\/1"}],"replies":[{"embeddable":true,"href":"https:\/\/mavideniz.com.tr\/fr\/wp-json\/wp\/v2\/comments?post=39872"}],"version-history":[{"count":0,"href":"https:\/\/mavideniz.com.tr\/fr\/wp-json\/wp\/v2\/pages\/39872\/revisions"}],"up":[{"embeddable":true,"href":"https:\/\/mavideniz.com.tr\/fr\/wp-json\/wp\/v2\/pages\/39844"}],"wp:attachment":[{"href":"https:\/\/mavideniz.com.tr\/fr\/wp-json\/wp\/v2\/media?parent=39872"}],"curies":[{"name":"wp","href":"https:\/\/api.w.org\/{rel}","templated":true}]}}