{"id":39876,"date":"2022-10-13T17:39:24","date_gmt":"2022-10-13T17:39:24","guid":{"rendered":"https:\/\/mavideniz.com.tr\/?page_id=39876"},"modified":"2022-10-13T17:39:28","modified_gmt":"2022-10-13T17:39:28","slug":"boom-dhuile-auto-gonflable","status":"publish","type":"page","link":"https:\/\/mavideniz.com.tr\/fr\/produits-industriels\/barrage-petrolier-barriere\/fleche-de-confinement-dhuile\/boom-dhuile-auto-gonflable\/","title":{"rendered":"Boom d&rsquo;huile auto-gonflable"},"content":{"rendered":"\n<p>Le boom p\u00e9trolier auto-gonflable de Mavi Deniz est un boom de d\u00e9ploiement rapide qui le rend adapt\u00e9 pour une utilisation dans diverses conditions, de l&rsquo;eau prot\u00e9g\u00e9e \u00e0 l&rsquo;oc\u00e9an mod\u00e9r\u00e9.<\/p>\n<p>Le boom p\u00e9trolier auto-gonflable est un boom de type rideau de d\u00e9ploiement d&rsquo;urgence \u00e0 r\u00e9ponse rapide et auto-gonflable. La chambre de flottation est cylindrique et conserve sa forme et sa stabilit\u00e9 en incorporant une s\u00e9rie de cerceaux semi-rigides et l\u00e9gers espac\u00e9s \u00e0 intervalles \u00e9gaux sur toute la longueur de la fl\u00e8che.<\/p>\n<p>La rampe d&rsquo;huile auto-gonflable est d\u00e9ploy\u00e9e \u00e0 partir de conteneurs ou d&rsquo;un pont de bateau. La fl\u00e8che auto-gonflable Flash sera utilis\u00e9e plus rapidement que toute autre fl\u00e8che gonflable dans le monde entier.<\/p>\n<p>Des clapets anti-retour robustes de gonflage unidirectionnel sont espac\u00e9s le long de la partie sup\u00e9rieure de la chambre de flottation. La tension pure pendant le d\u00e9ploiement provoque l&rsquo;expansion de la fl\u00e8che et l&rsquo;auto-gonflage automatique.<\/p>\n<p><strong>Caract\u00e9ristiques<\/strong><\/p>\n<ul>\n<li>Le boom p\u00e9trolier auto-gonflable est id\u00e9al pour les op\u00e9rations dans les ports, les ports, les eaux int\u00e9rieures et c\u00f4ti\u00e8res jusqu&rsquo;\u00e0 l&rsquo;oc\u00e9an mod\u00e9r\u00e9 pour une r\u00e9ponse d&rsquo;urgence.<\/li>\n<li>Le gonflage \u00e0 point unique est un d\u00e9ploiement facile et rapide. ( 300 m\u00e8tres peuvent \u00eatre d\u00e9ploy\u00e9s en moins de cinq minutes. )<\/li>\n<li>Disponible dans une large gamme de tissus enduits PVC et PU<\/li>\n<li>La technologie unique d&rsquo;auto-gonflage ne n\u00e9cessite pas l&rsquo;utilisation de pompes, de soufflantes ou de compresseurs.<\/li>\n<li>D\u00e9ploiement de la rampe, enti\u00e8rement automatique. Il suffit de tirer dans l&rsquo;eau pour le confinement imm\u00e9diat des d\u00e9versements.<\/li>\n<li>Pas de pi\u00e8ces mobiles \u00e0 casser. Pas de sources \u00e0 corroder.<\/li>\n<li>Les cloisons internes assurent que la rampe ne coule pas en cas de perforation.<\/li>\n<li>Connecteurs en aluminium de qualit\u00e9 marine de style ASTM r\u00e9sistant \u00e0 la corrosion<\/li>\n<li>Cha\u00eene de ballast en acier galvanis\u00e9 r\u00e9sistant<\/li>\n<li>Tailles personnalis\u00e9es disponibles<\/li>\n<\/ul>\n<div class=\"wptm_table tablesorter-bootstrap \" data-id=\"36\" data-hightlight=\"0\"><div class=\"wptm_buttons buttons_wptmTbl36\"><\/div><div class=\"wptmresponsive dataTables-wptmtable wptmtable \" id=\"wptmtable36\" data-tableid=\"wptmTbl36\"><table data-count-header=\"1\"  data-format-decimal_count=\"0\" data-format-decimal_symbol=\".\" data-format-symbol_position=\"0\" data-format-thousand_symbol=\",\"  data-format-currency_symbol=\"$\"  data-name-style=\"36_1759662764.css\" data-format=\"YYYY-MM-DD\" id=\"wptmTbl36\" data-id=\"36\" data-responsive=\"false\" data-hideCols=\"false\"  data-type=\"html\" data-paging=\"false\" data-searching=\"true\"  data-ordering=\"false\" data-table-breakpoint=\"980\" data-scroll-x=\"true\" data-scroll-collapse=\"true\" data-align=\"center\" data-range=\"[]\" data-hideColumn=\"[0,0,0,0,0,0,0]\"  data-colwidths=\"[162,162,162,162,162,162,162]\"  data-colwidths_desktop=[]  data-colwidths_tablet=[]  data-colwidths_mobile=[]  class=\"wptm_main_table  disablePager hideScrollHeader\"><colgroup><col data-dtr=\"0\" data-dtc=\"0\" class=\"dtc0\"><col data-dtr=\"0\" data-dtc=\"1\" class=\"dtc1\"><col data-dtr=\"0\" data-dtc=\"2\" class=\"dtc2\"><col data-dtr=\"0\" data-dtc=\"3\" class=\"dtc3\"><col data-dtr=\"0\" data-dtc=\"4\" class=\"dtc4\"><col data-dtr=\"0\" data-dtc=\"5\" class=\"dtc5\"><col data-dtr=\"0\" data-dtc=\"6\" class=\"dtc6\"><\/colgroup><thead><tr class=\"wptm-header-cells-index\"><th rowspan=\"1\" colspan=\"1\" data-dtr=\"0\" data-dtc=\"0\" class=\"dtr0 dtc0\"><\/th><th rowspan=\"1\" colspan=\"1\" data-dtr=\"0\" data-dtc=\"1\" class=\"dtr0 dtc1\"><\/th><th rowspan=\"1\" colspan=\"1\" data-dtr=\"0\" data-dtc=\"2\" class=\"dtr0 dtc2\"><\/th><th rowspan=\"1\" colspan=\"1\" data-dtr=\"0\" data-dtc=\"3\" class=\"dtr0 dtc3\"><\/th><th rowspan=\"1\" colspan=\"1\" data-dtr=\"0\" data-dtc=\"4\" class=\"dtr0 dtc4\"><\/th><th rowspan=\"1\" colspan=\"1\" data-dtr=\"0\" data-dtc=\"5\" class=\"dtr0 dtc5\"><\/th><th rowspan=\"1\" colspan=\"1\" data-dtr=\"0\" data-dtc=\"6\" class=\"dtr0 dtc6\"><\/th><\/tr><tr class=\" row0\"><th   data-priority=\"0\" class=\"dtr0 dtc0\"><\/th><th   data-priority=\"0\" class=\"dtr0 dtc1\">Self 1700<\/th><th   data-priority=\"0\" class=\"dtr0 dtc2\">Self 1100<\/th><th   data-priority=\"0\" class=\"dtr0 dtc3\">Self 1000<\/th><th   data-priority=\"0\" class=\"dtr0 dtc4\">Self 900<\/th><th   data-priority=\"0\" class=\"dtr0 dtc5\">Self 750<\/th><th   data-priority=\"0\" class=\"dtr0 dtc6\">Self 500<\/th><\/thead><tbody><tr class=\" row1\"><td    class=\"dtr1 dtc0\">Application Area<\/td><td    class=\"dtr1 dtc1\">Offshore<\/td><td    class=\"dtr1 dtc2\">Offshore<\/td><td    class=\"dtr1 dtc3\">Offshore<\/td><td    class=\"dtr1 dtc4\">Harbour<\/td><td    class=\"dtr1 dtc5\">Harbour<\/td><td    class=\"dtr1 dtc6\">River<\/td><\/tr><tr class=\" row2\"><td    class=\"dtr2 dtc0\">Overall Height<\/td><td    class=\"dtr2 dtc1\">1700 mm<\/td><td    class=\"dtr2 dtc2\">1100 mm<\/td><td    class=\"dtr2 dtc3\">1000 mm<\/td><td    class=\"dtr2 dtc4\">900 mm<\/td><td    class=\"dtr2 dtc5\">750 mm<\/td><td    class=\"dtr2 dtc6\">500 mm<\/td><\/tr><tr class=\" row3\"><td    class=\"dtr3 dtc0\">Freeboard<\/td><td    class=\"dtr3 dtc1\">650 mm<\/td><td    class=\"dtr3 dtc2\">450 mm<\/td><td    class=\"dtr3 dtc3\">350 mm<\/td><td    class=\"dtr3 dtc4\">300 mm<\/td><td    class=\"dtr3 dtc5\">250 mm<\/td><td    class=\"dtr3 dtc6\">150 mm<\/td><\/tr><tr class=\" row4\"><td    class=\"dtr4 dtc0\">Draft<\/td><td    class=\"dtr4 dtc1\">1050 mm<\/td><td    class=\"dtr4 dtc2\">650 mm<\/td><td    class=\"dtr4 dtc3\">650 mm<\/td><td    class=\"dtr4 dtc4\">600 mm<\/td><td    class=\"dtr4 dtc5\">500 mm<\/td><td    class=\"dtr4 dtc6\">350 mm<\/td><\/tr><tr class=\" row5\"><td    class=\"dtr5 dtc0\">Fabric Material<\/td><td  colspan=\"6\"   class=\"dtr5 dtc1\">1100 dtex, PVC (Standard) | PU (Optional)<\/td><td  style=\"display: none\"   class=\"dtr5 dtc2\"><\/td><td  style=\"display: none\"   class=\"dtr5 dtc3\"><\/td><td  style=\"display: none\"   class=\"dtr5 dtc4\"><\/td><td  style=\"display: none\"   class=\"dtr5 dtc5\"><\/td><td  style=\"display: none\"   class=\"dtr5 dtc6\"><\/td><\/tr><tr class=\" row6\"><td    class=\"dtr6 dtc0\">Fabric Weight<\/td><td    class=\"dtr6 dtc1\">900 g\/m\u00b2<\/td><td    class=\"dtr6 dtc2\">900 g\/m\u00b2<\/td><td    class=\"dtr6 dtc3\">900 g\/m\u00b2<\/td><td    class=\"dtr6 dtc4\">900 g\/m\u00b2<\/td><td    class=\"dtr6 dtc5\">900 g\/m\u00b2<\/td><td    class=\"dtr6 dtc6\">900 g\/m\u00b2<\/td><\/tr><tr class=\" row7\"><td    class=\"dtr7 dtc0\">Tensile Strenght<\/td><td    class=\"dtr7 dtc1\">4000 N\/5 cm<\/td><td    class=\"dtr7 dtc2\">4000 N\/5 cm<\/td><td    class=\"dtr7 dtc3\">4000 N\/5 cm<\/td><td    class=\"dtr7 dtc4\">4000 N\/5 cm<\/td><td    class=\"dtr7 dtc5\">4000 N\/5 cm<\/td><td    class=\"dtr7 dtc6\">4000 N\/5 cm<\/td><\/tr><tr class=\" row8\"><td    class=\"dtr8 dtc0\">Ballast<\/td><td  colspan=\"6\"   class=\"dtr8 dtc1\">Galvanized Chain<\/td><td  style=\"display: none\"   class=\"dtr8 dtc2\"><\/td><td  style=\"display: none\"   class=\"dtr8 dtc3\"><\/td><td  style=\"display: none\"   class=\"dtr8 dtc4\"><\/td><td  style=\"display: none\"   class=\"dtr8 dtc5\"><\/td><td  style=\"display: none\"   class=\"dtr8 dtc6\"><\/td><\/tr><tr class=\" row9\"><td    class=\"dtr9 dtc0\">Section Length<\/td><td    class=\"dtr9 dtc1\">25 m<\/td><td    class=\"dtr9 dtc2\">25 m<\/td><td    class=\"dtr9 dtc3\">25 m<\/td><td    class=\"dtr9 dtc4\">25 m<\/td><td    class=\"dtr9 dtc5\">25 m<\/td><td    class=\"dtr9 dtc6\">25 m<\/td><\/tr><tr class=\" row10\"><td    class=\"dtr10 dtc0\">Connector<\/td><td  colspan=\"6\"   class=\"dtr10 dtc1\">ASTM Z or ASTM Universal<\/td><td  style=\"display: none\"   class=\"dtr10 dtc2\"><\/td><td  style=\"display: none\"   class=\"dtr10 dtc3\"><\/td><td  style=\"display: none\"   class=\"dtr10 dtc4\"><\/td><td  style=\"display: none\"   class=\"dtr10 dtc5\"><\/td><td  style=\"display: none\"   class=\"dtr10 dtc6\"><\/td><\/tr><\/tbody><tfoot><tr><td class=\"dtr10 dtc0\" style=\"height: 0;\"><\/td><td class=\"dtr10 dtc1\" style=\"height: 0;\"><\/td><td class=\"dtr10 dtc2\" style=\"height: 0;\"><\/td><td class=\"dtr10 dtc3\" style=\"height: 0;\"><\/td><td class=\"dtr10 dtc4\" style=\"height: 0;\"><\/td><td class=\"dtr10 dtc5\" style=\"height: 0;\"><\/td><td class=\"dtr10 dtc6\" style=\"height: 0;\"><\/td><\/tr><\/tfoot><\/table><\/div><style>#wptmtable36 .dataTables_wrapper > .dataTables_scroll {max-height:500px;overflow: auto;}<\/style><script>window.wptm_ajaxurl = 'https:\/\/mavideniz.com.tr\/wp-admin\/admin-ajax.php?juwpfisadmin=false&action=Wptm&'; window.wptm_front = 'https:\/\/mavideniz.com.tr\/wp-content\/plugins\/wp-table-manager\/app\/site\/assets\/'; window.wptm_style = 'https:\/\/mavideniz.com.tr\/wp-content\/uploads\/wptm\/';<\/script><\/div><style><\/style>\n","protected":false},"excerpt":{"rendered":"<p>Le boom p\u00e9trolier auto-gonflable de Mavi Deniz est un boom de d\u00e9ploiement rapide qui le rend adapt\u00e9 pour une utilisation [&hellip;]<\/p>\n","protected":false},"author":1,"featured_media":0,"parent":39844,"menu_order":0,"comment_status":"closed","ping_status":"closed","template":"","meta":{"site-sidebar-layout":"default","site-content-layout":"","ast-site-content-layout":"default","site-content-style":"default","site-sidebar-style":"default","ast-global-header-display":"","ast-banner-title-visibility":"","ast-main-header-display":"","ast-hfb-above-header-display":"","ast-hfb-below-header-display":"","ast-hfb-mobile-header-display":"","site-post-title":"","ast-breadcrumbs-content":"","ast-featured-img":"","footer-sml-layout":"","ast-disable-related-posts":"","theme-transparent-header-meta":"","adv-header-id-meta":"","stick-header-meta":"","header-above-stick-meta":"","header-main-stick-meta":"","header-below-stick-meta":"","astra-migrate-meta-layouts":"default","ast-page-background-enabled":"default","ast-page-background-meta":{"desktop":{"background-color":"var(--ast-global-color-5)","background-image":"","background-repeat":"repeat","background-position":"center center","background-size":"auto","background-attachment":"scroll","background-type":"","background-media":"","overlay-type":"","overlay-color":"","overlay-opacity":"","overlay-gradient":""},"tablet":{"background-color":"","background-image":"","background-repeat":"repeat","background-position":"center center","background-size":"auto","background-attachment":"scroll","background-type":"","background-media":"","overlay-type":"","overlay-color":"","overlay-opacity":"","overlay-gradient":""},"mobile":{"background-color":"","background-image":"","background-repeat":"repeat","background-position":"center center","background-size":"auto","background-attachment":"scroll","background-type":"","background-media":"","overlay-type":"","overlay-color":"","overlay-opacity":"","overlay-gradient":""}},"ast-content-background-meta":{"desktop":{"background-color":"var(--ast-global-color-4)","background-image":"","background-repeat":"repeat","background-position":"center center","background-size":"auto","background-attachment":"scroll","background-type":"","background-media":"","overlay-type":"","overlay-color":"","overlay-opacity":"","overlay-gradient":""},"tablet":{"background-color":"var(--ast-global-color-4)","background-image":"","background-repeat":"repeat","background-position":"center center","background-size":"auto","background-attachment":"scroll","background-type":"","background-media":"","overlay-type":"","overlay-color":"","overlay-opacity":"","overlay-gradient":""},"mobile":{"background-color":"var(--ast-global-color-4)","background-image":"","background-repeat":"repeat","background-position":"center center","background-size":"auto","background-attachment":"scroll","background-type":"","background-media":"","overlay-type":"","overlay-color":"","overlay-opacity":"","overlay-gradient":""}},"footnotes":""},"class_list":["post-39876","page","type-page","status-publish","hentry"],"_links":{"self":[{"href":"https:\/\/mavideniz.com.tr\/fr\/wp-json\/wp\/v2\/pages\/39876","targetHints":{"allow":["GET"]}}],"collection":[{"href":"https:\/\/mavideniz.com.tr\/fr\/wp-json\/wp\/v2\/pages"}],"about":[{"href":"https:\/\/mavideniz.com.tr\/fr\/wp-json\/wp\/v2\/types\/page"}],"author":[{"embeddable":true,"href":"https:\/\/mavideniz.com.tr\/fr\/wp-json\/wp\/v2\/users\/1"}],"replies":[{"embeddable":true,"href":"https:\/\/mavideniz.com.tr\/fr\/wp-json\/wp\/v2\/comments?post=39876"}],"version-history":[{"count":0,"href":"https:\/\/mavideniz.com.tr\/fr\/wp-json\/wp\/v2\/pages\/39876\/revisions"}],"up":[{"embeddable":true,"href":"https:\/\/mavideniz.com.tr\/fr\/wp-json\/wp\/v2\/pages\/39844"}],"wp:attachment":[{"href":"https:\/\/mavideniz.com.tr\/fr\/wp-json\/wp\/v2\/media?parent=39876"}],"curies":[{"name":"wp","href":"https:\/\/api.w.org\/{rel}","templated":true}]}}