{"id":39881,"date":"2022-10-13T17:48:46","date_gmt":"2022-10-13T17:48:46","guid":{"rendered":"https:\/\/mavideniz.com.tr\/?page_id=39881"},"modified":"2022-10-13T17:48:50","modified_gmt":"2022-10-13T17:48:50","slug":"rideau-de-limon_rideau-de-turbidite","status":"publish","type":"page","link":"https:\/\/mavideniz.com.tr\/fr\/produits-industriels\/barrage-petrolier-barriere\/rideau-de-limon_rideau-de-turbidite\/","title":{"rendered":"Rideau de limon_Rideau de turbidit\u00e9"},"content":{"rendered":"\n<p>Le rideau de limon et le rideau de turbidit\u00e9 de MaviDeniz sont explicitement con\u00e7us pour contenir et contr\u00f4ler la dispersion de la turbidit\u00e9 et du limon et des s\u00e9diments dans l&rsquo;eau ou \u00e0 proximit\u00e9 des activit\u00e9s de construction marine et par des op\u00e9rations de dragage. Nos sp\u00e9cialistes en contr\u00f4le de la turbidit\u00e9 et des limons vous aideront \u00e0 vous conformer \u00e0 tous les r\u00e8glements et exigences qui pourraient s&rsquo;appliquer \u00e0 votre projet.<\/p>\n<p><strong>Types de projets<\/strong><\/p>\n<p>MAVI DENIZ Silt Curtain and Turbidity Curtain est la solution id\u00e9ale pour tout projet de construction, y compris :<\/p>\n<ul>\n<li>Dragage<\/li>\n<li>Construction de pont<\/li>\n<li>Enl\u00e8vement et restauration de barrages<\/li>\n<li>Projets de marina\/port (cloisons, jet\u00e9es, murs de sout\u00e8nement)<\/li>\n<li>Projets portuaires et terminaux (\u00e9pis, digues, brise-lames)<\/li>\n<li>D\u00e9barquements des ferries<\/li>\n<li>Croisements de pipelines<\/li>\n<li>Restauration et r\u00e9habilitation des c\u00f4tes et des rives<\/li>\n<li>Construction d&rsquo;admission<\/li>\n<\/ul>\n<p>Le rideau de silt et le rideau de turbidit\u00e9 de MaviDeniz offrent le plus petit volume de stockage de types de fl\u00e8che \u00e0 flotteur solide et peuvent \u00eatre stock\u00e9s sur des supports, des palettes et des conteneurs. Les syst\u00e8mes int\u00e8grent des bo\u00eetiers de stockage\/d\u00e9ploiement, des brides de remorquage, des syst\u00e8mes d&rsquo;ancrage et des kits de r\u00e9paration.<\/p>\n<p>Le rideau de silt et le rideau de turbidit\u00e9 sont fabriqu\u00e9s en sections standard de 25 m, reli\u00e9es par des boulons en U en acier galvanis\u00e9 ou ASTM. MAVI DENIZ<strong> Silt Curtain et Turbidity Curtain <\/strong>sont disponibles en trois tailles et mod\u00e8les diff\u00e9rents.<\/p>\n<p><strong>Crit\u00e8res de conception du rideau de silt et du rideau de turbidit\u00e9 ;<\/strong><\/p>\n<p><strong>TYPE I<\/strong> &#8211; Doit \u00eatre utilis\u00e9 dans les zones prot\u00e9g\u00e9es sans courant, et la zone est \u00e0 l&rsquo;abri du vent et des vagues.<\/p>\n<p><strong>TYPE II<\/strong> &#8211; Doit \u00eatre utilis\u00e9 dans les zones o\u00f9 le courant est lent \u00e0 mod\u00e9r\u00e9 ( jusqu&rsquo;\u00e0 2 noeuds ou 3,5 pieds par seconde ) ou o\u00f9 le vent et les vagues affectent le rideau.<\/p>\n<p><strong>TYPE III<\/strong> &#8211; Doit \u00eatre utilis\u00e9 dans les zones o\u00f9 un courant important (jusqu&rsquo;\u00e0 3 noeuds ou 5 pieds par seconde) peut \u00eatre pr\u00e9sent, o\u00f9 l&rsquo;action de la mar\u00e9e peut \u00eatre pr\u00e9sente, ou o\u00f9 le rideau est potentiellement soumis \u00e0 l&rsquo;action du vent et des vagues.<\/p>\n<p><strong>Notre rideau de limon et de s\u00e9diments est utilis\u00e9 pour<\/strong><\/p>\n<ul>\n<li>Contr\u00f4le des s\u00e9diments sur les chantiers de construction aquatiques (ou adjacents)<\/li>\n<li>Contr\u00f4le des s\u00e9diments provenant des op\u00e9rations de dragage et des d\u00e9p\u00f4ts de dragage<\/li>\n<li>Barrages de r\u00e9sidus miniers pour r\u00e9duire le nombre de solides en suspension aux d\u00e9canteurs<\/li>\n<li>Pr\u00e9filtration de l&rsquo;eau potable pour \u00e9liminer la liti\u00e8re de feuilles et les d\u00e9bris de feu ( cendres )<\/li>\n<li>Lutte contre les algues toxiques Lutte contre les plantes aquatiques<\/li>\n<li>Le criblage des gros solides dans les bassins de traitement des effluents<\/li>\n<li>Criblage de d\u00e9bordement de r\u00e9sidus miniers<\/li>\n<\/ul>\n<div class=\"wptm_table tablesorter-bootstrap \" data-id=\"47\" data-hightlight=\"0\"><div class=\"wptm_buttons buttons_wptmTbl47\"><\/div><div class=\"wptmresponsive dataTables-wptmtable wptmtable \" id=\"wptmtable47\" data-tableid=\"wptmTbl47\"><table data-count-header=\"1\"  data-format-decimal_count=\"0\" data-format-decimal_symbol=\".\" data-format-symbol_position=\"0\" data-format-thousand_symbol=\",\"  data-format-currency_symbol=\"$\"  data-name-style=\"47_1759660683.css\" data-format=\"YYYY-MM-DD\" id=\"wptmTbl47\" data-id=\"47\" data-responsive=\"false\" data-hideCols=\"false\"  data-type=\"html\" data-paging=\"false\" data-searching=\"true\"  data-ordering=\"false\" data-table-breakpoint=\"980\" data-scroll-x=\"true\" data-scroll-collapse=\"true\" data-align=\"center\" data-range=\"[]\" data-hideColumn=\"[0,0,0,0]\"  data-colwidths=\"[280,280,280,280]\"  data-colwidths_desktop=[]  data-colwidths_tablet=[]  data-colwidths_mobile=[]  class=\"wptm_main_table  disablePager hideScrollHeader\"><colgroup><col data-dtr=\"0\" data-dtc=\"0\" class=\"dtc0\"><col data-dtr=\"0\" data-dtc=\"1\" class=\"dtc1\"><col data-dtr=\"0\" data-dtc=\"2\" class=\"dtc2\"><col data-dtr=\"0\" data-dtc=\"3\" class=\"dtc3\"><\/colgroup><thead><tr class=\"wptm-header-cells-index\"><th rowspan=\"1\" colspan=\"1\" data-dtr=\"0\" data-dtc=\"0\" class=\"dtr0 dtc0\"><\/th><th rowspan=\"1\" colspan=\"1\" data-dtr=\"0\" data-dtc=\"1\" class=\"dtr0 dtc1\"><\/th><th rowspan=\"1\" colspan=\"1\" data-dtr=\"0\" data-dtc=\"2\" class=\"dtr0 dtc2\"><\/th><th rowspan=\"1\" colspan=\"1\" data-dtr=\"0\" data-dtc=\"3\" class=\"dtr0 dtc3\"><\/th><\/tr><tr class=\" row0\"><th   data-priority=\"0\" class=\"dtr0 dtc0\"><\/th><th   data-priority=\"0\" class=\"dtr0 dtc1\">Mavi Silt Curtain I<\/th><th   data-priority=\"0\" class=\"dtr0 dtc2\">Mavi Silt Curtain II<\/th><th   data-priority=\"0\" class=\"dtr0 dtc3\">Mavi Silt Curtain III<\/th><\/thead><tbody><tr class=\" row1\"><td    class=\"dtr1 dtc0\">Type<\/td><td    class=\"dtr1 dtc1\">Type 1 - Light Weight<\/td><td    class=\"dtr1 dtc2\">Type 2 - Medium Weight<\/td><td    class=\"dtr1 dtc3\">Type 3 -\u00a0Heavy Weight<\/td><\/tr><tr class=\" row2\"><td    class=\"dtr2 dtc0\">Operational Area<\/td><td    class=\"dtr2 dtc1\">Calm waters with little current, such as lakes, ponds, canals and shoreline areas<\/td><td    class=\"dtr2 dtc2\">Rivers, streams, open lakes and shorelines moderate current moving in one direction<\/td><td    class=\"dtr2 dtc3\">Open waters, exposed areas subject to current, wind and tides<\/td><\/tr><tr class=\" row3\"><td    class=\"dtr3 dtc0\">Flotation Material<\/td><td  colspan=\"3\"   class=\"dtr3 dtc1\">Solid (Standard) |  Air Inflatable (Optional) | HDPE Floats (Optional)<\/td><td  style=\"display: none\"   class=\"dtr3 dtc2\"><\/td><td  style=\"display: none\"   class=\"dtr3 dtc3\"><\/td><\/tr><tr class=\" row4\"><td    class=\"dtr4 dtc0\">Fabric Material<\/td><td  colspan=\"3\"   class=\"dtr4 dtc1\">PVC \/ Geotextile (Standard) | PVC (Optional) | PVC with mesh panel (Optional)<\/td><td  style=\"display: none\"   class=\"dtr4 dtc2\"><\/td><td  style=\"display: none\"   class=\"dtr4 dtc3\"><\/td><\/tr><tr class=\" row5\"><td    class=\"dtr5 dtc0\">Curtain Depth<\/td><td    class=\"dtr5 dtc1\">1 m \u2013 5 m<\/td><td    class=\"dtr5 dtc2\">1 m \u2013 10 m<\/td><td    class=\"dtr5 dtc3\">1 m \u2013 15 m<\/td><\/tr><tr class=\" row6\"><td    class=\"dtr6 dtc0\">Freeboard<\/td><td    class=\"dtr6 dtc1\">150 mm<\/td><td    class=\"dtr6 dtc2\">200 mm<\/td><td    class=\"dtr6 dtc3\">250 mm<\/td><\/tr><tr class=\" row7\"><td    class=\"dtr7 dtc0\">Ballast<\/td><td  colspan=\"3\"   class=\"dtr7 dtc1\">Galvanized Chain<\/td><td  style=\"display: none\"   class=\"dtr7 dtc2\"><\/td><td  style=\"display: none\"   class=\"dtr7 dtc3\"><\/td><\/tr><tr class=\" row8\"><td    class=\"dtr8 dtc0\">Section Length<\/td><td  colspan=\"3\"   class=\"dtr8 dtc1\">25 m<\/td><td  style=\"display: none\"   class=\"dtr8 dtc2\"><\/td><td  style=\"display: none\"   class=\"dtr8 dtc3\"><\/td><\/tr><tr class=\" row9\"><td    class=\"dtr9 dtc0\">Colour<\/td><td    class=\"dtr9 dtc1\">Yellow, Orange or Black<\/td><td    class=\"dtr9 dtc2\">Yellow, Orange or Black<\/td><td    class=\"dtr9 dtc3\">Yellow, Orange or Black<\/td><\/tr><tr class=\" row10\"><td    class=\"dtr10 dtc0\">Optional<\/td><td  colspan=\"3\"   class=\"dtr10 dtc1\">Anchor Set, Towing Kit, Repair Kit, Spare Part<\/td><td  style=\"display: none\"   class=\"dtr10 dtc2\"><\/td><td  style=\"display: none\"   class=\"dtr10 dtc3\"><\/td><\/tr><\/tbody><tfoot><tr><td class=\"dtr10 dtc0\" style=\"height: 0;\"><\/td><td class=\"dtr10 dtc1\" style=\"height: 0;\"><\/td><td class=\"dtr10 dtc2\" style=\"height: 0;\"><\/td><td class=\"dtr10 dtc3\" style=\"height: 0;\"><\/td><\/tr><\/tfoot><\/table><\/div><style>#wptmtable47 .dataTables_wrapper > .dataTables_scroll {max-height:500px;overflow: auto;}<\/style><script>window.wptm_ajaxurl = 'https:\/\/mavideniz.com.tr\/wp-admin\/admin-ajax.php?juwpfisadmin=false&action=Wptm&'; window.wptm_front = 'https:\/\/mavideniz.com.tr\/wp-content\/plugins\/wp-table-manager\/app\/site\/assets\/'; window.wptm_style = 'https:\/\/mavideniz.com.tr\/wp-content\/uploads\/wptm\/';<\/script><\/div><style><\/style>\n","protected":false},"excerpt":{"rendered":"<p>Le rideau de limon et le rideau de turbidit\u00e9 de MaviDeniz sont explicitement con\u00e7us pour contenir et contr\u00f4ler la dispersion [&hellip;]<\/p>\n","protected":false},"author":1,"featured_media":0,"parent":39666,"menu_order":0,"comment_status":"closed","ping_status":"closed","template":"","meta":{"site-sidebar-layout":"default","site-content-layout":"","ast-site-content-layout":"default","site-content-style":"default","site-sidebar-style":"default","ast-global-header-display":"","ast-banner-title-visibility":"","ast-main-header-display":"","ast-hfb-above-header-display":"","ast-hfb-below-header-display":"","ast-hfb-mobile-header-display":"","site-post-title":"","ast-breadcrumbs-content":"","ast-featured-img":"","footer-sml-layout":"","ast-disable-related-posts":"","theme-transparent-header-meta":"","adv-header-id-meta":"","stick-header-meta":"","header-above-stick-meta":"","header-main-stick-meta":"","header-below-stick-meta":"","astra-migrate-meta-layouts":"default","ast-page-background-enabled":"default","ast-page-background-meta":{"desktop":{"background-color":"var(--ast-global-color-5)","background-image":"","background-repeat":"repeat","background-position":"center center","background-size":"auto","background-attachment":"scroll","background-type":"","background-media":"","overlay-type":"","overlay-color":"","overlay-opacity":"","overlay-gradient":""},"tablet":{"background-color":"","background-image":"","background-repeat":"repeat","background-position":"center center","background-size":"auto","background-attachment":"scroll","background-type":"","background-media":"","overlay-type":"","overlay-color":"","overlay-opacity":"","overlay-gradient":""},"mobile":{"background-color":"","background-image":"","background-repeat":"repeat","background-position":"center center","background-size":"auto","background-attachment":"scroll","background-type":"","background-media":"","overlay-type":"","overlay-color":"","overlay-opacity":"","overlay-gradient":""}},"ast-content-background-meta":{"desktop":{"background-color":"var(--ast-global-color-4)","background-image":"","background-repeat":"repeat","background-position":"center center","background-size":"auto","background-attachment":"scroll","background-type":"","background-media":"","overlay-type":"","overlay-color":"","overlay-opacity":"","overlay-gradient":""},"tablet":{"background-color":"var(--ast-global-color-4)","background-image":"","background-repeat":"repeat","background-position":"center center","background-size":"auto","background-attachment":"scroll","background-type":"","background-media":"","overlay-type":"","overlay-color":"","overlay-opacity":"","overlay-gradient":""},"mobile":{"background-color":"var(--ast-global-color-4)","background-image":"","background-repeat":"repeat","background-position":"center center","background-size":"auto","background-attachment":"scroll","background-type":"","background-media":"","overlay-type":"","overlay-color":"","overlay-opacity":"","overlay-gradient":""}},"footnotes":""},"class_list":["post-39881","page","type-page","status-publish","hentry"],"_links":{"self":[{"href":"https:\/\/mavideniz.com.tr\/fr\/wp-json\/wp\/v2\/pages\/39881","targetHints":{"allow":["GET"]}}],"collection":[{"href":"https:\/\/mavideniz.com.tr\/fr\/wp-json\/wp\/v2\/pages"}],"about":[{"href":"https:\/\/mavideniz.com.tr\/fr\/wp-json\/wp\/v2\/types\/page"}],"author":[{"embeddable":true,"href":"https:\/\/mavideniz.com.tr\/fr\/wp-json\/wp\/v2\/users\/1"}],"replies":[{"embeddable":true,"href":"https:\/\/mavideniz.com.tr\/fr\/wp-json\/wp\/v2\/comments?post=39881"}],"version-history":[{"count":0,"href":"https:\/\/mavideniz.com.tr\/fr\/wp-json\/wp\/v2\/pages\/39881\/revisions"}],"up":[{"embeddable":true,"href":"https:\/\/mavideniz.com.tr\/fr\/wp-json\/wp\/v2\/pages\/39666"}],"wp:attachment":[{"href":"https:\/\/mavideniz.com.tr\/fr\/wp-json\/wp\/v2\/media?parent=39881"}],"curies":[{"name":"wp","href":"https:\/\/api.w.org\/{rel}","templated":true}]}}