{"id":39896,"date":"2022-10-13T18:05:45","date_gmt":"2022-10-13T18:05:45","guid":{"rendered":"https:\/\/mavideniz.com.tr\/?page_id=39896"},"modified":"2022-10-13T18:05:49","modified_gmt":"2022-10-13T18:05:49","slug":"barriere-de-dechets-modulaire-dam","status":"publish","type":"page","link":"https:\/\/mavideniz.com.tr\/fr\/produits-industriels\/barrage-petrolier-barriere\/rampe-de-dechets-rampe-de-debris\/barriere-de-dechets-modulaire-dam\/","title":{"rendered":"Barri\u00e8re de d\u00e9chets modulaire Dam"},"content":{"rendered":"\n<p>La barri\u00e8re flottante de barrage est un syst\u00e8me de plate-forme flottante modulaire avec des garde-corps de s\u00e9curit\u00e9 et un syst\u00e8me de grill. La barri\u00e8re flottante de barrage est con\u00e7ue pour les unit\u00e9s d&rsquo;\u00e9nergie hydro\u00e9lectrique et les barrages. Une barri\u00e8re flottante peut \u00eatre utilis\u00e9e en quatre saisons.<\/p>\n<p>La barri\u00e8re flottante a des connecteurs uniques qui peuvent facilement \u00eatre assembl\u00e9s partout avec des m\u00e9thodes de fixation sp\u00e9ciales, et aussi, le niveau d&rsquo;eau ne sera pas un probl\u00e8me. Barrage flottant de barrage a un syst\u00e8me de grill unique qui tient les ordures, et aussi syst\u00e8me de grill de barri\u00e8re flottante peut facilement nettoyer et avoir un long temps.<\/p>\n<div class=\"wptm_table tablesorter-bootstrap \" data-id=\"38\" data-hightlight=\"0\"><div class=\"wptm_buttons buttons_wptmTbl38\"><\/div><div class=\"wptmresponsive dataTables-wptmtable wptmtable \" id=\"wptmtable38\" data-tableid=\"wptmTbl38\"><table data-count-header=\"1\"  data-format-decimal_count=\"0\" data-format-decimal_symbol=\".\" data-format-symbol_position=\"0\" data-format-thousand_symbol=\",\"  data-format-currency_symbol=\"$\"  data-name-style=\"38_1759661729.css\" data-format=\"YYYY-MM-DD\" id=\"wptmTbl38\" data-id=\"38\" data-responsive=\"false\" data-hideCols=\"false\"  data-type=\"html\" data-paging=\"false\" data-searching=\"true\"  data-ordering=\"false\" data-table-breakpoint=\"980\" data-scroll-x=\"true\" data-scroll-collapse=\"true\" data-align=\"center\" data-range=\"[]\" data-hideColumn=\"[0,0,0]\"  data-colwidths=\"[380,380,380]\"  data-colwidths_desktop=[]  data-colwidths_tablet=[]  data-colwidths_mobile=[]  class=\"wptm_main_table  disablePager hideScrollHeader\"><colgroup><col data-dtr=\"0\" data-dtc=\"0\" class=\"dtc0\"><col data-dtr=\"0\" data-dtc=\"1\" class=\"dtc1\"><col data-dtr=\"0\" data-dtc=\"2\" class=\"dtc2\"><\/colgroup><thead><tr class=\"wptm-header-cells-index\"><th rowspan=\"1\" colspan=\"1\" data-dtr=\"0\" data-dtc=\"0\" class=\"dtr0 dtc0\"><\/th><th rowspan=\"1\" colspan=\"1\" data-dtr=\"0\" data-dtc=\"1\" class=\"dtr0 dtc1\"><\/th><th rowspan=\"1\" colspan=\"1\" data-dtr=\"0\" data-dtc=\"2\" class=\"dtr0 dtc2\"><\/th><\/tr><tr class=\" row0\"><th   data-priority=\"0\" class=\"dtr0 dtc0\"><\/th><th   data-priority=\"0\" class=\"dtr0 dtc1\">Dam Modular Trash Barrier 1<\/th><th   data-priority=\"0\" class=\"dtr0 dtc2\">Dam Modular Trash Barrier 2<\/th><\/thead><tbody><tr class=\" row1\"><td    class=\"dtr1 dtc0\"> Overall height<\/td><td    class=\"dtr1 dtc1\">0,5 m<\/td><td    class=\"dtr1 dtc2\">1 m<\/td><\/tr><tr class=\" row2\"><td    class=\"dtr2 dtc0\">Freeboard<\/td><td    class=\"dtr2 dtc1\">0,2 m<\/td><td    class=\"dtr2 dtc2\">0,2 m<\/td><\/tr><tr class=\" row3\"><td    class=\"dtr3 dtc0\">Draft<\/td><td    class=\"dtr3 dtc1\">0,2 m<\/td><td    class=\"dtr3 dtc2\">0,2 m<\/td><\/tr><tr class=\" row4\"><td    class=\"dtr4 dtc0\">Tensile Strength<\/td><td    class=\"dtr4 dtc1\">1900 kg<\/td><td    class=\"dtr4 dtc2\">1900 kg<\/td><\/tr><tr class=\" row5\"><td    class=\"dtr5 dtc0\">Debris Screen Height<\/td><td    class=\"dtr5 dtc1\">0,5 m<\/td><td    class=\"dtr5 dtc2\">1 m<\/td><\/tr><tr class=\" row6\"><td    class=\"dtr6 dtc0\">Debris Screen Material<\/td><td    class=\"dtr6 dtc1\">Galvanized Mesh<\/td><td    class=\"dtr6 dtc2\">Galvanized Mesh<\/td><\/tr><tr class=\" row7\"><td    class=\"dtr7 dtc0\">Flotation Material<\/td><td    class=\"dtr7 dtc1\">HDPE<\/td><td    class=\"dtr7 dtc2\">HDPE<\/td><\/tr><tr class=\" row8\"><td    class=\"dtr8 dtc0\">Flotation Size<\/td><td    class=\"dtr8 dtc1\">50 cm x 50 cm x 40 cm<\/td><td    class=\"dtr8 dtc2\">50 cm x 50 cm x 40 cm<\/td><\/tr><tr class=\" row9\"><td    class=\"dtr9 dtc0\">Flotation Wide<\/td><td    class=\"dtr9 dtc1\">1.5 m (Standard) \/ 2 m (Optional)<\/td><td    class=\"dtr9 dtc2\">1.5 m (Standard) \/ 2 m (Optional)<\/td><\/tr><tr class=\" row10\"><td    class=\"dtr10 dtc0\">Flotation Color<\/td><td    class=\"dtr10 dtc1\">Blue, \/ Orange \/ Grey \/ Beige<\/td><td    class=\"dtr10 dtc2\">Blue, \/ Orange \/ Grey \/ Beige<\/td><\/tr><tr class=\" row11\"><td    class=\"dtr11 dtc0\">Connector<\/td><td    class=\"dtr11 dtc1\">Pin<\/td><td    class=\"dtr11 dtc2\">Pin<\/td><\/tr><\/tbody><tfoot><tr><td class=\"dtr11 dtc0\" style=\"height: 0;\"><\/td><td class=\"dtr11 dtc1\" style=\"height: 0;\"><\/td><td class=\"dtr11 dtc2\" style=\"height: 0;\"><\/td><\/tr><\/tfoot><\/table><\/div><style>#wptmtable38 .dataTables_wrapper > .dataTables_scroll {max-height:500px;overflow: auto;}<\/style><script>window.wptm_ajaxurl = 'https:\/\/mavideniz.com.tr\/wp-admin\/admin-ajax.php?juwpfisadmin=false&action=Wptm&'; window.wptm_front = 'https:\/\/mavideniz.com.tr\/wp-content\/plugins\/wp-table-manager\/app\/site\/assets\/'; window.wptm_style = 'https:\/\/mavideniz.com.tr\/wp-content\/uploads\/wptm\/';<\/script><\/div><style><\/style>\n","protected":false},"excerpt":{"rendered":"<p>La barri\u00e8re flottante de barrage est un syst\u00e8me de plate-forme flottante modulaire avec des garde-corps de s\u00e9curit\u00e9 et un syst\u00e8me [&hellip;]<\/p>\n","protected":false},"author":1,"featured_media":0,"parent":39891,"menu_order":0,"comment_status":"closed","ping_status":"closed","template":"","meta":{"site-sidebar-layout":"default","site-content-layout":"","ast-site-content-layout":"default","site-content-style":"default","site-sidebar-style":"default","ast-global-header-display":"","ast-banner-title-visibility":"","ast-main-header-display":"","ast-hfb-above-header-display":"","ast-hfb-below-header-display":"","ast-hfb-mobile-header-display":"","site-post-title":"","ast-breadcrumbs-content":"","ast-featured-img":"","footer-sml-layout":"","ast-disable-related-posts":"","theme-transparent-header-meta":"","adv-header-id-meta":"","stick-header-meta":"","header-above-stick-meta":"","header-main-stick-meta":"","header-below-stick-meta":"","astra-migrate-meta-layouts":"default","ast-page-background-enabled":"default","ast-page-background-meta":{"desktop":{"background-color":"var(--ast-global-color-5)","background-image":"","background-repeat":"repeat","background-position":"center center","background-size":"auto","background-attachment":"scroll","background-type":"","background-media":"","overlay-type":"","overlay-color":"","overlay-opacity":"","overlay-gradient":""},"tablet":{"background-color":"","background-image":"","background-repeat":"repeat","background-position":"center center","background-size":"auto","background-attachment":"scroll","background-type":"","background-media":"","overlay-type":"","overlay-color":"","overlay-opacity":"","overlay-gradient":""},"mobile":{"background-color":"","background-image":"","background-repeat":"repeat","background-position":"center center","background-size":"auto","background-attachment":"scroll","background-type":"","background-media":"","overlay-type":"","overlay-color":"","overlay-opacity":"","overlay-gradient":""}},"ast-content-background-meta":{"desktop":{"background-color":"var(--ast-global-color-4)","background-image":"","background-repeat":"repeat","background-position":"center center","background-size":"auto","background-attachment":"scroll","background-type":"","background-media":"","overlay-type":"","overlay-color":"","overlay-opacity":"","overlay-gradient":""},"tablet":{"background-color":"var(--ast-global-color-4)","background-image":"","background-repeat":"repeat","background-position":"center center","background-size":"auto","background-attachment":"scroll","background-type":"","background-media":"","overlay-type":"","overlay-color":"","overlay-opacity":"","overlay-gradient":""},"mobile":{"background-color":"var(--ast-global-color-4)","background-image":"","background-repeat":"repeat","background-position":"center center","background-size":"auto","background-attachment":"scroll","background-type":"","background-media":"","overlay-type":"","overlay-color":"","overlay-opacity":"","overlay-gradient":""}},"footnotes":""},"class_list":["post-39896","page","type-page","status-publish","hentry"],"_links":{"self":[{"href":"https:\/\/mavideniz.com.tr\/fr\/wp-json\/wp\/v2\/pages\/39896","targetHints":{"allow":["GET"]}}],"collection":[{"href":"https:\/\/mavideniz.com.tr\/fr\/wp-json\/wp\/v2\/pages"}],"about":[{"href":"https:\/\/mavideniz.com.tr\/fr\/wp-json\/wp\/v2\/types\/page"}],"author":[{"embeddable":true,"href":"https:\/\/mavideniz.com.tr\/fr\/wp-json\/wp\/v2\/users\/1"}],"replies":[{"embeddable":true,"href":"https:\/\/mavideniz.com.tr\/fr\/wp-json\/wp\/v2\/comments?post=39896"}],"version-history":[{"count":0,"href":"https:\/\/mavideniz.com.tr\/fr\/wp-json\/wp\/v2\/pages\/39896\/revisions"}],"up":[{"embeddable":true,"href":"https:\/\/mavideniz.com.tr\/fr\/wp-json\/wp\/v2\/pages\/39891"}],"wp:attachment":[{"href":"https:\/\/mavideniz.com.tr\/fr\/wp-json\/wp\/v2\/media?parent=39896"}],"curies":[{"name":"wp","href":"https:\/\/api.w.org\/{rel}","templated":true}]}}