{"id":39900,"date":"2022-10-13T18:09:20","date_gmt":"2022-10-13T18:09:20","guid":{"rendered":"https:\/\/mavideniz.com.tr\/?page_id=39900"},"modified":"2022-10-13T18:09:24","modified_gmt":"2022-10-13T18:09:24","slug":"fleche-a-grumes-et-barriere-a-debris","status":"publish","type":"page","link":"https:\/\/mavideniz.com.tr\/fr\/produits-industriels\/barrage-petrolier-barriere\/rampe-de-dechets-rampe-de-debris\/fleche-a-grumes-et-barriere-a-debris\/","title":{"rendered":"Fl\u00e8che \u00e0 grumes et barri\u00e8re \u00e0 d\u00e9bris"},"content":{"rendered":"\n<p>Le syst\u00e8me de contr\u00f4le des d\u00e9bris Log Boom and Debris Barrier de Mavi Deniz est con\u00e7u pour contr\u00f4ler et r\u00e9cup\u00e9rer les d\u00e9chets flottants.<\/p>\n<p>La poutre en rondins et la barri\u00e8re contre les d\u00e9bris de Mavi Deniz sont id\u00e9ales pour les environnements marins, les centrales \u00e9lectriques, les rivi\u00e8res, les barrages, les d\u00e9chets flottants, les billes flottantes et autres engins flottants<\/p>\n<p>d\u00e9bris.<\/p>\n<p>La rampe de billes et la barri\u00e8re anti-d\u00e9bris sont faciles \u00e0 installer, \u00e0 entretenir et \u00e0 entretenir ; aucun \u00e9quipement sp\u00e9cial n&rsquo;est requis pour l&rsquo;entretien,<\/p>\n<p><strong>Caract\u00e9ristiques<\/strong><\/p>\n<ul>\n<li>Toutes les pi\u00e8ces de la barri\u00e8re sont conformes aux normes internationales ASTM-Z.<\/li>\n<li>La barri\u00e8re est tr\u00e8s durable \u00e0 l&rsquo;eau et \u00e0 la lumi\u00e8re du soleil.<\/li>\n<li>Les tailles, les composants et les longueurs de flotteur de la barri\u00e8re anti-d\u00e9bris peuvent \u00eatre arrang\u00e9s pour vos besoins.<\/li>\n<li>Les poids de plomb sont sous la barri\u00e8re.<\/li>\n<li>La barri\u00e8re peut se d\u00e9placer en raison de la mar\u00e9e haute et de la mar\u00e9e basse de l&rsquo;eau.<\/li>\n<li>Mat\u00e9riau barri\u00e8re construit \u00e0 partir de caoutchouc.<\/li>\n<li>La r\u00e9sistance \u00e0 la traction du mat\u00e9riau barri\u00e8re est de 400 kg\/cm et peut \u00e9galement \u00eatre arrang\u00e9 pour vos besoins.<\/li>\n<li>Filet \u00c0 Anneaux<\/li>\n<li>Les couleurs sont le jaune et le noir<\/li>\n<li>Pour les situations extr\u00eames, nous pouvons ajouter un fil d&rsquo;acier sp\u00e9cial \u00e0 haute r\u00e9sistance.<\/li>\n<\/ul>\n<div class=\"wptm_table tablesorter-bootstrap \" data-id=\"39\" data-hightlight=\"0\"><div class=\"wptm_buttons buttons_wptmTbl39\"><\/div><div class=\"wptmresponsive dataTables-wptmtable wptmtable \" id=\"wptmtable39\" data-tableid=\"wptmTbl39\"><table data-count-header=\"1\"  data-format-decimal_count=\"0\" data-format-decimal_symbol=\".\" data-format-symbol_position=\"0\" data-format-thousand_symbol=\",\"  data-format-currency_symbol=\"$\"  data-name-style=\"39_1759661808.css\" data-format=\"YYYY-MM-DD\" id=\"wptmTbl39\" data-id=\"39\" data-responsive=\"false\" data-hideCols=\"false\"  data-type=\"html\" data-paging=\"false\" data-searching=\"true\"  data-ordering=\"false\" data-table-breakpoint=\"980\" data-scroll-x=\"true\" data-scroll-collapse=\"true\" data-align=\"center\" data-range=\"[]\" data-hideColumn=\"[0,0,0,0,0]\"  data-colwidths=\"[228,228,228,228,228]\"  data-colwidths_desktop=[]  data-colwidths_tablet=[]  data-colwidths_mobile=[]  class=\"wptm_main_table  disablePager hideScrollHeader\"><colgroup><col data-dtr=\"0\" data-dtc=\"0\" class=\"dtc0\"><col data-dtr=\"0\" data-dtc=\"1\" class=\"dtc1\"><col data-dtr=\"0\" data-dtc=\"2\" class=\"dtc2\"><col data-dtr=\"0\" data-dtc=\"3\" class=\"dtc3\"><col data-dtr=\"0\" data-dtc=\"4\" class=\"dtc4\"><\/colgroup><thead><tr class=\"wptm-header-cells-index\"><th rowspan=\"1\" colspan=\"1\" data-dtr=\"0\" data-dtc=\"0\" class=\"dtr0 dtc0\"><\/th><th rowspan=\"1\" colspan=\"1\" data-dtr=\"0\" data-dtc=\"1\" class=\"dtr0 dtc1\"><\/th><th rowspan=\"1\" colspan=\"1\" data-dtr=\"0\" data-dtc=\"2\" class=\"dtr0 dtc2\"><\/th><th rowspan=\"1\" colspan=\"1\" data-dtr=\"0\" data-dtc=\"3\" class=\"dtr0 dtc3\"><\/th><th rowspan=\"1\" colspan=\"1\" data-dtr=\"0\" data-dtc=\"4\" class=\"dtr0 dtc4\"><\/th><\/tr><tr class=\" row0\"><th   data-priority=\"0\" class=\"dtr0 dtc0\"><\/th><th   data-priority=\"0\" class=\"dtr0 dtc1\">Log Barrier 300<\/th><th   data-priority=\"0\" class=\"dtr0 dtc2\">Log Barrier 400<\/th><th   data-priority=\"0\" class=\"dtr0 dtc3\">Log Barrier 500<\/th><th   data-priority=\"0\" class=\"dtr0 dtc4\">Log Barrier 600<\/th><\/thead><tbody><tr class=\" row1\"><td    class=\"dtr1 dtc0\"> Overall height<\/td><td    class=\"dtr1 dtc1\">300 mm<\/td><td    class=\"dtr1 dtc2\">400 mm<\/td><td    class=\"dtr1 dtc3\">500 mm<\/td><td    class=\"dtr1 dtc4\">600 mm<\/td><\/tr><tr class=\" row2\"><td    class=\"dtr2 dtc0\">Freeboard<\/td><td    class=\"dtr2 dtc1\">150 mm<\/td><td    class=\"dtr2 dtc2\">175 mm<\/td><td    class=\"dtr2 dtc3\">200 mm<\/td><td    class=\"dtr2 dtc4\">250 mm<\/td><\/tr><tr class=\" row3\"><td    class=\"dtr3 dtc0\">Draft<\/td><td    class=\"dtr3 dtc1\">150 mm<\/td><td    class=\"dtr3 dtc2\">225 mm<\/td><td    class=\"dtr3 dtc3\">300 mm<\/td><td    class=\"dtr3 dtc4\">350 mm<\/td><\/tr><tr class=\" row4\"><td    class=\"dtr4 dtc0\">Section Length<\/td><td    class=\"dtr4 dtc1\">3 m \/ 6 m \/ 10 m<\/td><td    class=\"dtr4 dtc2\">3 m \/ 6 m \/ 10 m<\/td><td    class=\"dtr4 dtc3\">3 m \/ 6 m \/ 10 m<\/td><td    class=\"dtr4 dtc4\">3 m \/ 6 m \/ 10 m<\/td><\/tr><tr class=\" row5\"><td    class=\"dtr5 dtc0\">Tensile Strength<\/td><td    class=\"dtr5 dtc1\">27000 kg<\/td><td    class=\"dtr5 dtc2\">27000 kg<\/td><td    class=\"dtr5 dtc3\">27000 kg<\/td><td    class=\"dtr5 dtc4\">27000 kg<\/td><\/tr><tr class=\" row6\"><td    class=\"dtr6 dtc0\">Flotation Material<\/td><td    class=\"dtr6 dtc1\">HDPE<\/td><td    class=\"dtr6 dtc2\">HDPE<\/td><td    class=\"dtr6 dtc3\">HDPE<\/td><td    class=\"dtr6 dtc4\">HDPE<\/td><\/tr><tr class=\" row7\"><td    class=\"dtr7 dtc0\">Flotation Color<\/td><td    class=\"dtr7 dtc1\">Yellow \/ Orange \/ Red<\/td><td    class=\"dtr7 dtc2\">Yellow \/ Orange \/ Red<\/td><td    class=\"dtr7 dtc3\">Yellow \/ Orange \/ Red<\/td><td    class=\"dtr7 dtc4\">Yellow \/ Orange \/ Red<\/td><\/tr><tr class=\" row8\"><td    class=\"dtr8 dtc0\">Connector<\/td><td    class=\"dtr8 dtc1\">Galvanized Steel Shackle<\/td><td    class=\"dtr8 dtc2\">Galvanized Steel Shackle<\/td><td    class=\"dtr8 dtc3\">Galvanized Steel Shackle<\/td><td    class=\"dtr8 dtc4\">Galvanized Steel Shackle<\/td><\/tr><tr class=\" row9\"><td    class=\"dtr9 dtc0\">Debris Screen Material (Optional)<\/td><td  colspan=\"4\"   class=\"dtr9 dtc1\">Galvanized Debris Screen or Fabric Net<\/td><td  style=\"display: none\"   class=\"dtr9 dtc2\"><\/td><td  style=\"display: none\"   class=\"dtr9 dtc3\"><\/td><td  style=\"display: none\"   class=\"dtr9 dtc4\"><\/td><\/tr><tr class=\" row10\"><td    class=\"dtr10 dtc0\">Debris Screen Height (Optional)<\/td><td    class=\"dtr10 dtc1\">0,5 m \/ 1 m<\/td><td    class=\"dtr10 dtc2\">0,5 m \/ 1 m<\/td><td    class=\"dtr10 dtc3\">0,5 m \/ 1 m<\/td><td    class=\"dtr10 dtc4\">0,5 m \/ 1 m<\/td><\/tr><\/tbody><tfoot><tr><td class=\"dtr10 dtc0\" style=\"height: 0;\"><\/td><td class=\"dtr10 dtc1\" style=\"height: 0;\"><\/td><td class=\"dtr10 dtc2\" style=\"height: 0;\"><\/td><td class=\"dtr10 dtc3\" style=\"height: 0;\"><\/td><td class=\"dtr10 dtc4\" style=\"height: 0;\"><\/td><\/tr><\/tfoot><\/table><\/div><style>#wptmtable39 .dataTables_wrapper > .dataTables_scroll {max-height:500px;overflow: auto;}<\/style><script>window.wptm_ajaxurl = 'https:\/\/mavideniz.com.tr\/wp-admin\/admin-ajax.php?juwpfisadmin=false&action=Wptm&'; window.wptm_front = 'https:\/\/mavideniz.com.tr\/wp-content\/plugins\/wp-table-manager\/app\/site\/assets\/'; window.wptm_style = 'https:\/\/mavideniz.com.tr\/wp-content\/uploads\/wptm\/';<\/script><\/div><style><\/style>\n","protected":false},"excerpt":{"rendered":"<p>Le syst\u00e8me de contr\u00f4le des d\u00e9bris Log Boom and Debris Barrier de Mavi Deniz est con\u00e7u pour contr\u00f4ler et r\u00e9cup\u00e9rer [&hellip;]<\/p>\n","protected":false},"author":1,"featured_media":0,"parent":39891,"menu_order":0,"comment_status":"closed","ping_status":"closed","template":"","meta":{"site-sidebar-layout":"default","site-content-layout":"","ast-site-content-layout":"default","site-content-style":"default","site-sidebar-style":"default","ast-global-header-display":"","ast-banner-title-visibility":"","ast-main-header-display":"","ast-hfb-above-header-display":"","ast-hfb-below-header-display":"","ast-hfb-mobile-header-display":"","site-post-title":"","ast-breadcrumbs-content":"","ast-featured-img":"","footer-sml-layout":"","ast-disable-related-posts":"","theme-transparent-header-meta":"","adv-header-id-meta":"","stick-header-meta":"","header-above-stick-meta":"","header-main-stick-meta":"","header-below-stick-meta":"","astra-migrate-meta-layouts":"default","ast-page-background-enabled":"default","ast-page-background-meta":{"desktop":{"background-color":"var(--ast-global-color-5)","background-image":"","background-repeat":"repeat","background-position":"center center","background-size":"auto","background-attachment":"scroll","background-type":"","background-media":"","overlay-type":"","overlay-color":"","overlay-opacity":"","overlay-gradient":""},"tablet":{"background-color":"","background-image":"","background-repeat":"repeat","background-position":"center center","background-size":"auto","background-attachment":"scroll","background-type":"","background-media":"","overlay-type":"","overlay-color":"","overlay-opacity":"","overlay-gradient":""},"mobile":{"background-color":"","background-image":"","background-repeat":"repeat","background-position":"center center","background-size":"auto","background-attachment":"scroll","background-type":"","background-media":"","overlay-type":"","overlay-color":"","overlay-opacity":"","overlay-gradient":""}},"ast-content-background-meta":{"desktop":{"background-color":"var(--ast-global-color-4)","background-image":"","background-repeat":"repeat","background-position":"center center","background-size":"auto","background-attachment":"scroll","background-type":"","background-media":"","overlay-type":"","overlay-color":"","overlay-opacity":"","overlay-gradient":""},"tablet":{"background-color":"var(--ast-global-color-4)","background-image":"","background-repeat":"repeat","background-position":"center center","background-size":"auto","background-attachment":"scroll","background-type":"","background-media":"","overlay-type":"","overlay-color":"","overlay-opacity":"","overlay-gradient":""},"mobile":{"background-color":"var(--ast-global-color-4)","background-image":"","background-repeat":"repeat","background-position":"center center","background-size":"auto","background-attachment":"scroll","background-type":"","background-media":"","overlay-type":"","overlay-color":"","overlay-opacity":"","overlay-gradient":""}},"footnotes":""},"class_list":["post-39900","page","type-page","status-publish","hentry"],"_links":{"self":[{"href":"https:\/\/mavideniz.com.tr\/fr\/wp-json\/wp\/v2\/pages\/39900","targetHints":{"allow":["GET"]}}],"collection":[{"href":"https:\/\/mavideniz.com.tr\/fr\/wp-json\/wp\/v2\/pages"}],"about":[{"href":"https:\/\/mavideniz.com.tr\/fr\/wp-json\/wp\/v2\/types\/page"}],"author":[{"embeddable":true,"href":"https:\/\/mavideniz.com.tr\/fr\/wp-json\/wp\/v2\/users\/1"}],"replies":[{"embeddable":true,"href":"https:\/\/mavideniz.com.tr\/fr\/wp-json\/wp\/v2\/comments?post=39900"}],"version-history":[{"count":0,"href":"https:\/\/mavideniz.com.tr\/fr\/wp-json\/wp\/v2\/pages\/39900\/revisions"}],"up":[{"embeddable":true,"href":"https:\/\/mavideniz.com.tr\/fr\/wp-json\/wp\/v2\/pages\/39891"}],"wp:attachment":[{"href":"https:\/\/mavideniz.com.tr\/fr\/wp-json\/wp\/v2\/media?parent=39900"}],"curies":[{"name":"wp","href":"https:\/\/api.w.org\/{rel}","templated":true}]}}